{"id":76716,"date":"2025-03-05T13:42:33","date_gmt":"2025-03-05T12:42:33","guid":{"rendered":"https:\/\/hockey.be\/e-learning\/"},"modified":"2025-11-12T11:33:05","modified_gmt":"2025-11-12T10:33:05","slug":"e-learning","status":"publish","type":"page","link":"https:\/\/hockey.be\/nl\/e-learning\/","title":{"rendered":"e-Learning Examen Th\u00e9orique"},"content":{"rendered":"\t\t<div data-elementor-type=\"wp-page\" data-elementor-id=\"76716\" class=\"elementor elementor-76716 elementor-76699\" data-elementor-post-type=\"page\">\n\t\t\t\t<div class=\"elementor-element elementor-element-3b92bba e-flex e-con-boxed e-con e-parent\" data-id=\"3b92bba\" data-element_type=\"container\" data-e-type=\"container\" data-settings=\"{&quot;jet_parallax_layout_list&quot;:[{&quot;jet_parallax_layout_image&quot;:{&quot;url&quot;:&quot;&quot;,&quot;id&quot;:&quot;&quot;,&quot;size&quot;:&quot;&quot;},&quot;_id&quot;:&quot;20a3005&quot;,&quot;jet_parallax_layout_image_tablet&quot;:{&quot;url&quot;:&quot;&quot;,&quot;id&quot;:&quot;&quot;,&quot;size&quot;:&quot;&quot;},&quot;jet_parallax_layout_image_mobile&quot;:{&quot;url&quot;:&quot;&quot;,&quot;id&quot;:&quot;&quot;,&quot;size&quot;:&quot;&quot;},&quot;jet_parallax_layout_image_widescreen&quot;:{&quot;url&quot;:&quot;&quot;,&quot;id&quot;:&quot;&quot;,&quot;size&quot;:&quot;&quot;},&quot;jet_parallax_layout_image_laptop&quot;:{&quot;url&quot;:&quot;&quot;,&quot;id&quot;:&quot;&quot;,&quot;size&quot;:&quot;&quot;},&quot;jet_parallax_layout_image_tablet_extra&quot;:{&quot;url&quot;:&quot;&quot;,&quot;id&quot;:&quot;&quot;,&quot;size&quot;:&quot;&quot;},&quot;jet_parallax_layout_image_mobile_extra&quot;:{&quot;url&quot;:&quot;&quot;,&quot;id&quot;:&quot;&quot;,&quot;size&quot;:&quot;&quot;},&quot;jet_parallax_layout_speed&quot;:{&quot;unit&quot;:&quot;%&quot;,&quot;size&quot;:50,&quot;sizes&quot;:[]},&quot;jet_parallax_layout_type&quot;:&quot;scroll&quot;,&quot;jet_parallax_layout_direction&quot;:&quot;1&quot;,&quot;jet_parallax_layout_fx_direction&quot;:null,&quot;jet_parallax_layout_z_index&quot;:&quot;&quot;,&quot;jet_parallax_layout_bg_x&quot;:50,&quot;jet_parallax_layout_bg_x_widescreen&quot;:&quot;&quot;,&quot;jet_parallax_layout_bg_x_laptop&quot;:&quot;&quot;,&quot;jet_parallax_layout_bg_x_tablet_extra&quot;:&quot;&quot;,&quot;jet_parallax_layout_bg_x_tablet&quot;:&quot;&quot;,&quot;jet_parallax_layout_bg_x_mobile_extra&quot;:&quot;&quot;,&quot;jet_parallax_layout_bg_x_mobile&quot;:&quot;&quot;,&quot;jet_parallax_layout_bg_y&quot;:50,&quot;jet_parallax_layout_bg_y_widescreen&quot;:&quot;&quot;,&quot;jet_parallax_layout_bg_y_laptop&quot;:&quot;&quot;,&quot;jet_parallax_layout_bg_y_tablet_extra&quot;:&quot;&quot;,&quot;jet_parallax_layout_bg_y_tablet&quot;:&quot;&quot;,&quot;jet_parallax_layout_bg_y_mobile_extra&quot;:&quot;&quot;,&quot;jet_parallax_layout_bg_y_mobile&quot;:&quot;&quot;,&quot;jet_parallax_layout_bg_size&quot;:&quot;auto&quot;,&quot;jet_parallax_layout_bg_size_widescreen&quot;:&quot;&quot;,&quot;jet_parallax_layout_bg_size_laptop&quot;:&quot;&quot;,&quot;jet_parallax_layout_bg_size_tablet_extra&quot;:&quot;&quot;,&quot;jet_parallax_layout_bg_size_tablet&quot;:&quot;&quot;,&quot;jet_parallax_layout_bg_size_mobile_extra&quot;:&quot;&quot;,&quot;jet_parallax_layout_bg_size_mobile&quot;:&quot;&quot;,&quot;jet_parallax_layout_animation_prop&quot;:&quot;transform&quot;,&quot;jet_parallax_layout_on&quot;:[&quot;desktop&quot;,&quot;tablet&quot;]}]}\">\n\t\t\t\t\t<div class=\"e-con-inner\">\n\t\t<div class=\"elementor-element elementor-element-f33127c e-con-full e-flex e-con e-child\" data-id=\"f33127c\" data-element_type=\"container\" data-e-type=\"container\" data-settings=\"{&quot;jet_parallax_layout_list&quot;:[]}\">\n\t\t\t\t<div class=\"elementor-element elementor-element-4bfac9a elementor-widget elementor-widget-heading\" data-id=\"4bfac9a\" data-element_type=\"widget\" data-e-type=\"widget\" data-widget_type=\"heading.default\">\n\t\t\t\t<div class=\"elementor-widget-container\">\n\t\t\t\t\t<h1 class=\"elementor-heading-title elementor-size-default\">e-Learning Examen Th\u00e9orique<\/h1>\t\t\t\t<\/div>\n\t\t\t\t<\/div>\n\t\t\t\t<div class=\"elementor-element elementor-element-651cc3b elementor-widget-divider--view-line elementor-widget elementor-widget-divider\" data-id=\"651cc3b\" data-element_type=\"widget\" data-e-type=\"widget\" data-widget_type=\"divider.default\">\n\t\t\t\t<div class=\"elementor-widget-container\">\n\t\t\t\t\t\t\t<div class=\"elementor-divider\">\n\t\t\t<span class=\"elementor-divider-separator\">\n\t\t\t\t\t\t<\/span>\n\t\t<\/div>\n\t\t\t\t\t\t<\/div>\n\t\t\t\t<\/div>\n\t\t\t\t<div class=\"elementor-element elementor-element-ba4aa92 elementor-widget elementor-widget-shortcode\" data-id=\"ba4aa92\" data-element_type=\"widget\" data-e-type=\"widget\" data-widget_type=\"shortcode.default\">\n\t\t\t\t<div class=\"elementor-widget-container\">\n\t\t\t\t\t\t\t<div class=\"elementor-shortcode\"><br \/>Er is een fout opgetreden: deze link is niet geldig.<\/div>\n\t\t\t\t\t\t<\/div>\n\t\t\t\t<\/div>\n\t\t\t\t<div class=\"elementor-element elementor-element-d782901 elementor-widget elementor-widget-text-editor\" data-id=\"d782901\" data-element_type=\"widget\" data-e-type=\"widget\" data-widget_type=\"text-editor.default\">\n\t\t\t\t<div class=\"elementor-widget-container\">\n\t\t\t\t\t\t\t\t\t<p>Bienvenu sur la plateforme e-Learning pour obtention de l\u2019examen th\u00e9orique Outdoor et\/ou Indoor. Pour r\u00e9soudre les probl\u00e8mes du pass\u00e9e on a mis sur pied un lien automatique pour l\u2019e-Learning. Ci-dessous vous trouvez votre matricule ou celui de votre enfant, ainsi que l\u2019email renseign\u00e9 dans Sportlink.<\/p><p>Il se peut qu\u2019un compte Drillster existe d\u00e9j\u00e0 pour l\u2019email ci-dessous. Si c\u2019est le cas, vous allez recevoir un message d\u2019erreur apr\u00e8s avoir cliqu\u00e9 sur \u00ab Envoyer \u00bb. Dans ce cas on vous demande d\u2019utiliser un autre email ou de cr\u00e9er un nouveau. Il ne faut PAS passer par Sportlink, mais vous remplissez directement ici l\u2019autre email.<\/p><p>D\u00e8s la r\u00e9ussite de l\u2019examen Outdoor et\/ou Indoor le matricule ci-dessous sera automatiquement mis \u00e0 jour avec le dipl\u00f4me correspondant !<\/p>\t\t\t\t\t\t\t\t<\/div>\n\t\t\t\t<\/div>\n\t\t\t\t<div class=\"elementor-element elementor-element-17a486f elementor-widget-divider--view-line elementor-widget elementor-widget-divider\" data-id=\"17a486f\" data-element_type=\"widget\" data-e-type=\"widget\" data-widget_type=\"divider.default\">\n\t\t\t\t<div class=\"elementor-widget-container\">\n\t\t\t\t\t\t\t<div class=\"elementor-divider\">\n\t\t\t<span class=\"elementor-divider-separator\">\n\t\t\t\t\t\t<\/span>\n\t\t<\/div>\n\t\t\t\t\t\t<\/div>\n\t\t\t\t<\/div>\n\t\t\t\t<\/div>\n\t\t\t\t\t<\/div>\n\t\t\t\t<\/div>\n\t\t\t\t<\/div>\n\t\t","protected":false},"excerpt":{"rendered":"<p>Bienvenu sur la plateforme e-Learning pour obtention de l\u2019examen th\u00e9orique Outdoor et\/ou Indoor. Pour r\u00e9soudre les probl\u00e8mes du pass\u00e9e on a mis sur pied un lien automatique pour l\u2019e-Learning. Ci-dessous [&hellip;]<\/p>\n","protected":false},"author":13,"featured_media":85079,"parent":0,"menu_order":0,"comment_status":"closed","ping_status":"closed","template":"","meta":{"_acf_changed":false,"footnotes":""},"categories":[],"tags":[],"class_list":["post-76716","page","type-page","status-publish","has-post-thumbnail","hentry"],"acf":[],"yoast_head":"<!-- This site is optimized with the Yoast SEO plugin v27.3 - https:\/\/yoast.com\/product\/yoast-seo-wordpress\/ -->\n<title>e-Learning Examen Th\u00e9orique - Hockey Belgium<\/title>\n<meta name=\"robots\" content=\"index, follow, max-snippet:-1, max-image-preview:large, max-video-preview:-1\" \/>\n<link rel=\"canonical\" href=\"https:\/\/hockey.be\/nl\/e-learning\/\" \/>\n<meta property=\"og:locale\" content=\"nl_NL\" \/>\n<meta property=\"og:type\" content=\"article\" \/>\n<meta property=\"og:title\" content=\"e-Learning Examen Th\u00e9orique - Hockey Belgium\" \/>\n<meta property=\"og:description\" content=\"Bienvenu sur la plateforme e-Learning pour obtention de l\u2019examen th\u00e9orique Outdoor et\/ou Indoor. Pour r\u00e9soudre les probl\u00e8mes du pass\u00e9e on a mis sur pied un lien automatique pour l\u2019e-Learning. Ci-dessous [&hellip;]\" \/>\n<meta property=\"og:url\" content=\"https:\/\/hockey.be\/nl\/e-learning\/\" \/>\n<meta property=\"og:site_name\" content=\"Hockey Belgium\" \/>\n<meta property=\"article:modified_time\" content=\"2025-11-12T10:33:05+00:00\" \/>\n<meta property=\"og:image\" content=\"https:\/\/hockey.be\/wp-content\/uploads\/2025\/08\/101-1200x333.png\" \/>\n\t<meta property=\"og:image:width\" content=\"1200\" \/>\n\t<meta property=\"og:image:height\" content=\"333\" \/>\n\t<meta property=\"og:image:type\" content=\"image\/png\" \/>\n<meta name=\"twitter:card\" content=\"summary_large_image\" \/>\n<meta name=\"twitter:label1\" content=\"Geschatte leestijd\" \/>\n\t<meta name=\"twitter:data1\" content=\"1 minuut\" \/>\n<script type=\"application\/ld+json\" class=\"yoast-schema-graph\">{\"@context\":\"https:\\\/\\\/schema.org\",\"@graph\":[{\"@type\":\"WebPage\",\"@id\":\"https:\\\/\\\/hockey.be\\\/nl\\\/e-learning\\\/\",\"url\":\"https:\\\/\\\/hockey.be\\\/nl\\\/e-learning\\\/\",\"name\":\"e-Learning Examen Th\u00e9orique - Hockey Belgium\",\"isPartOf\":{\"@id\":\"https:\\\/\\\/hockey.be\\\/nl\\\/#website\"},\"primaryImageOfPage\":{\"@id\":\"https:\\\/\\\/hockey.be\\\/nl\\\/e-learning\\\/#primaryimage\"},\"image\":{\"@id\":\"https:\\\/\\\/hockey.be\\\/nl\\\/e-learning\\\/#primaryimage\"},\"thumbnailUrl\":\"https:\\\/\\\/hockey.be\\\/wp-content\\\/uploads\\\/2025\\\/08\\\/101.png\",\"datePublished\":\"2025-03-05T12:42:33+00:00\",\"dateModified\":\"2025-11-12T10:33:05+00:00\",\"breadcrumb\":{\"@id\":\"https:\\\/\\\/hockey.be\\\/nl\\\/e-learning\\\/#breadcrumb\"},\"inLanguage\":\"nl-NL\",\"potentialAction\":[{\"@type\":\"ReadAction\",\"target\":[\"https:\\\/\\\/hockey.be\\\/nl\\\/e-learning\\\/\"]}]},{\"@type\":\"ImageObject\",\"inLanguage\":\"nl-NL\",\"@id\":\"https:\\\/\\\/hockey.be\\\/nl\\\/e-learning\\\/#primaryimage\",\"url\":\"https:\\\/\\\/hockey.be\\\/wp-content\\\/uploads\\\/2025\\\/08\\\/101.png\",\"contentUrl\":\"https:\\\/\\\/hockey.be\\\/wp-content\\\/uploads\\\/2025\\\/08\\\/101.png\",\"width\":2400,\"height\":665},{\"@type\":\"BreadcrumbList\",\"@id\":\"https:\\\/\\\/hockey.be\\\/nl\\\/e-learning\\\/#breadcrumb\",\"itemListElement\":[{\"@type\":\"ListItem\",\"position\":1,\"name\":\"Home\",\"item\":\"https:\\\/\\\/hockey.be\\\/nl\\\/hockey-belgium\\\/\"},{\"@type\":\"ListItem\",\"position\":2,\"name\":\"e-Learning Examen Th\u00e9orique\"}]},{\"@type\":\"WebSite\",\"@id\":\"https:\\\/\\\/hockey.be\\\/nl\\\/#website\",\"url\":\"https:\\\/\\\/hockey.be\\\/nl\\\/\",\"name\":\"Hockey Belgium\",\"description\":\"\",\"publisher\":{\"@id\":\"https:\\\/\\\/hockey.be\\\/nl\\\/#organization\"},\"potentialAction\":[{\"@type\":\"SearchAction\",\"target\":{\"@type\":\"EntryPoint\",\"urlTemplate\":\"https:\\\/\\\/hockey.be\\\/nl\\\/?s={search_term_string}\"},\"query-input\":{\"@type\":\"PropertyValueSpecification\",\"valueRequired\":true,\"valueName\":\"search_term_string\"}}],\"inLanguage\":\"nl-NL\"},{\"@type\":\"Organization\",\"@id\":\"https:\\\/\\\/hockey.be\\\/nl\\\/#organization\",\"name\":\"Hockey Belgium\",\"url\":\"https:\\\/\\\/hockey.be\\\/nl\\\/\",\"logo\":{\"@type\":\"ImageObject\",\"inLanguage\":\"nl-NL\",\"@id\":\"https:\\\/\\\/hockey.be\\\/nl\\\/#\\\/schema\\\/logo\\\/image\\\/\",\"url\":\"https:\\\/\\\/hockey.be\\\/wp-content\\\/uploads\\\/2025\\\/07\\\/logo-hockey-be.svg\",\"contentUrl\":\"https:\\\/\\\/hockey.be\\\/wp-content\\\/uploads\\\/2025\\\/07\\\/logo-hockey-be.svg\",\"width\":724.16,\"height\":241.49,\"caption\":\"Hockey Belgium\"},\"image\":{\"@id\":\"https:\\\/\\\/hockey.be\\\/nl\\\/#\\\/schema\\\/logo\\\/image\\\/\"}}]}<\/script>\n<!-- \/ Yoast SEO plugin. -->","yoast_head_json":{"title":"e-Learning Examen Th\u00e9orique - Hockey Belgium","robots":{"index":"index","follow":"follow","max-snippet":"max-snippet:-1","max-image-preview":"max-image-preview:large","max-video-preview":"max-video-preview:-1"},"canonical":"https:\/\/hockey.be\/nl\/e-learning\/","og_locale":"nl_NL","og_type":"article","og_title":"e-Learning Examen Th\u00e9orique - Hockey Belgium","og_description":"Bienvenu sur la plateforme e-Learning pour obtention de l\u2019examen th\u00e9orique Outdoor et\/ou Indoor. Pour r\u00e9soudre les probl\u00e8mes du pass\u00e9e on a mis sur pied un lien automatique pour l\u2019e-Learning. Ci-dessous [&hellip;]","og_url":"https:\/\/hockey.be\/nl\/e-learning\/","og_site_name":"Hockey Belgium","article_modified_time":"2025-11-12T10:33:05+00:00","og_image":[{"width":1200,"height":333,"url":"https:\/\/hockey.be\/wp-content\/uploads\/2025\/08\/101-1200x333.png","type":"image\/png"}],"twitter_card":"summary_large_image","twitter_misc":{"Geschatte leestijd":"1 minuut"},"schema":{"@context":"https:\/\/schema.org","@graph":[{"@type":"WebPage","@id":"https:\/\/hockey.be\/nl\/e-learning\/","url":"https:\/\/hockey.be\/nl\/e-learning\/","name":"e-Learning Examen Th\u00e9orique - Hockey Belgium","isPartOf":{"@id":"https:\/\/hockey.be\/nl\/#website"},"primaryImageOfPage":{"@id":"https:\/\/hockey.be\/nl\/e-learning\/#primaryimage"},"image":{"@id":"https:\/\/hockey.be\/nl\/e-learning\/#primaryimage"},"thumbnailUrl":"https:\/\/hockey.be\/wp-content\/uploads\/2025\/08\/101.png","datePublished":"2025-03-05T12:42:33+00:00","dateModified":"2025-11-12T10:33:05+00:00","breadcrumb":{"@id":"https:\/\/hockey.be\/nl\/e-learning\/#breadcrumb"},"inLanguage":"nl-NL","potentialAction":[{"@type":"ReadAction","target":["https:\/\/hockey.be\/nl\/e-learning\/"]}]},{"@type":"ImageObject","inLanguage":"nl-NL","@id":"https:\/\/hockey.be\/nl\/e-learning\/#primaryimage","url":"https:\/\/hockey.be\/wp-content\/uploads\/2025\/08\/101.png","contentUrl":"https:\/\/hockey.be\/wp-content\/uploads\/2025\/08\/101.png","width":2400,"height":665},{"@type":"BreadcrumbList","@id":"https:\/\/hockey.be\/nl\/e-learning\/#breadcrumb","itemListElement":[{"@type":"ListItem","position":1,"name":"Home","item":"https:\/\/hockey.be\/nl\/hockey-belgium\/"},{"@type":"ListItem","position":2,"name":"e-Learning Examen Th\u00e9orique"}]},{"@type":"WebSite","@id":"https:\/\/hockey.be\/nl\/#website","url":"https:\/\/hockey.be\/nl\/","name":"Hockey Belgium","description":"","publisher":{"@id":"https:\/\/hockey.be\/nl\/#organization"},"potentialAction":[{"@type":"SearchAction","target":{"@type":"EntryPoint","urlTemplate":"https:\/\/hockey.be\/nl\/?s={search_term_string}"},"query-input":{"@type":"PropertyValueSpecification","valueRequired":true,"valueName":"search_term_string"}}],"inLanguage":"nl-NL"},{"@type":"Organization","@id":"https:\/\/hockey.be\/nl\/#organization","name":"Hockey Belgium","url":"https:\/\/hockey.be\/nl\/","logo":{"@type":"ImageObject","inLanguage":"nl-NL","@id":"https:\/\/hockey.be\/nl\/#\/schema\/logo\/image\/","url":"https:\/\/hockey.be\/wp-content\/uploads\/2025\/07\/logo-hockey-be.svg","contentUrl":"https:\/\/hockey.be\/wp-content\/uploads\/2025\/07\/logo-hockey-be.svg","width":724.16,"height":241.49,"caption":"Hockey Belgium"},"image":{"@id":"https:\/\/hockey.be\/nl\/#\/schema\/logo\/image\/"}}]}},"_links":{"self":[{"href":"https:\/\/hockey.be\/nl\/wp-json\/wp\/v2\/pages\/76716","targetHints":{"allow":["GET"]}}],"collection":[{"href":"https:\/\/hockey.be\/nl\/wp-json\/wp\/v2\/pages"}],"about":[{"href":"https:\/\/hockey.be\/nl\/wp-json\/wp\/v2\/types\/page"}],"author":[{"embeddable":true,"href":"https:\/\/hockey.be\/nl\/wp-json\/wp\/v2\/users\/13"}],"replies":[{"embeddable":true,"href":"https:\/\/hockey.be\/nl\/wp-json\/wp\/v2\/comments?post=76716"}],"version-history":[{"count":16,"href":"https:\/\/hockey.be\/nl\/wp-json\/wp\/v2\/pages\/76716\/revisions"}],"predecessor-version":[{"id":85234,"href":"https:\/\/hockey.be\/nl\/wp-json\/wp\/v2\/pages\/76716\/revisions\/85234"}],"wp:featuredmedia":[{"embeddable":true,"href":"https:\/\/hockey.be\/nl\/wp-json\/wp\/v2\/media\/85079"}],"wp:attachment":[{"href":"https:\/\/hockey.be\/nl\/wp-json\/wp\/v2\/media?parent=76716"}],"wp:term":[{"taxonomy":"category","embeddable":true,"href":"https:\/\/hockey.be\/nl\/wp-json\/wp\/v2\/categories?post=76716"},{"taxonomy":"post_tag","embeddable":true,"href":"https:\/\/hockey.be\/nl\/wp-json\/wp\/v2\/tags?post=76716"}],"curies":[{"name":"wp","href":"https:\/\/api.w.org\/{rel}","templated":true}]}}