{"id":73910,"date":"2025-01-07T15:16:22","date_gmt":"2025-01-07T14:16:22","guid":{"rendered":"https:\/\/hockey.be\/?page_id=73910"},"modified":"2025-08-22T17:48:52","modified_gmt":"2025-08-22T15:48:52","slug":"vonnissen-traditionele-jurisdicties-en-bas","status":"publish","type":"page","link":"https:\/\/hockey.be\/nl\/rbha\/organisatie\/juridisch-comite\/vonnissen-traditionele-jurisdicties-en-bas\/","title":{"rendered":"Vonnissen: traditionele jurisdicties en BAS"},"content":{"rendered":"\t\t<div data-elementor-type=\"wp-post\" data-elementor-id=\"73910\" class=\"elementor elementor-73910 elementor-73909\" data-elementor-post-type=\"page\">\n\t\t\t\t<div class=\"elementor-element elementor-element-4a2a0db e-flex e-con-boxed e-con e-parent\" data-id=\"4a2a0db\" data-element_type=\"container\" data-e-type=\"container\" data-settings=\"{&quot;jet_parallax_layout_list&quot;:[{&quot;_id&quot;:&quot;20a3005&quot;,&quot;jet_parallax_layout_image&quot;:{&quot;url&quot;:&quot;&quot;,&quot;id&quot;:&quot;&quot;,&quot;size&quot;:&quot;&quot;},&quot;jet_parallax_layout_image_widescreen&quot;:{&quot;url&quot;:&quot;&quot;,&quot;id&quot;:&quot;&quot;,&quot;size&quot;:&quot;&quot;},&quot;jet_parallax_layout_image_laptop&quot;:{&quot;url&quot;:&quot;&quot;,&quot;id&quot;:&quot;&quot;,&quot;size&quot;:&quot;&quot;},&quot;jet_parallax_layout_image_tablet_extra&quot;:{&quot;url&quot;:&quot;&quot;,&quot;id&quot;:&quot;&quot;,&quot;size&quot;:&quot;&quot;},&quot;jet_parallax_layout_image_tablet&quot;:{&quot;url&quot;:&quot;&quot;,&quot;id&quot;:&quot;&quot;,&quot;size&quot;:&quot;&quot;},&quot;jet_parallax_layout_image_mobile_extra&quot;:{&quot;url&quot;:&quot;&quot;,&quot;id&quot;:&quot;&quot;,&quot;size&quot;:&quot;&quot;},&quot;jet_parallax_layout_image_mobile&quot;:{&quot;url&quot;:&quot;&quot;,&quot;id&quot;:&quot;&quot;,&quot;size&quot;:&quot;&quot;},&quot;jet_parallax_layout_speed&quot;:{&quot;unit&quot;:&quot;%&quot;,&quot;size&quot;:50,&quot;sizes&quot;:[]},&quot;jet_parallax_layout_type&quot;:&quot;scroll&quot;,&quot;jet_parallax_layout_direction&quot;:&quot;1&quot;,&quot;jet_parallax_layout_fx_direction&quot;:null,&quot;jet_parallax_layout_z_index&quot;:&quot;&quot;,&quot;jet_parallax_layout_bg_x&quot;:50,&quot;jet_parallax_layout_bg_x_widescreen&quot;:&quot;&quot;,&quot;jet_parallax_layout_bg_x_laptop&quot;:&quot;&quot;,&quot;jet_parallax_layout_bg_x_tablet_extra&quot;:&quot;&quot;,&quot;jet_parallax_layout_bg_x_tablet&quot;:&quot;&quot;,&quot;jet_parallax_layout_bg_x_mobile_extra&quot;:&quot;&quot;,&quot;jet_parallax_layout_bg_x_mobile&quot;:&quot;&quot;,&quot;jet_parallax_layout_bg_y&quot;:50,&quot;jet_parallax_layout_bg_y_widescreen&quot;:&quot;&quot;,&quot;jet_parallax_layout_bg_y_laptop&quot;:&quot;&quot;,&quot;jet_parallax_layout_bg_y_tablet_extra&quot;:&quot;&quot;,&quot;jet_parallax_layout_bg_y_tablet&quot;:&quot;&quot;,&quot;jet_parallax_layout_bg_y_mobile_extra&quot;:&quot;&quot;,&quot;jet_parallax_layout_bg_y_mobile&quot;:&quot;&quot;,&quot;jet_parallax_layout_bg_size&quot;:&quot;auto&quot;,&quot;jet_parallax_layout_bg_size_widescreen&quot;:&quot;&quot;,&quot;jet_parallax_layout_bg_size_laptop&quot;:&quot;&quot;,&quot;jet_parallax_layout_bg_size_tablet_extra&quot;:&quot;&quot;,&quot;jet_parallax_layout_bg_size_tablet&quot;:&quot;&quot;,&quot;jet_parallax_layout_bg_size_mobile_extra&quot;:&quot;&quot;,&quot;jet_parallax_layout_bg_size_mobile&quot;:&quot;&quot;,&quot;jet_parallax_layout_animation_prop&quot;:&quot;transform&quot;,&quot;jet_parallax_layout_on&quot;:[&quot;desktop&quot;,&quot;tablet&quot;]}]}\">\n\t\t\t\t\t<div class=\"e-con-inner\">\n\t\t<div class=\"elementor-element elementor-element-45fa1f8 e-con-full e-flex e-con e-child\" data-id=\"45fa1f8\" data-element_type=\"container\" data-e-type=\"container\" data-settings=\"{&quot;jet_parallax_layout_list&quot;:[]}\">\n\t\t\t\t<div class=\"elementor-element elementor-element-cb94698 elementor-hidden-tablet elementor-hidden-phone elementor-widget elementor-widget-wp-widget-nav_menu\" data-id=\"cb94698\" data-element_type=\"widget\" data-e-type=\"widget\" data-widget_type=\"wp-widget-nav_menu.default\">\n\t\t\t\t<div class=\"elementor-widget-container\">\n\t\t\t\t\t<div class=\"menu-nl-side-kbhb-container\"><ul id=\"menu-nl-side-kbhb\" class=\"menu\"><li id=\"menu-item-19686\" class=\"menu-item menu-item-type-post_type menu-item-object-page menu-item-has-children menu-item-19686\"><a href=\"https:\/\/hockey.be\/nl\/rbha\/\">Royal Belgian Hockey Association<\/a>\n<ul class=\"sub-menu\">\n\t<li id=\"menu-item-19657\" class=\"menu-item menu-item-type-post_type menu-item-object-page menu-item-19657\"><a href=\"https:\/\/hockey.be\/nl\/rbha\/organisatie\/departementen\/\">Departementen<\/a><\/li>\n\t<li id=\"menu-item-19651\" class=\"menu-item menu-item-type-post_type menu-item-object-page menu-item-has-children menu-item-19651\"><a href=\"https:\/\/hockey.be\/nl\/rbha\/organisatie\/\">Organisatie<\/a>\n\t<ul class=\"sub-menu\">\n\t\t<li id=\"menu-item-32068\" class=\"menu-item menu-item-type-post_type menu-item-object-page menu-item-32068\"><a href=\"https:\/\/hockey.be\/nl\/rbha\/bestuursorgaan\/\">Bestuursorgaan<\/a><\/li>\n\t\t<li id=\"menu-item-19667\" class=\"menu-item menu-item-type-post_type menu-item-object-page menu-item-has-children menu-item-19667\"><a href=\"https:\/\/hockey.be\/nl\/rbha\/organisatie\/juridisch-comite\/\">Juridisch Comit\u00e9<\/a>\n\t\t<ul class=\"sub-menu\">\n\t\t\t<li id=\"menu-item-23614\" class=\"menu-item menu-item-type-post_type menu-item-object-page menu-item-23614\"><a href=\"https:\/\/hockey.be\/nl\/rbha\/organisatie\/juridisch-comite\/vonnissen-beroepscomite\/vonnissen-controle-comite\/\">Vonnissen: Controle Comit\u00e9<\/a><\/li>\n\t\t\t<li id=\"menu-item-73925\" class=\"menu-item menu-item-type-post_type menu-item-object-page menu-item-73925\"><a href=\"https:\/\/hockey.be\/nl\/rbha\/organisatie\/juridisch-comite\/vonnissen-beroepscomite\/\">Vonnissen: Beroepscomit\u00e9<\/a><\/li>\n\t\t\t<li id=\"menu-item-73924\" class=\"menu-item menu-item-type-post_type menu-item-object-page menu-item-73924\"><a href=\"https:\/\/hockey.be\/nl\/rbha\/organisatie\/juridisch-comite\/vonnissen-beroepscomite\/vonnissen-controle-comite\/vonnissen-speciale-commissie\/\">Vonnissen: Speciale Commissie<\/a><\/li>\n\t\t<\/ul>\n<\/li>\n\t\t<li id=\"menu-item-35224\" class=\"menu-item menu-item-type-post_type menu-item-object-page menu-item-has-children menu-item-35224\"><a href=\"https:\/\/hockey.be\/nl\/rbha\/organisatie\/instanties-belast-met-het-beheer-van-de-licenties\/\">Instanties belast met het beheer van de licenties<\/a>\n\t\t<ul class=\"sub-menu\">\n\t\t\t<li id=\"menu-item-35223\" class=\"menu-item menu-item-type-post_type menu-item-object-page menu-item-35223\"><a href=\"https:\/\/hockey.be\/nl\/rbha\/organisatie\/instanties-belast-met-het-beheer-van-de-licenties\/licentiecommissie\/\">Licentiecommissie<\/a><\/li>\n\t\t<\/ul>\n<\/li>\n\t<\/ul>\n<\/li>\n\t<li id=\"menu-item-32104\" class=\"menu-item menu-item-type-post_type menu-item-object-page menu-item-32104\"><a href=\"https:\/\/hockey.be\/nl\/hockey-vlaanderen\/ethiek-en-anti-doping\/\">Ethiek en Anti-doping<\/a><\/li>\n\t<li id=\"menu-item-19646\" class=\"menu-item menu-item-type-post_type menu-item-object-page menu-item-19646\"><a href=\"https:\/\/hockey.be\/nl\/rbha\/contact\/\">Contact<\/a><\/li>\n\t<li id=\"menu-item-19641\" class=\"menu-item menu-item-type-post_type menu-item-object-page menu-item-19641\"><a href=\"https:\/\/hockey.be\/nl\/clubs-en-zalen\/\">Clubs en Zalen<\/a><\/li>\n\t<li id=\"menu-item-61860\" class=\"menu-item menu-item-type-post_type menu-item-object-page menu-item-61860\"><a href=\"https:\/\/hockey.be\/nl\/rbha\/partners\/\">Partners<\/a><\/li>\n<\/ul>\n<\/li>\n<li id=\"menu-item-19683\" class=\"menu-item menu-item-type-post_type menu-item-object-page menu-item-19683\"><a href=\"https:\/\/hockey.be\/nl\/rbha\/strategische-plannen\/\">Strategische Plannen<\/a><\/li>\n<li id=\"menu-item-19675\" class=\"menu-item menu-item-type-post_type menu-item-object-page menu-item-19675\"><a href=\"https:\/\/hockey.be\/nl\/rbha\/algemene-vergadering\/\">Algemene Vergadering<\/a><\/li>\n<li id=\"menu-item-19678\" class=\"menu-item menu-item-type-post_type menu-item-object-page menu-item-19678\"><a href=\"https:\/\/hockey.be\/nl\/rbha\/reglementen\/\">Reglementen<\/a><\/li>\n<li id=\"menu-item-61859\" class=\"menu-item menu-item-type-post_type menu-item-object-page menu-item-61859\"><a href=\"https:\/\/hockey.be\/nl\/boetes-en-baremas\/\">Boetes en barema\u2019s<\/a><\/li>\n<li id=\"menu-item-19682\" class=\"menu-item menu-item-type-post_type menu-item-object-page menu-item-19682\"><a href=\"https:\/\/hockey.be\/nl\/rbha\/statuten\/\">Statuten en collaboration agreement<\/a><\/li>\n<\/ul><\/div>\t\t\t\t<\/div>\n\t\t\t\t<\/div>\n\t\t\t\t<\/div>\n\t\t<div class=\"elementor-element elementor-element-1cba192 e-con-full e-flex e-con e-child\" data-id=\"1cba192\" data-element_type=\"container\" data-e-type=\"container\" data-settings=\"{&quot;jet_parallax_layout_list&quot;:[]}\">\n\t\t\t\t<div class=\"elementor-element elementor-element-4a51833 elementor-widget elementor-widget-heading\" data-id=\"4a51833\" data-element_type=\"widget\" data-e-type=\"widget\" data-widget_type=\"heading.default\">\n\t\t\t\t<div class=\"elementor-widget-container\">\n\t\t\t\t\t<h1 class=\"elementor-heading-title elementor-size-default\">Vonnissen: traditionele jurisdicties en BAS<\/h1>\t\t\t\t<\/div>\n\t\t\t\t<\/div>\n\t\t\t\t<div class=\"elementor-element elementor-element-c97d2f3 elementor-widget-divider--view-line elementor-widget elementor-widget-divider\" data-id=\"c97d2f3\" data-element_type=\"widget\" data-e-type=\"widget\" data-widget_type=\"divider.default\">\n\t\t\t\t<div class=\"elementor-widget-container\">\n\t\t\t\t\t\t\t<div class=\"elementor-divider\">\n\t\t\t<span class=\"elementor-divider-separator\">\n\t\t\t\t\t\t<\/span>\n\t\t<\/div>\n\t\t\t\t\t\t<\/div>\n\t\t\t\t<\/div>\n\t\t\t\t<div class=\"elementor-element elementor-element-bf34267 elementor-widget elementor-widget-heading\" data-id=\"bf34267\" data-element_type=\"widget\" data-e-type=\"widget\" data-widget_type=\"heading.default\">\n\t\t\t\t<div class=\"elementor-widget-container\">\n\t\t\t\t\t<h1 class=\"elementor-heading-title elementor-size-default\">2023-2024<\/h1>\t\t\t\t<\/div>\n\t\t\t\t<\/div>\n\t\t\t\t<div class=\"elementor-element elementor-element-7180b00 elementor-align-justify elementor-widget elementor-widget-button\" data-id=\"7180b00\" data-element_type=\"widget\" data-e-type=\"widget\" data-widget_type=\"button.default\">\n\t\t\t\t<div class=\"elementor-widget-container\">\n\t\t\t\t\t\t\t\t\t<div class=\"elementor-button-wrapper\">\n\t\t\t\t\t<a class=\"elementor-button elementor-button-link elementor-size-lg\" href=\"https:\/\/hockey.be\/wp-content\/uploads\/2025\/01\/Jugement-tribunal-1ere-instance_WEB.pdf\">\n\t\t\t\t\t\t<span class=\"elementor-button-content-wrapper\">\n\t\t\t\t\t\t<span class=\"elementor-button-icon\">\n\t\t\t\t<svg aria-hidden=\"true\" class=\"e-font-icon-svg e-fas-arrow-alt-circle-down\" viewBox=\"0 0 512 512\" xmlns=\"http:\/\/www.w3.org\/2000\/svg\"><path d=\"M504 256c0 137-111 248-248 248S8 393 8 256 119 8 256 8s248 111 248 248zM212 140v116h-70.9c-10.7 0-16.1 13-8.5 20.5l114.9 114.3c4.7 4.7 12.2 4.7 16.9 0l114.9-114.3c7.6-7.6 2.2-20.5-8.5-20.5H300V140c0-6.6-5.4-12-12-12h-64c-6.6 0-12 5.4-12 12z\"><\/path><\/svg>\t\t\t<\/span>\n\t\t\t\t\t\t\t\t\t<span class=\"elementor-button-text\">Jugement tribunal de premi\u00e8re instance de Li\u00e8ge du 24 d\u00e9cembre 2024<\/span>\n\t\t\t\t\t<\/span>\n\t\t\t\t\t<\/a>\n\t\t\t\t<\/div>\n\t\t\t\t\t\t\t\t<\/div>\n\t\t\t\t<\/div>\n\t\t\t\t<div class=\"elementor-element elementor-element-acdce2c elementor-widget elementor-widget-heading\" data-id=\"acdce2c\" data-element_type=\"widget\" data-e-type=\"widget\" data-widget_type=\"heading.default\">\n\t\t\t\t<div class=\"elementor-widget-container\">\n\t\t\t\t\t<h1 class=\"elementor-heading-title elementor-size-default\">2015<\/h1>\t\t\t\t<\/div>\n\t\t\t\t<\/div>\n\t\t\t\t<div class=\"elementor-element elementor-element-c03b623 elementor-align-justify elementor-widget elementor-widget-button\" data-id=\"c03b623\" data-element_type=\"widget\" data-e-type=\"widget\" data-widget_type=\"button.default\">\n\t\t\t\t<div class=\"elementor-widget-container\">\n\t\t\t\t\t\t\t\t\t<div class=\"elementor-button-wrapper\">\n\t\t\t\t\t<a class=\"elementor-button elementor-button-link elementor-size-lg\" href=\"https:\/\/hockey.be\/wp-content\/uploads\/2025\/01\/ordonnance-08.07.2015-jugement.pdf\">\n\t\t\t\t\t\t<span class=\"elementor-button-content-wrapper\">\n\t\t\t\t\t\t<span class=\"elementor-button-icon\">\n\t\t\t\t<svg aria-hidden=\"true\" class=\"e-font-icon-svg e-fas-arrow-circle-down\" viewBox=\"0 0 512 512\" xmlns=\"http:\/\/www.w3.org\/2000\/svg\"><path d=\"M504 256c0 137-111 248-248 248S8 393 8 256 119 8 256 8s248 111 248 248zm-143.6-28.9L288 302.6V120c0-13.3-10.7-24-24-24h-16c-13.3 0-24 10.7-24 24v182.6l-72.4-75.5c-9.3-9.7-24.8-9.9-34.3-.4l-10.9 11c-9.4 9.4-9.4 24.6 0 33.9L239 404.3c9.4 9.4 24.6 9.4 33.9 0l132.7-132.7c9.4-9.4 9.4-24.6 0-33.9l-10.9-11c-9.5-9.5-25-9.3-34.3.4z\"><\/path><\/svg>\t\t\t<\/span>\n\t\t\t\t\t\t\t\t\t<span class=\"elementor-button-text\">Ordonnance de la Chambre des r\u00e9f\u00e9r\u00e9s affaires civiles 8 juillet 2015<\/span>\n\t\t\t\t\t<\/span>\n\t\t\t\t\t<\/a>\n\t\t\t\t<\/div>\n\t\t\t\t\t\t\t\t<\/div>\n\t\t\t\t<\/div>\n\t\t\t\t<div class=\"elementor-element elementor-element-682a380 elementor-align-justify elementor-widget elementor-widget-button\" data-id=\"682a380\" data-element_type=\"widget\" data-e-type=\"widget\" data-widget_type=\"button.default\">\n\t\t\t\t<div class=\"elementor-widget-container\">\n\t\t\t\t\t\t\t\t\t<div class=\"elementor-button-wrapper\">\n\t\t\t\t\t<a class=\"elementor-button elementor-button-link elementor-size-lg\" href=\"https:\/\/hockey.be\/wp-content\/uploads\/2025\/01\/Arbitrale-Beslissing-van-12-januari-2015.pdf\">\n\t\t\t\t\t\t<span class=\"elementor-button-content-wrapper\">\n\t\t\t\t\t\t<span class=\"elementor-button-icon\">\n\t\t\t\t<svg aria-hidden=\"true\" class=\"e-font-icon-svg e-fas-arrow-alt-circle-down\" viewBox=\"0 0 512 512\" xmlns=\"http:\/\/www.w3.org\/2000\/svg\"><path d=\"M504 256c0 137-111 248-248 248S8 393 8 256 119 8 256 8s248 111 248 248zM212 140v116h-70.9c-10.7 0-16.1 13-8.5 20.5l114.9 114.3c4.7 4.7 12.2 4.7 16.9 0l114.9-114.3c7.6-7.6 2.2-20.5-8.5-20.5H300V140c0-6.6-5.4-12-12-12h-64c-6.6 0-12 5.4-12 12z\"><\/path><\/svg>\t\t\t<\/span>\n\t\t\t\t\t\t\t\t\t<span class=\"elementor-button-text\">Arbitrale Beslissing van 12 januari 2015<\/span>\n\t\t\t\t\t<\/span>\n\t\t\t\t\t<\/a>\n\t\t\t\t<\/div>\n\t\t\t\t\t\t\t\t<\/div>\n\t\t\t\t<\/div>\n\t\t\t\t<div class=\"elementor-element elementor-element-6319119 elementor-widget-divider--view-line elementor-widget elementor-widget-divider\" data-id=\"6319119\" data-element_type=\"widget\" data-e-type=\"widget\" data-widget_type=\"divider.default\">\n\t\t\t\t<div class=\"elementor-widget-container\">\n\t\t\t\t\t\t\t<div class=\"elementor-divider\">\n\t\t\t<span class=\"elementor-divider-separator\">\n\t\t\t\t\t\t<\/span>\n\t\t<\/div>\n\t\t\t\t\t\t<\/div>\n\t\t\t\t<\/div>\n\t\t\t\t<\/div>\n\t\t\t\t\t<\/div>\n\t\t\t\t<\/div>\n\t\t\t\t<\/div>\n\t\t","protected":false},"excerpt":{"rendered":"<p>2023-2024 Jugement tribunal de premi\u00e8re instance de Li\u00e8ge du 24 d\u00e9cembre 2024 2015 Ordonnance de la Chambre des r\u00e9f\u00e9r\u00e9s affaires civiles 8 juillet 2015 Arbitrale Beslissing van 12 januari 2015<\/p>\n","protected":false},"author":16,"featured_media":82632,"parent":15154,"menu_order":138,"comment_status":"closed","ping_status":"closed","template":"","meta":{"_acf_changed":false,"footnotes":""},"categories":[377,376],"tags":[],"class_list":["post-73910","page","type-page","status-publish","has-post-thumbnail","hentry","category-comite-juridictionnels","category-comites-et-commissions-arbh"],"acf":[],"yoast_head":"<!-- This site is optimized with the Yoast SEO plugin v27.3 - https:\/\/yoast.com\/product\/yoast-seo-wordpress\/ -->\n<title>Vonnissen: traditionele jurisdicties en BAS - Hockey Belgium<\/title>\n<meta name=\"robots\" content=\"index, follow, max-snippet:-1, max-image-preview:large, max-video-preview:-1\" \/>\n<link rel=\"canonical\" href=\"https:\/\/hockey.be\/nl\/rbha\/organisatie\/juridisch-comite\/vonnissen-traditionele-jurisdicties-en-bas\/\" \/>\n<meta property=\"og:locale\" content=\"nl_NL\" \/>\n<meta property=\"og:type\" content=\"article\" \/>\n<meta property=\"og:title\" content=\"Vonnissen: traditionele jurisdicties en BAS - Hockey Belgium\" \/>\n<meta property=\"og:description\" content=\"2023-2024 Jugement tribunal de premi\u00e8re instance de Li\u00e8ge du 24 d\u00e9cembre 2024 2015 Ordonnance de la Chambre des r\u00e9f\u00e9r\u00e9s affaires civiles 8 juillet 2015 Arbitrale Beslissing van 12 januari 2015\" \/>\n<meta property=\"og:url\" content=\"https:\/\/hockey.be\/nl\/rbha\/organisatie\/juridisch-comite\/vonnissen-traditionele-jurisdicties-en-bas\/\" \/>\n<meta property=\"og:site_name\" content=\"Hockey Belgium\" \/>\n<meta property=\"article:modified_time\" content=\"2025-08-22T15:48:52+00:00\" \/>\n<meta property=\"og:image\" content=\"https:\/\/hockey.be\/wp-content\/uploads\/2025\/08\/35.png\" \/>\n\t<meta property=\"og:image:width\" content=\"2400\" \/>\n\t<meta property=\"og:image:height\" content=\"665\" \/>\n\t<meta property=\"og:image:type\" content=\"image\/png\" \/>\n<meta name=\"twitter:card\" content=\"summary_large_image\" \/>\n<meta name=\"twitter:label1\" content=\"Geschatte leestijd\" \/>\n\t<meta name=\"twitter:data1\" content=\"1 minuut\" \/>\n<script type=\"application\/ld+json\" class=\"yoast-schema-graph\">{\"@context\":\"https:\\\/\\\/schema.org\",\"@graph\":[{\"@type\":\"WebPage\",\"@id\":\"https:\\\/\\\/hockey.be\\\/nl\\\/rbha\\\/organisatie\\\/juridisch-comite\\\/vonnissen-traditionele-jurisdicties-en-bas\\\/\",\"url\":\"https:\\\/\\\/hockey.be\\\/nl\\\/rbha\\\/organisatie\\\/juridisch-comite\\\/vonnissen-traditionele-jurisdicties-en-bas\\\/\",\"name\":\"Vonnissen: traditionele jurisdicties en BAS - Hockey Belgium\",\"isPartOf\":{\"@id\":\"https:\\\/\\\/hockey.be\\\/nl\\\/#website\"},\"primaryImageOfPage\":{\"@id\":\"https:\\\/\\\/hockey.be\\\/nl\\\/rbha\\\/organisatie\\\/juridisch-comite\\\/vonnissen-traditionele-jurisdicties-en-bas\\\/#primaryimage\"},\"image\":{\"@id\":\"https:\\\/\\\/hockey.be\\\/nl\\\/rbha\\\/organisatie\\\/juridisch-comite\\\/vonnissen-traditionele-jurisdicties-en-bas\\\/#primaryimage\"},\"thumbnailUrl\":\"https:\\\/\\\/hockey.be\\\/wp-content\\\/uploads\\\/2025\\\/08\\\/35.png\",\"datePublished\":\"2025-01-07T14:16:22+00:00\",\"dateModified\":\"2025-08-22T15:48:52+00:00\",\"breadcrumb\":{\"@id\":\"https:\\\/\\\/hockey.be\\\/nl\\\/rbha\\\/organisatie\\\/juridisch-comite\\\/vonnissen-traditionele-jurisdicties-en-bas\\\/#breadcrumb\"},\"inLanguage\":\"nl-NL\",\"potentialAction\":[{\"@type\":\"ReadAction\",\"target\":[\"https:\\\/\\\/hockey.be\\\/nl\\\/rbha\\\/organisatie\\\/juridisch-comite\\\/vonnissen-traditionele-jurisdicties-en-bas\\\/\"]}]},{\"@type\":\"ImageObject\",\"inLanguage\":\"nl-NL\",\"@id\":\"https:\\\/\\\/hockey.be\\\/nl\\\/rbha\\\/organisatie\\\/juridisch-comite\\\/vonnissen-traditionele-jurisdicties-en-bas\\\/#primaryimage\",\"url\":\"https:\\\/\\\/hockey.be\\\/wp-content\\\/uploads\\\/2025\\\/08\\\/35.png\",\"contentUrl\":\"https:\\\/\\\/hockey.be\\\/wp-content\\\/uploads\\\/2025\\\/08\\\/35.png\",\"width\":2400,\"height\":665},{\"@type\":\"BreadcrumbList\",\"@id\":\"https:\\\/\\\/hockey.be\\\/nl\\\/rbha\\\/organisatie\\\/juridisch-comite\\\/vonnissen-traditionele-jurisdicties-en-bas\\\/#breadcrumb\",\"itemListElement\":[{\"@type\":\"ListItem\",\"position\":1,\"name\":\"Home\",\"item\":\"https:\\\/\\\/hockey.be\\\/nl\\\/hockey-belgium\\\/\"},{\"@type\":\"ListItem\",\"position\":2,\"name\":\"Royal Belgian Hockey Association\",\"item\":\"https:\\\/\\\/hockey.be\\\/nl\\\/rbha\\\/\"},{\"@type\":\"ListItem\",\"position\":3,\"name\":\"Organisatie\",\"item\":\"https:\\\/\\\/hockey.be\\\/nl\\\/rbha\\\/organisatie\\\/\"},{\"@type\":\"ListItem\",\"position\":4,\"name\":\"Juridisch Comit\u00e9\",\"item\":\"https:\\\/\\\/hockey.be\\\/nl\\\/rbha\\\/organisatie\\\/juridisch-comite\\\/\"},{\"@type\":\"ListItem\",\"position\":5,\"name\":\"Vonnissen: traditionele jurisdicties en BAS\"}]},{\"@type\":\"WebSite\",\"@id\":\"https:\\\/\\\/hockey.be\\\/nl\\\/#website\",\"url\":\"https:\\\/\\\/hockey.be\\\/nl\\\/\",\"name\":\"Hockey Belgium\",\"description\":\"\",\"publisher\":{\"@id\":\"https:\\\/\\\/hockey.be\\\/nl\\\/#organization\"},\"potentialAction\":[{\"@type\":\"SearchAction\",\"target\":{\"@type\":\"EntryPoint\",\"urlTemplate\":\"https:\\\/\\\/hockey.be\\\/nl\\\/?s={search_term_string}\"},\"query-input\":{\"@type\":\"PropertyValueSpecification\",\"valueRequired\":true,\"valueName\":\"search_term_string\"}}],\"inLanguage\":\"nl-NL\"},{\"@type\":\"Organization\",\"@id\":\"https:\\\/\\\/hockey.be\\\/nl\\\/#organization\",\"name\":\"Hockey Belgium\",\"url\":\"https:\\\/\\\/hockey.be\\\/nl\\\/\",\"logo\":{\"@type\":\"ImageObject\",\"inLanguage\":\"nl-NL\",\"@id\":\"https:\\\/\\\/hockey.be\\\/nl\\\/#\\\/schema\\\/logo\\\/image\\\/\",\"url\":\"https:\\\/\\\/hockey.be\\\/wp-content\\\/uploads\\\/2025\\\/07\\\/logo-hockey-be.svg\",\"contentUrl\":\"https:\\\/\\\/hockey.be\\\/wp-content\\\/uploads\\\/2025\\\/07\\\/logo-hockey-be.svg\",\"width\":724.16,\"height\":241.49,\"caption\":\"Hockey Belgium\"},\"image\":{\"@id\":\"https:\\\/\\\/hockey.be\\\/nl\\\/#\\\/schema\\\/logo\\\/image\\\/\"}}]}<\/script>\n<!-- \/ Yoast SEO plugin. -->","yoast_head_json":{"title":"Vonnissen: traditionele jurisdicties en BAS - Hockey Belgium","robots":{"index":"index","follow":"follow","max-snippet":"max-snippet:-1","max-image-preview":"max-image-preview:large","max-video-preview":"max-video-preview:-1"},"canonical":"https:\/\/hockey.be\/nl\/rbha\/organisatie\/juridisch-comite\/vonnissen-traditionele-jurisdicties-en-bas\/","og_locale":"nl_NL","og_type":"article","og_title":"Vonnissen: traditionele jurisdicties en BAS - Hockey Belgium","og_description":"2023-2024 Jugement tribunal de premi\u00e8re instance de Li\u00e8ge du 24 d\u00e9cembre 2024 2015 Ordonnance de la Chambre des r\u00e9f\u00e9r\u00e9s affaires civiles 8 juillet 2015 Arbitrale Beslissing van 12 januari 2015","og_url":"https:\/\/hockey.be\/nl\/rbha\/organisatie\/juridisch-comite\/vonnissen-traditionele-jurisdicties-en-bas\/","og_site_name":"Hockey Belgium","article_modified_time":"2025-08-22T15:48:52+00:00","og_image":[{"width":2400,"height":665,"url":"https:\/\/hockey.be\/wp-content\/uploads\/2025\/08\/35.png","type":"image\/png"}],"twitter_card":"summary_large_image","twitter_misc":{"Geschatte leestijd":"1 minuut"},"schema":{"@context":"https:\/\/schema.org","@graph":[{"@type":"WebPage","@id":"https:\/\/hockey.be\/nl\/rbha\/organisatie\/juridisch-comite\/vonnissen-traditionele-jurisdicties-en-bas\/","url":"https:\/\/hockey.be\/nl\/rbha\/organisatie\/juridisch-comite\/vonnissen-traditionele-jurisdicties-en-bas\/","name":"Vonnissen: traditionele jurisdicties en BAS - Hockey Belgium","isPartOf":{"@id":"https:\/\/hockey.be\/nl\/#website"},"primaryImageOfPage":{"@id":"https:\/\/hockey.be\/nl\/rbha\/organisatie\/juridisch-comite\/vonnissen-traditionele-jurisdicties-en-bas\/#primaryimage"},"image":{"@id":"https:\/\/hockey.be\/nl\/rbha\/organisatie\/juridisch-comite\/vonnissen-traditionele-jurisdicties-en-bas\/#primaryimage"},"thumbnailUrl":"https:\/\/hockey.be\/wp-content\/uploads\/2025\/08\/35.png","datePublished":"2025-01-07T14:16:22+00:00","dateModified":"2025-08-22T15:48:52+00:00","breadcrumb":{"@id":"https:\/\/hockey.be\/nl\/rbha\/organisatie\/juridisch-comite\/vonnissen-traditionele-jurisdicties-en-bas\/#breadcrumb"},"inLanguage":"nl-NL","potentialAction":[{"@type":"ReadAction","target":["https:\/\/hockey.be\/nl\/rbha\/organisatie\/juridisch-comite\/vonnissen-traditionele-jurisdicties-en-bas\/"]}]},{"@type":"ImageObject","inLanguage":"nl-NL","@id":"https:\/\/hockey.be\/nl\/rbha\/organisatie\/juridisch-comite\/vonnissen-traditionele-jurisdicties-en-bas\/#primaryimage","url":"https:\/\/hockey.be\/wp-content\/uploads\/2025\/08\/35.png","contentUrl":"https:\/\/hockey.be\/wp-content\/uploads\/2025\/08\/35.png","width":2400,"height":665},{"@type":"BreadcrumbList","@id":"https:\/\/hockey.be\/nl\/rbha\/organisatie\/juridisch-comite\/vonnissen-traditionele-jurisdicties-en-bas\/#breadcrumb","itemListElement":[{"@type":"ListItem","position":1,"name":"Home","item":"https:\/\/hockey.be\/nl\/hockey-belgium\/"},{"@type":"ListItem","position":2,"name":"Royal Belgian Hockey Association","item":"https:\/\/hockey.be\/nl\/rbha\/"},{"@type":"ListItem","position":3,"name":"Organisatie","item":"https:\/\/hockey.be\/nl\/rbha\/organisatie\/"},{"@type":"ListItem","position":4,"name":"Juridisch Comit\u00e9","item":"https:\/\/hockey.be\/nl\/rbha\/organisatie\/juridisch-comite\/"},{"@type":"ListItem","position":5,"name":"Vonnissen: traditionele jurisdicties en BAS"}]},{"@type":"WebSite","@id":"https:\/\/hockey.be\/nl\/#website","url":"https:\/\/hockey.be\/nl\/","name":"Hockey Belgium","description":"","publisher":{"@id":"https:\/\/hockey.be\/nl\/#organization"},"potentialAction":[{"@type":"SearchAction","target":{"@type":"EntryPoint","urlTemplate":"https:\/\/hockey.be\/nl\/?s={search_term_string}"},"query-input":{"@type":"PropertyValueSpecification","valueRequired":true,"valueName":"search_term_string"}}],"inLanguage":"nl-NL"},{"@type":"Organization","@id":"https:\/\/hockey.be\/nl\/#organization","name":"Hockey Belgium","url":"https:\/\/hockey.be\/nl\/","logo":{"@type":"ImageObject","inLanguage":"nl-NL","@id":"https:\/\/hockey.be\/nl\/#\/schema\/logo\/image\/","url":"https:\/\/hockey.be\/wp-content\/uploads\/2025\/07\/logo-hockey-be.svg","contentUrl":"https:\/\/hockey.be\/wp-content\/uploads\/2025\/07\/logo-hockey-be.svg","width":724.16,"height":241.49,"caption":"Hockey Belgium"},"image":{"@id":"https:\/\/hockey.be\/nl\/#\/schema\/logo\/image\/"}}]}},"_links":{"self":[{"href":"https:\/\/hockey.be\/nl\/wp-json\/wp\/v2\/pages\/73910","targetHints":{"allow":["GET"]}}],"collection":[{"href":"https:\/\/hockey.be\/nl\/wp-json\/wp\/v2\/pages"}],"about":[{"href":"https:\/\/hockey.be\/nl\/wp-json\/wp\/v2\/types\/page"}],"author":[{"embeddable":true,"href":"https:\/\/hockey.be\/nl\/wp-json\/wp\/v2\/users\/16"}],"replies":[{"embeddable":true,"href":"https:\/\/hockey.be\/nl\/wp-json\/wp\/v2\/comments?post=73910"}],"version-history":[{"count":14,"href":"https:\/\/hockey.be\/nl\/wp-json\/wp\/v2\/pages\/73910\/revisions"}],"predecessor-version":[{"id":83824,"href":"https:\/\/hockey.be\/nl\/wp-json\/wp\/v2\/pages\/73910\/revisions\/83824"}],"up":[{"embeddable":true,"href":"https:\/\/hockey.be\/nl\/wp-json\/wp\/v2\/pages\/15154"}],"wp:featuredmedia":[{"embeddable":true,"href":"https:\/\/hockey.be\/nl\/wp-json\/wp\/v2\/media\/82632"}],"wp:attachment":[{"href":"https:\/\/hockey.be\/nl\/wp-json\/wp\/v2\/media?parent=73910"}],"wp:term":[{"taxonomy":"category","embeddable":true,"href":"https:\/\/hockey.be\/nl\/wp-json\/wp\/v2\/categories?post=73910"},{"taxonomy":"post_tag","embeddable":true,"href":"https:\/\/hockey.be\/nl\/wp-json\/wp\/v2\/tags?post=73910"}],"curies":[{"name":"wp","href":"https:\/\/api.w.org\/{rel}","templated":true}]}}