{"id":63513,"date":"2024-04-24T12:53:58","date_gmt":"2024-04-24T10:53:58","guid":{"rendered":"https:\/\/hockey.be\/?page_id=63513"},"modified":"2025-08-27T17:45:01","modified_gmt":"2025-08-27T15:45:01","slug":"indoor","status":"publish","type":"page","link":"https:\/\/hockey.be\/nl\/hockey-wallonie-bruxelles\/hockey-academy\/club-manager-academy\/indoor\/","title":{"rendered":"Indoor"},"content":{"rendered":"\t\t<div data-elementor-type=\"wp-page\" data-elementor-id=\"63513\" class=\"elementor elementor-63513 elementor-63502\" data-elementor-post-type=\"page\">\n\t\t\t\t<div class=\"elementor-element elementor-element-36d753b e-flex e-con-boxed e-con e-parent\" data-id=\"36d753b\" data-element_type=\"container\" data-e-type=\"container\" data-settings=\"{&quot;jet_parallax_layout_list&quot;:[{&quot;_id&quot;:&quot;20a3005&quot;,&quot;jet_parallax_layout_image&quot;:{&quot;url&quot;:&quot;&quot;,&quot;id&quot;:&quot;&quot;,&quot;size&quot;:&quot;&quot;},&quot;jet_parallax_layout_image_widescreen&quot;:{&quot;url&quot;:&quot;&quot;,&quot;id&quot;:&quot;&quot;,&quot;size&quot;:&quot;&quot;},&quot;jet_parallax_layout_image_laptop&quot;:{&quot;url&quot;:&quot;&quot;,&quot;id&quot;:&quot;&quot;,&quot;size&quot;:&quot;&quot;},&quot;jet_parallax_layout_image_tablet_extra&quot;:{&quot;url&quot;:&quot;&quot;,&quot;id&quot;:&quot;&quot;,&quot;size&quot;:&quot;&quot;},&quot;jet_parallax_layout_image_tablet&quot;:{&quot;url&quot;:&quot;&quot;,&quot;id&quot;:&quot;&quot;,&quot;size&quot;:&quot;&quot;},&quot;jet_parallax_layout_image_mobile_extra&quot;:{&quot;url&quot;:&quot;&quot;,&quot;id&quot;:&quot;&quot;,&quot;size&quot;:&quot;&quot;},&quot;jet_parallax_layout_image_mobile&quot;:{&quot;url&quot;:&quot;&quot;,&quot;id&quot;:&quot;&quot;,&quot;size&quot;:&quot;&quot;},&quot;jet_parallax_layout_speed&quot;:{&quot;unit&quot;:&quot;%&quot;,&quot;size&quot;:50,&quot;sizes&quot;:[]},&quot;jet_parallax_layout_type&quot;:&quot;scroll&quot;,&quot;jet_parallax_layout_direction&quot;:&quot;1&quot;,&quot;jet_parallax_layout_fx_direction&quot;:null,&quot;jet_parallax_layout_z_index&quot;:&quot;&quot;,&quot;jet_parallax_layout_bg_x&quot;:50,&quot;jet_parallax_layout_bg_x_widescreen&quot;:&quot;&quot;,&quot;jet_parallax_layout_bg_x_laptop&quot;:&quot;&quot;,&quot;jet_parallax_layout_bg_x_tablet_extra&quot;:&quot;&quot;,&quot;jet_parallax_layout_bg_x_tablet&quot;:&quot;&quot;,&quot;jet_parallax_layout_bg_x_mobile_extra&quot;:&quot;&quot;,&quot;jet_parallax_layout_bg_x_mobile&quot;:&quot;&quot;,&quot;jet_parallax_layout_bg_y&quot;:50,&quot;jet_parallax_layout_bg_y_widescreen&quot;:&quot;&quot;,&quot;jet_parallax_layout_bg_y_laptop&quot;:&quot;&quot;,&quot;jet_parallax_layout_bg_y_tablet_extra&quot;:&quot;&quot;,&quot;jet_parallax_layout_bg_y_tablet&quot;:&quot;&quot;,&quot;jet_parallax_layout_bg_y_mobile_extra&quot;:&quot;&quot;,&quot;jet_parallax_layout_bg_y_mobile&quot;:&quot;&quot;,&quot;jet_parallax_layout_bg_size&quot;:&quot;auto&quot;,&quot;jet_parallax_layout_bg_size_widescreen&quot;:&quot;&quot;,&quot;jet_parallax_layout_bg_size_laptop&quot;:&quot;&quot;,&quot;jet_parallax_layout_bg_size_tablet_extra&quot;:&quot;&quot;,&quot;jet_parallax_layout_bg_size_tablet&quot;:&quot;&quot;,&quot;jet_parallax_layout_bg_size_mobile_extra&quot;:&quot;&quot;,&quot;jet_parallax_layout_bg_size_mobile&quot;:&quot;&quot;,&quot;jet_parallax_layout_animation_prop&quot;:&quot;transform&quot;,&quot;jet_parallax_layout_on&quot;:[&quot;desktop&quot;,&quot;tablet&quot;]}]}\">\n\t\t\t\t\t<div class=\"e-con-inner\">\n\t\t<div class=\"elementor-element elementor-element-4fb2597 e-con-full e-flex e-con e-child\" data-id=\"4fb2597\" data-element_type=\"container\" data-e-type=\"container\" data-settings=\"{&quot;jet_parallax_layout_list&quot;:[]}\">\n\t\t\t\t<div class=\"elementor-element elementor-element-560e565 elementor-hidden-tablet elementor-hidden-phone elementor-widget elementor-widget-wp-widget-nav_menu\" data-id=\"560e565\" data-element_type=\"widget\" data-e-type=\"widget\" data-widget_type=\"wp-widget-nav_menu.default\">\n\t\t\t\t<div class=\"elementor-widget-container\">\n\t\t\t\t\t<div class=\"menu-fr-side-hwb-clubmanageracademy-container\"><ul id=\"menu-fr-side-hwb-clubmanageracademy\" class=\"menu\"><li id=\"menu-item-83044\" class=\"menu-item menu-item-type-post_type menu-item-object-page menu-item-83044\"><a href=\"https:\/\/hockey.be\/fr\/hockey-wallonie-bruxelles\/hockey-academy\/\">Hockey Academy<\/a><\/li>\n<li id=\"menu-item-77645\" class=\"menu-item menu-item-type-post_type menu-item-object-page menu-item-has-children menu-item-77645\"><a href=\"https:\/\/hockey.be\/fr\/hockey-vlaanderen\/hockey-academy\/club-manager-academy\/\">Club Manager Academy<\/a>\n<ul class=\"sub-menu\">\n\t<li id=\"menu-item-77622\" class=\"menu-item menu-item-type-post_type menu-item-object-page menu-item-77622\"><a href=\"https:\/\/hockey.be\/fr\/hockey-wallonie-bruxelles\/assurances\/\">Assurances<\/a><\/li>\n\t<li id=\"menu-item-77623\" class=\"menu-item menu-item-type-post_type menu-item-object-page menu-item-77623\"><a href=\"https:\/\/hockey.be\/fr\/hockey-wallonie-bruxelles\/hockey-academy\/club-manager-academy\/finances-subventions\/\">Finances &#038; Subventions<\/a><\/li>\n\t<li id=\"menu-item-77624\" class=\"menu-item menu-item-type-post_type menu-item-object-page menu-item-77624\"><a href=\"https:\/\/hockey.be\/fr\/hockey-wallonie-bruxelles\/hockey-academy\/club-manager-academy\/communication\/\">Communication<\/a><\/li>\n\t<li id=\"menu-item-77626\" class=\"menu-item menu-item-type-post_type menu-item-object-page menu-item-77626\"><a href=\"https:\/\/hockey.be\/fr\/hockey-wallonie-bruxelles\/hockey-academy\/club-manager-academy\/gestion-dune-ecole-de-jeunes\/\">Gestion d&#8217;une \u00e9cole de jeunes<\/a><\/li>\n\t<li id=\"menu-item-77627\" class=\"menu-item menu-item-type-post_type menu-item-object-page menu-item-77627\"><a href=\"https:\/\/hockey.be\/fr\/hockey-wallonie-bruxelles\/hockey-academy\/club-manager-academy\/gestion-des-infrastructures\/\">Gestion des infrastructures<\/a><\/li>\n\t<li id=\"menu-item-77628\" class=\"menu-item menu-item-type-post_type menu-item-object-page menu-item-77628\"><a href=\"https:\/\/hockey.be\/fr\/hockey-wallonie-bruxelles\/hockey-academy\/club-manager-academy\/gestion-des-membres-equipes-sportlink\/\">Gestion des membres, \u00e9quipes &#038; Sportlink<\/a><\/li>\n\t<li id=\"menu-item-77629\" class=\"menu-item menu-item-type-post_type menu-item-object-page menu-item-77629\"><a href=\"https:\/\/hockey.be\/fr\/hockey-wallonie-bruxelles\/hockey-academy\/club-manager-academy\/gestion-des-ressources-humaines\/\">Gestion des ressources humaines<\/a><\/li>\n<\/ul>\n<\/li>\n<li id=\"menu-item-83045\" class=\"menu-item menu-item-type-post_type menu-item-object-page menu-item-83045\"><a href=\"https:\/\/hockey.be\/fr\/hockey-wallonie-bruxelles\/hockey-academy\/umpire-academy\/\">Umpire Academy<\/a><\/li>\n<\/ul><\/div>\t\t\t\t<\/div>\n\t\t\t\t<\/div>\n\t\t\t\t<\/div>\n\t\t<div class=\"elementor-element elementor-element-39de584 e-con-full e-flex e-con e-child\" data-id=\"39de584\" data-element_type=\"container\" data-e-type=\"container\" data-settings=\"{&quot;jet_parallax_layout_list&quot;:[]}\">\n\t\t\t\t<div class=\"elementor-element elementor-element-d064777 elementor-widget elementor-widget-heading\" data-id=\"d064777\" data-element_type=\"widget\" data-e-type=\"widget\" data-widget_type=\"heading.default\">\n\t\t\t\t<div class=\"elementor-widget-container\">\n\t\t\t\t\t<h1 class=\"elementor-heading-title elementor-size-default\">Indoor<\/h1>\t\t\t\t<\/div>\n\t\t\t\t<\/div>\n\t\t\t\t<div class=\"elementor-element elementor-element-376fb5b elementor-widget-divider--view-line elementor-widget elementor-widget-divider\" data-id=\"376fb5b\" data-element_type=\"widget\" data-e-type=\"widget\" data-widget_type=\"divider.default\">\n\t\t\t\t<div class=\"elementor-widget-container\">\n\t\t\t\t\t\t\t<div class=\"elementor-divider\">\n\t\t\t<span class=\"elementor-divider-separator\">\n\t\t\t\t\t\t<\/span>\n\t\t<\/div>\n\t\t\t\t\t\t<\/div>\n\t\t\t\t<\/div>\n\t\t\t\t<div class=\"elementor-element elementor-element-37a175a elementor-widget elementor-widget-heading\" data-id=\"37a175a\" data-element_type=\"widget\" data-e-type=\"widget\" data-widget_type=\"heading.default\">\n\t\t\t\t<div class=\"elementor-widget-container\">\n\t\t\t\t\t<h2 class=\"elementor-heading-title elementor-size-default\">Midi des secr\u00e9taires<\/h2>\t\t\t\t<\/div>\n\t\t\t\t<\/div>\n\t\t\t\t<div class=\"elementor-element elementor-element-ef7599d elementor-widget elementor-widget-video\" data-id=\"ef7599d\" data-element_type=\"widget\" data-e-type=\"widget\" data-settings=\"{&quot;youtube_url&quot;:&quot;https:\\\/\\\/youtu.be\\\/Uj4UU_Adv3o&quot;,&quot;video_type&quot;:&quot;youtube&quot;,&quot;controls&quot;:&quot;yes&quot;}\" data-widget_type=\"video.default\">\n\t\t\t\t<div class=\"elementor-widget-container\">\n\t\t\t\t\t\t\t<div class=\"elementor-wrapper elementor-open-inline\">\n\t\t\t<div class=\"elementor-video\"><\/div>\t\t<\/div>\n\t\t\t\t\t\t<\/div>\n\t\t\t\t<\/div>\n\t\t\t\t<div class=\"elementor-element elementor-element-047f25b elementor-align-center elementor-widget elementor-widget-button\" data-id=\"047f25b\" data-element_type=\"widget\" data-e-type=\"widget\" data-widget_type=\"button.default\">\n\t\t\t\t<div class=\"elementor-widget-container\">\n\t\t\t\t\t\t\t\t\t<div class=\"elementor-button-wrapper\">\n\t\t\t\t\t<a class=\"elementor-button elementor-button-link elementor-size-lg\" href=\"https:\/\/hockey.be\/wp-content\/uploads\/2024\/11\/Lunch-meeting-2024-11-19-Indoor-start-LFH.pdf\">\n\t\t\t\t\t\t<span class=\"elementor-button-content-wrapper\">\n\t\t\t\t\t\t<span class=\"elementor-button-icon\">\n\t\t\t\t<svg aria-hidden=\"true\" class=\"e-font-icon-svg e-fas-arrow-circle-down\" viewBox=\"0 0 512 512\" xmlns=\"http:\/\/www.w3.org\/2000\/svg\"><path d=\"M504 256c0 137-111 248-248 248S8 393 8 256 119 8 256 8s248 111 248 248zm-143.6-28.9L288 302.6V120c0-13.3-10.7-24-24-24h-16c-13.3 0-24 10.7-24 24v182.6l-72.4-75.5c-9.3-9.7-24.8-9.9-34.3-.4l-10.9 11c-9.4 9.4-9.4 24.6 0 33.9L239 404.3c9.4 9.4 24.6 9.4 33.9 0l132.7-132.7c9.4-9.4 9.4-24.6 0-33.9l-10.9-11c-9.5-9.5-25-9.3-34.3.4z\"><\/path><\/svg>\t\t\t<\/span>\n\t\t\t\t\t\t\t\t\t<span class=\"elementor-button-text\">Midi des secr\u00e9taires - mardi 19 novembre 2024<\/span>\n\t\t\t\t\t<\/span>\n\t\t\t\t\t<\/a>\n\t\t\t\t<\/div>\n\t\t\t\t\t\t\t\t<\/div>\n\t\t\t\t<\/div>\n\t\t\t\t<div class=\"elementor-element elementor-element-151e29f elementor-widget elementor-widget-heading\" data-id=\"151e29f\" data-element_type=\"widget\" data-e-type=\"widget\" data-widget_type=\"heading.default\">\n\t\t\t\t<div class=\"elementor-widget-container\">\n\t\t\t\t\t<h2 class=\"elementor-heading-title elementor-size-default\">Salles \u00e9ph\u00e9m\u00e8res<\/h2>\t\t\t\t<\/div>\n\t\t\t\t<\/div>\n\t\t\t\t<div class=\"elementor-element elementor-element-25dc386 elementor-widget elementor-widget-pdfjs_viewer\" data-id=\"25dc386\" data-element_type=\"widget\" data-e-type=\"widget\" data-widget_type=\"pdfjs_viewer.default\">\n\t\t\t\t<div class=\"elementor-widget-container\">\n\t\t\t\t\t<iframe src=\"https:\/\/hockey.be\/wp-content\/plugins\/pdf-viewer-for-elementor\/assets\/pdfjs\/web\/viewer.html?file=https:\/\/hockey.be\/wp-content\/uploads\/2024\/04\/20240416-Seminar-indoor-FR.pdf&amp;embedded=true\" style=\"display: block; margin-left: auto; margin-right: auto; width: 1020px; height: 550px;\" frameborder=\"1\" marginheight=\"0px\" marginwidth=\"0px\" allowfullscreen><\/iframe>\t\t\t\t<\/div>\n\t\t\t\t<\/div>\n\t\t\t\t<\/div>\n\t\t\t\t\t<\/div>\n\t\t\t\t<\/div>\n\t\t\t\t<\/div>\n\t\t","protected":false},"excerpt":{"rendered":"<p>Midi des secr\u00e9taires Midi des secr\u00e9taires &#8211; mardi 19 novembre 2024 Salles \u00e9ph\u00e9m\u00e8res<\/p>\n","protected":false},"author":16,"featured_media":83196,"parent":27645,"menu_order":0,"comment_status":"closed","ping_status":"closed","template":"","meta":{"_acf_changed":false,"footnotes":""},"categories":[365],"tags":[],"class_list":["post-63513","page","type-page","status-publish","has-post-thumbnail","hentry","category-club-manager-academy"],"acf":[],"yoast_head":"<!-- This site is optimized with the Yoast SEO plugin v27.5 - https:\/\/yoast.com\/product\/yoast-seo-wordpress\/ -->\n<title>Indoor - Hockey Belgium<\/title>\n<meta name=\"robots\" content=\"index, follow, max-snippet:-1, max-image-preview:large, max-video-preview:-1\" \/>\n<link rel=\"canonical\" href=\"https:\/\/hockey.be\/nl\/hockey-wallonie-bruxelles\/hockey-academy\/club-manager-academy\/indoor\/\" \/>\n<meta property=\"og:locale\" content=\"nl_NL\" \/>\n<meta property=\"og:type\" content=\"article\" \/>\n<meta property=\"og:title\" content=\"Indoor - Hockey Belgium\" \/>\n<meta property=\"og:description\" content=\"Midi des secr\u00e9taires Midi des secr\u00e9taires &#8211; mardi 19 novembre 2024 Salles \u00e9ph\u00e9m\u00e8res\" \/>\n<meta property=\"og:url\" content=\"https:\/\/hockey.be\/nl\/hockey-wallonie-bruxelles\/hockey-academy\/club-manager-academy\/indoor\/\" \/>\n<meta property=\"og:site_name\" content=\"Hockey Belgium\" \/>\n<meta property=\"article:modified_time\" content=\"2025-08-27T15:45:01+00:00\" \/>\n<meta property=\"og:image\" content=\"https:\/\/hockey.be\/wp-content\/uploads\/2025\/08\/92.png\" \/>\n\t<meta property=\"og:image:width\" content=\"2400\" \/>\n\t<meta property=\"og:image:height\" content=\"665\" \/>\n\t<meta property=\"og:image:type\" content=\"image\/png\" \/>\n<meta name=\"twitter:card\" content=\"summary_large_image\" \/>\n<meta name=\"twitter:label1\" content=\"Geschatte leestijd\" \/>\n\t<meta name=\"twitter:data1\" content=\"1 minuut\" \/>\n<script type=\"application\/ld+json\" class=\"yoast-schema-graph\">{\"@context\":\"https:\\\/\\\/schema.org\",\"@graph\":[{\"@type\":\"WebPage\",\"@id\":\"https:\\\/\\\/hockey.be\\\/nl\\\/hockey-wallonie-bruxelles\\\/hockey-academy\\\/club-manager-academy\\\/indoor\\\/\",\"url\":\"https:\\\/\\\/hockey.be\\\/nl\\\/hockey-wallonie-bruxelles\\\/hockey-academy\\\/club-manager-academy\\\/indoor\\\/\",\"name\":\"Indoor - Hockey Belgium\",\"isPartOf\":{\"@id\":\"https:\\\/\\\/hockey.be\\\/nl\\\/#website\"},\"primaryImageOfPage\":{\"@id\":\"https:\\\/\\\/hockey.be\\\/nl\\\/hockey-wallonie-bruxelles\\\/hockey-academy\\\/club-manager-academy\\\/indoor\\\/#primaryimage\"},\"image\":{\"@id\":\"https:\\\/\\\/hockey.be\\\/nl\\\/hockey-wallonie-bruxelles\\\/hockey-academy\\\/club-manager-academy\\\/indoor\\\/#primaryimage\"},\"thumbnailUrl\":\"https:\\\/\\\/hockey.be\\\/wp-content\\\/uploads\\\/2025\\\/08\\\/92.png\",\"datePublished\":\"2024-04-24T10:53:58+00:00\",\"dateModified\":\"2025-08-27T15:45:01+00:00\",\"breadcrumb\":{\"@id\":\"https:\\\/\\\/hockey.be\\\/nl\\\/hockey-wallonie-bruxelles\\\/hockey-academy\\\/club-manager-academy\\\/indoor\\\/#breadcrumb\"},\"inLanguage\":\"nl-NL\",\"potentialAction\":[{\"@type\":\"ReadAction\",\"target\":[\"https:\\\/\\\/hockey.be\\\/nl\\\/hockey-wallonie-bruxelles\\\/hockey-academy\\\/club-manager-academy\\\/indoor\\\/\"]}]},{\"@type\":\"ImageObject\",\"inLanguage\":\"nl-NL\",\"@id\":\"https:\\\/\\\/hockey.be\\\/nl\\\/hockey-wallonie-bruxelles\\\/hockey-academy\\\/club-manager-academy\\\/indoor\\\/#primaryimage\",\"url\":\"https:\\\/\\\/hockey.be\\\/wp-content\\\/uploads\\\/2025\\\/08\\\/92.png\",\"contentUrl\":\"https:\\\/\\\/hockey.be\\\/wp-content\\\/uploads\\\/2025\\\/08\\\/92.png\",\"width\":2400,\"height\":665},{\"@type\":\"BreadcrumbList\",\"@id\":\"https:\\\/\\\/hockey.be\\\/nl\\\/hockey-wallonie-bruxelles\\\/hockey-academy\\\/club-manager-academy\\\/indoor\\\/#breadcrumb\",\"itemListElement\":[{\"@type\":\"ListItem\",\"position\":1,\"name\":\"Home\",\"item\":\"https:\\\/\\\/hockey.be\\\/nl\\\/hockey-belgium\\\/\"},{\"@type\":\"ListItem\",\"position\":2,\"name\":\"Hockey Wallonie Bruxelles\",\"item\":\"https:\\\/\\\/hockey.be\\\/nl\\\/hockey-wallonie-bruxelles\\\/\"},{\"@type\":\"ListItem\",\"position\":3,\"name\":\"Hockey Academy\",\"item\":\"https:\\\/\\\/hockey.be\\\/nl\\\/hockey-wallonie-bruxelles\\\/hockey-academy\\\/\"},{\"@type\":\"ListItem\",\"position\":4,\"name\":\"Club Manager Academy\",\"item\":\"https:\\\/\\\/hockey.be\\\/nl\\\/hockey-wallonie-bruxelles\\\/hockey-academy\\\/club-manager-academy\\\/\"},{\"@type\":\"ListItem\",\"position\":5,\"name\":\"Indoor\"}]},{\"@type\":\"WebSite\",\"@id\":\"https:\\\/\\\/hockey.be\\\/nl\\\/#website\",\"url\":\"https:\\\/\\\/hockey.be\\\/nl\\\/\",\"name\":\"Hockey Belgium\",\"description\":\"\",\"publisher\":{\"@id\":\"https:\\\/\\\/hockey.be\\\/nl\\\/#organization\"},\"potentialAction\":[{\"@type\":\"SearchAction\",\"target\":{\"@type\":\"EntryPoint\",\"urlTemplate\":\"https:\\\/\\\/hockey.be\\\/nl\\\/?s={search_term_string}\"},\"query-input\":{\"@type\":\"PropertyValueSpecification\",\"valueRequired\":true,\"valueName\":\"search_term_string\"}}],\"inLanguage\":\"nl-NL\"},{\"@type\":\"Organization\",\"@id\":\"https:\\\/\\\/hockey.be\\\/nl\\\/#organization\",\"name\":\"Hockey Belgium\",\"url\":\"https:\\\/\\\/hockey.be\\\/nl\\\/\",\"logo\":{\"@type\":\"ImageObject\",\"inLanguage\":\"nl-NL\",\"@id\":\"https:\\\/\\\/hockey.be\\\/nl\\\/#\\\/schema\\\/logo\\\/image\\\/\",\"url\":\"https:\\\/\\\/hockey.be\\\/wp-content\\\/uploads\\\/2025\\\/07\\\/logo-hockey-be.svg\",\"contentUrl\":\"https:\\\/\\\/hockey.be\\\/wp-content\\\/uploads\\\/2025\\\/07\\\/logo-hockey-be.svg\",\"width\":724.16,\"height\":241.49,\"caption\":\"Hockey Belgium\"},\"image\":{\"@id\":\"https:\\\/\\\/hockey.be\\\/nl\\\/#\\\/schema\\\/logo\\\/image\\\/\"}}]}<\/script>\n<!-- \/ Yoast SEO plugin. -->","yoast_head_json":{"title":"Indoor - Hockey Belgium","robots":{"index":"index","follow":"follow","max-snippet":"max-snippet:-1","max-image-preview":"max-image-preview:large","max-video-preview":"max-video-preview:-1"},"canonical":"https:\/\/hockey.be\/nl\/hockey-wallonie-bruxelles\/hockey-academy\/club-manager-academy\/indoor\/","og_locale":"nl_NL","og_type":"article","og_title":"Indoor - Hockey Belgium","og_description":"Midi des secr\u00e9taires Midi des secr\u00e9taires &#8211; mardi 19 novembre 2024 Salles \u00e9ph\u00e9m\u00e8res","og_url":"https:\/\/hockey.be\/nl\/hockey-wallonie-bruxelles\/hockey-academy\/club-manager-academy\/indoor\/","og_site_name":"Hockey Belgium","article_modified_time":"2025-08-27T15:45:01+00:00","og_image":[{"width":2400,"height":665,"url":"https:\/\/hockey.be\/wp-content\/uploads\/2025\/08\/92.png","type":"image\/png"}],"twitter_card":"summary_large_image","twitter_misc":{"Geschatte leestijd":"1 minuut"},"schema":{"@context":"https:\/\/schema.org","@graph":[{"@type":"WebPage","@id":"https:\/\/hockey.be\/nl\/hockey-wallonie-bruxelles\/hockey-academy\/club-manager-academy\/indoor\/","url":"https:\/\/hockey.be\/nl\/hockey-wallonie-bruxelles\/hockey-academy\/club-manager-academy\/indoor\/","name":"Indoor - Hockey Belgium","isPartOf":{"@id":"https:\/\/hockey.be\/nl\/#website"},"primaryImageOfPage":{"@id":"https:\/\/hockey.be\/nl\/hockey-wallonie-bruxelles\/hockey-academy\/club-manager-academy\/indoor\/#primaryimage"},"image":{"@id":"https:\/\/hockey.be\/nl\/hockey-wallonie-bruxelles\/hockey-academy\/club-manager-academy\/indoor\/#primaryimage"},"thumbnailUrl":"https:\/\/hockey.be\/wp-content\/uploads\/2025\/08\/92.png","datePublished":"2024-04-24T10:53:58+00:00","dateModified":"2025-08-27T15:45:01+00:00","breadcrumb":{"@id":"https:\/\/hockey.be\/nl\/hockey-wallonie-bruxelles\/hockey-academy\/club-manager-academy\/indoor\/#breadcrumb"},"inLanguage":"nl-NL","potentialAction":[{"@type":"ReadAction","target":["https:\/\/hockey.be\/nl\/hockey-wallonie-bruxelles\/hockey-academy\/club-manager-academy\/indoor\/"]}]},{"@type":"ImageObject","inLanguage":"nl-NL","@id":"https:\/\/hockey.be\/nl\/hockey-wallonie-bruxelles\/hockey-academy\/club-manager-academy\/indoor\/#primaryimage","url":"https:\/\/hockey.be\/wp-content\/uploads\/2025\/08\/92.png","contentUrl":"https:\/\/hockey.be\/wp-content\/uploads\/2025\/08\/92.png","width":2400,"height":665},{"@type":"BreadcrumbList","@id":"https:\/\/hockey.be\/nl\/hockey-wallonie-bruxelles\/hockey-academy\/club-manager-academy\/indoor\/#breadcrumb","itemListElement":[{"@type":"ListItem","position":1,"name":"Home","item":"https:\/\/hockey.be\/nl\/hockey-belgium\/"},{"@type":"ListItem","position":2,"name":"Hockey Wallonie Bruxelles","item":"https:\/\/hockey.be\/nl\/hockey-wallonie-bruxelles\/"},{"@type":"ListItem","position":3,"name":"Hockey Academy","item":"https:\/\/hockey.be\/nl\/hockey-wallonie-bruxelles\/hockey-academy\/"},{"@type":"ListItem","position":4,"name":"Club Manager Academy","item":"https:\/\/hockey.be\/nl\/hockey-wallonie-bruxelles\/hockey-academy\/club-manager-academy\/"},{"@type":"ListItem","position":5,"name":"Indoor"}]},{"@type":"WebSite","@id":"https:\/\/hockey.be\/nl\/#website","url":"https:\/\/hockey.be\/nl\/","name":"Hockey Belgium","description":"","publisher":{"@id":"https:\/\/hockey.be\/nl\/#organization"},"potentialAction":[{"@type":"SearchAction","target":{"@type":"EntryPoint","urlTemplate":"https:\/\/hockey.be\/nl\/?s={search_term_string}"},"query-input":{"@type":"PropertyValueSpecification","valueRequired":true,"valueName":"search_term_string"}}],"inLanguage":"nl-NL"},{"@type":"Organization","@id":"https:\/\/hockey.be\/nl\/#organization","name":"Hockey Belgium","url":"https:\/\/hockey.be\/nl\/","logo":{"@type":"ImageObject","inLanguage":"nl-NL","@id":"https:\/\/hockey.be\/nl\/#\/schema\/logo\/image\/","url":"https:\/\/hockey.be\/wp-content\/uploads\/2025\/07\/logo-hockey-be.svg","contentUrl":"https:\/\/hockey.be\/wp-content\/uploads\/2025\/07\/logo-hockey-be.svg","width":724.16,"height":241.49,"caption":"Hockey Belgium"},"image":{"@id":"https:\/\/hockey.be\/nl\/#\/schema\/logo\/image\/"}}]}},"_links":{"self":[{"href":"https:\/\/hockey.be\/nl\/wp-json\/wp\/v2\/pages\/63513","targetHints":{"allow":["GET"]}}],"collection":[{"href":"https:\/\/hockey.be\/nl\/wp-json\/wp\/v2\/pages"}],"about":[{"href":"https:\/\/hockey.be\/nl\/wp-json\/wp\/v2\/types\/page"}],"author":[{"embeddable":true,"href":"https:\/\/hockey.be\/nl\/wp-json\/wp\/v2\/users\/16"}],"replies":[{"embeddable":true,"href":"https:\/\/hockey.be\/nl\/wp-json\/wp\/v2\/comments?post=63513"}],"version-history":[{"count":7,"href":"https:\/\/hockey.be\/nl\/wp-json\/wp\/v2\/pages\/63513\/revisions"}],"predecessor-version":[{"id":84914,"href":"https:\/\/hockey.be\/nl\/wp-json\/wp\/v2\/pages\/63513\/revisions\/84914"}],"up":[{"embeddable":true,"href":"https:\/\/hockey.be\/nl\/wp-json\/wp\/v2\/pages\/27645"}],"wp:featuredmedia":[{"embeddable":true,"href":"https:\/\/hockey.be\/nl\/wp-json\/wp\/v2\/media\/83196"}],"wp:attachment":[{"href":"https:\/\/hockey.be\/nl\/wp-json\/wp\/v2\/media?parent=63513"}],"wp:term":[{"taxonomy":"category","embeddable":true,"href":"https:\/\/hockey.be\/nl\/wp-json\/wp\/v2\/categories?post=63513"},{"taxonomy":"post_tag","embeddable":true,"href":"https:\/\/hockey.be\/nl\/wp-json\/wp\/v2\/tags?post=63513"}],"curies":[{"name":"wp","href":"https:\/\/api.w.org\/{rel}","templated":true}]}}