{"id":46993,"date":"2022-12-14T16:12:03","date_gmt":"2022-12-14T15:12:03","guid":{"rendered":"https:\/\/hockey.be\/?page_id=46993"},"modified":"2025-11-13T10:45:54","modified_gmt":"2025-11-13T09:45:54","slug":"golden-stick","status":"publish","type":"page","link":"https:\/\/hockey.be\/nl\/golden-stick\/","title":{"rendered":"Golden stick"},"content":{"rendered":"\t\t<div data-elementor-type=\"wp-page\" data-elementor-id=\"46993\" class=\"elementor elementor-46993 elementor-46922\" data-elementor-post-type=\"page\">\n\t\t\t\t<div class=\"elementor-element elementor-element-f611f22 e-flex e-con-boxed e-con e-parent\" data-id=\"f611f22\" data-element_type=\"container\" data-e-type=\"container\" data-settings=\"{&quot;jet_parallax_layout_list&quot;:[{&quot;_id&quot;:&quot;20a3005&quot;,&quot;jet_parallax_layout_image&quot;:{&quot;url&quot;:&quot;&quot;,&quot;id&quot;:&quot;&quot;,&quot;size&quot;:&quot;&quot;},&quot;jet_parallax_layout_image_widescreen&quot;:{&quot;url&quot;:&quot;&quot;,&quot;id&quot;:&quot;&quot;,&quot;size&quot;:&quot;&quot;},&quot;jet_parallax_layout_image_laptop&quot;:{&quot;url&quot;:&quot;&quot;,&quot;id&quot;:&quot;&quot;,&quot;size&quot;:&quot;&quot;},&quot;jet_parallax_layout_image_tablet_extra&quot;:{&quot;url&quot;:&quot;&quot;,&quot;id&quot;:&quot;&quot;,&quot;size&quot;:&quot;&quot;},&quot;jet_parallax_layout_image_tablet&quot;:{&quot;url&quot;:&quot;&quot;,&quot;id&quot;:&quot;&quot;,&quot;size&quot;:&quot;&quot;},&quot;jet_parallax_layout_image_mobile_extra&quot;:{&quot;url&quot;:&quot;&quot;,&quot;id&quot;:&quot;&quot;,&quot;size&quot;:&quot;&quot;},&quot;jet_parallax_layout_image_mobile&quot;:{&quot;url&quot;:&quot;&quot;,&quot;id&quot;:&quot;&quot;,&quot;size&quot;:&quot;&quot;},&quot;jet_parallax_layout_speed&quot;:{&quot;unit&quot;:&quot;%&quot;,&quot;size&quot;:50,&quot;sizes&quot;:[]},&quot;jet_parallax_layout_type&quot;:&quot;scroll&quot;,&quot;jet_parallax_layout_direction&quot;:&quot;1&quot;,&quot;jet_parallax_layout_fx_direction&quot;:null,&quot;jet_parallax_layout_z_index&quot;:&quot;&quot;,&quot;jet_parallax_layout_bg_x&quot;:50,&quot;jet_parallax_layout_bg_x_widescreen&quot;:&quot;&quot;,&quot;jet_parallax_layout_bg_x_laptop&quot;:&quot;&quot;,&quot;jet_parallax_layout_bg_x_tablet_extra&quot;:&quot;&quot;,&quot;jet_parallax_layout_bg_x_tablet&quot;:&quot;&quot;,&quot;jet_parallax_layout_bg_x_mobile_extra&quot;:&quot;&quot;,&quot;jet_parallax_layout_bg_x_mobile&quot;:&quot;&quot;,&quot;jet_parallax_layout_bg_y&quot;:50,&quot;jet_parallax_layout_bg_y_widescreen&quot;:&quot;&quot;,&quot;jet_parallax_layout_bg_y_laptop&quot;:&quot;&quot;,&quot;jet_parallax_layout_bg_y_tablet_extra&quot;:&quot;&quot;,&quot;jet_parallax_layout_bg_y_tablet&quot;:&quot;&quot;,&quot;jet_parallax_layout_bg_y_mobile_extra&quot;:&quot;&quot;,&quot;jet_parallax_layout_bg_y_mobile&quot;:&quot;&quot;,&quot;jet_parallax_layout_bg_size&quot;:&quot;auto&quot;,&quot;jet_parallax_layout_bg_size_widescreen&quot;:&quot;&quot;,&quot;jet_parallax_layout_bg_size_laptop&quot;:&quot;&quot;,&quot;jet_parallax_layout_bg_size_tablet_extra&quot;:&quot;&quot;,&quot;jet_parallax_layout_bg_size_tablet&quot;:&quot;&quot;,&quot;jet_parallax_layout_bg_size_mobile_extra&quot;:&quot;&quot;,&quot;jet_parallax_layout_bg_size_mobile&quot;:&quot;&quot;,&quot;jet_parallax_layout_animation_prop&quot;:&quot;transform&quot;,&quot;jet_parallax_layout_on&quot;:[&quot;desktop&quot;,&quot;tablet&quot;]}]}\">\n\t\t\t\t\t<div class=\"e-con-inner\">\n\t\t<div class=\"elementor-element elementor-element-d8e9980 e-con-full e-flex e-con e-child\" data-id=\"d8e9980\" data-element_type=\"container\" data-e-type=\"container\" data-settings=\"{&quot;jet_parallax_layout_list&quot;:[]}\">\n\t\t\t\t<div class=\"elementor-element elementor-element-f718edb elementor-widget elementor-widget-heading\" data-id=\"f718edb\" data-element_type=\"widget\" data-e-type=\"widget\" data-widget_type=\"heading.default\">\n\t\t\t\t<div class=\"elementor-widget-container\">\n\t\t\t\t\t<h1 class=\"elementor-heading-title elementor-size-default\">Golden stick<\/h1>\t\t\t\t<\/div>\n\t\t\t\t<\/div>\n\t\t\t\t<div class=\"elementor-element elementor-element-a8469b0 elementor-widget-divider--view-line elementor-widget elementor-widget-divider\" data-id=\"a8469b0\" data-element_type=\"widget\" data-e-type=\"widget\" data-widget_type=\"divider.default\">\n\t\t\t\t<div class=\"elementor-widget-container\">\n\t\t\t\t\t\t\t<div class=\"elementor-divider\">\n\t\t\t<span class=\"elementor-divider-separator\">\n\t\t\t\t\t\t<\/span>\n\t\t<\/div>\n\t\t\t\t\t\t<\/div>\n\t\t\t\t<\/div>\n\t\t\t\t<div class=\"elementor-element elementor-element-91c0ed9 elementor-widget elementor-widget-text-editor\" data-id=\"91c0ed9\" data-element_type=\"widget\" data-e-type=\"widget\" data-widget_type=\"text-editor.default\">\n\t\t\t\t<div class=\"elementor-widget-container\">\n\t\t\t\t\t\t\t\t\t<p>De Gouden Sticks zijn de prestigieuze awards die ieder seizoen worden uitgereikt aan de beste speelster en beste speler van de Belfius Women\u2019s League en van de Carlsberg 0.0 Men\u2019s League. De uitreiking van deze awards vindt elk jaar plaats tijdens een grote gala-avond waarop de genomineerden, hun supporters, hun clubs en de genodigden van de Hockeyfederatie samen komen.<\/p>\t\t\t\t\t\t\t\t<\/div>\n\t\t\t\t<\/div>\n\t\t\t\t<div class=\"elementor-element elementor-element-ccdc975 elementor-widget elementor-widget-heading\" data-id=\"ccdc975\" data-element_type=\"widget\" data-e-type=\"widget\" data-widget_type=\"heading.default\">\n\t\t\t\t<div class=\"elementor-widget-container\">\n\t\t\t\t\t<h2 class=\"elementor-heading-title elementor-size-default\">Timing<\/h2>\t\t\t\t<\/div>\n\t\t\t\t<\/div>\n\t\t\t\t<div class=\"elementor-element elementor-element-58b327a elementor-widget elementor-widget-text-editor\" data-id=\"58b327a\" data-element_type=\"widget\" data-e-type=\"widget\" data-widget_type=\"text-editor.default\">\n\t\t\t\t<div class=\"elementor-widget-container\">\n\t\t\t\t\t\t\t\t\t<ul><li><strong>Enkel het reguliere seizoen<\/strong> zal worden in acht genomen voor de stemming.<ul><li>De prestaties tijdens de play-offs komen niet in aanmerking.<\/li><\/ul><\/li><li><strong>Twee stemrondes<\/strong>:<ol><li>onmiddellijk na het einde van de eerste ronde (duur 2 weken)<\/li><li>\u00e9\u00e9n week voor het einde van de reguliere competitie en \u00e9\u00e9n week erna (duur 2 weken)<\/li><\/ol><\/li><li>Het gala zal zo snel mogelijk plaatsvinden na het einde van de play-offs<\/li><\/ul>\t\t\t\t\t\t\t\t<\/div>\n\t\t\t\t<\/div>\n\t\t\t\t<div class=\"elementor-element elementor-element-fd94efe elementor-widget elementor-widget-heading\" data-id=\"fd94efe\" data-element_type=\"widget\" data-e-type=\"widget\" data-widget_type=\"heading.default\">\n\t\t\t\t<div class=\"elementor-widget-container\">\n\t\t\t\t\t<h2 class=\"elementor-heading-title elementor-size-default\">Stemgerechtigden<\/h2>\t\t\t\t<\/div>\n\t\t\t\t<\/div>\n\t\t\t\t<div class=\"elementor-element elementor-element-2ac36d8 elementor-widget elementor-widget-text-editor\" data-id=\"2ac36d8\" data-element_type=\"widget\" data-e-type=\"widget\" data-widget_type=\"text-editor.default\">\n\t\t\t\t<div class=\"elementor-widget-container\">\n\t\t\t\t\t\t\t\t\t<ul><li><strong>1 stem per hoofdcoach<\/strong> (Belfius Women\u2019s League &amp; Carlsberg 0.0 Men\u2019s League)<ul><li>Online invulformulier<\/li><\/ul><\/li><li><strong>1 stem per speler<\/strong> (Belfius Women\u2019s League &amp; Carlsberg 0.0 Men\u2019s League)<ul><li>Online invulformulier<\/li><li><p>18 stemmen per ploeg: alleen de 18 spelers met het hoogste aantal caps per ploeg (per competitieronde) mogen stemmen.<\/p><\/li><\/ul><\/li><\/ul>\t\t\t\t\t\t\t\t<\/div>\n\t\t\t\t<\/div>\n\t\t\t\t<div class=\"elementor-element elementor-element-934cdc3 elementor-widget elementor-widget-heading\" data-id=\"934cdc3\" data-element_type=\"widget\" data-e-type=\"widget\" data-widget_type=\"heading.default\">\n\t\t\t\t<div class=\"elementor-widget-container\">\n\t\t\t\t\t<h2 class=\"elementor-heading-title elementor-size-default\">Stem format<\/h2>\t\t\t\t<\/div>\n\t\t\t\t<\/div>\n\t\t\t\t<div class=\"elementor-element elementor-element-acfa47e elementor-widget elementor-widget-text-editor\" data-id=\"acfa47e\" data-element_type=\"widget\" data-e-type=\"widget\" data-widget_type=\"text-editor.default\">\n\t\t\t\t<div class=\"elementor-widget-container\">\n\t\t\t\t\t\t\t\t\t<ul>\n<li>Elke stemgerechtigde mag stemmen voor de <strong>top-5 in elke categorie.<\/strong>\n<ul>\n<li>Uitreiking van 5 \u2013 4 \u2013 3 \u2013 2 \u2013 1 punten aan <u>verschillende spelers<\/u>.<\/li>\n<li><strong>Stemmen<\/strong> <strong>voor zichzelf is niet toegelaten (deze stem zal als ongeldig worden beschouwd)<\/strong>. Stemmen voor een teamgenoot is wel toegelaten.<\/li>\n<\/ul>\n<\/li>\n<li>Verschillende categorie\u00ebn:\n<ul>\n<li>Gouden Stick \u2013 Belfius Women\u2019s League &amp; Carlsberg 0.0 Men\u2019s League<\/li>\n<li>Rising Star \u2013 Belfius Women\u2019s League &amp; Carlsberg 0.0 Men\u2019s League (&lt;21 jaar bij de start van het desbetreffende seizoen)<\/li>\n<li>Scheidsrechter van het Jaar \u2013 Belfius Women\u2019s League &amp; Carlsberg 0.0 Men\u2019s League<\/li>\n<li>Goalkeeper van het Jaar \u2013 Belfius Women\u2019s League &amp; Carlsberg 0.0 Men\u2019s League<\/li>\n<li>Carlsberg 0.0 Coach van het Jaar \u2013 Belfius Women\u2019s League &amp; Carlsberg 0.0 Men\u2019s League<\/li>\n<\/ul>\n<\/li>\n<\/ul>\t\t\t\t\t\t\t\t<\/div>\n\t\t\t\t<\/div>\n\t\t\t\t<div class=\"elementor-element elementor-element-77be8b0 elementor-widget-divider--view-line elementor-widget elementor-widget-divider\" data-id=\"77be8b0\" data-element_type=\"widget\" data-e-type=\"widget\" data-widget_type=\"divider.default\">\n\t\t\t\t<div class=\"elementor-widget-container\">\n\t\t\t\t\t\t\t<div class=\"elementor-divider\">\n\t\t\t<span class=\"elementor-divider-separator\">\n\t\t\t\t\t\t<\/span>\n\t\t<\/div>\n\t\t\t\t\t\t<\/div>\n\t\t\t\t<\/div>\n\t\t\t\t<\/div>\n\t\t\t\t\t<\/div>\n\t\t\t\t<\/div>\n\t\t\t\t<\/div>\n\t\t","protected":false},"excerpt":{"rendered":"<p>De Gouden Sticks zijn de prestigieuze awards die ieder seizoen worden uitgereikt aan de beste speelster en beste speler van de Belfius Women\u2019s League en van de Carlsberg 0.0 Men\u2019s [&hellip;]<\/p>\n","protected":false},"author":16,"featured_media":84767,"parent":0,"menu_order":0,"comment_status":"closed","ping_status":"closed","template":"","meta":{"_acf_changed":false,"footnotes":""},"categories":[670],"tags":[],"class_list":["post-46993","page","type-page","status-publish","has-post-thumbnail","hentry","category-golden-stick-news-2"],"acf":[],"yoast_head":"<!-- This site is optimized with the Yoast SEO plugin v27.5 - https:\/\/yoast.com\/product\/yoast-seo-wordpress\/ -->\n<title>Golden stick - Hockey Belgium<\/title>\n<meta name=\"description\" content=\"De Gouden Sticks zijn de prestigieuze awards die ieder seizoen worden uitgereikt aan de beste speelster en beste speler van de (lees meer)\" \/>\n<meta name=\"robots\" content=\"index, follow, max-snippet:-1, max-image-preview:large, max-video-preview:-1\" \/>\n<link rel=\"canonical\" href=\"https:\/\/hockey.be\/nl\/golden-stick\/\" \/>\n<meta property=\"og:locale\" content=\"nl_NL\" \/>\n<meta property=\"og:type\" content=\"article\" \/>\n<meta property=\"og:title\" content=\"Golden stick - Hockey Belgium\" \/>\n<meta property=\"og:description\" content=\"De Gouden Sticks zijn de prestigieuze awards die ieder seizoen worden uitgereikt aan de beste speelster en beste speler van de (lees meer)\" \/>\n<meta property=\"og:url\" content=\"https:\/\/hockey.be\/nl\/golden-stick\/\" \/>\n<meta property=\"og:site_name\" content=\"Hockey Belgium\" \/>\n<meta property=\"article:modified_time\" content=\"2025-11-13T09:45:54+00:00\" \/>\n<meta property=\"og:image\" content=\"https:\/\/hockey.be\/wp-content\/uploads\/2025\/08\/Header-Site-web-11.png\" \/>\n\t<meta property=\"og:image:width\" content=\"2400\" \/>\n\t<meta property=\"og:image:height\" content=\"665\" \/>\n\t<meta property=\"og:image:type\" content=\"image\/png\" \/>\n<meta name=\"twitter:card\" content=\"summary_large_image\" \/>\n<meta name=\"twitter:label1\" content=\"Geschatte leestijd\" \/>\n\t<meta name=\"twitter:data1\" content=\"2 minuten\" \/>\n<script type=\"application\/ld+json\" class=\"yoast-schema-graph\">{\"@context\":\"https:\\\/\\\/schema.org\",\"@graph\":[{\"@type\":\"WebPage\",\"@id\":\"https:\\\/\\\/hockey.be\\\/nl\\\/golden-stick\\\/\",\"url\":\"https:\\\/\\\/hockey.be\\\/nl\\\/golden-stick\\\/\",\"name\":\"Golden stick - Hockey Belgium\",\"isPartOf\":{\"@id\":\"https:\\\/\\\/hockey.be\\\/nl\\\/#website\"},\"primaryImageOfPage\":{\"@id\":\"https:\\\/\\\/hockey.be\\\/nl\\\/golden-stick\\\/#primaryimage\"},\"image\":{\"@id\":\"https:\\\/\\\/hockey.be\\\/nl\\\/golden-stick\\\/#primaryimage\"},\"thumbnailUrl\":\"https:\\\/\\\/hockey.be\\\/wp-content\\\/uploads\\\/2025\\\/08\\\/Header-Site-web-11.png\",\"datePublished\":\"2022-12-14T15:12:03+00:00\",\"dateModified\":\"2025-11-13T09:45:54+00:00\",\"description\":\"De Gouden Sticks zijn de prestigieuze awards die ieder seizoen worden uitgereikt aan de beste speelster en beste speler van de (lees meer)\",\"breadcrumb\":{\"@id\":\"https:\\\/\\\/hockey.be\\\/nl\\\/golden-stick\\\/#breadcrumb\"},\"inLanguage\":\"nl-NL\",\"potentialAction\":[{\"@type\":\"ReadAction\",\"target\":[\"https:\\\/\\\/hockey.be\\\/nl\\\/golden-stick\\\/\"]}]},{\"@type\":\"ImageObject\",\"inLanguage\":\"nl-NL\",\"@id\":\"https:\\\/\\\/hockey.be\\\/nl\\\/golden-stick\\\/#primaryimage\",\"url\":\"https:\\\/\\\/hockey.be\\\/wp-content\\\/uploads\\\/2025\\\/08\\\/Header-Site-web-11.png\",\"contentUrl\":\"https:\\\/\\\/hockey.be\\\/wp-content\\\/uploads\\\/2025\\\/08\\\/Header-Site-web-11.png\",\"width\":2400,\"height\":665},{\"@type\":\"BreadcrumbList\",\"@id\":\"https:\\\/\\\/hockey.be\\\/nl\\\/golden-stick\\\/#breadcrumb\",\"itemListElement\":[{\"@type\":\"ListItem\",\"position\":1,\"name\":\"Home\",\"item\":\"https:\\\/\\\/hockey.be\\\/nl\\\/hockey-belgium\\\/\"},{\"@type\":\"ListItem\",\"position\":2,\"name\":\"Golden stick\"}]},{\"@type\":\"WebSite\",\"@id\":\"https:\\\/\\\/hockey.be\\\/nl\\\/#website\",\"url\":\"https:\\\/\\\/hockey.be\\\/nl\\\/\",\"name\":\"Hockey Belgium\",\"description\":\"\",\"publisher\":{\"@id\":\"https:\\\/\\\/hockey.be\\\/nl\\\/#organization\"},\"potentialAction\":[{\"@type\":\"SearchAction\",\"target\":{\"@type\":\"EntryPoint\",\"urlTemplate\":\"https:\\\/\\\/hockey.be\\\/nl\\\/?s={search_term_string}\"},\"query-input\":{\"@type\":\"PropertyValueSpecification\",\"valueRequired\":true,\"valueName\":\"search_term_string\"}}],\"inLanguage\":\"nl-NL\"},{\"@type\":\"Organization\",\"@id\":\"https:\\\/\\\/hockey.be\\\/nl\\\/#organization\",\"name\":\"Hockey Belgium\",\"url\":\"https:\\\/\\\/hockey.be\\\/nl\\\/\",\"logo\":{\"@type\":\"ImageObject\",\"inLanguage\":\"nl-NL\",\"@id\":\"https:\\\/\\\/hockey.be\\\/nl\\\/#\\\/schema\\\/logo\\\/image\\\/\",\"url\":\"https:\\\/\\\/hockey.be\\\/wp-content\\\/uploads\\\/2025\\\/07\\\/logo-hockey-be.svg\",\"contentUrl\":\"https:\\\/\\\/hockey.be\\\/wp-content\\\/uploads\\\/2025\\\/07\\\/logo-hockey-be.svg\",\"width\":724.16,\"height\":241.49,\"caption\":\"Hockey Belgium\"},\"image\":{\"@id\":\"https:\\\/\\\/hockey.be\\\/nl\\\/#\\\/schema\\\/logo\\\/image\\\/\"}}]}<\/script>\n<!-- \/ Yoast SEO plugin. -->","yoast_head_json":{"title":"Golden stick - Hockey Belgium","description":"De Gouden Sticks zijn de prestigieuze awards die ieder seizoen worden uitgereikt aan de beste speelster en beste speler van de (lees meer)","robots":{"index":"index","follow":"follow","max-snippet":"max-snippet:-1","max-image-preview":"max-image-preview:large","max-video-preview":"max-video-preview:-1"},"canonical":"https:\/\/hockey.be\/nl\/golden-stick\/","og_locale":"nl_NL","og_type":"article","og_title":"Golden stick - Hockey Belgium","og_description":"De Gouden Sticks zijn de prestigieuze awards die ieder seizoen worden uitgereikt aan de beste speelster en beste speler van de (lees meer)","og_url":"https:\/\/hockey.be\/nl\/golden-stick\/","og_site_name":"Hockey Belgium","article_modified_time":"2025-11-13T09:45:54+00:00","og_image":[{"width":2400,"height":665,"url":"https:\/\/hockey.be\/wp-content\/uploads\/2025\/08\/Header-Site-web-11.png","type":"image\/png"}],"twitter_card":"summary_large_image","twitter_misc":{"Geschatte leestijd":"2 minuten"},"schema":{"@context":"https:\/\/schema.org","@graph":[{"@type":"WebPage","@id":"https:\/\/hockey.be\/nl\/golden-stick\/","url":"https:\/\/hockey.be\/nl\/golden-stick\/","name":"Golden stick - Hockey Belgium","isPartOf":{"@id":"https:\/\/hockey.be\/nl\/#website"},"primaryImageOfPage":{"@id":"https:\/\/hockey.be\/nl\/golden-stick\/#primaryimage"},"image":{"@id":"https:\/\/hockey.be\/nl\/golden-stick\/#primaryimage"},"thumbnailUrl":"https:\/\/hockey.be\/wp-content\/uploads\/2025\/08\/Header-Site-web-11.png","datePublished":"2022-12-14T15:12:03+00:00","dateModified":"2025-11-13T09:45:54+00:00","description":"De Gouden Sticks zijn de prestigieuze awards die ieder seizoen worden uitgereikt aan de beste speelster en beste speler van de (lees meer)","breadcrumb":{"@id":"https:\/\/hockey.be\/nl\/golden-stick\/#breadcrumb"},"inLanguage":"nl-NL","potentialAction":[{"@type":"ReadAction","target":["https:\/\/hockey.be\/nl\/golden-stick\/"]}]},{"@type":"ImageObject","inLanguage":"nl-NL","@id":"https:\/\/hockey.be\/nl\/golden-stick\/#primaryimage","url":"https:\/\/hockey.be\/wp-content\/uploads\/2025\/08\/Header-Site-web-11.png","contentUrl":"https:\/\/hockey.be\/wp-content\/uploads\/2025\/08\/Header-Site-web-11.png","width":2400,"height":665},{"@type":"BreadcrumbList","@id":"https:\/\/hockey.be\/nl\/golden-stick\/#breadcrumb","itemListElement":[{"@type":"ListItem","position":1,"name":"Home","item":"https:\/\/hockey.be\/nl\/hockey-belgium\/"},{"@type":"ListItem","position":2,"name":"Golden stick"}]},{"@type":"WebSite","@id":"https:\/\/hockey.be\/nl\/#website","url":"https:\/\/hockey.be\/nl\/","name":"Hockey Belgium","description":"","publisher":{"@id":"https:\/\/hockey.be\/nl\/#organization"},"potentialAction":[{"@type":"SearchAction","target":{"@type":"EntryPoint","urlTemplate":"https:\/\/hockey.be\/nl\/?s={search_term_string}"},"query-input":{"@type":"PropertyValueSpecification","valueRequired":true,"valueName":"search_term_string"}}],"inLanguage":"nl-NL"},{"@type":"Organization","@id":"https:\/\/hockey.be\/nl\/#organization","name":"Hockey Belgium","url":"https:\/\/hockey.be\/nl\/","logo":{"@type":"ImageObject","inLanguage":"nl-NL","@id":"https:\/\/hockey.be\/nl\/#\/schema\/logo\/image\/","url":"https:\/\/hockey.be\/wp-content\/uploads\/2025\/07\/logo-hockey-be.svg","contentUrl":"https:\/\/hockey.be\/wp-content\/uploads\/2025\/07\/logo-hockey-be.svg","width":724.16,"height":241.49,"caption":"Hockey Belgium"},"image":{"@id":"https:\/\/hockey.be\/nl\/#\/schema\/logo\/image\/"}}]}},"_links":{"self":[{"href":"https:\/\/hockey.be\/nl\/wp-json\/wp\/v2\/pages\/46993","targetHints":{"allow":["GET"]}}],"collection":[{"href":"https:\/\/hockey.be\/nl\/wp-json\/wp\/v2\/pages"}],"about":[{"href":"https:\/\/hockey.be\/nl\/wp-json\/wp\/v2\/types\/page"}],"author":[{"embeddable":true,"href":"https:\/\/hockey.be\/nl\/wp-json\/wp\/v2\/users\/16"}],"replies":[{"embeddable":true,"href":"https:\/\/hockey.be\/nl\/wp-json\/wp\/v2\/comments?post=46993"}],"version-history":[{"count":25,"href":"https:\/\/hockey.be\/nl\/wp-json\/wp\/v2\/pages\/46993\/revisions"}],"predecessor-version":[{"id":88295,"href":"https:\/\/hockey.be\/nl\/wp-json\/wp\/v2\/pages\/46993\/revisions\/88295"}],"wp:featuredmedia":[{"embeddable":true,"href":"https:\/\/hockey.be\/nl\/wp-json\/wp\/v2\/media\/84767"}],"wp:attachment":[{"href":"https:\/\/hockey.be\/nl\/wp-json\/wp\/v2\/media?parent=46993"}],"wp:term":[{"taxonomy":"category","embeddable":true,"href":"https:\/\/hockey.be\/nl\/wp-json\/wp\/v2\/categories?post=46993"},{"taxonomy":"post_tag","embeddable":true,"href":"https:\/\/hockey.be\/nl\/wp-json\/wp\/v2\/tags?post=46993"}],"curies":[{"name":"wp","href":"https:\/\/api.w.org\/{rel}","templated":true}]}}