{"id":39890,"date":"2021-11-29T15:40:23","date_gmt":"2021-11-29T14:40:23","guid":{"rendered":"https:\/\/hockey.be\/?page_id=39890"},"modified":"2025-08-27T14:03:51","modified_gmt":"2025-08-27T12:03:51","slug":"urban-youth-games","status":"publish","type":"page","link":"https:\/\/hockey.be\/nl\/hockey2school\/urban-youth-games\/","title":{"rendered":"Urban Youth Games"},"content":{"rendered":"\t\t<div data-elementor-type=\"wp-page\" data-elementor-id=\"39890\" class=\"elementor elementor-39890\" data-elementor-post-type=\"page\">\n\t\t\t\t<div class=\"elementor-element elementor-element-b3bdff2 e-flex e-con-boxed e-con e-parent\" data-id=\"b3bdff2\" data-element_type=\"container\" data-e-type=\"container\" data-settings=\"{&quot;jet_parallax_layout_list&quot;:[{&quot;_id&quot;:&quot;20a3005&quot;,&quot;jet_parallax_layout_image&quot;:{&quot;url&quot;:&quot;&quot;,&quot;id&quot;:&quot;&quot;,&quot;size&quot;:&quot;&quot;},&quot;jet_parallax_layout_image_widescreen&quot;:{&quot;url&quot;:&quot;&quot;,&quot;id&quot;:&quot;&quot;,&quot;size&quot;:&quot;&quot;},&quot;jet_parallax_layout_image_laptop&quot;:{&quot;url&quot;:&quot;&quot;,&quot;id&quot;:&quot;&quot;,&quot;size&quot;:&quot;&quot;},&quot;jet_parallax_layout_image_tablet_extra&quot;:{&quot;url&quot;:&quot;&quot;,&quot;id&quot;:&quot;&quot;,&quot;size&quot;:&quot;&quot;},&quot;jet_parallax_layout_image_tablet&quot;:{&quot;url&quot;:&quot;&quot;,&quot;id&quot;:&quot;&quot;,&quot;size&quot;:&quot;&quot;},&quot;jet_parallax_layout_image_mobile_extra&quot;:{&quot;url&quot;:&quot;&quot;,&quot;id&quot;:&quot;&quot;,&quot;size&quot;:&quot;&quot;},&quot;jet_parallax_layout_image_mobile&quot;:{&quot;url&quot;:&quot;&quot;,&quot;id&quot;:&quot;&quot;,&quot;size&quot;:&quot;&quot;},&quot;jet_parallax_layout_speed&quot;:{&quot;unit&quot;:&quot;%&quot;,&quot;size&quot;:50,&quot;sizes&quot;:[]},&quot;jet_parallax_layout_type&quot;:&quot;scroll&quot;,&quot;jet_parallax_layout_direction&quot;:&quot;1&quot;,&quot;jet_parallax_layout_fx_direction&quot;:null,&quot;jet_parallax_layout_z_index&quot;:&quot;&quot;,&quot;jet_parallax_layout_bg_x&quot;:50,&quot;jet_parallax_layout_bg_x_widescreen&quot;:&quot;&quot;,&quot;jet_parallax_layout_bg_x_laptop&quot;:&quot;&quot;,&quot;jet_parallax_layout_bg_x_tablet_extra&quot;:&quot;&quot;,&quot;jet_parallax_layout_bg_x_tablet&quot;:&quot;&quot;,&quot;jet_parallax_layout_bg_x_mobile_extra&quot;:&quot;&quot;,&quot;jet_parallax_layout_bg_x_mobile&quot;:&quot;&quot;,&quot;jet_parallax_layout_bg_y&quot;:50,&quot;jet_parallax_layout_bg_y_widescreen&quot;:&quot;&quot;,&quot;jet_parallax_layout_bg_y_laptop&quot;:&quot;&quot;,&quot;jet_parallax_layout_bg_y_tablet_extra&quot;:&quot;&quot;,&quot;jet_parallax_layout_bg_y_tablet&quot;:&quot;&quot;,&quot;jet_parallax_layout_bg_y_mobile_extra&quot;:&quot;&quot;,&quot;jet_parallax_layout_bg_y_mobile&quot;:&quot;&quot;,&quot;jet_parallax_layout_bg_size&quot;:&quot;auto&quot;,&quot;jet_parallax_layout_bg_size_widescreen&quot;:&quot;&quot;,&quot;jet_parallax_layout_bg_size_laptop&quot;:&quot;&quot;,&quot;jet_parallax_layout_bg_size_tablet_extra&quot;:&quot;&quot;,&quot;jet_parallax_layout_bg_size_tablet&quot;:&quot;&quot;,&quot;jet_parallax_layout_bg_size_mobile_extra&quot;:&quot;&quot;,&quot;jet_parallax_layout_bg_size_mobile&quot;:&quot;&quot;,&quot;jet_parallax_layout_animation_prop&quot;:&quot;transform&quot;,&quot;jet_parallax_layout_on&quot;:[&quot;desktop&quot;,&quot;tablet&quot;]}]}\">\n\t\t\t\t\t<div class=\"e-con-inner\">\n\t\t<div class=\"elementor-element elementor-element-f30e26a e-con-full e-flex e-con e-child\" data-id=\"f30e26a\" data-element_type=\"container\" data-e-type=\"container\" data-settings=\"{&quot;jet_parallax_layout_list&quot;:[]}\">\n\t\t\t\t<div class=\"elementor-element elementor-element-41a0300 elementor-hidden-tablet elementor-hidden-phone elementor-widget elementor-widget-wp-widget-nav_menu\" data-id=\"41a0300\" data-element_type=\"widget\" data-e-type=\"widget\" data-widget_type=\"wp-widget-nav_menu.default\">\n\t\t\t\t<div class=\"elementor-widget-container\">\n\t\t\t\t\t<div class=\"menu-nl-side-hv-hockey2school-container\"><ul id=\"menu-nl-side-hv-hockey2school\" class=\"menu\"><li id=\"menu-item-84434\" class=\"menu-item menu-item-type-post_type menu-item-object-page menu-item-has-children menu-item-84434\"><a href=\"https:\/\/hockey.be\/nl\/hockey2school\/\">Hockey2School<\/a>\n<ul class=\"sub-menu\">\n\t<li id=\"menu-item-84441\" class=\"menu-item menu-item-type-post_type menu-item-object-page menu-item-84441\"><a href=\"https:\/\/hockey.be\/nl\/hockey2school\/stappenplan-opstart-hockey2school-projecten\/\">Stappenplan opstart Hockey2School projecten<\/a><\/li>\n\t<li id=\"menu-item-84443\" class=\"menu-item menu-item-type-post_type menu-item-object-page menu-item-84443\"><a href=\"https:\/\/hockey.be\/nl\/hockey2school\/sportscholen-met-optie-hockey\/\">Sportscholen met optie hockey<\/a><\/li>\n\t<li id=\"menu-item-84444\" class=\"menu-item menu-item-type-post_type menu-item-object-page menu-item-84444\"><a href=\"https:\/\/hockey.be\/nl\/hockey2school\/hockey2school-initiatieven\/\">Hockey2School initiatieven<\/a><\/li>\n\t<li id=\"menu-item-84445\" class=\"menu-item menu-item-type-post_type menu-item-object-page menu-item-84445\"><a href=\"https:\/\/hockey.be\/nl\/hockey2school\/materiaalpakket\/\">Materiaalpakket<\/a><\/li>\n\t<li id=\"menu-item-84446\" class=\"menu-item menu-item-type-post_type menu-item-object-page menu-item-84446\"><a href=\"https:\/\/hockey.be\/nl\/hockey2school\/voorbeeld-sportdag\/\">Voorbeeld Sportdag<\/a><\/li>\n\t<li id=\"menu-item-84447\" class=\"menu-item menu-item-type-post_type menu-item-object-page menu-item-has-children menu-item-84447\"><a href=\"https:\/\/hockey.be\/nl\/hockey2school\/leerkracht-sportfunctionaris-of-sportpromotor\/\">Leerkracht, sportfunctionaris of sportpromotor<\/a>\n\t<ul class=\"sub-menu\">\n\t\t<li id=\"menu-item-84448\" class=\"menu-item menu-item-type-post_type menu-item-object-page menu-item-84448\"><a href=\"https:\/\/hockey.be\/nl\/hockey2school\/leerkracht-sportfunctionaris-of-sportpromotor\/5-goede-redenen-om-hockey-op-school-te-beoefenen\/\">5 goede redenen om hockey op school te beoefenen<\/a><\/li>\n\t\t<li id=\"menu-item-84442\" class=\"menu-item menu-item-type-post_type menu-item-object-page menu-item-84442\"><a href=\"https:\/\/hockey.be\/nl\/hockey2school\/bijscholingen-van-leerkrachten\/\">Bijscholingen van leerkrachten<\/a><\/li>\n\t\t<li id=\"menu-item-84449\" class=\"menu-item menu-item-type-post_type menu-item-object-page menu-item-84449\"><a href=\"https:\/\/hockey.be\/nl\/hockey2school\/leerkracht-sportfunctionaris-of-sportpromotor\/lesmateriaal\/\">Lesmateriaal<\/a><\/li>\n\t\t<li id=\"menu-item-84450\" class=\"menu-item menu-item-type-post_type menu-item-object-page menu-item-84450\"><a href=\"https:\/\/hockey.be\/nl\/hockey2school\/leerkracht-sportfunctionaris-of-sportpromotor\/hockey2school-materiaal\/\">Hockey2School materiaal<\/a><\/li>\n\t\t<li id=\"menu-item-84451\" class=\"menu-item menu-item-type-post_type menu-item-object-page menu-item-84451\"><a href=\"https:\/\/hockey.be\/nl\/hockey2school\/leerkracht-sportfunctionaris-of-sportpromotor\/vind-een-club-voor-je-leerlingen\/\">Vind een club voor je leerlingen<\/a><\/li>\n\t\t<li id=\"menu-item-84452\" class=\"menu-item menu-item-type-post_type menu-item-object-page menu-item-84452\"><a href=\"https:\/\/hockey.be\/nl\/hockey2school\/urban-youth-games\/\">Urban Youth Games<\/a><\/li>\n\t\t<li id=\"menu-item-84453\" class=\"menu-item menu-item-type-post_type menu-item-object-page menu-item-84453\"><a href=\"https:\/\/hockey.be\/nl\/hockey-initiatieven-in-samenwerking-met-moev\/\">Hockey initiatieven in samenwerking met MOEV<\/a><\/li>\n\t<\/ul>\n<\/li>\n<\/ul>\n<\/li>\n<li id=\"menu-item-89707\" class=\"menu-item menu-item-type-post_type menu-item-object-page menu-item-89707\"><a href=\"https:\/\/hockey.be\/nl\/hockey2school\/wk-hockey2school-cup\/\">WK Hockey2School Cup<\/a><\/li>\n<\/ul><\/div>\t\t\t\t<\/div>\n\t\t\t\t<\/div>\n\t\t\t\t<\/div>\n\t\t<div class=\"elementor-element elementor-element-28f5d93 e-con-full e-flex e-con e-child\" data-id=\"28f5d93\" data-element_type=\"container\" data-e-type=\"container\" data-settings=\"{&quot;jet_parallax_layout_list&quot;:[]}\">\n\t\t\t\t<div class=\"elementor-element elementor-element-64d85c1 elementor-widget elementor-widget-heading\" data-id=\"64d85c1\" data-element_type=\"widget\" data-e-type=\"widget\" data-widget_type=\"heading.default\">\n\t\t\t\t<div class=\"elementor-widget-container\">\n\t\t\t\t\t<h1 class=\"elementor-heading-title elementor-size-default\">Urban Youth Games<\/h1>\t\t\t\t<\/div>\n\t\t\t\t<\/div>\n\t\t\t\t<div class=\"elementor-element elementor-element-b86a77e elementor-widget-divider--view-line elementor-widget elementor-widget-divider\" data-id=\"b86a77e\" data-element_type=\"widget\" data-e-type=\"widget\" data-widget_type=\"divider.default\">\n\t\t\t\t<div class=\"elementor-widget-container\">\n\t\t\t\t\t\t\t<div class=\"elementor-divider\">\n\t\t\t<span class=\"elementor-divider-separator\">\n\t\t\t\t\t\t<\/span>\n\t\t<\/div>\n\t\t\t\t\t\t<\/div>\n\t\t\t\t<\/div>\n\t\t\t\t<div class=\"elementor-element elementor-element-573c7f1 elementor-widget elementor-widget-text-editor\" data-id=\"573c7f1\" data-element_type=\"widget\" data-e-type=\"widget\" data-widget_type=\"text-editor.default\">\n\t\t\t\t<div class=\"elementor-widget-container\">\n\t\t\t\t\t\t\t\t\t<p>De <span style=\"text-decoration: underline; color: #ff0000;\"><strong><a style=\"color: #ff0000; text-decoration: underline;\" href=\"http:\/\/www.urbanyouthgames.org\/nl\/\">Urban Youth Games<\/a><\/strong><\/span> is een non-profitorganisatie die inclusie en samenhorigheid bij jongeren wil aanmoedigen en promoten via sportieve activiteiten.<\/p><p>Door sport in te zetten als een instrument voor <span style=\"color: #ff0000;\"><strong>inclusie<\/strong><\/span>, hebben de Urban Youth Games een model ontwikkeld dat elk kind de kans geeft om een actieve rol op te nemen tijdens de sportactiviteit. Hierdoor leren ze zich open te stellen voor anderen, ervaringen te delen en open te bloeien. <strong><span style=\"color: #ff0000;\">Door via sport sociale en culturele barri\u00e8res te doorbreken, kunnen we de maatschappelijke uitdagingen van morgen onder de aandacht brengen<\/span><\/strong>.<\/p><p>Via de <strong><span style=\"color: #ff0000;\">inclusieve playbooks<\/span><\/strong> trachten we door middel van schoolsport inclusie te bevorderen. Elk playbook is gericht op \u00e9\u00e9n sport en bevat oefeningen die gemakkelijk kunnen ge\u00efmplementeerd worden in de turnlessen. De oefeningen zijn bedoeld voor kinderen van het vijfde en zesde leerjaar van de basisschool. De playbooks zijn ontwikkeld in samenwerking met verschillende sportfederaties en zijn beoordeeld door sport- en onderwijsspecialisten evenals integratiedeskundigen.<\/p><p>Ook voor hockey werd een inclusieve playbook ontwikkeld. Deze kan gratis aangevraagd worden via de website van de Urban Youth Games link.<\/p>\t\t\t\t\t\t\t\t<\/div>\n\t\t\t\t<\/div>\n\t\t\t\t<div class=\"elementor-element elementor-element-bf400ea elementor-align-center elementor-widget elementor-widget-button\" data-id=\"bf400ea\" data-element_type=\"widget\" data-e-type=\"widget\" data-widget_type=\"button.default\">\n\t\t\t\t<div class=\"elementor-widget-container\">\n\t\t\t\t\t\t\t\t\t<div class=\"elementor-button-wrapper\">\n\t\t\t\t\t<a class=\"elementor-button elementor-button-link elementor-size-lg\" href=\"https:\/\/urbanyouthgames.org\/nl\/\">\n\t\t\t\t\t\t<span class=\"elementor-button-content-wrapper\">\n\t\t\t\t\t\t<span class=\"elementor-button-icon\">\n\t\t\t\t<svg aria-hidden=\"true\" class=\"e-font-icon-svg e-fas-arrow-right\" viewBox=\"0 0 448 512\" xmlns=\"http:\/\/www.w3.org\/2000\/svg\"><path d=\"M190.5 66.9l22.2-22.2c9.4-9.4 24.6-9.4 33.9 0L441 239c9.4 9.4 9.4 24.6 0 33.9L246.6 467.3c-9.4 9.4-24.6 9.4-33.9 0l-22.2-22.2c-9.5-9.5-9.3-25 .4-34.3L311.4 296H24c-13.3 0-24-10.7-24-24v-32c0-13.3 10.7-24 24-24h287.4L190.9 101.2c-9.8-9.3-10-24.8-.4-34.3z\"><\/path><\/svg>\t\t\t<\/span>\n\t\t\t\t\t\t\t\t\t<span class=\"elementor-button-text\">Urban Youth Games - Website<\/span>\n\t\t\t\t\t<\/span>\n\t\t\t\t\t<\/a>\n\t\t\t\t<\/div>\n\t\t\t\t\t\t\t\t<\/div>\n\t\t\t\t<\/div>\n\t\t\t\t<div class=\"elementor-element elementor-element-e435c9d elementor-widget elementor-widget-text-editor\" data-id=\"e435c9d\" data-element_type=\"widget\" data-e-type=\"widget\" data-widget_type=\"text-editor.default\">\n\t\t\t\t<div class=\"elementor-widget-container\">\n\t\t\t\t\t\t\t\t\t<p>Wil je meer weten over de Urban Youth Games, bekijk deze video.<\/p>\t\t\t\t\t\t\t\t<\/div>\n\t\t\t\t<\/div>\n\t\t<div class=\"elementor-element elementor-element-f2162f4 e-con-full e-flex e-con e-child\" data-id=\"f2162f4\" data-element_type=\"container\" data-e-type=\"container\" data-settings=\"{&quot;jet_parallax_layout_list&quot;:[]}\">\n\t\t<div class=\"elementor-element elementor-element-e71009e e-con-full e-flex e-con e-child\" data-id=\"e71009e\" data-element_type=\"container\" data-e-type=\"container\" data-settings=\"{&quot;jet_parallax_layout_list&quot;:[]}\">\n\t\t\t\t<div class=\"elementor-element elementor-element-311ae64 elementor-widget elementor-widget-video\" data-id=\"311ae64\" data-element_type=\"widget\" data-e-type=\"widget\" data-settings=\"{&quot;youtube_url&quot;:&quot;https:\\\/\\\/www.youtube.com\\\/watch?v=cFL97HkyCYc&quot;,&quot;video_type&quot;:&quot;youtube&quot;,&quot;controls&quot;:&quot;yes&quot;}\" data-widget_type=\"video.default\">\n\t\t\t\t<div class=\"elementor-widget-container\">\n\t\t\t\t\t\t\t<div class=\"elementor-wrapper elementor-open-inline\">\n\t\t\t<div class=\"elementor-video\"><\/div>\t\t<\/div>\n\t\t\t\t\t\t<\/div>\n\t\t\t\t<\/div>\n\t\t\t\t<\/div>\n\t\t<div class=\"elementor-element elementor-element-88f3deb e-con-full e-flex e-con e-child\" data-id=\"88f3deb\" data-element_type=\"container\" data-e-type=\"container\" data-settings=\"{&quot;jet_parallax_layout_list&quot;:[]}\">\n\t\t\t\t<div class=\"elementor-element elementor-element-0e25076 elementor-widget elementor-widget-video\" data-id=\"0e25076\" data-element_type=\"widget\" data-e-type=\"widget\" data-settings=\"{&quot;youtube_url&quot;:&quot;https:\\\/\\\/www.youtube.com\\\/watch?v=x-ypoizNafo&quot;,&quot;video_type&quot;:&quot;youtube&quot;,&quot;controls&quot;:&quot;yes&quot;}\" data-widget_type=\"video.default\">\n\t\t\t\t<div class=\"elementor-widget-container\">\n\t\t\t\t\t\t\t<div class=\"elementor-wrapper elementor-open-inline\">\n\t\t\t<div class=\"elementor-video\"><\/div>\t\t<\/div>\n\t\t\t\t\t\t<\/div>\n\t\t\t\t<\/div>\n\t\t\t\t<\/div>\n\t\t\t\t<\/div>\n\t\t\t\t<div class=\"elementor-element elementor-element-518f6da elementor-widget-divider--view-line elementor-widget elementor-widget-divider\" data-id=\"518f6da\" data-element_type=\"widget\" data-e-type=\"widget\" data-widget_type=\"divider.default\">\n\t\t\t\t<div class=\"elementor-widget-container\">\n\t\t\t\t\t\t\t<div class=\"elementor-divider\">\n\t\t\t<span class=\"elementor-divider-separator\">\n\t\t\t\t\t\t<\/span>\n\t\t<\/div>\n\t\t\t\t\t\t<\/div>\n\t\t\t\t<\/div>\n\t\t\t\t<\/div>\n\t\t\t\t\t<\/div>\n\t\t\t\t<\/div>\n\t\t\t\t<\/div>\n\t\t","protected":false},"excerpt":{"rendered":"<p>De Urban Youth Games is een non-profitorganisatie die inclusie en samenhorigheid bij jongeren wil aanmoedigen en promoten via sportieve activiteiten. Door sport in te zetten als een instrument voor inclusie, [&hellip;]<\/p>\n","protected":false},"author":16,"featured_media":82593,"parent":17013,"menu_order":0,"comment_status":"closed","ping_status":"closed","template":"","meta":{"_acf_changed":false,"footnotes":""},"categories":[638],"tags":[],"class_list":["post-39890","page","type-page","status-publish","has-post-thumbnail","hentry","category-hockey2school"],"acf":[],"yoast_head":"<!-- This site is optimized with the Yoast SEO plugin v27.4 - https:\/\/yoast.com\/product\/yoast-seo-wordpress\/ -->\n<title>Urban Youth Games - Hockey Belgium<\/title>\n<meta name=\"robots\" content=\"index, follow, max-snippet:-1, max-image-preview:large, max-video-preview:-1\" \/>\n<link rel=\"canonical\" href=\"https:\/\/hockey.be\/nl\/hockey2school\/urban-youth-games\/\" \/>\n<meta property=\"og:locale\" content=\"nl_NL\" \/>\n<meta property=\"og:type\" content=\"article\" \/>\n<meta property=\"og:title\" content=\"Urban Youth Games - Hockey Belgium\" \/>\n<meta property=\"og:description\" content=\"De Urban Youth Games is een non-profitorganisatie die inclusie en samenhorigheid bij jongeren wil aanmoedigen en promoten via sportieve activiteiten. Door sport in te zetten als een instrument voor inclusie, [&hellip;]\" \/>\n<meta property=\"og:url\" content=\"https:\/\/hockey.be\/nl\/hockey2school\/urban-youth-games\/\" \/>\n<meta property=\"og:site_name\" content=\"Hockey Belgium\" \/>\n<meta property=\"article:modified_time\" content=\"2025-08-27T12:03:51+00:00\" \/>\n<meta property=\"og:image\" content=\"https:\/\/hockey.be\/wp-content\/uploads\/2025\/08\/27-1200x333.png\" \/>\n\t<meta property=\"og:image:width\" content=\"1200\" \/>\n\t<meta property=\"og:image:height\" content=\"333\" \/>\n\t<meta property=\"og:image:type\" content=\"image\/png\" \/>\n<meta name=\"twitter:card\" content=\"summary_large_image\" \/>\n<meta name=\"twitter:label1\" content=\"Geschatte leestijd\" \/>\n\t<meta name=\"twitter:data1\" content=\"2 minuten\" \/>\n<script type=\"application\/ld+json\" class=\"yoast-schema-graph\">{\"@context\":\"https:\\\/\\\/schema.org\",\"@graph\":[{\"@type\":\"WebPage\",\"@id\":\"https:\\\/\\\/hockey.be\\\/nl\\\/hockey2school\\\/urban-youth-games\\\/\",\"url\":\"https:\\\/\\\/hockey.be\\\/nl\\\/hockey2school\\\/urban-youth-games\\\/\",\"name\":\"Urban Youth Games - Hockey Belgium\",\"isPartOf\":{\"@id\":\"https:\\\/\\\/hockey.be\\\/nl\\\/#website\"},\"primaryImageOfPage\":{\"@id\":\"https:\\\/\\\/hockey.be\\\/nl\\\/hockey2school\\\/urban-youth-games\\\/#primaryimage\"},\"image\":{\"@id\":\"https:\\\/\\\/hockey.be\\\/nl\\\/hockey2school\\\/urban-youth-games\\\/#primaryimage\"},\"thumbnailUrl\":\"https:\\\/\\\/hockey.be\\\/wp-content\\\/uploads\\\/2025\\\/08\\\/27.png\",\"datePublished\":\"2021-11-29T14:40:23+00:00\",\"dateModified\":\"2025-08-27T12:03:51+00:00\",\"breadcrumb\":{\"@id\":\"https:\\\/\\\/hockey.be\\\/nl\\\/hockey2school\\\/urban-youth-games\\\/#breadcrumb\"},\"inLanguage\":\"nl-NL\",\"potentialAction\":[{\"@type\":\"ReadAction\",\"target\":[\"https:\\\/\\\/hockey.be\\\/nl\\\/hockey2school\\\/urban-youth-games\\\/\"]}]},{\"@type\":\"ImageObject\",\"inLanguage\":\"nl-NL\",\"@id\":\"https:\\\/\\\/hockey.be\\\/nl\\\/hockey2school\\\/urban-youth-games\\\/#primaryimage\",\"url\":\"https:\\\/\\\/hockey.be\\\/wp-content\\\/uploads\\\/2025\\\/08\\\/27.png\",\"contentUrl\":\"https:\\\/\\\/hockey.be\\\/wp-content\\\/uploads\\\/2025\\\/08\\\/27.png\",\"width\":2400,\"height\":665},{\"@type\":\"BreadcrumbList\",\"@id\":\"https:\\\/\\\/hockey.be\\\/nl\\\/hockey2school\\\/urban-youth-games\\\/#breadcrumb\",\"itemListElement\":[{\"@type\":\"ListItem\",\"position\":1,\"name\":\"Home\",\"item\":\"https:\\\/\\\/hockey.be\\\/nl\\\/hockey-belgium\\\/\"},{\"@type\":\"ListItem\",\"position\":2,\"name\":\"Hockey2School\",\"item\":\"https:\\\/\\\/hockey.be\\\/nl\\\/hockey2school\\\/\"},{\"@type\":\"ListItem\",\"position\":3,\"name\":\"Urban Youth Games\"}]},{\"@type\":\"WebSite\",\"@id\":\"https:\\\/\\\/hockey.be\\\/nl\\\/#website\",\"url\":\"https:\\\/\\\/hockey.be\\\/nl\\\/\",\"name\":\"Hockey Belgium\",\"description\":\"\",\"publisher\":{\"@id\":\"https:\\\/\\\/hockey.be\\\/nl\\\/#organization\"},\"potentialAction\":[{\"@type\":\"SearchAction\",\"target\":{\"@type\":\"EntryPoint\",\"urlTemplate\":\"https:\\\/\\\/hockey.be\\\/nl\\\/?s={search_term_string}\"},\"query-input\":{\"@type\":\"PropertyValueSpecification\",\"valueRequired\":true,\"valueName\":\"search_term_string\"}}],\"inLanguage\":\"nl-NL\"},{\"@type\":\"Organization\",\"@id\":\"https:\\\/\\\/hockey.be\\\/nl\\\/#organization\",\"name\":\"Hockey Belgium\",\"url\":\"https:\\\/\\\/hockey.be\\\/nl\\\/\",\"logo\":{\"@type\":\"ImageObject\",\"inLanguage\":\"nl-NL\",\"@id\":\"https:\\\/\\\/hockey.be\\\/nl\\\/#\\\/schema\\\/logo\\\/image\\\/\",\"url\":\"https:\\\/\\\/hockey.be\\\/wp-content\\\/uploads\\\/2025\\\/07\\\/logo-hockey-be.svg\",\"contentUrl\":\"https:\\\/\\\/hockey.be\\\/wp-content\\\/uploads\\\/2025\\\/07\\\/logo-hockey-be.svg\",\"width\":724.16,\"height\":241.49,\"caption\":\"Hockey Belgium\"},\"image\":{\"@id\":\"https:\\\/\\\/hockey.be\\\/nl\\\/#\\\/schema\\\/logo\\\/image\\\/\"}}]}<\/script>\n<!-- \/ Yoast SEO plugin. -->","yoast_head_json":{"title":"Urban Youth Games - Hockey Belgium","robots":{"index":"index","follow":"follow","max-snippet":"max-snippet:-1","max-image-preview":"max-image-preview:large","max-video-preview":"max-video-preview:-1"},"canonical":"https:\/\/hockey.be\/nl\/hockey2school\/urban-youth-games\/","og_locale":"nl_NL","og_type":"article","og_title":"Urban Youth Games - Hockey Belgium","og_description":"De Urban Youth Games is een non-profitorganisatie die inclusie en samenhorigheid bij jongeren wil aanmoedigen en promoten via sportieve activiteiten. Door sport in te zetten als een instrument voor inclusie, [&hellip;]","og_url":"https:\/\/hockey.be\/nl\/hockey2school\/urban-youth-games\/","og_site_name":"Hockey Belgium","article_modified_time":"2025-08-27T12:03:51+00:00","og_image":[{"width":1200,"height":333,"url":"https:\/\/hockey.be\/wp-content\/uploads\/2025\/08\/27-1200x333.png","type":"image\/png"}],"twitter_card":"summary_large_image","twitter_misc":{"Geschatte leestijd":"2 minuten"},"schema":{"@context":"https:\/\/schema.org","@graph":[{"@type":"WebPage","@id":"https:\/\/hockey.be\/nl\/hockey2school\/urban-youth-games\/","url":"https:\/\/hockey.be\/nl\/hockey2school\/urban-youth-games\/","name":"Urban Youth Games - Hockey Belgium","isPartOf":{"@id":"https:\/\/hockey.be\/nl\/#website"},"primaryImageOfPage":{"@id":"https:\/\/hockey.be\/nl\/hockey2school\/urban-youth-games\/#primaryimage"},"image":{"@id":"https:\/\/hockey.be\/nl\/hockey2school\/urban-youth-games\/#primaryimage"},"thumbnailUrl":"https:\/\/hockey.be\/wp-content\/uploads\/2025\/08\/27.png","datePublished":"2021-11-29T14:40:23+00:00","dateModified":"2025-08-27T12:03:51+00:00","breadcrumb":{"@id":"https:\/\/hockey.be\/nl\/hockey2school\/urban-youth-games\/#breadcrumb"},"inLanguage":"nl-NL","potentialAction":[{"@type":"ReadAction","target":["https:\/\/hockey.be\/nl\/hockey2school\/urban-youth-games\/"]}]},{"@type":"ImageObject","inLanguage":"nl-NL","@id":"https:\/\/hockey.be\/nl\/hockey2school\/urban-youth-games\/#primaryimage","url":"https:\/\/hockey.be\/wp-content\/uploads\/2025\/08\/27.png","contentUrl":"https:\/\/hockey.be\/wp-content\/uploads\/2025\/08\/27.png","width":2400,"height":665},{"@type":"BreadcrumbList","@id":"https:\/\/hockey.be\/nl\/hockey2school\/urban-youth-games\/#breadcrumb","itemListElement":[{"@type":"ListItem","position":1,"name":"Home","item":"https:\/\/hockey.be\/nl\/hockey-belgium\/"},{"@type":"ListItem","position":2,"name":"Hockey2School","item":"https:\/\/hockey.be\/nl\/hockey2school\/"},{"@type":"ListItem","position":3,"name":"Urban Youth Games"}]},{"@type":"WebSite","@id":"https:\/\/hockey.be\/nl\/#website","url":"https:\/\/hockey.be\/nl\/","name":"Hockey Belgium","description":"","publisher":{"@id":"https:\/\/hockey.be\/nl\/#organization"},"potentialAction":[{"@type":"SearchAction","target":{"@type":"EntryPoint","urlTemplate":"https:\/\/hockey.be\/nl\/?s={search_term_string}"},"query-input":{"@type":"PropertyValueSpecification","valueRequired":true,"valueName":"search_term_string"}}],"inLanguage":"nl-NL"},{"@type":"Organization","@id":"https:\/\/hockey.be\/nl\/#organization","name":"Hockey Belgium","url":"https:\/\/hockey.be\/nl\/","logo":{"@type":"ImageObject","inLanguage":"nl-NL","@id":"https:\/\/hockey.be\/nl\/#\/schema\/logo\/image\/","url":"https:\/\/hockey.be\/wp-content\/uploads\/2025\/07\/logo-hockey-be.svg","contentUrl":"https:\/\/hockey.be\/wp-content\/uploads\/2025\/07\/logo-hockey-be.svg","width":724.16,"height":241.49,"caption":"Hockey Belgium"},"image":{"@id":"https:\/\/hockey.be\/nl\/#\/schema\/logo\/image\/"}}]}},"_links":{"self":[{"href":"https:\/\/hockey.be\/nl\/wp-json\/wp\/v2\/pages\/39890","targetHints":{"allow":["GET"]}}],"collection":[{"href":"https:\/\/hockey.be\/nl\/wp-json\/wp\/v2\/pages"}],"about":[{"href":"https:\/\/hockey.be\/nl\/wp-json\/wp\/v2\/types\/page"}],"author":[{"embeddable":true,"href":"https:\/\/hockey.be\/nl\/wp-json\/wp\/v2\/users\/16"}],"replies":[{"embeddable":true,"href":"https:\/\/hockey.be\/nl\/wp-json\/wp\/v2\/comments?post=39890"}],"version-history":[{"count":6,"href":"https:\/\/hockey.be\/nl\/wp-json\/wp\/v2\/pages\/39890\/revisions"}],"predecessor-version":[{"id":84542,"href":"https:\/\/hockey.be\/nl\/wp-json\/wp\/v2\/pages\/39890\/revisions\/84542"}],"up":[{"embeddable":true,"href":"https:\/\/hockey.be\/nl\/wp-json\/wp\/v2\/pages\/17013"}],"wp:featuredmedia":[{"embeddable":true,"href":"https:\/\/hockey.be\/nl\/wp-json\/wp\/v2\/media\/82593"}],"wp:attachment":[{"href":"https:\/\/hockey.be\/nl\/wp-json\/wp\/v2\/media?parent=39890"}],"wp:term":[{"taxonomy":"category","embeddable":true,"href":"https:\/\/hockey.be\/nl\/wp-json\/wp\/v2\/categories?post=39890"},{"taxonomy":"post_tag","embeddable":true,"href":"https:\/\/hockey.be\/nl\/wp-json\/wp\/v2\/tags?post=39890"}],"curies":[{"name":"wp","href":"https:\/\/api.w.org\/{rel}","templated":true}]}}