{"id":15306,"date":"2019-08-21T19:08:09","date_gmt":"2019-08-21T17:08:09","guid":{"rendered":"https:\/\/hockey.be\/?page_id=15306"},"modified":"2025-08-22T15:27:53","modified_gmt":"2025-08-22T13:27:53","slug":"plan-strategique","status":"publish","type":"page","link":"https:\/\/hockey.be\/nl\/hockey-wallonie-bruxelles\/plan-strategique\/","title":{"rendered":"Plan Strat\u00e9gique"},"content":{"rendered":"\t\t<div data-elementor-type=\"wp-post\" data-elementor-id=\"15306\" class=\"elementor elementor-15306 elementor-15305\" data-elementor-post-type=\"page\">\n\t\t\t\t<div class=\"elementor-element elementor-element-bb533da e-flex e-con-boxed e-con e-parent\" data-id=\"bb533da\" data-element_type=\"container\" data-e-type=\"container\" data-settings=\"{&quot;jet_parallax_layout_list&quot;:[{&quot;_id&quot;:&quot;20a3005&quot;,&quot;jet_parallax_layout_image&quot;:{&quot;url&quot;:&quot;&quot;,&quot;id&quot;:&quot;&quot;,&quot;size&quot;:&quot;&quot;},&quot;jet_parallax_layout_image_widescreen&quot;:{&quot;url&quot;:&quot;&quot;,&quot;id&quot;:&quot;&quot;,&quot;size&quot;:&quot;&quot;},&quot;jet_parallax_layout_image_laptop&quot;:{&quot;url&quot;:&quot;&quot;,&quot;id&quot;:&quot;&quot;,&quot;size&quot;:&quot;&quot;},&quot;jet_parallax_layout_image_tablet_extra&quot;:{&quot;url&quot;:&quot;&quot;,&quot;id&quot;:&quot;&quot;,&quot;size&quot;:&quot;&quot;},&quot;jet_parallax_layout_image_tablet&quot;:{&quot;url&quot;:&quot;&quot;,&quot;id&quot;:&quot;&quot;,&quot;size&quot;:&quot;&quot;},&quot;jet_parallax_layout_image_mobile_extra&quot;:{&quot;url&quot;:&quot;&quot;,&quot;id&quot;:&quot;&quot;,&quot;size&quot;:&quot;&quot;},&quot;jet_parallax_layout_image_mobile&quot;:{&quot;url&quot;:&quot;&quot;,&quot;id&quot;:&quot;&quot;,&quot;size&quot;:&quot;&quot;},&quot;jet_parallax_layout_speed&quot;:{&quot;unit&quot;:&quot;%&quot;,&quot;size&quot;:50,&quot;sizes&quot;:[]},&quot;jet_parallax_layout_type&quot;:&quot;scroll&quot;,&quot;jet_parallax_layout_direction&quot;:&quot;1&quot;,&quot;jet_parallax_layout_fx_direction&quot;:null,&quot;jet_parallax_layout_z_index&quot;:&quot;&quot;,&quot;jet_parallax_layout_bg_x&quot;:50,&quot;jet_parallax_layout_bg_x_widescreen&quot;:&quot;&quot;,&quot;jet_parallax_layout_bg_x_laptop&quot;:&quot;&quot;,&quot;jet_parallax_layout_bg_x_tablet_extra&quot;:&quot;&quot;,&quot;jet_parallax_layout_bg_x_tablet&quot;:&quot;&quot;,&quot;jet_parallax_layout_bg_x_mobile_extra&quot;:&quot;&quot;,&quot;jet_parallax_layout_bg_x_mobile&quot;:&quot;&quot;,&quot;jet_parallax_layout_bg_y&quot;:50,&quot;jet_parallax_layout_bg_y_widescreen&quot;:&quot;&quot;,&quot;jet_parallax_layout_bg_y_laptop&quot;:&quot;&quot;,&quot;jet_parallax_layout_bg_y_tablet_extra&quot;:&quot;&quot;,&quot;jet_parallax_layout_bg_y_tablet&quot;:&quot;&quot;,&quot;jet_parallax_layout_bg_y_mobile_extra&quot;:&quot;&quot;,&quot;jet_parallax_layout_bg_y_mobile&quot;:&quot;&quot;,&quot;jet_parallax_layout_bg_size&quot;:&quot;auto&quot;,&quot;jet_parallax_layout_bg_size_widescreen&quot;:&quot;&quot;,&quot;jet_parallax_layout_bg_size_laptop&quot;:&quot;&quot;,&quot;jet_parallax_layout_bg_size_tablet_extra&quot;:&quot;&quot;,&quot;jet_parallax_layout_bg_size_tablet&quot;:&quot;&quot;,&quot;jet_parallax_layout_bg_size_mobile_extra&quot;:&quot;&quot;,&quot;jet_parallax_layout_bg_size_mobile&quot;:&quot;&quot;,&quot;jet_parallax_layout_animation_prop&quot;:&quot;transform&quot;,&quot;jet_parallax_layout_on&quot;:[&quot;desktop&quot;,&quot;tablet&quot;]}]}\">\n\t\t\t\t\t<div class=\"e-con-inner\">\n\t\t<div class=\"elementor-element elementor-element-5a3377d e-con-full e-flex e-con e-child\" data-id=\"5a3377d\" data-element_type=\"container\" data-e-type=\"container\" data-settings=\"{&quot;jet_parallax_layout_list&quot;:[]}\">\n\t\t\t\t<div class=\"elementor-element elementor-element-6cb8f11 elementor-hidden-tablet elementor-hidden-phone elementor-widget elementor-widget-wp-widget-nav_menu\" data-id=\"6cb8f11\" data-element_type=\"widget\" data-e-type=\"widget\" data-widget_type=\"wp-widget-nav_menu.default\">\n\t\t\t\t<div class=\"elementor-widget-container\">\n\t\t\t\t\t<div class=\"menu-nl-side-lfh-container\"><ul id=\"menu-nl-side-lfh\" class=\"menu\"><li id=\"menu-item-18728\" class=\"menu-item menu-item-type-post_type menu-item-object-page menu-item-has-children menu-item-18728\"><a href=\"https:\/\/hockey.be\/nl\/hockey-wallonie-bruxelles\/\">Hockey Wallonie Bruxelles<\/a>\n<ul class=\"sub-menu\">\n\t<li id=\"menu-item-19949\" class=\"menu-item menu-item-type-post_type menu-item-object-page menu-item-has-children menu-item-19949\"><a href=\"https:\/\/hockey.be\/nl\/hockey-wallonie-bruxelles\/organisation\/\">Organisation<\/a>\n\t<ul class=\"sub-menu\">\n\t\t<li id=\"menu-item-19954\" class=\"menu-item menu-item-type-post_type menu-item-object-page menu-item-19954\"><a href=\"https:\/\/hockey.be\/nl\/hockey-wallonie-bruxelles\/organisation\/organe-dadministration\/\">Conseil d&#8217;Administration<\/a><\/li>\n\t\t<li id=\"menu-item-19953\" class=\"menu-item menu-item-type-post_type menu-item-object-page menu-item-19953\"><a href=\"https:\/\/hockey.be\/nl\/hockey-wallonie-bruxelles\/organisation\/departements\/\">D\u00e9partements<\/a><\/li>\n\t<\/ul>\n<\/li>\n\t<li id=\"menu-item-19944\" class=\"menu-item menu-item-type-post_type menu-item-object-page menu-item-has-children menu-item-19944\"><a href=\"https:\/\/hockey.be\/nl\/hockey-wallonie-bruxelles\/hockey-academy\/\">Hockey Academy<\/a>\n\t<ul class=\"sub-menu\">\n\t\t<li id=\"menu-item-19936\" class=\"menu-item menu-item-type-post_type menu-item-object-page menu-item-has-children menu-item-19936\"><a href=\"https:\/\/hockey.be\/nl\/hockey-wallonie-bruxelles\/hockey-academy\/umpire-academy\/\">Umpire Academy<\/a>\n\t\t<ul class=\"sub-menu\">\n\t\t\t<li id=\"menu-item-68603\" class=\"menu-item menu-item-type-post_type menu-item-object-page menu-item-68603\"><a href=\"https:\/\/hockey.be\/nl\/hockey-wallonie-bruxelles\/hockey-academy\/umpire-academy\/comment-devenir-arbitre\/\">Comment devenir arbitre ?<\/a><\/li>\n\t\t\t<li id=\"menu-item-68601\" class=\"menu-item menu-item-type-post_type menu-item-object-page menu-item-68601\"><a href=\"https:\/\/hockey.be\/nl\/hockey-wallonie-bruxelles\/hockey-academy\/umpire-academy\/wat-zijn-de-essentiele-kwaliteiten-van-een-goede-scheidsrechter\/\">Wat zijn de essenti\u00eble kwaliteiten van een goede scheidsrechter?<\/a><\/li>\n\t\t\t<li id=\"menu-item-68602\" class=\"menu-item menu-item-type-post_type menu-item-object-page menu-item-has-children menu-item-68602\"><a href=\"https:\/\/hockey.be\/nl\/hockey-wallonie-bruxelles\/hockey-academy\/umpire-academy\/opleidingstraject\/\">Opleidingstraject<\/a>\n\t\t\t<ul class=\"sub-menu\">\n\t\t\t\t<li id=\"menu-item-68609\" class=\"menu-item menu-item-type-post_type menu-item-object-page menu-item-68609\"><a href=\"https:\/\/hockey.be\/nl\/hockey-wallonie-bruxelles\/hockey-academy\/umpire-academy\/opleidingstraject\/de-spelbegeleider-u7-u8-u9\/\">De Spelbegeleider U7-U8-U9<\/a><\/li>\n\t\t\t\t<li id=\"menu-item-68608\" class=\"menu-item menu-item-type-post_type menu-item-object-page menu-item-68608\"><a href=\"https:\/\/hockey.be\/nl\/hockey-wallonie-bruxelles\/hockey-academy\/umpire-academy\/opleidingstraject\/de-beginnende-scheidsrechter-u10-u12\/\">De Beginnende Scheidsrechter U10-U12<\/a><\/li>\n\t\t\t\t<li id=\"menu-item-68607\" class=\"menu-item menu-item-type-post_type menu-item-object-page menu-item-68607\"><a href=\"https:\/\/hockey.be\/nl\/hockey-wallonie-bruxelles\/hockey-academy\/umpire-academy\/opleidingstraject\/arbitre-theorique-u14\/\">Arbitre Th\u00e9orique U14<\/a><\/li>\n\t\t\t\t<li id=\"menu-item-68606\" class=\"menu-item menu-item-type-post_type menu-item-object-page menu-item-68606\"><a href=\"https:\/\/hockey.be\/nl\/hockey-wallonie-bruxelles\/hockey-academy\/umpire-academy\/opleidingstraject\/club-umpire\/\">Club Umpire<\/a><\/li>\n\t\t\t\t<li id=\"menu-item-68600\" class=\"menu-item menu-item-type-post_type menu-item-object-page menu-item-68600\"><a href=\"https:\/\/hockey.be\/nl\/hockey-wallonie-bruxelles\/hockey-academy\/umpire-academy\/club-umpire-4-district\/\">Club Umpire 4 District<\/a><\/li>\n\t\t\t\t<li id=\"menu-item-68605\" class=\"menu-item menu-item-type-post_type menu-item-object-page menu-item-68605\"><a href=\"https:\/\/hockey.be\/nl\/hockey-wallonie-bruxelles\/hockey-academy\/umpire-academy\/opleidingstraject\/arbitre-national-jeunes\/\">Arbitre National \u00ab\u00a0Jeunes\u00a0\u00bb<\/a><\/li>\n\t\t\t\t<li id=\"menu-item-68604\" class=\"menu-item menu-item-type-post_type menu-item-object-page menu-item-68604\"><a href=\"https:\/\/hockey.be\/nl\/hockey-wallonie-bruxelles\/hockey-academy\/umpire-academy\/opleidingstraject\/arbitre-national-seniors\/\">Arbitre National \u00ab\u00a0Seniors\u00a0\u00bb<\/a><\/li>\n\t\t\t<\/ul>\n<\/li>\n\t\t\t<li id=\"menu-item-68610\" class=\"menu-item menu-item-type-post_type menu-item-object-page menu-item-68610\"><a href=\"https:\/\/hockey.be\/nl\/hockey-vlaanderen\/hockey-academy\/umpire-academy\/club-umpire-coach\/\">Club Umpire Coach<\/a><\/li>\n\t\t<\/ul>\n<\/li>\n\t<\/ul>\n<\/li>\n\t<li id=\"menu-item-19870\" class=\"menu-item menu-item-type-post_type menu-item-object-page menu-item-19870\"><a href=\"https:\/\/hockey.be\/nl\/hockey2school\/\">Hockey2School<\/a><\/li>\n\t<li id=\"menu-item-19868\" class=\"menu-item menu-item-type-post_type menu-item-object-page menu-item-19868\"><a href=\"https:\/\/hockey.be\/nl\/hockey-wallonie-bruxelles\/contact\/\">Contact<\/a><\/li>\n<\/ul>\n<\/li>\n<li id=\"menu-item-19876\" class=\"menu-item menu-item-type-post_type menu-item-object-page menu-item-19876\"><a href=\"https:\/\/hockey.be\/nl\/hockey-wallonie-bruxelles\/plan-strategique\/\">Plan Strat\u00e9gique<\/a><\/li>\n<li id=\"menu-item-19879\" class=\"menu-item menu-item-type-post_type menu-item-object-page menu-item-19879\"><a href=\"https:\/\/hockey.be\/nl\/hockey-wallonie-bruxelles\/reglementen\/\">R\u00e8glements<\/a><\/li>\n<li id=\"menu-item-19877\" class=\"menu-item menu-item-type-post_type menu-item-object-page menu-item-19877\"><a href=\"https:\/\/hockey.be\/nl\/hockey-wallonie-bruxelles\/assemblees-generales\/\">Assembl\u00e9es g\u00e9n\u00e9rales<\/a><\/li>\n<li id=\"menu-item-19880\" class=\"menu-item menu-item-type-post_type menu-item-object-page menu-item-19880\"><a href=\"https:\/\/hockey.be\/nl\/hockey-wallonie-bruxelles\/statuts\/\">Statuts<\/a><\/li>\n<li id=\"menu-item-19955\" class=\"menu-item menu-item-type-post_type menu-item-object-page menu-item-19955\"><a href=\"https:\/\/hockey.be\/nl\/parahockey\/\">ParaHockey<\/a><\/li>\n<\/ul><\/div>\t\t\t\t<\/div>\n\t\t\t\t<\/div>\n\t\t\t\t<\/div>\n\t\t<div class=\"elementor-element elementor-element-3308da0 e-con-full e-flex e-con e-child\" data-id=\"3308da0\" data-element_type=\"container\" data-e-type=\"container\" data-settings=\"{&quot;jet_parallax_layout_list&quot;:[]}\">\n\t\t\t\t<div class=\"elementor-element elementor-element-3f6322c elementor-widget elementor-widget-heading\" data-id=\"3f6322c\" data-element_type=\"widget\" data-e-type=\"widget\" data-widget_type=\"heading.default\">\n\t\t\t\t<div class=\"elementor-widget-container\">\n\t\t\t\t\t<h1 class=\"elementor-heading-title elementor-size-default\">Plan Strat\u00e9gique<\/h1>\t\t\t\t<\/div>\n\t\t\t\t<\/div>\n\t\t\t\t<div class=\"elementor-element elementor-element-8331871 elementor-widget-divider--view-line elementor-widget elementor-widget-divider\" data-id=\"8331871\" data-element_type=\"widget\" data-e-type=\"widget\" data-widget_type=\"divider.default\">\n\t\t\t\t<div class=\"elementor-widget-container\">\n\t\t\t\t\t\t\t<div class=\"elementor-divider\">\n\t\t\t<span class=\"elementor-divider-separator\">\n\t\t\t\t\t\t<\/span>\n\t\t<\/div>\n\t\t\t\t\t\t<\/div>\n\t\t\t\t<\/div>\n\t\t\t\t<div class=\"elementor-element elementor-element-077fe17 elementor-align-justify elementor-widget elementor-widget-button\" data-id=\"077fe17\" data-element_type=\"widget\" data-e-type=\"widget\" data-widget_type=\"button.default\">\n\t\t\t\t<div class=\"elementor-widget-container\">\n\t\t\t\t\t\t\t\t\t<div class=\"elementor-button-wrapper\">\n\t\t\t\t\t<a class=\"elementor-button elementor-button-link elementor-size-lg\" href=\"https:\/\/hockey.be\/wp-content\/uploads\/2022\/06\/20220618-Plan-strategique-2022-2026-PDF.pdf\" id=\"ButtonDownload\">\n\t\t\t\t\t\t<span class=\"elementor-button-content-wrapper\">\n\t\t\t\t\t\t<span class=\"elementor-button-icon\">\n\t\t\t\t<svg aria-hidden=\"true\" class=\"e-font-icon-svg e-fas-cloud-download-alt\" viewBox=\"0 0 640 512\" xmlns=\"http:\/\/www.w3.org\/2000\/svg\"><path d=\"M537.6 226.6c4.1-10.7 6.4-22.4 6.4-34.6 0-53-43-96-96-96-19.7 0-38.1 6-53.3 16.2C367 64.2 315.3 32 256 32c-88.4 0-160 71.6-160 160 0 2.7.1 5.4.2 8.1C40.2 219.8 0 273.2 0 336c0 79.5 64.5 144 144 144h368c70.7 0 128-57.3 128-128 0-61.9-44-113.6-102.4-125.4zm-132.9 88.7L299.3 420.7c-6.2 6.2-16.4 6.2-22.6 0L171.3 315.3c-10.1-10.1-2.9-27.3 11.3-27.3H248V176c0-8.8 7.2-16 16-16h48c8.8 0 16 7.2 16 16v112h65.4c14.2 0 21.4 17.2 11.3 27.3z\"><\/path><\/svg>\t\t\t<\/span>\n\t\t\t\t\t\t\t\t\t<span class=\"elementor-button-text\">Plan Strat\u00e9gique 2022-2026<\/span>\n\t\t\t\t\t<\/span>\n\t\t\t\t\t<\/a>\n\t\t\t\t<\/div>\n\t\t\t\t\t\t\t\t<\/div>\n\t\t\t\t<\/div>\n\t\t\t\t<div class=\"elementor-element elementor-element-d73c68a elementor-align-justify elementor-widget elementor-widget-button\" data-id=\"d73c68a\" data-element_type=\"widget\" data-e-type=\"widget\" data-widget_type=\"button.default\">\n\t\t\t\t<div class=\"elementor-widget-container\">\n\t\t\t\t\t\t\t\t\t<div class=\"elementor-button-wrapper\">\n\t\t\t\t\t<a class=\"elementor-button elementor-button-link elementor-size-lg\" href=\"https:\/\/hockey.be\/wp-content\/uploads\/2021\/03\/LFH-plan-strategique.pdf\" id=\"ButtonDownload\">\n\t\t\t\t\t\t<span class=\"elementor-button-content-wrapper\">\n\t\t\t\t\t\t<span class=\"elementor-button-icon\">\n\t\t\t\t<svg aria-hidden=\"true\" class=\"e-font-icon-svg e-fas-cloud-download-alt\" viewBox=\"0 0 640 512\" xmlns=\"http:\/\/www.w3.org\/2000\/svg\"><path d=\"M537.6 226.6c4.1-10.7 6.4-22.4 6.4-34.6 0-53-43-96-96-96-19.7 0-38.1 6-53.3 16.2C367 64.2 315.3 32 256 32c-88.4 0-160 71.6-160 160 0 2.7.1 5.4.2 8.1C40.2 219.8 0 273.2 0 336c0 79.5 64.5 144 144 144h368c70.7 0 128-57.3 128-128 0-61.9-44-113.6-102.4-125.4zm-132.9 88.7L299.3 420.7c-6.2 6.2-16.4 6.2-22.6 0L171.3 315.3c-10.1-10.1-2.9-27.3 11.3-27.3H248V176c0-8.8 7.2-16 16-16h48c8.8 0 16 7.2 16 16v112h65.4c14.2 0 21.4 17.2 11.3 27.3z\"><\/path><\/svg>\t\t\t<\/span>\n\t\t\t\t\t\t\t\t\t<span class=\"elementor-button-text\">Plan Strat\u00e9gique 2018-2022<\/span>\n\t\t\t\t\t<\/span>\n\t\t\t\t\t<\/a>\n\t\t\t\t<\/div>\n\t\t\t\t\t\t\t\t<\/div>\n\t\t\t\t<\/div>\n\t\t\t\t<div class=\"elementor-element elementor-element-0c58cbb elementor-widget-divider--view-line elementor-widget elementor-widget-divider\" data-id=\"0c58cbb\" data-element_type=\"widget\" data-e-type=\"widget\" data-widget_type=\"divider.default\">\n\t\t\t\t<div class=\"elementor-widget-container\">\n\t\t\t\t\t\t\t<div class=\"elementor-divider\">\n\t\t\t<span class=\"elementor-divider-separator\">\n\t\t\t\t\t\t<\/span>\n\t\t<\/div>\n\t\t\t\t\t\t<\/div>\n\t\t\t\t<\/div>\n\t\t\t\t<\/div>\n\t\t\t\t\t<\/div>\n\t\t\t\t<\/div>\n\t\t\t\t<\/div>\n\t\t","protected":false},"excerpt":{"rendered":"<p>Plan Strat\u00e9gique 2022-2026 Plan Strat\u00e9gique 2018-2022<\/p>\n","protected":false},"author":13,"featured_media":82535,"parent":15240,"menu_order":295,"comment_status":"closed","ping_status":"closed","template":"","meta":{"_acf_changed":false,"footnotes":""},"categories":[387],"tags":[],"class_list":["post-15306","page","type-page","status-publish","has-post-thumbnail","hentry","category-documents-lfh"],"acf":[],"yoast_head":"<!-- This site is optimized with the Yoast SEO plugin v27.4 - https:\/\/yoast.com\/product\/yoast-seo-wordpress\/ -->\n<title>Plan Strat\u00e9gique - Hockey Belgium<\/title>\n<meta name=\"robots\" content=\"index, follow, max-snippet:-1, max-image-preview:large, max-video-preview:-1\" \/>\n<link rel=\"canonical\" href=\"https:\/\/hockey.be\/nl\/hockey-wallonie-bruxelles\/plan-strategique\/\" \/>\n<meta property=\"og:locale\" content=\"nl_NL\" \/>\n<meta property=\"og:type\" content=\"article\" \/>\n<meta property=\"og:title\" content=\"Plan Strat\u00e9gique - Hockey Belgium\" \/>\n<meta property=\"og:description\" content=\"Plan Strat\u00e9gique 2022-2026 Plan Strat\u00e9gique 2018-2022\" \/>\n<meta property=\"og:url\" content=\"https:\/\/hockey.be\/nl\/hockey-wallonie-bruxelles\/plan-strategique\/\" \/>\n<meta property=\"og:site_name\" content=\"Hockey Belgium\" \/>\n<meta property=\"article:modified_time\" content=\"2025-08-22T13:27:53+00:00\" \/>\n<meta property=\"og:image\" content=\"https:\/\/hockey.be\/wp-content\/uploads\/2025\/08\/13-1200x333.png\" \/>\n\t<meta property=\"og:image:width\" content=\"1200\" \/>\n\t<meta property=\"og:image:height\" content=\"333\" \/>\n\t<meta property=\"og:image:type\" content=\"image\/png\" \/>\n<meta name=\"twitter:card\" content=\"summary_large_image\" \/>\n<meta name=\"twitter:label1\" content=\"Geschatte leestijd\" \/>\n\t<meta name=\"twitter:data1\" content=\"1 minuut\" \/>\n<script type=\"application\/ld+json\" class=\"yoast-schema-graph\">{\"@context\":\"https:\\\/\\\/schema.org\",\"@graph\":[{\"@type\":\"WebPage\",\"@id\":\"https:\\\/\\\/hockey.be\\\/nl\\\/hockey-wallonie-bruxelles\\\/plan-strategique\\\/\",\"url\":\"https:\\\/\\\/hockey.be\\\/nl\\\/hockey-wallonie-bruxelles\\\/plan-strategique\\\/\",\"name\":\"Plan Strat\u00e9gique - Hockey Belgium\",\"isPartOf\":{\"@id\":\"https:\\\/\\\/hockey.be\\\/nl\\\/#website\"},\"primaryImageOfPage\":{\"@id\":\"https:\\\/\\\/hockey.be\\\/nl\\\/hockey-wallonie-bruxelles\\\/plan-strategique\\\/#primaryimage\"},\"image\":{\"@id\":\"https:\\\/\\\/hockey.be\\\/nl\\\/hockey-wallonie-bruxelles\\\/plan-strategique\\\/#primaryimage\"},\"thumbnailUrl\":\"https:\\\/\\\/hockey.be\\\/wp-content\\\/uploads\\\/2025\\\/08\\\/13.png\",\"datePublished\":\"2019-08-21T17:08:09+00:00\",\"dateModified\":\"2025-08-22T13:27:53+00:00\",\"breadcrumb\":{\"@id\":\"https:\\\/\\\/hockey.be\\\/nl\\\/hockey-wallonie-bruxelles\\\/plan-strategique\\\/#breadcrumb\"},\"inLanguage\":\"nl-NL\",\"potentialAction\":[{\"@type\":\"ReadAction\",\"target\":[\"https:\\\/\\\/hockey.be\\\/nl\\\/hockey-wallonie-bruxelles\\\/plan-strategique\\\/\"]}]},{\"@type\":\"ImageObject\",\"inLanguage\":\"nl-NL\",\"@id\":\"https:\\\/\\\/hockey.be\\\/nl\\\/hockey-wallonie-bruxelles\\\/plan-strategique\\\/#primaryimage\",\"url\":\"https:\\\/\\\/hockey.be\\\/wp-content\\\/uploads\\\/2025\\\/08\\\/13.png\",\"contentUrl\":\"https:\\\/\\\/hockey.be\\\/wp-content\\\/uploads\\\/2025\\\/08\\\/13.png\",\"width\":2400,\"height\":665},{\"@type\":\"BreadcrumbList\",\"@id\":\"https:\\\/\\\/hockey.be\\\/nl\\\/hockey-wallonie-bruxelles\\\/plan-strategique\\\/#breadcrumb\",\"itemListElement\":[{\"@type\":\"ListItem\",\"position\":1,\"name\":\"Home\",\"item\":\"https:\\\/\\\/hockey.be\\\/nl\\\/hockey-belgium\\\/\"},{\"@type\":\"ListItem\",\"position\":2,\"name\":\"Hockey Wallonie Bruxelles\",\"item\":\"https:\\\/\\\/hockey.be\\\/nl\\\/hockey-wallonie-bruxelles\\\/\"},{\"@type\":\"ListItem\",\"position\":3,\"name\":\"Plan Strat\u00e9gique\"}]},{\"@type\":\"WebSite\",\"@id\":\"https:\\\/\\\/hockey.be\\\/nl\\\/#website\",\"url\":\"https:\\\/\\\/hockey.be\\\/nl\\\/\",\"name\":\"Hockey Belgium\",\"description\":\"\",\"publisher\":{\"@id\":\"https:\\\/\\\/hockey.be\\\/nl\\\/#organization\"},\"potentialAction\":[{\"@type\":\"SearchAction\",\"target\":{\"@type\":\"EntryPoint\",\"urlTemplate\":\"https:\\\/\\\/hockey.be\\\/nl\\\/?s={search_term_string}\"},\"query-input\":{\"@type\":\"PropertyValueSpecification\",\"valueRequired\":true,\"valueName\":\"search_term_string\"}}],\"inLanguage\":\"nl-NL\"},{\"@type\":\"Organization\",\"@id\":\"https:\\\/\\\/hockey.be\\\/nl\\\/#organization\",\"name\":\"Hockey Belgium\",\"url\":\"https:\\\/\\\/hockey.be\\\/nl\\\/\",\"logo\":{\"@type\":\"ImageObject\",\"inLanguage\":\"nl-NL\",\"@id\":\"https:\\\/\\\/hockey.be\\\/nl\\\/#\\\/schema\\\/logo\\\/image\\\/\",\"url\":\"https:\\\/\\\/hockey.be\\\/wp-content\\\/uploads\\\/2025\\\/07\\\/logo-hockey-be.svg\",\"contentUrl\":\"https:\\\/\\\/hockey.be\\\/wp-content\\\/uploads\\\/2025\\\/07\\\/logo-hockey-be.svg\",\"width\":724.16,\"height\":241.49,\"caption\":\"Hockey Belgium\"},\"image\":{\"@id\":\"https:\\\/\\\/hockey.be\\\/nl\\\/#\\\/schema\\\/logo\\\/image\\\/\"}}]}<\/script>\n<!-- \/ Yoast SEO plugin. -->","yoast_head_json":{"title":"Plan Strat\u00e9gique - Hockey Belgium","robots":{"index":"index","follow":"follow","max-snippet":"max-snippet:-1","max-image-preview":"max-image-preview:large","max-video-preview":"max-video-preview:-1"},"canonical":"https:\/\/hockey.be\/nl\/hockey-wallonie-bruxelles\/plan-strategique\/","og_locale":"nl_NL","og_type":"article","og_title":"Plan Strat\u00e9gique - Hockey Belgium","og_description":"Plan Strat\u00e9gique 2022-2026 Plan Strat\u00e9gique 2018-2022","og_url":"https:\/\/hockey.be\/nl\/hockey-wallonie-bruxelles\/plan-strategique\/","og_site_name":"Hockey Belgium","article_modified_time":"2025-08-22T13:27:53+00:00","og_image":[{"width":1200,"height":333,"url":"https:\/\/hockey.be\/wp-content\/uploads\/2025\/08\/13-1200x333.png","type":"image\/png"}],"twitter_card":"summary_large_image","twitter_misc":{"Geschatte leestijd":"1 minuut"},"schema":{"@context":"https:\/\/schema.org","@graph":[{"@type":"WebPage","@id":"https:\/\/hockey.be\/nl\/hockey-wallonie-bruxelles\/plan-strategique\/","url":"https:\/\/hockey.be\/nl\/hockey-wallonie-bruxelles\/plan-strategique\/","name":"Plan Strat\u00e9gique - Hockey Belgium","isPartOf":{"@id":"https:\/\/hockey.be\/nl\/#website"},"primaryImageOfPage":{"@id":"https:\/\/hockey.be\/nl\/hockey-wallonie-bruxelles\/plan-strategique\/#primaryimage"},"image":{"@id":"https:\/\/hockey.be\/nl\/hockey-wallonie-bruxelles\/plan-strategique\/#primaryimage"},"thumbnailUrl":"https:\/\/hockey.be\/wp-content\/uploads\/2025\/08\/13.png","datePublished":"2019-08-21T17:08:09+00:00","dateModified":"2025-08-22T13:27:53+00:00","breadcrumb":{"@id":"https:\/\/hockey.be\/nl\/hockey-wallonie-bruxelles\/plan-strategique\/#breadcrumb"},"inLanguage":"nl-NL","potentialAction":[{"@type":"ReadAction","target":["https:\/\/hockey.be\/nl\/hockey-wallonie-bruxelles\/plan-strategique\/"]}]},{"@type":"ImageObject","inLanguage":"nl-NL","@id":"https:\/\/hockey.be\/nl\/hockey-wallonie-bruxelles\/plan-strategique\/#primaryimage","url":"https:\/\/hockey.be\/wp-content\/uploads\/2025\/08\/13.png","contentUrl":"https:\/\/hockey.be\/wp-content\/uploads\/2025\/08\/13.png","width":2400,"height":665},{"@type":"BreadcrumbList","@id":"https:\/\/hockey.be\/nl\/hockey-wallonie-bruxelles\/plan-strategique\/#breadcrumb","itemListElement":[{"@type":"ListItem","position":1,"name":"Home","item":"https:\/\/hockey.be\/nl\/hockey-belgium\/"},{"@type":"ListItem","position":2,"name":"Hockey Wallonie Bruxelles","item":"https:\/\/hockey.be\/nl\/hockey-wallonie-bruxelles\/"},{"@type":"ListItem","position":3,"name":"Plan Strat\u00e9gique"}]},{"@type":"WebSite","@id":"https:\/\/hockey.be\/nl\/#website","url":"https:\/\/hockey.be\/nl\/","name":"Hockey Belgium","description":"","publisher":{"@id":"https:\/\/hockey.be\/nl\/#organization"},"potentialAction":[{"@type":"SearchAction","target":{"@type":"EntryPoint","urlTemplate":"https:\/\/hockey.be\/nl\/?s={search_term_string}"},"query-input":{"@type":"PropertyValueSpecification","valueRequired":true,"valueName":"search_term_string"}}],"inLanguage":"nl-NL"},{"@type":"Organization","@id":"https:\/\/hockey.be\/nl\/#organization","name":"Hockey Belgium","url":"https:\/\/hockey.be\/nl\/","logo":{"@type":"ImageObject","inLanguage":"nl-NL","@id":"https:\/\/hockey.be\/nl\/#\/schema\/logo\/image\/","url":"https:\/\/hockey.be\/wp-content\/uploads\/2025\/07\/logo-hockey-be.svg","contentUrl":"https:\/\/hockey.be\/wp-content\/uploads\/2025\/07\/logo-hockey-be.svg","width":724.16,"height":241.49,"caption":"Hockey Belgium"},"image":{"@id":"https:\/\/hockey.be\/nl\/#\/schema\/logo\/image\/"}}]}},"_links":{"self":[{"href":"https:\/\/hockey.be\/nl\/wp-json\/wp\/v2\/pages\/15306","targetHints":{"allow":["GET"]}}],"collection":[{"href":"https:\/\/hockey.be\/nl\/wp-json\/wp\/v2\/pages"}],"about":[{"href":"https:\/\/hockey.be\/nl\/wp-json\/wp\/v2\/types\/page"}],"author":[{"embeddable":true,"href":"https:\/\/hockey.be\/nl\/wp-json\/wp\/v2\/users\/13"}],"replies":[{"embeddable":true,"href":"https:\/\/hockey.be\/nl\/wp-json\/wp\/v2\/comments?post=15306"}],"version-history":[{"count":3,"href":"https:\/\/hockey.be\/nl\/wp-json\/wp\/v2\/pages\/15306\/revisions"}],"predecessor-version":[{"id":83546,"href":"https:\/\/hockey.be\/nl\/wp-json\/wp\/v2\/pages\/15306\/revisions\/83546"}],"up":[{"embeddable":true,"href":"https:\/\/hockey.be\/nl\/wp-json\/wp\/v2\/pages\/15240"}],"wp:featuredmedia":[{"embeddable":true,"href":"https:\/\/hockey.be\/nl\/wp-json\/wp\/v2\/media\/82535"}],"wp:attachment":[{"href":"https:\/\/hockey.be\/nl\/wp-json\/wp\/v2\/media?parent=15306"}],"wp:term":[{"taxonomy":"category","embeddable":true,"href":"https:\/\/hockey.be\/nl\/wp-json\/wp\/v2\/categories?post=15306"},{"taxonomy":"post_tag","embeddable":true,"href":"https:\/\/hockey.be\/nl\/wp-json\/wp\/v2\/tags?post=15306"}],"curies":[{"name":"wp","href":"https:\/\/api.w.org\/{rel}","templated":true}]}}