{"id":15242,"date":"2019-08-21T19:08:07","date_gmt":"2019-08-21T17:08:07","guid":{"rendered":"https:\/\/hockey.be\/?page_id=15242"},"modified":"2025-08-22T18:02:48","modified_gmt":"2025-08-22T16:02:48","slug":"organisation","status":"publish","type":"page","link":"https:\/\/hockey.be\/nl\/hockey-wallonie-bruxelles\/organisation\/","title":{"rendered":"Organisation"},"content":{"rendered":"\t\t<div data-elementor-type=\"wp-post\" data-elementor-id=\"15242\" class=\"elementor elementor-15242 elementor-15241\" data-elementor-post-type=\"page\">\n\t\t\t\t<div class=\"elementor-element elementor-element-f252d62 e-flex e-con-boxed e-con e-parent\" data-id=\"f252d62\" data-element_type=\"container\" data-e-type=\"container\" data-settings=\"{&quot;jet_parallax_layout_list&quot;:[{&quot;jet_parallax_layout_image&quot;:{&quot;url&quot;:&quot;&quot;,&quot;id&quot;:&quot;&quot;,&quot;size&quot;:&quot;&quot;},&quot;_id&quot;:&quot;20a3005&quot;,&quot;jet_parallax_layout_image_tablet&quot;:{&quot;url&quot;:&quot;&quot;,&quot;id&quot;:&quot;&quot;,&quot;size&quot;:&quot;&quot;},&quot;jet_parallax_layout_image_mobile&quot;:{&quot;url&quot;:&quot;&quot;,&quot;id&quot;:&quot;&quot;,&quot;size&quot;:&quot;&quot;},&quot;jet_parallax_layout_image_widescreen&quot;:{&quot;url&quot;:&quot;&quot;,&quot;id&quot;:&quot;&quot;,&quot;size&quot;:&quot;&quot;},&quot;jet_parallax_layout_image_laptop&quot;:{&quot;url&quot;:&quot;&quot;,&quot;id&quot;:&quot;&quot;,&quot;size&quot;:&quot;&quot;},&quot;jet_parallax_layout_image_tablet_extra&quot;:{&quot;url&quot;:&quot;&quot;,&quot;id&quot;:&quot;&quot;,&quot;size&quot;:&quot;&quot;},&quot;jet_parallax_layout_image_mobile_extra&quot;:{&quot;url&quot;:&quot;&quot;,&quot;id&quot;:&quot;&quot;,&quot;size&quot;:&quot;&quot;},&quot;jet_parallax_layout_speed&quot;:{&quot;unit&quot;:&quot;%&quot;,&quot;size&quot;:50,&quot;sizes&quot;:[]},&quot;jet_parallax_layout_type&quot;:&quot;scroll&quot;,&quot;jet_parallax_layout_direction&quot;:&quot;1&quot;,&quot;jet_parallax_layout_fx_direction&quot;:null,&quot;jet_parallax_layout_z_index&quot;:&quot;&quot;,&quot;jet_parallax_layout_bg_x&quot;:50,&quot;jet_parallax_layout_bg_x_widescreen&quot;:&quot;&quot;,&quot;jet_parallax_layout_bg_x_laptop&quot;:&quot;&quot;,&quot;jet_parallax_layout_bg_x_tablet_extra&quot;:&quot;&quot;,&quot;jet_parallax_layout_bg_x_tablet&quot;:&quot;&quot;,&quot;jet_parallax_layout_bg_x_mobile_extra&quot;:&quot;&quot;,&quot;jet_parallax_layout_bg_x_mobile&quot;:&quot;&quot;,&quot;jet_parallax_layout_bg_y&quot;:50,&quot;jet_parallax_layout_bg_y_widescreen&quot;:&quot;&quot;,&quot;jet_parallax_layout_bg_y_laptop&quot;:&quot;&quot;,&quot;jet_parallax_layout_bg_y_tablet_extra&quot;:&quot;&quot;,&quot;jet_parallax_layout_bg_y_tablet&quot;:&quot;&quot;,&quot;jet_parallax_layout_bg_y_mobile_extra&quot;:&quot;&quot;,&quot;jet_parallax_layout_bg_y_mobile&quot;:&quot;&quot;,&quot;jet_parallax_layout_bg_size&quot;:&quot;auto&quot;,&quot;jet_parallax_layout_bg_size_widescreen&quot;:&quot;&quot;,&quot;jet_parallax_layout_bg_size_laptop&quot;:&quot;&quot;,&quot;jet_parallax_layout_bg_size_tablet_extra&quot;:&quot;&quot;,&quot;jet_parallax_layout_bg_size_tablet&quot;:&quot;&quot;,&quot;jet_parallax_layout_bg_size_mobile_extra&quot;:&quot;&quot;,&quot;jet_parallax_layout_bg_size_mobile&quot;:&quot;&quot;,&quot;jet_parallax_layout_animation_prop&quot;:&quot;transform&quot;,&quot;jet_parallax_layout_on&quot;:[&quot;desktop&quot;,&quot;tablet&quot;]}]}\">\n\t\t\t\t\t<div class=\"e-con-inner\">\n\t\t<div class=\"elementor-element elementor-element-0a1b6e1 e-con-full e-flex e-con e-child\" data-id=\"0a1b6e1\" data-element_type=\"container\" data-e-type=\"container\" data-settings=\"{&quot;jet_parallax_layout_list&quot;:[]}\">\n\t\t\t\t<div class=\"elementor-element elementor-element-1537d5d elementor-hidden-tablet elementor-hidden-phone elementor-widget elementor-widget-wp-widget-nav_menu\" data-id=\"1537d5d\" data-element_type=\"widget\" data-e-type=\"widget\" data-widget_type=\"wp-widget-nav_menu.default\">\n\t\t\t\t<div class=\"elementor-widget-container\">\n\t\t\t\t\t<div class=\"menu-nl-side-lfh-container\"><ul id=\"menu-nl-side-lfh\" class=\"menu\"><li id=\"menu-item-18728\" class=\"menu-item menu-item-type-post_type menu-item-object-page menu-item-has-children menu-item-18728\"><a href=\"https:\/\/hockey.be\/nl\/hockey-wallonie-bruxelles\/\">Hockey Wallonie Bruxelles<\/a>\n<ul class=\"sub-menu\">\n\t<li id=\"menu-item-19949\" class=\"menu-item menu-item-type-post_type menu-item-object-page menu-item-has-children menu-item-19949\"><a href=\"https:\/\/hockey.be\/nl\/hockey-wallonie-bruxelles\/organisation\/\">Organisation<\/a>\n\t<ul class=\"sub-menu\">\n\t\t<li id=\"menu-item-19954\" class=\"menu-item menu-item-type-post_type menu-item-object-page menu-item-19954\"><a href=\"https:\/\/hockey.be\/nl\/hockey-wallonie-bruxelles\/organisation\/organe-dadministration\/\">Conseil d&#8217;Administration<\/a><\/li>\n\t\t<li id=\"menu-item-19953\" class=\"menu-item menu-item-type-post_type menu-item-object-page menu-item-19953\"><a href=\"https:\/\/hockey.be\/nl\/hockey-wallonie-bruxelles\/organisation\/departements\/\">D\u00e9partements<\/a><\/li>\n\t<\/ul>\n<\/li>\n\t<li id=\"menu-item-19944\" class=\"menu-item menu-item-type-post_type menu-item-object-page menu-item-has-children menu-item-19944\"><a href=\"https:\/\/hockey.be\/nl\/hockey-wallonie-bruxelles\/hockey-academy\/\">Hockey Academy<\/a>\n\t<ul class=\"sub-menu\">\n\t\t<li id=\"menu-item-19936\" class=\"menu-item menu-item-type-post_type menu-item-object-page menu-item-has-children menu-item-19936\"><a href=\"https:\/\/hockey.be\/nl\/hockey-wallonie-bruxelles\/hockey-academy\/umpire-academy\/\">Umpire Academy<\/a>\n\t\t<ul class=\"sub-menu\">\n\t\t\t<li id=\"menu-item-68603\" class=\"menu-item menu-item-type-post_type menu-item-object-page menu-item-68603\"><a href=\"https:\/\/hockey.be\/nl\/hockey-wallonie-bruxelles\/hockey-academy\/umpire-academy\/comment-devenir-arbitre\/\">Comment devenir arbitre ?<\/a><\/li>\n\t\t\t<li id=\"menu-item-68601\" class=\"menu-item menu-item-type-post_type menu-item-object-page menu-item-68601\"><a href=\"https:\/\/hockey.be\/nl\/hockey-wallonie-bruxelles\/hockey-academy\/umpire-academy\/wat-zijn-de-essentiele-kwaliteiten-van-een-goede-scheidsrechter\/\">Wat zijn de essenti\u00eble kwaliteiten van een goede scheidsrechter?<\/a><\/li>\n\t\t\t<li id=\"menu-item-68602\" class=\"menu-item menu-item-type-post_type menu-item-object-page menu-item-has-children menu-item-68602\"><a href=\"https:\/\/hockey.be\/nl\/hockey-wallonie-bruxelles\/hockey-academy\/umpire-academy\/opleidingstraject\/\">Opleidingstraject<\/a>\n\t\t\t<ul class=\"sub-menu\">\n\t\t\t\t<li id=\"menu-item-68609\" class=\"menu-item menu-item-type-post_type menu-item-object-page menu-item-68609\"><a href=\"https:\/\/hockey.be\/nl\/hockey-wallonie-bruxelles\/hockey-academy\/umpire-academy\/opleidingstraject\/de-spelbegeleider-u7-u8-u9\/\">De Spelbegeleider U7-U8-U9<\/a><\/li>\n\t\t\t\t<li id=\"menu-item-68608\" class=\"menu-item menu-item-type-post_type menu-item-object-page menu-item-68608\"><a href=\"https:\/\/hockey.be\/nl\/hockey-wallonie-bruxelles\/hockey-academy\/umpire-academy\/opleidingstraject\/de-beginnende-scheidsrechter-u10-u12\/\">De Beginnende Scheidsrechter U10-U12<\/a><\/li>\n\t\t\t\t<li id=\"menu-item-68607\" class=\"menu-item menu-item-type-post_type menu-item-object-page menu-item-68607\"><a href=\"https:\/\/hockey.be\/nl\/hockey-wallonie-bruxelles\/hockey-academy\/umpire-academy\/opleidingstraject\/arbitre-theorique-u14\/\">Arbitre Th\u00e9orique U14<\/a><\/li>\n\t\t\t\t<li id=\"menu-item-68606\" class=\"menu-item menu-item-type-post_type menu-item-object-page menu-item-68606\"><a href=\"https:\/\/hockey.be\/nl\/hockey-wallonie-bruxelles\/hockey-academy\/umpire-academy\/opleidingstraject\/club-umpire\/\">Club Umpire<\/a><\/li>\n\t\t\t\t<li id=\"menu-item-68600\" class=\"menu-item menu-item-type-post_type menu-item-object-page menu-item-68600\"><a href=\"https:\/\/hockey.be\/nl\/hockey-wallonie-bruxelles\/hockey-academy\/umpire-academy\/club-umpire-4-district\/\">Club Umpire 4 District<\/a><\/li>\n\t\t\t\t<li id=\"menu-item-68605\" class=\"menu-item menu-item-type-post_type menu-item-object-page menu-item-68605\"><a href=\"https:\/\/hockey.be\/nl\/hockey-wallonie-bruxelles\/hockey-academy\/umpire-academy\/opleidingstraject\/arbitre-national-jeunes\/\">Arbitre National \u00ab\u00a0Jeunes\u00a0\u00bb<\/a><\/li>\n\t\t\t\t<li id=\"menu-item-68604\" class=\"menu-item menu-item-type-post_type menu-item-object-page menu-item-68604\"><a href=\"https:\/\/hockey.be\/nl\/hockey-wallonie-bruxelles\/hockey-academy\/umpire-academy\/opleidingstraject\/arbitre-national-seniors\/\">Arbitre National \u00ab\u00a0Seniors\u00a0\u00bb<\/a><\/li>\n\t\t\t<\/ul>\n<\/li>\n\t\t\t<li id=\"menu-item-68610\" class=\"menu-item menu-item-type-post_type menu-item-object-page menu-item-68610\"><a href=\"https:\/\/hockey.be\/nl\/hockey-vlaanderen\/hockey-academy\/umpire-academy\/club-umpire-coach\/\">Club Umpire Coach<\/a><\/li>\n\t\t<\/ul>\n<\/li>\n\t<\/ul>\n<\/li>\n\t<li id=\"menu-item-19870\" class=\"menu-item menu-item-type-post_type menu-item-object-page menu-item-19870\"><a href=\"https:\/\/hockey.be\/nl\/hockey2school\/\">Hockey2School<\/a><\/li>\n\t<li id=\"menu-item-19868\" class=\"menu-item menu-item-type-post_type menu-item-object-page menu-item-19868\"><a href=\"https:\/\/hockey.be\/nl\/hockey-wallonie-bruxelles\/contact\/\">Contact<\/a><\/li>\n<\/ul>\n<\/li>\n<li id=\"menu-item-19876\" class=\"menu-item menu-item-type-post_type menu-item-object-page menu-item-19876\"><a href=\"https:\/\/hockey.be\/nl\/hockey-wallonie-bruxelles\/plan-strategique\/\">Plan Strat\u00e9gique<\/a><\/li>\n<li id=\"menu-item-19879\" class=\"menu-item menu-item-type-post_type menu-item-object-page menu-item-19879\"><a href=\"https:\/\/hockey.be\/nl\/hockey-wallonie-bruxelles\/reglementen\/\">R\u00e8glements<\/a><\/li>\n<li id=\"menu-item-19877\" class=\"menu-item menu-item-type-post_type menu-item-object-page menu-item-19877\"><a href=\"https:\/\/hockey.be\/nl\/hockey-wallonie-bruxelles\/assemblees-generales\/\">Assembl\u00e9es g\u00e9n\u00e9rales<\/a><\/li>\n<li id=\"menu-item-19880\" class=\"menu-item menu-item-type-post_type menu-item-object-page menu-item-19880\"><a href=\"https:\/\/hockey.be\/nl\/hockey-wallonie-bruxelles\/statuts\/\">Statuts<\/a><\/li>\n<li id=\"menu-item-19955\" class=\"menu-item menu-item-type-post_type menu-item-object-page menu-item-19955\"><a href=\"https:\/\/hockey.be\/nl\/parahockey\/\">ParaHockey<\/a><\/li>\n<\/ul><\/div>\t\t\t\t<\/div>\n\t\t\t\t<\/div>\n\t\t\t\t<\/div>\n\t\t<div class=\"elementor-element elementor-element-46632eb e-con-full e-flex e-con e-child\" data-id=\"46632eb\" data-element_type=\"container\" data-e-type=\"container\" data-settings=\"{&quot;jet_parallax_layout_list&quot;:[]}\">\n\t\t\t\t<div class=\"elementor-element elementor-element-370b88c elementor-widget elementor-widget-heading\" data-id=\"370b88c\" data-element_type=\"widget\" data-e-type=\"widget\" data-widget_type=\"heading.default\">\n\t\t\t\t<div class=\"elementor-widget-container\">\n\t\t\t\t\t<h1 class=\"elementor-heading-title elementor-size-default\">Organisation<\/h1>\t\t\t\t<\/div>\n\t\t\t\t<\/div>\n\t\t\t\t<div class=\"elementor-element elementor-element-9227dfc elementor-widget-divider--view-line elementor-widget elementor-widget-divider\" data-id=\"9227dfc\" data-element_type=\"widget\" data-e-type=\"widget\" data-widget_type=\"divider.default\">\n\t\t\t\t<div class=\"elementor-widget-container\">\n\t\t\t\t\t\t\t<div class=\"elementor-divider\">\n\t\t\t<span class=\"elementor-divider-separator\">\n\t\t\t\t\t\t<\/span>\n\t\t<\/div>\n\t\t\t\t\t\t<\/div>\n\t\t\t\t<\/div>\n\t\t\t\t<div class=\"elementor-element elementor-element-9d7cca7 elementor-widget elementor-widget-text-editor\" data-id=\"9d7cca7\" data-element_type=\"widget\" data-e-type=\"widget\" data-widget_type=\"text-editor.default\">\n\t\t\t\t<div class=\"elementor-widget-container\">\n\t\t\t\t\t\t\t\t\t<p>Les personnes suivantes sont engag\u00e9es conjointement dans une t\u00e2che ou un but sp\u00e9cifique au sein d&#8217;un des divers comit\u00e9s ou commissions.<\/p>\t\t\t\t\t\t\t\t<\/div>\n\t\t\t\t<\/div>\n\t\t\t\t<div class=\"elementor-element elementor-element-4f9f8a8 elementor-align-justify elementor-widget elementor-widget-button\" data-id=\"4f9f8a8\" data-element_type=\"widget\" data-e-type=\"widget\" data-widget_type=\"button.default\">\n\t\t\t\t<div class=\"elementor-widget-container\">\n\t\t\t\t\t\t\t\t\t<div class=\"elementor-button-wrapper\">\n\t\t\t\t\t<a class=\"elementor-button elementor-button-link elementor-size-lg\" href=\"https:\/\/hockey.be\/nl\/hockey-wallonie-bruxelles\/organisation\/departements\/\" target=\"_blank\">\n\t\t\t\t\t\t<span class=\"elementor-button-content-wrapper\">\n\t\t\t\t\t\t<span class=\"elementor-button-icon\">\n\t\t\t\t<svg aria-hidden=\"true\" class=\"e-font-icon-svg e-fas-arrow-right\" viewBox=\"0 0 448 512\" xmlns=\"http:\/\/www.w3.org\/2000\/svg\"><path d=\"M190.5 66.9l22.2-22.2c9.4-9.4 24.6-9.4 33.9 0L441 239c9.4 9.4 9.4 24.6 0 33.9L246.6 467.3c-9.4 9.4-24.6 9.4-33.9 0l-22.2-22.2c-9.5-9.5-9.3-25 .4-34.3L311.4 296H24c-13.3 0-24-10.7-24-24v-32c0-13.3 10.7-24 24-24h287.4L190.9 101.2c-9.8-9.3-10-24.8-.4-34.3z\"><\/path><\/svg>\t\t\t<\/span>\n\t\t\t\t\t\t\t\t\t<span class=\"elementor-button-text\">D\u00e9partements<\/span>\n\t\t\t\t\t<\/span>\n\t\t\t\t\t<\/a>\n\t\t\t\t<\/div>\n\t\t\t\t\t\t\t\t<\/div>\n\t\t\t\t<\/div>\n\t\t\t\t<div class=\"elementor-element elementor-element-6093ab6 elementor-align-justify elementor-widget elementor-widget-button\" data-id=\"6093ab6\" data-element_type=\"widget\" data-e-type=\"widget\" data-widget_type=\"button.default\">\n\t\t\t\t<div class=\"elementor-widget-container\">\n\t\t\t\t\t\t\t\t\t<div class=\"elementor-button-wrapper\">\n\t\t\t\t\t<a class=\"elementor-button elementor-button-link elementor-size-lg\" href=\"https:\/\/hockey.be\/nl\/hockey-wallonie-bruxelles\/organisation\/organe-dadministration\/\" target=\"_blank\">\n\t\t\t\t\t\t<span class=\"elementor-button-content-wrapper\">\n\t\t\t\t\t\t<span class=\"elementor-button-icon\">\n\t\t\t\t<svg aria-hidden=\"true\" class=\"e-font-icon-svg e-fas-arrow-right\" viewBox=\"0 0 448 512\" xmlns=\"http:\/\/www.w3.org\/2000\/svg\"><path d=\"M190.5 66.9l22.2-22.2c9.4-9.4 24.6-9.4 33.9 0L441 239c9.4 9.4 9.4 24.6 0 33.9L246.6 467.3c-9.4 9.4-24.6 9.4-33.9 0l-22.2-22.2c-9.5-9.5-9.3-25 .4-34.3L311.4 296H24c-13.3 0-24-10.7-24-24v-32c0-13.3 10.7-24 24-24h287.4L190.9 101.2c-9.8-9.3-10-24.8-.4-34.3z\"><\/path><\/svg>\t\t\t<\/span>\n\t\t\t\t\t\t\t\t\t<span class=\"elementor-button-text\">Organe d'administration<\/span>\n\t\t\t\t\t<\/span>\n\t\t\t\t\t<\/a>\n\t\t\t\t<\/div>\n\t\t\t\t\t\t\t\t<\/div>\n\t\t\t\t<\/div>\n\t\t\t\t<div class=\"elementor-element elementor-element-eb78c78 elementor-widget-divider--view-line elementor-widget elementor-widget-divider\" data-id=\"eb78c78\" data-element_type=\"widget\" data-e-type=\"widget\" data-widget_type=\"divider.default\">\n\t\t\t\t<div class=\"elementor-widget-container\">\n\t\t\t\t\t\t\t<div class=\"elementor-divider\">\n\t\t\t<span class=\"elementor-divider-separator\">\n\t\t\t\t\t\t<\/span>\n\t\t<\/div>\n\t\t\t\t\t\t<\/div>\n\t\t\t\t<\/div>\n\t\t\t\t<\/div>\n\t\t\t\t\t<\/div>\n\t\t\t\t<\/div>\n\t\t\t\t<\/div>\n\t\t","protected":false},"excerpt":{"rendered":"<p>Les personnes suivantes sont engag\u00e9es conjointement dans une t\u00e2che ou un but sp\u00e9cifique au sein d&#8217;un des divers comit\u00e9s ou commissions. D\u00e9partements Organe d&#8217;administration<\/p>\n","protected":false},"author":13,"featured_media":82553,"parent":15240,"menu_order":239,"comment_status":"closed","ping_status":"closed","template":"","meta":{"_acf_changed":false,"footnotes":""},"categories":[304],"tags":[],"class_list":["post-15242","page","type-page","status-publish","has-post-thumbnail","hentry","category-lfh-content"],"acf":[],"yoast_head":"<!-- This site is optimized with the Yoast SEO plugin v27.3 - https:\/\/yoast.com\/product\/yoast-seo-wordpress\/ -->\n<title>Organisation - Hockey Belgium<\/title>\n<meta name=\"robots\" content=\"index, follow, max-snippet:-1, max-image-preview:large, max-video-preview:-1\" \/>\n<link rel=\"canonical\" href=\"https:\/\/hockey.be\/nl\/hockey-wallonie-bruxelles\/organisation\/\" \/>\n<meta property=\"og:locale\" content=\"nl_NL\" \/>\n<meta property=\"og:type\" content=\"article\" \/>\n<meta property=\"og:title\" content=\"Organisation - Hockey Belgium\" \/>\n<meta property=\"og:description\" content=\"Les personnes suivantes sont engag\u00e9es conjointement dans une t\u00e2che ou un but sp\u00e9cifique au sein d&#8217;un des divers comit\u00e9s ou commissions. D\u00e9partements Organe d&#8217;administration\" \/>\n<meta property=\"og:url\" content=\"https:\/\/hockey.be\/nl\/hockey-wallonie-bruxelles\/organisation\/\" \/>\n<meta property=\"og:site_name\" content=\"Hockey Belgium\" \/>\n<meta property=\"article:modified_time\" content=\"2025-08-22T16:02:48+00:00\" \/>\n<meta property=\"og:image\" content=\"https:\/\/hockey.be\/wp-content\/uploads\/2025\/08\/18-1-1200x333.png\" \/>\n\t<meta property=\"og:image:width\" content=\"1200\" \/>\n\t<meta property=\"og:image:height\" content=\"333\" \/>\n\t<meta property=\"og:image:type\" content=\"image\/png\" \/>\n<meta name=\"twitter:card\" content=\"summary_large_image\" \/>\n<meta name=\"twitter:label1\" content=\"Geschatte leestijd\" \/>\n\t<meta name=\"twitter:data1\" content=\"2 minuten\" \/>\n<script type=\"application\/ld+json\" class=\"yoast-schema-graph\">{\"@context\":\"https:\\\/\\\/schema.org\",\"@graph\":[{\"@type\":\"WebPage\",\"@id\":\"https:\\\/\\\/hockey.be\\\/nl\\\/hockey-wallonie-bruxelles\\\/organisation\\\/\",\"url\":\"https:\\\/\\\/hockey.be\\\/nl\\\/hockey-wallonie-bruxelles\\\/organisation\\\/\",\"name\":\"Organisation - Hockey Belgium\",\"isPartOf\":{\"@id\":\"https:\\\/\\\/hockey.be\\\/nl\\\/#website\"},\"primaryImageOfPage\":{\"@id\":\"https:\\\/\\\/hockey.be\\\/nl\\\/hockey-wallonie-bruxelles\\\/organisation\\\/#primaryimage\"},\"image\":{\"@id\":\"https:\\\/\\\/hockey.be\\\/nl\\\/hockey-wallonie-bruxelles\\\/organisation\\\/#primaryimage\"},\"thumbnailUrl\":\"https:\\\/\\\/hockey.be\\\/wp-content\\\/uploads\\\/2025\\\/08\\\/18-1.png\",\"datePublished\":\"2019-08-21T17:08:07+00:00\",\"dateModified\":\"2025-08-22T16:02:48+00:00\",\"breadcrumb\":{\"@id\":\"https:\\\/\\\/hockey.be\\\/nl\\\/hockey-wallonie-bruxelles\\\/organisation\\\/#breadcrumb\"},\"inLanguage\":\"nl-NL\",\"potentialAction\":[{\"@type\":\"ReadAction\",\"target\":[\"https:\\\/\\\/hockey.be\\\/nl\\\/hockey-wallonie-bruxelles\\\/organisation\\\/\"]}]},{\"@type\":\"ImageObject\",\"inLanguage\":\"nl-NL\",\"@id\":\"https:\\\/\\\/hockey.be\\\/nl\\\/hockey-wallonie-bruxelles\\\/organisation\\\/#primaryimage\",\"url\":\"https:\\\/\\\/hockey.be\\\/wp-content\\\/uploads\\\/2025\\\/08\\\/18-1.png\",\"contentUrl\":\"https:\\\/\\\/hockey.be\\\/wp-content\\\/uploads\\\/2025\\\/08\\\/18-1.png\",\"width\":2400,\"height\":665},{\"@type\":\"BreadcrumbList\",\"@id\":\"https:\\\/\\\/hockey.be\\\/nl\\\/hockey-wallonie-bruxelles\\\/organisation\\\/#breadcrumb\",\"itemListElement\":[{\"@type\":\"ListItem\",\"position\":1,\"name\":\"Home\",\"item\":\"https:\\\/\\\/hockey.be\\\/nl\\\/hockey-belgium\\\/\"},{\"@type\":\"ListItem\",\"position\":2,\"name\":\"Hockey Wallonie Bruxelles\",\"item\":\"https:\\\/\\\/hockey.be\\\/nl\\\/hockey-wallonie-bruxelles\\\/\"},{\"@type\":\"ListItem\",\"position\":3,\"name\":\"Organisation\"}]},{\"@type\":\"WebSite\",\"@id\":\"https:\\\/\\\/hockey.be\\\/nl\\\/#website\",\"url\":\"https:\\\/\\\/hockey.be\\\/nl\\\/\",\"name\":\"Hockey Belgium\",\"description\":\"\",\"publisher\":{\"@id\":\"https:\\\/\\\/hockey.be\\\/nl\\\/#organization\"},\"potentialAction\":[{\"@type\":\"SearchAction\",\"target\":{\"@type\":\"EntryPoint\",\"urlTemplate\":\"https:\\\/\\\/hockey.be\\\/nl\\\/?s={search_term_string}\"},\"query-input\":{\"@type\":\"PropertyValueSpecification\",\"valueRequired\":true,\"valueName\":\"search_term_string\"}}],\"inLanguage\":\"nl-NL\"},{\"@type\":\"Organization\",\"@id\":\"https:\\\/\\\/hockey.be\\\/nl\\\/#organization\",\"name\":\"Hockey Belgium\",\"url\":\"https:\\\/\\\/hockey.be\\\/nl\\\/\",\"logo\":{\"@type\":\"ImageObject\",\"inLanguage\":\"nl-NL\",\"@id\":\"https:\\\/\\\/hockey.be\\\/nl\\\/#\\\/schema\\\/logo\\\/image\\\/\",\"url\":\"https:\\\/\\\/hockey.be\\\/wp-content\\\/uploads\\\/2025\\\/07\\\/logo-hockey-be.svg\",\"contentUrl\":\"https:\\\/\\\/hockey.be\\\/wp-content\\\/uploads\\\/2025\\\/07\\\/logo-hockey-be.svg\",\"width\":724.16,\"height\":241.49,\"caption\":\"Hockey Belgium\"},\"image\":{\"@id\":\"https:\\\/\\\/hockey.be\\\/nl\\\/#\\\/schema\\\/logo\\\/image\\\/\"}}]}<\/script>\n<!-- \/ Yoast SEO plugin. -->","yoast_head_json":{"title":"Organisation - Hockey Belgium","robots":{"index":"index","follow":"follow","max-snippet":"max-snippet:-1","max-image-preview":"max-image-preview:large","max-video-preview":"max-video-preview:-1"},"canonical":"https:\/\/hockey.be\/nl\/hockey-wallonie-bruxelles\/organisation\/","og_locale":"nl_NL","og_type":"article","og_title":"Organisation - Hockey Belgium","og_description":"Les personnes suivantes sont engag\u00e9es conjointement dans une t\u00e2che ou un but sp\u00e9cifique au sein d&#8217;un des divers comit\u00e9s ou commissions. D\u00e9partements Organe d&#8217;administration","og_url":"https:\/\/hockey.be\/nl\/hockey-wallonie-bruxelles\/organisation\/","og_site_name":"Hockey Belgium","article_modified_time":"2025-08-22T16:02:48+00:00","og_image":[{"width":1200,"height":333,"url":"https:\/\/hockey.be\/wp-content\/uploads\/2025\/08\/18-1-1200x333.png","type":"image\/png"}],"twitter_card":"summary_large_image","twitter_misc":{"Geschatte leestijd":"2 minuten"},"schema":{"@context":"https:\/\/schema.org","@graph":[{"@type":"WebPage","@id":"https:\/\/hockey.be\/nl\/hockey-wallonie-bruxelles\/organisation\/","url":"https:\/\/hockey.be\/nl\/hockey-wallonie-bruxelles\/organisation\/","name":"Organisation - Hockey Belgium","isPartOf":{"@id":"https:\/\/hockey.be\/nl\/#website"},"primaryImageOfPage":{"@id":"https:\/\/hockey.be\/nl\/hockey-wallonie-bruxelles\/organisation\/#primaryimage"},"image":{"@id":"https:\/\/hockey.be\/nl\/hockey-wallonie-bruxelles\/organisation\/#primaryimage"},"thumbnailUrl":"https:\/\/hockey.be\/wp-content\/uploads\/2025\/08\/18-1.png","datePublished":"2019-08-21T17:08:07+00:00","dateModified":"2025-08-22T16:02:48+00:00","breadcrumb":{"@id":"https:\/\/hockey.be\/nl\/hockey-wallonie-bruxelles\/organisation\/#breadcrumb"},"inLanguage":"nl-NL","potentialAction":[{"@type":"ReadAction","target":["https:\/\/hockey.be\/nl\/hockey-wallonie-bruxelles\/organisation\/"]}]},{"@type":"ImageObject","inLanguage":"nl-NL","@id":"https:\/\/hockey.be\/nl\/hockey-wallonie-bruxelles\/organisation\/#primaryimage","url":"https:\/\/hockey.be\/wp-content\/uploads\/2025\/08\/18-1.png","contentUrl":"https:\/\/hockey.be\/wp-content\/uploads\/2025\/08\/18-1.png","width":2400,"height":665},{"@type":"BreadcrumbList","@id":"https:\/\/hockey.be\/nl\/hockey-wallonie-bruxelles\/organisation\/#breadcrumb","itemListElement":[{"@type":"ListItem","position":1,"name":"Home","item":"https:\/\/hockey.be\/nl\/hockey-belgium\/"},{"@type":"ListItem","position":2,"name":"Hockey Wallonie Bruxelles","item":"https:\/\/hockey.be\/nl\/hockey-wallonie-bruxelles\/"},{"@type":"ListItem","position":3,"name":"Organisation"}]},{"@type":"WebSite","@id":"https:\/\/hockey.be\/nl\/#website","url":"https:\/\/hockey.be\/nl\/","name":"Hockey Belgium","description":"","publisher":{"@id":"https:\/\/hockey.be\/nl\/#organization"},"potentialAction":[{"@type":"SearchAction","target":{"@type":"EntryPoint","urlTemplate":"https:\/\/hockey.be\/nl\/?s={search_term_string}"},"query-input":{"@type":"PropertyValueSpecification","valueRequired":true,"valueName":"search_term_string"}}],"inLanguage":"nl-NL"},{"@type":"Organization","@id":"https:\/\/hockey.be\/nl\/#organization","name":"Hockey Belgium","url":"https:\/\/hockey.be\/nl\/","logo":{"@type":"ImageObject","inLanguage":"nl-NL","@id":"https:\/\/hockey.be\/nl\/#\/schema\/logo\/image\/","url":"https:\/\/hockey.be\/wp-content\/uploads\/2025\/07\/logo-hockey-be.svg","contentUrl":"https:\/\/hockey.be\/wp-content\/uploads\/2025\/07\/logo-hockey-be.svg","width":724.16,"height":241.49,"caption":"Hockey Belgium"},"image":{"@id":"https:\/\/hockey.be\/nl\/#\/schema\/logo\/image\/"}}]}},"_links":{"self":[{"href":"https:\/\/hockey.be\/nl\/wp-json\/wp\/v2\/pages\/15242","targetHints":{"allow":["GET"]}}],"collection":[{"href":"https:\/\/hockey.be\/nl\/wp-json\/wp\/v2\/pages"}],"about":[{"href":"https:\/\/hockey.be\/nl\/wp-json\/wp\/v2\/types\/page"}],"author":[{"embeddable":true,"href":"https:\/\/hockey.be\/nl\/wp-json\/wp\/v2\/users\/13"}],"replies":[{"embeddable":true,"href":"https:\/\/hockey.be\/nl\/wp-json\/wp\/v2\/comments?post=15242"}],"version-history":[{"count":3,"href":"https:\/\/hockey.be\/nl\/wp-json\/wp\/v2\/pages\/15242\/revisions"}],"predecessor-version":[{"id":83858,"href":"https:\/\/hockey.be\/nl\/wp-json\/wp\/v2\/pages\/15242\/revisions\/83858"}],"up":[{"embeddable":true,"href":"https:\/\/hockey.be\/nl\/wp-json\/wp\/v2\/pages\/15240"}],"wp:featuredmedia":[{"embeddable":true,"href":"https:\/\/hockey.be\/nl\/wp-json\/wp\/v2\/media\/82553"}],"wp:attachment":[{"href":"https:\/\/hockey.be\/nl\/wp-json\/wp\/v2\/media?parent=15242"}],"wp:term":[{"taxonomy":"category","embeddable":true,"href":"https:\/\/hockey.be\/nl\/wp-json\/wp\/v2\/categories?post=15242"},{"taxonomy":"post_tag","embeddable":true,"href":"https:\/\/hockey.be\/nl\/wp-json\/wp\/v2\/tags?post=15242"}],"curies":[{"name":"wp","href":"https:\/\/api.w.org\/{rel}","templated":true}]}}