{"id":15240,"date":"2019-08-21T19:08:07","date_gmt":"2019-08-21T17:08:07","guid":{"rendered":"https:\/\/hockey.be\/?page_id=15240"},"modified":"2026-01-09T12:14:12","modified_gmt":"2026-01-09T11:14:12","slug":"hockey-wallonie-bruxelles","status":"publish","type":"page","link":"https:\/\/hockey.be\/nl\/hockey-wallonie-bruxelles\/","title":{"rendered":"Hockey Wallonie Bruxelles"},"content":{"rendered":"\t\t<div data-elementor-type=\"wp-post\" data-elementor-id=\"15240\" class=\"elementor elementor-15240 elementor-15239\" data-elementor-post-type=\"page\">\n\t\t\t\t<div class=\"elementor-element elementor-element-07d8b59 e-flex e-con-boxed e-con e-parent\" data-id=\"07d8b59\" data-element_type=\"container\" data-e-type=\"container\" data-settings=\"{&quot;jet_parallax_layout_list&quot;:[{&quot;jet_parallax_layout_image&quot;:{&quot;url&quot;:&quot;&quot;,&quot;id&quot;:&quot;&quot;,&quot;size&quot;:&quot;&quot;},&quot;_id&quot;:&quot;20a3005&quot;,&quot;jet_parallax_layout_image_tablet&quot;:{&quot;url&quot;:&quot;&quot;,&quot;id&quot;:&quot;&quot;,&quot;size&quot;:&quot;&quot;},&quot;jet_parallax_layout_image_mobile&quot;:{&quot;url&quot;:&quot;&quot;,&quot;id&quot;:&quot;&quot;,&quot;size&quot;:&quot;&quot;},&quot;jet_parallax_layout_image_widescreen&quot;:{&quot;url&quot;:&quot;&quot;,&quot;id&quot;:&quot;&quot;,&quot;size&quot;:&quot;&quot;},&quot;jet_parallax_layout_image_laptop&quot;:{&quot;url&quot;:&quot;&quot;,&quot;id&quot;:&quot;&quot;,&quot;size&quot;:&quot;&quot;},&quot;jet_parallax_layout_image_tablet_extra&quot;:{&quot;url&quot;:&quot;&quot;,&quot;id&quot;:&quot;&quot;,&quot;size&quot;:&quot;&quot;},&quot;jet_parallax_layout_image_mobile_extra&quot;:{&quot;url&quot;:&quot;&quot;,&quot;id&quot;:&quot;&quot;,&quot;size&quot;:&quot;&quot;},&quot;jet_parallax_layout_speed&quot;:{&quot;unit&quot;:&quot;%&quot;,&quot;size&quot;:50,&quot;sizes&quot;:[]},&quot;jet_parallax_layout_type&quot;:&quot;scroll&quot;,&quot;jet_parallax_layout_direction&quot;:&quot;1&quot;,&quot;jet_parallax_layout_fx_direction&quot;:null,&quot;jet_parallax_layout_z_index&quot;:&quot;&quot;,&quot;jet_parallax_layout_bg_x&quot;:50,&quot;jet_parallax_layout_bg_x_widescreen&quot;:&quot;&quot;,&quot;jet_parallax_layout_bg_x_laptop&quot;:&quot;&quot;,&quot;jet_parallax_layout_bg_x_tablet_extra&quot;:&quot;&quot;,&quot;jet_parallax_layout_bg_x_tablet&quot;:&quot;&quot;,&quot;jet_parallax_layout_bg_x_mobile_extra&quot;:&quot;&quot;,&quot;jet_parallax_layout_bg_x_mobile&quot;:&quot;&quot;,&quot;jet_parallax_layout_bg_y&quot;:50,&quot;jet_parallax_layout_bg_y_widescreen&quot;:&quot;&quot;,&quot;jet_parallax_layout_bg_y_laptop&quot;:&quot;&quot;,&quot;jet_parallax_layout_bg_y_tablet_extra&quot;:&quot;&quot;,&quot;jet_parallax_layout_bg_y_tablet&quot;:&quot;&quot;,&quot;jet_parallax_layout_bg_y_mobile_extra&quot;:&quot;&quot;,&quot;jet_parallax_layout_bg_y_mobile&quot;:&quot;&quot;,&quot;jet_parallax_layout_bg_size&quot;:&quot;auto&quot;,&quot;jet_parallax_layout_bg_size_widescreen&quot;:&quot;&quot;,&quot;jet_parallax_layout_bg_size_laptop&quot;:&quot;&quot;,&quot;jet_parallax_layout_bg_size_tablet_extra&quot;:&quot;&quot;,&quot;jet_parallax_layout_bg_size_tablet&quot;:&quot;&quot;,&quot;jet_parallax_layout_bg_size_mobile_extra&quot;:&quot;&quot;,&quot;jet_parallax_layout_bg_size_mobile&quot;:&quot;&quot;,&quot;jet_parallax_layout_animation_prop&quot;:&quot;transform&quot;,&quot;jet_parallax_layout_on&quot;:[&quot;desktop&quot;,&quot;tablet&quot;]}]}\">\n\t\t\t\t\t<div class=\"e-con-inner\">\n\t\t<div class=\"elementor-element elementor-element-e13a797 e-con-full e-flex e-con e-child\" data-id=\"e13a797\" data-element_type=\"container\" data-e-type=\"container\" data-settings=\"{&quot;jet_parallax_layout_list&quot;:[]}\">\n\t\t\t\t<div class=\"elementor-element elementor-element-59b34d7 elementor-hidden-tablet elementor-hidden-phone elementor-widget elementor-widget-wp-widget-nav_menu\" data-id=\"59b34d7\" data-element_type=\"widget\" data-e-type=\"widget\" data-widget_type=\"wp-widget-nav_menu.default\">\n\t\t\t\t<div class=\"elementor-widget-container\">\n\t\t\t\t\t<div class=\"menu-nl-side-lfh-container\"><ul id=\"menu-nl-side-lfh\" class=\"menu\"><li id=\"menu-item-18728\" class=\"menu-item menu-item-type-post_type menu-item-object-page menu-item-has-children menu-item-18728\"><a href=\"https:\/\/hockey.be\/nl\/hockey-wallonie-bruxelles\/\">Hockey Wallonie Bruxelles<\/a>\n<ul class=\"sub-menu\">\n\t<li id=\"menu-item-19949\" class=\"menu-item menu-item-type-post_type menu-item-object-page menu-item-has-children menu-item-19949\"><a href=\"https:\/\/hockey.be\/nl\/hockey-wallonie-bruxelles\/organisation\/\">Organisation<\/a>\n\t<ul class=\"sub-menu\">\n\t\t<li id=\"menu-item-19954\" class=\"menu-item menu-item-type-post_type menu-item-object-page menu-item-19954\"><a href=\"https:\/\/hockey.be\/nl\/hockey-wallonie-bruxelles\/organisation\/organe-dadministration\/\">Conseil d&#8217;Administration<\/a><\/li>\n\t\t<li id=\"menu-item-19953\" class=\"menu-item menu-item-type-post_type menu-item-object-page menu-item-19953\"><a href=\"https:\/\/hockey.be\/nl\/hockey-wallonie-bruxelles\/organisation\/departements\/\">D\u00e9partements<\/a><\/li>\n\t<\/ul>\n<\/li>\n\t<li id=\"menu-item-19944\" class=\"menu-item menu-item-type-post_type menu-item-object-page menu-item-has-children menu-item-19944\"><a href=\"https:\/\/hockey.be\/nl\/hockey-wallonie-bruxelles\/hockey-academy\/\">Hockey Academy<\/a>\n\t<ul class=\"sub-menu\">\n\t\t<li id=\"menu-item-19936\" class=\"menu-item menu-item-type-post_type menu-item-object-page menu-item-has-children menu-item-19936\"><a href=\"https:\/\/hockey.be\/nl\/hockey-wallonie-bruxelles\/hockey-academy\/umpire-academy\/\">Umpire Academy<\/a>\n\t\t<ul class=\"sub-menu\">\n\t\t\t<li id=\"menu-item-68603\" class=\"menu-item menu-item-type-post_type menu-item-object-page menu-item-68603\"><a href=\"https:\/\/hockey.be\/nl\/hockey-wallonie-bruxelles\/hockey-academy\/umpire-academy\/comment-devenir-arbitre\/\">Comment devenir arbitre ?<\/a><\/li>\n\t\t\t<li id=\"menu-item-68601\" class=\"menu-item menu-item-type-post_type menu-item-object-page menu-item-68601\"><a href=\"https:\/\/hockey.be\/nl\/hockey-wallonie-bruxelles\/hockey-academy\/umpire-academy\/wat-zijn-de-essentiele-kwaliteiten-van-een-goede-scheidsrechter\/\">Wat zijn de essenti\u00eble kwaliteiten van een goede scheidsrechter?<\/a><\/li>\n\t\t\t<li id=\"menu-item-68602\" class=\"menu-item menu-item-type-post_type menu-item-object-page menu-item-has-children menu-item-68602\"><a href=\"https:\/\/hockey.be\/nl\/hockey-wallonie-bruxelles\/hockey-academy\/umpire-academy\/opleidingstraject\/\">Opleidingstraject<\/a>\n\t\t\t<ul class=\"sub-menu\">\n\t\t\t\t<li id=\"menu-item-68609\" class=\"menu-item menu-item-type-post_type menu-item-object-page menu-item-68609\"><a href=\"https:\/\/hockey.be\/nl\/hockey-wallonie-bruxelles\/hockey-academy\/umpire-academy\/opleidingstraject\/de-spelbegeleider-u7-u8-u9\/\">De Spelbegeleider U7-U8-U9<\/a><\/li>\n\t\t\t\t<li id=\"menu-item-68608\" class=\"menu-item menu-item-type-post_type menu-item-object-page menu-item-68608\"><a href=\"https:\/\/hockey.be\/nl\/hockey-wallonie-bruxelles\/hockey-academy\/umpire-academy\/opleidingstraject\/de-beginnende-scheidsrechter-u10-u12\/\">De Beginnende Scheidsrechter U10-U12<\/a><\/li>\n\t\t\t\t<li id=\"menu-item-68607\" class=\"menu-item menu-item-type-post_type menu-item-object-page menu-item-68607\"><a href=\"https:\/\/hockey.be\/nl\/hockey-wallonie-bruxelles\/hockey-academy\/umpire-academy\/opleidingstraject\/arbitre-theorique-u14\/\">Arbitre Th\u00e9orique U14<\/a><\/li>\n\t\t\t\t<li id=\"menu-item-68606\" class=\"menu-item menu-item-type-post_type menu-item-object-page menu-item-68606\"><a href=\"https:\/\/hockey.be\/nl\/hockey-wallonie-bruxelles\/hockey-academy\/umpire-academy\/opleidingstraject\/club-umpire\/\">Club Umpire<\/a><\/li>\n\t\t\t\t<li id=\"menu-item-68600\" class=\"menu-item menu-item-type-post_type menu-item-object-page menu-item-68600\"><a href=\"https:\/\/hockey.be\/nl\/hockey-wallonie-bruxelles\/hockey-academy\/umpire-academy\/club-umpire-4-district\/\">Club Umpire 4 District<\/a><\/li>\n\t\t\t\t<li id=\"menu-item-68605\" class=\"menu-item menu-item-type-post_type menu-item-object-page menu-item-68605\"><a href=\"https:\/\/hockey.be\/nl\/hockey-wallonie-bruxelles\/hockey-academy\/umpire-academy\/opleidingstraject\/arbitre-national-jeunes\/\">Arbitre National \u00ab\u00a0Jeunes\u00a0\u00bb<\/a><\/li>\n\t\t\t\t<li id=\"menu-item-68604\" class=\"menu-item menu-item-type-post_type menu-item-object-page menu-item-68604\"><a href=\"https:\/\/hockey.be\/nl\/hockey-wallonie-bruxelles\/hockey-academy\/umpire-academy\/opleidingstraject\/arbitre-national-seniors\/\">Arbitre National \u00ab\u00a0Seniors\u00a0\u00bb<\/a><\/li>\n\t\t\t<\/ul>\n<\/li>\n\t\t\t<li id=\"menu-item-68610\" class=\"menu-item menu-item-type-post_type menu-item-object-page menu-item-68610\"><a href=\"https:\/\/hockey.be\/nl\/hockey-vlaanderen\/hockey-academy\/umpire-academy\/club-umpire-coach\/\">Club Umpire Coach<\/a><\/li>\n\t\t<\/ul>\n<\/li>\n\t<\/ul>\n<\/li>\n\t<li id=\"menu-item-19870\" class=\"menu-item menu-item-type-post_type menu-item-object-page menu-item-19870\"><a href=\"https:\/\/hockey.be\/nl\/hockey2school\/\">Hockey2School<\/a><\/li>\n\t<li id=\"menu-item-19868\" class=\"menu-item menu-item-type-post_type menu-item-object-page menu-item-19868\"><a href=\"https:\/\/hockey.be\/nl\/hockey-wallonie-bruxelles\/contact\/\">Contact<\/a><\/li>\n<\/ul>\n<\/li>\n<li id=\"menu-item-19876\" class=\"menu-item menu-item-type-post_type menu-item-object-page menu-item-19876\"><a href=\"https:\/\/hockey.be\/nl\/hockey-wallonie-bruxelles\/plan-strategique\/\">Plan Strat\u00e9gique<\/a><\/li>\n<li id=\"menu-item-19879\" class=\"menu-item menu-item-type-post_type menu-item-object-page menu-item-19879\"><a href=\"https:\/\/hockey.be\/nl\/hockey-wallonie-bruxelles\/reglementen\/\">R\u00e8glements<\/a><\/li>\n<li id=\"menu-item-19877\" class=\"menu-item menu-item-type-post_type menu-item-object-page menu-item-19877\"><a href=\"https:\/\/hockey.be\/nl\/hockey-wallonie-bruxelles\/assemblees-generales\/\">Assembl\u00e9es g\u00e9n\u00e9rales<\/a><\/li>\n<li id=\"menu-item-19880\" class=\"menu-item menu-item-type-post_type menu-item-object-page menu-item-19880\"><a href=\"https:\/\/hockey.be\/nl\/hockey-wallonie-bruxelles\/statuts\/\">Statuts<\/a><\/li>\n<li id=\"menu-item-19955\" class=\"menu-item menu-item-type-post_type menu-item-object-page menu-item-19955\"><a href=\"https:\/\/hockey.be\/nl\/parahockey\/\">ParaHockey<\/a><\/li>\n<\/ul><\/div>\t\t\t\t<\/div>\n\t\t\t\t<\/div>\n\t\t\t\t<\/div>\n\t\t<div class=\"elementor-element elementor-element-1a3fb14 e-con-full e-flex e-con e-child\" data-id=\"1a3fb14\" data-element_type=\"container\" data-e-type=\"container\" data-settings=\"{&quot;jet_parallax_layout_list&quot;:[]}\">\n\t\t\t\t<div class=\"elementor-element elementor-element-2f83fed elementor-widget elementor-widget-heading\" data-id=\"2f83fed\" data-element_type=\"widget\" data-e-type=\"widget\" data-widget_type=\"heading.default\">\n\t\t\t\t<div class=\"elementor-widget-container\">\n\t\t\t\t\t<h1 class=\"elementor-heading-title elementor-size-default\">Hockey Wallonie Bruxelles<\/h1>\t\t\t\t<\/div>\n\t\t\t\t<\/div>\n\t\t\t\t<div class=\"elementor-element elementor-element-706dc28 elementor-widget-divider--view-line elementor-widget elementor-widget-divider\" data-id=\"706dc28\" data-element_type=\"widget\" data-e-type=\"widget\" data-widget_type=\"divider.default\">\n\t\t\t\t<div class=\"elementor-widget-container\">\n\t\t\t\t\t\t\t<div class=\"elementor-divider\">\n\t\t\t<span class=\"elementor-divider-separator\">\n\t\t\t\t\t\t<\/span>\n\t\t<\/div>\n\t\t\t\t\t\t<\/div>\n\t\t\t\t<\/div>\n\t\t\t\t<div class=\"elementor-element elementor-element-ceeeb12 elementor-widget elementor-widget-text-editor\" data-id=\"ceeeb12\" data-element_type=\"widget\" data-e-type=\"widget\" data-widget_type=\"text-editor.default\">\n\t\t\t\t<div class=\"elementor-widget-container\">\n\t\t\t\t\t\t\t\t\t<p>La Ligue Francophone de Hockey (LFH) a pour but d&#8217;administrer, d&#8217;organiser, de favoriser et de contr\u00f4ler le d\u00e9veloppement et la pratique du hockey sur gazon et en salle en r\u00e9gion de langue fran\u00e7aise et en r\u00e9gion bilingue de Bruxelles-Capitale, sous tous ses aspects et ce \u00e0 un niveau r\u00e9cr\u00e9atif, comp\u00e9titif et de haut niveau. Elle a notamment comme but de contribuer par ses activit\u00e9s \u00e0 l&#8217;\u00e9panouissement et au bien-\u00eatre physique, psychique et social de ses membres et de contribuer au d\u00e9veloppement de programmes de d\u00e9tection, de perfectionnement et de suivi des sportifs qui pr\u00e9sentent des potentialit\u00e9s qui permettent d&#8217;augurer des r\u00e9sultats signifiants \u00e0 l&#8217;occasion des Jeux Olympiques d&#8217;\u00e9t\u00e9 ou d&#8217;hiver, des Championnats du Monde, d&#8217;Europe ou de toutes autres comp\u00e9titions de haut niveau.<\/p><p>Pour organiser les championnats nationaux et donner du support aux \u00e9quipes nationales, elle collabore avec l\u2019Association Royale Belge de Hockey (ARBH) et la Vlaamse Hockey Liga (VHL).<\/p><p>La LFH a \u00e9t\u00e9 cr\u00e9\u00e9e en 2012.<\/p>\t\t\t\t\t\t\t\t<\/div>\n\t\t\t\t<\/div>\n\t\t\t\t<div class=\"elementor-element elementor-element-1c4bb94 elementor-widget-divider--view-line elementor-widget elementor-widget-divider\" data-id=\"1c4bb94\" data-element_type=\"widget\" data-e-type=\"widget\" data-widget_type=\"divider.default\">\n\t\t\t\t<div class=\"elementor-widget-container\">\n\t\t\t\t\t\t\t<div class=\"elementor-divider\">\n\t\t\t<span class=\"elementor-divider-separator\">\n\t\t\t\t\t\t<\/span>\n\t\t<\/div>\n\t\t\t\t\t\t<\/div>\n\t\t\t\t<\/div>\n\t\t\t\t<\/div>\n\t\t\t\t\t<\/div>\n\t\t\t\t<\/div>\n\t\t\t\t<\/div>\n\t\t","protected":false},"excerpt":{"rendered":"<p>La Ligue Francophone de Hockey (LFH) a pour but d&#8217;administrer, d&#8217;organiser, de favoriser et de contr\u00f4ler le d\u00e9veloppement et la pratique du hockey sur gazon et en salle en r\u00e9gion [&hellip;]<\/p>\n","protected":false},"author":13,"featured_media":89627,"parent":0,"menu_order":238,"comment_status":"closed","ping_status":"closed","template":"","meta":{"_acf_changed":false,"footnotes":""},"categories":[433,304],"tags":[],"class_list":["post-15240","page","type-page","status-publish","has-post-thumbnail","hentry","category-lfh-content-nl","category-lfh-content"],"acf":[],"yoast_head":"<!-- This site is optimized with the Yoast SEO plugin v27.3 - https:\/\/yoast.com\/product\/yoast-seo-wordpress\/ -->\n<title>Hockey Wallonie Bruxelles - Hockey Belgium<\/title>\n<meta name=\"robots\" content=\"index, follow, max-snippet:-1, max-image-preview:large, max-video-preview:-1\" \/>\n<link rel=\"canonical\" href=\"https:\/\/hockey.be\/nl\/hockey-wallonie-bruxelles\/\" \/>\n<meta property=\"og:locale\" content=\"nl_NL\" \/>\n<meta property=\"og:type\" content=\"article\" \/>\n<meta property=\"og:title\" content=\"Hockey Wallonie Bruxelles - Hockey Belgium\" \/>\n<meta property=\"og:description\" content=\"La Ligue Francophone de Hockey (LFH) a pour but d&#8217;administrer, d&#8217;organiser, de favoriser et de contr\u00f4ler le d\u00e9veloppement et la pratique du hockey sur gazon et en salle en r\u00e9gion [&hellip;]\" \/>\n<meta property=\"og:url\" content=\"https:\/\/hockey.be\/nl\/hockey-wallonie-bruxelles\/\" \/>\n<meta property=\"og:site_name\" content=\"Hockey Belgium\" \/>\n<meta property=\"article:modified_time\" content=\"2026-01-09T11:14:12+00:00\" \/>\n<meta property=\"og:image\" content=\"https:\/\/hockey.be\/wp-content\/uploads\/2026\/01\/Header-Site-web-1.png\" \/>\n\t<meta property=\"og:image:width\" content=\"2400\" \/>\n\t<meta property=\"og:image:height\" content=\"665\" \/>\n\t<meta property=\"og:image:type\" content=\"image\/png\" \/>\n<meta name=\"twitter:card\" content=\"summary_large_image\" \/>\n<meta name=\"twitter:label1\" content=\"Geschatte leestijd\" \/>\n\t<meta name=\"twitter:data1\" content=\"2 minuten\" \/>\n<script type=\"application\/ld+json\" class=\"yoast-schema-graph\">{\"@context\":\"https:\\\/\\\/schema.org\",\"@graph\":[{\"@type\":\"WebPage\",\"@id\":\"https:\\\/\\\/hockey.be\\\/nl\\\/hockey-wallonie-bruxelles\\\/\",\"url\":\"https:\\\/\\\/hockey.be\\\/nl\\\/hockey-wallonie-bruxelles\\\/\",\"name\":\"Hockey Wallonie Bruxelles - Hockey Belgium\",\"isPartOf\":{\"@id\":\"https:\\\/\\\/hockey.be\\\/nl\\\/#website\"},\"primaryImageOfPage\":{\"@id\":\"https:\\\/\\\/hockey.be\\\/nl\\\/hockey-wallonie-bruxelles\\\/#primaryimage\"},\"image\":{\"@id\":\"https:\\\/\\\/hockey.be\\\/nl\\\/hockey-wallonie-bruxelles\\\/#primaryimage\"},\"thumbnailUrl\":\"https:\\\/\\\/hockey.be\\\/wp-content\\\/uploads\\\/2026\\\/01\\\/Header-Site-web-1.png\",\"datePublished\":\"2019-08-21T17:08:07+00:00\",\"dateModified\":\"2026-01-09T11:14:12+00:00\",\"breadcrumb\":{\"@id\":\"https:\\\/\\\/hockey.be\\\/nl\\\/hockey-wallonie-bruxelles\\\/#breadcrumb\"},\"inLanguage\":\"nl-NL\",\"potentialAction\":[{\"@type\":\"ReadAction\",\"target\":[\"https:\\\/\\\/hockey.be\\\/nl\\\/hockey-wallonie-bruxelles\\\/\"]}]},{\"@type\":\"ImageObject\",\"inLanguage\":\"nl-NL\",\"@id\":\"https:\\\/\\\/hockey.be\\\/nl\\\/hockey-wallonie-bruxelles\\\/#primaryimage\",\"url\":\"https:\\\/\\\/hockey.be\\\/wp-content\\\/uploads\\\/2026\\\/01\\\/Header-Site-web-1.png\",\"contentUrl\":\"https:\\\/\\\/hockey.be\\\/wp-content\\\/uploads\\\/2026\\\/01\\\/Header-Site-web-1.png\",\"width\":2400,\"height\":665},{\"@type\":\"BreadcrumbList\",\"@id\":\"https:\\\/\\\/hockey.be\\\/nl\\\/hockey-wallonie-bruxelles\\\/#breadcrumb\",\"itemListElement\":[{\"@type\":\"ListItem\",\"position\":1,\"name\":\"Home\",\"item\":\"https:\\\/\\\/hockey.be\\\/nl\\\/hockey-belgium\\\/\"},{\"@type\":\"ListItem\",\"position\":2,\"name\":\"Hockey Wallonie Bruxelles\"}]},{\"@type\":\"WebSite\",\"@id\":\"https:\\\/\\\/hockey.be\\\/nl\\\/#website\",\"url\":\"https:\\\/\\\/hockey.be\\\/nl\\\/\",\"name\":\"Hockey Belgium\",\"description\":\"\",\"publisher\":{\"@id\":\"https:\\\/\\\/hockey.be\\\/nl\\\/#organization\"},\"potentialAction\":[{\"@type\":\"SearchAction\",\"target\":{\"@type\":\"EntryPoint\",\"urlTemplate\":\"https:\\\/\\\/hockey.be\\\/nl\\\/?s={search_term_string}\"},\"query-input\":{\"@type\":\"PropertyValueSpecification\",\"valueRequired\":true,\"valueName\":\"search_term_string\"}}],\"inLanguage\":\"nl-NL\"},{\"@type\":\"Organization\",\"@id\":\"https:\\\/\\\/hockey.be\\\/nl\\\/#organization\",\"name\":\"Hockey Belgium\",\"url\":\"https:\\\/\\\/hockey.be\\\/nl\\\/\",\"logo\":{\"@type\":\"ImageObject\",\"inLanguage\":\"nl-NL\",\"@id\":\"https:\\\/\\\/hockey.be\\\/nl\\\/#\\\/schema\\\/logo\\\/image\\\/\",\"url\":\"https:\\\/\\\/hockey.be\\\/wp-content\\\/uploads\\\/2025\\\/07\\\/logo-hockey-be.svg\",\"contentUrl\":\"https:\\\/\\\/hockey.be\\\/wp-content\\\/uploads\\\/2025\\\/07\\\/logo-hockey-be.svg\",\"width\":724.16,\"height\":241.49,\"caption\":\"Hockey Belgium\"},\"image\":{\"@id\":\"https:\\\/\\\/hockey.be\\\/nl\\\/#\\\/schema\\\/logo\\\/image\\\/\"}}]}<\/script>\n<!-- \/ Yoast SEO plugin. -->","yoast_head_json":{"title":"Hockey Wallonie Bruxelles - Hockey Belgium","robots":{"index":"index","follow":"follow","max-snippet":"max-snippet:-1","max-image-preview":"max-image-preview:large","max-video-preview":"max-video-preview:-1"},"canonical":"https:\/\/hockey.be\/nl\/hockey-wallonie-bruxelles\/","og_locale":"nl_NL","og_type":"article","og_title":"Hockey Wallonie Bruxelles - Hockey Belgium","og_description":"La Ligue Francophone de Hockey (LFH) a pour but d&#8217;administrer, d&#8217;organiser, de favoriser et de contr\u00f4ler le d\u00e9veloppement et la pratique du hockey sur gazon et en salle en r\u00e9gion [&hellip;]","og_url":"https:\/\/hockey.be\/nl\/hockey-wallonie-bruxelles\/","og_site_name":"Hockey Belgium","article_modified_time":"2026-01-09T11:14:12+00:00","og_image":[{"width":2400,"height":665,"url":"https:\/\/hockey.be\/wp-content\/uploads\/2026\/01\/Header-Site-web-1.png","type":"image\/png"}],"twitter_card":"summary_large_image","twitter_misc":{"Geschatte leestijd":"2 minuten"},"schema":{"@context":"https:\/\/schema.org","@graph":[{"@type":"WebPage","@id":"https:\/\/hockey.be\/nl\/hockey-wallonie-bruxelles\/","url":"https:\/\/hockey.be\/nl\/hockey-wallonie-bruxelles\/","name":"Hockey Wallonie Bruxelles - Hockey Belgium","isPartOf":{"@id":"https:\/\/hockey.be\/nl\/#website"},"primaryImageOfPage":{"@id":"https:\/\/hockey.be\/nl\/hockey-wallonie-bruxelles\/#primaryimage"},"image":{"@id":"https:\/\/hockey.be\/nl\/hockey-wallonie-bruxelles\/#primaryimage"},"thumbnailUrl":"https:\/\/hockey.be\/wp-content\/uploads\/2026\/01\/Header-Site-web-1.png","datePublished":"2019-08-21T17:08:07+00:00","dateModified":"2026-01-09T11:14:12+00:00","breadcrumb":{"@id":"https:\/\/hockey.be\/nl\/hockey-wallonie-bruxelles\/#breadcrumb"},"inLanguage":"nl-NL","potentialAction":[{"@type":"ReadAction","target":["https:\/\/hockey.be\/nl\/hockey-wallonie-bruxelles\/"]}]},{"@type":"ImageObject","inLanguage":"nl-NL","@id":"https:\/\/hockey.be\/nl\/hockey-wallonie-bruxelles\/#primaryimage","url":"https:\/\/hockey.be\/wp-content\/uploads\/2026\/01\/Header-Site-web-1.png","contentUrl":"https:\/\/hockey.be\/wp-content\/uploads\/2026\/01\/Header-Site-web-1.png","width":2400,"height":665},{"@type":"BreadcrumbList","@id":"https:\/\/hockey.be\/nl\/hockey-wallonie-bruxelles\/#breadcrumb","itemListElement":[{"@type":"ListItem","position":1,"name":"Home","item":"https:\/\/hockey.be\/nl\/hockey-belgium\/"},{"@type":"ListItem","position":2,"name":"Hockey Wallonie Bruxelles"}]},{"@type":"WebSite","@id":"https:\/\/hockey.be\/nl\/#website","url":"https:\/\/hockey.be\/nl\/","name":"Hockey Belgium","description":"","publisher":{"@id":"https:\/\/hockey.be\/nl\/#organization"},"potentialAction":[{"@type":"SearchAction","target":{"@type":"EntryPoint","urlTemplate":"https:\/\/hockey.be\/nl\/?s={search_term_string}"},"query-input":{"@type":"PropertyValueSpecification","valueRequired":true,"valueName":"search_term_string"}}],"inLanguage":"nl-NL"},{"@type":"Organization","@id":"https:\/\/hockey.be\/nl\/#organization","name":"Hockey Belgium","url":"https:\/\/hockey.be\/nl\/","logo":{"@type":"ImageObject","inLanguage":"nl-NL","@id":"https:\/\/hockey.be\/nl\/#\/schema\/logo\/image\/","url":"https:\/\/hockey.be\/wp-content\/uploads\/2025\/07\/logo-hockey-be.svg","contentUrl":"https:\/\/hockey.be\/wp-content\/uploads\/2025\/07\/logo-hockey-be.svg","width":724.16,"height":241.49,"caption":"Hockey Belgium"},"image":{"@id":"https:\/\/hockey.be\/nl\/#\/schema\/logo\/image\/"}}]}},"_links":{"self":[{"href":"https:\/\/hockey.be\/nl\/wp-json\/wp\/v2\/pages\/15240","targetHints":{"allow":["GET"]}}],"collection":[{"href":"https:\/\/hockey.be\/nl\/wp-json\/wp\/v2\/pages"}],"about":[{"href":"https:\/\/hockey.be\/nl\/wp-json\/wp\/v2\/types\/page"}],"author":[{"embeddable":true,"href":"https:\/\/hockey.be\/nl\/wp-json\/wp\/v2\/users\/13"}],"replies":[{"embeddable":true,"href":"https:\/\/hockey.be\/nl\/wp-json\/wp\/v2\/comments?post=15240"}],"version-history":[{"count":7,"href":"https:\/\/hockey.be\/nl\/wp-json\/wp\/v2\/pages\/15240\/revisions"}],"predecessor-version":[{"id":85934,"href":"https:\/\/hockey.be\/nl\/wp-json\/wp\/v2\/pages\/15240\/revisions\/85934"}],"wp:featuredmedia":[{"embeddable":true,"href":"https:\/\/hockey.be\/nl\/wp-json\/wp\/v2\/media\/89627"}],"wp:attachment":[{"href":"https:\/\/hockey.be\/nl\/wp-json\/wp\/v2\/media?parent=15240"}],"wp:term":[{"taxonomy":"category","embeddable":true,"href":"https:\/\/hockey.be\/nl\/wp-json\/wp\/v2\/categories?post=15240"},{"taxonomy":"post_tag","embeddable":true,"href":"https:\/\/hockey.be\/nl\/wp-json\/wp\/v2\/tags?post=15240"}],"curies":[{"name":"wp","href":"https:\/\/api.w.org\/{rel}","templated":true}]}}