{"id":15007,"date":"2019-08-21T19:08:16","date_gmt":"2019-08-21T17:08:16","guid":{"rendered":"https:\/\/hockey.be\/?page_id=15007"},"modified":"2025-08-21T17:03:25","modified_gmt":"2025-08-21T15:03:25","slug":"valoriser-mes-diplomes-experiences","status":"publish","type":"page","link":"https:\/\/hockey.be\/nl\/valoriser-mes-diplomes-experiences\/","title":{"rendered":"Valoriser mes dipl\u00f4mes\/exp\u00e9riences"},"content":{"rendered":"\t\t<div data-elementor-type=\"wp-post\" data-elementor-id=\"15007\" class=\"elementor elementor-15007 elementor-15006\" data-elementor-post-type=\"page\">\n\t\t\t\t<div class=\"elementor-element elementor-element-df2cf29 e-flex e-con-boxed e-con e-parent\" data-id=\"df2cf29\" data-element_type=\"container\" data-e-type=\"container\" data-settings=\"{&quot;jet_parallax_layout_list&quot;:[{&quot;jet_parallax_layout_image&quot;:{&quot;url&quot;:&quot;&quot;,&quot;id&quot;:&quot;&quot;,&quot;size&quot;:&quot;&quot;},&quot;_id&quot;:&quot;20a3005&quot;,&quot;jet_parallax_layout_image_tablet&quot;:{&quot;url&quot;:&quot;&quot;,&quot;id&quot;:&quot;&quot;,&quot;size&quot;:&quot;&quot;},&quot;jet_parallax_layout_image_mobile&quot;:{&quot;url&quot;:&quot;&quot;,&quot;id&quot;:&quot;&quot;,&quot;size&quot;:&quot;&quot;},&quot;jet_parallax_layout_image_widescreen&quot;:{&quot;url&quot;:&quot;&quot;,&quot;id&quot;:&quot;&quot;,&quot;size&quot;:&quot;&quot;},&quot;jet_parallax_layout_image_laptop&quot;:{&quot;url&quot;:&quot;&quot;,&quot;id&quot;:&quot;&quot;,&quot;size&quot;:&quot;&quot;},&quot;jet_parallax_layout_image_tablet_extra&quot;:{&quot;url&quot;:&quot;&quot;,&quot;id&quot;:&quot;&quot;,&quot;size&quot;:&quot;&quot;},&quot;jet_parallax_layout_image_mobile_extra&quot;:{&quot;url&quot;:&quot;&quot;,&quot;id&quot;:&quot;&quot;,&quot;size&quot;:&quot;&quot;},&quot;jet_parallax_layout_speed&quot;:{&quot;unit&quot;:&quot;%&quot;,&quot;size&quot;:50,&quot;sizes&quot;:[]},&quot;jet_parallax_layout_type&quot;:&quot;scroll&quot;,&quot;jet_parallax_layout_direction&quot;:&quot;1&quot;,&quot;jet_parallax_layout_fx_direction&quot;:null,&quot;jet_parallax_layout_z_index&quot;:&quot;&quot;,&quot;jet_parallax_layout_bg_x&quot;:50,&quot;jet_parallax_layout_bg_x_widescreen&quot;:&quot;&quot;,&quot;jet_parallax_layout_bg_x_laptop&quot;:&quot;&quot;,&quot;jet_parallax_layout_bg_x_tablet_extra&quot;:&quot;&quot;,&quot;jet_parallax_layout_bg_x_tablet&quot;:&quot;&quot;,&quot;jet_parallax_layout_bg_x_mobile_extra&quot;:&quot;&quot;,&quot;jet_parallax_layout_bg_x_mobile&quot;:&quot;&quot;,&quot;jet_parallax_layout_bg_y&quot;:50,&quot;jet_parallax_layout_bg_y_widescreen&quot;:&quot;&quot;,&quot;jet_parallax_layout_bg_y_laptop&quot;:&quot;&quot;,&quot;jet_parallax_layout_bg_y_tablet_extra&quot;:&quot;&quot;,&quot;jet_parallax_layout_bg_y_tablet&quot;:&quot;&quot;,&quot;jet_parallax_layout_bg_y_mobile_extra&quot;:&quot;&quot;,&quot;jet_parallax_layout_bg_y_mobile&quot;:&quot;&quot;,&quot;jet_parallax_layout_bg_size&quot;:&quot;auto&quot;,&quot;jet_parallax_layout_bg_size_widescreen&quot;:&quot;&quot;,&quot;jet_parallax_layout_bg_size_laptop&quot;:&quot;&quot;,&quot;jet_parallax_layout_bg_size_tablet_extra&quot;:&quot;&quot;,&quot;jet_parallax_layout_bg_size_tablet&quot;:&quot;&quot;,&quot;jet_parallax_layout_bg_size_mobile_extra&quot;:&quot;&quot;,&quot;jet_parallax_layout_bg_size_mobile&quot;:&quot;&quot;,&quot;jet_parallax_layout_animation_prop&quot;:&quot;transform&quot;,&quot;jet_parallax_layout_on&quot;:[&quot;desktop&quot;,&quot;tablet&quot;]}]}\">\n\t\t\t\t\t<div class=\"e-con-inner\">\n\t\t<div class=\"elementor-element elementor-element-42201d5 e-con-full e-flex e-con e-child\" data-id=\"42201d5\" data-element_type=\"container\" data-e-type=\"container\" data-settings=\"{&quot;jet_parallax_layout_list&quot;:[]}\">\n\t\t\t\t<div class=\"elementor-element elementor-element-d923f88 elementor-hidden-tablet elementor-hidden-phone elementor-widget elementor-widget-wp-widget-nav_menu\" data-id=\"d923f88\" data-element_type=\"widget\" data-e-type=\"widget\" data-widget_type=\"wp-widget-nav_menu.default\">\n\t\t\t\t<div class=\"elementor-widget-container\">\n\t\t\t\t\t<div class=\"menu-fr-side-hwb-coachacademy-container\"><ul id=\"menu-fr-side-hwb-coachacademy\" class=\"menu\"><li id=\"menu-item-83041\" class=\"menu-item menu-item-type-post_type menu-item-object-page menu-item-83041\"><a href=\"https:\/\/hockey.be\/fr\/hockey-wallonie-bruxelles\/hockey-academy\/\">Hockey Academy<\/a><\/li>\n<li id=\"menu-item-83042\" class=\"menu-item menu-item-type-post_type menu-item-object-page menu-item-83042\"><a href=\"https:\/\/hockey.be\/fr\/hockey-wallonie-bruxelles\/hockey-academy\/club-manager-academy\/\">Club Manager Academy<\/a><\/li>\n<li id=\"menu-item-83029\" class=\"menu-item menu-item-type-post_type menu-item-object-page menu-item-83029\"><a href=\"https:\/\/hockey.be\/fr\/hockey-wallonie-bruxelles\/hockey-academy\/umpire-academy\/\">Umpire Academy<\/a><\/li>\n<li id=\"menu-item-83034\" class=\"menu-item menu-item-type-post_type menu-item-object-page menu-item-83034\"><a href=\"https:\/\/hockey.be\/fr\/hockey-wallonie-bruxelles\/hockey-academy\/coach-academy\/animateur\/\">Animateur<\/a><\/li>\n<li id=\"menu-item-83030\" class=\"menu-item menu-item-type-post_type menu-item-object-page menu-item-83030\"><a href=\"https:\/\/hockey.be\/fr\/hockey-wallonie-bruxelles\/hockey-academy\/coach-academy\/initiateur\/\">Initiateur<\/a><\/li>\n<li id=\"menu-item-83031\" class=\"menu-item menu-item-type-post_type menu-item-object-page menu-item-83031\"><a href=\"https:\/\/hockey.be\/fr\/hockey-wallonie-bruxelles\/hockey-academy\/coach-academy\/educateur\/\">Educateur<\/a><\/li>\n<li id=\"menu-item-83035\" class=\"menu-item menu-item-type-post_type menu-item-object-page menu-item-83035\"><a href=\"https:\/\/hockey.be\/fr\/hockey-wallonie-bruxelles\/hockey-academy\/coach-academy\/entraineur\/\">Entraineur<\/a><\/li>\n<\/ul><\/div>\t\t\t\t<\/div>\n\t\t\t\t<\/div>\n\t\t\t\t<\/div>\n\t\t<div class=\"elementor-element elementor-element-b4955a5 e-con-full e-flex e-con e-child\" data-id=\"b4955a5\" data-element_type=\"container\" data-e-type=\"container\" data-settings=\"{&quot;jet_parallax_layout_list&quot;:[]}\">\n\t\t\t\t<div class=\"elementor-element elementor-element-0bc2dcc elementor-widget elementor-widget-heading\" data-id=\"0bc2dcc\" data-element_type=\"widget\" data-e-type=\"widget\" data-widget_type=\"heading.default\">\n\t\t\t\t<div class=\"elementor-widget-container\">\n\t\t\t\t\t<h1 class=\"elementor-heading-title elementor-size-default\">Valoriser mes dipl\u00f4mes\/exp\u00e9riences<\/h1>\t\t\t\t<\/div>\n\t\t\t\t<\/div>\n\t\t\t\t<div class=\"elementor-element elementor-element-da0f36c elementor-widget-divider--view-line elementor-widget elementor-widget-divider\" data-id=\"da0f36c\" data-element_type=\"widget\" data-e-type=\"widget\" data-widget_type=\"divider.default\">\n\t\t\t\t<div class=\"elementor-widget-container\">\n\t\t\t\t\t\t\t<div class=\"elementor-divider\">\n\t\t\t<span class=\"elementor-divider-separator\">\n\t\t\t\t\t\t<\/span>\n\t\t<\/div>\n\t\t\t\t\t\t<\/div>\n\t\t\t\t<\/div>\n\t\t\t\t<div class=\"elementor-element elementor-element-9bd8769 elementor-widget elementor-widget-text-editor\" data-id=\"9bd8769\" data-element_type=\"widget\" data-e-type=\"widget\" data-widget_type=\"text-editor.default\">\n\t\t\t\t<div class=\"elementor-widget-container\">\n\t\t\t\t\t\t\t\t\t<p><strong>Equivalence: Valorisation des Acquis et Exp\u00e9riences (VAE)<\/strong><\/p><p>Vous souhaitez faire valoir vos dipl\u00f4mes ou exp\u00e9riences?<br \/>Cela est possible via les infos ci-dessous:<\/p><p><span class=\"caps-themed\">1 &#8211; COURS GENERAUX<\/span><\/p><p>Certaines VAE peuvent \u00eatre accord\u00e9es par l\u2019Adeps pour les cours g\u00e9n\u00e9raux. Pour cela, vous devez vous inscrire \u00e0 l\u2019examen du niveau souhait\u00e9 et demandez une dispense lors de l\u2019inscription. Vous trouverez\u00a0la proc\u00e9dure et les exemples de VAE\u00a0pour les cours g\u00e9n\u00e9raux sur le <a href=\"http:\/\/www.sport-adeps.be\/index.php?id=accueil_adeps\" target=\"_blank\" rel=\"noopener noreferrer\">site Web d&#8217;Adeps<\/a>.<\/p><p><span class=\"caps-themed\">2 &#8211; COURS SPECIFIQUES<\/span><\/p><p><strong>1er cas : Formations LEVEL ARBH :<\/strong><\/p><p>Concernant les anciennes formations dites \u00ab Level \u00bb, les proc\u00e9dures d\u2019\u00e9quivalence sont les suivantes :<\/p><p><strong>LEVEL 1:<\/strong><\/p><ul><li>Aucune dispense accord\u00e9e<\/li><\/ul><p><strong>LEVEL 2:<\/strong><\/p><ul><li>MSAn: Dispense des cours (pas de l&#8217;examen !)<\/li><li>MSIn : Dispense de\u00a0suivre les cours\u00a0des th\u00e9matiques 2\/3\/4 (pas des examens !)<\/li><li>MSEd: Aucune dispense<\/li><li>MSEnt: Aucune dispense<\/li><\/ul><p><strong>LEVEL 3:<\/strong><\/p><ul><li>MSAn: Dispense totale<\/li><li>MSIn : Dispense des th\u00e9matiques 2\/3\/4<\/li><li>MSEd: Dispense de modules identifi\u00e9s pour les th\u00e9matiques 2\/3\/4<\/li><li>MSEnt: A d\u00e9terminer<\/li><\/ul><p><strong>LEVEL 4:<\/strong><\/p><ul><li>MSAn: Dispense totale<\/li><li>MSIn : Dispense des th\u00e9matiques 2\/3\/4<\/li><li>MSEd: Dispense de modules identifi\u00e9s pour les th\u00e9matiques 2\/3\/4<\/li><li>MSEnt: A d\u00e9terminer<\/li><\/ul><p><strong>2\u00e8me cas : Autres formations et\/ou exp\u00e9riences :<\/strong><\/p><p>Des dispenses, totales ou partielles, peuvent \u00eatre accord\u00e9es selon votre profil.<\/p><p>Toute demande de dispense doit \u00eatre accompagn\u00e9e de tous les documents justificatifs, ainsi que de votre CV sportif.<\/p>\t\t\t\t\t\t\t\t<\/div>\n\t\t\t\t<\/div>\n\t\t\t\t<div class=\"elementor-element elementor-element-c3dbd10 elementor-widget-divider--view-line elementor-widget elementor-widget-divider\" data-id=\"c3dbd10\" data-element_type=\"widget\" data-e-type=\"widget\" data-widget_type=\"divider.default\">\n\t\t\t\t<div class=\"elementor-widget-container\">\n\t\t\t\t\t\t\t<div class=\"elementor-divider\">\n\t\t\t<span class=\"elementor-divider-separator\">\n\t\t\t\t\t\t<\/span>\n\t\t<\/div>\n\t\t\t\t\t\t<\/div>\n\t\t\t\t<\/div>\n\t\t\t\t<\/div>\n\t\t\t\t\t<\/div>\n\t\t\t\t<\/div>\n\t\t\t\t<\/div>\n\t\t","protected":false},"excerpt":{"rendered":"<p>Equivalence: Valorisation des Acquis et Exp\u00e9riences (VAE) Vous souhaitez faire valoir vos dipl\u00f4mes ou exp\u00e9riences?Cela est possible via les infos ci-dessous: 1 &#8211; COURS GENERAUX Certaines VAE peuvent \u00eatre accord\u00e9es [&hellip;]<\/p>\n","protected":false},"author":13,"featured_media":82670,"parent":0,"menu_order":424,"comment_status":"closed","ping_status":"closed","template":"","meta":{"_acf_changed":false,"footnotes":""},"categories":[434],"tags":[],"class_list":["post-15007","page","type-page","status-publish","has-post-thumbnail","hentry","category-coach-academy"],"acf":[],"yoast_head":"<!-- This site is optimized with the Yoast SEO plugin v27.4 - https:\/\/yoast.com\/product\/yoast-seo-wordpress\/ -->\n<title>Valoriser mes dipl\u00f4mes\/exp\u00e9riences - Hockey Belgium<\/title>\n<meta name=\"robots\" content=\"index, follow, max-snippet:-1, max-image-preview:large, max-video-preview:-1\" \/>\n<link rel=\"canonical\" href=\"https:\/\/hockey.be\/nl\/valoriser-mes-diplomes-experiences\/\" \/>\n<meta property=\"og:locale\" content=\"nl_NL\" \/>\n<meta property=\"og:type\" content=\"article\" \/>\n<meta property=\"og:title\" content=\"Valoriser mes dipl\u00f4mes\/exp\u00e9riences - Hockey Belgium\" \/>\n<meta property=\"og:description\" content=\"Equivalence: Valorisation des Acquis et Exp\u00e9riences (VAE) Vous souhaitez faire valoir vos dipl\u00f4mes ou exp\u00e9riences?Cela est possible via les infos ci-dessous: 1 &#8211; COURS GENERAUX Certaines VAE peuvent \u00eatre accord\u00e9es [&hellip;]\" \/>\n<meta property=\"og:url\" content=\"https:\/\/hockey.be\/nl\/valoriser-mes-diplomes-experiences\/\" \/>\n<meta property=\"og:site_name\" content=\"Hockey Belgium\" \/>\n<meta property=\"article:modified_time\" content=\"2025-08-21T15:03:25+00:00\" \/>\n<meta property=\"og:image\" content=\"https:\/\/hockey.be\/wp-content\/uploads\/2025\/08\/43-1200x333.png\" \/>\n\t<meta property=\"og:image:width\" content=\"1200\" \/>\n\t<meta property=\"og:image:height\" content=\"333\" \/>\n\t<meta property=\"og:image:type\" content=\"image\/png\" \/>\n<meta name=\"twitter:card\" content=\"summary_large_image\" \/>\n<meta name=\"twitter:label1\" content=\"Geschatte leestijd\" \/>\n\t<meta name=\"twitter:data1\" content=\"2 minuten\" \/>\n<script type=\"application\/ld+json\" class=\"yoast-schema-graph\">{\"@context\":\"https:\\\/\\\/schema.org\",\"@graph\":[{\"@type\":\"WebPage\",\"@id\":\"https:\\\/\\\/hockey.be\\\/nl\\\/valoriser-mes-diplomes-experiences\\\/\",\"url\":\"https:\\\/\\\/hockey.be\\\/nl\\\/valoriser-mes-diplomes-experiences\\\/\",\"name\":\"Valoriser mes dipl\u00f4mes\\\/exp\u00e9riences - Hockey Belgium\",\"isPartOf\":{\"@id\":\"https:\\\/\\\/hockey.be\\\/nl\\\/#website\"},\"primaryImageOfPage\":{\"@id\":\"https:\\\/\\\/hockey.be\\\/nl\\\/valoriser-mes-diplomes-experiences\\\/#primaryimage\"},\"image\":{\"@id\":\"https:\\\/\\\/hockey.be\\\/nl\\\/valoriser-mes-diplomes-experiences\\\/#primaryimage\"},\"thumbnailUrl\":\"https:\\\/\\\/hockey.be\\\/wp-content\\\/uploads\\\/2025\\\/08\\\/43.png\",\"datePublished\":\"2019-08-21T17:08:16+00:00\",\"dateModified\":\"2025-08-21T15:03:25+00:00\",\"breadcrumb\":{\"@id\":\"https:\\\/\\\/hockey.be\\\/nl\\\/valoriser-mes-diplomes-experiences\\\/#breadcrumb\"},\"inLanguage\":\"nl-NL\",\"potentialAction\":[{\"@type\":\"ReadAction\",\"target\":[\"https:\\\/\\\/hockey.be\\\/nl\\\/valoriser-mes-diplomes-experiences\\\/\"]}]},{\"@type\":\"ImageObject\",\"inLanguage\":\"nl-NL\",\"@id\":\"https:\\\/\\\/hockey.be\\\/nl\\\/valoriser-mes-diplomes-experiences\\\/#primaryimage\",\"url\":\"https:\\\/\\\/hockey.be\\\/wp-content\\\/uploads\\\/2025\\\/08\\\/43.png\",\"contentUrl\":\"https:\\\/\\\/hockey.be\\\/wp-content\\\/uploads\\\/2025\\\/08\\\/43.png\",\"width\":2400,\"height\":665},{\"@type\":\"BreadcrumbList\",\"@id\":\"https:\\\/\\\/hockey.be\\\/nl\\\/valoriser-mes-diplomes-experiences\\\/#breadcrumb\",\"itemListElement\":[{\"@type\":\"ListItem\",\"position\":1,\"name\":\"Home\",\"item\":\"https:\\\/\\\/hockey.be\\\/nl\\\/hockey-belgium\\\/\"},{\"@type\":\"ListItem\",\"position\":2,\"name\":\"Valoriser mes dipl\u00f4mes\\\/exp\u00e9riences\"}]},{\"@type\":\"WebSite\",\"@id\":\"https:\\\/\\\/hockey.be\\\/nl\\\/#website\",\"url\":\"https:\\\/\\\/hockey.be\\\/nl\\\/\",\"name\":\"Hockey Belgium\",\"description\":\"\",\"publisher\":{\"@id\":\"https:\\\/\\\/hockey.be\\\/nl\\\/#organization\"},\"potentialAction\":[{\"@type\":\"SearchAction\",\"target\":{\"@type\":\"EntryPoint\",\"urlTemplate\":\"https:\\\/\\\/hockey.be\\\/nl\\\/?s={search_term_string}\"},\"query-input\":{\"@type\":\"PropertyValueSpecification\",\"valueRequired\":true,\"valueName\":\"search_term_string\"}}],\"inLanguage\":\"nl-NL\"},{\"@type\":\"Organization\",\"@id\":\"https:\\\/\\\/hockey.be\\\/nl\\\/#organization\",\"name\":\"Hockey Belgium\",\"url\":\"https:\\\/\\\/hockey.be\\\/nl\\\/\",\"logo\":{\"@type\":\"ImageObject\",\"inLanguage\":\"nl-NL\",\"@id\":\"https:\\\/\\\/hockey.be\\\/nl\\\/#\\\/schema\\\/logo\\\/image\\\/\",\"url\":\"https:\\\/\\\/hockey.be\\\/wp-content\\\/uploads\\\/2025\\\/07\\\/logo-hockey-be.svg\",\"contentUrl\":\"https:\\\/\\\/hockey.be\\\/wp-content\\\/uploads\\\/2025\\\/07\\\/logo-hockey-be.svg\",\"width\":724.16,\"height\":241.49,\"caption\":\"Hockey Belgium\"},\"image\":{\"@id\":\"https:\\\/\\\/hockey.be\\\/nl\\\/#\\\/schema\\\/logo\\\/image\\\/\"}}]}<\/script>\n<!-- \/ Yoast SEO plugin. -->","yoast_head_json":{"title":"Valoriser mes dipl\u00f4mes\/exp\u00e9riences - Hockey Belgium","robots":{"index":"index","follow":"follow","max-snippet":"max-snippet:-1","max-image-preview":"max-image-preview:large","max-video-preview":"max-video-preview:-1"},"canonical":"https:\/\/hockey.be\/nl\/valoriser-mes-diplomes-experiences\/","og_locale":"nl_NL","og_type":"article","og_title":"Valoriser mes dipl\u00f4mes\/exp\u00e9riences - Hockey Belgium","og_description":"Equivalence: Valorisation des Acquis et Exp\u00e9riences (VAE) Vous souhaitez faire valoir vos dipl\u00f4mes ou exp\u00e9riences?Cela est possible via les infos ci-dessous: 1 &#8211; COURS GENERAUX Certaines VAE peuvent \u00eatre accord\u00e9es [&hellip;]","og_url":"https:\/\/hockey.be\/nl\/valoriser-mes-diplomes-experiences\/","og_site_name":"Hockey Belgium","article_modified_time":"2025-08-21T15:03:25+00:00","og_image":[{"width":1200,"height":333,"url":"https:\/\/hockey.be\/wp-content\/uploads\/2025\/08\/43-1200x333.png","type":"image\/png"}],"twitter_card":"summary_large_image","twitter_misc":{"Geschatte leestijd":"2 minuten"},"schema":{"@context":"https:\/\/schema.org","@graph":[{"@type":"WebPage","@id":"https:\/\/hockey.be\/nl\/valoriser-mes-diplomes-experiences\/","url":"https:\/\/hockey.be\/nl\/valoriser-mes-diplomes-experiences\/","name":"Valoriser mes dipl\u00f4mes\/exp\u00e9riences - Hockey Belgium","isPartOf":{"@id":"https:\/\/hockey.be\/nl\/#website"},"primaryImageOfPage":{"@id":"https:\/\/hockey.be\/nl\/valoriser-mes-diplomes-experiences\/#primaryimage"},"image":{"@id":"https:\/\/hockey.be\/nl\/valoriser-mes-diplomes-experiences\/#primaryimage"},"thumbnailUrl":"https:\/\/hockey.be\/wp-content\/uploads\/2025\/08\/43.png","datePublished":"2019-08-21T17:08:16+00:00","dateModified":"2025-08-21T15:03:25+00:00","breadcrumb":{"@id":"https:\/\/hockey.be\/nl\/valoriser-mes-diplomes-experiences\/#breadcrumb"},"inLanguage":"nl-NL","potentialAction":[{"@type":"ReadAction","target":["https:\/\/hockey.be\/nl\/valoriser-mes-diplomes-experiences\/"]}]},{"@type":"ImageObject","inLanguage":"nl-NL","@id":"https:\/\/hockey.be\/nl\/valoriser-mes-diplomes-experiences\/#primaryimage","url":"https:\/\/hockey.be\/wp-content\/uploads\/2025\/08\/43.png","contentUrl":"https:\/\/hockey.be\/wp-content\/uploads\/2025\/08\/43.png","width":2400,"height":665},{"@type":"BreadcrumbList","@id":"https:\/\/hockey.be\/nl\/valoriser-mes-diplomes-experiences\/#breadcrumb","itemListElement":[{"@type":"ListItem","position":1,"name":"Home","item":"https:\/\/hockey.be\/nl\/hockey-belgium\/"},{"@type":"ListItem","position":2,"name":"Valoriser mes dipl\u00f4mes\/exp\u00e9riences"}]},{"@type":"WebSite","@id":"https:\/\/hockey.be\/nl\/#website","url":"https:\/\/hockey.be\/nl\/","name":"Hockey Belgium","description":"","publisher":{"@id":"https:\/\/hockey.be\/nl\/#organization"},"potentialAction":[{"@type":"SearchAction","target":{"@type":"EntryPoint","urlTemplate":"https:\/\/hockey.be\/nl\/?s={search_term_string}"},"query-input":{"@type":"PropertyValueSpecification","valueRequired":true,"valueName":"search_term_string"}}],"inLanguage":"nl-NL"},{"@type":"Organization","@id":"https:\/\/hockey.be\/nl\/#organization","name":"Hockey Belgium","url":"https:\/\/hockey.be\/nl\/","logo":{"@type":"ImageObject","inLanguage":"nl-NL","@id":"https:\/\/hockey.be\/nl\/#\/schema\/logo\/image\/","url":"https:\/\/hockey.be\/wp-content\/uploads\/2025\/07\/logo-hockey-be.svg","contentUrl":"https:\/\/hockey.be\/wp-content\/uploads\/2025\/07\/logo-hockey-be.svg","width":724.16,"height":241.49,"caption":"Hockey Belgium"},"image":{"@id":"https:\/\/hockey.be\/nl\/#\/schema\/logo\/image\/"}}]}},"_links":{"self":[{"href":"https:\/\/hockey.be\/nl\/wp-json\/wp\/v2\/pages\/15007","targetHints":{"allow":["GET"]}}],"collection":[{"href":"https:\/\/hockey.be\/nl\/wp-json\/wp\/v2\/pages"}],"about":[{"href":"https:\/\/hockey.be\/nl\/wp-json\/wp\/v2\/types\/page"}],"author":[{"embeddable":true,"href":"https:\/\/hockey.be\/nl\/wp-json\/wp\/v2\/users\/13"}],"replies":[{"embeddable":true,"href":"https:\/\/hockey.be\/nl\/wp-json\/wp\/v2\/comments?post=15007"}],"version-history":[{"count":4,"href":"https:\/\/hockey.be\/nl\/wp-json\/wp\/v2\/pages\/15007\/revisions"}],"predecessor-version":[{"id":83068,"href":"https:\/\/hockey.be\/nl\/wp-json\/wp\/v2\/pages\/15007\/revisions\/83068"}],"wp:featuredmedia":[{"embeddable":true,"href":"https:\/\/hockey.be\/nl\/wp-json\/wp\/v2\/media\/82670"}],"wp:attachment":[{"href":"https:\/\/hockey.be\/nl\/wp-json\/wp\/v2\/media?parent=15007"}],"wp:term":[{"taxonomy":"category","embeddable":true,"href":"https:\/\/hockey.be\/nl\/wp-json\/wp\/v2\/categories?post=15007"},{"taxonomy":"post_tag","embeddable":true,"href":"https:\/\/hockey.be\/nl\/wp-json\/wp\/v2\/tags?post=15007"}],"curies":[{"name":"wp","href":"https:\/\/api.w.org\/{rel}","templated":true}]}}