{"id":86761,"date":"2025-09-10T14:11:30","date_gmt":"2025-09-10T12:11:30","guid":{"rendered":"https:\/\/hockey.be\/?page_id=86761"},"modified":"2025-09-10T14:13:36","modified_gmt":"2025-09-10T12:13:36","slug":"pour-les-p3-de-la-province-du-brabant-wallon","status":"publish","type":"page","link":"https:\/\/hockey.be\/fr\/developpement\/hockey-2-school\/world-cup2school\/pour-les-p3-de-la-province-du-brabant-wallon\/","title":{"rendered":"Pour les P3 de la Province du Brabant Wallon"},"content":{"rendered":"\t\t<div data-elementor-type=\"wp-post\" data-elementor-id=\"86761\" class=\"elementor elementor-86761\" data-elementor-post-type=\"page\">\n\t\t\t\t<div class=\"elementor-element elementor-element-5f81389 e-flex e-con-boxed e-con e-parent\" data-id=\"5f81389\" data-element_type=\"container\" data-e-type=\"container\" data-settings=\"{&quot;jet_parallax_layout_list&quot;:[{&quot;_id&quot;:&quot;20a3005&quot;,&quot;jet_parallax_layout_image&quot;:{&quot;url&quot;:&quot;&quot;,&quot;id&quot;:&quot;&quot;,&quot;size&quot;:&quot;&quot;},&quot;jet_parallax_layout_image_widescreen&quot;:{&quot;url&quot;:&quot;&quot;,&quot;id&quot;:&quot;&quot;,&quot;size&quot;:&quot;&quot;},&quot;jet_parallax_layout_image_laptop&quot;:{&quot;url&quot;:&quot;&quot;,&quot;id&quot;:&quot;&quot;,&quot;size&quot;:&quot;&quot;},&quot;jet_parallax_layout_image_tablet_extra&quot;:{&quot;url&quot;:&quot;&quot;,&quot;id&quot;:&quot;&quot;,&quot;size&quot;:&quot;&quot;},&quot;jet_parallax_layout_image_tablet&quot;:{&quot;url&quot;:&quot;&quot;,&quot;id&quot;:&quot;&quot;,&quot;size&quot;:&quot;&quot;},&quot;jet_parallax_layout_image_mobile_extra&quot;:{&quot;url&quot;:&quot;&quot;,&quot;id&quot;:&quot;&quot;,&quot;size&quot;:&quot;&quot;},&quot;jet_parallax_layout_image_mobile&quot;:{&quot;url&quot;:&quot;&quot;,&quot;id&quot;:&quot;&quot;,&quot;size&quot;:&quot;&quot;},&quot;jet_parallax_layout_speed&quot;:{&quot;unit&quot;:&quot;%&quot;,&quot;size&quot;:50,&quot;sizes&quot;:[]},&quot;jet_parallax_layout_type&quot;:&quot;scroll&quot;,&quot;jet_parallax_layout_direction&quot;:&quot;1&quot;,&quot;jet_parallax_layout_fx_direction&quot;:null,&quot;jet_parallax_layout_z_index&quot;:&quot;&quot;,&quot;jet_parallax_layout_bg_x&quot;:50,&quot;jet_parallax_layout_bg_x_widescreen&quot;:&quot;&quot;,&quot;jet_parallax_layout_bg_x_laptop&quot;:&quot;&quot;,&quot;jet_parallax_layout_bg_x_tablet_extra&quot;:&quot;&quot;,&quot;jet_parallax_layout_bg_x_tablet&quot;:&quot;&quot;,&quot;jet_parallax_layout_bg_x_mobile_extra&quot;:&quot;&quot;,&quot;jet_parallax_layout_bg_x_mobile&quot;:&quot;&quot;,&quot;jet_parallax_layout_bg_y&quot;:50,&quot;jet_parallax_layout_bg_y_widescreen&quot;:&quot;&quot;,&quot;jet_parallax_layout_bg_y_laptop&quot;:&quot;&quot;,&quot;jet_parallax_layout_bg_y_tablet_extra&quot;:&quot;&quot;,&quot;jet_parallax_layout_bg_y_tablet&quot;:&quot;&quot;,&quot;jet_parallax_layout_bg_y_mobile_extra&quot;:&quot;&quot;,&quot;jet_parallax_layout_bg_y_mobile&quot;:&quot;&quot;,&quot;jet_parallax_layout_bg_size&quot;:&quot;auto&quot;,&quot;jet_parallax_layout_bg_size_widescreen&quot;:&quot;&quot;,&quot;jet_parallax_layout_bg_size_laptop&quot;:&quot;&quot;,&quot;jet_parallax_layout_bg_size_tablet_extra&quot;:&quot;&quot;,&quot;jet_parallax_layout_bg_size_tablet&quot;:&quot;&quot;,&quot;jet_parallax_layout_bg_size_mobile_extra&quot;:&quot;&quot;,&quot;jet_parallax_layout_bg_size_mobile&quot;:&quot;&quot;,&quot;jet_parallax_layout_animation_prop&quot;:&quot;transform&quot;,&quot;jet_parallax_layout_on&quot;:[&quot;desktop&quot;,&quot;tablet&quot;]}]}\">\n\t\t\t\t\t<div class=\"e-con-inner\">\n\t\t<div class=\"elementor-element elementor-element-e64b3e2 e-con-full e-flex e-con e-child\" data-id=\"e64b3e2\" data-element_type=\"container\" data-e-type=\"container\" data-settings=\"{&quot;jet_parallax_layout_list&quot;:[]}\">\n\t\t\t\t<div class=\"elementor-element elementor-element-98961e4 elementor-hidden-tablet elementor-hidden-phone elementor-widget elementor-widget-wp-widget-nav_menu\" data-id=\"98961e4\" data-element_type=\"widget\" data-e-type=\"widget\" data-widget_type=\"wp-widget-nav_menu.default\">\n\t\t\t\t<div class=\"elementor-widget-container\">\n\t\t\t\t\t<div class=\"menu-fr-side-hwb-developpement-container\"><ul id=\"menu-fr-side-hwb-developpement\" class=\"menu\"><li id=\"menu-item-79481\" class=\"menu-item menu-item-type-post_type menu-item-object-page menu-item-has-children menu-item-79481\"><a href=\"https:\/\/hockey.be\/fr\/developpement\/\">D\u00e9veloppement<\/a>\n<ul class=\"sub-menu\">\n\t<li id=\"menu-item-79486\" class=\"menu-item menu-item-type-post_type menu-item-object-page menu-item-has-children menu-item-79486\"><a href=\"https:\/\/hockey.be\/fr\/developpement\/hockey-2-school\/\">Hockey 2 School<\/a>\n\t<ul class=\"sub-menu\">\n\t\t<li id=\"menu-item-86779\" class=\"menu-item menu-item-type-post_type menu-item-object-page menu-item-has-children menu-item-86779\"><a href=\"https:\/\/hockey.be\/fr\/developpement\/hockey-2-school\/world-cup2school\/\">World Cup2school<\/a>\n\t\t<ul class=\"sub-menu\">\n\t\t\t<li id=\"menu-item-86778\" class=\"menu-item menu-item-type-post_type menu-item-object-page menu-item-86778\"><a href=\"https:\/\/hockey.be\/fr\/developpement\/hockey-2-school\/world-cup2school\/pour-les-p5\/\">Pour les P5<\/a><\/li>\n\t\t\t<li id=\"menu-item-86776\" class=\"menu-item menu-item-type-post_type menu-item-object-page menu-item-86776\"><a href=\"https:\/\/hockey.be\/fr\/developpement\/hockey-2-school\/world-cup2school\/pour-les-p3-en-dehors-de-la-province-du-brabant-wallon\/\">Pour les P3 en dehors de la Province du Brabant Wallon<\/a><\/li>\n\t\t\t<li id=\"menu-item-86777\" class=\"menu-item menu-item-type-post_type menu-item-object-page menu-item-86777\"><a href=\"https:\/\/hockey.be\/fr\/developpement\/hockey-2-school\/world-cup2school\/pour-les-p3-de-la-province-du-brabant-wallon\/\">Pour les P3 de la Province du Brabant Wallon<\/a><\/li>\n\t\t\t<li id=\"menu-item-90961\" class=\"menu-item menu-item-type-post_type menu-item-object-page menu-item-90961\"><a href=\"https:\/\/hockey.be\/fr\/developpement\/hockey-2-school\/world-cup2school\/dossier-pedagogique\/\">Dossier p\u00e9dagogique<\/a><\/li>\n\t\t<\/ul>\n<\/li>\n\t<\/ul>\n<\/li>\n\t<li id=\"menu-item-79488\" class=\"menu-item menu-item-type-post_type menu-item-object-page menu-item-79488\"><a href=\"https:\/\/hockey.be\/fr\/hockey-wallonie-bruxelles\/journees-dinitiation-scolaire\/\">Journ\u00e9es d\u2019initiation scolaire<\/a><\/li>\n\t<li id=\"menu-item-79487\" class=\"menu-item menu-item-type-post_type menu-item-object-page menu-item-79487\"><a href=\"https:\/\/hockey.be\/fr\/developpement\/street-hockey\/\">Street Hockey<\/a><\/li>\n\t<li id=\"menu-item-79489\" class=\"menu-item menu-item-type-post_type menu-item-object-page menu-item-79489\"><a href=\"https:\/\/hockey.be\/fr\/girls\/\">United Girl Power<\/a><\/li>\n\t<li id=\"menu-item-79485\" class=\"menu-item menu-item-type-post_type menu-item-object-page menu-item-79485\"><a href=\"https:\/\/hockey.be\/fr\/developpement\/tournee-mobile\/\">Tourn\u00e9e mobile<\/a><\/li>\n\t<li id=\"menu-item-79484\" class=\"menu-item menu-item-type-post_type menu-item-object-page menu-item-79484\"><a href=\"https:\/\/hockey.be\/fr\/developpement\/journees-tournois-atypiques\/\">Journ\u00e9es &amp; Tournois atypiques<\/a><\/li>\n\t<li id=\"menu-item-79483\" class=\"menu-item menu-item-type-post_type menu-item-object-page menu-item-79483\"><a href=\"https:\/\/hockey.be\/fr\/developpement\/quelques-idees-pour-les-clubs\/\">Quelques id\u00e9es pour les clubs<\/a><\/li>\n\t<li id=\"menu-item-79482\" class=\"menu-item menu-item-type-post_type menu-item-object-page menu-item-79482\"><a href=\"https:\/\/hockey.be\/fr\/developpement\/retention-des-membres\/\">R\u00e9tention des membres<\/a><\/li>\n<\/ul>\n<\/li>\n<\/ul><\/div>\t\t\t\t<\/div>\n\t\t\t\t<\/div>\n\t\t\t\t<\/div>\n\t\t<div class=\"elementor-element elementor-element-ae4b5da e-con-full e-flex e-con e-child\" data-id=\"ae4b5da\" data-element_type=\"container\" data-e-type=\"container\" data-settings=\"{&quot;jet_parallax_layout_list&quot;:[]}\">\n\t\t\t\t<div class=\"elementor-element elementor-element-3e465c1 elementor-widget elementor-widget-heading\" data-id=\"3e465c1\" data-element_type=\"widget\" data-e-type=\"widget\" data-widget_type=\"heading.default\">\n\t\t\t\t<div class=\"elementor-widget-container\">\n\t\t\t\t\t<h1 class=\"elementor-heading-title elementor-size-default\">Pour les P3 de la Province du Brabant Wallon<\/h1>\t\t\t\t<\/div>\n\t\t\t\t<\/div>\n\t\t\t\t<div class=\"elementor-element elementor-element-b5316a4 elementor-widget-divider--view-line elementor-widget elementor-widget-divider\" data-id=\"b5316a4\" data-element_type=\"widget\" data-e-type=\"widget\" data-widget_type=\"divider.default\">\n\t\t\t\t<div class=\"elementor-widget-container\">\n\t\t\t\t\t\t\t<div class=\"elementor-divider\">\n\t\t\t<span class=\"elementor-divider-separator\">\n\t\t\t\t\t\t<\/span>\n\t\t<\/div>\n\t\t\t\t\t\t<\/div>\n\t\t\t\t<\/div>\n\t\t\t\t<div class=\"elementor-element elementor-element-a572879 elementor-widget elementor-widget-text-editor\" data-id=\"a572879\" data-element_type=\"widget\" data-e-type=\"widget\" data-widget_type=\"text-editor.default\">\n\t\t\t\t<div class=\"elementor-widget-container\">\n\t\t\t\t\t\t\t\t\t<div><p><span data-olk-copy-source=\"MessageBody\">Hockey Wallonie Bruxelles organise, en partenariat avec la province du Brabant-Wallon, un grand trajet \u00ab\u00a0Hockey2School\u00a0\u00bb dans toute la Province !<\/span><\/p><\/div>\t\t\t\t\t\t\t\t<\/div>\n\t\t\t\t<\/div>\n\t\t\t\t<div class=\"elementor-element elementor-element-0fcde3c elementor-widget-divider--view-line elementor-widget elementor-widget-divider\" data-id=\"0fcde3c\" data-element_type=\"widget\" data-e-type=\"widget\" data-widget_type=\"divider.default\">\n\t\t\t\t<div class=\"elementor-widget-container\">\n\t\t\t\t\t\t\t<div class=\"elementor-divider\">\n\t\t\t<span class=\"elementor-divider-separator\">\n\t\t\t\t\t\t<\/span>\n\t\t<\/div>\n\t\t\t\t\t\t<\/div>\n\t\t\t\t<\/div>\n\t\t\t\t<div class=\"elementor-element elementor-element-ed698cd elementor-widget elementor-widget-heading\" data-id=\"ed698cd\" data-element_type=\"widget\" data-e-type=\"widget\" data-widget_type=\"heading.default\">\n\t\t\t\t<div class=\"elementor-widget-container\">\n\t\t\t\t\t<h1 class=\"elementor-heading-title elementor-size-default\">Diff\u00e9rentes phases<\/h1>\t\t\t\t<\/div>\n\t\t\t\t<\/div>\n\t\t\t\t<div class=\"elementor-element elementor-element-a0976a8 elementor-widget elementor-widget-text-editor\" data-id=\"a0976a8\" data-element_type=\"widget\" data-e-type=\"widget\" data-widget_type=\"text-editor.default\">\n\t\t\t\t<div class=\"elementor-widget-container\">\n\t\t\t\t\t\t\t\t\t<div><ol><li><span data-olk-copy-source=\"MessageBody\"> Formation (facultative) des professeurs d&rsquo;\u00e9ducation physique<\/span><\/li><li>Mise \u00e0 disposition de mat\u00e9riel pour la pratique du hockey en milieu scolaire (sous forme de caution &#8211; 350\u20ac)<\/li><li>Une s\u00e9ance d&rsquo;initiation (1h30) dans un club proche de votre \u00e9cole<\/li><li>Une journ\u00e9e de tournoi interscolaire dans un club proche de votre \u00e9cole<\/li><\/ol><\/div><div><p>Chaque classe est libre de participer \u00e0 une ou \u00e0 l&rsquo;ensemble des \u00e9tapes. Il est juste recommand\u00e9 d&rsquo;avoir pratiqu\u00e9 un cycle de hockey durant l&rsquo;ann\u00e9e avant de participer \u00e0 la f\u00eate du hockey.<\/p><\/div>\t\t\t\t\t\t\t\t<\/div>\n\t\t\t\t<\/div>\n\t\t\t\t<div class=\"elementor-element elementor-element-4b7a964 elementor-widget elementor-widget-shortcode\" data-id=\"4b7a964\" data-element_type=\"widget\" data-e-type=\"widget\" data-widget_type=\"shortcode.default\">\n\t\t\t\t<div class=\"elementor-widget-container\">\n\t\t\t\t\t\t\t<div class=\"elementor-shortcode\"><script>(function(t,e,s,n){var o,a,c;t.SMCX=t.SMCX||[],e.getElementById(n)||(o=e.getElementsByTagName(s),a=o[o.length-1],c=e.createElement(s),c.type=\"text\/javascript\",c.async=!0,c.id=n,c.src=\"https:\/\/widget.surveymonkey.com\/collect\/website\/js\/tRaiETqnLgj758hTBazgd4vJNJ_2BTOAaNXMu2Ti8lxcC9aqZKQkhalQKIgymEx4E2.js\",a.parentNode.insertBefore(c,a))})(window,document,\"script\",\"smcx-sdk\");<\/script><a style=\"font: 12px Helvetica, sans-serif; color: #999; text-decoration: none;\" href=fr.surveymonkey.com> Cr\u00e9ez votre propre sondage de satisfaction des utilisateurs <\/a><\/div>\n\t\t\t\t\t\t<\/div>\n\t\t\t\t<\/div>\n\t\t\t\t<\/div>\n\t\t\t\t\t<\/div>\n\t\t\t\t<\/div>\n\t\t\t\t<\/div>\n\t\t","protected":false},"excerpt":{"rendered":"<p>Hockey Wallonie Bruxelles organise, en partenariat avec la province du Brabant-Wallon, un grand trajet \u00ab\u00a0Hockey2School\u00a0\u00bb dans toute la Province ! Diff\u00e9rentes phases Formation (facultative) des professeurs d&rsquo;\u00e9ducation physique Mise \u00e0 [&hellip;]<\/p>\n","protected":false},"author":16,"featured_media":86752,"parent":86735,"menu_order":327,"comment_status":"closed","ping_status":"closed","template":"","meta":{"_acf_changed":false,"footnotes":""},"categories":[708,703],"tags":[],"class_list":["post-86761","page","type-page","status-publish","has-post-thumbnail","hentry","category-developpement","category-lfh-projets"],"acf":[],"yoast_head":"<!-- This site is optimized with the Yoast SEO plugin v27.3 - https:\/\/yoast.com\/product\/yoast-seo-wordpress\/ -->\n<title>Pour les P3 de la Province du Brabant Wallon - Hockey Belgium<\/title>\n<meta name=\"description\" content=\"Hockey Wallonie Bruxelles organise, en partenariat avec la province du Brabant-Wallon, un grand trajet &quot;Hockey2School&quot; dans (lire plus)\" \/>\n<meta name=\"robots\" content=\"index, follow, max-snippet:-1, max-image-preview:large, max-video-preview:-1\" \/>\n<link rel=\"canonical\" href=\"https:\/\/hockey.be\/fr\/developpement\/hockey-2-school\/world-cup2school\/pour-les-p3-de-la-province-du-brabant-wallon\/\" \/>\n<meta property=\"og:locale\" content=\"fr_FR\" \/>\n<meta property=\"og:type\" content=\"article\" \/>\n<meta property=\"og:title\" content=\"Pour les P3 de la Province du Brabant Wallon - Hockey Belgium\" \/>\n<meta property=\"og:description\" content=\"Hockey Wallonie Bruxelles organise, en partenariat avec la province du Brabant-Wallon, un grand trajet &quot;Hockey2School&quot; dans (lire plus)\" \/>\n<meta property=\"og:url\" content=\"https:\/\/hockey.be\/fr\/developpement\/hockey-2-school\/world-cup2school\/pour-les-p3-de-la-province-du-brabant-wallon\/\" \/>\n<meta property=\"og:site_name\" content=\"Hockey Belgium\" \/>\n<meta property=\"article:modified_time\" content=\"2025-09-10T12:13:36+00:00\" \/>\n<meta property=\"og:image\" content=\"https:\/\/hockey.be\/wp-content\/uploads\/2025\/09\/Header-Site-web-8.png\" \/>\n\t<meta property=\"og:image:width\" content=\"2400\" \/>\n\t<meta property=\"og:image:height\" content=\"665\" \/>\n\t<meta property=\"og:image:type\" content=\"image\/png\" \/>\n<meta name=\"twitter:card\" content=\"summary_large_image\" \/>\n<meta name=\"twitter:label1\" content=\"Dur\u00e9e de lecture estim\u00e9e\" \/>\n\t<meta name=\"twitter:data1\" content=\"1 minute\" \/>\n<script type=\"application\/ld+json\" class=\"yoast-schema-graph\">{\"@context\":\"https:\\\/\\\/schema.org\",\"@graph\":[{\"@type\":\"WebPage\",\"@id\":\"https:\\\/\\\/hockey.be\\\/fr\\\/developpement\\\/hockey-2-school\\\/world-cup2school\\\/pour-les-p3-de-la-province-du-brabant-wallon\\\/\",\"url\":\"https:\\\/\\\/hockey.be\\\/fr\\\/developpement\\\/hockey-2-school\\\/world-cup2school\\\/pour-les-p3-de-la-province-du-brabant-wallon\\\/\",\"name\":\"Pour les P3 de la Province du Brabant Wallon - Hockey Belgium\",\"isPartOf\":{\"@id\":\"https:\\\/\\\/hockey.be\\\/nl\\\/#website\"},\"primaryImageOfPage\":{\"@id\":\"https:\\\/\\\/hockey.be\\\/fr\\\/developpement\\\/hockey-2-school\\\/world-cup2school\\\/pour-les-p3-de-la-province-du-brabant-wallon\\\/#primaryimage\"},\"image\":{\"@id\":\"https:\\\/\\\/hockey.be\\\/fr\\\/developpement\\\/hockey-2-school\\\/world-cup2school\\\/pour-les-p3-de-la-province-du-brabant-wallon\\\/#primaryimage\"},\"thumbnailUrl\":\"https:\\\/\\\/hockey.be\\\/wp-content\\\/uploads\\\/2025\\\/09\\\/Header-Site-web-8.png\",\"datePublished\":\"2025-09-10T12:11:30+00:00\",\"dateModified\":\"2025-09-10T12:13:36+00:00\",\"description\":\"Hockey Wallonie Bruxelles organise, en partenariat avec la province du Brabant-Wallon, un grand trajet \\\"Hockey2School\\\" dans (lire plus)\",\"breadcrumb\":{\"@id\":\"https:\\\/\\\/hockey.be\\\/fr\\\/developpement\\\/hockey-2-school\\\/world-cup2school\\\/pour-les-p3-de-la-province-du-brabant-wallon\\\/#breadcrumb\"},\"inLanguage\":\"fr-FR\",\"potentialAction\":[{\"@type\":\"ReadAction\",\"target\":[\"https:\\\/\\\/hockey.be\\\/fr\\\/developpement\\\/hockey-2-school\\\/world-cup2school\\\/pour-les-p3-de-la-province-du-brabant-wallon\\\/\"]}]},{\"@type\":\"ImageObject\",\"inLanguage\":\"fr-FR\",\"@id\":\"https:\\\/\\\/hockey.be\\\/fr\\\/developpement\\\/hockey-2-school\\\/world-cup2school\\\/pour-les-p3-de-la-province-du-brabant-wallon\\\/#primaryimage\",\"url\":\"https:\\\/\\\/hockey.be\\\/wp-content\\\/uploads\\\/2025\\\/09\\\/Header-Site-web-8.png\",\"contentUrl\":\"https:\\\/\\\/hockey.be\\\/wp-content\\\/uploads\\\/2025\\\/09\\\/Header-Site-web-8.png\",\"width\":2400,\"height\":665},{\"@type\":\"BreadcrumbList\",\"@id\":\"https:\\\/\\\/hockey.be\\\/fr\\\/developpement\\\/hockey-2-school\\\/world-cup2school\\\/pour-les-p3-de-la-province-du-brabant-wallon\\\/#breadcrumb\",\"itemListElement\":[{\"@type\":\"ListItem\",\"position\":1,\"name\":\"Home\",\"item\":\"https:\\\/\\\/hockey.be\\\/nl\\\/\"},{\"@type\":\"ListItem\",\"position\":2,\"name\":\"D\u00e9veloppement\",\"item\":\"https:\\\/\\\/hockey.be\\\/fr\\\/developpement\\\/\"},{\"@type\":\"ListItem\",\"position\":3,\"name\":\"Hockey 2 School\",\"item\":\"https:\\\/\\\/hockey.be\\\/fr\\\/developpement\\\/hockey-2-school\\\/\"},{\"@type\":\"ListItem\",\"position\":4,\"name\":\"World Cup2school\",\"item\":\"https:\\\/\\\/hockey.be\\\/fr\\\/developpement\\\/hockey-2-school\\\/world-cup2school\\\/\"},{\"@type\":\"ListItem\",\"position\":5,\"name\":\"Pour les P3 de la Province du Brabant Wallon\"}]},{\"@type\":\"WebSite\",\"@id\":\"https:\\\/\\\/hockey.be\\\/nl\\\/#website\",\"url\":\"https:\\\/\\\/hockey.be\\\/nl\\\/\",\"name\":\"Hockey Belgium\",\"description\":\"En nog een WordPress website\",\"publisher\":{\"@id\":\"https:\\\/\\\/hockey.be\\\/nl\\\/#organization\"},\"potentialAction\":[{\"@type\":\"SearchAction\",\"target\":{\"@type\":\"EntryPoint\",\"urlTemplate\":\"https:\\\/\\\/hockey.be\\\/nl\\\/?s={search_term_string}\"},\"query-input\":{\"@type\":\"PropertyValueSpecification\",\"valueRequired\":true,\"valueName\":\"search_term_string\"}}],\"inLanguage\":\"fr-FR\"},{\"@type\":\"Organization\",\"@id\":\"https:\\\/\\\/hockey.be\\\/nl\\\/#organization\",\"name\":\"Hockey Belgium\",\"url\":\"https:\\\/\\\/hockey.be\\\/nl\\\/\",\"logo\":{\"@type\":\"ImageObject\",\"inLanguage\":\"fr-FR\",\"@id\":\"https:\\\/\\\/hockey.be\\\/nl\\\/#\\\/schema\\\/logo\\\/image\\\/\",\"url\":\"https:\\\/\\\/hockey.be\\\/wp-content\\\/uploads\\\/2025\\\/07\\\/logo-hockey-be.svg\",\"contentUrl\":\"https:\\\/\\\/hockey.be\\\/wp-content\\\/uploads\\\/2025\\\/07\\\/logo-hockey-be.svg\",\"width\":724.16,\"height\":241.49,\"caption\":\"Hockey Belgium\"},\"image\":{\"@id\":\"https:\\\/\\\/hockey.be\\\/nl\\\/#\\\/schema\\\/logo\\\/image\\\/\"}}]}<\/script>\n<!-- \/ Yoast SEO plugin. -->","yoast_head_json":{"title":"Pour les P3 de la Province du Brabant Wallon - Hockey Belgium","description":"Hockey Wallonie Bruxelles organise, en partenariat avec la province du Brabant-Wallon, un grand trajet \"Hockey2School\" dans (lire plus)","robots":{"index":"index","follow":"follow","max-snippet":"max-snippet:-1","max-image-preview":"max-image-preview:large","max-video-preview":"max-video-preview:-1"},"canonical":"https:\/\/hockey.be\/fr\/developpement\/hockey-2-school\/world-cup2school\/pour-les-p3-de-la-province-du-brabant-wallon\/","og_locale":"fr_FR","og_type":"article","og_title":"Pour les P3 de la Province du Brabant Wallon - Hockey Belgium","og_description":"Hockey Wallonie Bruxelles organise, en partenariat avec la province du Brabant-Wallon, un grand trajet \"Hockey2School\" dans (lire plus)","og_url":"https:\/\/hockey.be\/fr\/developpement\/hockey-2-school\/world-cup2school\/pour-les-p3-de-la-province-du-brabant-wallon\/","og_site_name":"Hockey Belgium","article_modified_time":"2025-09-10T12:13:36+00:00","og_image":[{"width":2400,"height":665,"url":"https:\/\/hockey.be\/wp-content\/uploads\/2025\/09\/Header-Site-web-8.png","type":"image\/png"}],"twitter_card":"summary_large_image","twitter_misc":{"Dur\u00e9e de lecture estim\u00e9e":"1 minute"},"schema":{"@context":"https:\/\/schema.org","@graph":[{"@type":"WebPage","@id":"https:\/\/hockey.be\/fr\/developpement\/hockey-2-school\/world-cup2school\/pour-les-p3-de-la-province-du-brabant-wallon\/","url":"https:\/\/hockey.be\/fr\/developpement\/hockey-2-school\/world-cup2school\/pour-les-p3-de-la-province-du-brabant-wallon\/","name":"Pour les P3 de la Province du Brabant Wallon - Hockey Belgium","isPartOf":{"@id":"https:\/\/hockey.be\/nl\/#website"},"primaryImageOfPage":{"@id":"https:\/\/hockey.be\/fr\/developpement\/hockey-2-school\/world-cup2school\/pour-les-p3-de-la-province-du-brabant-wallon\/#primaryimage"},"image":{"@id":"https:\/\/hockey.be\/fr\/developpement\/hockey-2-school\/world-cup2school\/pour-les-p3-de-la-province-du-brabant-wallon\/#primaryimage"},"thumbnailUrl":"https:\/\/hockey.be\/wp-content\/uploads\/2025\/09\/Header-Site-web-8.png","datePublished":"2025-09-10T12:11:30+00:00","dateModified":"2025-09-10T12:13:36+00:00","description":"Hockey Wallonie Bruxelles organise, en partenariat avec la province du Brabant-Wallon, un grand trajet \"Hockey2School\" dans (lire plus)","breadcrumb":{"@id":"https:\/\/hockey.be\/fr\/developpement\/hockey-2-school\/world-cup2school\/pour-les-p3-de-la-province-du-brabant-wallon\/#breadcrumb"},"inLanguage":"fr-FR","potentialAction":[{"@type":"ReadAction","target":["https:\/\/hockey.be\/fr\/developpement\/hockey-2-school\/world-cup2school\/pour-les-p3-de-la-province-du-brabant-wallon\/"]}]},{"@type":"ImageObject","inLanguage":"fr-FR","@id":"https:\/\/hockey.be\/fr\/developpement\/hockey-2-school\/world-cup2school\/pour-les-p3-de-la-province-du-brabant-wallon\/#primaryimage","url":"https:\/\/hockey.be\/wp-content\/uploads\/2025\/09\/Header-Site-web-8.png","contentUrl":"https:\/\/hockey.be\/wp-content\/uploads\/2025\/09\/Header-Site-web-8.png","width":2400,"height":665},{"@type":"BreadcrumbList","@id":"https:\/\/hockey.be\/fr\/developpement\/hockey-2-school\/world-cup2school\/pour-les-p3-de-la-province-du-brabant-wallon\/#breadcrumb","itemListElement":[{"@type":"ListItem","position":1,"name":"Home","item":"https:\/\/hockey.be\/nl\/"},{"@type":"ListItem","position":2,"name":"D\u00e9veloppement","item":"https:\/\/hockey.be\/fr\/developpement\/"},{"@type":"ListItem","position":3,"name":"Hockey 2 School","item":"https:\/\/hockey.be\/fr\/developpement\/hockey-2-school\/"},{"@type":"ListItem","position":4,"name":"World Cup2school","item":"https:\/\/hockey.be\/fr\/developpement\/hockey-2-school\/world-cup2school\/"},{"@type":"ListItem","position":5,"name":"Pour les P3 de la Province du Brabant Wallon"}]},{"@type":"WebSite","@id":"https:\/\/hockey.be\/nl\/#website","url":"https:\/\/hockey.be\/nl\/","name":"Hockey Belgium","description":"En nog een WordPress website","publisher":{"@id":"https:\/\/hockey.be\/nl\/#organization"},"potentialAction":[{"@type":"SearchAction","target":{"@type":"EntryPoint","urlTemplate":"https:\/\/hockey.be\/nl\/?s={search_term_string}"},"query-input":{"@type":"PropertyValueSpecification","valueRequired":true,"valueName":"search_term_string"}}],"inLanguage":"fr-FR"},{"@type":"Organization","@id":"https:\/\/hockey.be\/nl\/#organization","name":"Hockey Belgium","url":"https:\/\/hockey.be\/nl\/","logo":{"@type":"ImageObject","inLanguage":"fr-FR","@id":"https:\/\/hockey.be\/nl\/#\/schema\/logo\/image\/","url":"https:\/\/hockey.be\/wp-content\/uploads\/2025\/07\/logo-hockey-be.svg","contentUrl":"https:\/\/hockey.be\/wp-content\/uploads\/2025\/07\/logo-hockey-be.svg","width":724.16,"height":241.49,"caption":"Hockey Belgium"},"image":{"@id":"https:\/\/hockey.be\/nl\/#\/schema\/logo\/image\/"}}]}},"_links":{"self":[{"href":"https:\/\/hockey.be\/fr\/wp-json\/wp\/v2\/pages\/86761","targetHints":{"allow":["GET"]}}],"collection":[{"href":"https:\/\/hockey.be\/fr\/wp-json\/wp\/v2\/pages"}],"about":[{"href":"https:\/\/hockey.be\/fr\/wp-json\/wp\/v2\/types\/page"}],"author":[{"embeddable":true,"href":"https:\/\/hockey.be\/fr\/wp-json\/wp\/v2\/users\/16"}],"replies":[{"embeddable":true,"href":"https:\/\/hockey.be\/fr\/wp-json\/wp\/v2\/comments?post=86761"}],"version-history":[{"count":4,"href":"https:\/\/hockey.be\/fr\/wp-json\/wp\/v2\/pages\/86761\/revisions"}],"predecessor-version":[{"id":86766,"href":"https:\/\/hockey.be\/fr\/wp-json\/wp\/v2\/pages\/86761\/revisions\/86766"}],"up":[{"embeddable":true,"href":"https:\/\/hockey.be\/fr\/wp-json\/wp\/v2\/pages\/86735"}],"wp:featuredmedia":[{"embeddable":true,"href":"https:\/\/hockey.be\/fr\/wp-json\/wp\/v2\/media\/86752"}],"wp:attachment":[{"href":"https:\/\/hockey.be\/fr\/wp-json\/wp\/v2\/media?parent=86761"}],"wp:term":[{"taxonomy":"category","embeddable":true,"href":"https:\/\/hockey.be\/fr\/wp-json\/wp\/v2\/categories?post=86761"},{"taxonomy":"post_tag","embeddable":true,"href":"https:\/\/hockey.be\/fr\/wp-json\/wp\/v2\/tags?post=86761"}],"curies":[{"name":"wp","href":"https:\/\/api.w.org\/{rel}","templated":true}]}}