{"id":73909,"date":"2025-01-07T15:10:45","date_gmt":"2025-01-07T14:10:45","guid":{"rendered":"https:\/\/hockey.be\/?page_id=73909"},"modified":"2025-08-22T17:48:42","modified_gmt":"2025-08-22T15:48:42","slug":"jugements-juridictions-classiques-et-cbas","status":"publish","type":"page","link":"https:\/\/hockey.be\/fr\/rbha\/organisation\/comites-juridictionnels\/jugements-juridictions-classiques-et-cbas\/","title":{"rendered":"Jugements : juridictions classiques et CBAS"},"content":{"rendered":"\t\t<div data-elementor-type=\"wp-post\" data-elementor-id=\"73909\" class=\"elementor elementor-73909\" data-elementor-post-type=\"page\">\n\t\t\t\t<div class=\"elementor-element elementor-element-de55a13 e-flex e-con-boxed e-con e-parent\" data-id=\"de55a13\" data-element_type=\"container\" data-e-type=\"container\" data-settings=\"{&quot;jet_parallax_layout_list&quot;:[{&quot;_id&quot;:&quot;20a3005&quot;,&quot;jet_parallax_layout_image&quot;:{&quot;url&quot;:&quot;&quot;,&quot;id&quot;:&quot;&quot;,&quot;size&quot;:&quot;&quot;},&quot;jet_parallax_layout_image_widescreen&quot;:{&quot;url&quot;:&quot;&quot;,&quot;id&quot;:&quot;&quot;,&quot;size&quot;:&quot;&quot;},&quot;jet_parallax_layout_image_laptop&quot;:{&quot;url&quot;:&quot;&quot;,&quot;id&quot;:&quot;&quot;,&quot;size&quot;:&quot;&quot;},&quot;jet_parallax_layout_image_tablet_extra&quot;:{&quot;url&quot;:&quot;&quot;,&quot;id&quot;:&quot;&quot;,&quot;size&quot;:&quot;&quot;},&quot;jet_parallax_layout_image_tablet&quot;:{&quot;url&quot;:&quot;&quot;,&quot;id&quot;:&quot;&quot;,&quot;size&quot;:&quot;&quot;},&quot;jet_parallax_layout_image_mobile_extra&quot;:{&quot;url&quot;:&quot;&quot;,&quot;id&quot;:&quot;&quot;,&quot;size&quot;:&quot;&quot;},&quot;jet_parallax_layout_image_mobile&quot;:{&quot;url&quot;:&quot;&quot;,&quot;id&quot;:&quot;&quot;,&quot;size&quot;:&quot;&quot;},&quot;jet_parallax_layout_speed&quot;:{&quot;unit&quot;:&quot;%&quot;,&quot;size&quot;:50,&quot;sizes&quot;:[]},&quot;jet_parallax_layout_type&quot;:&quot;scroll&quot;,&quot;jet_parallax_layout_direction&quot;:&quot;1&quot;,&quot;jet_parallax_layout_fx_direction&quot;:null,&quot;jet_parallax_layout_z_index&quot;:&quot;&quot;,&quot;jet_parallax_layout_bg_x&quot;:50,&quot;jet_parallax_layout_bg_x_widescreen&quot;:&quot;&quot;,&quot;jet_parallax_layout_bg_x_laptop&quot;:&quot;&quot;,&quot;jet_parallax_layout_bg_x_tablet_extra&quot;:&quot;&quot;,&quot;jet_parallax_layout_bg_x_tablet&quot;:&quot;&quot;,&quot;jet_parallax_layout_bg_x_mobile_extra&quot;:&quot;&quot;,&quot;jet_parallax_layout_bg_x_mobile&quot;:&quot;&quot;,&quot;jet_parallax_layout_bg_y&quot;:50,&quot;jet_parallax_layout_bg_y_widescreen&quot;:&quot;&quot;,&quot;jet_parallax_layout_bg_y_laptop&quot;:&quot;&quot;,&quot;jet_parallax_layout_bg_y_tablet_extra&quot;:&quot;&quot;,&quot;jet_parallax_layout_bg_y_tablet&quot;:&quot;&quot;,&quot;jet_parallax_layout_bg_y_mobile_extra&quot;:&quot;&quot;,&quot;jet_parallax_layout_bg_y_mobile&quot;:&quot;&quot;,&quot;jet_parallax_layout_bg_size&quot;:&quot;auto&quot;,&quot;jet_parallax_layout_bg_size_widescreen&quot;:&quot;&quot;,&quot;jet_parallax_layout_bg_size_laptop&quot;:&quot;&quot;,&quot;jet_parallax_layout_bg_size_tablet_extra&quot;:&quot;&quot;,&quot;jet_parallax_layout_bg_size_tablet&quot;:&quot;&quot;,&quot;jet_parallax_layout_bg_size_mobile_extra&quot;:&quot;&quot;,&quot;jet_parallax_layout_bg_size_mobile&quot;:&quot;&quot;,&quot;jet_parallax_layout_animation_prop&quot;:&quot;transform&quot;,&quot;jet_parallax_layout_on&quot;:[&quot;desktop&quot;,&quot;tablet&quot;]}]}\">\n\t\t\t\t\t<div class=\"e-con-inner\">\n\t\t<div class=\"elementor-element elementor-element-6571e18 e-con-full e-flex e-con e-child\" data-id=\"6571e18\" data-element_type=\"container\" data-e-type=\"container\" data-settings=\"{&quot;jet_parallax_layout_list&quot;:[]}\">\n\t\t\t\t<div class=\"elementor-element elementor-element-688b3da elementor-hidden-tablet elementor-hidden-phone elementor-widget elementor-widget-wp-widget-nav_menu\" data-id=\"688b3da\" data-element_type=\"widget\" data-e-type=\"widget\" data-widget_type=\"wp-widget-nav_menu.default\">\n\t\t\t\t<div class=\"elementor-widget-container\">\n\t\t\t\t\t<div class=\"menu-fr-side-arbh-container\"><ul id=\"menu-fr-side-arbh\" class=\"menu\"><li id=\"menu-item-16554\" class=\"menu-item menu-item-type-post_type menu-item-object-page menu-item-has-children menu-item-16554\"><a href=\"https:\/\/hockey.be\/fr\/rbha\/\">Royal Belgian Hockey Association<\/a>\n<ul class=\"sub-menu\">\n\t<li id=\"menu-item-16555\" class=\"menu-item menu-item-type-post_type menu-item-object-page menu-item-has-children menu-item-16555\"><a href=\"https:\/\/hockey.be\/fr\/rbha\/organisation\/\">Organisation<\/a>\n\t<ul class=\"sub-menu\">\n\t\t<li id=\"menu-item-32066\" class=\"menu-item menu-item-type-post_type menu-item-object-page menu-item-32066\"><a href=\"https:\/\/hockey.be\/fr\/rbha\/organe-dadministration\/\">Organe d\u2019Administration ARBH<\/a><\/li>\n\t\t<li id=\"menu-item-17680\" class=\"menu-item menu-item-type-post_type menu-item-object-page menu-item-17680\"><a href=\"https:\/\/hockey.be\/fr\/rbha\/organisation\/departements\/\">D\u00e9partements<\/a><\/li>\n\t\t<li id=\"menu-item-16559\" class=\"menu-item menu-item-type-post_type menu-item-object-page menu-item-has-children menu-item-16559\"><a href=\"https:\/\/hockey.be\/fr\/rbha\/organisation\/comites-juridictionnels\/\">Comit\u00e9s Juridictionnels<\/a>\n\t\t<ul class=\"sub-menu\">\n\t\t\t<li id=\"menu-item-73921\" class=\"menu-item menu-item-type-post_type menu-item-object-page menu-item-73921\"><a href=\"https:\/\/hockey.be\/fr\/rbha\/organisation\/comites-juridictionnels\/jugements-juridictions-classiques-et-cbas\/\">Jugements : juridictions classiques et CBAS<\/a><\/li>\n\t\t\t<li id=\"menu-item-23615\" class=\"menu-item menu-item-type-post_type menu-item-object-page menu-item-23615\"><a href=\"https:\/\/hockey.be\/fr\/rbha\/organisation\/comites-juridictionnels\/jugements-comite-dappel\/jugements-comite-de-controle\/\">Jugements : Comit\u00e9 de Contr\u00f4le<\/a><\/li>\n\t\t\t<li id=\"menu-item-73923\" class=\"menu-item menu-item-type-post_type menu-item-object-page menu-item-73923\"><a href=\"https:\/\/hockey.be\/fr\/rbha\/organisation\/comites-juridictionnels\/jugements-comite-dappel\/\">Jugements: Comit\u00e9 d\u2019Appel<\/a><\/li>\n\t\t\t<li id=\"menu-item-73922\" class=\"menu-item menu-item-type-post_type menu-item-object-page menu-item-73922\"><a href=\"https:\/\/hockey.be\/fr\/rbha\/organisation\/comites-juridictionnels\/jugements-comite-dappel\/jugements-comite-de-controle\/jugements-commission-speciale\/\">Jugements: Commission Sp\u00e9ciale<\/a><\/li>\n\t\t<\/ul>\n<\/li>\n\t\t<li id=\"menu-item-34621\" class=\"menu-item menu-item-type-post_type menu-item-object-page menu-item-has-children menu-item-34621\"><a href=\"https:\/\/hockey.be\/fr\/rbha\/organisation\/instances-en-charge-de-la-licence\/\">Instances en charge de la Licence<\/a>\n\t\t<ul class=\"sub-menu\">\n\t\t\t<li id=\"menu-item-34620\" class=\"menu-item menu-item-type-post_type menu-item-object-page menu-item-34620\"><a href=\"https:\/\/hockey.be\/fr\/rbha\/organisation\/instances-en-charge-de-la-licence\/commission-des-licences\/\">Commission des Licences<\/a><\/li>\n\t\t<\/ul>\n<\/li>\n\t<\/ul>\n<\/li>\n\t<li id=\"menu-item-19638\" class=\"menu-item menu-item-type-post_type menu-item-object-page menu-item-19638\"><a href=\"https:\/\/hockey.be\/fr\/clubs-et-salles\/\">Clubs et Salles<\/a><\/li>\n\t<li id=\"menu-item-17696\" class=\"menu-item menu-item-type-post_type menu-item-object-page menu-item-17696\"><a href=\"https:\/\/hockey.be\/fr\/rbha\/contact\/\">Contact<\/a><\/li>\n\t<li id=\"menu-item-17700\" class=\"menu-item menu-item-type-post_type menu-item-object-page menu-item-17700\"><a href=\"https:\/\/hockey.be\/fr\/rbha\/partenaires\/\">Partenaires<\/a><\/li>\n<\/ul>\n<\/li>\n<li id=\"menu-item-16569\" class=\"menu-item menu-item-type-post_type menu-item-object-page menu-item-16569\"><a href=\"https:\/\/hockey.be\/fr\/rbha\/plans-strategiques\/\">Plans strat\u00e9giques<\/a><\/li>\n<li id=\"menu-item-18132\" class=\"menu-item menu-item-type-post_type menu-item-object-page menu-item-18132\"><a href=\"https:\/\/hockey.be\/fr\/rbha\/assemblees-generales\/\">Proc\u00e8s-verbaux<\/a><\/li>\n<li id=\"menu-item-17689\" class=\"menu-item menu-item-type-post_type menu-item-object-page menu-item-17689\"><a href=\"https:\/\/hockey.be\/fr\/rbha\/reglements\/\">R\u00e8glements<\/a><\/li>\n<li id=\"menu-item-61853\" class=\"menu-item menu-item-type-post_type menu-item-object-page menu-item-61853\"><a href=\"https:\/\/hockey.be\/fr\/amendes-et-baremes\/\">Amendes et bar\u00e8mes<\/a><\/li>\n<li id=\"menu-item-18131\" class=\"menu-item menu-item-type-post_type menu-item-object-page menu-item-18131\"><a href=\"https:\/\/hockey.be\/fr\/rbha\/statuts\/\">Statuts et convention de collaboration\u00a0<\/a><\/li>\n<\/ul><\/div>\t\t\t\t<\/div>\n\t\t\t\t<\/div>\n\t\t\t\t<\/div>\n\t\t<div class=\"elementor-element elementor-element-e244d1d e-con-full e-flex e-con e-child\" data-id=\"e244d1d\" data-element_type=\"container\" data-e-type=\"container\" data-settings=\"{&quot;jet_parallax_layout_list&quot;:[]}\">\n\t\t\t\t<div class=\"elementor-element elementor-element-2a2b114 elementor-widget elementor-widget-heading\" data-id=\"2a2b114\" data-element_type=\"widget\" data-e-type=\"widget\" data-widget_type=\"heading.default\">\n\t\t\t\t<div class=\"elementor-widget-container\">\n\t\t\t\t\t<h1 class=\"elementor-heading-title elementor-size-default\">Jugements : juridictions classiques et CBAS<\/h1>\t\t\t\t<\/div>\n\t\t\t\t<\/div>\n\t\t\t\t<div class=\"elementor-element elementor-element-4bba9d0 elementor-widget-divider--view-line elementor-widget elementor-widget-divider\" data-id=\"4bba9d0\" data-element_type=\"widget\" data-e-type=\"widget\" data-widget_type=\"divider.default\">\n\t\t\t\t<div class=\"elementor-widget-container\">\n\t\t\t\t\t\t\t<div class=\"elementor-divider\">\n\t\t\t<span class=\"elementor-divider-separator\">\n\t\t\t\t\t\t<\/span>\n\t\t<\/div>\n\t\t\t\t\t\t<\/div>\n\t\t\t\t<\/div>\n\t\t\t\t<div class=\"elementor-element elementor-element-94cb09e elementor-widget elementor-widget-heading\" data-id=\"94cb09e\" data-element_type=\"widget\" data-e-type=\"widget\" data-widget_type=\"heading.default\">\n\t\t\t\t<div class=\"elementor-widget-container\">\n\t\t\t\t\t<h1 class=\"elementor-heading-title elementor-size-default\">2023-2024<\/h1>\t\t\t\t<\/div>\n\t\t\t\t<\/div>\n\t\t\t\t<div class=\"elementor-element elementor-element-8aee4aa elementor-align-justify elementor-widget elementor-widget-button\" data-id=\"8aee4aa\" data-element_type=\"widget\" data-e-type=\"widget\" data-widget_type=\"button.default\">\n\t\t\t\t<div class=\"elementor-widget-container\">\n\t\t\t\t\t\t\t\t\t<div class=\"elementor-button-wrapper\">\n\t\t\t\t\t<a class=\"elementor-button elementor-button-link elementor-size-lg\" href=\"https:\/\/hockey.be\/wp-content\/uploads\/2025\/01\/Jugement-tribunal-1ere-instance_WEB.pdf\">\n\t\t\t\t\t\t<span class=\"elementor-button-content-wrapper\">\n\t\t\t\t\t\t<span class=\"elementor-button-icon\">\n\t\t\t\t<svg aria-hidden=\"true\" class=\"e-font-icon-svg e-fas-arrow-alt-circle-down\" viewBox=\"0 0 512 512\" xmlns=\"http:\/\/www.w3.org\/2000\/svg\"><path d=\"M504 256c0 137-111 248-248 248S8 393 8 256 119 8 256 8s248 111 248 248zM212 140v116h-70.9c-10.7 0-16.1 13-8.5 20.5l114.9 114.3c4.7 4.7 12.2 4.7 16.9 0l114.9-114.3c7.6-7.6 2.2-20.5-8.5-20.5H300V140c0-6.6-5.4-12-12-12h-64c-6.6 0-12 5.4-12 12z\"><\/path><\/svg>\t\t\t<\/span>\n\t\t\t\t\t\t\t\t\t<span class=\"elementor-button-text\">Jugement tribunal de premi\u00e8re instance de Li\u00e8ge du 24 d\u00e9cembre 2024<\/span>\n\t\t\t\t\t<\/span>\n\t\t\t\t\t<\/a>\n\t\t\t\t<\/div>\n\t\t\t\t\t\t\t\t<\/div>\n\t\t\t\t<\/div>\n\t\t\t\t<div class=\"elementor-element elementor-element-0f8a7ad elementor-widget elementor-widget-heading\" data-id=\"0f8a7ad\" data-element_type=\"widget\" data-e-type=\"widget\" data-widget_type=\"heading.default\">\n\t\t\t\t<div class=\"elementor-widget-container\">\n\t\t\t\t\t<h1 class=\"elementor-heading-title elementor-size-default\">2015<\/h1>\t\t\t\t<\/div>\n\t\t\t\t<\/div>\n\t\t\t\t<div class=\"elementor-element elementor-element-45f4af4 elementor-align-justify elementor-widget elementor-widget-button\" data-id=\"45f4af4\" data-element_type=\"widget\" data-e-type=\"widget\" data-widget_type=\"button.default\">\n\t\t\t\t<div class=\"elementor-widget-container\">\n\t\t\t\t\t\t\t\t\t<div class=\"elementor-button-wrapper\">\n\t\t\t\t\t<a class=\"elementor-button elementor-button-link elementor-size-lg\" href=\"https:\/\/hockey.be\/wp-content\/uploads\/2025\/01\/ordonnance-08.07.2015-jugement.pdf\">\n\t\t\t\t\t\t<span class=\"elementor-button-content-wrapper\">\n\t\t\t\t\t\t<span class=\"elementor-button-icon\">\n\t\t\t\t<svg aria-hidden=\"true\" class=\"e-font-icon-svg e-fas-arrow-circle-down\" viewBox=\"0 0 512 512\" xmlns=\"http:\/\/www.w3.org\/2000\/svg\"><path d=\"M504 256c0 137-111 248-248 248S8 393 8 256 119 8 256 8s248 111 248 248zm-143.6-28.9L288 302.6V120c0-13.3-10.7-24-24-24h-16c-13.3 0-24 10.7-24 24v182.6l-72.4-75.5c-9.3-9.7-24.8-9.9-34.3-.4l-10.9 11c-9.4 9.4-9.4 24.6 0 33.9L239 404.3c9.4 9.4 24.6 9.4 33.9 0l132.7-132.7c9.4-9.4 9.4-24.6 0-33.9l-10.9-11c-9.5-9.5-25-9.3-34.3.4z\"><\/path><\/svg>\t\t\t<\/span>\n\t\t\t\t\t\t\t\t\t<span class=\"elementor-button-text\">Ordonnance de la Chambre des r\u00e9f\u00e9r\u00e9s affaires civiles 8 juillet 2015<\/span>\n\t\t\t\t\t<\/span>\n\t\t\t\t\t<\/a>\n\t\t\t\t<\/div>\n\t\t\t\t\t\t\t\t<\/div>\n\t\t\t\t<\/div>\n\t\t\t\t<div class=\"elementor-element elementor-element-8376bd2 elementor-align-justify elementor-widget elementor-widget-button\" data-id=\"8376bd2\" data-element_type=\"widget\" data-e-type=\"widget\" data-widget_type=\"button.default\">\n\t\t\t\t<div class=\"elementor-widget-container\">\n\t\t\t\t\t\t\t\t\t<div class=\"elementor-button-wrapper\">\n\t\t\t\t\t<a class=\"elementor-button elementor-button-link elementor-size-lg\" href=\"https:\/\/hockey.be\/wp-content\/uploads\/2025\/01\/Arbitrale-Beslissing-van-12-januari-2015.pdf\">\n\t\t\t\t\t\t<span class=\"elementor-button-content-wrapper\">\n\t\t\t\t\t\t<span class=\"elementor-button-icon\">\n\t\t\t\t<svg aria-hidden=\"true\" class=\"e-font-icon-svg e-fas-arrow-alt-circle-down\" viewBox=\"0 0 512 512\" xmlns=\"http:\/\/www.w3.org\/2000\/svg\"><path d=\"M504 256c0 137-111 248-248 248S8 393 8 256 119 8 256 8s248 111 248 248zM212 140v116h-70.9c-10.7 0-16.1 13-8.5 20.5l114.9 114.3c4.7 4.7 12.2 4.7 16.9 0l114.9-114.3c7.6-7.6 2.2-20.5-8.5-20.5H300V140c0-6.6-5.4-12-12-12h-64c-6.6 0-12 5.4-12 12z\"><\/path><\/svg>\t\t\t<\/span>\n\t\t\t\t\t\t\t\t\t<span class=\"elementor-button-text\">Arbitrale Beslissing van 12 januari 2015<\/span>\n\t\t\t\t\t<\/span>\n\t\t\t\t\t<\/a>\n\t\t\t\t<\/div>\n\t\t\t\t\t\t\t\t<\/div>\n\t\t\t\t<\/div>\n\t\t\t\t<div class=\"elementor-element elementor-element-518f747 elementor-widget-divider--view-line elementor-widget elementor-widget-divider\" data-id=\"518f747\" data-element_type=\"widget\" data-e-type=\"widget\" data-widget_type=\"divider.default\">\n\t\t\t\t<div class=\"elementor-widget-container\">\n\t\t\t\t\t\t\t<div class=\"elementor-divider\">\n\t\t\t<span class=\"elementor-divider-separator\">\n\t\t\t\t\t\t<\/span>\n\t\t<\/div>\n\t\t\t\t\t\t<\/div>\n\t\t\t\t<\/div>\n\t\t\t\t<\/div>\n\t\t\t\t\t<\/div>\n\t\t\t\t<\/div>\n\t\t\t\t<\/div>\n\t\t","protected":false},"excerpt":{"rendered":"<p>2023-2024 Jugement tribunal de premi\u00e8re instance de Li\u00e8ge du 24 d\u00e9cembre 2024 2015 Ordonnance de la Chambre des r\u00e9f\u00e9r\u00e9s affaires civiles 8 juillet 2015 Arbitrale Beslissing van 12 januari 2015<\/p>\n","protected":false},"author":16,"featured_media":82634,"parent":15153,"menu_order":138,"comment_status":"closed","ping_status":"closed","template":"","meta":{"_acf_changed":false,"footnotes":""},"categories":[377,278],"tags":[],"class_list":["post-73909","page","type-page","status-publish","has-post-thumbnail","hentry","category-comite-juridictionnels","category-arbh-content"],"acf":[],"yoast_head":"<!-- This site is optimized with the Yoast SEO plugin v27.3 - https:\/\/yoast.com\/product\/yoast-seo-wordpress\/ -->\n<title>Jugements : juridictions classiques et CBAS - Hockey Belgium<\/title>\n<meta name=\"robots\" content=\"index, follow, max-snippet:-1, max-image-preview:large, max-video-preview:-1\" \/>\n<link rel=\"canonical\" href=\"https:\/\/hockey.be\/fr\/rbha\/organisation\/comites-juridictionnels\/jugements-juridictions-classiques-et-cbas\/\" \/>\n<meta property=\"og:locale\" content=\"fr_FR\" \/>\n<meta property=\"og:type\" content=\"article\" \/>\n<meta property=\"og:title\" content=\"Jugements : juridictions classiques et CBAS - Hockey Belgium\" \/>\n<meta property=\"og:description\" content=\"2023-2024 Jugement tribunal de premi\u00e8re instance de Li\u00e8ge du 24 d\u00e9cembre 2024 2015 Ordonnance de la Chambre des r\u00e9f\u00e9r\u00e9s affaires civiles 8 juillet 2015 Arbitrale Beslissing van 12 januari 2015\" \/>\n<meta property=\"og:url\" content=\"https:\/\/hockey.be\/fr\/rbha\/organisation\/comites-juridictionnels\/jugements-juridictions-classiques-et-cbas\/\" \/>\n<meta property=\"og:site_name\" content=\"Hockey Belgium\" \/>\n<meta property=\"article:modified_time\" content=\"2025-08-22T15:48:42+00:00\" \/>\n<meta property=\"og:image\" content=\"https:\/\/hockey.be\/wp-content\/uploads\/2025\/08\/35-1200x333.png\" \/>\n\t<meta property=\"og:image:width\" content=\"1200\" \/>\n\t<meta property=\"og:image:height\" content=\"333\" \/>\n\t<meta property=\"og:image:type\" content=\"image\/png\" \/>\n<meta name=\"twitter:card\" content=\"summary_large_image\" \/>\n<meta name=\"twitter:label1\" content=\"Dur\u00e9e de lecture estim\u00e9e\" \/>\n\t<meta name=\"twitter:data1\" content=\"1 minute\" \/>\n<script type=\"application\/ld+json\" class=\"yoast-schema-graph\">{\"@context\":\"https:\\\/\\\/schema.org\",\"@graph\":[{\"@type\":\"WebPage\",\"@id\":\"https:\\\/\\\/hockey.be\\\/fr\\\/rbha\\\/organisation\\\/comites-juridictionnels\\\/jugements-juridictions-classiques-et-cbas\\\/\",\"url\":\"https:\\\/\\\/hockey.be\\\/fr\\\/rbha\\\/organisation\\\/comites-juridictionnels\\\/jugements-juridictions-classiques-et-cbas\\\/\",\"name\":\"Jugements : juridictions classiques et CBAS - Hockey Belgium\",\"isPartOf\":{\"@id\":\"https:\\\/\\\/hockey.be\\\/nl\\\/#website\"},\"primaryImageOfPage\":{\"@id\":\"https:\\\/\\\/hockey.be\\\/fr\\\/rbha\\\/organisation\\\/comites-juridictionnels\\\/jugements-juridictions-classiques-et-cbas\\\/#primaryimage\"},\"image\":{\"@id\":\"https:\\\/\\\/hockey.be\\\/fr\\\/rbha\\\/organisation\\\/comites-juridictionnels\\\/jugements-juridictions-classiques-et-cbas\\\/#primaryimage\"},\"thumbnailUrl\":\"https:\\\/\\\/hockey.be\\\/wp-content\\\/uploads\\\/2025\\\/08\\\/35.png\",\"datePublished\":\"2025-01-07T14:10:45+00:00\",\"dateModified\":\"2025-08-22T15:48:42+00:00\",\"breadcrumb\":{\"@id\":\"https:\\\/\\\/hockey.be\\\/fr\\\/rbha\\\/organisation\\\/comites-juridictionnels\\\/jugements-juridictions-classiques-et-cbas\\\/#breadcrumb\"},\"inLanguage\":\"fr-FR\",\"potentialAction\":[{\"@type\":\"ReadAction\",\"target\":[\"https:\\\/\\\/hockey.be\\\/fr\\\/rbha\\\/organisation\\\/comites-juridictionnels\\\/jugements-juridictions-classiques-et-cbas\\\/\"]}]},{\"@type\":\"ImageObject\",\"inLanguage\":\"fr-FR\",\"@id\":\"https:\\\/\\\/hockey.be\\\/fr\\\/rbha\\\/organisation\\\/comites-juridictionnels\\\/jugements-juridictions-classiques-et-cbas\\\/#primaryimage\",\"url\":\"https:\\\/\\\/hockey.be\\\/wp-content\\\/uploads\\\/2025\\\/08\\\/35.png\",\"contentUrl\":\"https:\\\/\\\/hockey.be\\\/wp-content\\\/uploads\\\/2025\\\/08\\\/35.png\",\"width\":2400,\"height\":665},{\"@type\":\"BreadcrumbList\",\"@id\":\"https:\\\/\\\/hockey.be\\\/fr\\\/rbha\\\/organisation\\\/comites-juridictionnels\\\/jugements-juridictions-classiques-et-cbas\\\/#breadcrumb\",\"itemListElement\":[{\"@type\":\"ListItem\",\"position\":1,\"name\":\"Home\",\"item\":\"https:\\\/\\\/hockey.be\\\/fr\\\/\"},{\"@type\":\"ListItem\",\"position\":2,\"name\":\"Royal Belgian Hockey Association\",\"item\":\"https:\\\/\\\/hockey.be\\\/fr\\\/rbha\\\/\"},{\"@type\":\"ListItem\",\"position\":3,\"name\":\"Organisation\",\"item\":\"https:\\\/\\\/hockey.be\\\/fr\\\/rbha\\\/organisation\\\/\"},{\"@type\":\"ListItem\",\"position\":4,\"name\":\"Comit\u00e9 Juridictionnel\",\"item\":\"https:\\\/\\\/hockey.be\\\/fr\\\/rbha\\\/organisation\\\/comites-juridictionnels\\\/\"},{\"@type\":\"ListItem\",\"position\":5,\"name\":\"Jugements : juridictions classiques et CBAS\"}]},{\"@type\":\"WebSite\",\"@id\":\"https:\\\/\\\/hockey.be\\\/nl\\\/#website\",\"url\":\"https:\\\/\\\/hockey.be\\\/nl\\\/\",\"name\":\"Hockey Belgium\",\"description\":\"En nog een WordPress website\",\"publisher\":{\"@id\":\"https:\\\/\\\/hockey.be\\\/nl\\\/#organization\"},\"potentialAction\":[{\"@type\":\"SearchAction\",\"target\":{\"@type\":\"EntryPoint\",\"urlTemplate\":\"https:\\\/\\\/hockey.be\\\/nl\\\/?s={search_term_string}\"},\"query-input\":{\"@type\":\"PropertyValueSpecification\",\"valueRequired\":true,\"valueName\":\"search_term_string\"}}],\"inLanguage\":\"fr-FR\"},{\"@type\":\"Organization\",\"@id\":\"https:\\\/\\\/hockey.be\\\/nl\\\/#organization\",\"name\":\"Hockey Belgium\",\"url\":\"https:\\\/\\\/hockey.be\\\/nl\\\/\",\"logo\":{\"@type\":\"ImageObject\",\"inLanguage\":\"fr-FR\",\"@id\":\"https:\\\/\\\/hockey.be\\\/nl\\\/#\\\/schema\\\/logo\\\/image\\\/\",\"url\":\"https:\\\/\\\/hockey.be\\\/wp-content\\\/uploads\\\/2025\\\/07\\\/logo-hockey-be.svg\",\"contentUrl\":\"https:\\\/\\\/hockey.be\\\/wp-content\\\/uploads\\\/2025\\\/07\\\/logo-hockey-be.svg\",\"width\":724.16,\"height\":241.49,\"caption\":\"Hockey Belgium\"},\"image\":{\"@id\":\"https:\\\/\\\/hockey.be\\\/nl\\\/#\\\/schema\\\/logo\\\/image\\\/\"}}]}<\/script>\n<!-- \/ Yoast SEO plugin. -->","yoast_head_json":{"title":"Jugements : juridictions classiques et CBAS - Hockey Belgium","robots":{"index":"index","follow":"follow","max-snippet":"max-snippet:-1","max-image-preview":"max-image-preview:large","max-video-preview":"max-video-preview:-1"},"canonical":"https:\/\/hockey.be\/fr\/rbha\/organisation\/comites-juridictionnels\/jugements-juridictions-classiques-et-cbas\/","og_locale":"fr_FR","og_type":"article","og_title":"Jugements : juridictions classiques et CBAS - Hockey Belgium","og_description":"2023-2024 Jugement tribunal de premi\u00e8re instance de Li\u00e8ge du 24 d\u00e9cembre 2024 2015 Ordonnance de la Chambre des r\u00e9f\u00e9r\u00e9s affaires civiles 8 juillet 2015 Arbitrale Beslissing van 12 januari 2015","og_url":"https:\/\/hockey.be\/fr\/rbha\/organisation\/comites-juridictionnels\/jugements-juridictions-classiques-et-cbas\/","og_site_name":"Hockey Belgium","article_modified_time":"2025-08-22T15:48:42+00:00","og_image":[{"width":1200,"height":333,"url":"https:\/\/hockey.be\/wp-content\/uploads\/2025\/08\/35-1200x333.png","type":"image\/png"}],"twitter_card":"summary_large_image","twitter_misc":{"Dur\u00e9e de lecture estim\u00e9e":"1 minute"},"schema":{"@context":"https:\/\/schema.org","@graph":[{"@type":"WebPage","@id":"https:\/\/hockey.be\/fr\/rbha\/organisation\/comites-juridictionnels\/jugements-juridictions-classiques-et-cbas\/","url":"https:\/\/hockey.be\/fr\/rbha\/organisation\/comites-juridictionnels\/jugements-juridictions-classiques-et-cbas\/","name":"Jugements : juridictions classiques et CBAS - Hockey Belgium","isPartOf":{"@id":"https:\/\/hockey.be\/nl\/#website"},"primaryImageOfPage":{"@id":"https:\/\/hockey.be\/fr\/rbha\/organisation\/comites-juridictionnels\/jugements-juridictions-classiques-et-cbas\/#primaryimage"},"image":{"@id":"https:\/\/hockey.be\/fr\/rbha\/organisation\/comites-juridictionnels\/jugements-juridictions-classiques-et-cbas\/#primaryimage"},"thumbnailUrl":"https:\/\/hockey.be\/wp-content\/uploads\/2025\/08\/35.png","datePublished":"2025-01-07T14:10:45+00:00","dateModified":"2025-08-22T15:48:42+00:00","breadcrumb":{"@id":"https:\/\/hockey.be\/fr\/rbha\/organisation\/comites-juridictionnels\/jugements-juridictions-classiques-et-cbas\/#breadcrumb"},"inLanguage":"fr-FR","potentialAction":[{"@type":"ReadAction","target":["https:\/\/hockey.be\/fr\/rbha\/organisation\/comites-juridictionnels\/jugements-juridictions-classiques-et-cbas\/"]}]},{"@type":"ImageObject","inLanguage":"fr-FR","@id":"https:\/\/hockey.be\/fr\/rbha\/organisation\/comites-juridictionnels\/jugements-juridictions-classiques-et-cbas\/#primaryimage","url":"https:\/\/hockey.be\/wp-content\/uploads\/2025\/08\/35.png","contentUrl":"https:\/\/hockey.be\/wp-content\/uploads\/2025\/08\/35.png","width":2400,"height":665},{"@type":"BreadcrumbList","@id":"https:\/\/hockey.be\/fr\/rbha\/organisation\/comites-juridictionnels\/jugements-juridictions-classiques-et-cbas\/#breadcrumb","itemListElement":[{"@type":"ListItem","position":1,"name":"Home","item":"https:\/\/hockey.be\/fr\/"},{"@type":"ListItem","position":2,"name":"Royal Belgian Hockey Association","item":"https:\/\/hockey.be\/fr\/rbha\/"},{"@type":"ListItem","position":3,"name":"Organisation","item":"https:\/\/hockey.be\/fr\/rbha\/organisation\/"},{"@type":"ListItem","position":4,"name":"Comit\u00e9 Juridictionnel","item":"https:\/\/hockey.be\/fr\/rbha\/organisation\/comites-juridictionnels\/"},{"@type":"ListItem","position":5,"name":"Jugements : juridictions classiques et CBAS"}]},{"@type":"WebSite","@id":"https:\/\/hockey.be\/nl\/#website","url":"https:\/\/hockey.be\/nl\/","name":"Hockey Belgium","description":"En nog een WordPress website","publisher":{"@id":"https:\/\/hockey.be\/nl\/#organization"},"potentialAction":[{"@type":"SearchAction","target":{"@type":"EntryPoint","urlTemplate":"https:\/\/hockey.be\/nl\/?s={search_term_string}"},"query-input":{"@type":"PropertyValueSpecification","valueRequired":true,"valueName":"search_term_string"}}],"inLanguage":"fr-FR"},{"@type":"Organization","@id":"https:\/\/hockey.be\/nl\/#organization","name":"Hockey Belgium","url":"https:\/\/hockey.be\/nl\/","logo":{"@type":"ImageObject","inLanguage":"fr-FR","@id":"https:\/\/hockey.be\/nl\/#\/schema\/logo\/image\/","url":"https:\/\/hockey.be\/wp-content\/uploads\/2025\/07\/logo-hockey-be.svg","contentUrl":"https:\/\/hockey.be\/wp-content\/uploads\/2025\/07\/logo-hockey-be.svg","width":724.16,"height":241.49,"caption":"Hockey Belgium"},"image":{"@id":"https:\/\/hockey.be\/nl\/#\/schema\/logo\/image\/"}}]}},"_links":{"self":[{"href":"https:\/\/hockey.be\/fr\/wp-json\/wp\/v2\/pages\/73909","targetHints":{"allow":["GET"]}}],"collection":[{"href":"https:\/\/hockey.be\/fr\/wp-json\/wp\/v2\/pages"}],"about":[{"href":"https:\/\/hockey.be\/fr\/wp-json\/wp\/v2\/types\/page"}],"author":[{"embeddable":true,"href":"https:\/\/hockey.be\/fr\/wp-json\/wp\/v2\/users\/16"}],"replies":[{"embeddable":true,"href":"https:\/\/hockey.be\/fr\/wp-json\/wp\/v2\/comments?post=73909"}],"version-history":[{"count":11,"href":"https:\/\/hockey.be\/fr\/wp-json\/wp\/v2\/pages\/73909\/revisions"}],"predecessor-version":[{"id":83821,"href":"https:\/\/hockey.be\/fr\/wp-json\/wp\/v2\/pages\/73909\/revisions\/83821"}],"up":[{"embeddable":true,"href":"https:\/\/hockey.be\/fr\/wp-json\/wp\/v2\/pages\/15153"}],"wp:featuredmedia":[{"embeddable":true,"href":"https:\/\/hockey.be\/fr\/wp-json\/wp\/v2\/media\/82634"}],"wp:attachment":[{"href":"https:\/\/hockey.be\/fr\/wp-json\/wp\/v2\/media?parent=73909"}],"wp:term":[{"taxonomy":"category","embeddable":true,"href":"https:\/\/hockey.be\/fr\/wp-json\/wp\/v2\/categories?post=73909"},{"taxonomy":"post_tag","embeddable":true,"href":"https:\/\/hockey.be\/fr\/wp-json\/wp\/v2\/tags?post=73909"}],"curies":[{"name":"wp","href":"https:\/\/api.w.org\/{rel}","templated":true}]}}