{"id":68354,"date":"2024-08-20T10:27:46","date_gmt":"2024-08-20T08:27:46","guid":{"rendered":"https:\/\/hockey.be\/?page_id=68354"},"modified":"2025-08-28T13:37:24","modified_gmt":"2025-08-28T11:37:24","slug":"quelles-sont-les-qualites-essentielles-dun-bon-arbitre","status":"publish","type":"page","link":"https:\/\/hockey.be\/fr\/hockey-wallonie-bruxelles\/hockey-academy\/umpire-academy\/quelles-sont-les-qualites-essentielles-dun-bon-arbitre\/","title":{"rendered":"Quelles sont les qualit\u00e9s essentielles d\u2019un bon arbitre\u00a0?"},"content":{"rendered":"\t\t<div data-elementor-type=\"wp-post\" data-elementor-id=\"68354\" class=\"elementor elementor-68354\" data-elementor-post-type=\"page\">\n\t\t\t\t<div class=\"elementor-element elementor-element-1aadac8 e-flex e-con-boxed e-con e-parent\" data-id=\"1aadac8\" data-element_type=\"container\" data-e-type=\"container\" data-settings=\"{&quot;jet_parallax_layout_list&quot;:[{&quot;_id&quot;:&quot;20a3005&quot;,&quot;jet_parallax_layout_image&quot;:{&quot;url&quot;:&quot;&quot;,&quot;id&quot;:&quot;&quot;,&quot;size&quot;:&quot;&quot;},&quot;jet_parallax_layout_image_widescreen&quot;:{&quot;url&quot;:&quot;&quot;,&quot;id&quot;:&quot;&quot;,&quot;size&quot;:&quot;&quot;},&quot;jet_parallax_layout_image_laptop&quot;:{&quot;url&quot;:&quot;&quot;,&quot;id&quot;:&quot;&quot;,&quot;size&quot;:&quot;&quot;},&quot;jet_parallax_layout_image_tablet_extra&quot;:{&quot;url&quot;:&quot;&quot;,&quot;id&quot;:&quot;&quot;,&quot;size&quot;:&quot;&quot;},&quot;jet_parallax_layout_image_tablet&quot;:{&quot;url&quot;:&quot;&quot;,&quot;id&quot;:&quot;&quot;,&quot;size&quot;:&quot;&quot;},&quot;jet_parallax_layout_image_mobile_extra&quot;:{&quot;url&quot;:&quot;&quot;,&quot;id&quot;:&quot;&quot;,&quot;size&quot;:&quot;&quot;},&quot;jet_parallax_layout_image_mobile&quot;:{&quot;url&quot;:&quot;&quot;,&quot;id&quot;:&quot;&quot;,&quot;size&quot;:&quot;&quot;},&quot;jet_parallax_layout_speed&quot;:{&quot;unit&quot;:&quot;%&quot;,&quot;size&quot;:50,&quot;sizes&quot;:[]},&quot;jet_parallax_layout_type&quot;:&quot;scroll&quot;,&quot;jet_parallax_layout_direction&quot;:&quot;1&quot;,&quot;jet_parallax_layout_fx_direction&quot;:null,&quot;jet_parallax_layout_z_index&quot;:&quot;&quot;,&quot;jet_parallax_layout_bg_x&quot;:50,&quot;jet_parallax_layout_bg_x_widescreen&quot;:&quot;&quot;,&quot;jet_parallax_layout_bg_x_laptop&quot;:&quot;&quot;,&quot;jet_parallax_layout_bg_x_tablet_extra&quot;:&quot;&quot;,&quot;jet_parallax_layout_bg_x_tablet&quot;:&quot;&quot;,&quot;jet_parallax_layout_bg_x_mobile_extra&quot;:&quot;&quot;,&quot;jet_parallax_layout_bg_x_mobile&quot;:&quot;&quot;,&quot;jet_parallax_layout_bg_y&quot;:50,&quot;jet_parallax_layout_bg_y_widescreen&quot;:&quot;&quot;,&quot;jet_parallax_layout_bg_y_laptop&quot;:&quot;&quot;,&quot;jet_parallax_layout_bg_y_tablet_extra&quot;:&quot;&quot;,&quot;jet_parallax_layout_bg_y_tablet&quot;:&quot;&quot;,&quot;jet_parallax_layout_bg_y_mobile_extra&quot;:&quot;&quot;,&quot;jet_parallax_layout_bg_y_mobile&quot;:&quot;&quot;,&quot;jet_parallax_layout_bg_size&quot;:&quot;auto&quot;,&quot;jet_parallax_layout_bg_size_widescreen&quot;:&quot;&quot;,&quot;jet_parallax_layout_bg_size_laptop&quot;:&quot;&quot;,&quot;jet_parallax_layout_bg_size_tablet_extra&quot;:&quot;&quot;,&quot;jet_parallax_layout_bg_size_tablet&quot;:&quot;&quot;,&quot;jet_parallax_layout_bg_size_mobile_extra&quot;:&quot;&quot;,&quot;jet_parallax_layout_bg_size_mobile&quot;:&quot;&quot;,&quot;jet_parallax_layout_animation_prop&quot;:&quot;transform&quot;,&quot;jet_parallax_layout_on&quot;:[&quot;desktop&quot;,&quot;tablet&quot;]}]}\">\n\t\t\t\t\t<div class=\"e-con-inner\">\n\t\t<div class=\"elementor-element elementor-element-7c84acf e-con-full e-flex e-con e-child\" data-id=\"7c84acf\" data-element_type=\"container\" data-e-type=\"container\" data-settings=\"{&quot;jet_parallax_layout_list&quot;:[]}\">\n\t\t\t\t<div class=\"elementor-element elementor-element-926defe elementor-hidden-tablet elementor-hidden-phone elementor-widget elementor-widget-wp-widget-nav_menu\" data-id=\"926defe\" data-element_type=\"widget\" data-e-type=\"widget\" data-widget_type=\"wp-widget-nav_menu.default\">\n\t\t\t\t<div class=\"elementor-widget-container\">\n\t\t\t\t\t<div class=\"menu-fr-side-hwb-umpireacademy-container\"><ul id=\"menu-fr-side-hwb-umpireacademy\" class=\"menu\"><li id=\"menu-item-83113\" class=\"menu-item menu-item-type-post_type menu-item-object-page menu-item-83113\"><a href=\"https:\/\/hockey.be\/fr\/hockey-wallonie-bruxelles\/hockey-academy\/\">Hockey Academy<\/a><\/li>\n<li id=\"menu-item-83112\" class=\"menu-item menu-item-type-post_type menu-item-object-page menu-item-83112\"><a href=\"https:\/\/hockey.be\/fr\/hockey-wallonie-bruxelles\/hockey-academy\/coach-academy\/\">Coach Academy<\/a><\/li>\n<li id=\"menu-item-83111\" class=\"menu-item menu-item-type-post_type menu-item-object-page menu-item-83111\"><a href=\"https:\/\/hockey.be\/fr\/hockey-vlaanderen\/hockey-academy\/club-manager-academy\/\">Club Manager Academy<\/a><\/li>\n<li id=\"menu-item-83114\" class=\"menu-item menu-item-type-post_type menu-item-object-page menu-item-83114\"><a href=\"https:\/\/hockey.be\/fr\/hockey-wallonie-bruxelles\/hockey-academy\/ethics-academy\/\">Ethics Academy<\/a><\/li>\n<li id=\"menu-item-83108\" class=\"menu-item menu-item-type-post_type menu-item-object-page menu-item-has-children menu-item-83108\"><a href=\"https:\/\/hockey.be\/fr\/hockey-wallonie-bruxelles\/hockey-academy\/umpire-academy\/\">Umpire Academy<\/a>\n<ul class=\"sub-menu\">\n\t<li id=\"menu-item-83110\" class=\"menu-item menu-item-type-post_type menu-item-object-page menu-item-83110\"><a href=\"https:\/\/hockey.be\/fr\/hockey-wallonie-bruxelles\/hockey-academy\/umpire-academy\/comment-devenir-arbitre\/\">Comment devenir arbitre ?<\/a><\/li>\n\t<li id=\"menu-item-83109\" class=\"menu-item menu-item-type-post_type menu-item-object-page menu-item-has-children menu-item-83109\"><a href=\"https:\/\/hockey.be\/fr\/hockey-wallonie-bruxelles\/hockey-academy\/umpire-academy\/trajet-de-formation\/\">Trajet de formation<\/a>\n\t<ul class=\"sub-menu\">\n\t\t<li id=\"menu-item-85021\" class=\"menu-item menu-item-type-post_type menu-item-object-page menu-item-85021\"><a href=\"https:\/\/hockey.be\/fr\/hockey-wallonie-bruxelles\/hockey-academy\/umpire-academy\/trajet-de-formation\/accompagnateur-du-jeu-u7-u8-u9\/\">Accompagnateur du jeu U7-U8-U9<\/a><\/li>\n\t\t<li id=\"menu-item-85020\" class=\"menu-item menu-item-type-post_type menu-item-object-page menu-item-85020\"><a href=\"https:\/\/hockey.be\/fr\/hockey-wallonie-bruxelles\/hockey-academy\/umpire-academy\/trajet-de-formation\/arbitre-debutant-u10-u12\/\">Arbitre d\u00e9butant U10-U12<\/a><\/li>\n\t\t<li id=\"menu-item-85024\" class=\"menu-item menu-item-type-post_type menu-item-object-page menu-item-85024\"><a href=\"https:\/\/hockey.be\/fr\/hockey-wallonie-bruxelles\/hockey-academy\/umpire-academy\/trajet-de-formation\/arbitre-theorique-u14\/\">Arbitre Th\u00e9orique U14<\/a><\/li>\n\t\t<li id=\"menu-item-85023\" class=\"menu-item menu-item-type-post_type menu-item-object-page menu-item-85023\"><a href=\"https:\/\/hockey.be\/fr\/hockey-wallonie-bruxelles\/hockey-academy\/umpire-academy\/trajet-de-formation\/club-umpire\/\">Club Umpire<\/a><\/li>\n\t\t<li id=\"menu-item-85022\" class=\"menu-item menu-item-type-post_type menu-item-object-page menu-item-85022\"><a href=\"https:\/\/hockey.be\/fr\/hockey-wallonie-bruxelles\/hockey-academy\/umpire-academy\/club-umpire-4-district\/\">Club Umpire 4 District<\/a><\/li>\n\t\t<li id=\"menu-item-85026\" class=\"menu-item menu-item-type-post_type menu-item-object-page menu-item-85026\"><a href=\"https:\/\/hockey.be\/fr\/hockey-wallonie-bruxelles\/hockey-academy\/umpire-academy\/trajet-de-formation\/arbitre-national-jeunes\/\">Arbitre National \u00ab\u00a0Jeunes\u00a0\u00bb<\/a><\/li>\n\t\t<li id=\"menu-item-85025\" class=\"menu-item menu-item-type-post_type menu-item-object-page menu-item-85025\"><a href=\"https:\/\/hockey.be\/fr\/hockey-wallonie-bruxelles\/hockey-academy\/umpire-academy\/trajet-de-formation\/arbitre-national-seniors\/\">Arbitre National \u00ab\u00a0Seniors\u00a0\u00bb<\/a><\/li>\n\t<\/ul>\n<\/li>\n<\/ul>\n<\/li>\n<\/ul><\/div>\t\t\t\t<\/div>\n\t\t\t\t<\/div>\n\t\t\t\t<\/div>\n\t\t<div class=\"elementor-element elementor-element-61ff1d1 e-con-full e-flex e-con e-child\" data-id=\"61ff1d1\" data-element_type=\"container\" data-e-type=\"container\" data-settings=\"{&quot;jet_parallax_layout_list&quot;:[]}\">\n\t\t\t\t<div class=\"elementor-element elementor-element-1288dda elementor-widget-divider--view-line elementor-widget elementor-widget-divider\" data-id=\"1288dda\" data-element_type=\"widget\" data-e-type=\"widget\" data-widget_type=\"divider.default\">\n\t\t\t\t<div class=\"elementor-widget-container\">\n\t\t\t\t\t\t\t<div class=\"elementor-divider\">\n\t\t\t<span class=\"elementor-divider-separator\">\n\t\t\t\t\t\t<\/span>\n\t\t<\/div>\n\t\t\t\t\t\t<\/div>\n\t\t\t\t<\/div>\n\t\t\t\t<div class=\"elementor-element elementor-element-481cebf elementor-widget elementor-widget-text-editor\" data-id=\"481cebf\" data-element_type=\"widget\" data-e-type=\"widget\" data-widget_type=\"text-editor.default\">\n\t\t\t\t<div class=\"elementor-widget-container\">\n\t\t\t\t\t\t\t\t\t<p><strong>Quelles sont les qualit\u00e9s essentielles d\u2019un bon arbitre\u00a0?<\/strong><\/p><ul><li>conna\u00eetre les <strong>r\u00e8gles du jeu<\/strong> : l&rsquo;arbitre doit avoir une connaissance approfondie des r\u00e8gles. Il doit \u00eatre capable de les appliquer avec pr\u00e9cision et impartialit\u00e9<\/li><li>Etre <strong>impartial<\/strong> : l&rsquo;arbitre doit rester impartial et ne doit pas prendre parti pour une \u00e9quipe ou un joueur. Il doit \u00eatre \u00e9quitable dans ses d\u00e9cisions et se concentrer uniquement sur le respect des r\u00e8gles<\/li><li>\u00eatre capable de prendre des <strong>d\u00e9cisions rapides et justes<\/strong> pour garantir un arbitrage de qualit\u00e9, gagner la confiance des joueurs et pr\u00e9server ainsi un climat serein durant la rencontre.<\/li><li>\u00eatre dot\u00e9 d&rsquo;un bon <strong>sens de l&rsquo;observation<\/strong> : l&rsquo;arbitre doit \u00eatre attentif \u00e0 tout ce qui se passe sur le terrain. Il doit \u00eatre capable de d\u00e9tecter les fautes, les actes agressifs, les faits de jeu, etc.<\/li><li>avoir une bonne <strong>communication<\/strong> : l&rsquo;arbitre doit savoir communiquer de mani\u00e8re diplomate, claire et concise avec les joueurs afin d&rsquo;expliquer ses d\u00e9cisions si n\u00e9cessaire. Une communication ouverte et directe, respectueuse et sans favoritisme, permet de pr\u00e9venir les malentendus et d\u2019apaiser les \u00e9ventuelles tensions. En tant qu\u2019arbitre il faut aussi \u00eatre capable d\u2019\u00e9couter les joueurs. Avoir une \u00e9coute active est essentiel pour pouvoir communiquer de mani\u00e8re efficace. Une bonne \u00e9coute et une bonne communication sont des comp\u00e9tences cruciales en mati\u00e8re de r\u00e9solution des conflits.<\/li><li>\u00eatre <strong>mature \u00e9motionnellement<\/strong> : l&rsquo;arbitre doit \u00eatre capable de g\u00e9rer ses \u00e9motions et \u00e0 les exprimer de mani\u00e8re calme dans des situations tendues, surtout pendant les moments clefs d\u2019un match o\u00f9 la pression peut monter rapidement en raison de l\u2019importance ou du d\u00e9roulement d\u2019un match, le comportement des joueurs, etc. L\u2019arbitre qui a une r\u00e9gulation \u00e9motionnelle adapt\u00e9e contribue \u00e0 pr\u00e9server un climat sportif plus positif.<\/li><\/ul><ul><li><strong>collaborer<\/strong> avec son coll\u00e8gue\u00a0: les arbitres forment ensemble la <u>3<sup>\u00e8me<\/sup> \u00e9quipe sur le terrain<\/u>. Ils sont donc \u00ab\u00a0co\u00e9quipiers\u00a0\u00bb, et comme ils participent \u00e9galement au jeu, il est imp\u00e9ratif pour un arbitre de collaborer et de communiquer de mani\u00e8re efficace avec son coll\u00e8gue pour que le match se d\u00e9roule dans des conditions favorables. Dans cette optique il est tout aussi important qu\u2019un arbitre soit en mesure de pr\u00eater assistance \u00e0 son coll\u00e8gue lorsque celui-ci en a besoin. Un arbitrage ne sera r\u00e9ussi que s\u2019il y a un vrai travail d\u2019\u00e9quipe entre les arbitres.<\/li><\/ul>\t\t\t\t\t\t\t\t<\/div>\n\t\t\t\t<\/div>\n\t\t\t\t<div class=\"elementor-element elementor-element-a5710bf elementor-widget-divider--view-line elementor-widget elementor-widget-divider\" data-id=\"a5710bf\" data-element_type=\"widget\" data-e-type=\"widget\" data-widget_type=\"divider.default\">\n\t\t\t\t<div class=\"elementor-widget-container\">\n\t\t\t\t\t\t\t<div class=\"elementor-divider\">\n\t\t\t<span class=\"elementor-divider-separator\">\n\t\t\t\t\t\t<\/span>\n\t\t<\/div>\n\t\t\t\t\t\t<\/div>\n\t\t\t\t<\/div>\n\t\t\t\t<\/div>\n\t\t\t\t\t<\/div>\n\t\t\t\t<\/div>\n\t\t\t\t<\/div>\n\t\t","protected":false},"excerpt":{"rendered":"<p>Quelles sont les qualit\u00e9s essentielles d\u2019un bon arbitre\u00a0? conna\u00eetre les r\u00e8gles du jeu : l&rsquo;arbitre doit avoir une connaissance approfondie des r\u00e8gles. Il doit \u00eatre capable de les appliquer avec [&hellip;]<\/p>\n","protected":false},"author":16,"featured_media":85099,"parent":15014,"menu_order":451,"comment_status":"closed","ping_status":"closed","template":"","meta":{"_acf_changed":false,"footnotes":""},"categories":[364,304],"tags":[],"class_list":["post-68354","page","type-page","status-publish","has-post-thumbnail","hentry","category-formations-lfh-2","category-lfh-content"],"acf":[],"yoast_head":"<!-- This site is optimized with the Yoast SEO plugin v27.3 - https:\/\/yoast.com\/product\/yoast-seo-wordpress\/ -->\n<title>Quelles sont les qualit\u00e9s essentielles d\u2019un bon arbitre\u00a0? - Hockey Belgium<\/title>\n<meta name=\"description\" content=\"Conna\u00eetre les r\u00e8gles du jeu : l&#039;arbitre doit avoir une connaissance approfondie des r\u00e8gles. Il doit \u00eatre capable (lire plus)\" \/>\n<meta name=\"robots\" content=\"index, follow, max-snippet:-1, max-image-preview:large, max-video-preview:-1\" \/>\n<link rel=\"canonical\" href=\"https:\/\/hockey.be\/fr\/hockey-wallonie-bruxelles\/hockey-academy\/umpire-academy\/quelles-sont-les-qualites-essentielles-dun-bon-arbitre\/\" \/>\n<meta property=\"og:locale\" content=\"fr_FR\" \/>\n<meta property=\"og:type\" content=\"article\" \/>\n<meta property=\"og:title\" content=\"Quelles sont les qualit\u00e9s essentielles d\u2019un bon arbitre\u00a0? - Hockey Belgium\" \/>\n<meta property=\"og:description\" content=\"Conna\u00eetre les r\u00e8gles du jeu : l&#039;arbitre doit avoir une connaissance approfondie des r\u00e8gles. Il doit \u00eatre capable (lire plus)\" \/>\n<meta property=\"og:url\" content=\"https:\/\/hockey.be\/fr\/hockey-wallonie-bruxelles\/hockey-academy\/umpire-academy\/quelles-sont-les-qualites-essentielles-dun-bon-arbitre\/\" \/>\n<meta property=\"og:site_name\" content=\"Hockey Belgium\" \/>\n<meta property=\"article:modified_time\" content=\"2025-08-28T11:37:24+00:00\" \/>\n<meta property=\"og:image\" content=\"https:\/\/hockey.be\/wp-content\/uploads\/2025\/08\/108.png\" \/>\n\t<meta property=\"og:image:width\" content=\"2400\" \/>\n\t<meta property=\"og:image:height\" content=\"665\" \/>\n\t<meta property=\"og:image:type\" content=\"image\/png\" \/>\n<meta name=\"twitter:card\" content=\"summary_large_image\" \/>\n<meta name=\"twitter:label1\" content=\"Dur\u00e9e de lecture estim\u00e9e\" \/>\n\t<meta name=\"twitter:data1\" content=\"3 minutes\" \/>\n<script type=\"application\/ld+json\" class=\"yoast-schema-graph\">{\"@context\":\"https:\\\/\\\/schema.org\",\"@graph\":[{\"@type\":\"WebPage\",\"@id\":\"https:\\\/\\\/hockey.be\\\/fr\\\/hockey-wallonie-bruxelles\\\/hockey-academy\\\/umpire-academy\\\/quelles-sont-les-qualites-essentielles-dun-bon-arbitre\\\/\",\"url\":\"https:\\\/\\\/hockey.be\\\/fr\\\/hockey-wallonie-bruxelles\\\/hockey-academy\\\/umpire-academy\\\/quelles-sont-les-qualites-essentielles-dun-bon-arbitre\\\/\",\"name\":\"Quelles sont les qualit\u00e9s essentielles d\u2019un bon arbitre\u00a0? - Hockey Belgium\",\"isPartOf\":{\"@id\":\"https:\\\/\\\/hockey.be\\\/nl\\\/#website\"},\"primaryImageOfPage\":{\"@id\":\"https:\\\/\\\/hockey.be\\\/fr\\\/hockey-wallonie-bruxelles\\\/hockey-academy\\\/umpire-academy\\\/quelles-sont-les-qualites-essentielles-dun-bon-arbitre\\\/#primaryimage\"},\"image\":{\"@id\":\"https:\\\/\\\/hockey.be\\\/fr\\\/hockey-wallonie-bruxelles\\\/hockey-academy\\\/umpire-academy\\\/quelles-sont-les-qualites-essentielles-dun-bon-arbitre\\\/#primaryimage\"},\"thumbnailUrl\":\"https:\\\/\\\/hockey.be\\\/wp-content\\\/uploads\\\/2025\\\/08\\\/108.png\",\"datePublished\":\"2024-08-20T08:27:46+00:00\",\"dateModified\":\"2025-08-28T11:37:24+00:00\",\"description\":\"Conna\u00eetre les r\u00e8gles du jeu : l'arbitre doit avoir une connaissance approfondie des r\u00e8gles. Il doit \u00eatre capable (lire plus)\",\"breadcrumb\":{\"@id\":\"https:\\\/\\\/hockey.be\\\/fr\\\/hockey-wallonie-bruxelles\\\/hockey-academy\\\/umpire-academy\\\/quelles-sont-les-qualites-essentielles-dun-bon-arbitre\\\/#breadcrumb\"},\"inLanguage\":\"fr-FR\",\"potentialAction\":[{\"@type\":\"ReadAction\",\"target\":[\"https:\\\/\\\/hockey.be\\\/fr\\\/hockey-wallonie-bruxelles\\\/hockey-academy\\\/umpire-academy\\\/quelles-sont-les-qualites-essentielles-dun-bon-arbitre\\\/\"]}]},{\"@type\":\"ImageObject\",\"inLanguage\":\"fr-FR\",\"@id\":\"https:\\\/\\\/hockey.be\\\/fr\\\/hockey-wallonie-bruxelles\\\/hockey-academy\\\/umpire-academy\\\/quelles-sont-les-qualites-essentielles-dun-bon-arbitre\\\/#primaryimage\",\"url\":\"https:\\\/\\\/hockey.be\\\/wp-content\\\/uploads\\\/2025\\\/08\\\/108.png\",\"contentUrl\":\"https:\\\/\\\/hockey.be\\\/wp-content\\\/uploads\\\/2025\\\/08\\\/108.png\",\"width\":2400,\"height\":665},{\"@type\":\"BreadcrumbList\",\"@id\":\"https:\\\/\\\/hockey.be\\\/fr\\\/hockey-wallonie-bruxelles\\\/hockey-academy\\\/umpire-academy\\\/quelles-sont-les-qualites-essentielles-dun-bon-arbitre\\\/#breadcrumb\",\"itemListElement\":[{\"@type\":\"ListItem\",\"position\":1,\"name\":\"Home\",\"item\":\"https:\\\/\\\/hockey.be\\\/fr\\\/\"},{\"@type\":\"ListItem\",\"position\":2,\"name\":\"Hockey Wallonie Bruxelles\",\"item\":\"https:\\\/\\\/hockey.be\\\/fr\\\/hockey-wallonie-bruxelles\\\/\"},{\"@type\":\"ListItem\",\"position\":3,\"name\":\"Hockey Academy\",\"item\":\"https:\\\/\\\/hockey.be\\\/fr\\\/hockey-wallonie-bruxelles\\\/hockey-academy\\\/\"},{\"@type\":\"ListItem\",\"position\":4,\"name\":\"Umpire Academy\",\"item\":\"https:\\\/\\\/hockey.be\\\/fr\\\/hockey-wallonie-bruxelles\\\/hockey-academy\\\/umpire-academy\\\/\"},{\"@type\":\"ListItem\",\"position\":5,\"name\":\"Quelles sont les qualit\u00e9s essentielles d\u2019un bon arbitre\u00a0?\"}]},{\"@type\":\"WebSite\",\"@id\":\"https:\\\/\\\/hockey.be\\\/nl\\\/#website\",\"url\":\"https:\\\/\\\/hockey.be\\\/nl\\\/\",\"name\":\"Hockey Belgium\",\"description\":\"En nog een WordPress website\",\"publisher\":{\"@id\":\"https:\\\/\\\/hockey.be\\\/nl\\\/#organization\"},\"potentialAction\":[{\"@type\":\"SearchAction\",\"target\":{\"@type\":\"EntryPoint\",\"urlTemplate\":\"https:\\\/\\\/hockey.be\\\/nl\\\/?s={search_term_string}\"},\"query-input\":{\"@type\":\"PropertyValueSpecification\",\"valueRequired\":true,\"valueName\":\"search_term_string\"}}],\"inLanguage\":\"fr-FR\"},{\"@type\":\"Organization\",\"@id\":\"https:\\\/\\\/hockey.be\\\/nl\\\/#organization\",\"name\":\"Hockey Belgium\",\"url\":\"https:\\\/\\\/hockey.be\\\/nl\\\/\",\"logo\":{\"@type\":\"ImageObject\",\"inLanguage\":\"fr-FR\",\"@id\":\"https:\\\/\\\/hockey.be\\\/nl\\\/#\\\/schema\\\/logo\\\/image\\\/\",\"url\":\"https:\\\/\\\/hockey.be\\\/wp-content\\\/uploads\\\/2025\\\/07\\\/logo-hockey-be.svg\",\"contentUrl\":\"https:\\\/\\\/hockey.be\\\/wp-content\\\/uploads\\\/2025\\\/07\\\/logo-hockey-be.svg\",\"width\":724.16,\"height\":241.49,\"caption\":\"Hockey Belgium\"},\"image\":{\"@id\":\"https:\\\/\\\/hockey.be\\\/nl\\\/#\\\/schema\\\/logo\\\/image\\\/\"}}]}<\/script>\n<!-- \/ Yoast SEO plugin. -->","yoast_head_json":{"title":"Quelles sont les qualit\u00e9s essentielles d\u2019un bon arbitre\u00a0? - Hockey Belgium","description":"Conna\u00eetre les r\u00e8gles du jeu : l'arbitre doit avoir une connaissance approfondie des r\u00e8gles. Il doit \u00eatre capable (lire plus)","robots":{"index":"index","follow":"follow","max-snippet":"max-snippet:-1","max-image-preview":"max-image-preview:large","max-video-preview":"max-video-preview:-1"},"canonical":"https:\/\/hockey.be\/fr\/hockey-wallonie-bruxelles\/hockey-academy\/umpire-academy\/quelles-sont-les-qualites-essentielles-dun-bon-arbitre\/","og_locale":"fr_FR","og_type":"article","og_title":"Quelles sont les qualit\u00e9s essentielles d\u2019un bon arbitre\u00a0? - Hockey Belgium","og_description":"Conna\u00eetre les r\u00e8gles du jeu : l'arbitre doit avoir une connaissance approfondie des r\u00e8gles. Il doit \u00eatre capable (lire plus)","og_url":"https:\/\/hockey.be\/fr\/hockey-wallonie-bruxelles\/hockey-academy\/umpire-academy\/quelles-sont-les-qualites-essentielles-dun-bon-arbitre\/","og_site_name":"Hockey Belgium","article_modified_time":"2025-08-28T11:37:24+00:00","og_image":[{"width":2400,"height":665,"url":"https:\/\/hockey.be\/wp-content\/uploads\/2025\/08\/108.png","type":"image\/png"}],"twitter_card":"summary_large_image","twitter_misc":{"Dur\u00e9e de lecture estim\u00e9e":"3 minutes"},"schema":{"@context":"https:\/\/schema.org","@graph":[{"@type":"WebPage","@id":"https:\/\/hockey.be\/fr\/hockey-wallonie-bruxelles\/hockey-academy\/umpire-academy\/quelles-sont-les-qualites-essentielles-dun-bon-arbitre\/","url":"https:\/\/hockey.be\/fr\/hockey-wallonie-bruxelles\/hockey-academy\/umpire-academy\/quelles-sont-les-qualites-essentielles-dun-bon-arbitre\/","name":"Quelles sont les qualit\u00e9s essentielles d\u2019un bon arbitre\u00a0? - Hockey Belgium","isPartOf":{"@id":"https:\/\/hockey.be\/nl\/#website"},"primaryImageOfPage":{"@id":"https:\/\/hockey.be\/fr\/hockey-wallonie-bruxelles\/hockey-academy\/umpire-academy\/quelles-sont-les-qualites-essentielles-dun-bon-arbitre\/#primaryimage"},"image":{"@id":"https:\/\/hockey.be\/fr\/hockey-wallonie-bruxelles\/hockey-academy\/umpire-academy\/quelles-sont-les-qualites-essentielles-dun-bon-arbitre\/#primaryimage"},"thumbnailUrl":"https:\/\/hockey.be\/wp-content\/uploads\/2025\/08\/108.png","datePublished":"2024-08-20T08:27:46+00:00","dateModified":"2025-08-28T11:37:24+00:00","description":"Conna\u00eetre les r\u00e8gles du jeu : l'arbitre doit avoir une connaissance approfondie des r\u00e8gles. Il doit \u00eatre capable (lire plus)","breadcrumb":{"@id":"https:\/\/hockey.be\/fr\/hockey-wallonie-bruxelles\/hockey-academy\/umpire-academy\/quelles-sont-les-qualites-essentielles-dun-bon-arbitre\/#breadcrumb"},"inLanguage":"fr-FR","potentialAction":[{"@type":"ReadAction","target":["https:\/\/hockey.be\/fr\/hockey-wallonie-bruxelles\/hockey-academy\/umpire-academy\/quelles-sont-les-qualites-essentielles-dun-bon-arbitre\/"]}]},{"@type":"ImageObject","inLanguage":"fr-FR","@id":"https:\/\/hockey.be\/fr\/hockey-wallonie-bruxelles\/hockey-academy\/umpire-academy\/quelles-sont-les-qualites-essentielles-dun-bon-arbitre\/#primaryimage","url":"https:\/\/hockey.be\/wp-content\/uploads\/2025\/08\/108.png","contentUrl":"https:\/\/hockey.be\/wp-content\/uploads\/2025\/08\/108.png","width":2400,"height":665},{"@type":"BreadcrumbList","@id":"https:\/\/hockey.be\/fr\/hockey-wallonie-bruxelles\/hockey-academy\/umpire-academy\/quelles-sont-les-qualites-essentielles-dun-bon-arbitre\/#breadcrumb","itemListElement":[{"@type":"ListItem","position":1,"name":"Home","item":"https:\/\/hockey.be\/fr\/"},{"@type":"ListItem","position":2,"name":"Hockey Wallonie Bruxelles","item":"https:\/\/hockey.be\/fr\/hockey-wallonie-bruxelles\/"},{"@type":"ListItem","position":3,"name":"Hockey Academy","item":"https:\/\/hockey.be\/fr\/hockey-wallonie-bruxelles\/hockey-academy\/"},{"@type":"ListItem","position":4,"name":"Umpire Academy","item":"https:\/\/hockey.be\/fr\/hockey-wallonie-bruxelles\/hockey-academy\/umpire-academy\/"},{"@type":"ListItem","position":5,"name":"Quelles sont les qualit\u00e9s essentielles d\u2019un bon arbitre\u00a0?"}]},{"@type":"WebSite","@id":"https:\/\/hockey.be\/nl\/#website","url":"https:\/\/hockey.be\/nl\/","name":"Hockey Belgium","description":"En nog een WordPress website","publisher":{"@id":"https:\/\/hockey.be\/nl\/#organization"},"potentialAction":[{"@type":"SearchAction","target":{"@type":"EntryPoint","urlTemplate":"https:\/\/hockey.be\/nl\/?s={search_term_string}"},"query-input":{"@type":"PropertyValueSpecification","valueRequired":true,"valueName":"search_term_string"}}],"inLanguage":"fr-FR"},{"@type":"Organization","@id":"https:\/\/hockey.be\/nl\/#organization","name":"Hockey Belgium","url":"https:\/\/hockey.be\/nl\/","logo":{"@type":"ImageObject","inLanguage":"fr-FR","@id":"https:\/\/hockey.be\/nl\/#\/schema\/logo\/image\/","url":"https:\/\/hockey.be\/wp-content\/uploads\/2025\/07\/logo-hockey-be.svg","contentUrl":"https:\/\/hockey.be\/wp-content\/uploads\/2025\/07\/logo-hockey-be.svg","width":724.16,"height":241.49,"caption":"Hockey Belgium"},"image":{"@id":"https:\/\/hockey.be\/nl\/#\/schema\/logo\/image\/"}}]}},"_links":{"self":[{"href":"https:\/\/hockey.be\/fr\/wp-json\/wp\/v2\/pages\/68354","targetHints":{"allow":["GET"]}}],"collection":[{"href":"https:\/\/hockey.be\/fr\/wp-json\/wp\/v2\/pages"}],"about":[{"href":"https:\/\/hockey.be\/fr\/wp-json\/wp\/v2\/types\/page"}],"author":[{"embeddable":true,"href":"https:\/\/hockey.be\/fr\/wp-json\/wp\/v2\/users\/16"}],"replies":[{"embeddable":true,"href":"https:\/\/hockey.be\/fr\/wp-json\/wp\/v2\/comments?post=68354"}],"version-history":[{"count":16,"href":"https:\/\/hockey.be\/fr\/wp-json\/wp\/v2\/pages\/68354\/revisions"}],"predecessor-version":[{"id":85143,"href":"https:\/\/hockey.be\/fr\/wp-json\/wp\/v2\/pages\/68354\/revisions\/85143"}],"up":[{"embeddable":true,"href":"https:\/\/hockey.be\/fr\/wp-json\/wp\/v2\/pages\/15014"}],"wp:featuredmedia":[{"embeddable":true,"href":"https:\/\/hockey.be\/fr\/wp-json\/wp\/v2\/media\/85099"}],"wp:attachment":[{"href":"https:\/\/hockey.be\/fr\/wp-json\/wp\/v2\/media?parent=68354"}],"wp:term":[{"taxonomy":"category","embeddable":true,"href":"https:\/\/hockey.be\/fr\/wp-json\/wp\/v2\/categories?post=68354"},{"taxonomy":"post_tag","embeddable":true,"href":"https:\/\/hockey.be\/fr\/wp-json\/wp\/v2\/tags?post=68354"}],"curies":[{"name":"wp","href":"https:\/\/api.w.org\/{rel}","templated":true}]}}