{"id":63565,"date":"2024-04-24T14:11:05","date_gmt":"2024-04-24T12:11:05","guid":{"rendered":"https:\/\/hockey.be\/?page_id=63565"},"modified":"2025-08-27T17:52:40","modified_gmt":"2025-08-27T15:52:40","slug":"events-incentives","status":"publish","type":"page","link":"https:\/\/hockey.be\/fr\/officials-division\/events-incentives\/","title":{"rendered":"Events \/ Incentives"},"content":{"rendered":"\t\t<div data-elementor-type=\"wp-page\" data-elementor-id=\"63565\" class=\"elementor elementor-63565\" data-elementor-post-type=\"page\">\n\t\t\t\t<div class=\"elementor-element elementor-element-4eec532 e-flex e-con-boxed e-con e-parent\" data-id=\"4eec532\" data-element_type=\"container\" data-e-type=\"container\" data-settings=\"{&quot;jet_parallax_layout_list&quot;:[{&quot;jet_parallax_layout_image&quot;:{&quot;url&quot;:&quot;&quot;,&quot;id&quot;:&quot;&quot;,&quot;size&quot;:&quot;&quot;},&quot;_id&quot;:&quot;20a3005&quot;,&quot;jet_parallax_layout_image_tablet&quot;:{&quot;url&quot;:&quot;&quot;,&quot;id&quot;:&quot;&quot;,&quot;size&quot;:&quot;&quot;},&quot;jet_parallax_layout_image_mobile&quot;:{&quot;url&quot;:&quot;&quot;,&quot;id&quot;:&quot;&quot;,&quot;size&quot;:&quot;&quot;},&quot;jet_parallax_layout_image_widescreen&quot;:{&quot;url&quot;:&quot;&quot;,&quot;id&quot;:&quot;&quot;,&quot;size&quot;:&quot;&quot;},&quot;jet_parallax_layout_image_laptop&quot;:{&quot;url&quot;:&quot;&quot;,&quot;id&quot;:&quot;&quot;,&quot;size&quot;:&quot;&quot;},&quot;jet_parallax_layout_image_tablet_extra&quot;:{&quot;url&quot;:&quot;&quot;,&quot;id&quot;:&quot;&quot;,&quot;size&quot;:&quot;&quot;},&quot;jet_parallax_layout_image_mobile_extra&quot;:{&quot;url&quot;:&quot;&quot;,&quot;id&quot;:&quot;&quot;,&quot;size&quot;:&quot;&quot;},&quot;jet_parallax_layout_speed&quot;:{&quot;unit&quot;:&quot;%&quot;,&quot;size&quot;:50,&quot;sizes&quot;:[]},&quot;jet_parallax_layout_type&quot;:&quot;scroll&quot;,&quot;jet_parallax_layout_direction&quot;:&quot;1&quot;,&quot;jet_parallax_layout_fx_direction&quot;:null,&quot;jet_parallax_layout_z_index&quot;:&quot;&quot;,&quot;jet_parallax_layout_bg_x&quot;:50,&quot;jet_parallax_layout_bg_x_widescreen&quot;:&quot;&quot;,&quot;jet_parallax_layout_bg_x_laptop&quot;:&quot;&quot;,&quot;jet_parallax_layout_bg_x_tablet_extra&quot;:&quot;&quot;,&quot;jet_parallax_layout_bg_x_tablet&quot;:&quot;&quot;,&quot;jet_parallax_layout_bg_x_mobile_extra&quot;:&quot;&quot;,&quot;jet_parallax_layout_bg_x_mobile&quot;:&quot;&quot;,&quot;jet_parallax_layout_bg_y&quot;:50,&quot;jet_parallax_layout_bg_y_widescreen&quot;:&quot;&quot;,&quot;jet_parallax_layout_bg_y_laptop&quot;:&quot;&quot;,&quot;jet_parallax_layout_bg_y_tablet_extra&quot;:&quot;&quot;,&quot;jet_parallax_layout_bg_y_tablet&quot;:&quot;&quot;,&quot;jet_parallax_layout_bg_y_mobile_extra&quot;:&quot;&quot;,&quot;jet_parallax_layout_bg_y_mobile&quot;:&quot;&quot;,&quot;jet_parallax_layout_bg_size&quot;:&quot;auto&quot;,&quot;jet_parallax_layout_bg_size_widescreen&quot;:&quot;&quot;,&quot;jet_parallax_layout_bg_size_laptop&quot;:&quot;&quot;,&quot;jet_parallax_layout_bg_size_tablet_extra&quot;:&quot;&quot;,&quot;jet_parallax_layout_bg_size_tablet&quot;:&quot;&quot;,&quot;jet_parallax_layout_bg_size_mobile_extra&quot;:&quot;&quot;,&quot;jet_parallax_layout_bg_size_mobile&quot;:&quot;&quot;,&quot;jet_parallax_layout_animation_prop&quot;:&quot;transform&quot;,&quot;jet_parallax_layout_on&quot;:[&quot;desktop&quot;,&quot;tablet&quot;]}]}\">\n\t\t\t\t\t<div class=\"e-con-inner\">\n\t\t<div class=\"elementor-element elementor-element-111c16a e-con-full e-flex e-con e-child\" data-id=\"111c16a\" data-element_type=\"container\" data-e-type=\"container\" data-settings=\"{&quot;jet_parallax_layout_list&quot;:[]}\">\n\t\t\t\t<div class=\"elementor-element elementor-element-39b9d8c elementor-hidden-tablet elementor-hidden-phone elementor-widget elementor-widget-wp-widget-nav_menu\" data-id=\"39b9d8c\" data-element_type=\"widget\" data-e-type=\"widget\" data-widget_type=\"wp-widget-nav_menu.default\">\n\t\t\t\t<div class=\"elementor-widget-container\">\n\t\t\t\t\t<div class=\"menu-fr-side-officialsdivision-container\"><ul id=\"menu-fr-side-officialsdivision\" class=\"menu\"><li id=\"menu-item-82974\" class=\"menu-item menu-item-type-post_type menu-item-object-page menu-item-has-children menu-item-82974\"><a href=\"https:\/\/hockey.be\/fr\/officials-division\/\">Officials Division<\/a>\n<ul class=\"sub-menu\">\n\t<li id=\"menu-item-82978\" class=\"menu-item menu-item-type-post_type menu-item-object-page menu-item-82978\"><a href=\"https:\/\/hockey.be\/fr\/officials-division\/arbitrage-outdoor\/\">Arbitrage \u2013 outdoor<\/a><\/li>\n\t<li id=\"menu-item-82982\" class=\"menu-item menu-item-type-post_type menu-item-object-page menu-item-82982\"><a href=\"https:\/\/hockey.be\/fr\/officials-division\/regles-du-jeu-outdoor\/\">R\u00e8gles du jeu \u2013 outdoor<\/a><\/li>\n\t<li id=\"menu-item-82979\" class=\"menu-item menu-item-type-post_type menu-item-object-page menu-item-82979\"><a href=\"https:\/\/hockey.be\/fr\/officials-division\/regles-du-jeu-indoor\/\">R\u00e8gles du jeu \u2013 indoor<\/a><\/li>\n\t<li id=\"menu-item-82980\" class=\"menu-item menu-item-type-post_type menu-item-object-page menu-item-82980\"><a href=\"https:\/\/hockey.be\/fr\/hockey-wallonie-bruxelles\/hockey-academy\/umpire-academy\/\">Umpire Academy<\/a><\/li>\n\t<li id=\"menu-item-82981\" class=\"menu-item menu-item-type-post_type menu-item-object-page menu-item-82981\"><a href=\"https:\/\/hockey.be\/fr\/hockey-vlaanderen\/hockey-academy\/umpire-academy\/starttoumpire\/\">Start to umpire<\/a><\/li>\n\t<li id=\"menu-item-82975\" class=\"menu-item menu-item-type-post_type menu-item-object-page menu-item-82975\"><a href=\"https:\/\/hockey.be\/fr\/officials-division\/strategic-plan\/\">Strategic plan officials 2026-2032<\/a><\/li>\n<\/ul>\n<\/li>\n<\/ul><\/div>\t\t\t\t<\/div>\n\t\t\t\t<\/div>\n\t\t\t\t<\/div>\n\t\t<div class=\"elementor-element elementor-element-a2b4e11 e-con-full e-flex e-con e-child\" data-id=\"a2b4e11\" data-element_type=\"container\" data-e-type=\"container\" data-settings=\"{&quot;jet_parallax_layout_list&quot;:[]}\">\n\t\t\t\t<div class=\"elementor-element elementor-element-ad3bfc6 elementor-widget elementor-widget-heading\" data-id=\"ad3bfc6\" data-element_type=\"widget\" data-e-type=\"widget\" data-widget_type=\"heading.default\">\n\t\t\t\t<div class=\"elementor-widget-container\">\n\t\t\t\t\t<h1 class=\"elementor-heading-title elementor-size-default\">Events \/ Incentives<\/h1>\t\t\t\t<\/div>\n\t\t\t\t<\/div>\n\t\t\t\t<div class=\"elementor-element elementor-element-8841f30 elementor-widget-divider--view-line elementor-widget elementor-widget-divider\" data-id=\"8841f30\" data-element_type=\"widget\" data-e-type=\"widget\" data-widget_type=\"divider.default\">\n\t\t\t\t<div class=\"elementor-widget-container\">\n\t\t\t\t\t\t\t<div class=\"elementor-divider\">\n\t\t\t<span class=\"elementor-divider-separator\">\n\t\t\t\t\t\t<\/span>\n\t\t<\/div>\n\t\t\t\t\t\t<\/div>\n\t\t\t\t<\/div>\n\t\t\t\t<div class=\"elementor-element elementor-element-b6d1fd2 elementor-widget elementor-widget-text-editor\" data-id=\"b6d1fd2\" data-element_type=\"widget\" data-e-type=\"widget\" data-widget_type=\"text-editor.default\">\n\t\t\t\t<div class=\"elementor-widget-container\">\n\t\t\t\t\t\t\t\t\t<p>La F\u00e9d\u00e9ration a invit\u00e9 \u00e0 plusieurs reprises les officiels, Arbitres Nationaux et Club Umpires lors des grandes manifestations de hockey\u00a0et continuera \u00e0 le faire \u00e0 l\u2019avenir :<\/p><ul><li>ION Hockey Finals<\/li><li>Hockey Pro League @ Antwerpen<\/li><li>EuroHockey Championships @ M\u00f6nchengladbach<\/li><li>EuroHockey Indoor Championship Men @ Leuven<\/li><li>\u2026<\/li><\/ul>\t\t\t\t\t\t\t\t<\/div>\n\t\t\t\t<\/div>\n\t\t\t\t<div class=\"elementor-element elementor-element-44d334f elementor-widget elementor-widget-image\" data-id=\"44d334f\" data-element_type=\"widget\" data-e-type=\"widget\" data-widget_type=\"image.default\">\n\t\t\t\t<div class=\"elementor-widget-container\">\n\t\t\t\t\t\t\t\t\t\t\t\t\t\t\t<img fetchpriority=\"high\" decoding=\"async\" width=\"800\" height=\"533\" src=\"https:\/\/hockey.be\/wp-content\/uploads\/2024\/04\/W-Bel-Aus-0791-1200x799.jpg\" class=\"attachment-large size-large wp-image-63572\" alt=\"\" srcset=\"https:\/\/hockey.be\/wp-content\/uploads\/2024\/04\/W-Bel-Aus-0791-1200x799.jpg 1200w, https:\/\/hockey.be\/wp-content\/uploads\/2024\/04\/W-Bel-Aus-0791-300x200.jpg 300w, https:\/\/hockey.be\/wp-content\/uploads\/2024\/04\/W-Bel-Aus-0791-768x511.jpg 768w, https:\/\/hockey.be\/wp-content\/uploads\/2024\/04\/W-Bel-Aus-0791-1536x1023.jpg 1536w, https:\/\/hockey.be\/wp-content\/uploads\/2024\/04\/W-Bel-Aus-0791-2048x1363.jpg 2048w\" sizes=\"(max-width: 800px) 100vw, 800px\" \/>\t\t\t\t\t\t\t\t\t\t\t\t\t\t\t<\/div>\n\t\t\t\t<\/div>\n\t\t\t\t<div class=\"elementor-element elementor-element-1a1423d elementor-widget elementor-widget-text-editor\" data-id=\"1a1423d\" data-element_type=\"widget\" data-e-type=\"widget\" data-widget_type=\"text-editor.default\">\n\t\t\t\t<div class=\"elementor-widget-container\">\n\t\t\t\t\t\t\t\t\t<p>Ces \u00e9v\u00e9nements ont \u00e0 chaque fois rassembl\u00e9 beaucoup de nos officiels enthousiastes, dans un cadre de partage et de convivialit\u00e9.\u00a0 \u00ab L\u2019arbitre, premier supporter du match ! \u00bb (voir ici \u00e0 th\u00e8me \u00ab <strong><span style=\"text-decoration: underline;\"><a href=\"https:\/\/hockey.be\/fr\/officials-division\/team-spirit\/\"><span style=\"color: #ff0000; text-decoration: underline;\">Team Spirit<\/span><\/a><\/span><\/strong> \u00bb).<\/p>\t\t\t\t\t\t\t\t<\/div>\n\t\t\t\t<\/div>\n\t\t\t\t<div class=\"elementor-element elementor-element-20641af elementor-widget-divider--view-line elementor-widget elementor-widget-divider\" data-id=\"20641af\" data-element_type=\"widget\" data-e-type=\"widget\" data-widget_type=\"divider.default\">\n\t\t\t\t<div class=\"elementor-widget-container\">\n\t\t\t\t\t\t\t<div class=\"elementor-divider\">\n\t\t\t<span class=\"elementor-divider-separator\">\n\t\t\t\t\t\t<\/span>\n\t\t<\/div>\n\t\t\t\t\t\t<\/div>\n\t\t\t\t<\/div>\n\t\t\t\t<\/div>\n\t\t\t\t\t<\/div>\n\t\t\t\t<\/div>\n\t\t\t\t<\/div>\n\t\t","protected":false},"excerpt":{"rendered":"<p>La F\u00e9d\u00e9ration a invit\u00e9 \u00e0 plusieurs reprises les officiels, Arbitres Nationaux et Club Umpires lors des grandes manifestations de hockey\u00a0et continuera \u00e0 le faire \u00e0 l\u2019avenir : ION Hockey Finals [&hellip;]<\/p>\n","protected":false},"author":16,"featured_media":82723,"parent":55777,"menu_order":0,"comment_status":"closed","ping_status":"closed","template":"","meta":{"_acf_changed":false,"footnotes":""},"categories":[679],"tags":[],"class_list":["post-63565","page","type-page","status-publish","has-post-thumbnail","hentry","category-officials-division"],"acf":[],"yoast_head":"<!-- This site is optimized with the Yoast SEO plugin v27.5 - https:\/\/yoast.com\/product\/yoast-seo-wordpress\/ -->\n<title>Events \/ Incentives - Hockey Belgium<\/title>\n<meta name=\"description\" content=\"La F\u00e9d\u00e9ration a invit\u00e9 \u00e0 plusieurs reprises les officiels, Arbitres Nationaux et Club Umpires lors des grandes manifestations de (lire plus)\" \/>\n<meta name=\"robots\" content=\"index, follow, max-snippet:-1, max-image-preview:large, max-video-preview:-1\" \/>\n<link rel=\"canonical\" href=\"https:\/\/hockey.be\/fr\/officials-division\/events-incentives\/\" \/>\n<meta property=\"og:locale\" content=\"fr_FR\" \/>\n<meta property=\"og:type\" content=\"article\" \/>\n<meta property=\"og:title\" content=\"Events \/ Incentives - Hockey Belgium\" \/>\n<meta property=\"og:description\" content=\"La F\u00e9d\u00e9ration a invit\u00e9 \u00e0 plusieurs reprises les officiels, Arbitres Nationaux et Club Umpires lors des grandes manifestations de (lire plus)\" \/>\n<meta property=\"og:url\" content=\"https:\/\/hockey.be\/fr\/officials-division\/events-incentives\/\" \/>\n<meta property=\"og:site_name\" content=\"Hockey Belgium\" \/>\n<meta property=\"article:modified_time\" content=\"2025-08-27T15:52:40+00:00\" \/>\n<meta property=\"og:image\" content=\"https:\/\/hockey.be\/wp-content\/uploads\/2025\/08\/56.png\" \/>\n\t<meta property=\"og:image:width\" content=\"2400\" \/>\n\t<meta property=\"og:image:height\" content=\"665\" \/>\n\t<meta property=\"og:image:type\" content=\"image\/png\" \/>\n<meta name=\"twitter:card\" content=\"summary_large_image\" \/>\n<meta name=\"twitter:label1\" content=\"Dur\u00e9e de lecture estim\u00e9e\" \/>\n\t<meta name=\"twitter:data1\" content=\"1 minute\" \/>\n<script type=\"application\/ld+json\" class=\"yoast-schema-graph\">{\"@context\":\"https:\\\/\\\/schema.org\",\"@graph\":[{\"@type\":\"WebPage\",\"@id\":\"https:\\\/\\\/hockey.be\\\/fr\\\/officials-division\\\/events-incentives\\\/\",\"url\":\"https:\\\/\\\/hockey.be\\\/fr\\\/officials-division\\\/events-incentives\\\/\",\"name\":\"Events \\\/ Incentives - Hockey Belgium\",\"isPartOf\":{\"@id\":\"https:\\\/\\\/hockey.be\\\/nl\\\/#website\"},\"primaryImageOfPage\":{\"@id\":\"https:\\\/\\\/hockey.be\\\/fr\\\/officials-division\\\/events-incentives\\\/#primaryimage\"},\"image\":{\"@id\":\"https:\\\/\\\/hockey.be\\\/fr\\\/officials-division\\\/events-incentives\\\/#primaryimage\"},\"thumbnailUrl\":\"https:\\\/\\\/hockey.be\\\/wp-content\\\/uploads\\\/2025\\\/08\\\/56.png\",\"datePublished\":\"2024-04-24T12:11:05+00:00\",\"dateModified\":\"2025-08-27T15:52:40+00:00\",\"description\":\"La F\u00e9d\u00e9ration a invit\u00e9 \u00e0 plusieurs reprises les officiels, Arbitres Nationaux et Club Umpires lors des grandes manifestations de (lire plus)\",\"breadcrumb\":{\"@id\":\"https:\\\/\\\/hockey.be\\\/fr\\\/officials-division\\\/events-incentives\\\/#breadcrumb\"},\"inLanguage\":\"fr-FR\",\"potentialAction\":[{\"@type\":\"ReadAction\",\"target\":[\"https:\\\/\\\/hockey.be\\\/fr\\\/officials-division\\\/events-incentives\\\/\"]}]},{\"@type\":\"ImageObject\",\"inLanguage\":\"fr-FR\",\"@id\":\"https:\\\/\\\/hockey.be\\\/fr\\\/officials-division\\\/events-incentives\\\/#primaryimage\",\"url\":\"https:\\\/\\\/hockey.be\\\/wp-content\\\/uploads\\\/2025\\\/08\\\/56.png\",\"contentUrl\":\"https:\\\/\\\/hockey.be\\\/wp-content\\\/uploads\\\/2025\\\/08\\\/56.png\",\"width\":2400,\"height\":665},{\"@type\":\"BreadcrumbList\",\"@id\":\"https:\\\/\\\/hockey.be\\\/fr\\\/officials-division\\\/events-incentives\\\/#breadcrumb\",\"itemListElement\":[{\"@type\":\"ListItem\",\"position\":1,\"name\":\"Home\",\"item\":\"https:\\\/\\\/hockey.be\\\/fr\\\/\"},{\"@type\":\"ListItem\",\"position\":2,\"name\":\"Officials Division\",\"item\":\"https:\\\/\\\/hockey.be\\\/fr\\\/officials-division\\\/\"},{\"@type\":\"ListItem\",\"position\":3,\"name\":\"Events \\\/ Incentives\"}]},{\"@type\":\"WebSite\",\"@id\":\"https:\\\/\\\/hockey.be\\\/nl\\\/#website\",\"url\":\"https:\\\/\\\/hockey.be\\\/nl\\\/\",\"name\":\"Hockey Belgium\",\"description\":\"En nog een WordPress website\",\"publisher\":{\"@id\":\"https:\\\/\\\/hockey.be\\\/nl\\\/#organization\"},\"potentialAction\":[{\"@type\":\"SearchAction\",\"target\":{\"@type\":\"EntryPoint\",\"urlTemplate\":\"https:\\\/\\\/hockey.be\\\/nl\\\/?s={search_term_string}\"},\"query-input\":{\"@type\":\"PropertyValueSpecification\",\"valueRequired\":true,\"valueName\":\"search_term_string\"}}],\"inLanguage\":\"fr-FR\"},{\"@type\":\"Organization\",\"@id\":\"https:\\\/\\\/hockey.be\\\/nl\\\/#organization\",\"name\":\"Hockey Belgium\",\"url\":\"https:\\\/\\\/hockey.be\\\/nl\\\/\",\"logo\":{\"@type\":\"ImageObject\",\"inLanguage\":\"fr-FR\",\"@id\":\"https:\\\/\\\/hockey.be\\\/nl\\\/#\\\/schema\\\/logo\\\/image\\\/\",\"url\":\"https:\\\/\\\/hockey.be\\\/wp-content\\\/uploads\\\/2025\\\/07\\\/logo-hockey-be.svg\",\"contentUrl\":\"https:\\\/\\\/hockey.be\\\/wp-content\\\/uploads\\\/2025\\\/07\\\/logo-hockey-be.svg\",\"width\":724.16,\"height\":241.49,\"caption\":\"Hockey Belgium\"},\"image\":{\"@id\":\"https:\\\/\\\/hockey.be\\\/nl\\\/#\\\/schema\\\/logo\\\/image\\\/\"}}]}<\/script>\n<!-- \/ Yoast SEO plugin. -->","yoast_head_json":{"title":"Events \/ Incentives - Hockey Belgium","description":"La F\u00e9d\u00e9ration a invit\u00e9 \u00e0 plusieurs reprises les officiels, Arbitres Nationaux et Club Umpires lors des grandes manifestations de (lire plus)","robots":{"index":"index","follow":"follow","max-snippet":"max-snippet:-1","max-image-preview":"max-image-preview:large","max-video-preview":"max-video-preview:-1"},"canonical":"https:\/\/hockey.be\/fr\/officials-division\/events-incentives\/","og_locale":"fr_FR","og_type":"article","og_title":"Events \/ Incentives - Hockey Belgium","og_description":"La F\u00e9d\u00e9ration a invit\u00e9 \u00e0 plusieurs reprises les officiels, Arbitres Nationaux et Club Umpires lors des grandes manifestations de (lire plus)","og_url":"https:\/\/hockey.be\/fr\/officials-division\/events-incentives\/","og_site_name":"Hockey Belgium","article_modified_time":"2025-08-27T15:52:40+00:00","og_image":[{"width":2400,"height":665,"url":"https:\/\/hockey.be\/wp-content\/uploads\/2025\/08\/56.png","type":"image\/png"}],"twitter_card":"summary_large_image","twitter_misc":{"Dur\u00e9e de lecture estim\u00e9e":"1 minute"},"schema":{"@context":"https:\/\/schema.org","@graph":[{"@type":"WebPage","@id":"https:\/\/hockey.be\/fr\/officials-division\/events-incentives\/","url":"https:\/\/hockey.be\/fr\/officials-division\/events-incentives\/","name":"Events \/ Incentives - Hockey Belgium","isPartOf":{"@id":"https:\/\/hockey.be\/nl\/#website"},"primaryImageOfPage":{"@id":"https:\/\/hockey.be\/fr\/officials-division\/events-incentives\/#primaryimage"},"image":{"@id":"https:\/\/hockey.be\/fr\/officials-division\/events-incentives\/#primaryimage"},"thumbnailUrl":"https:\/\/hockey.be\/wp-content\/uploads\/2025\/08\/56.png","datePublished":"2024-04-24T12:11:05+00:00","dateModified":"2025-08-27T15:52:40+00:00","description":"La F\u00e9d\u00e9ration a invit\u00e9 \u00e0 plusieurs reprises les officiels, Arbitres Nationaux et Club Umpires lors des grandes manifestations de (lire plus)","breadcrumb":{"@id":"https:\/\/hockey.be\/fr\/officials-division\/events-incentives\/#breadcrumb"},"inLanguage":"fr-FR","potentialAction":[{"@type":"ReadAction","target":["https:\/\/hockey.be\/fr\/officials-division\/events-incentives\/"]}]},{"@type":"ImageObject","inLanguage":"fr-FR","@id":"https:\/\/hockey.be\/fr\/officials-division\/events-incentives\/#primaryimage","url":"https:\/\/hockey.be\/wp-content\/uploads\/2025\/08\/56.png","contentUrl":"https:\/\/hockey.be\/wp-content\/uploads\/2025\/08\/56.png","width":2400,"height":665},{"@type":"BreadcrumbList","@id":"https:\/\/hockey.be\/fr\/officials-division\/events-incentives\/#breadcrumb","itemListElement":[{"@type":"ListItem","position":1,"name":"Home","item":"https:\/\/hockey.be\/fr\/"},{"@type":"ListItem","position":2,"name":"Officials Division","item":"https:\/\/hockey.be\/fr\/officials-division\/"},{"@type":"ListItem","position":3,"name":"Events \/ Incentives"}]},{"@type":"WebSite","@id":"https:\/\/hockey.be\/nl\/#website","url":"https:\/\/hockey.be\/nl\/","name":"Hockey Belgium","description":"En nog een WordPress website","publisher":{"@id":"https:\/\/hockey.be\/nl\/#organization"},"potentialAction":[{"@type":"SearchAction","target":{"@type":"EntryPoint","urlTemplate":"https:\/\/hockey.be\/nl\/?s={search_term_string}"},"query-input":{"@type":"PropertyValueSpecification","valueRequired":true,"valueName":"search_term_string"}}],"inLanguage":"fr-FR"},{"@type":"Organization","@id":"https:\/\/hockey.be\/nl\/#organization","name":"Hockey Belgium","url":"https:\/\/hockey.be\/nl\/","logo":{"@type":"ImageObject","inLanguage":"fr-FR","@id":"https:\/\/hockey.be\/nl\/#\/schema\/logo\/image\/","url":"https:\/\/hockey.be\/wp-content\/uploads\/2025\/07\/logo-hockey-be.svg","contentUrl":"https:\/\/hockey.be\/wp-content\/uploads\/2025\/07\/logo-hockey-be.svg","width":724.16,"height":241.49,"caption":"Hockey Belgium"},"image":{"@id":"https:\/\/hockey.be\/nl\/#\/schema\/logo\/image\/"}}]}},"_links":{"self":[{"href":"https:\/\/hockey.be\/fr\/wp-json\/wp\/v2\/pages\/63565","targetHints":{"allow":["GET"]}}],"collection":[{"href":"https:\/\/hockey.be\/fr\/wp-json\/wp\/v2\/pages"}],"about":[{"href":"https:\/\/hockey.be\/fr\/wp-json\/wp\/v2\/types\/page"}],"author":[{"embeddable":true,"href":"https:\/\/hockey.be\/fr\/wp-json\/wp\/v2\/users\/16"}],"replies":[{"embeddable":true,"href":"https:\/\/hockey.be\/fr\/wp-json\/wp\/v2\/comments?post=63565"}],"version-history":[{"count":13,"href":"https:\/\/hockey.be\/fr\/wp-json\/wp\/v2\/pages\/63565\/revisions"}],"predecessor-version":[{"id":84944,"href":"https:\/\/hockey.be\/fr\/wp-json\/wp\/v2\/pages\/63565\/revisions\/84944"}],"up":[{"embeddable":true,"href":"https:\/\/hockey.be\/fr\/wp-json\/wp\/v2\/pages\/55777"}],"wp:featuredmedia":[{"embeddable":true,"href":"https:\/\/hockey.be\/fr\/wp-json\/wp\/v2\/media\/82723"}],"wp:attachment":[{"href":"https:\/\/hockey.be\/fr\/wp-json\/wp\/v2\/media?parent=63565"}],"wp:term":[{"taxonomy":"category","embeddable":true,"href":"https:\/\/hockey.be\/fr\/wp-json\/wp\/v2\/categories?post=63565"},{"taxonomy":"post_tag","embeddable":true,"href":"https:\/\/hockey.be\/fr\/wp-json\/wp\/v2\/tags?post=63565"}],"curies":[{"name":"wp","href":"https:\/\/api.w.org\/{rel}","templated":true}]}}