{"id":63547,"date":"2024-04-24T14:05:03","date_gmt":"2024-04-24T12:05:03","guid":{"rendered":"https:\/\/hockey.be\/?page_id=63547"},"modified":"2025-08-27T17:49:38","modified_gmt":"2025-08-27T15:49:38","slug":"umpire-developer","status":"publish","type":"page","link":"https:\/\/hockey.be\/fr\/officials-division\/umpire-developer\/","title":{"rendered":"Nouvelle fonction\u00a0: Umpire Developer"},"content":{"rendered":"\t\t<div data-elementor-type=\"wp-page\" data-elementor-id=\"63547\" class=\"elementor elementor-63547\" data-elementor-post-type=\"page\">\n\t\t\t\t<div class=\"elementor-element elementor-element-f5193b7 e-flex e-con-boxed e-con e-parent\" data-id=\"f5193b7\" data-element_type=\"container\" data-e-type=\"container\" data-settings=\"{&quot;jet_parallax_layout_list&quot;:[{&quot;jet_parallax_layout_image&quot;:{&quot;url&quot;:&quot;&quot;,&quot;id&quot;:&quot;&quot;,&quot;size&quot;:&quot;&quot;},&quot;_id&quot;:&quot;20a3005&quot;,&quot;jet_parallax_layout_image_tablet&quot;:{&quot;url&quot;:&quot;&quot;,&quot;id&quot;:&quot;&quot;,&quot;size&quot;:&quot;&quot;},&quot;jet_parallax_layout_image_mobile&quot;:{&quot;url&quot;:&quot;&quot;,&quot;id&quot;:&quot;&quot;,&quot;size&quot;:&quot;&quot;},&quot;jet_parallax_layout_image_widescreen&quot;:{&quot;url&quot;:&quot;&quot;,&quot;id&quot;:&quot;&quot;,&quot;size&quot;:&quot;&quot;},&quot;jet_parallax_layout_image_laptop&quot;:{&quot;url&quot;:&quot;&quot;,&quot;id&quot;:&quot;&quot;,&quot;size&quot;:&quot;&quot;},&quot;jet_parallax_layout_image_tablet_extra&quot;:{&quot;url&quot;:&quot;&quot;,&quot;id&quot;:&quot;&quot;,&quot;size&quot;:&quot;&quot;},&quot;jet_parallax_layout_image_mobile_extra&quot;:{&quot;url&quot;:&quot;&quot;,&quot;id&quot;:&quot;&quot;,&quot;size&quot;:&quot;&quot;},&quot;jet_parallax_layout_speed&quot;:{&quot;unit&quot;:&quot;%&quot;,&quot;size&quot;:50,&quot;sizes&quot;:[]},&quot;jet_parallax_layout_type&quot;:&quot;scroll&quot;,&quot;jet_parallax_layout_direction&quot;:&quot;1&quot;,&quot;jet_parallax_layout_fx_direction&quot;:null,&quot;jet_parallax_layout_z_index&quot;:&quot;&quot;,&quot;jet_parallax_layout_bg_x&quot;:50,&quot;jet_parallax_layout_bg_x_widescreen&quot;:&quot;&quot;,&quot;jet_parallax_layout_bg_x_laptop&quot;:&quot;&quot;,&quot;jet_parallax_layout_bg_x_tablet_extra&quot;:&quot;&quot;,&quot;jet_parallax_layout_bg_x_tablet&quot;:&quot;&quot;,&quot;jet_parallax_layout_bg_x_mobile_extra&quot;:&quot;&quot;,&quot;jet_parallax_layout_bg_x_mobile&quot;:&quot;&quot;,&quot;jet_parallax_layout_bg_y&quot;:50,&quot;jet_parallax_layout_bg_y_widescreen&quot;:&quot;&quot;,&quot;jet_parallax_layout_bg_y_laptop&quot;:&quot;&quot;,&quot;jet_parallax_layout_bg_y_tablet_extra&quot;:&quot;&quot;,&quot;jet_parallax_layout_bg_y_tablet&quot;:&quot;&quot;,&quot;jet_parallax_layout_bg_y_mobile_extra&quot;:&quot;&quot;,&quot;jet_parallax_layout_bg_y_mobile&quot;:&quot;&quot;,&quot;jet_parallax_layout_bg_size&quot;:&quot;auto&quot;,&quot;jet_parallax_layout_bg_size_widescreen&quot;:&quot;&quot;,&quot;jet_parallax_layout_bg_size_laptop&quot;:&quot;&quot;,&quot;jet_parallax_layout_bg_size_tablet_extra&quot;:&quot;&quot;,&quot;jet_parallax_layout_bg_size_tablet&quot;:&quot;&quot;,&quot;jet_parallax_layout_bg_size_mobile_extra&quot;:&quot;&quot;,&quot;jet_parallax_layout_bg_size_mobile&quot;:&quot;&quot;,&quot;jet_parallax_layout_animation_prop&quot;:&quot;transform&quot;,&quot;jet_parallax_layout_on&quot;:[&quot;desktop&quot;,&quot;tablet&quot;]}]}\">\n\t\t\t\t\t<div class=\"e-con-inner\">\n\t\t<div class=\"elementor-element elementor-element-e071298 e-con-full e-flex e-con e-child\" data-id=\"e071298\" data-element_type=\"container\" data-e-type=\"container\" data-settings=\"{&quot;jet_parallax_layout_list&quot;:[]}\">\n\t\t\t\t<div class=\"elementor-element elementor-element-d940599 elementor-hidden-tablet elementor-hidden-phone elementor-widget elementor-widget-wp-widget-nav_menu\" data-id=\"d940599\" data-element_type=\"widget\" data-e-type=\"widget\" data-widget_type=\"wp-widget-nav_menu.default\">\n\t\t\t\t<div class=\"elementor-widget-container\">\n\t\t\t\t\t<div class=\"menu-fr-side-officialsdivision-container\"><ul id=\"menu-fr-side-officialsdivision\" class=\"menu\"><li id=\"menu-item-82974\" class=\"menu-item menu-item-type-post_type menu-item-object-page menu-item-has-children menu-item-82974\"><a href=\"https:\/\/hockey.be\/fr\/officials-division\/\">Officials Division<\/a>\n<ul class=\"sub-menu\">\n\t<li id=\"menu-item-82978\" class=\"menu-item menu-item-type-post_type menu-item-object-page menu-item-82978\"><a href=\"https:\/\/hockey.be\/fr\/officials-division\/arbitrage-outdoor\/\">Arbitrage \u2013 outdoor<\/a><\/li>\n\t<li id=\"menu-item-82982\" class=\"menu-item menu-item-type-post_type menu-item-object-page menu-item-82982\"><a href=\"https:\/\/hockey.be\/fr\/officials-division\/regles-du-jeu-outdoor\/\">R\u00e8gles du jeu \u2013 outdoor<\/a><\/li>\n\t<li id=\"menu-item-82979\" class=\"menu-item menu-item-type-post_type menu-item-object-page menu-item-82979\"><a href=\"https:\/\/hockey.be\/fr\/officials-division\/regles-du-jeu-indoor\/\">R\u00e8gles du jeu \u2013 indoor<\/a><\/li>\n\t<li id=\"menu-item-82980\" class=\"menu-item menu-item-type-post_type menu-item-object-page menu-item-82980\"><a href=\"https:\/\/hockey.be\/fr\/hockey-wallonie-bruxelles\/hockey-academy\/umpire-academy\/\">Umpire Academy<\/a><\/li>\n\t<li id=\"menu-item-82981\" class=\"menu-item menu-item-type-post_type menu-item-object-page menu-item-82981\"><a href=\"https:\/\/hockey.be\/fr\/hockey-vlaanderen\/hockey-academy\/umpire-academy\/starttoumpire\/\">Start to umpire<\/a><\/li>\n\t<li id=\"menu-item-82975\" class=\"menu-item menu-item-type-post_type menu-item-object-page menu-item-82975\"><a href=\"https:\/\/hockey.be\/fr\/officials-division\/masterplan-arbitrage\/\">Masterplan arbitrage<\/a><\/li>\n<\/ul>\n<\/li>\n<\/ul><\/div>\t\t\t\t<\/div>\n\t\t\t\t<\/div>\n\t\t\t\t<\/div>\n\t\t<div class=\"elementor-element elementor-element-eef03da e-con-full e-flex e-con e-child\" data-id=\"eef03da\" data-element_type=\"container\" data-e-type=\"container\" data-settings=\"{&quot;jet_parallax_layout_list&quot;:[]}\">\n\t\t\t\t<div class=\"elementor-element elementor-element-f5fe5d8 elementor-widget elementor-widget-heading\" data-id=\"f5fe5d8\" data-element_type=\"widget\" data-e-type=\"widget\" data-widget_type=\"heading.default\">\n\t\t\t\t<div class=\"elementor-widget-container\">\n\t\t\t\t\t<h1 class=\"elementor-heading-title elementor-size-default\">Nouvelle fonction\u00a0: Umpire Developer<\/h1>\t\t\t\t<\/div>\n\t\t\t\t<\/div>\n\t\t\t\t<div class=\"elementor-element elementor-element-853f713 elementor-widget-divider--view-line elementor-widget elementor-widget-divider\" data-id=\"853f713\" data-element_type=\"widget\" data-e-type=\"widget\" data-widget_type=\"divider.default\">\n\t\t\t\t<div class=\"elementor-widget-container\">\n\t\t\t\t\t\t\t<div class=\"elementor-divider\">\n\t\t\t<span class=\"elementor-divider-separator\">\n\t\t\t\t\t\t<\/span>\n\t\t<\/div>\n\t\t\t\t\t\t<\/div>\n\t\t\t\t<\/div>\n\t\t\t\t<div class=\"elementor-element elementor-element-461d7a6 elementor-widget elementor-widget-text-editor\" data-id=\"461d7a6\" data-element_type=\"widget\" data-e-type=\"widget\" data-widget_type=\"text-editor.default\">\n\t\t\t\t<div class=\"elementor-widget-container\">\n\t\t\t\t\t\t\t\t\t<p>Pour progresser, un Arbitre National doit siffler r\u00e9guli\u00e8rement. Mais il y parviendra plus rapidement et plus efficacement s\u2019il est encadr\u00e9 par un autre arbitre plus exp\u00e9riment\u00e9 qui l\u2019accompagne dans le briefing avant et le d\u00e9briefing apr\u00e8s le match.<\/p><p>L\u2019Umpire Developer est une nouvelle fonction cr\u00e9\u00e9e dans le cadre du trajet de formation des Arbitres Nationaux. Le projet est en cours en U14 DH, mais il sera \u00e9tendu progressivement dans les autres cat\u00e9gories de division, afin d\u2019am\u00e9liorer la qualit\u00e9 de l\u2019arbitrage \u00e0 tous les niveaux.<\/p><p>11 Umpire Developers sont actuellement en action pour accompagner nos plus jeunes arbitres\u00a0:<\/p><ul><li>Bellemans Thalia<\/li><li>Bigar\u00e9 Thibault<\/li><li>Colemonts Antoine<\/li><li>Cuypers Pauline<\/li><li>Dagnelie Thomas<\/li><li>De Clercq Louis<\/li><li>Demarteau Alain<\/li><li>Dupret Herv\u00e9<\/li><li>Hardy Corentin<\/li><li>Jooris Mathei<\/li><li>Steens Frederic<\/li><\/ul>\t\t\t\t\t\t\t\t<\/div>\n\t\t\t\t<\/div>\n\t\t\t\t<div class=\"elementor-element elementor-element-3c8c83f elementor-widget-divider--view-line elementor-widget elementor-widget-divider\" data-id=\"3c8c83f\" data-element_type=\"widget\" data-e-type=\"widget\" data-widget_type=\"divider.default\">\n\t\t\t\t<div class=\"elementor-widget-container\">\n\t\t\t\t\t\t\t<div class=\"elementor-divider\">\n\t\t\t<span class=\"elementor-divider-separator\">\n\t\t\t\t\t\t<\/span>\n\t\t<\/div>\n\t\t\t\t\t\t<\/div>\n\t\t\t\t<\/div>\n\t\t\t\t<\/div>\n\t\t\t\t\t<\/div>\n\t\t\t\t<\/div>\n\t\t\t\t<\/div>\n\t\t","protected":false},"excerpt":{"rendered":"<p>Pour progresser, un Arbitre National doit siffler r\u00e9guli\u00e8rement. Mais il y parviendra plus rapidement et plus efficacement s\u2019il est encadr\u00e9 par un autre arbitre plus exp\u00e9riment\u00e9 qui l\u2019accompagne dans le [&hellip;]<\/p>\n","protected":false},"author":16,"featured_media":82735,"parent":55777,"menu_order":0,"comment_status":"closed","ping_status":"closed","template":"","meta":{"_acf_changed":false,"footnotes":""},"categories":[679],"tags":[],"class_list":["post-63547","page","type-page","status-publish","has-post-thumbnail","hentry","category-officials-division"],"acf":[],"yoast_head":"<!-- This site is optimized with the Yoast SEO plugin v27.3 - https:\/\/yoast.com\/product\/yoast-seo-wordpress\/ -->\n<title>Nouvelle fonction\u00a0: Umpire Developer - Hockey Belgium<\/title>\n<meta name=\"description\" content=\"Pour progresser, un Arbitre National doit siffler r\u00e9guli\u00e8rement. Mais il y parviendra plus rapidement et plus efficacement s\u2019il est encadr\u00e9\" \/>\n<meta name=\"robots\" content=\"index, follow, max-snippet:-1, max-image-preview:large, max-video-preview:-1\" \/>\n<link rel=\"canonical\" href=\"https:\/\/hockey.be\/fr\/officials-division\/umpire-developer\/\" \/>\n<meta property=\"og:locale\" content=\"fr_FR\" \/>\n<meta property=\"og:type\" content=\"article\" \/>\n<meta property=\"og:title\" content=\"Nouvelle fonction\u00a0: Umpire Developer - Hockey Belgium\" \/>\n<meta property=\"og:description\" content=\"Pour progresser, un Arbitre National doit siffler r\u00e9guli\u00e8rement. Mais il y parviendra plus rapidement et plus efficacement s\u2019il est encadr\u00e9\" \/>\n<meta property=\"og:url\" content=\"https:\/\/hockey.be\/fr\/officials-division\/umpire-developer\/\" \/>\n<meta property=\"og:site_name\" content=\"Hockey Belgium\" \/>\n<meta property=\"article:modified_time\" content=\"2025-08-27T15:49:38+00:00\" \/>\n<meta property=\"og:image\" content=\"https:\/\/hockey.be\/wp-content\/uploads\/2025\/08\/60.png\" \/>\n\t<meta property=\"og:image:width\" content=\"2400\" \/>\n\t<meta property=\"og:image:height\" content=\"665\" \/>\n\t<meta property=\"og:image:type\" content=\"image\/png\" \/>\n<meta name=\"twitter:card\" content=\"summary_large_image\" \/>\n<meta name=\"twitter:label1\" content=\"Dur\u00e9e de lecture estim\u00e9e\" \/>\n\t<meta name=\"twitter:data1\" content=\"1 minute\" \/>\n<script type=\"application\/ld+json\" class=\"yoast-schema-graph\">{\"@context\":\"https:\\\/\\\/schema.org\",\"@graph\":[{\"@type\":\"WebPage\",\"@id\":\"https:\\\/\\\/hockey.be\\\/fr\\\/officials-division\\\/umpire-developer\\\/\",\"url\":\"https:\\\/\\\/hockey.be\\\/fr\\\/officials-division\\\/umpire-developer\\\/\",\"name\":\"Nouvelle fonction\u00a0: Umpire Developer - Hockey Belgium\",\"isPartOf\":{\"@id\":\"https:\\\/\\\/hockey.be\\\/nl\\\/#website\"},\"primaryImageOfPage\":{\"@id\":\"https:\\\/\\\/hockey.be\\\/fr\\\/officials-division\\\/umpire-developer\\\/#primaryimage\"},\"image\":{\"@id\":\"https:\\\/\\\/hockey.be\\\/fr\\\/officials-division\\\/umpire-developer\\\/#primaryimage\"},\"thumbnailUrl\":\"https:\\\/\\\/hockey.be\\\/wp-content\\\/uploads\\\/2025\\\/08\\\/60.png\",\"datePublished\":\"2024-04-24T12:05:03+00:00\",\"dateModified\":\"2025-08-27T15:49:38+00:00\",\"description\":\"Pour progresser, un Arbitre National doit siffler r\u00e9guli\u00e8rement. Mais il y parviendra plus rapidement et plus efficacement s\u2019il est encadr\u00e9\",\"breadcrumb\":{\"@id\":\"https:\\\/\\\/hockey.be\\\/fr\\\/officials-division\\\/umpire-developer\\\/#breadcrumb\"},\"inLanguage\":\"fr-FR\",\"potentialAction\":[{\"@type\":\"ReadAction\",\"target\":[\"https:\\\/\\\/hockey.be\\\/fr\\\/officials-division\\\/umpire-developer\\\/\"]}]},{\"@type\":\"ImageObject\",\"inLanguage\":\"fr-FR\",\"@id\":\"https:\\\/\\\/hockey.be\\\/fr\\\/officials-division\\\/umpire-developer\\\/#primaryimage\",\"url\":\"https:\\\/\\\/hockey.be\\\/wp-content\\\/uploads\\\/2025\\\/08\\\/60.png\",\"contentUrl\":\"https:\\\/\\\/hockey.be\\\/wp-content\\\/uploads\\\/2025\\\/08\\\/60.png\",\"width\":2400,\"height\":665},{\"@type\":\"BreadcrumbList\",\"@id\":\"https:\\\/\\\/hockey.be\\\/fr\\\/officials-division\\\/umpire-developer\\\/#breadcrumb\",\"itemListElement\":[{\"@type\":\"ListItem\",\"position\":1,\"name\":\"Home\",\"item\":\"https:\\\/\\\/hockey.be\\\/fr\\\/\"},{\"@type\":\"ListItem\",\"position\":2,\"name\":\"Officials Division\",\"item\":\"https:\\\/\\\/hockey.be\\\/fr\\\/officials-division\\\/\"},{\"@type\":\"ListItem\",\"position\":3,\"name\":\"Nouvelle fonction\u00a0: Umpire Developer\"}]},{\"@type\":\"WebSite\",\"@id\":\"https:\\\/\\\/hockey.be\\\/nl\\\/#website\",\"url\":\"https:\\\/\\\/hockey.be\\\/nl\\\/\",\"name\":\"Hockey Belgium\",\"description\":\"En nog een WordPress website\",\"publisher\":{\"@id\":\"https:\\\/\\\/hockey.be\\\/nl\\\/#organization\"},\"potentialAction\":[{\"@type\":\"SearchAction\",\"target\":{\"@type\":\"EntryPoint\",\"urlTemplate\":\"https:\\\/\\\/hockey.be\\\/nl\\\/?s={search_term_string}\"},\"query-input\":{\"@type\":\"PropertyValueSpecification\",\"valueRequired\":true,\"valueName\":\"search_term_string\"}}],\"inLanguage\":\"fr-FR\"},{\"@type\":\"Organization\",\"@id\":\"https:\\\/\\\/hockey.be\\\/nl\\\/#organization\",\"name\":\"Hockey Belgium\",\"url\":\"https:\\\/\\\/hockey.be\\\/nl\\\/\",\"logo\":{\"@type\":\"ImageObject\",\"inLanguage\":\"fr-FR\",\"@id\":\"https:\\\/\\\/hockey.be\\\/nl\\\/#\\\/schema\\\/logo\\\/image\\\/\",\"url\":\"https:\\\/\\\/hockey.be\\\/wp-content\\\/uploads\\\/2025\\\/07\\\/logo-hockey-be.svg\",\"contentUrl\":\"https:\\\/\\\/hockey.be\\\/wp-content\\\/uploads\\\/2025\\\/07\\\/logo-hockey-be.svg\",\"width\":724.16,\"height\":241.49,\"caption\":\"Hockey Belgium\"},\"image\":{\"@id\":\"https:\\\/\\\/hockey.be\\\/nl\\\/#\\\/schema\\\/logo\\\/image\\\/\"}}]}<\/script>\n<!-- \/ Yoast SEO plugin. -->","yoast_head_json":{"title":"Nouvelle fonction\u00a0: Umpire Developer - Hockey Belgium","description":"Pour progresser, un Arbitre National doit siffler r\u00e9guli\u00e8rement. Mais il y parviendra plus rapidement et plus efficacement s\u2019il est encadr\u00e9","robots":{"index":"index","follow":"follow","max-snippet":"max-snippet:-1","max-image-preview":"max-image-preview:large","max-video-preview":"max-video-preview:-1"},"canonical":"https:\/\/hockey.be\/fr\/officials-division\/umpire-developer\/","og_locale":"fr_FR","og_type":"article","og_title":"Nouvelle fonction\u00a0: Umpire Developer - Hockey Belgium","og_description":"Pour progresser, un Arbitre National doit siffler r\u00e9guli\u00e8rement. Mais il y parviendra plus rapidement et plus efficacement s\u2019il est encadr\u00e9","og_url":"https:\/\/hockey.be\/fr\/officials-division\/umpire-developer\/","og_site_name":"Hockey Belgium","article_modified_time":"2025-08-27T15:49:38+00:00","og_image":[{"width":2400,"height":665,"url":"https:\/\/hockey.be\/wp-content\/uploads\/2025\/08\/60.png","type":"image\/png"}],"twitter_card":"summary_large_image","twitter_misc":{"Dur\u00e9e de lecture estim\u00e9e":"1 minute"},"schema":{"@context":"https:\/\/schema.org","@graph":[{"@type":"WebPage","@id":"https:\/\/hockey.be\/fr\/officials-division\/umpire-developer\/","url":"https:\/\/hockey.be\/fr\/officials-division\/umpire-developer\/","name":"Nouvelle fonction\u00a0: Umpire Developer - Hockey Belgium","isPartOf":{"@id":"https:\/\/hockey.be\/nl\/#website"},"primaryImageOfPage":{"@id":"https:\/\/hockey.be\/fr\/officials-division\/umpire-developer\/#primaryimage"},"image":{"@id":"https:\/\/hockey.be\/fr\/officials-division\/umpire-developer\/#primaryimage"},"thumbnailUrl":"https:\/\/hockey.be\/wp-content\/uploads\/2025\/08\/60.png","datePublished":"2024-04-24T12:05:03+00:00","dateModified":"2025-08-27T15:49:38+00:00","description":"Pour progresser, un Arbitre National doit siffler r\u00e9guli\u00e8rement. Mais il y parviendra plus rapidement et plus efficacement s\u2019il est encadr\u00e9","breadcrumb":{"@id":"https:\/\/hockey.be\/fr\/officials-division\/umpire-developer\/#breadcrumb"},"inLanguage":"fr-FR","potentialAction":[{"@type":"ReadAction","target":["https:\/\/hockey.be\/fr\/officials-division\/umpire-developer\/"]}]},{"@type":"ImageObject","inLanguage":"fr-FR","@id":"https:\/\/hockey.be\/fr\/officials-division\/umpire-developer\/#primaryimage","url":"https:\/\/hockey.be\/wp-content\/uploads\/2025\/08\/60.png","contentUrl":"https:\/\/hockey.be\/wp-content\/uploads\/2025\/08\/60.png","width":2400,"height":665},{"@type":"BreadcrumbList","@id":"https:\/\/hockey.be\/fr\/officials-division\/umpire-developer\/#breadcrumb","itemListElement":[{"@type":"ListItem","position":1,"name":"Home","item":"https:\/\/hockey.be\/fr\/"},{"@type":"ListItem","position":2,"name":"Officials Division","item":"https:\/\/hockey.be\/fr\/officials-division\/"},{"@type":"ListItem","position":3,"name":"Nouvelle fonction\u00a0: Umpire Developer"}]},{"@type":"WebSite","@id":"https:\/\/hockey.be\/nl\/#website","url":"https:\/\/hockey.be\/nl\/","name":"Hockey Belgium","description":"En nog een WordPress website","publisher":{"@id":"https:\/\/hockey.be\/nl\/#organization"},"potentialAction":[{"@type":"SearchAction","target":{"@type":"EntryPoint","urlTemplate":"https:\/\/hockey.be\/nl\/?s={search_term_string}"},"query-input":{"@type":"PropertyValueSpecification","valueRequired":true,"valueName":"search_term_string"}}],"inLanguage":"fr-FR"},{"@type":"Organization","@id":"https:\/\/hockey.be\/nl\/#organization","name":"Hockey Belgium","url":"https:\/\/hockey.be\/nl\/","logo":{"@type":"ImageObject","inLanguage":"fr-FR","@id":"https:\/\/hockey.be\/nl\/#\/schema\/logo\/image\/","url":"https:\/\/hockey.be\/wp-content\/uploads\/2025\/07\/logo-hockey-be.svg","contentUrl":"https:\/\/hockey.be\/wp-content\/uploads\/2025\/07\/logo-hockey-be.svg","width":724.16,"height":241.49,"caption":"Hockey Belgium"},"image":{"@id":"https:\/\/hockey.be\/nl\/#\/schema\/logo\/image\/"}}]}},"_links":{"self":[{"href":"https:\/\/hockey.be\/fr\/wp-json\/wp\/v2\/pages\/63547","targetHints":{"allow":["GET"]}}],"collection":[{"href":"https:\/\/hockey.be\/fr\/wp-json\/wp\/v2\/pages"}],"about":[{"href":"https:\/\/hockey.be\/fr\/wp-json\/wp\/v2\/types\/page"}],"author":[{"embeddable":true,"href":"https:\/\/hockey.be\/fr\/wp-json\/wp\/v2\/users\/16"}],"replies":[{"embeddable":true,"href":"https:\/\/hockey.be\/fr\/wp-json\/wp\/v2\/comments?post=63547"}],"version-history":[{"count":7,"href":"https:\/\/hockey.be\/fr\/wp-json\/wp\/v2\/pages\/63547\/revisions"}],"predecessor-version":[{"id":84932,"href":"https:\/\/hockey.be\/fr\/wp-json\/wp\/v2\/pages\/63547\/revisions\/84932"}],"up":[{"embeddable":true,"href":"https:\/\/hockey.be\/fr\/wp-json\/wp\/v2\/pages\/55777"}],"wp:featuredmedia":[{"embeddable":true,"href":"https:\/\/hockey.be\/fr\/wp-json\/wp\/v2\/media\/82735"}],"wp:attachment":[{"href":"https:\/\/hockey.be\/fr\/wp-json\/wp\/v2\/media?parent=63547"}],"wp:term":[{"taxonomy":"category","embeddable":true,"href":"https:\/\/hockey.be\/fr\/wp-json\/wp\/v2\/categories?post=63547"},{"taxonomy":"post_tag","embeddable":true,"href":"https:\/\/hockey.be\/fr\/wp-json\/wp\/v2\/tags?post=63547"}],"curies":[{"name":"wp","href":"https:\/\/api.w.org\/{rel}","templated":true}]}}