{"id":63526,"date":"2024-04-24T13:16:36","date_gmt":"2024-04-24T11:16:36","guid":{"rendered":"https:\/\/hockey.be\/?page_id=63526"},"modified":"2025-08-27T17:46:24","modified_gmt":"2025-08-27T15:46:24","slug":"workshops-hockey-rules","status":"publish","type":"page","link":"https:\/\/hockey.be\/fr\/officials-division\/workshops-hockey-rules\/","title":{"rendered":"Workshops hockey rules"},"content":{"rendered":"\t\t<div data-elementor-type=\"wp-page\" data-elementor-id=\"63526\" class=\"elementor elementor-63526 elementor-63525\" data-elementor-post-type=\"page\">\n\t\t\t\t<div class=\"elementor-element elementor-element-48cf0b9 e-flex e-con-boxed e-con e-parent\" data-id=\"48cf0b9\" data-element_type=\"container\" data-e-type=\"container\" data-settings=\"{&quot;jet_parallax_layout_list&quot;:[{&quot;jet_parallax_layout_image&quot;:{&quot;url&quot;:&quot;&quot;,&quot;id&quot;:&quot;&quot;,&quot;size&quot;:&quot;&quot;},&quot;_id&quot;:&quot;20a3005&quot;,&quot;jet_parallax_layout_image_tablet&quot;:{&quot;url&quot;:&quot;&quot;,&quot;id&quot;:&quot;&quot;,&quot;size&quot;:&quot;&quot;},&quot;jet_parallax_layout_image_mobile&quot;:{&quot;url&quot;:&quot;&quot;,&quot;id&quot;:&quot;&quot;,&quot;size&quot;:&quot;&quot;},&quot;jet_parallax_layout_image_widescreen&quot;:{&quot;url&quot;:&quot;&quot;,&quot;id&quot;:&quot;&quot;,&quot;size&quot;:&quot;&quot;},&quot;jet_parallax_layout_image_laptop&quot;:{&quot;url&quot;:&quot;&quot;,&quot;id&quot;:&quot;&quot;,&quot;size&quot;:&quot;&quot;},&quot;jet_parallax_layout_image_tablet_extra&quot;:{&quot;url&quot;:&quot;&quot;,&quot;id&quot;:&quot;&quot;,&quot;size&quot;:&quot;&quot;},&quot;jet_parallax_layout_image_mobile_extra&quot;:{&quot;url&quot;:&quot;&quot;,&quot;id&quot;:&quot;&quot;,&quot;size&quot;:&quot;&quot;},&quot;jet_parallax_layout_speed&quot;:{&quot;unit&quot;:&quot;%&quot;,&quot;size&quot;:50,&quot;sizes&quot;:[]},&quot;jet_parallax_layout_type&quot;:&quot;scroll&quot;,&quot;jet_parallax_layout_direction&quot;:&quot;1&quot;,&quot;jet_parallax_layout_fx_direction&quot;:null,&quot;jet_parallax_layout_z_index&quot;:&quot;&quot;,&quot;jet_parallax_layout_bg_x&quot;:50,&quot;jet_parallax_layout_bg_x_widescreen&quot;:&quot;&quot;,&quot;jet_parallax_layout_bg_x_laptop&quot;:&quot;&quot;,&quot;jet_parallax_layout_bg_x_tablet_extra&quot;:&quot;&quot;,&quot;jet_parallax_layout_bg_x_tablet&quot;:&quot;&quot;,&quot;jet_parallax_layout_bg_x_mobile_extra&quot;:&quot;&quot;,&quot;jet_parallax_layout_bg_x_mobile&quot;:&quot;&quot;,&quot;jet_parallax_layout_bg_y&quot;:50,&quot;jet_parallax_layout_bg_y_widescreen&quot;:&quot;&quot;,&quot;jet_parallax_layout_bg_y_laptop&quot;:&quot;&quot;,&quot;jet_parallax_layout_bg_y_tablet_extra&quot;:&quot;&quot;,&quot;jet_parallax_layout_bg_y_tablet&quot;:&quot;&quot;,&quot;jet_parallax_layout_bg_y_mobile_extra&quot;:&quot;&quot;,&quot;jet_parallax_layout_bg_y_mobile&quot;:&quot;&quot;,&quot;jet_parallax_layout_bg_size&quot;:&quot;auto&quot;,&quot;jet_parallax_layout_bg_size_widescreen&quot;:&quot;&quot;,&quot;jet_parallax_layout_bg_size_laptop&quot;:&quot;&quot;,&quot;jet_parallax_layout_bg_size_tablet_extra&quot;:&quot;&quot;,&quot;jet_parallax_layout_bg_size_tablet&quot;:&quot;&quot;,&quot;jet_parallax_layout_bg_size_mobile_extra&quot;:&quot;&quot;,&quot;jet_parallax_layout_bg_size_mobile&quot;:&quot;&quot;,&quot;jet_parallax_layout_animation_prop&quot;:&quot;transform&quot;,&quot;jet_parallax_layout_on&quot;:[&quot;desktop&quot;,&quot;tablet&quot;]}]}\">\n\t\t\t\t\t<div class=\"e-con-inner\">\n\t\t<div class=\"elementor-element elementor-element-be0effa e-con-full e-flex e-con e-child\" data-id=\"be0effa\" data-element_type=\"container\" data-e-type=\"container\" data-settings=\"{&quot;jet_parallax_layout_list&quot;:[]}\">\n\t\t\t\t<div class=\"elementor-element elementor-element-473fdb6 elementor-hidden-tablet elementor-hidden-phone elementor-widget elementor-widget-wp-widget-nav_menu\" data-id=\"473fdb6\" data-element_type=\"widget\" data-e-type=\"widget\" data-widget_type=\"wp-widget-nav_menu.default\">\n\t\t\t\t<div class=\"elementor-widget-container\">\n\t\t\t\t\t<div class=\"menu-fr-side-officialsdivision-container\"><ul id=\"menu-fr-side-officialsdivision\" class=\"menu\"><li id=\"menu-item-82974\" class=\"menu-item menu-item-type-post_type menu-item-object-page menu-item-has-children menu-item-82974\"><a href=\"https:\/\/hockey.be\/fr\/officials-division\/\">Officials Division<\/a>\n<ul class=\"sub-menu\">\n\t<li id=\"menu-item-82978\" class=\"menu-item menu-item-type-post_type menu-item-object-page menu-item-82978\"><a href=\"https:\/\/hockey.be\/fr\/officials-division\/arbitrage-outdoor\/\">Arbitrage \u2013 outdoor<\/a><\/li>\n\t<li id=\"menu-item-82982\" class=\"menu-item menu-item-type-post_type menu-item-object-page menu-item-82982\"><a href=\"https:\/\/hockey.be\/fr\/officials-division\/regles-du-jeu-outdoor\/\">R\u00e8gles du jeu \u2013 outdoor<\/a><\/li>\n\t<li id=\"menu-item-82979\" class=\"menu-item menu-item-type-post_type menu-item-object-page menu-item-82979\"><a href=\"https:\/\/hockey.be\/fr\/officials-division\/regles-du-jeu-indoor\/\">R\u00e8gles du jeu \u2013 indoor<\/a><\/li>\n\t<li id=\"menu-item-82980\" class=\"menu-item menu-item-type-post_type menu-item-object-page menu-item-82980\"><a href=\"https:\/\/hockey.be\/fr\/hockey-wallonie-bruxelles\/hockey-academy\/umpire-academy\/\">Umpire Academy<\/a><\/li>\n\t<li id=\"menu-item-82981\" class=\"menu-item menu-item-type-post_type menu-item-object-page menu-item-82981\"><a href=\"https:\/\/hockey.be\/fr\/hockey-vlaanderen\/hockey-academy\/umpire-academy\/starttoumpire\/\">Start to umpire<\/a><\/li>\n\t<li id=\"menu-item-82975\" class=\"menu-item menu-item-type-post_type menu-item-object-page menu-item-82975\"><a href=\"https:\/\/hockey.be\/fr\/officials-division\/masterplan-arbitrage\/\">Masterplan arbitrage<\/a><\/li>\n<\/ul>\n<\/li>\n<\/ul><\/div>\t\t\t\t<\/div>\n\t\t\t\t<\/div>\n\t\t\t\t<\/div>\n\t\t<div class=\"elementor-element elementor-element-c7aa007 e-con-full e-flex e-con e-child\" data-id=\"c7aa007\" data-element_type=\"container\" data-e-type=\"container\" data-settings=\"{&quot;jet_parallax_layout_list&quot;:[]}\">\n\t\t\t\t<div class=\"elementor-element elementor-element-9f668e3 elementor-widget elementor-widget-heading\" data-id=\"9f668e3\" data-element_type=\"widget\" data-e-type=\"widget\" data-widget_type=\"heading.default\">\n\t\t\t\t<div class=\"elementor-widget-container\">\n\t\t\t\t\t<h1 class=\"elementor-heading-title elementor-size-default\">Workshops hockey rules<\/h1>\t\t\t\t<\/div>\n\t\t\t\t<\/div>\n\t\t\t\t<div class=\"elementor-element elementor-element-644b7e7 elementor-widget-divider--view-line elementor-widget elementor-widget-divider\" data-id=\"644b7e7\" data-element_type=\"widget\" data-e-type=\"widget\" data-widget_type=\"divider.default\">\n\t\t\t\t<div class=\"elementor-widget-container\">\n\t\t\t\t\t\t\t<div class=\"elementor-divider\">\n\t\t\t<span class=\"elementor-divider-separator\">\n\t\t\t\t\t\t<\/span>\n\t\t<\/div>\n\t\t\t\t\t\t<\/div>\n\t\t\t\t<\/div>\n\t\t\t\t<div class=\"elementor-element elementor-element-4fb8d96 elementor-widget elementor-widget-text-editor\" data-id=\"4fb8d96\" data-element_type=\"widget\" data-e-type=\"widget\" data-widget_type=\"text-editor.default\">\n\t\t\t\t<div class=\"elementor-widget-container\">\n\t\t\t\t\t\t\t\t\t<p>Il s\u2019agit d\u2019ateliers de travail lors desquels des r\u00e8gles du jeu sont analys\u00e9es.<\/p><p>Les sessions sont g\u00e9n\u00e9ralement organis\u00e9es dans le cadre des <a href=\"https:\/\/hockey.be\/fr\/officials-division\/tournee-arbitrale\/\">tourn\u00e9es arbitrales<\/a>, r\u00e9unions de reprise pour les arbitres ou autres soir\u00e9es arbitrage pr\u00e9vues \u00e0 cet effet. Le plus souvent nous nous basons sur des images vid\u00e9os (phases de jeu film\u00e9es) pour renforcer la connaissance des r\u00e8gles du jeu et de leur application.<\/p><p>Ces workshops sont \u00e9galement des moments d\u2019\u00e9change o\u00f9 de nombreuses questions sont pos\u00e9es et o\u00f9 l\u2019interpr\u00e9tation des r\u00e8gles et des fautes est souvent d\u00e9battue.<\/p>\t\t\t\t\t\t\t\t<\/div>\n\t\t\t\t<\/div>\n\t\t\t\t<div class=\"elementor-element elementor-element-ef031f8 elementor-widget-divider--view-line elementor-widget elementor-widget-divider\" data-id=\"ef031f8\" data-element_type=\"widget\" data-e-type=\"widget\" data-widget_type=\"divider.default\">\n\t\t\t\t<div class=\"elementor-widget-container\">\n\t\t\t\t\t\t\t<div class=\"elementor-divider\">\n\t\t\t<span class=\"elementor-divider-separator\">\n\t\t\t\t\t\t<\/span>\n\t\t<\/div>\n\t\t\t\t\t\t<\/div>\n\t\t\t\t<\/div>\n\t\t\t\t<\/div>\n\t\t\t\t\t<\/div>\n\t\t\t\t<\/div>\n\t\t\t\t<\/div>\n\t\t","protected":false},"excerpt":{"rendered":"<p>Il s\u2019agit d\u2019ateliers de travail lors desquels des r\u00e8gles du jeu sont analys\u00e9es. Les sessions sont g\u00e9n\u00e9ralement organis\u00e9es dans le cadre des tourn\u00e9es arbitrales, r\u00e9unions de reprise pour les arbitres [&hellip;]<\/p>\n","protected":false},"author":16,"featured_media":82753,"parent":55777,"menu_order":0,"comment_status":"closed","ping_status":"closed","template":"","meta":{"_acf_changed":false,"footnotes":""},"categories":[679],"tags":[],"class_list":["post-63526","page","type-page","status-publish","has-post-thumbnail","hentry","category-officials-division"],"acf":[],"yoast_head":"<!-- This site is optimized with the Yoast SEO plugin v27.3 - https:\/\/yoast.com\/product\/yoast-seo-wordpress\/ -->\n<title>Workshops hockey rules - Hockey Belgium<\/title>\n<meta name=\"description\" content=\"Il s\u2019agit d\u2019ateliers de travail lors desquels des r\u00e8gles du jeu sont analys\u00e9es. Les sessions sont g\u00e9n\u00e9ralement organis\u00e9es (lire plus)\" \/>\n<meta name=\"robots\" content=\"index, follow, max-snippet:-1, max-image-preview:large, max-video-preview:-1\" \/>\n<link rel=\"canonical\" href=\"https:\/\/hockey.be\/fr\/officials-division\/workshops-hockey-rules\/\" \/>\n<meta property=\"og:locale\" content=\"fr_FR\" \/>\n<meta property=\"og:type\" content=\"article\" \/>\n<meta property=\"og:title\" content=\"Workshops hockey rules - Hockey Belgium\" \/>\n<meta property=\"og:description\" content=\"Il s\u2019agit d\u2019ateliers de travail lors desquels des r\u00e8gles du jeu sont analys\u00e9es. Les sessions sont g\u00e9n\u00e9ralement organis\u00e9es (lire plus)\" \/>\n<meta property=\"og:url\" content=\"https:\/\/hockey.be\/fr\/officials-division\/workshops-hockey-rules\/\" \/>\n<meta property=\"og:site_name\" content=\"Hockey Belgium\" \/>\n<meta property=\"article:modified_time\" content=\"2025-08-27T15:46:24+00:00\" \/>\n<meta property=\"og:image\" content=\"https:\/\/hockey.be\/wp-content\/uploads\/2025\/08\/66.png\" \/>\n\t<meta property=\"og:image:width\" content=\"2400\" \/>\n\t<meta property=\"og:image:height\" content=\"665\" \/>\n\t<meta property=\"og:image:type\" content=\"image\/png\" \/>\n<meta name=\"twitter:card\" content=\"summary_large_image\" \/>\n<meta name=\"twitter:label1\" content=\"Dur\u00e9e de lecture estim\u00e9e\" \/>\n\t<meta name=\"twitter:data1\" content=\"1 minute\" \/>\n<script type=\"application\/ld+json\" class=\"yoast-schema-graph\">{\"@context\":\"https:\\\/\\\/schema.org\",\"@graph\":[{\"@type\":\"WebPage\",\"@id\":\"https:\\\/\\\/hockey.be\\\/fr\\\/officials-division\\\/workshops-hockey-rules\\\/\",\"url\":\"https:\\\/\\\/hockey.be\\\/fr\\\/officials-division\\\/workshops-hockey-rules\\\/\",\"name\":\"Workshops hockey rules - Hockey Belgium\",\"isPartOf\":{\"@id\":\"https:\\\/\\\/hockey.be\\\/nl\\\/#website\"},\"primaryImageOfPage\":{\"@id\":\"https:\\\/\\\/hockey.be\\\/fr\\\/officials-division\\\/workshops-hockey-rules\\\/#primaryimage\"},\"image\":{\"@id\":\"https:\\\/\\\/hockey.be\\\/fr\\\/officials-division\\\/workshops-hockey-rules\\\/#primaryimage\"},\"thumbnailUrl\":\"https:\\\/\\\/hockey.be\\\/wp-content\\\/uploads\\\/2025\\\/08\\\/66.png\",\"datePublished\":\"2024-04-24T11:16:36+00:00\",\"dateModified\":\"2025-08-27T15:46:24+00:00\",\"description\":\"Il s\u2019agit d\u2019ateliers de travail lors desquels des r\u00e8gles du jeu sont analys\u00e9es. Les sessions sont g\u00e9n\u00e9ralement organis\u00e9es (lire plus)\",\"breadcrumb\":{\"@id\":\"https:\\\/\\\/hockey.be\\\/fr\\\/officials-division\\\/workshops-hockey-rules\\\/#breadcrumb\"},\"inLanguage\":\"fr-FR\",\"potentialAction\":[{\"@type\":\"ReadAction\",\"target\":[\"https:\\\/\\\/hockey.be\\\/fr\\\/officials-division\\\/workshops-hockey-rules\\\/\"]}]},{\"@type\":\"ImageObject\",\"inLanguage\":\"fr-FR\",\"@id\":\"https:\\\/\\\/hockey.be\\\/fr\\\/officials-division\\\/workshops-hockey-rules\\\/#primaryimage\",\"url\":\"https:\\\/\\\/hockey.be\\\/wp-content\\\/uploads\\\/2025\\\/08\\\/66.png\",\"contentUrl\":\"https:\\\/\\\/hockey.be\\\/wp-content\\\/uploads\\\/2025\\\/08\\\/66.png\",\"width\":2400,\"height\":665},{\"@type\":\"BreadcrumbList\",\"@id\":\"https:\\\/\\\/hockey.be\\\/fr\\\/officials-division\\\/workshops-hockey-rules\\\/#breadcrumb\",\"itemListElement\":[{\"@type\":\"ListItem\",\"position\":1,\"name\":\"Home\",\"item\":\"https:\\\/\\\/hockey.be\\\/fr\\\/\"},{\"@type\":\"ListItem\",\"position\":2,\"name\":\"Officials Division\",\"item\":\"https:\\\/\\\/hockey.be\\\/fr\\\/officials-division\\\/\"},{\"@type\":\"ListItem\",\"position\":3,\"name\":\"Workshops hockey rules\"}]},{\"@type\":\"WebSite\",\"@id\":\"https:\\\/\\\/hockey.be\\\/nl\\\/#website\",\"url\":\"https:\\\/\\\/hockey.be\\\/nl\\\/\",\"name\":\"Hockey Belgium\",\"description\":\"En nog een WordPress website\",\"publisher\":{\"@id\":\"https:\\\/\\\/hockey.be\\\/nl\\\/#organization\"},\"potentialAction\":[{\"@type\":\"SearchAction\",\"target\":{\"@type\":\"EntryPoint\",\"urlTemplate\":\"https:\\\/\\\/hockey.be\\\/nl\\\/?s={search_term_string}\"},\"query-input\":{\"@type\":\"PropertyValueSpecification\",\"valueRequired\":true,\"valueName\":\"search_term_string\"}}],\"inLanguage\":\"fr-FR\"},{\"@type\":\"Organization\",\"@id\":\"https:\\\/\\\/hockey.be\\\/nl\\\/#organization\",\"name\":\"Hockey Belgium\",\"url\":\"https:\\\/\\\/hockey.be\\\/nl\\\/\",\"logo\":{\"@type\":\"ImageObject\",\"inLanguage\":\"fr-FR\",\"@id\":\"https:\\\/\\\/hockey.be\\\/nl\\\/#\\\/schema\\\/logo\\\/image\\\/\",\"url\":\"https:\\\/\\\/hockey.be\\\/wp-content\\\/uploads\\\/2025\\\/07\\\/logo-hockey-be.svg\",\"contentUrl\":\"https:\\\/\\\/hockey.be\\\/wp-content\\\/uploads\\\/2025\\\/07\\\/logo-hockey-be.svg\",\"width\":724.16,\"height\":241.49,\"caption\":\"Hockey Belgium\"},\"image\":{\"@id\":\"https:\\\/\\\/hockey.be\\\/nl\\\/#\\\/schema\\\/logo\\\/image\\\/\"}}]}<\/script>\n<!-- \/ Yoast SEO plugin. -->","yoast_head_json":{"title":"Workshops hockey rules - Hockey Belgium","description":"Il s\u2019agit d\u2019ateliers de travail lors desquels des r\u00e8gles du jeu sont analys\u00e9es. Les sessions sont g\u00e9n\u00e9ralement organis\u00e9es (lire plus)","robots":{"index":"index","follow":"follow","max-snippet":"max-snippet:-1","max-image-preview":"max-image-preview:large","max-video-preview":"max-video-preview:-1"},"canonical":"https:\/\/hockey.be\/fr\/officials-division\/workshops-hockey-rules\/","og_locale":"fr_FR","og_type":"article","og_title":"Workshops hockey rules - Hockey Belgium","og_description":"Il s\u2019agit d\u2019ateliers de travail lors desquels des r\u00e8gles du jeu sont analys\u00e9es. Les sessions sont g\u00e9n\u00e9ralement organis\u00e9es (lire plus)","og_url":"https:\/\/hockey.be\/fr\/officials-division\/workshops-hockey-rules\/","og_site_name":"Hockey Belgium","article_modified_time":"2025-08-27T15:46:24+00:00","og_image":[{"width":2400,"height":665,"url":"https:\/\/hockey.be\/wp-content\/uploads\/2025\/08\/66.png","type":"image\/png"}],"twitter_card":"summary_large_image","twitter_misc":{"Dur\u00e9e de lecture estim\u00e9e":"1 minute"},"schema":{"@context":"https:\/\/schema.org","@graph":[{"@type":"WebPage","@id":"https:\/\/hockey.be\/fr\/officials-division\/workshops-hockey-rules\/","url":"https:\/\/hockey.be\/fr\/officials-division\/workshops-hockey-rules\/","name":"Workshops hockey rules - Hockey Belgium","isPartOf":{"@id":"https:\/\/hockey.be\/nl\/#website"},"primaryImageOfPage":{"@id":"https:\/\/hockey.be\/fr\/officials-division\/workshops-hockey-rules\/#primaryimage"},"image":{"@id":"https:\/\/hockey.be\/fr\/officials-division\/workshops-hockey-rules\/#primaryimage"},"thumbnailUrl":"https:\/\/hockey.be\/wp-content\/uploads\/2025\/08\/66.png","datePublished":"2024-04-24T11:16:36+00:00","dateModified":"2025-08-27T15:46:24+00:00","description":"Il s\u2019agit d\u2019ateliers de travail lors desquels des r\u00e8gles du jeu sont analys\u00e9es. Les sessions sont g\u00e9n\u00e9ralement organis\u00e9es (lire plus)","breadcrumb":{"@id":"https:\/\/hockey.be\/fr\/officials-division\/workshops-hockey-rules\/#breadcrumb"},"inLanguage":"fr-FR","potentialAction":[{"@type":"ReadAction","target":["https:\/\/hockey.be\/fr\/officials-division\/workshops-hockey-rules\/"]}]},{"@type":"ImageObject","inLanguage":"fr-FR","@id":"https:\/\/hockey.be\/fr\/officials-division\/workshops-hockey-rules\/#primaryimage","url":"https:\/\/hockey.be\/wp-content\/uploads\/2025\/08\/66.png","contentUrl":"https:\/\/hockey.be\/wp-content\/uploads\/2025\/08\/66.png","width":2400,"height":665},{"@type":"BreadcrumbList","@id":"https:\/\/hockey.be\/fr\/officials-division\/workshops-hockey-rules\/#breadcrumb","itemListElement":[{"@type":"ListItem","position":1,"name":"Home","item":"https:\/\/hockey.be\/fr\/"},{"@type":"ListItem","position":2,"name":"Officials Division","item":"https:\/\/hockey.be\/fr\/officials-division\/"},{"@type":"ListItem","position":3,"name":"Workshops hockey rules"}]},{"@type":"WebSite","@id":"https:\/\/hockey.be\/nl\/#website","url":"https:\/\/hockey.be\/nl\/","name":"Hockey Belgium","description":"En nog een WordPress website","publisher":{"@id":"https:\/\/hockey.be\/nl\/#organization"},"potentialAction":[{"@type":"SearchAction","target":{"@type":"EntryPoint","urlTemplate":"https:\/\/hockey.be\/nl\/?s={search_term_string}"},"query-input":{"@type":"PropertyValueSpecification","valueRequired":true,"valueName":"search_term_string"}}],"inLanguage":"fr-FR"},{"@type":"Organization","@id":"https:\/\/hockey.be\/nl\/#organization","name":"Hockey Belgium","url":"https:\/\/hockey.be\/nl\/","logo":{"@type":"ImageObject","inLanguage":"fr-FR","@id":"https:\/\/hockey.be\/nl\/#\/schema\/logo\/image\/","url":"https:\/\/hockey.be\/wp-content\/uploads\/2025\/07\/logo-hockey-be.svg","contentUrl":"https:\/\/hockey.be\/wp-content\/uploads\/2025\/07\/logo-hockey-be.svg","width":724.16,"height":241.49,"caption":"Hockey Belgium"},"image":{"@id":"https:\/\/hockey.be\/nl\/#\/schema\/logo\/image\/"}}]}},"_links":{"self":[{"href":"https:\/\/hockey.be\/fr\/wp-json\/wp\/v2\/pages\/63526","targetHints":{"allow":["GET"]}}],"collection":[{"href":"https:\/\/hockey.be\/fr\/wp-json\/wp\/v2\/pages"}],"about":[{"href":"https:\/\/hockey.be\/fr\/wp-json\/wp\/v2\/types\/page"}],"author":[{"embeddable":true,"href":"https:\/\/hockey.be\/fr\/wp-json\/wp\/v2\/users\/16"}],"replies":[{"embeddable":true,"href":"https:\/\/hockey.be\/fr\/wp-json\/wp\/v2\/comments?post=63526"}],"version-history":[{"count":16,"href":"https:\/\/hockey.be\/fr\/wp-json\/wp\/v2\/pages\/63526\/revisions"}],"predecessor-version":[{"id":84920,"href":"https:\/\/hockey.be\/fr\/wp-json\/wp\/v2\/pages\/63526\/revisions\/84920"}],"up":[{"embeddable":true,"href":"https:\/\/hockey.be\/fr\/wp-json\/wp\/v2\/pages\/55777"}],"wp:featuredmedia":[{"embeddable":true,"href":"https:\/\/hockey.be\/fr\/wp-json\/wp\/v2\/media\/82753"}],"wp:attachment":[{"href":"https:\/\/hockey.be\/fr\/wp-json\/wp\/v2\/media?parent=63526"}],"wp:term":[{"taxonomy":"category","embeddable":true,"href":"https:\/\/hockey.be\/fr\/wp-json\/wp\/v2\/categories?post=63526"},{"taxonomy":"post_tag","embeddable":true,"href":"https:\/\/hockey.be\/fr\/wp-json\/wp\/v2\/tags?post=63526"}],"curies":[{"name":"wp","href":"https:\/\/api.w.org\/{rel}","templated":true}]}}