{"id":62282,"date":"2024-03-14T10:18:58","date_gmt":"2024-03-14T09:18:58","guid":{"rendered":"https:\/\/hockey.be\/?page_id=62282"},"modified":"2026-04-15T15:49:06","modified_gmt":"2026-04-15T13:49:06","slug":"strategic-plan","status":"publish","type":"page","link":"https:\/\/hockey.be\/fr\/officials-division\/strategic-plan\/","title":{"rendered":"Strategic plan officials 2026-2032"},"content":{"rendered":"\t\t<div data-elementor-type=\"wp-page\" data-elementor-id=\"62282\" class=\"elementor elementor-62282\" data-elementor-post-type=\"page\">\n\t\t\t\t<div class=\"elementor-element elementor-element-b0e4b05 e-flex e-con-boxed e-con e-parent\" data-id=\"b0e4b05\" data-element_type=\"container\" data-e-type=\"container\" data-settings=\"{&quot;jet_parallax_layout_list&quot;:[{&quot;jet_parallax_layout_image&quot;:{&quot;url&quot;:&quot;&quot;,&quot;id&quot;:&quot;&quot;,&quot;size&quot;:&quot;&quot;},&quot;_id&quot;:&quot;20a3005&quot;,&quot;jet_parallax_layout_image_tablet&quot;:{&quot;url&quot;:&quot;&quot;,&quot;id&quot;:&quot;&quot;,&quot;size&quot;:&quot;&quot;},&quot;jet_parallax_layout_image_mobile&quot;:{&quot;url&quot;:&quot;&quot;,&quot;id&quot;:&quot;&quot;,&quot;size&quot;:&quot;&quot;},&quot;jet_parallax_layout_image_widescreen&quot;:{&quot;url&quot;:&quot;&quot;,&quot;id&quot;:&quot;&quot;,&quot;size&quot;:&quot;&quot;},&quot;jet_parallax_layout_image_laptop&quot;:{&quot;url&quot;:&quot;&quot;,&quot;id&quot;:&quot;&quot;,&quot;size&quot;:&quot;&quot;},&quot;jet_parallax_layout_image_tablet_extra&quot;:{&quot;url&quot;:&quot;&quot;,&quot;id&quot;:&quot;&quot;,&quot;size&quot;:&quot;&quot;},&quot;jet_parallax_layout_image_mobile_extra&quot;:{&quot;url&quot;:&quot;&quot;,&quot;id&quot;:&quot;&quot;,&quot;size&quot;:&quot;&quot;},&quot;jet_parallax_layout_speed&quot;:{&quot;unit&quot;:&quot;%&quot;,&quot;size&quot;:50,&quot;sizes&quot;:[]},&quot;jet_parallax_layout_type&quot;:&quot;scroll&quot;,&quot;jet_parallax_layout_direction&quot;:&quot;1&quot;,&quot;jet_parallax_layout_fx_direction&quot;:null,&quot;jet_parallax_layout_z_index&quot;:&quot;&quot;,&quot;jet_parallax_layout_bg_x&quot;:50,&quot;jet_parallax_layout_bg_x_widescreen&quot;:&quot;&quot;,&quot;jet_parallax_layout_bg_x_laptop&quot;:&quot;&quot;,&quot;jet_parallax_layout_bg_x_tablet_extra&quot;:&quot;&quot;,&quot;jet_parallax_layout_bg_x_tablet&quot;:&quot;&quot;,&quot;jet_parallax_layout_bg_x_mobile_extra&quot;:&quot;&quot;,&quot;jet_parallax_layout_bg_x_mobile&quot;:&quot;&quot;,&quot;jet_parallax_layout_bg_y&quot;:50,&quot;jet_parallax_layout_bg_y_widescreen&quot;:&quot;&quot;,&quot;jet_parallax_layout_bg_y_laptop&quot;:&quot;&quot;,&quot;jet_parallax_layout_bg_y_tablet_extra&quot;:&quot;&quot;,&quot;jet_parallax_layout_bg_y_tablet&quot;:&quot;&quot;,&quot;jet_parallax_layout_bg_y_mobile_extra&quot;:&quot;&quot;,&quot;jet_parallax_layout_bg_y_mobile&quot;:&quot;&quot;,&quot;jet_parallax_layout_bg_size&quot;:&quot;auto&quot;,&quot;jet_parallax_layout_bg_size_widescreen&quot;:&quot;&quot;,&quot;jet_parallax_layout_bg_size_laptop&quot;:&quot;&quot;,&quot;jet_parallax_layout_bg_size_tablet_extra&quot;:&quot;&quot;,&quot;jet_parallax_layout_bg_size_tablet&quot;:&quot;&quot;,&quot;jet_parallax_layout_bg_size_mobile_extra&quot;:&quot;&quot;,&quot;jet_parallax_layout_bg_size_mobile&quot;:&quot;&quot;,&quot;jet_parallax_layout_animation_prop&quot;:&quot;transform&quot;,&quot;jet_parallax_layout_on&quot;:[&quot;desktop&quot;,&quot;tablet&quot;]}]}\">\n\t\t\t\t\t<div class=\"e-con-inner\">\n\t\t<div class=\"elementor-element elementor-element-4088f71 e-con-full e-flex e-con e-child\" data-id=\"4088f71\" data-element_type=\"container\" data-e-type=\"container\" data-settings=\"{&quot;jet_parallax_layout_list&quot;:[]}\">\n\t\t\t\t<div class=\"elementor-element elementor-element-3164198 elementor-hidden-tablet elementor-hidden-phone elementor-widget elementor-widget-wp-widget-nav_menu\" data-id=\"3164198\" data-element_type=\"widget\" data-e-type=\"widget\" data-widget_type=\"wp-widget-nav_menu.default\">\n\t\t\t\t<div class=\"elementor-widget-container\">\n\t\t\t\t\t<div class=\"menu-fr-side-officialsdivision-container\"><ul id=\"menu-fr-side-officialsdivision\" class=\"menu\"><li id=\"menu-item-82974\" class=\"menu-item menu-item-type-post_type menu-item-object-page menu-item-has-children menu-item-82974\"><a href=\"https:\/\/hockey.be\/fr\/officials-division\/\">Officials Division<\/a>\n<ul class=\"sub-menu\">\n\t<li id=\"menu-item-82978\" class=\"menu-item menu-item-type-post_type menu-item-object-page menu-item-82978\"><a href=\"https:\/\/hockey.be\/fr\/officials-division\/arbitrage-outdoor\/\">Arbitrage \u2013 outdoor<\/a><\/li>\n\t<li id=\"menu-item-82982\" class=\"menu-item menu-item-type-post_type menu-item-object-page menu-item-82982\"><a href=\"https:\/\/hockey.be\/fr\/officials-division\/regles-du-jeu-outdoor\/\">R\u00e8gles du jeu \u2013 outdoor<\/a><\/li>\n\t<li id=\"menu-item-82979\" class=\"menu-item menu-item-type-post_type menu-item-object-page menu-item-82979\"><a href=\"https:\/\/hockey.be\/fr\/officials-division\/regles-du-jeu-indoor\/\">R\u00e8gles du jeu \u2013 indoor<\/a><\/li>\n\t<li id=\"menu-item-82980\" class=\"menu-item menu-item-type-post_type menu-item-object-page menu-item-82980\"><a href=\"https:\/\/hockey.be\/fr\/hockey-wallonie-bruxelles\/hockey-academy\/umpire-academy\/\">Umpire Academy<\/a><\/li>\n\t<li id=\"menu-item-82981\" class=\"menu-item menu-item-type-post_type menu-item-object-page menu-item-82981\"><a href=\"https:\/\/hockey.be\/fr\/hockey-vlaanderen\/hockey-academy\/umpire-academy\/starttoumpire\/\">Start to umpire<\/a><\/li>\n\t<li id=\"menu-item-82975\" class=\"menu-item menu-item-type-post_type menu-item-object-page menu-item-82975\"><a href=\"https:\/\/hockey.be\/fr\/officials-division\/strategic-plan\/\">Strategic plan officials 2026-2032<\/a><\/li>\n<\/ul>\n<\/li>\n<\/ul><\/div>\t\t\t\t<\/div>\n\t\t\t\t<\/div>\n\t\t\t\t<\/div>\n\t\t<div class=\"elementor-element elementor-element-0d74e4f e-con-full e-flex e-con e-child\" data-id=\"0d74e4f\" data-element_type=\"container\" data-e-type=\"container\" data-settings=\"{&quot;jet_parallax_layout_list&quot;:[]}\">\n\t\t\t\t<div class=\"elementor-element elementor-element-f6a8f79 elementor-widget elementor-widget-heading\" data-id=\"f6a8f79\" data-element_type=\"widget\" data-e-type=\"widget\" data-widget_type=\"heading.default\">\n\t\t\t\t<div class=\"elementor-widget-container\">\n\t\t\t\t\t<h1 class=\"elementor-heading-title elementor-size-default\">Strategic plan officials 2026-2032<\/h1>\t\t\t\t<\/div>\n\t\t\t\t<\/div>\n\t\t\t\t<div class=\"elementor-element elementor-element-1960f9c elementor-widget-divider--view-line elementor-widget elementor-widget-divider\" data-id=\"1960f9c\" data-element_type=\"widget\" data-e-type=\"widget\" data-widget_type=\"divider.default\">\n\t\t\t\t<div class=\"elementor-widget-container\">\n\t\t\t\t\t\t\t<div class=\"elementor-divider\">\n\t\t\t<span class=\"elementor-divider-separator\">\n\t\t\t\t\t\t<\/span>\n\t\t<\/div>\n\t\t\t\t\t\t<\/div>\n\t\t\t\t<\/div>\n\t\t\t\t<div class=\"elementor-element elementor-element-28f9498 elementor-widget elementor-widget-text-editor\" data-id=\"28f9498\" data-element_type=\"widget\" data-e-type=\"widget\" data-widget_type=\"text-editor.default\">\n\t\t\t\t<div class=\"elementor-widget-container\">\n\t\t\t\t\t\t\t\t\t<p>En mars 2026, l\u2019Officials Division a pr\u00e9sent\u00e9 son tout nouveau <strong>Strategic Plan Officials 2026\u20132032<\/strong> lors de quatre sessions en ligne.<\/p><p>Apr\u00e8s une premi\u00e8re phase structurante avec le Masterplan, ce nouveau plan marque une mont\u00e9e en puissance claire :<br \/><strong>l\u2019ambition est d\u00e9sormais d\u2019atteindre l\u2019excellence \u00e0 tous les niveaux de l\u2019arbitrage belge.<\/strong><\/p><p>Ce plan s\u2019articule autour de 5 piliers fondamentaux :<\/p><ul><li>Visibilit\u00e9<\/li><li>Identit\u00e9 &amp; engagement<\/li><li>Climat sportif<\/li><li>Formation &amp; transmission<\/li><li>Recrutement &amp; r\u00e9tention<\/li><\/ul><p>L\u2019objectif est clair : renforcer la qualit\u00e9, la coh\u00e9rence et l\u2019attractivit\u00e9 de l\u2019arbitrage, en phase avec les performances de nos clubs et de nos \u00e9quipes nationales.<\/p>\t\t\t\t\t\t\t\t<\/div>\n\t\t\t\t<\/div>\n\t\t\t\t<div class=\"elementor-element elementor-element-3c78471 elementor-widget elementor-widget-pdfjs_viewer\" data-id=\"3c78471\" data-element_type=\"widget\" data-e-type=\"widget\" data-widget_type=\"pdfjs_viewer.default\">\n\t\t\t\t<div class=\"elementor-widget-container\">\n\t\t\t\t\t<iframe src=\"https:\/\/hockey.be\/wp-content\/plugins\/pdf-viewer-for-elementor\/assets\/pdfjs\/web\/viewer.html?file=https:\/\/hockey.be\/wp-content\/uploads\/2026\/04\/Arbitrage_SLIDE-DEF_FR-1.pdf&amp;embedded=true\" style=\"display: block; margin-left: auto; margin-right: auto; width: 900px; height: 500px;\" frameborder=\"1\" marginheight=\"0px\" marginwidth=\"0px\" allowfullscreen><\/iframe>\t\t\t\t<\/div>\n\t\t\t\t<\/div>\n\t\t\t\t<div class=\"elementor-element elementor-element-f2f9858 elementor-widget-divider--view-line elementor-widget elementor-widget-divider\" data-id=\"f2f9858\" data-element_type=\"widget\" data-e-type=\"widget\" data-widget_type=\"divider.default\">\n\t\t\t\t<div class=\"elementor-widget-container\">\n\t\t\t\t\t\t\t<div class=\"elementor-divider\">\n\t\t\t<span class=\"elementor-divider-separator\">\n\t\t\t\t\t\t<\/span>\n\t\t<\/div>\n\t\t\t\t\t\t<\/div>\n\t\t\t\t<\/div>\n\t\t\t\t<\/div>\n\t\t\t\t\t<\/div>\n\t\t\t\t<\/div>\n\t\t\t\t<\/div>\n\t\t","protected":false},"excerpt":{"rendered":"<p>En mars 2026, l\u2019Officials Division a pr\u00e9sent\u00e9 son tout nouveau Strategic Plan Officials 2026\u20132032 lors de quatre sessions en ligne. Apr\u00e8s une premi\u00e8re phase structurante avec le Masterplan, ce nouveau [&hellip;]<\/p>\n","protected":false},"author":16,"featured_media":92148,"parent":55777,"menu_order":0,"comment_status":"closed","ping_status":"closed","template":"","meta":{"_acf_changed":false,"footnotes":""},"categories":[679],"tags":[],"class_list":["post-62282","page","type-page","status-publish","has-post-thumbnail","hentry","category-officials-division"],"acf":[],"yoast_head":"<!-- This site is optimized with the Yoast SEO plugin v27.4 - https:\/\/yoast.com\/product\/yoast-seo-wordpress\/ -->\n<title>Strategic plan officials 2026-2032 - Hockey Belgium<\/title>\n<meta name=\"description\" content=\"En mars 2026, l\u2019Officials Division a pr\u00e9sent\u00e9 son tout nouveau Strategic Plan Officials 2026\u20132032 lors de quatre sessions en (lire plus)\" \/>\n<meta name=\"robots\" content=\"index, follow, max-snippet:-1, max-image-preview:large, max-video-preview:-1\" \/>\n<link rel=\"canonical\" href=\"https:\/\/hockey.be\/fr\/officials-division\/strategic-plan\/\" \/>\n<meta property=\"og:locale\" content=\"fr_FR\" \/>\n<meta property=\"og:type\" content=\"article\" \/>\n<meta property=\"og:title\" content=\"Strategic plan officials 2026-2032 - Hockey Belgium\" \/>\n<meta property=\"og:description\" content=\"En mars 2026, l\u2019Officials Division a pr\u00e9sent\u00e9 son tout nouveau Strategic Plan Officials 2026\u20132032 lors de quatre sessions en (lire plus)\" \/>\n<meta property=\"og:url\" content=\"https:\/\/hockey.be\/fr\/officials-division\/strategic-plan\/\" \/>\n<meta property=\"og:site_name\" content=\"Hockey Belgium\" \/>\n<meta property=\"article:modified_time\" content=\"2026-04-15T13:49:06+00:00\" \/>\n<meta property=\"og:image\" content=\"https:\/\/hockey.be\/wp-content\/uploads\/2026\/04\/Header-Site-web-9-1200x333.png\" \/>\n\t<meta property=\"og:image:width\" content=\"1200\" \/>\n\t<meta property=\"og:image:height\" content=\"333\" \/>\n\t<meta property=\"og:image:type\" content=\"image\/png\" \/>\n<meta name=\"twitter:card\" content=\"summary_large_image\" \/>\n<meta name=\"twitter:label1\" content=\"Dur\u00e9e de lecture estim\u00e9e\" \/>\n\t<meta name=\"twitter:data1\" content=\"1 minute\" \/>\n<script type=\"application\/ld+json\" class=\"yoast-schema-graph\">{\"@context\":\"https:\\\/\\\/schema.org\",\"@graph\":[{\"@type\":\"WebPage\",\"@id\":\"https:\\\/\\\/hockey.be\\\/fr\\\/officials-division\\\/strategic-plan\\\/\",\"url\":\"https:\\\/\\\/hockey.be\\\/fr\\\/officials-division\\\/strategic-plan\\\/\",\"name\":\"Strategic plan officials 2026-2032 - Hockey Belgium\",\"isPartOf\":{\"@id\":\"https:\\\/\\\/hockey.be\\\/nl\\\/#website\"},\"primaryImageOfPage\":{\"@id\":\"https:\\\/\\\/hockey.be\\\/fr\\\/officials-division\\\/strategic-plan\\\/#primaryimage\"},\"image\":{\"@id\":\"https:\\\/\\\/hockey.be\\\/fr\\\/officials-division\\\/strategic-plan\\\/#primaryimage\"},\"thumbnailUrl\":\"https:\\\/\\\/hockey.be\\\/wp-content\\\/uploads\\\/2026\\\/04\\\/Header-Site-web-9.png\",\"datePublished\":\"2024-03-14T09:18:58+00:00\",\"dateModified\":\"2026-04-15T13:49:06+00:00\",\"description\":\"En mars 2026, l\u2019Officials Division a pr\u00e9sent\u00e9 son tout nouveau Strategic Plan Officials 2026\u20132032 lors de quatre sessions en (lire plus)\",\"breadcrumb\":{\"@id\":\"https:\\\/\\\/hockey.be\\\/fr\\\/officials-division\\\/strategic-plan\\\/#breadcrumb\"},\"inLanguage\":\"fr-FR\",\"potentialAction\":[{\"@type\":\"ReadAction\",\"target\":[\"https:\\\/\\\/hockey.be\\\/fr\\\/officials-division\\\/strategic-plan\\\/\"]}]},{\"@type\":\"ImageObject\",\"inLanguage\":\"fr-FR\",\"@id\":\"https:\\\/\\\/hockey.be\\\/fr\\\/officials-division\\\/strategic-plan\\\/#primaryimage\",\"url\":\"https:\\\/\\\/hockey.be\\\/wp-content\\\/uploads\\\/2026\\\/04\\\/Header-Site-web-9.png\",\"contentUrl\":\"https:\\\/\\\/hockey.be\\\/wp-content\\\/uploads\\\/2026\\\/04\\\/Header-Site-web-9.png\",\"width\":2400,\"height\":665},{\"@type\":\"BreadcrumbList\",\"@id\":\"https:\\\/\\\/hockey.be\\\/fr\\\/officials-division\\\/strategic-plan\\\/#breadcrumb\",\"itemListElement\":[{\"@type\":\"ListItem\",\"position\":1,\"name\":\"Home\",\"item\":\"https:\\\/\\\/hockey.be\\\/fr\\\/\"},{\"@type\":\"ListItem\",\"position\":2,\"name\":\"Officials Division\",\"item\":\"https:\\\/\\\/hockey.be\\\/fr\\\/officials-division\\\/\"},{\"@type\":\"ListItem\",\"position\":3,\"name\":\"Strategic plan officials 2026-2032\"}]},{\"@type\":\"WebSite\",\"@id\":\"https:\\\/\\\/hockey.be\\\/nl\\\/#website\",\"url\":\"https:\\\/\\\/hockey.be\\\/nl\\\/\",\"name\":\"Hockey Belgium\",\"description\":\"En nog een WordPress website\",\"publisher\":{\"@id\":\"https:\\\/\\\/hockey.be\\\/nl\\\/#organization\"},\"potentialAction\":[{\"@type\":\"SearchAction\",\"target\":{\"@type\":\"EntryPoint\",\"urlTemplate\":\"https:\\\/\\\/hockey.be\\\/nl\\\/?s={search_term_string}\"},\"query-input\":{\"@type\":\"PropertyValueSpecification\",\"valueRequired\":true,\"valueName\":\"search_term_string\"}}],\"inLanguage\":\"fr-FR\"},{\"@type\":\"Organization\",\"@id\":\"https:\\\/\\\/hockey.be\\\/nl\\\/#organization\",\"name\":\"Hockey Belgium\",\"url\":\"https:\\\/\\\/hockey.be\\\/nl\\\/\",\"logo\":{\"@type\":\"ImageObject\",\"inLanguage\":\"fr-FR\",\"@id\":\"https:\\\/\\\/hockey.be\\\/nl\\\/#\\\/schema\\\/logo\\\/image\\\/\",\"url\":\"https:\\\/\\\/hockey.be\\\/wp-content\\\/uploads\\\/2025\\\/07\\\/logo-hockey-be.svg\",\"contentUrl\":\"https:\\\/\\\/hockey.be\\\/wp-content\\\/uploads\\\/2025\\\/07\\\/logo-hockey-be.svg\",\"width\":724.16,\"height\":241.49,\"caption\":\"Hockey Belgium\"},\"image\":{\"@id\":\"https:\\\/\\\/hockey.be\\\/nl\\\/#\\\/schema\\\/logo\\\/image\\\/\"}}]}<\/script>\n<!-- \/ Yoast SEO plugin. -->","yoast_head_json":{"title":"Strategic plan officials 2026-2032 - Hockey Belgium","description":"En mars 2026, l\u2019Officials Division a pr\u00e9sent\u00e9 son tout nouveau Strategic Plan Officials 2026\u20132032 lors de quatre sessions en (lire plus)","robots":{"index":"index","follow":"follow","max-snippet":"max-snippet:-1","max-image-preview":"max-image-preview:large","max-video-preview":"max-video-preview:-1"},"canonical":"https:\/\/hockey.be\/fr\/officials-division\/strategic-plan\/","og_locale":"fr_FR","og_type":"article","og_title":"Strategic plan officials 2026-2032 - Hockey Belgium","og_description":"En mars 2026, l\u2019Officials Division a pr\u00e9sent\u00e9 son tout nouveau Strategic Plan Officials 2026\u20132032 lors de quatre sessions en (lire plus)","og_url":"https:\/\/hockey.be\/fr\/officials-division\/strategic-plan\/","og_site_name":"Hockey Belgium","article_modified_time":"2026-04-15T13:49:06+00:00","og_image":[{"width":1200,"height":333,"url":"https:\/\/hockey.be\/wp-content\/uploads\/2026\/04\/Header-Site-web-9-1200x333.png","type":"image\/png"}],"twitter_card":"summary_large_image","twitter_misc":{"Dur\u00e9e de lecture estim\u00e9e":"1 minute"},"schema":{"@context":"https:\/\/schema.org","@graph":[{"@type":"WebPage","@id":"https:\/\/hockey.be\/fr\/officials-division\/strategic-plan\/","url":"https:\/\/hockey.be\/fr\/officials-division\/strategic-plan\/","name":"Strategic plan officials 2026-2032 - Hockey Belgium","isPartOf":{"@id":"https:\/\/hockey.be\/nl\/#website"},"primaryImageOfPage":{"@id":"https:\/\/hockey.be\/fr\/officials-division\/strategic-plan\/#primaryimage"},"image":{"@id":"https:\/\/hockey.be\/fr\/officials-division\/strategic-plan\/#primaryimage"},"thumbnailUrl":"https:\/\/hockey.be\/wp-content\/uploads\/2026\/04\/Header-Site-web-9.png","datePublished":"2024-03-14T09:18:58+00:00","dateModified":"2026-04-15T13:49:06+00:00","description":"En mars 2026, l\u2019Officials Division a pr\u00e9sent\u00e9 son tout nouveau Strategic Plan Officials 2026\u20132032 lors de quatre sessions en (lire plus)","breadcrumb":{"@id":"https:\/\/hockey.be\/fr\/officials-division\/strategic-plan\/#breadcrumb"},"inLanguage":"fr-FR","potentialAction":[{"@type":"ReadAction","target":["https:\/\/hockey.be\/fr\/officials-division\/strategic-plan\/"]}]},{"@type":"ImageObject","inLanguage":"fr-FR","@id":"https:\/\/hockey.be\/fr\/officials-division\/strategic-plan\/#primaryimage","url":"https:\/\/hockey.be\/wp-content\/uploads\/2026\/04\/Header-Site-web-9.png","contentUrl":"https:\/\/hockey.be\/wp-content\/uploads\/2026\/04\/Header-Site-web-9.png","width":2400,"height":665},{"@type":"BreadcrumbList","@id":"https:\/\/hockey.be\/fr\/officials-division\/strategic-plan\/#breadcrumb","itemListElement":[{"@type":"ListItem","position":1,"name":"Home","item":"https:\/\/hockey.be\/fr\/"},{"@type":"ListItem","position":2,"name":"Officials Division","item":"https:\/\/hockey.be\/fr\/officials-division\/"},{"@type":"ListItem","position":3,"name":"Strategic plan officials 2026-2032"}]},{"@type":"WebSite","@id":"https:\/\/hockey.be\/nl\/#website","url":"https:\/\/hockey.be\/nl\/","name":"Hockey Belgium","description":"En nog een WordPress website","publisher":{"@id":"https:\/\/hockey.be\/nl\/#organization"},"potentialAction":[{"@type":"SearchAction","target":{"@type":"EntryPoint","urlTemplate":"https:\/\/hockey.be\/nl\/?s={search_term_string}"},"query-input":{"@type":"PropertyValueSpecification","valueRequired":true,"valueName":"search_term_string"}}],"inLanguage":"fr-FR"},{"@type":"Organization","@id":"https:\/\/hockey.be\/nl\/#organization","name":"Hockey Belgium","url":"https:\/\/hockey.be\/nl\/","logo":{"@type":"ImageObject","inLanguage":"fr-FR","@id":"https:\/\/hockey.be\/nl\/#\/schema\/logo\/image\/","url":"https:\/\/hockey.be\/wp-content\/uploads\/2025\/07\/logo-hockey-be.svg","contentUrl":"https:\/\/hockey.be\/wp-content\/uploads\/2025\/07\/logo-hockey-be.svg","width":724.16,"height":241.49,"caption":"Hockey Belgium"},"image":{"@id":"https:\/\/hockey.be\/nl\/#\/schema\/logo\/image\/"}}]}},"_links":{"self":[{"href":"https:\/\/hockey.be\/fr\/wp-json\/wp\/v2\/pages\/62282","targetHints":{"allow":["GET"]}}],"collection":[{"href":"https:\/\/hockey.be\/fr\/wp-json\/wp\/v2\/pages"}],"about":[{"href":"https:\/\/hockey.be\/fr\/wp-json\/wp\/v2\/types\/page"}],"author":[{"embeddable":true,"href":"https:\/\/hockey.be\/fr\/wp-json\/wp\/v2\/users\/16"}],"replies":[{"embeddable":true,"href":"https:\/\/hockey.be\/fr\/wp-json\/wp\/v2\/comments?post=62282"}],"version-history":[{"count":80,"href":"https:\/\/hockey.be\/fr\/wp-json\/wp\/v2\/pages\/62282\/revisions"}],"predecessor-version":[{"id":92160,"href":"https:\/\/hockey.be\/fr\/wp-json\/wp\/v2\/pages\/62282\/revisions\/92160"}],"up":[{"embeddable":true,"href":"https:\/\/hockey.be\/fr\/wp-json\/wp\/v2\/pages\/55777"}],"wp:featuredmedia":[{"embeddable":true,"href":"https:\/\/hockey.be\/fr\/wp-json\/wp\/v2\/media\/92148"}],"wp:attachment":[{"href":"https:\/\/hockey.be\/fr\/wp-json\/wp\/v2\/media?parent=62282"}],"wp:term":[{"taxonomy":"category","embeddable":true,"href":"https:\/\/hockey.be\/fr\/wp-json\/wp\/v2\/categories?post=62282"},{"taxonomy":"post_tag","embeddable":true,"href":"https:\/\/hockey.be\/fr\/wp-json\/wp\/v2\/tags?post=62282"}],"curies":[{"name":"wp","href":"https:\/\/api.w.org\/{rel}","templated":true}]}}