{"id":46922,"date":"2022-12-12T11:54:30","date_gmt":"2022-12-12T10:54:30","guid":{"rendered":"https:\/\/hockey.be\/?page_id=46922"},"modified":"2025-11-13T10:45:26","modified_gmt":"2025-11-13T09:45:26","slug":"golden-stick","status":"publish","type":"page","link":"https:\/\/hockey.be\/fr\/golden-stick\/","title":{"rendered":"Golden stick"},"content":{"rendered":"\t\t<div data-elementor-type=\"wp-page\" data-elementor-id=\"46922\" class=\"elementor elementor-46922\" data-elementor-post-type=\"page\">\n\t\t\t\t<div class=\"elementor-element elementor-element-fdba662 e-flex e-con-boxed e-con e-parent\" data-id=\"fdba662\" data-element_type=\"container\" data-e-type=\"container\" data-settings=\"{&quot;jet_parallax_layout_list&quot;:[{&quot;_id&quot;:&quot;20a3005&quot;,&quot;jet_parallax_layout_image&quot;:{&quot;url&quot;:&quot;&quot;,&quot;id&quot;:&quot;&quot;,&quot;size&quot;:&quot;&quot;},&quot;jet_parallax_layout_image_widescreen&quot;:{&quot;url&quot;:&quot;&quot;,&quot;id&quot;:&quot;&quot;,&quot;size&quot;:&quot;&quot;},&quot;jet_parallax_layout_image_laptop&quot;:{&quot;url&quot;:&quot;&quot;,&quot;id&quot;:&quot;&quot;,&quot;size&quot;:&quot;&quot;},&quot;jet_parallax_layout_image_tablet_extra&quot;:{&quot;url&quot;:&quot;&quot;,&quot;id&quot;:&quot;&quot;,&quot;size&quot;:&quot;&quot;},&quot;jet_parallax_layout_image_tablet&quot;:{&quot;url&quot;:&quot;&quot;,&quot;id&quot;:&quot;&quot;,&quot;size&quot;:&quot;&quot;},&quot;jet_parallax_layout_image_mobile_extra&quot;:{&quot;url&quot;:&quot;&quot;,&quot;id&quot;:&quot;&quot;,&quot;size&quot;:&quot;&quot;},&quot;jet_parallax_layout_image_mobile&quot;:{&quot;url&quot;:&quot;&quot;,&quot;id&quot;:&quot;&quot;,&quot;size&quot;:&quot;&quot;},&quot;jet_parallax_layout_speed&quot;:{&quot;unit&quot;:&quot;%&quot;,&quot;size&quot;:50,&quot;sizes&quot;:[]},&quot;jet_parallax_layout_type&quot;:&quot;scroll&quot;,&quot;jet_parallax_layout_direction&quot;:&quot;1&quot;,&quot;jet_parallax_layout_fx_direction&quot;:null,&quot;jet_parallax_layout_z_index&quot;:&quot;&quot;,&quot;jet_parallax_layout_bg_x&quot;:50,&quot;jet_parallax_layout_bg_x_widescreen&quot;:&quot;&quot;,&quot;jet_parallax_layout_bg_x_laptop&quot;:&quot;&quot;,&quot;jet_parallax_layout_bg_x_tablet_extra&quot;:&quot;&quot;,&quot;jet_parallax_layout_bg_x_tablet&quot;:&quot;&quot;,&quot;jet_parallax_layout_bg_x_mobile_extra&quot;:&quot;&quot;,&quot;jet_parallax_layout_bg_x_mobile&quot;:&quot;&quot;,&quot;jet_parallax_layout_bg_y&quot;:50,&quot;jet_parallax_layout_bg_y_widescreen&quot;:&quot;&quot;,&quot;jet_parallax_layout_bg_y_laptop&quot;:&quot;&quot;,&quot;jet_parallax_layout_bg_y_tablet_extra&quot;:&quot;&quot;,&quot;jet_parallax_layout_bg_y_tablet&quot;:&quot;&quot;,&quot;jet_parallax_layout_bg_y_mobile_extra&quot;:&quot;&quot;,&quot;jet_parallax_layout_bg_y_mobile&quot;:&quot;&quot;,&quot;jet_parallax_layout_bg_size&quot;:&quot;auto&quot;,&quot;jet_parallax_layout_bg_size_widescreen&quot;:&quot;&quot;,&quot;jet_parallax_layout_bg_size_laptop&quot;:&quot;&quot;,&quot;jet_parallax_layout_bg_size_tablet_extra&quot;:&quot;&quot;,&quot;jet_parallax_layout_bg_size_tablet&quot;:&quot;&quot;,&quot;jet_parallax_layout_bg_size_mobile_extra&quot;:&quot;&quot;,&quot;jet_parallax_layout_bg_size_mobile&quot;:&quot;&quot;,&quot;jet_parallax_layout_animation_prop&quot;:&quot;transform&quot;,&quot;jet_parallax_layout_on&quot;:[&quot;desktop&quot;,&quot;tablet&quot;]}]}\">\n\t\t\t\t\t<div class=\"e-con-inner\">\n\t\t<div class=\"elementor-element elementor-element-a7d0730 e-con-full e-flex e-con e-child\" data-id=\"a7d0730\" data-element_type=\"container\" data-e-type=\"container\" data-settings=\"{&quot;jet_parallax_layout_list&quot;:[]}\">\n\t\t\t\t<div class=\"elementor-element elementor-element-cac9639 elementor-widget elementor-widget-heading\" data-id=\"cac9639\" data-element_type=\"widget\" data-e-type=\"widget\" data-widget_type=\"heading.default\">\n\t\t\t\t<div class=\"elementor-widget-container\">\n\t\t\t\t\t<h1 class=\"elementor-heading-title elementor-size-default\">Golden stick<\/h1>\t\t\t\t<\/div>\n\t\t\t\t<\/div>\n\t\t\t\t<div class=\"elementor-element elementor-element-7d471c2 elementor-widget-divider--view-line elementor-widget elementor-widget-divider\" data-id=\"7d471c2\" data-element_type=\"widget\" data-e-type=\"widget\" data-widget_type=\"divider.default\">\n\t\t\t\t<div class=\"elementor-widget-container\">\n\t\t\t\t\t\t\t<div class=\"elementor-divider\">\n\t\t\t<span class=\"elementor-divider-separator\">\n\t\t\t\t\t\t<\/span>\n\t\t<\/div>\n\t\t\t\t\t\t<\/div>\n\t\t\t\t<\/div>\n\t\t\t\t<div class=\"elementor-element elementor-element-6bd69fb elementor-widget elementor-widget-text-editor\" data-id=\"6bd69fb\" data-element_type=\"widget\" data-e-type=\"widget\" data-widget_type=\"text-editor.default\">\n\t\t\t\t<div class=\"elementor-widget-container\">\n\t\t\t\t\t\t\t\t\t<p>Les Sticks d\u2019Or sont les r\u00e9compenses prestigieuses d\u00e9cern\u00e9es chaque saison \u00e0 la meilleure joueuse et au meilleur joueur de la Belfius Women\u2019s League et de la Carlsberg 0.0 Men\u2019s League. La remise de ces prix a lieu chaque ann\u00e9e lors d&rsquo;une grande soir\u00e9e de gala o\u00f9 se retrouvent les nomin\u00e9s, leurs supporters, leur club et les invit\u00e9s de la F\u00e9d\u00e9ration de hockey.<\/p>\t\t\t\t\t\t\t\t<\/div>\n\t\t\t\t<\/div>\n\t\t\t\t<div class=\"elementor-element elementor-element-7fc5740 elementor-widget elementor-widget-heading\" data-id=\"7fc5740\" data-element_type=\"widget\" data-e-type=\"widget\" data-widget_type=\"heading.default\">\n\t\t\t\t<div class=\"elementor-widget-container\">\n\t\t\t\t\t<h2 class=\"elementor-heading-title elementor-size-default\">Timing<\/h2>\t\t\t\t<\/div>\n\t\t\t\t<\/div>\n\t\t\t\t<div class=\"elementor-element elementor-element-9d1ef97 elementor-widget elementor-widget-text-editor\" data-id=\"9d1ef97\" data-element_type=\"widget\" data-e-type=\"widget\" data-widget_type=\"text-editor.default\">\n\t\t\t\t<div class=\"elementor-widget-container\">\n\t\t\t\t\t\t\t\t\t<ul><li><strong>Seule la saison r\u00e9guli\u00e8re<\/strong> sera prise en compte pour le vote.<ul><li>Les performances pendant les play-offs ne seront pas prises en compte.<\/li><\/ul><\/li><li><strong>Deux tours de scrutin<\/strong> :<ul><li>1<sup>er<\/sup> tour des votes imm\u00e9diatement apr\u00e8s la fin du premier tour (dur\u00e9e 2 semaines)<\/li><li>2<sup>nd<\/sup> tour des votes une semaine avant la fin de la comp\u00e9tition r\u00e9guli\u00e8re et une semaine apr\u00e8s (dur\u00e9e 2 semaines)<\/li><\/ul><\/li><li>Le gala aura lieu d\u00e8s que possible apr\u00e8s la fin du championnat.<\/li><\/ul>\t\t\t\t\t\t\t\t<\/div>\n\t\t\t\t<\/div>\n\t\t\t\t<div class=\"elementor-element elementor-element-a643742 elementor-widget elementor-widget-heading\" data-id=\"a643742\" data-element_type=\"widget\" data-e-type=\"widget\" data-widget_type=\"heading.default\">\n\t\t\t\t<div class=\"elementor-widget-container\">\n\t\t\t\t\t<h2 class=\"elementor-heading-title elementor-size-default\">Droit de vote<\/h2>\t\t\t\t<\/div>\n\t\t\t\t<\/div>\n\t\t\t\t<div class=\"elementor-element elementor-element-ef36c86 elementor-widget elementor-widget-text-editor\" data-id=\"ef36c86\" data-element_type=\"widget\" data-e-type=\"widget\" data-widget_type=\"text-editor.default\">\n\t\t\t\t<div class=\"elementor-widget-container\">\n\t\t\t\t\t\t\t\t\t<ul><li><strong>1 voix par coach principal<\/strong> (Belfius Women\u2019s League et Carlsberg 0.0 Men\u2019s League)<ul><li>Formulaire d&rsquo;inscription en ligne<\/li><\/ul><\/li><li><strong>1 voix par joueur <\/strong>(Belfius Women\u2019s League et Carlsberg 0.0 Men\u2019s League)<ul><li>Formulaire d&rsquo;inscription en ligne<\/li><li>18 votes par \u00e9quipe : seuls les 18 joueurs ayant le plus grand nombre de caps par \u00e9quipe (par tour de championnat) peuvent voter<\/li><\/ul><\/li><\/ul>\t\t\t\t\t\t\t\t<\/div>\n\t\t\t\t<\/div>\n\t\t\t\t<div class=\"elementor-element elementor-element-3927010 elementor-widget elementor-widget-heading\" data-id=\"3927010\" data-element_type=\"widget\" data-e-type=\"widget\" data-widget_type=\"heading.default\">\n\t\t\t\t<div class=\"elementor-widget-container\">\n\t\t\t\t\t<h2 class=\"elementor-heading-title elementor-size-default\">Format de vote<\/h2>\t\t\t\t<\/div>\n\t\t\t\t<\/div>\n\t\t\t\t<div class=\"elementor-element elementor-element-8ed2bd4 elementor-widget elementor-widget-text-editor\" data-id=\"8ed2bd4\" data-element_type=\"widget\" data-e-type=\"widget\" data-widget_type=\"text-editor.default\">\n\t\t\t\t<div class=\"elementor-widget-container\">\n\t\t\t\t\t\t\t\t\t<ul><li style=\"list-style-type: none;\"><ul><li>Chaque votant accr\u00e9dit\u00e9 peut voter pour le <strong>top 5 de chaque cat\u00e9gorie<\/strong>.<ul><li>Distribution de 5 &#8211; 4 &#8211; 3 &#8211; 2 &#8211; 1 points \u00e0 des <u>joueurs diff\u00e9rents<\/u>.<\/li><li><strong>Voter pour soi-m\u00eame n&rsquo;est pas autoris\u00e9 (le vote sera consid\u00e9r\u00e9 comme non valable). <\/strong>Voter pour un co\u00e9quipier est bien autoris\u00e9.<\/li><\/ul><\/li><li>Diff\u00e9rentes cat\u00e9gories :<ul><li>Stick d&rsquo;or \u2013 Belfius Women\u2019s League et Carlsberg 0.0 Men\u2019s League<\/li><li>Rising Star \u2013 Belfius Women\u2019s League et Carlsberg 0.0 Men\u2019s League (&lt;21 ans au d\u00e9but de la saison en question)<\/li><li>Arbitre de l&rsquo;ann\u00e9e \u2013 Belfius Women\u2019s League et Carlsberg 0.0 Men\u2019s League<\/li><li>Gardien de but de l&rsquo;ann\u00e9e \u2013 Belfius Women\u2019s League et Carlsberg 0.0 Men\u2019s League<\/li><li>Carlsberg 0.0 Coach de l&rsquo;ann\u00e9e \u2013 Belfius Women\u2019s League et Carlsberg 0.0 Men\u2019s League<\/li><\/ul><\/li><\/ul><\/li><\/ul>\t\t\t\t\t\t\t\t<\/div>\n\t\t\t\t<\/div>\n\t\t\t\t<div class=\"elementor-element elementor-element-a9af1a5 elementor-widget-divider--view-line elementor-widget elementor-widget-divider\" data-id=\"a9af1a5\" data-element_type=\"widget\" data-e-type=\"widget\" data-widget_type=\"divider.default\">\n\t\t\t\t<div class=\"elementor-widget-container\">\n\t\t\t\t\t\t\t<div class=\"elementor-divider\">\n\t\t\t<span class=\"elementor-divider-separator\">\n\t\t\t\t\t\t<\/span>\n\t\t<\/div>\n\t\t\t\t\t\t<\/div>\n\t\t\t\t<\/div>\n\t\t\t\t<\/div>\n\t\t\t\t\t<\/div>\n\t\t\t\t<\/div>\n\t\t\t\t<\/div>\n\t\t","protected":false},"excerpt":{"rendered":"<p>Les Sticks d\u2019Or sont les r\u00e9compenses prestigieuses d\u00e9cern\u00e9es chaque saison \u00e0 la meilleure joueuse et au meilleur joueur de la Belfius Women\u2019s League et de la Carlsberg 0.0 Men\u2019s League. [&hellip;]<\/p>\n","protected":false},"author":16,"featured_media":84766,"parent":0,"menu_order":0,"comment_status":"closed","ping_status":"closed","template":"","meta":{"_acf_changed":false,"footnotes":""},"categories":[670],"tags":[],"class_list":["post-46922","page","type-page","status-publish","has-post-thumbnail","hentry","category-golden-stick-news-2"],"acf":[],"yoast_head":"<!-- This site is optimized with the Yoast SEO plugin v27.3 - https:\/\/yoast.com\/product\/yoast-seo-wordpress\/ -->\n<title>Golden stick - Hockey Belgium<\/title>\n<meta name=\"description\" content=\"Les Sticks d\u2019Or sont les r\u00e9compenses prestigieuses d\u00e9cern\u00e9es chaque saison \u00e0 la meilleure joueuse et au meilleur joueur de la (lire plus)\" \/>\n<meta name=\"robots\" content=\"index, follow, max-snippet:-1, max-image-preview:large, max-video-preview:-1\" \/>\n<link rel=\"canonical\" href=\"https:\/\/hockey.be\/fr\/golden-stick\/\" \/>\n<meta property=\"og:locale\" content=\"fr_FR\" \/>\n<meta property=\"og:type\" content=\"article\" \/>\n<meta property=\"og:title\" content=\"Golden stick - Hockey Belgium\" \/>\n<meta property=\"og:description\" content=\"Les Sticks d\u2019Or sont les r\u00e9compenses prestigieuses d\u00e9cern\u00e9es chaque saison \u00e0 la meilleure joueuse et au meilleur joueur de la (lire plus)\" \/>\n<meta property=\"og:url\" content=\"https:\/\/hockey.be\/fr\/golden-stick\/\" \/>\n<meta property=\"og:site_name\" content=\"Hockey Belgium\" \/>\n<meta property=\"article:modified_time\" content=\"2025-11-13T09:45:26+00:00\" \/>\n<meta property=\"og:image\" content=\"https:\/\/hockey.be\/wp-content\/uploads\/2025\/08\/Header-Site-web-11.png\" \/>\n\t<meta property=\"og:image:width\" content=\"2400\" \/>\n\t<meta property=\"og:image:height\" content=\"665\" \/>\n\t<meta property=\"og:image:type\" content=\"image\/png\" \/>\n<meta name=\"twitter:card\" content=\"summary_large_image\" \/>\n<meta name=\"twitter:label1\" content=\"Dur\u00e9e de lecture estim\u00e9e\" \/>\n\t<meta name=\"twitter:data1\" content=\"2 minutes\" \/>\n<script type=\"application\/ld+json\" class=\"yoast-schema-graph\">{\"@context\":\"https:\\\/\\\/schema.org\",\"@graph\":[{\"@type\":\"WebPage\",\"@id\":\"https:\\\/\\\/hockey.be\\\/fr\\\/golden-stick\\\/\",\"url\":\"https:\\\/\\\/hockey.be\\\/fr\\\/golden-stick\\\/\",\"name\":\"Golden stick - Hockey Belgium\",\"isPartOf\":{\"@id\":\"https:\\\/\\\/hockey.be\\\/nl\\\/#website\"},\"primaryImageOfPage\":{\"@id\":\"https:\\\/\\\/hockey.be\\\/fr\\\/golden-stick\\\/#primaryimage\"},\"image\":{\"@id\":\"https:\\\/\\\/hockey.be\\\/fr\\\/golden-stick\\\/#primaryimage\"},\"thumbnailUrl\":\"https:\\\/\\\/hockey.be\\\/wp-content\\\/uploads\\\/2025\\\/08\\\/Header-Site-web-11.png\",\"datePublished\":\"2022-12-12T10:54:30+00:00\",\"dateModified\":\"2025-11-13T09:45:26+00:00\",\"description\":\"Les Sticks d\u2019Or sont les r\u00e9compenses prestigieuses d\u00e9cern\u00e9es chaque saison \u00e0 la meilleure joueuse et au meilleur joueur de la (lire plus)\",\"breadcrumb\":{\"@id\":\"https:\\\/\\\/hockey.be\\\/fr\\\/golden-stick\\\/#breadcrumb\"},\"inLanguage\":\"fr-FR\",\"potentialAction\":[{\"@type\":\"ReadAction\",\"target\":[\"https:\\\/\\\/hockey.be\\\/fr\\\/golden-stick\\\/\"]}]},{\"@type\":\"ImageObject\",\"inLanguage\":\"fr-FR\",\"@id\":\"https:\\\/\\\/hockey.be\\\/fr\\\/golden-stick\\\/#primaryimage\",\"url\":\"https:\\\/\\\/hockey.be\\\/wp-content\\\/uploads\\\/2025\\\/08\\\/Header-Site-web-11.png\",\"contentUrl\":\"https:\\\/\\\/hockey.be\\\/wp-content\\\/uploads\\\/2025\\\/08\\\/Header-Site-web-11.png\",\"width\":2400,\"height\":665},{\"@type\":\"BreadcrumbList\",\"@id\":\"https:\\\/\\\/hockey.be\\\/fr\\\/golden-stick\\\/#breadcrumb\",\"itemListElement\":[{\"@type\":\"ListItem\",\"position\":1,\"name\":\"Home\",\"item\":\"https:\\\/\\\/hockey.be\\\/fr\\\/\"},{\"@type\":\"ListItem\",\"position\":2,\"name\":\"Golden stick\"}]},{\"@type\":\"WebSite\",\"@id\":\"https:\\\/\\\/hockey.be\\\/nl\\\/#website\",\"url\":\"https:\\\/\\\/hockey.be\\\/nl\\\/\",\"name\":\"Hockey Belgium\",\"description\":\"En nog een WordPress website\",\"publisher\":{\"@id\":\"https:\\\/\\\/hockey.be\\\/nl\\\/#organization\"},\"potentialAction\":[{\"@type\":\"SearchAction\",\"target\":{\"@type\":\"EntryPoint\",\"urlTemplate\":\"https:\\\/\\\/hockey.be\\\/nl\\\/?s={search_term_string}\"},\"query-input\":{\"@type\":\"PropertyValueSpecification\",\"valueRequired\":true,\"valueName\":\"search_term_string\"}}],\"inLanguage\":\"fr-FR\"},{\"@type\":\"Organization\",\"@id\":\"https:\\\/\\\/hockey.be\\\/nl\\\/#organization\",\"name\":\"Hockey Belgium\",\"url\":\"https:\\\/\\\/hockey.be\\\/nl\\\/\",\"logo\":{\"@type\":\"ImageObject\",\"inLanguage\":\"fr-FR\",\"@id\":\"https:\\\/\\\/hockey.be\\\/nl\\\/#\\\/schema\\\/logo\\\/image\\\/\",\"url\":\"https:\\\/\\\/hockey.be\\\/wp-content\\\/uploads\\\/2025\\\/07\\\/logo-hockey-be.svg\",\"contentUrl\":\"https:\\\/\\\/hockey.be\\\/wp-content\\\/uploads\\\/2025\\\/07\\\/logo-hockey-be.svg\",\"width\":724.16,\"height\":241.49,\"caption\":\"Hockey Belgium\"},\"image\":{\"@id\":\"https:\\\/\\\/hockey.be\\\/nl\\\/#\\\/schema\\\/logo\\\/image\\\/\"}}]}<\/script>\n<!-- \/ Yoast SEO plugin. -->","yoast_head_json":{"title":"Golden stick - Hockey Belgium","description":"Les Sticks d\u2019Or sont les r\u00e9compenses prestigieuses d\u00e9cern\u00e9es chaque saison \u00e0 la meilleure joueuse et au meilleur joueur de la (lire plus)","robots":{"index":"index","follow":"follow","max-snippet":"max-snippet:-1","max-image-preview":"max-image-preview:large","max-video-preview":"max-video-preview:-1"},"canonical":"https:\/\/hockey.be\/fr\/golden-stick\/","og_locale":"fr_FR","og_type":"article","og_title":"Golden stick - Hockey Belgium","og_description":"Les Sticks d\u2019Or sont les r\u00e9compenses prestigieuses d\u00e9cern\u00e9es chaque saison \u00e0 la meilleure joueuse et au meilleur joueur de la (lire plus)","og_url":"https:\/\/hockey.be\/fr\/golden-stick\/","og_site_name":"Hockey Belgium","article_modified_time":"2025-11-13T09:45:26+00:00","og_image":[{"width":2400,"height":665,"url":"https:\/\/hockey.be\/wp-content\/uploads\/2025\/08\/Header-Site-web-11.png","type":"image\/png"}],"twitter_card":"summary_large_image","twitter_misc":{"Dur\u00e9e de lecture estim\u00e9e":"2 minutes"},"schema":{"@context":"https:\/\/schema.org","@graph":[{"@type":"WebPage","@id":"https:\/\/hockey.be\/fr\/golden-stick\/","url":"https:\/\/hockey.be\/fr\/golden-stick\/","name":"Golden stick - Hockey Belgium","isPartOf":{"@id":"https:\/\/hockey.be\/nl\/#website"},"primaryImageOfPage":{"@id":"https:\/\/hockey.be\/fr\/golden-stick\/#primaryimage"},"image":{"@id":"https:\/\/hockey.be\/fr\/golden-stick\/#primaryimage"},"thumbnailUrl":"https:\/\/hockey.be\/wp-content\/uploads\/2025\/08\/Header-Site-web-11.png","datePublished":"2022-12-12T10:54:30+00:00","dateModified":"2025-11-13T09:45:26+00:00","description":"Les Sticks d\u2019Or sont les r\u00e9compenses prestigieuses d\u00e9cern\u00e9es chaque saison \u00e0 la meilleure joueuse et au meilleur joueur de la (lire plus)","breadcrumb":{"@id":"https:\/\/hockey.be\/fr\/golden-stick\/#breadcrumb"},"inLanguage":"fr-FR","potentialAction":[{"@type":"ReadAction","target":["https:\/\/hockey.be\/fr\/golden-stick\/"]}]},{"@type":"ImageObject","inLanguage":"fr-FR","@id":"https:\/\/hockey.be\/fr\/golden-stick\/#primaryimage","url":"https:\/\/hockey.be\/wp-content\/uploads\/2025\/08\/Header-Site-web-11.png","contentUrl":"https:\/\/hockey.be\/wp-content\/uploads\/2025\/08\/Header-Site-web-11.png","width":2400,"height":665},{"@type":"BreadcrumbList","@id":"https:\/\/hockey.be\/fr\/golden-stick\/#breadcrumb","itemListElement":[{"@type":"ListItem","position":1,"name":"Home","item":"https:\/\/hockey.be\/fr\/"},{"@type":"ListItem","position":2,"name":"Golden stick"}]},{"@type":"WebSite","@id":"https:\/\/hockey.be\/nl\/#website","url":"https:\/\/hockey.be\/nl\/","name":"Hockey Belgium","description":"En nog een WordPress website","publisher":{"@id":"https:\/\/hockey.be\/nl\/#organization"},"potentialAction":[{"@type":"SearchAction","target":{"@type":"EntryPoint","urlTemplate":"https:\/\/hockey.be\/nl\/?s={search_term_string}"},"query-input":{"@type":"PropertyValueSpecification","valueRequired":true,"valueName":"search_term_string"}}],"inLanguage":"fr-FR"},{"@type":"Organization","@id":"https:\/\/hockey.be\/nl\/#organization","name":"Hockey Belgium","url":"https:\/\/hockey.be\/nl\/","logo":{"@type":"ImageObject","inLanguage":"fr-FR","@id":"https:\/\/hockey.be\/nl\/#\/schema\/logo\/image\/","url":"https:\/\/hockey.be\/wp-content\/uploads\/2025\/07\/logo-hockey-be.svg","contentUrl":"https:\/\/hockey.be\/wp-content\/uploads\/2025\/07\/logo-hockey-be.svg","width":724.16,"height":241.49,"caption":"Hockey Belgium"},"image":{"@id":"https:\/\/hockey.be\/nl\/#\/schema\/logo\/image\/"}}]}},"_links":{"self":[{"href":"https:\/\/hockey.be\/fr\/wp-json\/wp\/v2\/pages\/46922","targetHints":{"allow":["GET"]}}],"collection":[{"href":"https:\/\/hockey.be\/fr\/wp-json\/wp\/v2\/pages"}],"about":[{"href":"https:\/\/hockey.be\/fr\/wp-json\/wp\/v2\/types\/page"}],"author":[{"embeddable":true,"href":"https:\/\/hockey.be\/fr\/wp-json\/wp\/v2\/users\/16"}],"replies":[{"embeddable":true,"href":"https:\/\/hockey.be\/fr\/wp-json\/wp\/v2\/comments?post=46922"}],"version-history":[{"count":25,"href":"https:\/\/hockey.be\/fr\/wp-json\/wp\/v2\/pages\/46922\/revisions"}],"predecessor-version":[{"id":88292,"href":"https:\/\/hockey.be\/fr\/wp-json\/wp\/v2\/pages\/46922\/revisions\/88292"}],"wp:featuredmedia":[{"embeddable":true,"href":"https:\/\/hockey.be\/fr\/wp-json\/wp\/v2\/media\/84766"}],"wp:attachment":[{"href":"https:\/\/hockey.be\/fr\/wp-json\/wp\/v2\/media?parent=46922"}],"wp:term":[{"taxonomy":"category","embeddable":true,"href":"https:\/\/hockey.be\/fr\/wp-json\/wp\/v2\/categories?post=46922"},{"taxonomy":"post_tag","embeddable":true,"href":"https:\/\/hockey.be\/fr\/wp-json\/wp\/v2\/tags?post=46922"}],"curies":[{"name":"wp","href":"https:\/\/api.w.org\/{rel}","templated":true}]}}