{"id":42826,"date":"2022-07-08T15:43:12","date_gmt":"2022-07-08T13:43:12","guid":{"rendered":"https:\/\/hockey.be\/?page_id=42826"},"modified":"2025-08-27T15:45:17","modified_gmt":"2025-08-27T13:45:17","slug":"sportif-remunere-etranger","status":"publish","type":"page","link":"https:\/\/hockey.be\/fr\/hockey-wallonie-bruxelles\/hockey-academy\/club-manager-academy\/gestion-des-ressources-humaines\/sportif-remunere-etranger\/","title":{"rendered":"Sportif r\u00e9mun\u00e9r\u00e9 \u00e9tranger"},"content":{"rendered":"\t\t<div data-elementor-type=\"wp-page\" data-elementor-id=\"42826\" class=\"elementor elementor-42826\" data-elementor-post-type=\"page\">\n\t\t\t\t<div class=\"elementor-element elementor-element-a88fed6 e-flex e-con-boxed e-con e-parent\" data-id=\"a88fed6\" data-element_type=\"container\" data-e-type=\"container\" data-settings=\"{&quot;jet_parallax_layout_list&quot;:[{&quot;_id&quot;:&quot;20a3005&quot;,&quot;jet_parallax_layout_image&quot;:{&quot;url&quot;:&quot;&quot;,&quot;id&quot;:&quot;&quot;,&quot;size&quot;:&quot;&quot;},&quot;jet_parallax_layout_image_widescreen&quot;:{&quot;url&quot;:&quot;&quot;,&quot;id&quot;:&quot;&quot;,&quot;size&quot;:&quot;&quot;},&quot;jet_parallax_layout_image_laptop&quot;:{&quot;url&quot;:&quot;&quot;,&quot;id&quot;:&quot;&quot;,&quot;size&quot;:&quot;&quot;},&quot;jet_parallax_layout_image_tablet_extra&quot;:{&quot;url&quot;:&quot;&quot;,&quot;id&quot;:&quot;&quot;,&quot;size&quot;:&quot;&quot;},&quot;jet_parallax_layout_image_tablet&quot;:{&quot;url&quot;:&quot;&quot;,&quot;id&quot;:&quot;&quot;,&quot;size&quot;:&quot;&quot;},&quot;jet_parallax_layout_image_mobile_extra&quot;:{&quot;url&quot;:&quot;&quot;,&quot;id&quot;:&quot;&quot;,&quot;size&quot;:&quot;&quot;},&quot;jet_parallax_layout_image_mobile&quot;:{&quot;url&quot;:&quot;&quot;,&quot;id&quot;:&quot;&quot;,&quot;size&quot;:&quot;&quot;},&quot;jet_parallax_layout_speed&quot;:{&quot;unit&quot;:&quot;%&quot;,&quot;size&quot;:50,&quot;sizes&quot;:[]},&quot;jet_parallax_layout_type&quot;:&quot;scroll&quot;,&quot;jet_parallax_layout_direction&quot;:&quot;1&quot;,&quot;jet_parallax_layout_fx_direction&quot;:null,&quot;jet_parallax_layout_z_index&quot;:&quot;&quot;,&quot;jet_parallax_layout_bg_x&quot;:50,&quot;jet_parallax_layout_bg_x_widescreen&quot;:&quot;&quot;,&quot;jet_parallax_layout_bg_x_laptop&quot;:&quot;&quot;,&quot;jet_parallax_layout_bg_x_tablet_extra&quot;:&quot;&quot;,&quot;jet_parallax_layout_bg_x_tablet&quot;:&quot;&quot;,&quot;jet_parallax_layout_bg_x_mobile_extra&quot;:&quot;&quot;,&quot;jet_parallax_layout_bg_x_mobile&quot;:&quot;&quot;,&quot;jet_parallax_layout_bg_y&quot;:50,&quot;jet_parallax_layout_bg_y_widescreen&quot;:&quot;&quot;,&quot;jet_parallax_layout_bg_y_laptop&quot;:&quot;&quot;,&quot;jet_parallax_layout_bg_y_tablet_extra&quot;:&quot;&quot;,&quot;jet_parallax_layout_bg_y_tablet&quot;:&quot;&quot;,&quot;jet_parallax_layout_bg_y_mobile_extra&quot;:&quot;&quot;,&quot;jet_parallax_layout_bg_y_mobile&quot;:&quot;&quot;,&quot;jet_parallax_layout_bg_size&quot;:&quot;auto&quot;,&quot;jet_parallax_layout_bg_size_widescreen&quot;:&quot;&quot;,&quot;jet_parallax_layout_bg_size_laptop&quot;:&quot;&quot;,&quot;jet_parallax_layout_bg_size_tablet_extra&quot;:&quot;&quot;,&quot;jet_parallax_layout_bg_size_tablet&quot;:&quot;&quot;,&quot;jet_parallax_layout_bg_size_mobile_extra&quot;:&quot;&quot;,&quot;jet_parallax_layout_bg_size_mobile&quot;:&quot;&quot;,&quot;jet_parallax_layout_animation_prop&quot;:&quot;transform&quot;,&quot;jet_parallax_layout_on&quot;:[&quot;desktop&quot;,&quot;tablet&quot;]}]}\">\n\t\t\t\t\t<div class=\"e-con-inner\">\n\t\t<div class=\"elementor-element elementor-element-3ccea35 e-con-full e-flex e-con e-child\" data-id=\"3ccea35\" data-element_type=\"container\" data-e-type=\"container\" data-settings=\"{&quot;jet_parallax_layout_list&quot;:[]}\">\n\t\t\t\t<div class=\"elementor-element elementor-element-26883b6 elementor-hidden-tablet elementor-hidden-phone elementor-widget elementor-widget-wp-widget-nav_menu\" data-id=\"26883b6\" data-element_type=\"widget\" data-e-type=\"widget\" data-widget_type=\"wp-widget-nav_menu.default\">\n\t\t\t\t<div class=\"elementor-widget-container\">\n\t\t\t\t\t<div class=\"menu-fr-side-hwb-clubmanageracademy-container\"><ul id=\"menu-fr-side-hwb-clubmanageracademy\" class=\"menu\"><li id=\"menu-item-83044\" class=\"menu-item menu-item-type-post_type menu-item-object-page menu-item-83044\"><a href=\"https:\/\/hockey.be\/fr\/hockey-wallonie-bruxelles\/hockey-academy\/\">Hockey Academy<\/a><\/li>\n<li id=\"menu-item-83046\" class=\"menu-item menu-item-type-post_type menu-item-object-page menu-item-83046\"><a href=\"https:\/\/hockey.be\/fr\/hockey-wallonie-bruxelles\/hockey-academy\/coach-academy\/\">Coach Academy<\/a><\/li>\n<li id=\"menu-item-77645\" class=\"menu-item menu-item-type-post_type menu-item-object-page menu-item-has-children menu-item-77645\"><a href=\"https:\/\/hockey.be\/fr\/hockey-vlaanderen\/hockey-academy\/club-manager-academy\/\">Club Manager Academy<\/a>\n<ul class=\"sub-menu\">\n\t<li id=\"menu-item-77622\" class=\"menu-item menu-item-type-post_type menu-item-object-page menu-item-77622\"><a href=\"https:\/\/hockey.be\/fr\/hockey-wallonie-bruxelles\/assurances\/\">Assurances<\/a><\/li>\n\t<li id=\"menu-item-77623\" class=\"menu-item menu-item-type-post_type menu-item-object-page menu-item-77623\"><a href=\"https:\/\/hockey.be\/fr\/hockey-wallonie-bruxelles\/hockey-academy\/club-manager-academy\/finances-subventions\/\">Finances &#038; Subventions<\/a><\/li>\n\t<li id=\"menu-item-77624\" class=\"menu-item menu-item-type-post_type menu-item-object-page menu-item-77624\"><a href=\"https:\/\/hockey.be\/fr\/hockey-wallonie-bruxelles\/hockey-academy\/club-manager-academy\/communication\/\">Communication<\/a><\/li>\n\t<li id=\"menu-item-77626\" class=\"menu-item menu-item-type-post_type menu-item-object-page menu-item-77626\"><a href=\"https:\/\/hockey.be\/fr\/hockey-wallonie-bruxelles\/hockey-academy\/club-manager-academy\/gestion-dune-ecole-de-jeunes\/\">Gestion d\u2019une \u00e9cole de jeunes<\/a><\/li>\n\t<li id=\"menu-item-77627\" class=\"menu-item menu-item-type-post_type menu-item-object-page menu-item-77627\"><a href=\"https:\/\/hockey.be\/fr\/hockey-wallonie-bruxelles\/hockey-academy\/club-manager-academy\/gestion-des-infrastructures\/\">Gestion des infrastructures<\/a><\/li>\n\t<li id=\"menu-item-77628\" class=\"menu-item menu-item-type-post_type menu-item-object-page menu-item-77628\"><a href=\"https:\/\/hockey.be\/fr\/hockey-wallonie-bruxelles\/hockey-academy\/club-manager-academy\/gestion-des-membres-equipes-sportlink\/\">Gestion des membres, \u00e9quipes &#038; Sportlink<\/a><\/li>\n\t<li id=\"menu-item-77629\" class=\"menu-item menu-item-type-post_type menu-item-object-page menu-item-has-children menu-item-77629\"><a href=\"https:\/\/hockey.be\/fr\/hockey-wallonie-bruxelles\/hockey-academy\/club-manager-academy\/gestion-des-ressources-humaines\/\">Gestion des ressources humaines<\/a>\n\t<ul class=\"sub-menu\">\n\t\t<li id=\"menu-item-77631\" class=\"menu-item menu-item-type-post_type menu-item-object-page menu-item-77631\"><a href=\"https:\/\/hockey.be\/fr\/hockey-wallonie-bruxelles\/hockey-academy\/club-manager-academy\/gestion-des-ressources-humaines\/salarie-ordinaire\/\">Salari\u00e9 ordinaire<\/a><\/li>\n\t\t<li id=\"menu-item-77632\" class=\"menu-item menu-item-type-post_type menu-item-object-page menu-item-77632\"><a href=\"https:\/\/hockey.be\/fr\/hockey-wallonie-bruxelles\/hockey-academy\/club-manager-academy\/gestion-des-ressources-humaines\/article-17\/\">Article 17<\/a><\/li>\n\t\t<li id=\"menu-item-77633\" class=\"menu-item menu-item-type-post_type menu-item-object-page menu-item-77633\"><a href=\"https:\/\/hockey.be\/fr\/hockey-wallonie-bruxelles\/hockey-academy\/club-manager-academy\/gestion-des-ressources-humaines\/etudiant\/\">Etudiant<\/a><\/li>\n\t\t<li id=\"menu-item-77634\" class=\"menu-item menu-item-type-post_type menu-item-object-page menu-item-77634\"><a href=\"https:\/\/hockey.be\/fr\/hockey-wallonie-bruxelles\/hockey-academy\/club-manager-academy\/gestion-des-ressources-humaines\/le-volontaire\/\">Le volontaire<\/a><\/li>\n\t\t<li id=\"menu-item-77635\" class=\"menu-item menu-item-type-post_type menu-item-object-page menu-item-77635\"><a href=\"https:\/\/hockey.be\/fr\/hockey-wallonie-bruxelles\/hockey-academy\/club-manager-academy\/gestion-des-ressources-humaines\/lindependant\/\">L\u2019ind\u00e9pendant<\/a><\/li>\n\t<\/ul>\n<\/li>\n\t<li id=\"menu-item-77630\" class=\"menu-item menu-item-type-post_type menu-item-object-page menu-item-77630\"><a href=\"https:\/\/hockey.be\/fr\/hockey-wallonie-bruxelles\/hockey-academy\/club-manager-academy\/management-et-bonne-gouvernance\/\">Management et bonne gouvernance<\/a><\/li>\n<\/ul>\n<\/li>\n<li id=\"menu-item-83043\" class=\"menu-item menu-item-type-post_type menu-item-object-page menu-item-83043\"><a href=\"https:\/\/hockey.be\/fr\/hockey-wallonie-bruxelles\/hockey-academy\/ethics-academy\/\">Ethics Academy<\/a><\/li>\n<li id=\"menu-item-83045\" class=\"menu-item menu-item-type-post_type menu-item-object-page menu-item-83045\"><a href=\"https:\/\/hockey.be\/fr\/hockey-wallonie-bruxelles\/hockey-academy\/umpire-academy\/\">Umpire Academy<\/a><\/li>\n<\/ul><\/div>\t\t\t\t<\/div>\n\t\t\t\t<\/div>\n\t\t\t\t<\/div>\n\t\t<div class=\"elementor-element elementor-element-754926d e-con-full e-flex e-con e-child\" data-id=\"754926d\" data-element_type=\"container\" data-e-type=\"container\" data-settings=\"{&quot;jet_parallax_layout_list&quot;:[]}\">\n\t\t\t\t<div class=\"elementor-element elementor-element-8851cdb elementor-widget elementor-widget-heading\" data-id=\"8851cdb\" data-element_type=\"widget\" data-e-type=\"widget\" data-widget_type=\"heading.default\">\n\t\t\t\t<div class=\"elementor-widget-container\">\n\t\t\t\t\t<h1 class=\"elementor-heading-title elementor-size-default\">Sportif r\u00e9mun\u00e9r\u00e9 \u00e9tranger<\/h1>\t\t\t\t<\/div>\n\t\t\t\t<\/div>\n\t\t\t\t<div class=\"elementor-element elementor-element-3122d79 elementor-widget-divider--view-line elementor-widget elementor-widget-divider\" data-id=\"3122d79\" data-element_type=\"widget\" data-e-type=\"widget\" data-widget_type=\"divider.default\">\n\t\t\t\t<div class=\"elementor-widget-container\">\n\t\t\t\t\t\t\t<div class=\"elementor-divider\">\n\t\t\t<span class=\"elementor-divider-separator\">\n\t\t\t\t\t\t<\/span>\n\t\t<\/div>\n\t\t\t\t\t\t<\/div>\n\t\t\t\t<\/div>\n\t\t\t\t<div class=\"elementor-element elementor-element-0d42816 elementor-widget elementor-widget-text-editor\" data-id=\"0d42816\" data-element_type=\"widget\" data-e-type=\"widget\" data-widget_type=\"text-editor.default\">\n\t\t\t\t<div class=\"elementor-widget-container\">\n\t\t\t\t\t\t\t\t\t<ul><li>Pour pouvoir accueillir et employer des sportifs \u00e9trangers, il y a une proc\u00e9dure \u00e0 respecter aupr\u00e8s de l\u2019ARBH, en plus de toutes les obligations l\u00e9gales \u00e0 respecter en terme de permis de s\u00e9jour et de permis de travail. Nous n\u2019allons pas r\u00e9sumer ici l\u2019information concernant ces proc\u00e9dures car toutes situations doit \u00eatre analys\u00e9es au cas par cas.<\/li><li>Si vous d\u00e9sirez accueillir un sportif \u00e9tranger, veuillez prendre contact avec la LFH pour recevoir le guide pratique et toutes les informations n\u00e9cessaires qui vous aideront \u00e0 entamer les d\u00e9marches administratives n\u00e9cessaires. Contact : <a href=\"mailto:Justine.mahiat@hockey.be\"><span style=\"text-decoration: underline; color: #ff0000;\"><strong>Justine.mahiat@hockey.be<\/strong><\/span><\/a><\/li><\/ul>\t\t\t\t\t\t\t\t<\/div>\n\t\t\t\t<\/div>\n\t\t\t\t<div class=\"elementor-element elementor-element-f1ca2d9 elementor-widget-divider--view-line elementor-widget elementor-widget-divider\" data-id=\"f1ca2d9\" data-element_type=\"widget\" data-e-type=\"widget\" data-widget_type=\"divider.default\">\n\t\t\t\t<div class=\"elementor-widget-container\">\n\t\t\t\t\t\t\t<div class=\"elementor-divider\">\n\t\t\t<span class=\"elementor-divider-separator\">\n\t\t\t\t\t\t<\/span>\n\t\t<\/div>\n\t\t\t\t\t\t<\/div>\n\t\t\t\t<\/div>\n\t\t\t\t<\/div>\n\t\t\t\t\t<\/div>\n\t\t\t\t<\/div>\n\t\t\t\t<\/div>\n\t\t","protected":false},"excerpt":{"rendered":"<p>Pour pouvoir accueillir et employer des sportifs \u00e9trangers, il y a une proc\u00e9dure \u00e0 respecter aupr\u00e8s de l\u2019ARBH, en plus de toutes les obligations l\u00e9gales \u00e0 respecter en terme de [&hellip;]<\/p>\n","protected":false},"author":16,"featured_media":82512,"parent":14981,"menu_order":0,"comment_status":"closed","ping_status":"closed","template":"","meta":{"_acf_changed":false,"footnotes":""},"categories":[482,433],"tags":[],"class_list":["post-42826","page","type-page","status-publish","has-post-thumbnail","hentry","category-club-manager-academy-nl","category-lfh-content-nl"],"acf":[],"yoast_head":"<!-- This site is optimized with the Yoast SEO plugin v27.5 - https:\/\/yoast.com\/product\/yoast-seo-wordpress\/ -->\n<title>Sportif r\u00e9mun\u00e9r\u00e9 \u00e9tranger - Hockey Belgium<\/title>\n<meta name=\"robots\" content=\"index, follow, max-snippet:-1, max-image-preview:large, max-video-preview:-1\" \/>\n<link rel=\"canonical\" href=\"https:\/\/hockey.be\/fr\/hockey-wallonie-bruxelles\/hockey-academy\/club-manager-academy\/gestion-des-ressources-humaines\/sportif-remunere-etranger\/\" \/>\n<meta property=\"og:locale\" content=\"fr_FR\" \/>\n<meta property=\"og:type\" content=\"article\" \/>\n<meta property=\"og:title\" content=\"Sportif r\u00e9mun\u00e9r\u00e9 \u00e9tranger - Hockey Belgium\" \/>\n<meta property=\"og:description\" content=\"Pour pouvoir accueillir et employer des sportifs \u00e9trangers, il y a une proc\u00e9dure \u00e0 respecter aupr\u00e8s de l\u2019ARBH, en plus de toutes les obligations l\u00e9gales \u00e0 respecter en terme de [&hellip;]\" \/>\n<meta property=\"og:url\" content=\"https:\/\/hockey.be\/fr\/hockey-wallonie-bruxelles\/hockey-academy\/club-manager-academy\/gestion-des-ressources-humaines\/sportif-remunere-etranger\/\" \/>\n<meta property=\"og:site_name\" content=\"Hockey Belgium\" \/>\n<meta property=\"article:modified_time\" content=\"2025-08-27T13:45:17+00:00\" \/>\n<meta property=\"og:image\" content=\"https:\/\/hockey.be\/wp-content\/uploads\/2025\/08\/7-1-1200x333.png\" \/>\n\t<meta property=\"og:image:width\" content=\"1200\" \/>\n\t<meta property=\"og:image:height\" content=\"333\" \/>\n\t<meta property=\"og:image:type\" content=\"image\/png\" \/>\n<meta name=\"twitter:card\" content=\"summary_large_image\" \/>\n<meta name=\"twitter:label1\" content=\"Dur\u00e9e de lecture estim\u00e9e\" \/>\n\t<meta name=\"twitter:data1\" content=\"1 minute\" \/>\n<script type=\"application\/ld+json\" class=\"yoast-schema-graph\">{\"@context\":\"https:\\\/\\\/schema.org\",\"@graph\":[{\"@type\":\"WebPage\",\"@id\":\"https:\\\/\\\/hockey.be\\\/fr\\\/hockey-wallonie-bruxelles\\\/hockey-academy\\\/club-manager-academy\\\/gestion-des-ressources-humaines\\\/sportif-remunere-etranger\\\/\",\"url\":\"https:\\\/\\\/hockey.be\\\/fr\\\/hockey-wallonie-bruxelles\\\/hockey-academy\\\/club-manager-academy\\\/gestion-des-ressources-humaines\\\/sportif-remunere-etranger\\\/\",\"name\":\"Sportif r\u00e9mun\u00e9r\u00e9 \u00e9tranger - Hockey Belgium\",\"isPartOf\":{\"@id\":\"https:\\\/\\\/hockey.be\\\/nl\\\/#website\"},\"primaryImageOfPage\":{\"@id\":\"https:\\\/\\\/hockey.be\\\/fr\\\/hockey-wallonie-bruxelles\\\/hockey-academy\\\/club-manager-academy\\\/gestion-des-ressources-humaines\\\/sportif-remunere-etranger\\\/#primaryimage\"},\"image\":{\"@id\":\"https:\\\/\\\/hockey.be\\\/fr\\\/hockey-wallonie-bruxelles\\\/hockey-academy\\\/club-manager-academy\\\/gestion-des-ressources-humaines\\\/sportif-remunere-etranger\\\/#primaryimage\"},\"thumbnailUrl\":\"https:\\\/\\\/hockey.be\\\/wp-content\\\/uploads\\\/2025\\\/08\\\/7-1.png\",\"datePublished\":\"2022-07-08T13:43:12+00:00\",\"dateModified\":\"2025-08-27T13:45:17+00:00\",\"breadcrumb\":{\"@id\":\"https:\\\/\\\/hockey.be\\\/fr\\\/hockey-wallonie-bruxelles\\\/hockey-academy\\\/club-manager-academy\\\/gestion-des-ressources-humaines\\\/sportif-remunere-etranger\\\/#breadcrumb\"},\"inLanguage\":\"fr-FR\",\"potentialAction\":[{\"@type\":\"ReadAction\",\"target\":[\"https:\\\/\\\/hockey.be\\\/fr\\\/hockey-wallonie-bruxelles\\\/hockey-academy\\\/club-manager-academy\\\/gestion-des-ressources-humaines\\\/sportif-remunere-etranger\\\/\"]}]},{\"@type\":\"ImageObject\",\"inLanguage\":\"fr-FR\",\"@id\":\"https:\\\/\\\/hockey.be\\\/fr\\\/hockey-wallonie-bruxelles\\\/hockey-academy\\\/club-manager-academy\\\/gestion-des-ressources-humaines\\\/sportif-remunere-etranger\\\/#primaryimage\",\"url\":\"https:\\\/\\\/hockey.be\\\/wp-content\\\/uploads\\\/2025\\\/08\\\/7-1.png\",\"contentUrl\":\"https:\\\/\\\/hockey.be\\\/wp-content\\\/uploads\\\/2025\\\/08\\\/7-1.png\",\"width\":2400,\"height\":665},{\"@type\":\"BreadcrumbList\",\"@id\":\"https:\\\/\\\/hockey.be\\\/fr\\\/hockey-wallonie-bruxelles\\\/hockey-academy\\\/club-manager-academy\\\/gestion-des-ressources-humaines\\\/sportif-remunere-etranger\\\/#breadcrumb\",\"itemListElement\":[{\"@type\":\"ListItem\",\"position\":1,\"name\":\"Home\",\"item\":\"https:\\\/\\\/hockey.be\\\/fr\\\/\"},{\"@type\":\"ListItem\",\"position\":2,\"name\":\"Hockey Wallonie Bruxelles\",\"item\":\"https:\\\/\\\/hockey.be\\\/fr\\\/hockey-wallonie-bruxelles\\\/\"},{\"@type\":\"ListItem\",\"position\":3,\"name\":\"Hockey Academy\",\"item\":\"https:\\\/\\\/hockey.be\\\/fr\\\/hockey-wallonie-bruxelles\\\/hockey-academy\\\/\"},{\"@type\":\"ListItem\",\"position\":4,\"name\":\"Club Manager Academy\",\"item\":\"https:\\\/\\\/hockey.be\\\/fr\\\/hockey-wallonie-bruxelles\\\/hockey-academy\\\/club-manager-academy\\\/\"},{\"@type\":\"ListItem\",\"position\":5,\"name\":\"Gestion des ressources humaines\",\"item\":\"https:\\\/\\\/hockey.be\\\/fr\\\/hockey-wallonie-bruxelles\\\/hockey-academy\\\/club-manager-academy\\\/gestion-des-ressources-humaines\\\/\"},{\"@type\":\"ListItem\",\"position\":6,\"name\":\"Sportif r\u00e9mun\u00e9r\u00e9 \u00e9tranger\"}]},{\"@type\":\"WebSite\",\"@id\":\"https:\\\/\\\/hockey.be\\\/nl\\\/#website\",\"url\":\"https:\\\/\\\/hockey.be\\\/nl\\\/\",\"name\":\"Hockey Belgium\",\"description\":\"En nog een WordPress website\",\"publisher\":{\"@id\":\"https:\\\/\\\/hockey.be\\\/nl\\\/#organization\"},\"potentialAction\":[{\"@type\":\"SearchAction\",\"target\":{\"@type\":\"EntryPoint\",\"urlTemplate\":\"https:\\\/\\\/hockey.be\\\/nl\\\/?s={search_term_string}\"},\"query-input\":{\"@type\":\"PropertyValueSpecification\",\"valueRequired\":true,\"valueName\":\"search_term_string\"}}],\"inLanguage\":\"fr-FR\"},{\"@type\":\"Organization\",\"@id\":\"https:\\\/\\\/hockey.be\\\/nl\\\/#organization\",\"name\":\"Hockey Belgium\",\"url\":\"https:\\\/\\\/hockey.be\\\/nl\\\/\",\"logo\":{\"@type\":\"ImageObject\",\"inLanguage\":\"fr-FR\",\"@id\":\"https:\\\/\\\/hockey.be\\\/nl\\\/#\\\/schema\\\/logo\\\/image\\\/\",\"url\":\"https:\\\/\\\/hockey.be\\\/wp-content\\\/uploads\\\/2025\\\/07\\\/logo-hockey-be.svg\",\"contentUrl\":\"https:\\\/\\\/hockey.be\\\/wp-content\\\/uploads\\\/2025\\\/07\\\/logo-hockey-be.svg\",\"width\":724.16,\"height\":241.49,\"caption\":\"Hockey Belgium\"},\"image\":{\"@id\":\"https:\\\/\\\/hockey.be\\\/nl\\\/#\\\/schema\\\/logo\\\/image\\\/\"}}]}<\/script>\n<!-- \/ Yoast SEO plugin. -->","yoast_head_json":{"title":"Sportif r\u00e9mun\u00e9r\u00e9 \u00e9tranger - Hockey Belgium","robots":{"index":"index","follow":"follow","max-snippet":"max-snippet:-1","max-image-preview":"max-image-preview:large","max-video-preview":"max-video-preview:-1"},"canonical":"https:\/\/hockey.be\/fr\/hockey-wallonie-bruxelles\/hockey-academy\/club-manager-academy\/gestion-des-ressources-humaines\/sportif-remunere-etranger\/","og_locale":"fr_FR","og_type":"article","og_title":"Sportif r\u00e9mun\u00e9r\u00e9 \u00e9tranger - Hockey Belgium","og_description":"Pour pouvoir accueillir et employer des sportifs \u00e9trangers, il y a une proc\u00e9dure \u00e0 respecter aupr\u00e8s de l\u2019ARBH, en plus de toutes les obligations l\u00e9gales \u00e0 respecter en terme de [&hellip;]","og_url":"https:\/\/hockey.be\/fr\/hockey-wallonie-bruxelles\/hockey-academy\/club-manager-academy\/gestion-des-ressources-humaines\/sportif-remunere-etranger\/","og_site_name":"Hockey Belgium","article_modified_time":"2025-08-27T13:45:17+00:00","og_image":[{"width":1200,"height":333,"url":"https:\/\/hockey.be\/wp-content\/uploads\/2025\/08\/7-1-1200x333.png","type":"image\/png"}],"twitter_card":"summary_large_image","twitter_misc":{"Dur\u00e9e de lecture estim\u00e9e":"1 minute"},"schema":{"@context":"https:\/\/schema.org","@graph":[{"@type":"WebPage","@id":"https:\/\/hockey.be\/fr\/hockey-wallonie-bruxelles\/hockey-academy\/club-manager-academy\/gestion-des-ressources-humaines\/sportif-remunere-etranger\/","url":"https:\/\/hockey.be\/fr\/hockey-wallonie-bruxelles\/hockey-academy\/club-manager-academy\/gestion-des-ressources-humaines\/sportif-remunere-etranger\/","name":"Sportif r\u00e9mun\u00e9r\u00e9 \u00e9tranger - Hockey Belgium","isPartOf":{"@id":"https:\/\/hockey.be\/nl\/#website"},"primaryImageOfPage":{"@id":"https:\/\/hockey.be\/fr\/hockey-wallonie-bruxelles\/hockey-academy\/club-manager-academy\/gestion-des-ressources-humaines\/sportif-remunere-etranger\/#primaryimage"},"image":{"@id":"https:\/\/hockey.be\/fr\/hockey-wallonie-bruxelles\/hockey-academy\/club-manager-academy\/gestion-des-ressources-humaines\/sportif-remunere-etranger\/#primaryimage"},"thumbnailUrl":"https:\/\/hockey.be\/wp-content\/uploads\/2025\/08\/7-1.png","datePublished":"2022-07-08T13:43:12+00:00","dateModified":"2025-08-27T13:45:17+00:00","breadcrumb":{"@id":"https:\/\/hockey.be\/fr\/hockey-wallonie-bruxelles\/hockey-academy\/club-manager-academy\/gestion-des-ressources-humaines\/sportif-remunere-etranger\/#breadcrumb"},"inLanguage":"fr-FR","potentialAction":[{"@type":"ReadAction","target":["https:\/\/hockey.be\/fr\/hockey-wallonie-bruxelles\/hockey-academy\/club-manager-academy\/gestion-des-ressources-humaines\/sportif-remunere-etranger\/"]}]},{"@type":"ImageObject","inLanguage":"fr-FR","@id":"https:\/\/hockey.be\/fr\/hockey-wallonie-bruxelles\/hockey-academy\/club-manager-academy\/gestion-des-ressources-humaines\/sportif-remunere-etranger\/#primaryimage","url":"https:\/\/hockey.be\/wp-content\/uploads\/2025\/08\/7-1.png","contentUrl":"https:\/\/hockey.be\/wp-content\/uploads\/2025\/08\/7-1.png","width":2400,"height":665},{"@type":"BreadcrumbList","@id":"https:\/\/hockey.be\/fr\/hockey-wallonie-bruxelles\/hockey-academy\/club-manager-academy\/gestion-des-ressources-humaines\/sportif-remunere-etranger\/#breadcrumb","itemListElement":[{"@type":"ListItem","position":1,"name":"Home","item":"https:\/\/hockey.be\/fr\/"},{"@type":"ListItem","position":2,"name":"Hockey Wallonie Bruxelles","item":"https:\/\/hockey.be\/fr\/hockey-wallonie-bruxelles\/"},{"@type":"ListItem","position":3,"name":"Hockey Academy","item":"https:\/\/hockey.be\/fr\/hockey-wallonie-bruxelles\/hockey-academy\/"},{"@type":"ListItem","position":4,"name":"Club Manager Academy","item":"https:\/\/hockey.be\/fr\/hockey-wallonie-bruxelles\/hockey-academy\/club-manager-academy\/"},{"@type":"ListItem","position":5,"name":"Gestion des ressources humaines","item":"https:\/\/hockey.be\/fr\/hockey-wallonie-bruxelles\/hockey-academy\/club-manager-academy\/gestion-des-ressources-humaines\/"},{"@type":"ListItem","position":6,"name":"Sportif r\u00e9mun\u00e9r\u00e9 \u00e9tranger"}]},{"@type":"WebSite","@id":"https:\/\/hockey.be\/nl\/#website","url":"https:\/\/hockey.be\/nl\/","name":"Hockey Belgium","description":"En nog een WordPress website","publisher":{"@id":"https:\/\/hockey.be\/nl\/#organization"},"potentialAction":[{"@type":"SearchAction","target":{"@type":"EntryPoint","urlTemplate":"https:\/\/hockey.be\/nl\/?s={search_term_string}"},"query-input":{"@type":"PropertyValueSpecification","valueRequired":true,"valueName":"search_term_string"}}],"inLanguage":"fr-FR"},{"@type":"Organization","@id":"https:\/\/hockey.be\/nl\/#organization","name":"Hockey Belgium","url":"https:\/\/hockey.be\/nl\/","logo":{"@type":"ImageObject","inLanguage":"fr-FR","@id":"https:\/\/hockey.be\/nl\/#\/schema\/logo\/image\/","url":"https:\/\/hockey.be\/wp-content\/uploads\/2025\/07\/logo-hockey-be.svg","contentUrl":"https:\/\/hockey.be\/wp-content\/uploads\/2025\/07\/logo-hockey-be.svg","width":724.16,"height":241.49,"caption":"Hockey Belgium"},"image":{"@id":"https:\/\/hockey.be\/nl\/#\/schema\/logo\/image\/"}}]}},"_links":{"self":[{"href":"https:\/\/hockey.be\/fr\/wp-json\/wp\/v2\/pages\/42826","targetHints":{"allow":["GET"]}}],"collection":[{"href":"https:\/\/hockey.be\/fr\/wp-json\/wp\/v2\/pages"}],"about":[{"href":"https:\/\/hockey.be\/fr\/wp-json\/wp\/v2\/types\/page"}],"author":[{"embeddable":true,"href":"https:\/\/hockey.be\/fr\/wp-json\/wp\/v2\/users\/16"}],"replies":[{"embeddable":true,"href":"https:\/\/hockey.be\/fr\/wp-json\/wp\/v2\/comments?post=42826"}],"version-history":[{"count":4,"href":"https:\/\/hockey.be\/fr\/wp-json\/wp\/v2\/pages\/42826\/revisions"}],"predecessor-version":[{"id":84687,"href":"https:\/\/hockey.be\/fr\/wp-json\/wp\/v2\/pages\/42826\/revisions\/84687"}],"up":[{"embeddable":true,"href":"https:\/\/hockey.be\/fr\/wp-json\/wp\/v2\/pages\/14981"}],"wp:featuredmedia":[{"embeddable":true,"href":"https:\/\/hockey.be\/fr\/wp-json\/wp\/v2\/media\/82512"}],"wp:attachment":[{"href":"https:\/\/hockey.be\/fr\/wp-json\/wp\/v2\/media?parent=42826"}],"wp:term":[{"taxonomy":"category","embeddable":true,"href":"https:\/\/hockey.be\/fr\/wp-json\/wp\/v2\/categories?post=42826"},{"taxonomy":"post_tag","embeddable":true,"href":"https:\/\/hockey.be\/fr\/wp-json\/wp\/v2\/tags?post=42826"}],"curies":[{"name":"wp","href":"https:\/\/api.w.org\/{rel}","templated":true}]}}