{"id":42824,"date":"2022-07-08T15:39:25","date_gmt":"2022-07-08T13:39:25","guid":{"rendered":"https:\/\/hockey.be\/?page_id=42824"},"modified":"2025-08-27T15:42:10","modified_gmt":"2025-08-27T13:42:10","slug":"sportif-remunere","status":"publish","type":"page","link":"https:\/\/hockey.be\/fr\/hockey-wallonie-bruxelles\/hockey-academy\/club-manager-academy\/gestion-des-ressources-humaines\/sportif-remunere\/","title":{"rendered":"Sportif r\u00e9mun\u00e9r\u00e9"},"content":{"rendered":"\t\t<div data-elementor-type=\"wp-page\" data-elementor-id=\"42824\" class=\"elementor elementor-42824\" data-elementor-post-type=\"page\">\n\t\t\t\t<div class=\"elementor-element elementor-element-58d3aa8 e-flex e-con-boxed e-con e-parent\" data-id=\"58d3aa8\" data-element_type=\"container\" data-e-type=\"container\" data-settings=\"{&quot;jet_parallax_layout_list&quot;:[{&quot;_id&quot;:&quot;20a3005&quot;,&quot;jet_parallax_layout_image&quot;:{&quot;url&quot;:&quot;&quot;,&quot;id&quot;:&quot;&quot;,&quot;size&quot;:&quot;&quot;},&quot;jet_parallax_layout_image_widescreen&quot;:{&quot;url&quot;:&quot;&quot;,&quot;id&quot;:&quot;&quot;,&quot;size&quot;:&quot;&quot;},&quot;jet_parallax_layout_image_laptop&quot;:{&quot;url&quot;:&quot;&quot;,&quot;id&quot;:&quot;&quot;,&quot;size&quot;:&quot;&quot;},&quot;jet_parallax_layout_image_tablet_extra&quot;:{&quot;url&quot;:&quot;&quot;,&quot;id&quot;:&quot;&quot;,&quot;size&quot;:&quot;&quot;},&quot;jet_parallax_layout_image_tablet&quot;:{&quot;url&quot;:&quot;&quot;,&quot;id&quot;:&quot;&quot;,&quot;size&quot;:&quot;&quot;},&quot;jet_parallax_layout_image_mobile_extra&quot;:{&quot;url&quot;:&quot;&quot;,&quot;id&quot;:&quot;&quot;,&quot;size&quot;:&quot;&quot;},&quot;jet_parallax_layout_image_mobile&quot;:{&quot;url&quot;:&quot;&quot;,&quot;id&quot;:&quot;&quot;,&quot;size&quot;:&quot;&quot;},&quot;jet_parallax_layout_speed&quot;:{&quot;unit&quot;:&quot;%&quot;,&quot;size&quot;:50,&quot;sizes&quot;:[]},&quot;jet_parallax_layout_type&quot;:&quot;scroll&quot;,&quot;jet_parallax_layout_direction&quot;:&quot;1&quot;,&quot;jet_parallax_layout_fx_direction&quot;:null,&quot;jet_parallax_layout_z_index&quot;:&quot;&quot;,&quot;jet_parallax_layout_bg_x&quot;:50,&quot;jet_parallax_layout_bg_x_widescreen&quot;:&quot;&quot;,&quot;jet_parallax_layout_bg_x_laptop&quot;:&quot;&quot;,&quot;jet_parallax_layout_bg_x_tablet_extra&quot;:&quot;&quot;,&quot;jet_parallax_layout_bg_x_tablet&quot;:&quot;&quot;,&quot;jet_parallax_layout_bg_x_mobile_extra&quot;:&quot;&quot;,&quot;jet_parallax_layout_bg_x_mobile&quot;:&quot;&quot;,&quot;jet_parallax_layout_bg_y&quot;:50,&quot;jet_parallax_layout_bg_y_widescreen&quot;:&quot;&quot;,&quot;jet_parallax_layout_bg_y_laptop&quot;:&quot;&quot;,&quot;jet_parallax_layout_bg_y_tablet_extra&quot;:&quot;&quot;,&quot;jet_parallax_layout_bg_y_tablet&quot;:&quot;&quot;,&quot;jet_parallax_layout_bg_y_mobile_extra&quot;:&quot;&quot;,&quot;jet_parallax_layout_bg_y_mobile&quot;:&quot;&quot;,&quot;jet_parallax_layout_bg_size&quot;:&quot;auto&quot;,&quot;jet_parallax_layout_bg_size_widescreen&quot;:&quot;&quot;,&quot;jet_parallax_layout_bg_size_laptop&quot;:&quot;&quot;,&quot;jet_parallax_layout_bg_size_tablet_extra&quot;:&quot;&quot;,&quot;jet_parallax_layout_bg_size_tablet&quot;:&quot;&quot;,&quot;jet_parallax_layout_bg_size_mobile_extra&quot;:&quot;&quot;,&quot;jet_parallax_layout_bg_size_mobile&quot;:&quot;&quot;,&quot;jet_parallax_layout_animation_prop&quot;:&quot;transform&quot;,&quot;jet_parallax_layout_on&quot;:[&quot;desktop&quot;,&quot;tablet&quot;]}]}\">\n\t\t\t\t\t<div class=\"e-con-inner\">\n\t\t<div class=\"elementor-element elementor-element-9a112a7 e-con-full e-flex e-con e-child\" data-id=\"9a112a7\" data-element_type=\"container\" data-e-type=\"container\" data-settings=\"{&quot;jet_parallax_layout_list&quot;:[]}\">\n\t\t\t\t<div class=\"elementor-element elementor-element-b07220e elementor-hidden-tablet elementor-hidden-phone elementor-widget elementor-widget-wp-widget-nav_menu\" data-id=\"b07220e\" data-element_type=\"widget\" data-e-type=\"widget\" data-widget_type=\"wp-widget-nav_menu.default\">\n\t\t\t\t<div class=\"elementor-widget-container\">\n\t\t\t\t\t<div class=\"menu-nl-side-hv-clubmanageracademy-container\"><ul id=\"menu-nl-side-hv-clubmanageracademy\" class=\"menu\"><li id=\"menu-item-84338\" class=\"menu-item menu-item-type-post_type menu-item-object-page menu-item-84338\"><a href=\"https:\/\/hockey.be\/hockey-vlaanderen\/hockey-academy\/\">Hockey Academy<\/a><\/li>\n<li id=\"menu-item-84341\" class=\"menu-item menu-item-type-post_type menu-item-object-page menu-item-has-children menu-item-84341\"><a href=\"https:\/\/hockey.be\/hockey-vlaanderen\/hockey-academy\/club-manager-academy\/\">Club Manager Academy<\/a>\n<ul class=\"sub-menu\">\n\t<li id=\"menu-item-84349\" class=\"menu-item menu-item-type-post_type menu-item-object-page menu-item-84349\"><a href=\"https:\/\/hockey.be\/hockey-vlaanderen\/verzekeringen\/\">Verzekeringen<\/a><\/li>\n<\/ul>\n<\/li>\n<li id=\"menu-item-84339\" class=\"menu-item menu-item-type-post_type menu-item-object-page menu-item-84339\"><a href=\"https:\/\/hockey.be\/hockey-vlaanderen\/hockey-academy\/umpire-academy\/\">Umpire Academy<\/a><\/li>\n<\/ul><\/div>\t\t\t\t<\/div>\n\t\t\t\t<\/div>\n\t\t\t\t<\/div>\n\t\t<div class=\"elementor-element elementor-element-7b61d8a e-con-full e-flex e-con e-child\" data-id=\"7b61d8a\" data-element_type=\"container\" data-e-type=\"container\" data-settings=\"{&quot;jet_parallax_layout_list&quot;:[]}\">\n\t\t\t\t<div class=\"elementor-element elementor-element-9e1f94a elementor-widget elementor-widget-heading\" data-id=\"9e1f94a\" data-element_type=\"widget\" data-e-type=\"widget\" data-widget_type=\"heading.default\">\n\t\t\t\t<div class=\"elementor-widget-container\">\n\t\t\t\t\t<h1 class=\"elementor-heading-title elementor-size-default\">Sportif r\u00e9mun\u00e9r\u00e9<\/h1>\t\t\t\t<\/div>\n\t\t\t\t<\/div>\n\t\t\t\t<div class=\"elementor-element elementor-element-dcb3267 elementor-widget-divider--view-line elementor-widget elementor-widget-divider\" data-id=\"dcb3267\" data-element_type=\"widget\" data-e-type=\"widget\" data-widget_type=\"divider.default\">\n\t\t\t\t<div class=\"elementor-widget-container\">\n\t\t\t\t\t\t\t<div class=\"elementor-divider\">\n\t\t\t<span class=\"elementor-divider-separator\">\n\t\t\t\t\t\t<\/span>\n\t\t<\/div>\n\t\t\t\t\t\t<\/div>\n\t\t\t\t<\/div>\n\t\t\t\t<div class=\"elementor-element elementor-element-29ba88d elementor-widget elementor-widget-text-editor\" data-id=\"29ba88d\" data-element_type=\"widget\" data-e-type=\"widget\" data-widget_type=\"text-editor.default\">\n\t\t\t\t<div class=\"elementor-widget-container\">\n\t\t\t\t\t\t\t\t\t<ul><li>Pour b\u00e9n\u00e9ficier du statut de sportif r\u00e9mun\u00e9r\u00e9, la r\u00e9mun\u00e9ration minimum doit s\u2019\u00e9lever \u00e0 <strong>10.824\u20ac<\/strong><\/li><li>C\u2019est un statut de salari\u00e9 particuliers\u00a0: toutes les obligations l\u00e9gales d\u2019un employeur sont \u00e0 respecter\u00a0: <span style=\"text-decoration: underline; color: #ff0000;\"><strong><a style=\"color: #ff0000; text-decoration: underline;\" href=\"https:\/\/www.socialsecurity.be\/site_fr\/employer\/applics\/dimona\/index.htm\">Dimona<\/a><\/strong><\/span>, contrat, r\u00e8glement de travail, assurance travail. Le statut du sportif r\u00e9mun\u00e9r\u00e9 tombe sous une commission paritaire sp\u00e9cial sport\u00a0: <a href=\"https:\/\/www.groups.be\/fr\/legislation-sociale\/documentation-sectorielle\/commissions-paritaires\/22300000000\/223-commission\"><span style=\"text-decoration: underline;\"><strong><span style=\"color: #ff0000; text-decoration: underline;\">P. 223<\/span><\/strong><\/span><\/a><\/li><li>Le r\u00e9gime social et fiscal du sportif r\u00e9mun\u00e9r\u00e9 a subi une r\u00e9forme profonde d\u2019application depuis ce 1<sup>er<\/sup> janvier 2022\u00a0:<ul><li>Plus d\u2019infos sur le r\u00e9gime social du sportif r\u00e9mun\u00e9r\u00e9 <span style=\"text-decoration: underline;\"><strong><span style=\"color: #ff0000; text-decoration: underline;\"><a style=\"color: #ff0000; text-decoration: underline;\" href=\"https:\/\/groups.be\/fr\/actualites\/articles-juridiques\/reforme-du-regime-social-des-sportifs\">ICI<\/a><\/span><\/strong><\/span><\/li><li>Plus d\u2019infos sur le r\u00e9gime fiscal du sportif r\u00e9mun\u00e9r\u00e9\u00a0<a href=\"https:\/\/www.groups.be\/fr\/actualites\/articles-juridiques\/reforme-du-statut-fiscal-des-sportifs-et-avantages-fiscaux-pour\"><span style=\"text-decoration: underline; color: #ff0000;\"><strong>ICI<\/strong><\/span><\/a><\/li><\/ul><\/li><\/ul>\t\t\t\t\t\t\t\t<\/div>\n\t\t\t\t<\/div>\n\t\t\t\t<div class=\"elementor-element elementor-element-cd4e4c7 elementor-widget-divider--view-line elementor-widget elementor-widget-divider\" data-id=\"cd4e4c7\" data-element_type=\"widget\" data-e-type=\"widget\" data-widget_type=\"divider.default\">\n\t\t\t\t<div class=\"elementor-widget-container\">\n\t\t\t\t\t\t\t<div class=\"elementor-divider\">\n\t\t\t<span class=\"elementor-divider-separator\">\n\t\t\t\t\t\t<\/span>\n\t\t<\/div>\n\t\t\t\t\t\t<\/div>\n\t\t\t\t<\/div>\n\t\t\t\t<\/div>\n\t\t\t\t\t<\/div>\n\t\t\t\t<\/div>\n\t\t\t\t<\/div>\n\t\t","protected":false},"excerpt":{"rendered":"<p>Pour b\u00e9n\u00e9ficier du statut de sportif r\u00e9mun\u00e9r\u00e9, la r\u00e9mun\u00e9ration minimum doit s\u2019\u00e9lever \u00e0 10.824\u20ac C\u2019est un statut de salari\u00e9 particuliers\u00a0: toutes les obligations l\u00e9gales d\u2019un employeur sont \u00e0 respecter\u00a0: Dimona, [&hellip;]<\/p>\n","protected":false},"author":16,"featured_media":82519,"parent":14981,"menu_order":0,"comment_status":"closed","ping_status":"closed","template":"","meta":{"_acf_changed":false,"footnotes":""},"categories":[365,304],"tags":[],"class_list":["post-42824","page","type-page","status-publish","has-post-thumbnail","hentry","category-club-manager-academy","category-lfh-content"],"acf":[],"yoast_head":"<!-- This site is optimized with the Yoast SEO plugin v27.5 - https:\/\/yoast.com\/product\/yoast-seo-wordpress\/ -->\n<title>Sportif r\u00e9mun\u00e9r\u00e9 - Hockey Belgium<\/title>\n<meta name=\"robots\" content=\"index, follow, max-snippet:-1, max-image-preview:large, max-video-preview:-1\" \/>\n<link rel=\"canonical\" href=\"https:\/\/hockey.be\/fr\/hockey-wallonie-bruxelles\/hockey-academy\/club-manager-academy\/gestion-des-ressources-humaines\/sportif-remunere\/\" \/>\n<meta property=\"og:locale\" content=\"fr_FR\" \/>\n<meta property=\"og:type\" content=\"article\" \/>\n<meta property=\"og:title\" content=\"Sportif r\u00e9mun\u00e9r\u00e9 - Hockey Belgium\" \/>\n<meta property=\"og:description\" content=\"Pour b\u00e9n\u00e9ficier du statut de sportif r\u00e9mun\u00e9r\u00e9, la r\u00e9mun\u00e9ration minimum doit s\u2019\u00e9lever \u00e0 10.824\u20ac C\u2019est un statut de salari\u00e9 particuliers\u00a0: toutes les obligations l\u00e9gales d\u2019un employeur sont \u00e0 respecter\u00a0: Dimona, [&hellip;]\" \/>\n<meta property=\"og:url\" content=\"https:\/\/hockey.be\/fr\/hockey-wallonie-bruxelles\/hockey-academy\/club-manager-academy\/gestion-des-ressources-humaines\/sportif-remunere\/\" \/>\n<meta property=\"og:site_name\" content=\"Hockey Belgium\" \/>\n<meta property=\"article:modified_time\" content=\"2025-08-27T13:42:10+00:00\" \/>\n<meta property=\"og:image\" content=\"https:\/\/hockey.be\/wp-content\/uploads\/2025\/08\/8-2.png\" \/>\n\t<meta property=\"og:image:width\" content=\"2400\" \/>\n\t<meta property=\"og:image:height\" content=\"665\" \/>\n\t<meta property=\"og:image:type\" content=\"image\/png\" \/>\n<meta name=\"twitter:card\" content=\"summary_large_image\" \/>\n<meta name=\"twitter:label1\" content=\"Dur\u00e9e de lecture estim\u00e9e\" \/>\n\t<meta name=\"twitter:data1\" content=\"1 minute\" \/>\n<script type=\"application\/ld+json\" class=\"yoast-schema-graph\">{\"@context\":\"https:\\\/\\\/schema.org\",\"@graph\":[{\"@type\":\"WebPage\",\"@id\":\"https:\\\/\\\/hockey.be\\\/fr\\\/hockey-wallonie-bruxelles\\\/hockey-academy\\\/club-manager-academy\\\/gestion-des-ressources-humaines\\\/sportif-remunere\\\/\",\"url\":\"https:\\\/\\\/hockey.be\\\/fr\\\/hockey-wallonie-bruxelles\\\/hockey-academy\\\/club-manager-academy\\\/gestion-des-ressources-humaines\\\/sportif-remunere\\\/\",\"name\":\"Sportif r\u00e9mun\u00e9r\u00e9 - Hockey Belgium\",\"isPartOf\":{\"@id\":\"https:\\\/\\\/hockey.be\\\/nl\\\/#website\"},\"primaryImageOfPage\":{\"@id\":\"https:\\\/\\\/hockey.be\\\/fr\\\/hockey-wallonie-bruxelles\\\/hockey-academy\\\/club-manager-academy\\\/gestion-des-ressources-humaines\\\/sportif-remunere\\\/#primaryimage\"},\"image\":{\"@id\":\"https:\\\/\\\/hockey.be\\\/fr\\\/hockey-wallonie-bruxelles\\\/hockey-academy\\\/club-manager-academy\\\/gestion-des-ressources-humaines\\\/sportif-remunere\\\/#primaryimage\"},\"thumbnailUrl\":\"https:\\\/\\\/hockey.be\\\/wp-content\\\/uploads\\\/2025\\\/08\\\/8-2.png\",\"datePublished\":\"2022-07-08T13:39:25+00:00\",\"dateModified\":\"2025-08-27T13:42:10+00:00\",\"breadcrumb\":{\"@id\":\"https:\\\/\\\/hockey.be\\\/fr\\\/hockey-wallonie-bruxelles\\\/hockey-academy\\\/club-manager-academy\\\/gestion-des-ressources-humaines\\\/sportif-remunere\\\/#breadcrumb\"},\"inLanguage\":\"fr-FR\",\"potentialAction\":[{\"@type\":\"ReadAction\",\"target\":[\"https:\\\/\\\/hockey.be\\\/fr\\\/hockey-wallonie-bruxelles\\\/hockey-academy\\\/club-manager-academy\\\/gestion-des-ressources-humaines\\\/sportif-remunere\\\/\"]}]},{\"@type\":\"ImageObject\",\"inLanguage\":\"fr-FR\",\"@id\":\"https:\\\/\\\/hockey.be\\\/fr\\\/hockey-wallonie-bruxelles\\\/hockey-academy\\\/club-manager-academy\\\/gestion-des-ressources-humaines\\\/sportif-remunere\\\/#primaryimage\",\"url\":\"https:\\\/\\\/hockey.be\\\/wp-content\\\/uploads\\\/2025\\\/08\\\/8-2.png\",\"contentUrl\":\"https:\\\/\\\/hockey.be\\\/wp-content\\\/uploads\\\/2025\\\/08\\\/8-2.png\",\"width\":2400,\"height\":665},{\"@type\":\"BreadcrumbList\",\"@id\":\"https:\\\/\\\/hockey.be\\\/fr\\\/hockey-wallonie-bruxelles\\\/hockey-academy\\\/club-manager-academy\\\/gestion-des-ressources-humaines\\\/sportif-remunere\\\/#breadcrumb\",\"itemListElement\":[{\"@type\":\"ListItem\",\"position\":1,\"name\":\"Home\",\"item\":\"https:\\\/\\\/hockey.be\\\/fr\\\/\"},{\"@type\":\"ListItem\",\"position\":2,\"name\":\"Hockey Wallonie Bruxelles\",\"item\":\"https:\\\/\\\/hockey.be\\\/fr\\\/hockey-wallonie-bruxelles\\\/\"},{\"@type\":\"ListItem\",\"position\":3,\"name\":\"Hockey Academy\",\"item\":\"https:\\\/\\\/hockey.be\\\/fr\\\/hockey-wallonie-bruxelles\\\/hockey-academy\\\/\"},{\"@type\":\"ListItem\",\"position\":4,\"name\":\"Club Manager Academy\",\"item\":\"https:\\\/\\\/hockey.be\\\/fr\\\/hockey-wallonie-bruxelles\\\/hockey-academy\\\/club-manager-academy\\\/\"},{\"@type\":\"ListItem\",\"position\":5,\"name\":\"Gestion des ressources humaines\",\"item\":\"https:\\\/\\\/hockey.be\\\/fr\\\/hockey-wallonie-bruxelles\\\/hockey-academy\\\/club-manager-academy\\\/gestion-des-ressources-humaines\\\/\"},{\"@type\":\"ListItem\",\"position\":6,\"name\":\"Sportif r\u00e9mun\u00e9r\u00e9\"}]},{\"@type\":\"WebSite\",\"@id\":\"https:\\\/\\\/hockey.be\\\/nl\\\/#website\",\"url\":\"https:\\\/\\\/hockey.be\\\/nl\\\/\",\"name\":\"Hockey Belgium\",\"description\":\"En nog een WordPress website\",\"publisher\":{\"@id\":\"https:\\\/\\\/hockey.be\\\/nl\\\/#organization\"},\"potentialAction\":[{\"@type\":\"SearchAction\",\"target\":{\"@type\":\"EntryPoint\",\"urlTemplate\":\"https:\\\/\\\/hockey.be\\\/nl\\\/?s={search_term_string}\"},\"query-input\":{\"@type\":\"PropertyValueSpecification\",\"valueRequired\":true,\"valueName\":\"search_term_string\"}}],\"inLanguage\":\"fr-FR\"},{\"@type\":\"Organization\",\"@id\":\"https:\\\/\\\/hockey.be\\\/nl\\\/#organization\",\"name\":\"Hockey Belgium\",\"url\":\"https:\\\/\\\/hockey.be\\\/nl\\\/\",\"logo\":{\"@type\":\"ImageObject\",\"inLanguage\":\"fr-FR\",\"@id\":\"https:\\\/\\\/hockey.be\\\/nl\\\/#\\\/schema\\\/logo\\\/image\\\/\",\"url\":\"https:\\\/\\\/hockey.be\\\/wp-content\\\/uploads\\\/2025\\\/07\\\/logo-hockey-be.svg\",\"contentUrl\":\"https:\\\/\\\/hockey.be\\\/wp-content\\\/uploads\\\/2025\\\/07\\\/logo-hockey-be.svg\",\"width\":724.16,\"height\":241.49,\"caption\":\"Hockey Belgium\"},\"image\":{\"@id\":\"https:\\\/\\\/hockey.be\\\/nl\\\/#\\\/schema\\\/logo\\\/image\\\/\"}}]}<\/script>\n<!-- \/ Yoast SEO plugin. -->","yoast_head_json":{"title":"Sportif r\u00e9mun\u00e9r\u00e9 - Hockey Belgium","robots":{"index":"index","follow":"follow","max-snippet":"max-snippet:-1","max-image-preview":"max-image-preview:large","max-video-preview":"max-video-preview:-1"},"canonical":"https:\/\/hockey.be\/fr\/hockey-wallonie-bruxelles\/hockey-academy\/club-manager-academy\/gestion-des-ressources-humaines\/sportif-remunere\/","og_locale":"fr_FR","og_type":"article","og_title":"Sportif r\u00e9mun\u00e9r\u00e9 - Hockey Belgium","og_description":"Pour b\u00e9n\u00e9ficier du statut de sportif r\u00e9mun\u00e9r\u00e9, la r\u00e9mun\u00e9ration minimum doit s\u2019\u00e9lever \u00e0 10.824\u20ac C\u2019est un statut de salari\u00e9 particuliers\u00a0: toutes les obligations l\u00e9gales d\u2019un employeur sont \u00e0 respecter\u00a0: Dimona, [&hellip;]","og_url":"https:\/\/hockey.be\/fr\/hockey-wallonie-bruxelles\/hockey-academy\/club-manager-academy\/gestion-des-ressources-humaines\/sportif-remunere\/","og_site_name":"Hockey Belgium","article_modified_time":"2025-08-27T13:42:10+00:00","og_image":[{"width":2400,"height":665,"url":"https:\/\/hockey.be\/wp-content\/uploads\/2025\/08\/8-2.png","type":"image\/png"}],"twitter_card":"summary_large_image","twitter_misc":{"Dur\u00e9e de lecture estim\u00e9e":"1 minute"},"schema":{"@context":"https:\/\/schema.org","@graph":[{"@type":"WebPage","@id":"https:\/\/hockey.be\/fr\/hockey-wallonie-bruxelles\/hockey-academy\/club-manager-academy\/gestion-des-ressources-humaines\/sportif-remunere\/","url":"https:\/\/hockey.be\/fr\/hockey-wallonie-bruxelles\/hockey-academy\/club-manager-academy\/gestion-des-ressources-humaines\/sportif-remunere\/","name":"Sportif r\u00e9mun\u00e9r\u00e9 - Hockey Belgium","isPartOf":{"@id":"https:\/\/hockey.be\/nl\/#website"},"primaryImageOfPage":{"@id":"https:\/\/hockey.be\/fr\/hockey-wallonie-bruxelles\/hockey-academy\/club-manager-academy\/gestion-des-ressources-humaines\/sportif-remunere\/#primaryimage"},"image":{"@id":"https:\/\/hockey.be\/fr\/hockey-wallonie-bruxelles\/hockey-academy\/club-manager-academy\/gestion-des-ressources-humaines\/sportif-remunere\/#primaryimage"},"thumbnailUrl":"https:\/\/hockey.be\/wp-content\/uploads\/2025\/08\/8-2.png","datePublished":"2022-07-08T13:39:25+00:00","dateModified":"2025-08-27T13:42:10+00:00","breadcrumb":{"@id":"https:\/\/hockey.be\/fr\/hockey-wallonie-bruxelles\/hockey-academy\/club-manager-academy\/gestion-des-ressources-humaines\/sportif-remunere\/#breadcrumb"},"inLanguage":"fr-FR","potentialAction":[{"@type":"ReadAction","target":["https:\/\/hockey.be\/fr\/hockey-wallonie-bruxelles\/hockey-academy\/club-manager-academy\/gestion-des-ressources-humaines\/sportif-remunere\/"]}]},{"@type":"ImageObject","inLanguage":"fr-FR","@id":"https:\/\/hockey.be\/fr\/hockey-wallonie-bruxelles\/hockey-academy\/club-manager-academy\/gestion-des-ressources-humaines\/sportif-remunere\/#primaryimage","url":"https:\/\/hockey.be\/wp-content\/uploads\/2025\/08\/8-2.png","contentUrl":"https:\/\/hockey.be\/wp-content\/uploads\/2025\/08\/8-2.png","width":2400,"height":665},{"@type":"BreadcrumbList","@id":"https:\/\/hockey.be\/fr\/hockey-wallonie-bruxelles\/hockey-academy\/club-manager-academy\/gestion-des-ressources-humaines\/sportif-remunere\/#breadcrumb","itemListElement":[{"@type":"ListItem","position":1,"name":"Home","item":"https:\/\/hockey.be\/fr\/"},{"@type":"ListItem","position":2,"name":"Hockey Wallonie Bruxelles","item":"https:\/\/hockey.be\/fr\/hockey-wallonie-bruxelles\/"},{"@type":"ListItem","position":3,"name":"Hockey Academy","item":"https:\/\/hockey.be\/fr\/hockey-wallonie-bruxelles\/hockey-academy\/"},{"@type":"ListItem","position":4,"name":"Club Manager Academy","item":"https:\/\/hockey.be\/fr\/hockey-wallonie-bruxelles\/hockey-academy\/club-manager-academy\/"},{"@type":"ListItem","position":5,"name":"Gestion des ressources humaines","item":"https:\/\/hockey.be\/fr\/hockey-wallonie-bruxelles\/hockey-academy\/club-manager-academy\/gestion-des-ressources-humaines\/"},{"@type":"ListItem","position":6,"name":"Sportif r\u00e9mun\u00e9r\u00e9"}]},{"@type":"WebSite","@id":"https:\/\/hockey.be\/nl\/#website","url":"https:\/\/hockey.be\/nl\/","name":"Hockey Belgium","description":"En nog een WordPress website","publisher":{"@id":"https:\/\/hockey.be\/nl\/#organization"},"potentialAction":[{"@type":"SearchAction","target":{"@type":"EntryPoint","urlTemplate":"https:\/\/hockey.be\/nl\/?s={search_term_string}"},"query-input":{"@type":"PropertyValueSpecification","valueRequired":true,"valueName":"search_term_string"}}],"inLanguage":"fr-FR"},{"@type":"Organization","@id":"https:\/\/hockey.be\/nl\/#organization","name":"Hockey Belgium","url":"https:\/\/hockey.be\/nl\/","logo":{"@type":"ImageObject","inLanguage":"fr-FR","@id":"https:\/\/hockey.be\/nl\/#\/schema\/logo\/image\/","url":"https:\/\/hockey.be\/wp-content\/uploads\/2025\/07\/logo-hockey-be.svg","contentUrl":"https:\/\/hockey.be\/wp-content\/uploads\/2025\/07\/logo-hockey-be.svg","width":724.16,"height":241.49,"caption":"Hockey Belgium"},"image":{"@id":"https:\/\/hockey.be\/nl\/#\/schema\/logo\/image\/"}}]}},"_links":{"self":[{"href":"https:\/\/hockey.be\/fr\/wp-json\/wp\/v2\/pages\/42824","targetHints":{"allow":["GET"]}}],"collection":[{"href":"https:\/\/hockey.be\/fr\/wp-json\/wp\/v2\/pages"}],"about":[{"href":"https:\/\/hockey.be\/fr\/wp-json\/wp\/v2\/types\/page"}],"author":[{"embeddable":true,"href":"https:\/\/hockey.be\/fr\/wp-json\/wp\/v2\/users\/16"}],"replies":[{"embeddable":true,"href":"https:\/\/hockey.be\/fr\/wp-json\/wp\/v2\/comments?post=42824"}],"version-history":[{"count":7,"href":"https:\/\/hockey.be\/fr\/wp-json\/wp\/v2\/pages\/42824\/revisions"}],"predecessor-version":[{"id":84682,"href":"https:\/\/hockey.be\/fr\/wp-json\/wp\/v2\/pages\/42824\/revisions\/84682"}],"up":[{"embeddable":true,"href":"https:\/\/hockey.be\/fr\/wp-json\/wp\/v2\/pages\/14981"}],"wp:featuredmedia":[{"embeddable":true,"href":"https:\/\/hockey.be\/fr\/wp-json\/wp\/v2\/media\/82519"}],"wp:attachment":[{"href":"https:\/\/hockey.be\/fr\/wp-json\/wp\/v2\/media?parent=42824"}],"wp:term":[{"taxonomy":"category","embeddable":true,"href":"https:\/\/hockey.be\/fr\/wp-json\/wp\/v2\/categories?post=42824"},{"taxonomy":"post_tag","embeddable":true,"href":"https:\/\/hockey.be\/fr\/wp-json\/wp\/v2\/tags?post=42824"}],"curies":[{"name":"wp","href":"https:\/\/api.w.org\/{rel}","templated":true}]}}