{"id":34613,"date":"2021-03-03T15:16:28","date_gmt":"2021-03-03T14:16:28","guid":{"rendered":"https:\/\/hockey.be\/?page_id=34613"},"modified":"2025-08-27T11:26:40","modified_gmt":"2025-08-27T09:26:40","slug":"instances-en-charge-de-la-licence","status":"publish","type":"page","link":"https:\/\/hockey.be\/fr\/rbha\/organisation\/instances-en-charge-de-la-licence\/","title":{"rendered":"Instances en charge de la Licence"},"content":{"rendered":"\t\t<div data-elementor-type=\"wp-page\" data-elementor-id=\"34613\" class=\"elementor elementor-34613\" data-elementor-post-type=\"page\">\n\t\t\t\t<div class=\"elementor-element elementor-element-3ed8548 e-flex e-con-boxed e-con e-parent\" data-id=\"3ed8548\" data-element_type=\"container\" data-e-type=\"container\" data-settings=\"{&quot;jet_parallax_layout_list&quot;:[{&quot;_id&quot;:&quot;20a3005&quot;,&quot;jet_parallax_layout_image&quot;:{&quot;url&quot;:&quot;&quot;,&quot;id&quot;:&quot;&quot;,&quot;size&quot;:&quot;&quot;},&quot;jet_parallax_layout_image_widescreen&quot;:{&quot;url&quot;:&quot;&quot;,&quot;id&quot;:&quot;&quot;,&quot;size&quot;:&quot;&quot;},&quot;jet_parallax_layout_image_laptop&quot;:{&quot;url&quot;:&quot;&quot;,&quot;id&quot;:&quot;&quot;,&quot;size&quot;:&quot;&quot;},&quot;jet_parallax_layout_image_tablet_extra&quot;:{&quot;url&quot;:&quot;&quot;,&quot;id&quot;:&quot;&quot;,&quot;size&quot;:&quot;&quot;},&quot;jet_parallax_layout_image_tablet&quot;:{&quot;url&quot;:&quot;&quot;,&quot;id&quot;:&quot;&quot;,&quot;size&quot;:&quot;&quot;},&quot;jet_parallax_layout_image_mobile_extra&quot;:{&quot;url&quot;:&quot;&quot;,&quot;id&quot;:&quot;&quot;,&quot;size&quot;:&quot;&quot;},&quot;jet_parallax_layout_image_mobile&quot;:{&quot;url&quot;:&quot;&quot;,&quot;id&quot;:&quot;&quot;,&quot;size&quot;:&quot;&quot;},&quot;jet_parallax_layout_speed&quot;:{&quot;unit&quot;:&quot;%&quot;,&quot;size&quot;:50,&quot;sizes&quot;:[]},&quot;jet_parallax_layout_type&quot;:&quot;scroll&quot;,&quot;jet_parallax_layout_direction&quot;:&quot;1&quot;,&quot;jet_parallax_layout_fx_direction&quot;:null,&quot;jet_parallax_layout_z_index&quot;:&quot;&quot;,&quot;jet_parallax_layout_bg_x&quot;:50,&quot;jet_parallax_layout_bg_x_widescreen&quot;:&quot;&quot;,&quot;jet_parallax_layout_bg_x_laptop&quot;:&quot;&quot;,&quot;jet_parallax_layout_bg_x_tablet_extra&quot;:&quot;&quot;,&quot;jet_parallax_layout_bg_x_tablet&quot;:&quot;&quot;,&quot;jet_parallax_layout_bg_x_mobile_extra&quot;:&quot;&quot;,&quot;jet_parallax_layout_bg_x_mobile&quot;:&quot;&quot;,&quot;jet_parallax_layout_bg_y&quot;:50,&quot;jet_parallax_layout_bg_y_widescreen&quot;:&quot;&quot;,&quot;jet_parallax_layout_bg_y_laptop&quot;:&quot;&quot;,&quot;jet_parallax_layout_bg_y_tablet_extra&quot;:&quot;&quot;,&quot;jet_parallax_layout_bg_y_tablet&quot;:&quot;&quot;,&quot;jet_parallax_layout_bg_y_mobile_extra&quot;:&quot;&quot;,&quot;jet_parallax_layout_bg_y_mobile&quot;:&quot;&quot;,&quot;jet_parallax_layout_bg_size&quot;:&quot;auto&quot;,&quot;jet_parallax_layout_bg_size_widescreen&quot;:&quot;&quot;,&quot;jet_parallax_layout_bg_size_laptop&quot;:&quot;&quot;,&quot;jet_parallax_layout_bg_size_tablet_extra&quot;:&quot;&quot;,&quot;jet_parallax_layout_bg_size_tablet&quot;:&quot;&quot;,&quot;jet_parallax_layout_bg_size_mobile_extra&quot;:&quot;&quot;,&quot;jet_parallax_layout_bg_size_mobile&quot;:&quot;&quot;,&quot;jet_parallax_layout_animation_prop&quot;:&quot;transform&quot;,&quot;jet_parallax_layout_on&quot;:[&quot;desktop&quot;,&quot;tablet&quot;]}]}\">\n\t\t\t\t\t<div class=\"e-con-inner\">\n\t\t<div class=\"elementor-element elementor-element-5549ff1 e-con-full e-flex e-con e-child\" data-id=\"5549ff1\" data-element_type=\"container\" data-e-type=\"container\" data-settings=\"{&quot;jet_parallax_layout_list&quot;:[]}\">\n\t\t\t\t<div class=\"elementor-element elementor-element-8a58c5c elementor-hidden-tablet elementor-hidden-phone elementor-widget elementor-widget-wp-widget-nav_menu\" data-id=\"8a58c5c\" data-element_type=\"widget\" data-e-type=\"widget\" data-widget_type=\"wp-widget-nav_menu.default\">\n\t\t\t\t<div class=\"elementor-widget-container\">\n\t\t\t\t\t<div class=\"menu-fr-side-arbh-container\"><ul id=\"menu-fr-side-arbh\" class=\"menu\"><li id=\"menu-item-16554\" class=\"menu-item menu-item-type-post_type menu-item-object-page menu-item-has-children menu-item-16554\"><a href=\"https:\/\/hockey.be\/fr\/rbha\/\">Royal Belgian Hockey Association<\/a>\n<ul class=\"sub-menu\">\n\t<li id=\"menu-item-16555\" class=\"menu-item menu-item-type-post_type menu-item-object-page menu-item-has-children menu-item-16555\"><a href=\"https:\/\/hockey.be\/fr\/rbha\/organisation\/\">Organisation<\/a>\n\t<ul class=\"sub-menu\">\n\t\t<li id=\"menu-item-32066\" class=\"menu-item menu-item-type-post_type menu-item-object-page menu-item-32066\"><a href=\"https:\/\/hockey.be\/fr\/rbha\/organe-dadministration\/\">Organe d\u2019Administration ARBH<\/a><\/li>\n\t\t<li id=\"menu-item-17680\" class=\"menu-item menu-item-type-post_type menu-item-object-page menu-item-17680\"><a href=\"https:\/\/hockey.be\/fr\/rbha\/organisation\/departements\/\">D\u00e9partements<\/a><\/li>\n\t\t<li id=\"menu-item-16559\" class=\"menu-item menu-item-type-post_type menu-item-object-page menu-item-has-children menu-item-16559\"><a href=\"https:\/\/hockey.be\/fr\/rbha\/organisation\/comites-juridictionnels\/\">Comit\u00e9s Juridictionnels<\/a>\n\t\t<ul class=\"sub-menu\">\n\t\t\t<li id=\"menu-item-73921\" class=\"menu-item menu-item-type-post_type menu-item-object-page menu-item-73921\"><a href=\"https:\/\/hockey.be\/fr\/rbha\/organisation\/comites-juridictionnels\/jugements-juridictions-classiques-et-cbas\/\">Jugements : juridictions classiques et CBAS<\/a><\/li>\n\t\t\t<li id=\"menu-item-23615\" class=\"menu-item menu-item-type-post_type menu-item-object-page menu-item-23615\"><a href=\"https:\/\/hockey.be\/fr\/rbha\/organisation\/comites-juridictionnels\/jugements-comite-dappel\/jugements-comite-de-controle\/\">Jugements : Comit\u00e9 de Contr\u00f4le<\/a><\/li>\n\t\t\t<li id=\"menu-item-73923\" class=\"menu-item menu-item-type-post_type menu-item-object-page menu-item-73923\"><a href=\"https:\/\/hockey.be\/fr\/rbha\/organisation\/comites-juridictionnels\/jugements-comite-dappel\/\">Jugements: Comit\u00e9 d\u2019Appel<\/a><\/li>\n\t\t\t<li id=\"menu-item-73922\" class=\"menu-item menu-item-type-post_type menu-item-object-page menu-item-73922\"><a href=\"https:\/\/hockey.be\/fr\/rbha\/organisation\/comites-juridictionnels\/jugements-comite-dappel\/jugements-comite-de-controle\/jugements-commission-speciale\/\">Jugements: Commission Sp\u00e9ciale<\/a><\/li>\n\t\t<\/ul>\n<\/li>\n\t\t<li id=\"menu-item-34621\" class=\"menu-item menu-item-type-post_type menu-item-object-page menu-item-has-children menu-item-34621\"><a href=\"https:\/\/hockey.be\/fr\/rbha\/organisation\/instances-en-charge-de-la-licence\/\">Instances en charge de la Licence<\/a>\n\t\t<ul class=\"sub-menu\">\n\t\t\t<li id=\"menu-item-34620\" class=\"menu-item menu-item-type-post_type menu-item-object-page menu-item-34620\"><a href=\"https:\/\/hockey.be\/fr\/rbha\/organisation\/instances-en-charge-de-la-licence\/commission-des-licences\/\">Commission des Licences<\/a><\/li>\n\t\t<\/ul>\n<\/li>\n\t<\/ul>\n<\/li>\n\t<li id=\"menu-item-19638\" class=\"menu-item menu-item-type-post_type menu-item-object-page menu-item-19638\"><a href=\"https:\/\/hockey.be\/fr\/clubs-et-salles\/\">Clubs et Salles<\/a><\/li>\n\t<li id=\"menu-item-17696\" class=\"menu-item menu-item-type-post_type menu-item-object-page menu-item-17696\"><a href=\"https:\/\/hockey.be\/fr\/rbha\/contact\/\">Contact<\/a><\/li>\n\t<li id=\"menu-item-17700\" class=\"menu-item menu-item-type-post_type menu-item-object-page menu-item-17700\"><a href=\"https:\/\/hockey.be\/fr\/rbha\/partenaires\/\">Partenaires<\/a><\/li>\n<\/ul>\n<\/li>\n<li id=\"menu-item-16569\" class=\"menu-item menu-item-type-post_type menu-item-object-page menu-item-16569\"><a href=\"https:\/\/hockey.be\/fr\/rbha\/plans-strategiques\/\">Plans strat\u00e9giques<\/a><\/li>\n<li id=\"menu-item-18132\" class=\"menu-item menu-item-type-post_type menu-item-object-page menu-item-18132\"><a href=\"https:\/\/hockey.be\/fr\/rbha\/assemblees-generales\/\">Proc\u00e8s-verbaux<\/a><\/li>\n<li id=\"menu-item-17689\" class=\"menu-item menu-item-type-post_type menu-item-object-page menu-item-17689\"><a href=\"https:\/\/hockey.be\/fr\/rbha\/reglements\/\">R\u00e8glements<\/a><\/li>\n<li id=\"menu-item-61853\" class=\"menu-item menu-item-type-post_type menu-item-object-page menu-item-61853\"><a href=\"https:\/\/hockey.be\/fr\/amendes-et-baremes\/\">Amendes et bar\u00e8mes<\/a><\/li>\n<li id=\"menu-item-18131\" class=\"menu-item menu-item-type-post_type menu-item-object-page menu-item-18131\"><a href=\"https:\/\/hockey.be\/fr\/rbha\/statuts\/\">Statuts et convention de collaboration\u00a0<\/a><\/li>\n<\/ul><\/div>\t\t\t\t<\/div>\n\t\t\t\t<\/div>\n\t\t\t\t<\/div>\n\t\t<div class=\"elementor-element elementor-element-d095b61 e-con-full e-flex e-con e-child\" data-id=\"d095b61\" data-element_type=\"container\" data-e-type=\"container\" data-settings=\"{&quot;jet_parallax_layout_list&quot;:[]}\">\n\t\t\t\t<div class=\"elementor-element elementor-element-cf34332 elementor-widget elementor-widget-heading\" data-id=\"cf34332\" data-element_type=\"widget\" data-e-type=\"widget\" data-widget_type=\"heading.default\">\n\t\t\t\t<div class=\"elementor-widget-container\">\n\t\t\t\t\t<h1 class=\"elementor-heading-title elementor-size-default\">Instances en charge de la Licence<\/h1>\t\t\t\t<\/div>\n\t\t\t\t<\/div>\n\t\t\t\t<div class=\"elementor-element elementor-element-dc8bf78 elementor-widget-divider--view-line elementor-widget elementor-widget-divider\" data-id=\"dc8bf78\" data-element_type=\"widget\" data-e-type=\"widget\" data-widget_type=\"divider.default\">\n\t\t\t\t<div class=\"elementor-widget-container\">\n\t\t\t\t\t\t\t<div class=\"elementor-divider\">\n\t\t\t<span class=\"elementor-divider-separator\">\n\t\t\t\t\t\t<\/span>\n\t\t<\/div>\n\t\t\t\t\t\t<\/div>\n\t\t\t\t<\/div>\n\t\t\t\t<div class=\"elementor-element elementor-element-1f06721 elementor-widget elementor-widget-heading\" data-id=\"1f06721\" data-element_type=\"widget\" data-e-type=\"widget\" data-widget_type=\"heading.default\">\n\t\t\t\t<div class=\"elementor-widget-container\">\n\t\t\t\t\t<h1 class=\"elementor-heading-title elementor-size-default\">Manager des licences - DNF Sportpraktijk <\/h1>\t\t\t\t<\/div>\n\t\t\t\t<\/div>\n\t\t\t\t<div class=\"elementor-element elementor-element-094d7f9 elementor-widget elementor-widget-text-editor\" data-id=\"094d7f9\" data-element_type=\"widget\" data-e-type=\"widget\" data-widget_type=\"text-editor.default\">\n\t\t\t\t<div class=\"elementor-widget-container\">\n\t\t\t\t\t\t\t\t\t<p>Le Manager des Licences est comp\u00e9tent pour :<\/p><ul><li>Fournir aux clubs des explications sur les renseignements \u00e0 fournir dans le Formulaire de demande de Licence ;<\/li><li>Tenir un dossier de Licence par club demandeur de Licence ;<\/li><li>V\u00e9rifier si le Dossier de Licence des clubs est clair et complet ;<\/li><li>Demander aux clubs de compl\u00e9ter ou clarifier leur Dossier de licence ;<\/li><li>R\u00e9diger un rapport et formuler un avis \u00e0 la Commission des Licences quant \u00e0 l\u2019octroi ou non de la Licence ;<\/li><li>Si\u00e9ger \u00e0 la Commission des Licence pour y faire rapport et r\u00e9pondre \u00e0 toutes les questions, sans pouvoir participer au d\u00e9lib\u00e9r\u00e9 de la Commission des Licences ;<\/li><li>Veiller au respect des conditions \u00e9ventuelles impos\u00e9es \u00e0 un club dans la d\u00e9cision d\u2019octroi de la Licence.<\/li><\/ul>\t\t\t\t\t\t\t\t<\/div>\n\t\t\t\t<\/div>\n\t\t\t\t<div class=\"elementor-element elementor-element-9508670 elementor-align-center elementor-widget elementor-widget-button\" data-id=\"9508670\" data-element_type=\"widget\" data-e-type=\"widget\" data-widget_type=\"button.default\">\n\t\t\t\t<div class=\"elementor-widget-container\">\n\t\t\t\t\t\t\t\t\t<div class=\"elementor-button-wrapper\">\n\t\t\t\t\t<a class=\"elementor-button elementor-button-link elementor-size-lg\" href=\"https:\/\/www.dnf.be\/nl\/dnf-sport-entertainment\">\n\t\t\t\t\t\t<span class=\"elementor-button-content-wrapper\">\n\t\t\t\t\t\t<span class=\"elementor-button-icon\">\n\t\t\t\t<svg aria-hidden=\"true\" class=\"e-font-icon-svg e-fas-arrow-right\" viewBox=\"0 0 448 512\" xmlns=\"http:\/\/www.w3.org\/2000\/svg\"><path d=\"M190.5 66.9l22.2-22.2c9.4-9.4 24.6-9.4 33.9 0L441 239c9.4 9.4 9.4 24.6 0 33.9L246.6 467.3c-9.4 9.4-24.6 9.4-33.9 0l-22.2-22.2c-9.5-9.5-9.3-25 .4-34.3L311.4 296H24c-13.3 0-24-10.7-24-24v-32c0-13.3 10.7-24 24-24h287.4L190.9 101.2c-9.8-9.3-10-24.8-.4-34.3z\"><\/path><\/svg>\t\t\t<\/span>\n\t\t\t\t\t\t\t\t\t<span class=\"elementor-button-text\">Manager des licences - DNF Sportpraktijk <\/span>\n\t\t\t\t\t<\/span>\n\t\t\t\t\t<\/a>\n\t\t\t\t<\/div>\n\t\t\t\t\t\t\t\t<\/div>\n\t\t\t\t<\/div>\n\t\t\t\t<div class=\"elementor-element elementor-element-f00b2ed elementor-widget-divider--view-line elementor-widget elementor-widget-divider\" data-id=\"f00b2ed\" data-element_type=\"widget\" data-e-type=\"widget\" data-widget_type=\"divider.default\">\n\t\t\t\t<div class=\"elementor-widget-container\">\n\t\t\t\t\t\t\t<div class=\"elementor-divider\">\n\t\t\t<span class=\"elementor-divider-separator\">\n\t\t\t\t\t\t<\/span>\n\t\t<\/div>\n\t\t\t\t\t\t<\/div>\n\t\t\t\t<\/div>\n\t\t\t\t<div class=\"elementor-element elementor-element-17b0c3d elementor-widget elementor-widget-heading\" data-id=\"17b0c3d\" data-element_type=\"widget\" data-e-type=\"widget\" data-widget_type=\"heading.default\">\n\t\t\t\t<div class=\"elementor-widget-container\">\n\t\t\t\t\t<h1 class=\"elementor-heading-title elementor-size-default\">Commission des licences<\/h1>\t\t\t\t<\/div>\n\t\t\t\t<\/div>\n\t\t\t\t<div class=\"elementor-element elementor-element-2d1aa79 elementor-widget elementor-widget-text-editor\" data-id=\"2d1aa79\" data-element_type=\"widget\" data-e-type=\"widget\" data-widget_type=\"text-editor.default\">\n\t\t\t\t<div class=\"elementor-widget-container\">\n\t\t\t\t\t\t\t\t\t<p>La Commission des Licences est comp\u00e9tente dans l&rsquo;octroi aux clubs de la Licence donnant acc\u00e8s aux championnats de Division d&rsquo;Honneur.<\/p><p>Pour d\u00e9couvrir les membres qui composent de la Commission des Licences, cliquez sur le bouton ci-dessous.<\/p>\t\t\t\t\t\t\t\t<\/div>\n\t\t\t\t<\/div>\n\t\t\t\t<div class=\"elementor-element elementor-element-ee1785a elementor-align-center elementor-widget elementor-widget-button\" data-id=\"ee1785a\" data-element_type=\"widget\" data-e-type=\"widget\" data-widget_type=\"button.default\">\n\t\t\t\t<div class=\"elementor-widget-container\">\n\t\t\t\t\t\t\t\t\t<div class=\"elementor-button-wrapper\">\n\t\t\t\t\t<a class=\"elementor-button elementor-button-link elementor-size-lg\" href=\"https:\/\/hockey.be\/fr\/rbha\/organisation\/instances-en-charge-de-la-licence\/commission-des-licences\/\">\n\t\t\t\t\t\t<span class=\"elementor-button-content-wrapper\">\n\t\t\t\t\t\t<span class=\"elementor-button-icon\">\n\t\t\t\t<svg aria-hidden=\"true\" class=\"e-font-icon-svg e-fas-arrow-right\" viewBox=\"0 0 448 512\" xmlns=\"http:\/\/www.w3.org\/2000\/svg\"><path d=\"M190.5 66.9l22.2-22.2c9.4-9.4 24.6-9.4 33.9 0L441 239c9.4 9.4 9.4 24.6 0 33.9L246.6 467.3c-9.4 9.4-24.6 9.4-33.9 0l-22.2-22.2c-9.5-9.5-9.3-25 .4-34.3L311.4 296H24c-13.3 0-24-10.7-24-24v-32c0-13.3 10.7-24 24-24h287.4L190.9 101.2c-9.8-9.3-10-24.8-.4-34.3z\"><\/path><\/svg>\t\t\t<\/span>\n\t\t\t\t\t\t\t\t\t<span class=\"elementor-button-text\">Commission des licences<\/span>\n\t\t\t\t\t<\/span>\n\t\t\t\t\t<\/a>\n\t\t\t\t<\/div>\n\t\t\t\t\t\t\t\t<\/div>\n\t\t\t\t<\/div>\n\t\t\t\t<div class=\"elementor-element elementor-element-1e40f2e elementor-widget-divider--view-line elementor-widget elementor-widget-divider\" data-id=\"1e40f2e\" data-element_type=\"widget\" data-e-type=\"widget\" data-widget_type=\"divider.default\">\n\t\t\t\t<div class=\"elementor-widget-container\">\n\t\t\t\t\t\t\t<div class=\"elementor-divider\">\n\t\t\t<span class=\"elementor-divider-separator\">\n\t\t\t\t\t\t<\/span>\n\t\t<\/div>\n\t\t\t\t\t\t<\/div>\n\t\t\t\t<\/div>\n\t\t\t\t<\/div>\n\t\t\t\t\t<\/div>\n\t\t\t\t<\/div>\n\t\t\t\t<\/div>\n\t\t","protected":false},"excerpt":{"rendered":"<p>Manager des licences &#8211; DNF Sportpraktijk Le Manager des Licences est comp\u00e9tent pour : Fournir aux clubs des explications sur les renseignements \u00e0 fournir dans le Formulaire de demande de [&hellip;]<\/p>\n","protected":false},"author":16,"featured_media":82640,"parent":15147,"menu_order":0,"comment_status":"closed","ping_status":"closed","template":"","meta":{"_acf_changed":false,"footnotes":""},"categories":[279,278],"tags":[],"class_list":["post-34613","page","type-page","status-publish","has-post-thumbnail","hentry","category-organistion","category-arbh-content"],"acf":[],"yoast_head":"<!-- This site is optimized with the Yoast SEO plugin v27.3 - https:\/\/yoast.com\/product\/yoast-seo-wordpress\/ -->\n<title>Instances en charge de la Licence - Hockey Belgium<\/title>\n<meta name=\"robots\" content=\"index, follow, max-snippet:-1, max-image-preview:large, max-video-preview:-1\" \/>\n<link rel=\"canonical\" href=\"https:\/\/hockey.be\/fr\/rbha\/organisation\/instances-en-charge-de-la-licence\/\" \/>\n<meta property=\"og:locale\" content=\"fr_FR\" \/>\n<meta property=\"og:type\" content=\"article\" \/>\n<meta property=\"og:title\" content=\"Instances en charge de la Licence - Hockey Belgium\" \/>\n<meta property=\"og:description\" content=\"Manager des licences &#8211; DNF Sportpraktijk Le Manager des Licences est comp\u00e9tent pour : Fournir aux clubs des explications sur les renseignements \u00e0 fournir dans le Formulaire de demande de [&hellip;]\" \/>\n<meta property=\"og:url\" content=\"https:\/\/hockey.be\/fr\/rbha\/organisation\/instances-en-charge-de-la-licence\/\" \/>\n<meta property=\"og:site_name\" content=\"Hockey Belgium\" \/>\n<meta property=\"article:modified_time\" content=\"2025-08-27T09:26:40+00:00\" \/>\n<meta property=\"og:image\" content=\"https:\/\/hockey.be\/wp-content\/uploads\/2025\/08\/37-1200x333.png\" \/>\n\t<meta property=\"og:image:width\" content=\"1200\" \/>\n\t<meta property=\"og:image:height\" content=\"333\" \/>\n\t<meta property=\"og:image:type\" content=\"image\/png\" \/>\n<meta name=\"twitter:card\" content=\"summary_large_image\" \/>\n<meta name=\"twitter:label1\" content=\"Dur\u00e9e de lecture estim\u00e9e\" \/>\n\t<meta name=\"twitter:data1\" content=\"2 minutes\" \/>\n<script type=\"application\/ld+json\" class=\"yoast-schema-graph\">{\"@context\":\"https:\\\/\\\/schema.org\",\"@graph\":[{\"@type\":\"WebPage\",\"@id\":\"https:\\\/\\\/hockey.be\\\/fr\\\/rbha\\\/organisation\\\/instances-en-charge-de-la-licence\\\/\",\"url\":\"https:\\\/\\\/hockey.be\\\/fr\\\/rbha\\\/organisation\\\/instances-en-charge-de-la-licence\\\/\",\"name\":\"Instances en charge de la Licence - Hockey Belgium\",\"isPartOf\":{\"@id\":\"https:\\\/\\\/hockey.be\\\/nl\\\/#website\"},\"primaryImageOfPage\":{\"@id\":\"https:\\\/\\\/hockey.be\\\/fr\\\/rbha\\\/organisation\\\/instances-en-charge-de-la-licence\\\/#primaryimage\"},\"image\":{\"@id\":\"https:\\\/\\\/hockey.be\\\/fr\\\/rbha\\\/organisation\\\/instances-en-charge-de-la-licence\\\/#primaryimage\"},\"thumbnailUrl\":\"https:\\\/\\\/hockey.be\\\/wp-content\\\/uploads\\\/2025\\\/08\\\/37.png\",\"datePublished\":\"2021-03-03T14:16:28+00:00\",\"dateModified\":\"2025-08-27T09:26:40+00:00\",\"breadcrumb\":{\"@id\":\"https:\\\/\\\/hockey.be\\\/fr\\\/rbha\\\/organisation\\\/instances-en-charge-de-la-licence\\\/#breadcrumb\"},\"inLanguage\":\"fr-FR\",\"potentialAction\":[{\"@type\":\"ReadAction\",\"target\":[\"https:\\\/\\\/hockey.be\\\/fr\\\/rbha\\\/organisation\\\/instances-en-charge-de-la-licence\\\/\"]}]},{\"@type\":\"ImageObject\",\"inLanguage\":\"fr-FR\",\"@id\":\"https:\\\/\\\/hockey.be\\\/fr\\\/rbha\\\/organisation\\\/instances-en-charge-de-la-licence\\\/#primaryimage\",\"url\":\"https:\\\/\\\/hockey.be\\\/wp-content\\\/uploads\\\/2025\\\/08\\\/37.png\",\"contentUrl\":\"https:\\\/\\\/hockey.be\\\/wp-content\\\/uploads\\\/2025\\\/08\\\/37.png\",\"width\":2400,\"height\":665},{\"@type\":\"BreadcrumbList\",\"@id\":\"https:\\\/\\\/hockey.be\\\/fr\\\/rbha\\\/organisation\\\/instances-en-charge-de-la-licence\\\/#breadcrumb\",\"itemListElement\":[{\"@type\":\"ListItem\",\"position\":1,\"name\":\"Home\",\"item\":\"https:\\\/\\\/hockey.be\\\/fr\\\/\"},{\"@type\":\"ListItem\",\"position\":2,\"name\":\"Royal Belgian Hockey Association\",\"item\":\"https:\\\/\\\/hockey.be\\\/fr\\\/rbha\\\/\"},{\"@type\":\"ListItem\",\"position\":3,\"name\":\"Organisation\",\"item\":\"https:\\\/\\\/hockey.be\\\/fr\\\/rbha\\\/organisation\\\/\"},{\"@type\":\"ListItem\",\"position\":4,\"name\":\"Instances en charge de la Licence\"}]},{\"@type\":\"WebSite\",\"@id\":\"https:\\\/\\\/hockey.be\\\/nl\\\/#website\",\"url\":\"https:\\\/\\\/hockey.be\\\/nl\\\/\",\"name\":\"Hockey Belgium\",\"description\":\"En nog een WordPress website\",\"publisher\":{\"@id\":\"https:\\\/\\\/hockey.be\\\/nl\\\/#organization\"},\"potentialAction\":[{\"@type\":\"SearchAction\",\"target\":{\"@type\":\"EntryPoint\",\"urlTemplate\":\"https:\\\/\\\/hockey.be\\\/nl\\\/?s={search_term_string}\"},\"query-input\":{\"@type\":\"PropertyValueSpecification\",\"valueRequired\":true,\"valueName\":\"search_term_string\"}}],\"inLanguage\":\"fr-FR\"},{\"@type\":\"Organization\",\"@id\":\"https:\\\/\\\/hockey.be\\\/nl\\\/#organization\",\"name\":\"Hockey Belgium\",\"url\":\"https:\\\/\\\/hockey.be\\\/nl\\\/\",\"logo\":{\"@type\":\"ImageObject\",\"inLanguage\":\"fr-FR\",\"@id\":\"https:\\\/\\\/hockey.be\\\/nl\\\/#\\\/schema\\\/logo\\\/image\\\/\",\"url\":\"https:\\\/\\\/hockey.be\\\/wp-content\\\/uploads\\\/2025\\\/07\\\/logo-hockey-be.svg\",\"contentUrl\":\"https:\\\/\\\/hockey.be\\\/wp-content\\\/uploads\\\/2025\\\/07\\\/logo-hockey-be.svg\",\"width\":724.16,\"height\":241.49,\"caption\":\"Hockey Belgium\"},\"image\":{\"@id\":\"https:\\\/\\\/hockey.be\\\/nl\\\/#\\\/schema\\\/logo\\\/image\\\/\"}}]}<\/script>\n<!-- \/ Yoast SEO plugin. -->","yoast_head_json":{"title":"Instances en charge de la Licence - Hockey Belgium","robots":{"index":"index","follow":"follow","max-snippet":"max-snippet:-1","max-image-preview":"max-image-preview:large","max-video-preview":"max-video-preview:-1"},"canonical":"https:\/\/hockey.be\/fr\/rbha\/organisation\/instances-en-charge-de-la-licence\/","og_locale":"fr_FR","og_type":"article","og_title":"Instances en charge de la Licence - Hockey Belgium","og_description":"Manager des licences &#8211; DNF Sportpraktijk Le Manager des Licences est comp\u00e9tent pour : Fournir aux clubs des explications sur les renseignements \u00e0 fournir dans le Formulaire de demande de [&hellip;]","og_url":"https:\/\/hockey.be\/fr\/rbha\/organisation\/instances-en-charge-de-la-licence\/","og_site_name":"Hockey Belgium","article_modified_time":"2025-08-27T09:26:40+00:00","og_image":[{"width":1200,"height":333,"url":"https:\/\/hockey.be\/wp-content\/uploads\/2025\/08\/37-1200x333.png","type":"image\/png"}],"twitter_card":"summary_large_image","twitter_misc":{"Dur\u00e9e de lecture estim\u00e9e":"2 minutes"},"schema":{"@context":"https:\/\/schema.org","@graph":[{"@type":"WebPage","@id":"https:\/\/hockey.be\/fr\/rbha\/organisation\/instances-en-charge-de-la-licence\/","url":"https:\/\/hockey.be\/fr\/rbha\/organisation\/instances-en-charge-de-la-licence\/","name":"Instances en charge de la Licence - Hockey Belgium","isPartOf":{"@id":"https:\/\/hockey.be\/nl\/#website"},"primaryImageOfPage":{"@id":"https:\/\/hockey.be\/fr\/rbha\/organisation\/instances-en-charge-de-la-licence\/#primaryimage"},"image":{"@id":"https:\/\/hockey.be\/fr\/rbha\/organisation\/instances-en-charge-de-la-licence\/#primaryimage"},"thumbnailUrl":"https:\/\/hockey.be\/wp-content\/uploads\/2025\/08\/37.png","datePublished":"2021-03-03T14:16:28+00:00","dateModified":"2025-08-27T09:26:40+00:00","breadcrumb":{"@id":"https:\/\/hockey.be\/fr\/rbha\/organisation\/instances-en-charge-de-la-licence\/#breadcrumb"},"inLanguage":"fr-FR","potentialAction":[{"@type":"ReadAction","target":["https:\/\/hockey.be\/fr\/rbha\/organisation\/instances-en-charge-de-la-licence\/"]}]},{"@type":"ImageObject","inLanguage":"fr-FR","@id":"https:\/\/hockey.be\/fr\/rbha\/organisation\/instances-en-charge-de-la-licence\/#primaryimage","url":"https:\/\/hockey.be\/wp-content\/uploads\/2025\/08\/37.png","contentUrl":"https:\/\/hockey.be\/wp-content\/uploads\/2025\/08\/37.png","width":2400,"height":665},{"@type":"BreadcrumbList","@id":"https:\/\/hockey.be\/fr\/rbha\/organisation\/instances-en-charge-de-la-licence\/#breadcrumb","itemListElement":[{"@type":"ListItem","position":1,"name":"Home","item":"https:\/\/hockey.be\/fr\/"},{"@type":"ListItem","position":2,"name":"Royal Belgian Hockey Association","item":"https:\/\/hockey.be\/fr\/rbha\/"},{"@type":"ListItem","position":3,"name":"Organisation","item":"https:\/\/hockey.be\/fr\/rbha\/organisation\/"},{"@type":"ListItem","position":4,"name":"Instances en charge de la Licence"}]},{"@type":"WebSite","@id":"https:\/\/hockey.be\/nl\/#website","url":"https:\/\/hockey.be\/nl\/","name":"Hockey Belgium","description":"En nog een WordPress website","publisher":{"@id":"https:\/\/hockey.be\/nl\/#organization"},"potentialAction":[{"@type":"SearchAction","target":{"@type":"EntryPoint","urlTemplate":"https:\/\/hockey.be\/nl\/?s={search_term_string}"},"query-input":{"@type":"PropertyValueSpecification","valueRequired":true,"valueName":"search_term_string"}}],"inLanguage":"fr-FR"},{"@type":"Organization","@id":"https:\/\/hockey.be\/nl\/#organization","name":"Hockey Belgium","url":"https:\/\/hockey.be\/nl\/","logo":{"@type":"ImageObject","inLanguage":"fr-FR","@id":"https:\/\/hockey.be\/nl\/#\/schema\/logo\/image\/","url":"https:\/\/hockey.be\/wp-content\/uploads\/2025\/07\/logo-hockey-be.svg","contentUrl":"https:\/\/hockey.be\/wp-content\/uploads\/2025\/07\/logo-hockey-be.svg","width":724.16,"height":241.49,"caption":"Hockey Belgium"},"image":{"@id":"https:\/\/hockey.be\/nl\/#\/schema\/logo\/image\/"}}]}},"_links":{"self":[{"href":"https:\/\/hockey.be\/fr\/wp-json\/wp\/v2\/pages\/34613","targetHints":{"allow":["GET"]}}],"collection":[{"href":"https:\/\/hockey.be\/fr\/wp-json\/wp\/v2\/pages"}],"about":[{"href":"https:\/\/hockey.be\/fr\/wp-json\/wp\/v2\/types\/page"}],"author":[{"embeddable":true,"href":"https:\/\/hockey.be\/fr\/wp-json\/wp\/v2\/users\/16"}],"replies":[{"embeddable":true,"href":"https:\/\/hockey.be\/fr\/wp-json\/wp\/v2\/comments?post=34613"}],"version-history":[{"count":4,"href":"https:\/\/hockey.be\/fr\/wp-json\/wp\/v2\/pages\/34613\/revisions"}],"predecessor-version":[{"id":84386,"href":"https:\/\/hockey.be\/fr\/wp-json\/wp\/v2\/pages\/34613\/revisions\/84386"}],"up":[{"embeddable":true,"href":"https:\/\/hockey.be\/fr\/wp-json\/wp\/v2\/pages\/15147"}],"wp:featuredmedia":[{"embeddable":true,"href":"https:\/\/hockey.be\/fr\/wp-json\/wp\/v2\/media\/82640"}],"wp:attachment":[{"href":"https:\/\/hockey.be\/fr\/wp-json\/wp\/v2\/media?parent=34613"}],"wp:term":[{"taxonomy":"category","embeddable":true,"href":"https:\/\/hockey.be\/fr\/wp-json\/wp\/v2\/categories?post=34613"},{"taxonomy":"post_tag","embeddable":true,"href":"https:\/\/hockey.be\/fr\/wp-json\/wp\/v2\/tags?post=34613"}],"curies":[{"name":"wp","href":"https:\/\/api.w.org\/{rel}","templated":true}]}}