{"id":33467,"date":"2020-12-02T11:37:21","date_gmt":"2020-12-02T10:37:21","guid":{"rendered":"https:\/\/hockey.be\/?page_id=33467"},"modified":"2025-08-26T15:55:47","modified_gmt":"2025-08-26T13:55:47","slug":"yapaka","status":"publish","type":"page","link":"https:\/\/hockey.be\/fr\/violence-harcelements-et-comportements-deviants\/yapaka\/","title":{"rendered":"YAPAKA"},"content":{"rendered":"\t\t<div data-elementor-type=\"wp-page\" data-elementor-id=\"33467\" class=\"elementor elementor-33467\" data-elementor-post-type=\"page\">\n\t\t\t\t<div class=\"elementor-element elementor-element-b68cde2 e-flex e-con-boxed e-con e-parent\" data-id=\"b68cde2\" data-element_type=\"container\" data-e-type=\"container\" data-settings=\"{&quot;jet_parallax_layout_list&quot;:[{&quot;_id&quot;:&quot;20a3005&quot;,&quot;jet_parallax_layout_image&quot;:{&quot;url&quot;:&quot;&quot;,&quot;id&quot;:&quot;&quot;,&quot;size&quot;:&quot;&quot;},&quot;jet_parallax_layout_image_widescreen&quot;:{&quot;url&quot;:&quot;&quot;,&quot;id&quot;:&quot;&quot;,&quot;size&quot;:&quot;&quot;},&quot;jet_parallax_layout_image_laptop&quot;:{&quot;url&quot;:&quot;&quot;,&quot;id&quot;:&quot;&quot;,&quot;size&quot;:&quot;&quot;},&quot;jet_parallax_layout_image_tablet_extra&quot;:{&quot;url&quot;:&quot;&quot;,&quot;id&quot;:&quot;&quot;,&quot;size&quot;:&quot;&quot;},&quot;jet_parallax_layout_image_tablet&quot;:{&quot;url&quot;:&quot;&quot;,&quot;id&quot;:&quot;&quot;,&quot;size&quot;:&quot;&quot;},&quot;jet_parallax_layout_image_mobile_extra&quot;:{&quot;url&quot;:&quot;&quot;,&quot;id&quot;:&quot;&quot;,&quot;size&quot;:&quot;&quot;},&quot;jet_parallax_layout_image_mobile&quot;:{&quot;url&quot;:&quot;&quot;,&quot;id&quot;:&quot;&quot;,&quot;size&quot;:&quot;&quot;},&quot;jet_parallax_layout_speed&quot;:{&quot;unit&quot;:&quot;%&quot;,&quot;size&quot;:50,&quot;sizes&quot;:[]},&quot;jet_parallax_layout_type&quot;:&quot;scroll&quot;,&quot;jet_parallax_layout_direction&quot;:&quot;1&quot;,&quot;jet_parallax_layout_fx_direction&quot;:null,&quot;jet_parallax_layout_z_index&quot;:&quot;&quot;,&quot;jet_parallax_layout_bg_x&quot;:50,&quot;jet_parallax_layout_bg_x_widescreen&quot;:&quot;&quot;,&quot;jet_parallax_layout_bg_x_laptop&quot;:&quot;&quot;,&quot;jet_parallax_layout_bg_x_tablet_extra&quot;:&quot;&quot;,&quot;jet_parallax_layout_bg_x_tablet&quot;:&quot;&quot;,&quot;jet_parallax_layout_bg_x_mobile_extra&quot;:&quot;&quot;,&quot;jet_parallax_layout_bg_x_mobile&quot;:&quot;&quot;,&quot;jet_parallax_layout_bg_y&quot;:50,&quot;jet_parallax_layout_bg_y_widescreen&quot;:&quot;&quot;,&quot;jet_parallax_layout_bg_y_laptop&quot;:&quot;&quot;,&quot;jet_parallax_layout_bg_y_tablet_extra&quot;:&quot;&quot;,&quot;jet_parallax_layout_bg_y_tablet&quot;:&quot;&quot;,&quot;jet_parallax_layout_bg_y_mobile_extra&quot;:&quot;&quot;,&quot;jet_parallax_layout_bg_y_mobile&quot;:&quot;&quot;,&quot;jet_parallax_layout_bg_size&quot;:&quot;auto&quot;,&quot;jet_parallax_layout_bg_size_widescreen&quot;:&quot;&quot;,&quot;jet_parallax_layout_bg_size_laptop&quot;:&quot;&quot;,&quot;jet_parallax_layout_bg_size_tablet_extra&quot;:&quot;&quot;,&quot;jet_parallax_layout_bg_size_tablet&quot;:&quot;&quot;,&quot;jet_parallax_layout_bg_size_mobile_extra&quot;:&quot;&quot;,&quot;jet_parallax_layout_bg_size_mobile&quot;:&quot;&quot;,&quot;jet_parallax_layout_animation_prop&quot;:&quot;transform&quot;,&quot;jet_parallax_layout_on&quot;:[&quot;desktop&quot;,&quot;tablet&quot;]}]}\">\n\t\t\t\t\t<div class=\"e-con-inner\">\n\t\t<div class=\"elementor-element elementor-element-5e9169e e-con-full e-flex e-con e-child\" data-id=\"5e9169e\" data-element_type=\"container\" data-e-type=\"container\" data-settings=\"{&quot;jet_parallax_layout_list&quot;:[]}\">\n\t\t\t\t<div class=\"elementor-element elementor-element-53e6817 elementor-hidden-tablet elementor-hidden-phone elementor-widget elementor-widget-wp-widget-nav_menu\" data-id=\"53e6817\" data-element_type=\"widget\" data-e-type=\"widget\" data-widget_type=\"wp-widget-nav_menu.default\">\n\t\t\t\t<div class=\"elementor-widget-container\">\n\t\t\t\t\t<div class=\"menu-fr-side-hwb-ethicsacademy-container\"><ul id=\"menu-fr-side-hwb-ethicsacademy\" class=\"menu\"><li id=\"menu-item-84200\" class=\"menu-item menu-item-type-post_type menu-item-object-page menu-item-84200\"><a href=\"https:\/\/hockey.be\/fr\/hockey-wallonie-bruxelles\/hockey-academy\/\">Hockey Academy<\/a><\/li>\n<li id=\"menu-item-84186\" class=\"menu-item menu-item-type-post_type menu-item-object-page menu-item-84186\"><a href=\"https:\/\/hockey.be\/fr\/hockey-wallonie-bruxelles\/hockey-academy\/coach-academy\/\">Coach Academy<\/a><\/li>\n<li id=\"menu-item-84204\" class=\"menu-item menu-item-type-post_type menu-item-object-page menu-item-84204\"><a href=\"https:\/\/hockey.be\/fr\/hockey-wallonie-bruxelles\/hockey-academy\/club-manager-academy\/\">Club Manager Academy<\/a><\/li>\n<li id=\"menu-item-84188\" class=\"menu-item menu-item-type-post_type menu-item-object-page menu-item-has-children menu-item-84188\"><a href=\"https:\/\/hockey.be\/fr\/hockey-wallonie-bruxelles\/hockey-academy\/ethics-academy\/\">Ethics Academy<\/a>\n<ul class=\"sub-menu\">\n\t<li id=\"menu-item-84189\" class=\"menu-item menu-item-type-post_type menu-item-object-page menu-item-84189\"><a href=\"https:\/\/hockey.be\/fr\/violence-harcelements-et-comportements-deviants\/procedure-disciplinaire\/\">Proc\u00e9dure disciplinaire<\/a><\/li>\n\t<li id=\"menu-item-84190\" class=\"menu-item menu-item-type-post_type menu-item-object-page menu-item-84190\"><a href=\"https:\/\/hockey.be\/fr\/hockey-wallonie-bruxelles\/codes-de-conduite\/\">Codes de conduite<\/a><\/li>\n\t<li id=\"menu-item-84199\" class=\"menu-item menu-item-type-post_type menu-item-object-page menu-item-84199\"><a href=\"https:\/\/hockey.be\/fr\/hockey-wallonie-bruxelles\/hockey-academy\/ethics-academy\/labels\/\">Labels<\/a><\/li>\n\t<li id=\"menu-item-84191\" class=\"menu-item menu-item-type-post_type menu-item-object-page menu-item-84191\"><a href=\"https:\/\/hockey.be\/fr\/medicaments-aut-lutte-anti-dopage\/\">M\u00e9dicaments, A.U.T. &#038; lutte anti-dopage<\/a><\/li>\n\t<li id=\"menu-item-84192\" class=\"menu-item menu-item-type-post_type menu-item-object-page menu-item-84192\"><a href=\"https:\/\/hockey.be\/fr\/panathlon\/\">Panathlon Wallonie-Bruxelles<\/a><\/li>\n\t<li id=\"menu-item-84194\" class=\"menu-item menu-item-type-post_type menu-item-object-page menu-item-84194\"><a href=\"https:\/\/hockey.be\/fr\/violence-harcelements-et-comportements-deviants\/services-daide\/\">Services d\u2019aide<\/a><\/li>\n\t<li id=\"menu-item-84198\" class=\"menu-item menu-item-type-post_type menu-item-object-page menu-item-84198\"><a href=\"https:\/\/hockey.be\/fr\/stick-to-fair-play\/\">Stick to Fair-Play<\/a><\/li>\n\t<li id=\"menu-item-84279\" class=\"menu-item menu-item-type-post_type menu-item-object-page menu-item-has-children menu-item-84279\"><a href=\"https:\/\/hockey.be\/fr\/super-parents\/\">Super-Parents<\/a>\n\t<ul class=\"sub-menu\">\n\t\t<li id=\"menu-item-84196\" class=\"menu-item menu-item-type-post_type menu-item-object-page menu-item-84196\"><a href=\"https:\/\/hockey.be\/fr\/parent-fair-play\/\">Parent Fair-play<\/a><\/li>\n\t\t<li id=\"menu-item-84280\" class=\"menu-item menu-item-type-post_type menu-item-object-page menu-item-84280\"><a href=\"https:\/\/hockey.be\/fr\/super-parents\/parent-manager\/\">Parent Manager<\/a><\/li>\n\t<\/ul>\n<\/li>\n\t<li id=\"menu-item-84193\" class=\"menu-item menu-item-type-post_type menu-item-object-page menu-item-84193\"><a href=\"https:\/\/hockey.be\/fr\/violence-harcelements-et-comportements-deviants\/\">Violence, harc\u00e8lements et comportements d\u00e9viants<\/a><\/li>\n\t<li id=\"menu-item-84195\" class=\"menu-item menu-item-type-post_type menu-item-object-page menu-item-84195\"><a href=\"https:\/\/hockey.be\/fr\/violence-harcelements-et-comportements-deviants\/yapaka\/\">YAPAKA<\/a><\/li>\n<\/ul>\n<\/li>\n<li id=\"menu-item-84184\" class=\"menu-item menu-item-type-post_type menu-item-object-page menu-item-84184\"><a href=\"https:\/\/hockey.be\/fr\/hockey-wallonie-bruxelles\/hockey-academy\/umpire-academy\/\">Umpire Academy<\/a><\/li>\n<\/ul><\/div>\t\t\t\t<\/div>\n\t\t\t\t<\/div>\n\t\t\t\t<\/div>\n\t\t<div class=\"elementor-element elementor-element-e04693d e-con-full e-flex e-con e-child\" data-id=\"e04693d\" data-element_type=\"container\" data-e-type=\"container\" data-settings=\"{&quot;jet_parallax_layout_list&quot;:[]}\">\n\t\t\t\t<div class=\"elementor-element elementor-element-3d85f71 elementor-widget elementor-widget-heading\" data-id=\"3d85f71\" data-element_type=\"widget\" data-e-type=\"widget\" data-widget_type=\"heading.default\">\n\t\t\t\t<div class=\"elementor-widget-container\">\n\t\t\t\t\t<h1 class=\"elementor-heading-title elementor-size-default\">YAPAKA<\/h1>\t\t\t\t<\/div>\n\t\t\t\t<\/div>\n\t\t\t\t<div class=\"elementor-element elementor-element-7948bf4 elementor-widget-divider--view-line elementor-widget elementor-widget-divider\" data-id=\"7948bf4\" data-element_type=\"widget\" data-e-type=\"widget\" data-widget_type=\"divider.default\">\n\t\t\t\t<div class=\"elementor-widget-container\">\n\t\t\t\t\t\t\t<div class=\"elementor-divider\">\n\t\t\t<span class=\"elementor-divider-separator\">\n\t\t\t\t\t\t<\/span>\n\t\t<\/div>\n\t\t\t\t\t\t<\/div>\n\t\t\t\t<\/div>\n\t\t\t\t<div class=\"elementor-element elementor-element-8dfc3f9 elementor-widget elementor-widget-text-editor\" data-id=\"8dfc3f9\" data-element_type=\"widget\" data-e-type=\"widget\" data-widget_type=\"text-editor.default\">\n\t\t\t\t<div class=\"elementor-widget-container\">\n\t\t\t\t\t\t\t\t\t<p>Dans notre soci\u00e9t\u00e9, certains enfants sont malheureusement victimes de maltraitance. Le sport peut leur venir en aide. En tant que co\u00e9quipier, parent, entraineur, dirigeant, nous pouvons \u00eatre t\u00e9moin d\u2019un enfant victime de maltraitance. Il est alors important de r\u00e9agir. Mais comment\u00a0?<\/p><p>Afin d\u2019\u00e9viter toute sorte de maltraitance des joueurs et joueuses de hockey, la LFH soutient <span style=\"text-decoration: underline; color: #ff0000;\"><strong><a style=\"color: #ff0000; text-decoration: underline;\" href=\"https:\/\/www.yapaka.be\/\">YAPAKA<\/a><\/strong><\/span>\u00a0!<\/p><p>Yapaka est <span style=\"text-decoration: underline; color: #ff0000;\"><strong><a style=\"color: #ff0000; text-decoration: underline;\" href=\"http:\/\/www.yapaka.be\/sites\/yapaka.be\/files\/page\/newsletter_2018-generale-web-ppp_002.pdf\">un programme de pr\u00e9vention de la maltraitance<\/a><\/strong><\/span> \u00e0 l&rsquo;initiative du Minist\u00e8re de la F\u00e9d\u00e9ration Wallonie-Bruxelles.<\/p><p><em>Il n&rsquo;y a pas de r\u00e9ponse pr\u00e9fabriqu\u00e9e pour \u00e9viter la maltraitance. A chacun de se d\u00e9brouiller&#8230; Cette d\u00e9brouille peut s&rsquo;av\u00e9rer gal\u00e8re, d\u00e9tresse, solitude ou, au contraire, cr\u00e9ativit\u00e9 pour autant que l&rsquo;on trouve appui et solidarit\u00e9 : le coup de pouce d&rsquo;un ami, d&rsquo;un voisin, d&rsquo;un proche, l&rsquo;aide d&rsquo;un professionnel&#8230; Yapaka tente de lancer des pistes.<br \/><\/em><\/p>\t\t\t\t\t\t\t\t<\/div>\n\t\t\t\t<\/div>\n\t\t\t\t<div class=\"elementor-element elementor-element-7d5b751 elementor-align-center elementor-widget elementor-widget-button\" data-id=\"7d5b751\" data-element_type=\"widget\" data-e-type=\"widget\" data-widget_type=\"button.default\">\n\t\t\t\t<div class=\"elementor-widget-container\">\n\t\t\t\t\t\t\t\t\t<div class=\"elementor-button-wrapper\">\n\t\t\t\t\t<a class=\"elementor-button elementor-button-link elementor-size-lg\" href=\"https:\/\/www.yapaka.be\/\">\n\t\t\t\t\t\t<span class=\"elementor-button-content-wrapper\">\n\t\t\t\t\t\t<span class=\"elementor-button-icon\">\n\t\t\t\t<svg aria-hidden=\"true\" class=\"e-font-icon-svg e-fas-arrow-right\" viewBox=\"0 0 448 512\" xmlns=\"http:\/\/www.w3.org\/2000\/svg\"><path d=\"M190.5 66.9l22.2-22.2c9.4-9.4 24.6-9.4 33.9 0L441 239c9.4 9.4 9.4 24.6 0 33.9L246.6 467.3c-9.4 9.4-24.6 9.4-33.9 0l-22.2-22.2c-9.5-9.5-9.3-25 .4-34.3L311.4 296H24c-13.3 0-24-10.7-24-24v-32c0-13.3 10.7-24 24-24h287.4L190.9 101.2c-9.8-9.3-10-24.8-.4-34.3z\"><\/path><\/svg>\t\t\t<\/span>\n\t\t\t\t\t\t\t\t\t<span class=\"elementor-button-text\">Site Yapaka<\/span>\n\t\t\t\t\t<\/span>\n\t\t\t\t\t<\/a>\n\t\t\t\t<\/div>\n\t\t\t\t\t\t\t\t<\/div>\n\t\t\t\t<\/div>\n\t\t\t\t<div class=\"elementor-element elementor-element-10297a0 elementor-widget elementor-widget-image\" data-id=\"10297a0\" data-element_type=\"widget\" data-e-type=\"widget\" data-widget_type=\"image.default\">\n\t\t\t\t<div class=\"elementor-widget-container\">\n\t\t\t\t\t\t\t\t\t\t\t\t\t\t\t\t<a href=\"https:\/\/www.yapaka.be\/\">\n\t\t\t\t\t\t\t<img decoding=\"async\" width=\"300\" height=\"67\" src=\"https:\/\/hockey.be\/wp-content\/uploads\/2020\/04\/yapaka.png\" class=\"attachment-large size-large wp-image-27132\" alt=\"\" \/>\t\t\t\t\t\t\t\t<\/a>\n\t\t\t\t\t\t\t\t\t\t\t\t\t\t\t<\/div>\n\t\t\t\t<\/div>\n\t\t\t\t<div class=\"elementor-element elementor-element-37fb6a9 elementor-widget elementor-widget-image\" data-id=\"37fb6a9\" data-element_type=\"widget\" data-e-type=\"widget\" data-widget_type=\"image.default\">\n\t\t\t\t<div class=\"elementor-widget-container\">\n\t\t\t\t\t\t\t\t\t\t\t\t\t\t\t\t<a href=\"https:\/\/hockey.be\/wp-content\/uploads\/2020\/04\/fiche_maltraitance.pdf\">\n\t\t\t\t\t\t\t<img fetchpriority=\"high\" decoding=\"async\" width=\"659\" height=\"934\" src=\"https:\/\/hockey.be\/wp-content\/uploads\/2020\/04\/Capture-1.png\" class=\"attachment-full size-full wp-image-27171\" alt=\"\" srcset=\"https:\/\/hockey.be\/wp-content\/uploads\/2020\/04\/Capture-1.png 659w, https:\/\/hockey.be\/wp-content\/uploads\/2020\/04\/Capture-1-212x300.png 212w\" sizes=\"(max-width: 659px) 100vw, 659px\" \/>\t\t\t\t\t\t\t\t<\/a>\n\t\t\t\t\t\t\t\t\t\t\t\t\t\t\t<\/div>\n\t\t\t\t<\/div>\n\t\t\t\t<div class=\"elementor-element elementor-element-92fd9b6 elementor-widget-divider--view-line elementor-widget elementor-widget-divider\" data-id=\"92fd9b6\" data-element_type=\"widget\" data-e-type=\"widget\" data-widget_type=\"divider.default\">\n\t\t\t\t<div class=\"elementor-widget-container\">\n\t\t\t\t\t\t\t<div class=\"elementor-divider\">\n\t\t\t<span class=\"elementor-divider-separator\">\n\t\t\t\t\t\t<\/span>\n\t\t<\/div>\n\t\t\t\t\t\t<\/div>\n\t\t\t\t<\/div>\n\t\t\t\t<\/div>\n\t\t\t\t\t<\/div>\n\t\t\t\t<\/div>\n\t\t\t\t<\/div>\n\t\t","protected":false},"excerpt":{"rendered":"<p>Dans notre soci\u00e9t\u00e9, certains enfants sont malheureusement victimes de maltraitance. Le sport peut leur venir en aide. En tant que co\u00e9quipier, parent, entraineur, dirigeant, nous pouvons \u00eatre t\u00e9moin d\u2019un enfant [&hellip;]<\/p>\n","protected":false},"author":16,"featured_media":82771,"parent":27127,"menu_order":0,"comment_status":"closed","ping_status":"closed","template":"","meta":{"_acf_changed":false,"footnotes":""},"categories":[629],"tags":[],"class_list":["post-33467","page","type-page","status-publish","has-post-thumbnail","hentry","category-comportements-deviants"],"acf":[],"yoast_head":"<!-- This site is optimized with the Yoast SEO plugin v27.3 - https:\/\/yoast.com\/product\/yoast-seo-wordpress\/ -->\n<title>YAPAKA - Hockey Belgium<\/title>\n<meta name=\"description\" content=\"Dans notre soci\u00e9t\u00e9, certains enfants sont malheureusement victimes de maltraitance. Le sport peut leur venir en aide. En tant (lire plus)\" \/>\n<meta name=\"robots\" content=\"index, follow, max-snippet:-1, max-image-preview:large, max-video-preview:-1\" \/>\n<link rel=\"canonical\" href=\"https:\/\/hockey.be\/fr\/violence-harcelements-et-comportements-deviants\/yapaka\/\" \/>\n<meta property=\"og:locale\" content=\"fr_FR\" \/>\n<meta property=\"og:type\" content=\"article\" \/>\n<meta property=\"og:title\" content=\"YAPAKA - Hockey Belgium\" \/>\n<meta property=\"og:description\" content=\"Dans notre soci\u00e9t\u00e9, certains enfants sont malheureusement victimes de maltraitance. Le sport peut leur venir en aide. En tant (lire plus)\" \/>\n<meta property=\"og:url\" content=\"https:\/\/hockey.be\/fr\/violence-harcelements-et-comportements-deviants\/yapaka\/\" \/>\n<meta property=\"og:site_name\" content=\"Hockey Belgium\" \/>\n<meta property=\"article:modified_time\" content=\"2025-08-26T13:55:47+00:00\" \/>\n<meta property=\"og:image\" content=\"https:\/\/hockey.be\/wp-content\/uploads\/2025\/08\/21-2.png\" \/>\n\t<meta property=\"og:image:width\" content=\"2400\" \/>\n\t<meta property=\"og:image:height\" content=\"665\" \/>\n\t<meta property=\"og:image:type\" content=\"image\/png\" \/>\n<meta name=\"twitter:card\" content=\"summary_large_image\" \/>\n<meta name=\"twitter:label1\" content=\"Dur\u00e9e de lecture estim\u00e9e\" \/>\n\t<meta name=\"twitter:data1\" content=\"2 minutes\" \/>\n<script type=\"application\/ld+json\" class=\"yoast-schema-graph\">{\"@context\":\"https:\\\/\\\/schema.org\",\"@graph\":[{\"@type\":\"WebPage\",\"@id\":\"https:\\\/\\\/hockey.be\\\/fr\\\/violence-harcelements-et-comportements-deviants\\\/yapaka\\\/\",\"url\":\"https:\\\/\\\/hockey.be\\\/fr\\\/violence-harcelements-et-comportements-deviants\\\/yapaka\\\/\",\"name\":\"YAPAKA - Hockey Belgium\",\"isPartOf\":{\"@id\":\"https:\\\/\\\/hockey.be\\\/nl\\\/#website\"},\"primaryImageOfPage\":{\"@id\":\"https:\\\/\\\/hockey.be\\\/fr\\\/violence-harcelements-et-comportements-deviants\\\/yapaka\\\/#primaryimage\"},\"image\":{\"@id\":\"https:\\\/\\\/hockey.be\\\/fr\\\/violence-harcelements-et-comportements-deviants\\\/yapaka\\\/#primaryimage\"},\"thumbnailUrl\":\"https:\\\/\\\/hockey.be\\\/wp-content\\\/uploads\\\/2025\\\/08\\\/21-2.png\",\"datePublished\":\"2020-12-02T10:37:21+00:00\",\"dateModified\":\"2025-08-26T13:55:47+00:00\",\"description\":\"Dans notre soci\u00e9t\u00e9, certains enfants sont malheureusement victimes de maltraitance. Le sport peut leur venir en aide. En tant (lire plus)\",\"breadcrumb\":{\"@id\":\"https:\\\/\\\/hockey.be\\\/fr\\\/violence-harcelements-et-comportements-deviants\\\/yapaka\\\/#breadcrumb\"},\"inLanguage\":\"fr-FR\",\"potentialAction\":[{\"@type\":\"ReadAction\",\"target\":[\"https:\\\/\\\/hockey.be\\\/fr\\\/violence-harcelements-et-comportements-deviants\\\/yapaka\\\/\"]}]},{\"@type\":\"ImageObject\",\"inLanguage\":\"fr-FR\",\"@id\":\"https:\\\/\\\/hockey.be\\\/fr\\\/violence-harcelements-et-comportements-deviants\\\/yapaka\\\/#primaryimage\",\"url\":\"https:\\\/\\\/hockey.be\\\/wp-content\\\/uploads\\\/2025\\\/08\\\/21-2.png\",\"contentUrl\":\"https:\\\/\\\/hockey.be\\\/wp-content\\\/uploads\\\/2025\\\/08\\\/21-2.png\",\"width\":2400,\"height\":665},{\"@type\":\"BreadcrumbList\",\"@id\":\"https:\\\/\\\/hockey.be\\\/fr\\\/violence-harcelements-et-comportements-deviants\\\/yapaka\\\/#breadcrumb\",\"itemListElement\":[{\"@type\":\"ListItem\",\"position\":1,\"name\":\"Home\",\"item\":\"https:\\\/\\\/hockey.be\\\/fr\\\/\"},{\"@type\":\"ListItem\",\"position\":2,\"name\":\"Violence, harc\u00e8lements et comportements d\u00e9viants\",\"item\":\"https:\\\/\\\/hockey.be\\\/fr\\\/violence-harcelements-et-comportements-deviants\\\/\"},{\"@type\":\"ListItem\",\"position\":3,\"name\":\"YAPAKA\"}]},{\"@type\":\"WebSite\",\"@id\":\"https:\\\/\\\/hockey.be\\\/nl\\\/#website\",\"url\":\"https:\\\/\\\/hockey.be\\\/nl\\\/\",\"name\":\"Hockey Belgium\",\"description\":\"En nog een WordPress website\",\"publisher\":{\"@id\":\"https:\\\/\\\/hockey.be\\\/nl\\\/#organization\"},\"potentialAction\":[{\"@type\":\"SearchAction\",\"target\":{\"@type\":\"EntryPoint\",\"urlTemplate\":\"https:\\\/\\\/hockey.be\\\/nl\\\/?s={search_term_string}\"},\"query-input\":{\"@type\":\"PropertyValueSpecification\",\"valueRequired\":true,\"valueName\":\"search_term_string\"}}],\"inLanguage\":\"fr-FR\"},{\"@type\":\"Organization\",\"@id\":\"https:\\\/\\\/hockey.be\\\/nl\\\/#organization\",\"name\":\"Hockey Belgium\",\"url\":\"https:\\\/\\\/hockey.be\\\/nl\\\/\",\"logo\":{\"@type\":\"ImageObject\",\"inLanguage\":\"fr-FR\",\"@id\":\"https:\\\/\\\/hockey.be\\\/nl\\\/#\\\/schema\\\/logo\\\/image\\\/\",\"url\":\"https:\\\/\\\/hockey.be\\\/wp-content\\\/uploads\\\/2025\\\/07\\\/logo-hockey-be.svg\",\"contentUrl\":\"https:\\\/\\\/hockey.be\\\/wp-content\\\/uploads\\\/2025\\\/07\\\/logo-hockey-be.svg\",\"width\":724.16,\"height\":241.49,\"caption\":\"Hockey Belgium\"},\"image\":{\"@id\":\"https:\\\/\\\/hockey.be\\\/nl\\\/#\\\/schema\\\/logo\\\/image\\\/\"}}]}<\/script>\n<!-- \/ Yoast SEO plugin. -->","yoast_head_json":{"title":"YAPAKA - Hockey Belgium","description":"Dans notre soci\u00e9t\u00e9, certains enfants sont malheureusement victimes de maltraitance. Le sport peut leur venir en aide. En tant (lire plus)","robots":{"index":"index","follow":"follow","max-snippet":"max-snippet:-1","max-image-preview":"max-image-preview:large","max-video-preview":"max-video-preview:-1"},"canonical":"https:\/\/hockey.be\/fr\/violence-harcelements-et-comportements-deviants\/yapaka\/","og_locale":"fr_FR","og_type":"article","og_title":"YAPAKA - Hockey Belgium","og_description":"Dans notre soci\u00e9t\u00e9, certains enfants sont malheureusement victimes de maltraitance. Le sport peut leur venir en aide. En tant (lire plus)","og_url":"https:\/\/hockey.be\/fr\/violence-harcelements-et-comportements-deviants\/yapaka\/","og_site_name":"Hockey Belgium","article_modified_time":"2025-08-26T13:55:47+00:00","og_image":[{"width":2400,"height":665,"url":"https:\/\/hockey.be\/wp-content\/uploads\/2025\/08\/21-2.png","type":"image\/png"}],"twitter_card":"summary_large_image","twitter_misc":{"Dur\u00e9e de lecture estim\u00e9e":"2 minutes"},"schema":{"@context":"https:\/\/schema.org","@graph":[{"@type":"WebPage","@id":"https:\/\/hockey.be\/fr\/violence-harcelements-et-comportements-deviants\/yapaka\/","url":"https:\/\/hockey.be\/fr\/violence-harcelements-et-comportements-deviants\/yapaka\/","name":"YAPAKA - Hockey Belgium","isPartOf":{"@id":"https:\/\/hockey.be\/nl\/#website"},"primaryImageOfPage":{"@id":"https:\/\/hockey.be\/fr\/violence-harcelements-et-comportements-deviants\/yapaka\/#primaryimage"},"image":{"@id":"https:\/\/hockey.be\/fr\/violence-harcelements-et-comportements-deviants\/yapaka\/#primaryimage"},"thumbnailUrl":"https:\/\/hockey.be\/wp-content\/uploads\/2025\/08\/21-2.png","datePublished":"2020-12-02T10:37:21+00:00","dateModified":"2025-08-26T13:55:47+00:00","description":"Dans notre soci\u00e9t\u00e9, certains enfants sont malheureusement victimes de maltraitance. Le sport peut leur venir en aide. En tant (lire plus)","breadcrumb":{"@id":"https:\/\/hockey.be\/fr\/violence-harcelements-et-comportements-deviants\/yapaka\/#breadcrumb"},"inLanguage":"fr-FR","potentialAction":[{"@type":"ReadAction","target":["https:\/\/hockey.be\/fr\/violence-harcelements-et-comportements-deviants\/yapaka\/"]}]},{"@type":"ImageObject","inLanguage":"fr-FR","@id":"https:\/\/hockey.be\/fr\/violence-harcelements-et-comportements-deviants\/yapaka\/#primaryimage","url":"https:\/\/hockey.be\/wp-content\/uploads\/2025\/08\/21-2.png","contentUrl":"https:\/\/hockey.be\/wp-content\/uploads\/2025\/08\/21-2.png","width":2400,"height":665},{"@type":"BreadcrumbList","@id":"https:\/\/hockey.be\/fr\/violence-harcelements-et-comportements-deviants\/yapaka\/#breadcrumb","itemListElement":[{"@type":"ListItem","position":1,"name":"Home","item":"https:\/\/hockey.be\/fr\/"},{"@type":"ListItem","position":2,"name":"Violence, harc\u00e8lements et comportements d\u00e9viants","item":"https:\/\/hockey.be\/fr\/violence-harcelements-et-comportements-deviants\/"},{"@type":"ListItem","position":3,"name":"YAPAKA"}]},{"@type":"WebSite","@id":"https:\/\/hockey.be\/nl\/#website","url":"https:\/\/hockey.be\/nl\/","name":"Hockey Belgium","description":"En nog een WordPress website","publisher":{"@id":"https:\/\/hockey.be\/nl\/#organization"},"potentialAction":[{"@type":"SearchAction","target":{"@type":"EntryPoint","urlTemplate":"https:\/\/hockey.be\/nl\/?s={search_term_string}"},"query-input":{"@type":"PropertyValueSpecification","valueRequired":true,"valueName":"search_term_string"}}],"inLanguage":"fr-FR"},{"@type":"Organization","@id":"https:\/\/hockey.be\/nl\/#organization","name":"Hockey Belgium","url":"https:\/\/hockey.be\/nl\/","logo":{"@type":"ImageObject","inLanguage":"fr-FR","@id":"https:\/\/hockey.be\/nl\/#\/schema\/logo\/image\/","url":"https:\/\/hockey.be\/wp-content\/uploads\/2025\/07\/logo-hockey-be.svg","contentUrl":"https:\/\/hockey.be\/wp-content\/uploads\/2025\/07\/logo-hockey-be.svg","width":724.16,"height":241.49,"caption":"Hockey Belgium"},"image":{"@id":"https:\/\/hockey.be\/nl\/#\/schema\/logo\/image\/"}}]}},"_links":{"self":[{"href":"https:\/\/hockey.be\/fr\/wp-json\/wp\/v2\/pages\/33467","targetHints":{"allow":["GET"]}}],"collection":[{"href":"https:\/\/hockey.be\/fr\/wp-json\/wp\/v2\/pages"}],"about":[{"href":"https:\/\/hockey.be\/fr\/wp-json\/wp\/v2\/types\/page"}],"author":[{"embeddable":true,"href":"https:\/\/hockey.be\/fr\/wp-json\/wp\/v2\/users\/16"}],"replies":[{"embeddable":true,"href":"https:\/\/hockey.be\/fr\/wp-json\/wp\/v2\/comments?post=33467"}],"version-history":[{"count":4,"href":"https:\/\/hockey.be\/fr\/wp-json\/wp\/v2\/pages\/33467\/revisions"}],"predecessor-version":[{"id":84327,"href":"https:\/\/hockey.be\/fr\/wp-json\/wp\/v2\/pages\/33467\/revisions\/84327"}],"up":[{"embeddable":true,"href":"https:\/\/hockey.be\/fr\/wp-json\/wp\/v2\/pages\/27127"}],"wp:featuredmedia":[{"embeddable":true,"href":"https:\/\/hockey.be\/fr\/wp-json\/wp\/v2\/media\/82771"}],"wp:attachment":[{"href":"https:\/\/hockey.be\/fr\/wp-json\/wp\/v2\/media?parent=33467"}],"wp:term":[{"taxonomy":"category","embeddable":true,"href":"https:\/\/hockey.be\/fr\/wp-json\/wp\/v2\/categories?post=33467"},{"taxonomy":"post_tag","embeddable":true,"href":"https:\/\/hockey.be\/fr\/wp-json\/wp\/v2\/tags?post=33467"}],"curies":[{"name":"wp","href":"https:\/\/api.w.org\/{rel}","templated":true}]}}