{"id":31832,"date":"2020-08-21T11:05:39","date_gmt":"2020-08-21T09:05:39","guid":{"rendered":"https:\/\/hockey.be\/?page_id=31832"},"modified":"2025-08-26T15:43:22","modified_gmt":"2025-08-26T13:43:22","slug":"parent-manager","status":"publish","type":"page","link":"https:\/\/hockey.be\/fr\/super-parents\/parent-manager\/","title":{"rendered":"Parent Manager"},"content":{"rendered":"\t\t<div data-elementor-type=\"wp-page\" data-elementor-id=\"31832\" class=\"elementor elementor-31832\" data-elementor-post-type=\"page\">\n\t\t\t\t<div class=\"elementor-element elementor-element-ae6a7b7 e-flex e-con-boxed e-con e-parent\" data-id=\"ae6a7b7\" data-element_type=\"container\" data-e-type=\"container\" data-settings=\"{&quot;jet_parallax_layout_list&quot;:[{&quot;_id&quot;:&quot;20a3005&quot;,&quot;jet_parallax_layout_image&quot;:{&quot;url&quot;:&quot;&quot;,&quot;id&quot;:&quot;&quot;,&quot;size&quot;:&quot;&quot;},&quot;jet_parallax_layout_image_widescreen&quot;:{&quot;url&quot;:&quot;&quot;,&quot;id&quot;:&quot;&quot;,&quot;size&quot;:&quot;&quot;},&quot;jet_parallax_layout_image_laptop&quot;:{&quot;url&quot;:&quot;&quot;,&quot;id&quot;:&quot;&quot;,&quot;size&quot;:&quot;&quot;},&quot;jet_parallax_layout_image_tablet_extra&quot;:{&quot;url&quot;:&quot;&quot;,&quot;id&quot;:&quot;&quot;,&quot;size&quot;:&quot;&quot;},&quot;jet_parallax_layout_image_tablet&quot;:{&quot;url&quot;:&quot;&quot;,&quot;id&quot;:&quot;&quot;,&quot;size&quot;:&quot;&quot;},&quot;jet_parallax_layout_image_mobile_extra&quot;:{&quot;url&quot;:&quot;&quot;,&quot;id&quot;:&quot;&quot;,&quot;size&quot;:&quot;&quot;},&quot;jet_parallax_layout_image_mobile&quot;:{&quot;url&quot;:&quot;&quot;,&quot;id&quot;:&quot;&quot;,&quot;size&quot;:&quot;&quot;},&quot;jet_parallax_layout_speed&quot;:{&quot;unit&quot;:&quot;%&quot;,&quot;size&quot;:50,&quot;sizes&quot;:[]},&quot;jet_parallax_layout_type&quot;:&quot;scroll&quot;,&quot;jet_parallax_layout_direction&quot;:&quot;1&quot;,&quot;jet_parallax_layout_fx_direction&quot;:null,&quot;jet_parallax_layout_z_index&quot;:&quot;&quot;,&quot;jet_parallax_layout_bg_x&quot;:50,&quot;jet_parallax_layout_bg_x_widescreen&quot;:&quot;&quot;,&quot;jet_parallax_layout_bg_x_laptop&quot;:&quot;&quot;,&quot;jet_parallax_layout_bg_x_tablet_extra&quot;:&quot;&quot;,&quot;jet_parallax_layout_bg_x_tablet&quot;:&quot;&quot;,&quot;jet_parallax_layout_bg_x_mobile_extra&quot;:&quot;&quot;,&quot;jet_parallax_layout_bg_x_mobile&quot;:&quot;&quot;,&quot;jet_parallax_layout_bg_y&quot;:50,&quot;jet_parallax_layout_bg_y_widescreen&quot;:&quot;&quot;,&quot;jet_parallax_layout_bg_y_laptop&quot;:&quot;&quot;,&quot;jet_parallax_layout_bg_y_tablet_extra&quot;:&quot;&quot;,&quot;jet_parallax_layout_bg_y_tablet&quot;:&quot;&quot;,&quot;jet_parallax_layout_bg_y_mobile_extra&quot;:&quot;&quot;,&quot;jet_parallax_layout_bg_y_mobile&quot;:&quot;&quot;,&quot;jet_parallax_layout_bg_size&quot;:&quot;auto&quot;,&quot;jet_parallax_layout_bg_size_widescreen&quot;:&quot;&quot;,&quot;jet_parallax_layout_bg_size_laptop&quot;:&quot;&quot;,&quot;jet_parallax_layout_bg_size_tablet_extra&quot;:&quot;&quot;,&quot;jet_parallax_layout_bg_size_tablet&quot;:&quot;&quot;,&quot;jet_parallax_layout_bg_size_mobile_extra&quot;:&quot;&quot;,&quot;jet_parallax_layout_bg_size_mobile&quot;:&quot;&quot;,&quot;jet_parallax_layout_animation_prop&quot;:&quot;transform&quot;,&quot;jet_parallax_layout_on&quot;:[&quot;desktop&quot;,&quot;tablet&quot;]}]}\">\n\t\t\t\t\t<div class=\"e-con-inner\">\n\t\t<div class=\"elementor-element elementor-element-50505c6 e-con-full e-flex e-con e-child\" data-id=\"50505c6\" data-element_type=\"container\" data-e-type=\"container\" data-settings=\"{&quot;jet_parallax_layout_list&quot;:[]}\">\n\t\t\t\t<div class=\"elementor-element elementor-element-de53404 elementor-hidden-tablet elementor-hidden-phone elementor-widget elementor-widget-wp-widget-nav_menu\" data-id=\"de53404\" data-element_type=\"widget\" data-e-type=\"widget\" data-widget_type=\"wp-widget-nav_menu.default\">\n\t\t\t\t<div class=\"elementor-widget-container\">\n\t\t\t\t\t<div class=\"menu-fr-side-hwb-ethicsacademy-container\"><ul id=\"menu-fr-side-hwb-ethicsacademy\" class=\"menu\"><li id=\"menu-item-84200\" class=\"menu-item menu-item-type-post_type menu-item-object-page menu-item-84200\"><a href=\"https:\/\/hockey.be\/fr\/hockey-wallonie-bruxelles\/hockey-academy\/\">Hockey Academy<\/a><\/li>\n<li id=\"menu-item-84186\" class=\"menu-item menu-item-type-post_type menu-item-object-page menu-item-84186\"><a href=\"https:\/\/hockey.be\/fr\/hockey-wallonie-bruxelles\/hockey-academy\/coach-academy\/\">Coach Academy<\/a><\/li>\n<li id=\"menu-item-84204\" class=\"menu-item menu-item-type-post_type menu-item-object-page menu-item-84204\"><a href=\"https:\/\/hockey.be\/fr\/hockey-wallonie-bruxelles\/hockey-academy\/club-manager-academy\/\">Club Manager Academy<\/a><\/li>\n<li id=\"menu-item-84188\" class=\"menu-item menu-item-type-post_type menu-item-object-page menu-item-has-children menu-item-84188\"><a href=\"https:\/\/hockey.be\/fr\/hockey-wallonie-bruxelles\/hockey-academy\/ethics-academy\/\">Ethics Academy<\/a>\n<ul class=\"sub-menu\">\n\t<li id=\"menu-item-84189\" class=\"menu-item menu-item-type-post_type menu-item-object-page menu-item-84189\"><a href=\"https:\/\/hockey.be\/fr\/violence-harcelements-et-comportements-deviants\/procedure-disciplinaire\/\">Proc\u00e9dure disciplinaire<\/a><\/li>\n\t<li id=\"menu-item-84190\" class=\"menu-item menu-item-type-post_type menu-item-object-page menu-item-84190\"><a href=\"https:\/\/hockey.be\/fr\/hockey-wallonie-bruxelles\/codes-de-conduite\/\">Codes de conduite<\/a><\/li>\n\t<li id=\"menu-item-84199\" class=\"menu-item menu-item-type-post_type menu-item-object-page menu-item-84199\"><a href=\"https:\/\/hockey.be\/fr\/hockey-wallonie-bruxelles\/hockey-academy\/ethics-academy\/labels\/\">Labels<\/a><\/li>\n\t<li id=\"menu-item-84191\" class=\"menu-item menu-item-type-post_type menu-item-object-page menu-item-84191\"><a href=\"https:\/\/hockey.be\/fr\/medicaments-aut-lutte-anti-dopage\/\">M\u00e9dicaments, A.U.T. &#038; lutte anti-dopage<\/a><\/li>\n\t<li id=\"menu-item-84192\" class=\"menu-item menu-item-type-post_type menu-item-object-page menu-item-84192\"><a href=\"https:\/\/hockey.be\/fr\/panathlon\/\">Panathlon Wallonie-Bruxelles<\/a><\/li>\n\t<li id=\"menu-item-84194\" class=\"menu-item menu-item-type-post_type menu-item-object-page menu-item-84194\"><a href=\"https:\/\/hockey.be\/fr\/violence-harcelements-et-comportements-deviants\/services-daide\/\">Services d\u2019aide<\/a><\/li>\n\t<li id=\"menu-item-84198\" class=\"menu-item menu-item-type-post_type menu-item-object-page menu-item-84198\"><a href=\"https:\/\/hockey.be\/fr\/stick-to-fair-play\/\">Stick to Fair-Play<\/a><\/li>\n\t<li id=\"menu-item-84279\" class=\"menu-item menu-item-type-post_type menu-item-object-page menu-item-has-children menu-item-84279\"><a href=\"https:\/\/hockey.be\/fr\/super-parents\/\">Super-Parents<\/a>\n\t<ul class=\"sub-menu\">\n\t\t<li id=\"menu-item-84196\" class=\"menu-item menu-item-type-post_type menu-item-object-page menu-item-84196\"><a href=\"https:\/\/hockey.be\/fr\/parent-fair-play\/\">Parent Fair-play<\/a><\/li>\n\t\t<li id=\"menu-item-84280\" class=\"menu-item menu-item-type-post_type menu-item-object-page menu-item-84280\"><a href=\"https:\/\/hockey.be\/fr\/super-parents\/parent-manager\/\">Parent Manager<\/a><\/li>\n\t<\/ul>\n<\/li>\n\t<li id=\"menu-item-84193\" class=\"menu-item menu-item-type-post_type menu-item-object-page menu-item-84193\"><a href=\"https:\/\/hockey.be\/fr\/violence-harcelements-et-comportements-deviants\/\">Violence, harc\u00e8lements et comportements d\u00e9viants<\/a><\/li>\n\t<li id=\"menu-item-84195\" class=\"menu-item menu-item-type-post_type menu-item-object-page menu-item-84195\"><a href=\"https:\/\/hockey.be\/fr\/violence-harcelements-et-comportements-deviants\/yapaka\/\">YAPAKA<\/a><\/li>\n<\/ul>\n<\/li>\n<li id=\"menu-item-84184\" class=\"menu-item menu-item-type-post_type menu-item-object-page menu-item-84184\"><a href=\"https:\/\/hockey.be\/fr\/hockey-wallonie-bruxelles\/hockey-academy\/umpire-academy\/\">Umpire Academy<\/a><\/li>\n<\/ul><\/div>\t\t\t\t<\/div>\n\t\t\t\t<\/div>\n\t\t\t\t<\/div>\n\t\t<div class=\"elementor-element elementor-element-36bf077 e-con-full e-flex e-con e-child\" data-id=\"36bf077\" data-element_type=\"container\" data-e-type=\"container\" data-settings=\"{&quot;jet_parallax_layout_list&quot;:[]}\">\n\t\t\t\t<div class=\"elementor-element elementor-element-6742c51 elementor-widget elementor-widget-heading\" data-id=\"6742c51\" data-element_type=\"widget\" data-e-type=\"widget\" data-widget_type=\"heading.default\">\n\t\t\t\t<div class=\"elementor-widget-container\">\n\t\t\t\t\t<h1 class=\"elementor-heading-title elementor-size-default\">Parent Manager<\/h1>\t\t\t\t<\/div>\n\t\t\t\t<\/div>\n\t\t\t\t<div class=\"elementor-element elementor-element-7d627a5 elementor-widget-divider--view-line elementor-widget elementor-widget-divider\" data-id=\"7d627a5\" data-element_type=\"widget\" data-e-type=\"widget\" data-widget_type=\"divider.default\">\n\t\t\t\t<div class=\"elementor-widget-container\">\n\t\t\t\t\t\t\t<div class=\"elementor-divider\">\n\t\t\t<span class=\"elementor-divider-separator\">\n\t\t\t\t\t\t<\/span>\n\t\t<\/div>\n\t\t\t\t\t\t<\/div>\n\t\t\t\t<\/div>\n\t\t\t\t<div class=\"elementor-element elementor-element-f5d349d elementor-align-center elementor-widget elementor-widget-button\" data-id=\"f5d349d\" data-element_type=\"widget\" data-e-type=\"widget\" data-widget_type=\"button.default\">\n\t\t\t\t<div class=\"elementor-widget-container\">\n\t\t\t\t\t\t\t\t\t<div class=\"elementor-button-wrapper\">\n\t\t\t\t\t<a class=\"elementor-button elementor-button-link elementor-size-lg\" href=\"https:\/\/hockey.be\/wp-content\/uploads\/2021\/11\/LFH_Parent-Manager.pptx\">\n\t\t\t\t\t\t<span class=\"elementor-button-content-wrapper\">\n\t\t\t\t\t\t<span class=\"elementor-button-icon\">\n\t\t\t\t<svg aria-hidden=\"true\" class=\"e-font-icon-svg e-fas-arrow-circle-down\" viewBox=\"0 0 512 512\" xmlns=\"http:\/\/www.w3.org\/2000\/svg\"><path d=\"M504 256c0 137-111 248-248 248S8 393 8 256 119 8 256 8s248 111 248 248zm-143.6-28.9L288 302.6V120c0-13.3-10.7-24-24-24h-16c-13.3 0-24 10.7-24 24v182.6l-72.4-75.5c-9.3-9.7-24.8-9.9-34.3-.4l-10.9 11c-9.4 9.4-9.4 24.6 0 33.9L239 404.3c9.4 9.4 24.6 9.4 33.9 0l132.7-132.7c9.4-9.4 9.4-24.6 0-33.9l-10.9-11c-9.5-9.5-25-9.3-34.3.4z\"><\/path><\/svg>\t\t\t<\/span>\n\t\t\t\t\t\t\t\t\t<span class=\"elementor-button-text\">Pr\u00e9sentation Parent Manager<\/span>\n\t\t\t\t\t<\/span>\n\t\t\t\t\t<\/a>\n\t\t\t\t<\/div>\n\t\t\t\t\t\t\t\t<\/div>\n\t\t\t\t<\/div>\n\t\t\t\t<div class=\"elementor-element elementor-element-1500e18 elementor-widget-divider--view-line elementor-widget elementor-widget-divider\" data-id=\"1500e18\" data-element_type=\"widget\" data-e-type=\"widget\" data-widget_type=\"divider.default\">\n\t\t\t\t<div class=\"elementor-widget-container\">\n\t\t\t\t\t\t\t<div class=\"elementor-divider\">\n\t\t\t<span class=\"elementor-divider-separator\">\n\t\t\t\t\t\t<\/span>\n\t\t<\/div>\n\t\t\t\t\t\t<\/div>\n\t\t\t\t<\/div>\n\t\t\t\t<\/div>\n\t\t\t\t\t<\/div>\n\t\t\t\t<\/div>\n\t\t\t\t<\/div>\n\t\t","protected":false},"excerpt":{"rendered":"<p>Pr\u00e9sentation Parent Manager<\/p>\n","protected":false},"author":16,"featured_media":82486,"parent":31828,"menu_order":0,"comment_status":"closed","ping_status":"closed","template":"","meta":{"_acf_changed":false,"footnotes":""},"categories":[],"tags":[],"class_list":["post-31832","page","type-page","status-publish","has-post-thumbnail","hentry"],"acf":[],"yoast_head":"<!-- This site is optimized with the Yoast SEO plugin v27.3 - https:\/\/yoast.com\/product\/yoast-seo-wordpress\/ -->\n<title>Parent Manager - Hockey Belgium<\/title>\n<meta name=\"description\" content=\"Normalement, chaque \u00e9quipe poss\u00e8de un Team Manager.Le Team Manager peut \u00eatre un b\u00e9n\u00e9vole, un parent, joueur de l\u2019\u00e9quipe, un membre du club (lire plus)\" \/>\n<meta name=\"robots\" content=\"index, follow, max-snippet:-1, max-image-preview:large, max-video-preview:-1\" \/>\n<link rel=\"canonical\" href=\"https:\/\/hockey.be\/fr\/super-parents\/parent-manager\/\" \/>\n<meta property=\"og:locale\" content=\"fr_FR\" \/>\n<meta property=\"og:type\" content=\"article\" \/>\n<meta property=\"og:title\" content=\"Parent Manager - Hockey Belgium\" \/>\n<meta property=\"og:description\" content=\"Normalement, chaque \u00e9quipe poss\u00e8de un Team Manager.Le Team Manager peut \u00eatre un b\u00e9n\u00e9vole, un parent, joueur de l\u2019\u00e9quipe, un membre du club (lire plus)\" \/>\n<meta property=\"og:url\" content=\"https:\/\/hockey.be\/fr\/super-parents\/parent-manager\/\" \/>\n<meta property=\"og:site_name\" content=\"Hockey Belgium\" \/>\n<meta property=\"article:modified_time\" content=\"2025-08-26T13:43:22+00:00\" \/>\n<meta property=\"og:image\" content=\"https:\/\/hockey.be\/wp-content\/uploads\/2025\/08\/2-1.png\" \/>\n\t<meta property=\"og:image:width\" content=\"2400\" \/>\n\t<meta property=\"og:image:height\" content=\"665\" \/>\n\t<meta property=\"og:image:type\" content=\"image\/png\" \/>\n<meta name=\"twitter:card\" content=\"summary_large_image\" \/>\n<meta name=\"twitter:label1\" content=\"Dur\u00e9e de lecture estim\u00e9e\" \/>\n\t<meta name=\"twitter:data1\" content=\"1 minute\" \/>\n<script type=\"application\/ld+json\" class=\"yoast-schema-graph\">{\"@context\":\"https:\\\/\\\/schema.org\",\"@graph\":[{\"@type\":\"WebPage\",\"@id\":\"https:\\\/\\\/hockey.be\\\/fr\\\/super-parents\\\/parent-manager\\\/\",\"url\":\"https:\\\/\\\/hockey.be\\\/fr\\\/super-parents\\\/parent-manager\\\/\",\"name\":\"Parent Manager - Hockey Belgium\",\"isPartOf\":{\"@id\":\"https:\\\/\\\/hockey.be\\\/nl\\\/#website\"},\"primaryImageOfPage\":{\"@id\":\"https:\\\/\\\/hockey.be\\\/fr\\\/super-parents\\\/parent-manager\\\/#primaryimage\"},\"image\":{\"@id\":\"https:\\\/\\\/hockey.be\\\/fr\\\/super-parents\\\/parent-manager\\\/#primaryimage\"},\"thumbnailUrl\":\"https:\\\/\\\/hockey.be\\\/wp-content\\\/uploads\\\/2025\\\/08\\\/2-1.png\",\"datePublished\":\"2020-08-21T09:05:39+00:00\",\"dateModified\":\"2025-08-26T13:43:22+00:00\",\"description\":\"Normalement, chaque \u00e9quipe poss\u00e8de un Team Manager.Le Team Manager peut \u00eatre un b\u00e9n\u00e9vole, un parent, joueur de l\u2019\u00e9quipe, un membre du club (lire plus)\",\"breadcrumb\":{\"@id\":\"https:\\\/\\\/hockey.be\\\/fr\\\/super-parents\\\/parent-manager\\\/#breadcrumb\"},\"inLanguage\":\"fr-FR\",\"potentialAction\":[{\"@type\":\"ReadAction\",\"target\":[\"https:\\\/\\\/hockey.be\\\/fr\\\/super-parents\\\/parent-manager\\\/\"]}]},{\"@type\":\"ImageObject\",\"inLanguage\":\"fr-FR\",\"@id\":\"https:\\\/\\\/hockey.be\\\/fr\\\/super-parents\\\/parent-manager\\\/#primaryimage\",\"url\":\"https:\\\/\\\/hockey.be\\\/wp-content\\\/uploads\\\/2025\\\/08\\\/2-1.png\",\"contentUrl\":\"https:\\\/\\\/hockey.be\\\/wp-content\\\/uploads\\\/2025\\\/08\\\/2-1.png\",\"width\":2400,\"height\":665},{\"@type\":\"BreadcrumbList\",\"@id\":\"https:\\\/\\\/hockey.be\\\/fr\\\/super-parents\\\/parent-manager\\\/#breadcrumb\",\"itemListElement\":[{\"@type\":\"ListItem\",\"position\":1,\"name\":\"Home\",\"item\":\"https:\\\/\\\/hockey.be\\\/fr\\\/\"},{\"@type\":\"ListItem\",\"position\":2,\"name\":\"Super-Parents\",\"item\":\"https:\\\/\\\/hockey.be\\\/fr\\\/super-parents\\\/\"},{\"@type\":\"ListItem\",\"position\":3,\"name\":\"Parent Manager\"}]},{\"@type\":\"WebSite\",\"@id\":\"https:\\\/\\\/hockey.be\\\/nl\\\/#website\",\"url\":\"https:\\\/\\\/hockey.be\\\/nl\\\/\",\"name\":\"Hockey Belgium\",\"description\":\"En nog een WordPress website\",\"publisher\":{\"@id\":\"https:\\\/\\\/hockey.be\\\/nl\\\/#organization\"},\"potentialAction\":[{\"@type\":\"SearchAction\",\"target\":{\"@type\":\"EntryPoint\",\"urlTemplate\":\"https:\\\/\\\/hockey.be\\\/nl\\\/?s={search_term_string}\"},\"query-input\":{\"@type\":\"PropertyValueSpecification\",\"valueRequired\":true,\"valueName\":\"search_term_string\"}}],\"inLanguage\":\"fr-FR\"},{\"@type\":\"Organization\",\"@id\":\"https:\\\/\\\/hockey.be\\\/nl\\\/#organization\",\"name\":\"Hockey Belgium\",\"url\":\"https:\\\/\\\/hockey.be\\\/nl\\\/\",\"logo\":{\"@type\":\"ImageObject\",\"inLanguage\":\"fr-FR\",\"@id\":\"https:\\\/\\\/hockey.be\\\/nl\\\/#\\\/schema\\\/logo\\\/image\\\/\",\"url\":\"https:\\\/\\\/hockey.be\\\/wp-content\\\/uploads\\\/2025\\\/07\\\/logo-hockey-be.svg\",\"contentUrl\":\"https:\\\/\\\/hockey.be\\\/wp-content\\\/uploads\\\/2025\\\/07\\\/logo-hockey-be.svg\",\"width\":724.16,\"height\":241.49,\"caption\":\"Hockey Belgium\"},\"image\":{\"@id\":\"https:\\\/\\\/hockey.be\\\/nl\\\/#\\\/schema\\\/logo\\\/image\\\/\"}}]}<\/script>\n<!-- \/ Yoast SEO plugin. -->","yoast_head_json":{"title":"Parent Manager - Hockey Belgium","description":"Normalement, chaque \u00e9quipe poss\u00e8de un Team Manager.Le Team Manager peut \u00eatre un b\u00e9n\u00e9vole, un parent, joueur de l\u2019\u00e9quipe, un membre du club (lire plus)","robots":{"index":"index","follow":"follow","max-snippet":"max-snippet:-1","max-image-preview":"max-image-preview:large","max-video-preview":"max-video-preview:-1"},"canonical":"https:\/\/hockey.be\/fr\/super-parents\/parent-manager\/","og_locale":"fr_FR","og_type":"article","og_title":"Parent Manager - Hockey Belgium","og_description":"Normalement, chaque \u00e9quipe poss\u00e8de un Team Manager.Le Team Manager peut \u00eatre un b\u00e9n\u00e9vole, un parent, joueur de l\u2019\u00e9quipe, un membre du club (lire plus)","og_url":"https:\/\/hockey.be\/fr\/super-parents\/parent-manager\/","og_site_name":"Hockey Belgium","article_modified_time":"2025-08-26T13:43:22+00:00","og_image":[{"width":2400,"height":665,"url":"https:\/\/hockey.be\/wp-content\/uploads\/2025\/08\/2-1.png","type":"image\/png"}],"twitter_card":"summary_large_image","twitter_misc":{"Dur\u00e9e de lecture estim\u00e9e":"1 minute"},"schema":{"@context":"https:\/\/schema.org","@graph":[{"@type":"WebPage","@id":"https:\/\/hockey.be\/fr\/super-parents\/parent-manager\/","url":"https:\/\/hockey.be\/fr\/super-parents\/parent-manager\/","name":"Parent Manager - Hockey Belgium","isPartOf":{"@id":"https:\/\/hockey.be\/nl\/#website"},"primaryImageOfPage":{"@id":"https:\/\/hockey.be\/fr\/super-parents\/parent-manager\/#primaryimage"},"image":{"@id":"https:\/\/hockey.be\/fr\/super-parents\/parent-manager\/#primaryimage"},"thumbnailUrl":"https:\/\/hockey.be\/wp-content\/uploads\/2025\/08\/2-1.png","datePublished":"2020-08-21T09:05:39+00:00","dateModified":"2025-08-26T13:43:22+00:00","description":"Normalement, chaque \u00e9quipe poss\u00e8de un Team Manager.Le Team Manager peut \u00eatre un b\u00e9n\u00e9vole, un parent, joueur de l\u2019\u00e9quipe, un membre du club (lire plus)","breadcrumb":{"@id":"https:\/\/hockey.be\/fr\/super-parents\/parent-manager\/#breadcrumb"},"inLanguage":"fr-FR","potentialAction":[{"@type":"ReadAction","target":["https:\/\/hockey.be\/fr\/super-parents\/parent-manager\/"]}]},{"@type":"ImageObject","inLanguage":"fr-FR","@id":"https:\/\/hockey.be\/fr\/super-parents\/parent-manager\/#primaryimage","url":"https:\/\/hockey.be\/wp-content\/uploads\/2025\/08\/2-1.png","contentUrl":"https:\/\/hockey.be\/wp-content\/uploads\/2025\/08\/2-1.png","width":2400,"height":665},{"@type":"BreadcrumbList","@id":"https:\/\/hockey.be\/fr\/super-parents\/parent-manager\/#breadcrumb","itemListElement":[{"@type":"ListItem","position":1,"name":"Home","item":"https:\/\/hockey.be\/fr\/"},{"@type":"ListItem","position":2,"name":"Super-Parents","item":"https:\/\/hockey.be\/fr\/super-parents\/"},{"@type":"ListItem","position":3,"name":"Parent Manager"}]},{"@type":"WebSite","@id":"https:\/\/hockey.be\/nl\/#website","url":"https:\/\/hockey.be\/nl\/","name":"Hockey Belgium","description":"En nog een WordPress website","publisher":{"@id":"https:\/\/hockey.be\/nl\/#organization"},"potentialAction":[{"@type":"SearchAction","target":{"@type":"EntryPoint","urlTemplate":"https:\/\/hockey.be\/nl\/?s={search_term_string}"},"query-input":{"@type":"PropertyValueSpecification","valueRequired":true,"valueName":"search_term_string"}}],"inLanguage":"fr-FR"},{"@type":"Organization","@id":"https:\/\/hockey.be\/nl\/#organization","name":"Hockey Belgium","url":"https:\/\/hockey.be\/nl\/","logo":{"@type":"ImageObject","inLanguage":"fr-FR","@id":"https:\/\/hockey.be\/nl\/#\/schema\/logo\/image\/","url":"https:\/\/hockey.be\/wp-content\/uploads\/2025\/07\/logo-hockey-be.svg","contentUrl":"https:\/\/hockey.be\/wp-content\/uploads\/2025\/07\/logo-hockey-be.svg","width":724.16,"height":241.49,"caption":"Hockey Belgium"},"image":{"@id":"https:\/\/hockey.be\/nl\/#\/schema\/logo\/image\/"}}]}},"_links":{"self":[{"href":"https:\/\/hockey.be\/fr\/wp-json\/wp\/v2\/pages\/31832","targetHints":{"allow":["GET"]}}],"collection":[{"href":"https:\/\/hockey.be\/fr\/wp-json\/wp\/v2\/pages"}],"about":[{"href":"https:\/\/hockey.be\/fr\/wp-json\/wp\/v2\/types\/page"}],"author":[{"embeddable":true,"href":"https:\/\/hockey.be\/fr\/wp-json\/wp\/v2\/users\/16"}],"replies":[{"embeddable":true,"href":"https:\/\/hockey.be\/fr\/wp-json\/wp\/v2\/comments?post=31832"}],"version-history":[{"count":7,"href":"https:\/\/hockey.be\/fr\/wp-json\/wp\/v2\/pages\/31832\/revisions"}],"predecessor-version":[{"id":84296,"href":"https:\/\/hockey.be\/fr\/wp-json\/wp\/v2\/pages\/31832\/revisions\/84296"}],"up":[{"embeddable":true,"href":"https:\/\/hockey.be\/fr\/wp-json\/wp\/v2\/pages\/31828"}],"wp:featuredmedia":[{"embeddable":true,"href":"https:\/\/hockey.be\/fr\/wp-json\/wp\/v2\/media\/82486"}],"wp:attachment":[{"href":"https:\/\/hockey.be\/fr\/wp-json\/wp\/v2\/media?parent=31832"}],"wp:term":[{"taxonomy":"category","embeddable":true,"href":"https:\/\/hockey.be\/fr\/wp-json\/wp\/v2\/categories?post=31832"},{"taxonomy":"post_tag","embeddable":true,"href":"https:\/\/hockey.be\/fr\/wp-json\/wp\/v2\/tags?post=31832"}],"curies":[{"name":"wp","href":"https:\/\/api.w.org\/{rel}","templated":true}]}}