{"id":31828,"date":"2020-08-21T10:58:06","date_gmt":"2020-08-21T08:58:06","guid":{"rendered":"https:\/\/hockey.be\/?page_id=31828"},"modified":"2025-08-26T15:41:16","modified_gmt":"2025-08-26T13:41:16","slug":"super-parents","status":"publish","type":"page","link":"https:\/\/hockey.be\/fr\/super-parents\/","title":{"rendered":"Super-Parents"},"content":{"rendered":"\t\t<div data-elementor-type=\"wp-page\" data-elementor-id=\"31828\" class=\"elementor elementor-31828\" data-elementor-post-type=\"page\">\n\t\t\t\t<div class=\"elementor-element elementor-element-a3e905e e-flex e-con-boxed e-con e-parent\" data-id=\"a3e905e\" data-element_type=\"container\" data-e-type=\"container\" data-settings=\"{&quot;jet_parallax_layout_list&quot;:[{&quot;jet_parallax_layout_image&quot;:{&quot;url&quot;:&quot;&quot;,&quot;id&quot;:&quot;&quot;,&quot;size&quot;:&quot;&quot;},&quot;_id&quot;:&quot;20a3005&quot;,&quot;jet_parallax_layout_image_tablet&quot;:{&quot;url&quot;:&quot;&quot;,&quot;id&quot;:&quot;&quot;,&quot;size&quot;:&quot;&quot;},&quot;jet_parallax_layout_image_mobile&quot;:{&quot;url&quot;:&quot;&quot;,&quot;id&quot;:&quot;&quot;,&quot;size&quot;:&quot;&quot;},&quot;jet_parallax_layout_image_widescreen&quot;:{&quot;url&quot;:&quot;&quot;,&quot;id&quot;:&quot;&quot;,&quot;size&quot;:&quot;&quot;},&quot;jet_parallax_layout_image_laptop&quot;:{&quot;url&quot;:&quot;&quot;,&quot;id&quot;:&quot;&quot;,&quot;size&quot;:&quot;&quot;},&quot;jet_parallax_layout_image_tablet_extra&quot;:{&quot;url&quot;:&quot;&quot;,&quot;id&quot;:&quot;&quot;,&quot;size&quot;:&quot;&quot;},&quot;jet_parallax_layout_image_mobile_extra&quot;:{&quot;url&quot;:&quot;&quot;,&quot;id&quot;:&quot;&quot;,&quot;size&quot;:&quot;&quot;},&quot;jet_parallax_layout_speed&quot;:{&quot;unit&quot;:&quot;%&quot;,&quot;size&quot;:50,&quot;sizes&quot;:[]},&quot;jet_parallax_layout_type&quot;:&quot;scroll&quot;,&quot;jet_parallax_layout_direction&quot;:&quot;1&quot;,&quot;jet_parallax_layout_fx_direction&quot;:null,&quot;jet_parallax_layout_z_index&quot;:&quot;&quot;,&quot;jet_parallax_layout_bg_x&quot;:50,&quot;jet_parallax_layout_bg_x_widescreen&quot;:&quot;&quot;,&quot;jet_parallax_layout_bg_x_laptop&quot;:&quot;&quot;,&quot;jet_parallax_layout_bg_x_tablet_extra&quot;:&quot;&quot;,&quot;jet_parallax_layout_bg_x_tablet&quot;:&quot;&quot;,&quot;jet_parallax_layout_bg_x_mobile_extra&quot;:&quot;&quot;,&quot;jet_parallax_layout_bg_x_mobile&quot;:&quot;&quot;,&quot;jet_parallax_layout_bg_y&quot;:50,&quot;jet_parallax_layout_bg_y_widescreen&quot;:&quot;&quot;,&quot;jet_parallax_layout_bg_y_laptop&quot;:&quot;&quot;,&quot;jet_parallax_layout_bg_y_tablet_extra&quot;:&quot;&quot;,&quot;jet_parallax_layout_bg_y_tablet&quot;:&quot;&quot;,&quot;jet_parallax_layout_bg_y_mobile_extra&quot;:&quot;&quot;,&quot;jet_parallax_layout_bg_y_mobile&quot;:&quot;&quot;,&quot;jet_parallax_layout_bg_size&quot;:&quot;auto&quot;,&quot;jet_parallax_layout_bg_size_widescreen&quot;:&quot;&quot;,&quot;jet_parallax_layout_bg_size_laptop&quot;:&quot;&quot;,&quot;jet_parallax_layout_bg_size_tablet_extra&quot;:&quot;&quot;,&quot;jet_parallax_layout_bg_size_tablet&quot;:&quot;&quot;,&quot;jet_parallax_layout_bg_size_mobile_extra&quot;:&quot;&quot;,&quot;jet_parallax_layout_bg_size_mobile&quot;:&quot;&quot;,&quot;jet_parallax_layout_animation_prop&quot;:&quot;transform&quot;,&quot;jet_parallax_layout_on&quot;:[&quot;desktop&quot;,&quot;tablet&quot;]}]}\">\n\t\t\t\t\t<div class=\"e-con-inner\">\n\t\t<div class=\"elementor-element elementor-element-4556f33 e-con-full e-flex e-con e-child\" data-id=\"4556f33\" data-element_type=\"container\" data-e-type=\"container\" data-settings=\"{&quot;jet_parallax_layout_list&quot;:[]}\">\n\t\t\t\t<div class=\"elementor-element elementor-element-87f730c elementor-hidden-tablet elementor-hidden-phone elementor-widget elementor-widget-wp-widget-nav_menu\" data-id=\"87f730c\" data-element_type=\"widget\" data-e-type=\"widget\" data-widget_type=\"wp-widget-nav_menu.default\">\n\t\t\t\t<div class=\"elementor-widget-container\">\n\t\t\t\t\t<div class=\"menu-fr-side-hwb-ethicsacademy-container\"><ul id=\"menu-fr-side-hwb-ethicsacademy\" class=\"menu\"><li id=\"menu-item-84200\" class=\"menu-item menu-item-type-post_type menu-item-object-page menu-item-84200\"><a href=\"https:\/\/hockey.be\/fr\/hockey-wallonie-bruxelles\/hockey-academy\/\">Hockey Academy<\/a><\/li>\n<li id=\"menu-item-84186\" class=\"menu-item menu-item-type-post_type menu-item-object-page menu-item-84186\"><a href=\"https:\/\/hockey.be\/fr\/hockey-wallonie-bruxelles\/hockey-academy\/coach-academy\/\">Coach Academy<\/a><\/li>\n<li id=\"menu-item-84204\" class=\"menu-item menu-item-type-post_type menu-item-object-page menu-item-84204\"><a href=\"https:\/\/hockey.be\/fr\/hockey-wallonie-bruxelles\/hockey-academy\/club-manager-academy\/\">Club Manager Academy<\/a><\/li>\n<li id=\"menu-item-84188\" class=\"menu-item menu-item-type-post_type menu-item-object-page menu-item-has-children menu-item-84188\"><a href=\"https:\/\/hockey.be\/fr\/hockey-wallonie-bruxelles\/hockey-academy\/ethics-academy\/\">Ethics Academy<\/a>\n<ul class=\"sub-menu\">\n\t<li id=\"menu-item-84189\" class=\"menu-item menu-item-type-post_type menu-item-object-page menu-item-84189\"><a href=\"https:\/\/hockey.be\/fr\/violence-harcelements-et-comportements-deviants\/procedure-disciplinaire\/\">Proc\u00e9dure disciplinaire<\/a><\/li>\n\t<li id=\"menu-item-84190\" class=\"menu-item menu-item-type-post_type menu-item-object-page menu-item-84190\"><a href=\"https:\/\/hockey.be\/fr\/hockey-wallonie-bruxelles\/codes-de-conduite\/\">Codes de conduite<\/a><\/li>\n\t<li id=\"menu-item-84199\" class=\"menu-item menu-item-type-post_type menu-item-object-page menu-item-84199\"><a href=\"https:\/\/hockey.be\/fr\/hockey-wallonie-bruxelles\/hockey-academy\/ethics-academy\/labels\/\">Labels<\/a><\/li>\n\t<li id=\"menu-item-84191\" class=\"menu-item menu-item-type-post_type menu-item-object-page menu-item-84191\"><a href=\"https:\/\/hockey.be\/fr\/medicaments-aut-lutte-anti-dopage\/\">M\u00e9dicaments, A.U.T. &#038; lutte anti-dopage<\/a><\/li>\n\t<li id=\"menu-item-84192\" class=\"menu-item menu-item-type-post_type menu-item-object-page menu-item-84192\"><a href=\"https:\/\/hockey.be\/fr\/panathlon\/\">Panathlon Wallonie-Bruxelles<\/a><\/li>\n\t<li id=\"menu-item-84194\" class=\"menu-item menu-item-type-post_type menu-item-object-page menu-item-84194\"><a href=\"https:\/\/hockey.be\/fr\/violence-harcelements-et-comportements-deviants\/services-daide\/\">Services d\u2019aide<\/a><\/li>\n\t<li id=\"menu-item-84198\" class=\"menu-item menu-item-type-post_type menu-item-object-page menu-item-84198\"><a href=\"https:\/\/hockey.be\/fr\/stick-to-fair-play\/\">Stick to Fair-Play<\/a><\/li>\n\t<li id=\"menu-item-84279\" class=\"menu-item menu-item-type-post_type menu-item-object-page menu-item-has-children menu-item-84279\"><a href=\"https:\/\/hockey.be\/fr\/super-parents\/\">Super-Parents<\/a>\n\t<ul class=\"sub-menu\">\n\t\t<li id=\"menu-item-84196\" class=\"menu-item menu-item-type-post_type menu-item-object-page menu-item-84196\"><a href=\"https:\/\/hockey.be\/fr\/parent-fair-play\/\">Parent Fair-play<\/a><\/li>\n\t\t<li id=\"menu-item-84280\" class=\"menu-item menu-item-type-post_type menu-item-object-page menu-item-84280\"><a href=\"https:\/\/hockey.be\/fr\/super-parents\/parent-manager\/\">Parent Manager<\/a><\/li>\n\t<\/ul>\n<\/li>\n\t<li id=\"menu-item-84193\" class=\"menu-item menu-item-type-post_type menu-item-object-page menu-item-84193\"><a href=\"https:\/\/hockey.be\/fr\/violence-harcelements-et-comportements-deviants\/\">Violence, harc\u00e8lements et comportements d\u00e9viants<\/a><\/li>\n\t<li id=\"menu-item-84195\" class=\"menu-item menu-item-type-post_type menu-item-object-page menu-item-84195\"><a href=\"https:\/\/hockey.be\/fr\/violence-harcelements-et-comportements-deviants\/yapaka\/\">YAPAKA<\/a><\/li>\n<\/ul>\n<\/li>\n<li id=\"menu-item-84184\" class=\"menu-item menu-item-type-post_type menu-item-object-page menu-item-84184\"><a href=\"https:\/\/hockey.be\/fr\/hockey-wallonie-bruxelles\/hockey-academy\/umpire-academy\/\">Umpire Academy<\/a><\/li>\n<\/ul><\/div>\t\t\t\t<\/div>\n\t\t\t\t<\/div>\n\t\t\t\t<\/div>\n\t\t<div class=\"elementor-element elementor-element-6415574 e-con-full e-flex e-con e-child\" data-id=\"6415574\" data-element_type=\"container\" data-e-type=\"container\" data-settings=\"{&quot;jet_parallax_layout_list&quot;:[]}\">\n\t\t\t\t<div class=\"elementor-element elementor-element-1471a5e elementor-widget elementor-widget-heading\" data-id=\"1471a5e\" data-element_type=\"widget\" data-e-type=\"widget\" data-widget_type=\"heading.default\">\n\t\t\t\t<div class=\"elementor-widget-container\">\n\t\t\t\t\t<h1 class=\"elementor-heading-title elementor-size-default\">Super-Parents<\/h1>\t\t\t\t<\/div>\n\t\t\t\t<\/div>\n\t\t\t\t<div class=\"elementor-element elementor-element-e38add2 elementor-widget-divider--view-line elementor-widget elementor-widget-divider\" data-id=\"e38add2\" data-element_type=\"widget\" data-e-type=\"widget\" data-widget_type=\"divider.default\">\n\t\t\t\t<div class=\"elementor-widget-container\">\n\t\t\t\t\t\t\t<div class=\"elementor-divider\">\n\t\t\t<span class=\"elementor-divider-separator\">\n\t\t\t\t\t\t<\/span>\n\t\t<\/div>\n\t\t\t\t\t\t<\/div>\n\t\t\t\t<\/div>\n\t\t\t\t<div class=\"elementor-element elementor-element-0d58fff elementor-widget elementor-widget-text-editor\" data-id=\"0d58fff\" data-element_type=\"widget\" data-e-type=\"widget\" data-widget_type=\"text-editor.default\">\n\t\t\t\t<div class=\"elementor-widget-container\">\n\t\t\t\t\t\t\t\t\t<p>Vous suivez votre fils avec plaisir au bord du terrain mais vous souhaitez en faire davantage\u00a0? Vous avez commenc\u00e9 \u00e0 coacher votre fille cette ann\u00e9e\u00a0? Vous souhaitez pr\u00f4ner les valeurs du Fair-Play aux enfants\u00a0? Il vous arrive de temps \u00e0 autre de siffler le match du plus jeune\u00a0? Vous ne faites rien de tout cela mais portez un int\u00e9r\u00eat \u00e0 l\u2019une de ces th\u00e9matiques\u00a0?<\/p><p><strong>Vous \u00eates alors un Super-Parent\u00a0!<\/strong><\/p><p>Un Super-Parent est un papa ou une maman qui s\u2019investit <strong>\u00e0 sa mani\u00e8re<\/strong> dans le hockey de son enfant. Certains y passent des journ\u00e9es ou quelques heures, alors que d\u2019autres ne peuvent y consacrer que quelques minutes. Peu importe\u00a0!<\/p><p>La LFH vous accompagne dans vos d\u00e9marches et vous soutient dans vos diff\u00e9rentes t\u00e2ches. Des outils ont \u00e9t\u00e9 cr\u00e9\u00e9s afin de vous aider, vous Super-Parent, \u00e0 prester le mieux possible les jours de matchs !<\/p>\t\t\t\t\t\t\t\t<\/div>\n\t\t\t\t<\/div>\n\t\t\t\t<div class=\"elementor-element elementor-element-74090f3 elementor-align-center elementor-widget elementor-widget-button\" data-id=\"74090f3\" data-element_type=\"widget\" data-e-type=\"widget\" data-widget_type=\"button.default\">\n\t\t\t\t<div class=\"elementor-widget-container\">\n\t\t\t\t\t\t\t\t\t<div class=\"elementor-button-wrapper\">\n\t\t\t\t\t<a class=\"elementor-button elementor-button-link elementor-size-lg\" href=\"https:\/\/hockey.be\/wp-content\/uploads\/2024\/10\/Debut-en-competition-info-parents-O4F.pdf\">\n\t\t\t\t\t\t<span class=\"elementor-button-content-wrapper\">\n\t\t\t\t\t\t<span class=\"elementor-button-icon\">\n\t\t\t\t<svg aria-hidden=\"true\" class=\"e-font-icon-svg e-fas-arrow-circle-down\" viewBox=\"0 0 512 512\" xmlns=\"http:\/\/www.w3.org\/2000\/svg\"><path d=\"M504 256c0 137-111 248-248 248S8 393 8 256 119 8 256 8s248 111 248 248zm-143.6-28.9L288 302.6V120c0-13.3-10.7-24-24-24h-16c-13.3 0-24 10.7-24 24v182.6l-72.4-75.5c-9.3-9.7-24.8-9.9-34.3-.4l-10.9 11c-9.4 9.4-9.4 24.6 0 33.9L239 404.3c9.4 9.4 24.6 9.4 33.9 0l132.7-132.7c9.4-9.4 9.4-24.6 0-33.9l-10.9-11c-9.5-9.5-25-9.3-34.3.4z\"><\/path><\/svg>\t\t\t<\/span>\n\t\t\t\t\t\t\t\t\t<span class=\"elementor-button-text\">Lancement d'une \u00e9quipe en comp\u00e9tition - Informations pour les parents<\/span>\n\t\t\t\t\t<\/span>\n\t\t\t\t\t<\/a>\n\t\t\t\t<\/div>\n\t\t\t\t\t\t\t\t<\/div>\n\t\t\t\t<\/div>\n\t\t\t\t<div class=\"elementor-element elementor-element-28e196a elementor-widget-divider--view-line elementor-widget elementor-widget-divider\" data-id=\"28e196a\" data-element_type=\"widget\" data-e-type=\"widget\" data-widget_type=\"divider.default\">\n\t\t\t\t<div class=\"elementor-widget-container\">\n\t\t\t\t\t\t\t<div class=\"elementor-divider\">\n\t\t\t<span class=\"elementor-divider-separator\">\n\t\t\t\t\t\t<\/span>\n\t\t<\/div>\n\t\t\t\t\t\t<\/div>\n\t\t\t\t<\/div>\n\t\t\t\t<\/div>\n\t\t\t\t\t<\/div>\n\t\t\t\t<\/div>\n\t\t\t\t<\/div>\n\t\t","protected":false},"excerpt":{"rendered":"<p>Vous suivez votre fils avec plaisir au bord du terrain mais vous souhaitez en faire davantage\u00a0? Vous avez commenc\u00e9 \u00e0 coacher votre fille cette ann\u00e9e\u00a0? Vous souhaitez pr\u00f4ner les valeurs [&hellip;]<\/p>\n","protected":false},"author":16,"featured_media":82490,"parent":0,"menu_order":0,"comment_status":"closed","ping_status":"closed","template":"","meta":{"_acf_changed":false,"footnotes":""},"categories":[304],"tags":[],"class_list":["post-31828","page","type-page","status-publish","has-post-thumbnail","hentry","category-lfh-content"],"acf":[],"yoast_head":"<!-- This site is optimized with the Yoast SEO plugin v27.4 - https:\/\/yoast.com\/product\/yoast-seo-wordpress\/ -->\n<title>Super-Parents - Hockey Belgium<\/title>\n<meta name=\"robots\" content=\"index, follow, max-snippet:-1, max-image-preview:large, max-video-preview:-1\" \/>\n<link rel=\"canonical\" href=\"https:\/\/hockey.be\/fr\/super-parents\/\" \/>\n<meta property=\"og:locale\" content=\"fr_FR\" \/>\n<meta property=\"og:type\" content=\"article\" \/>\n<meta property=\"og:title\" content=\"Super-Parents - Hockey Belgium\" \/>\n<meta property=\"og:description\" content=\"Vous suivez votre fils avec plaisir au bord du terrain mais vous souhaitez en faire davantage\u00a0? Vous avez commenc\u00e9 \u00e0 coacher votre fille cette ann\u00e9e\u00a0? Vous souhaitez pr\u00f4ner les valeurs [&hellip;]\" \/>\n<meta property=\"og:url\" content=\"https:\/\/hockey.be\/fr\/super-parents\/\" \/>\n<meta property=\"og:site_name\" content=\"Hockey Belgium\" \/>\n<meta property=\"article:modified_time\" content=\"2025-08-26T13:41:16+00:00\" \/>\n<meta property=\"og:image\" content=\"https:\/\/hockey.be\/wp-content\/uploads\/2025\/08\/3.png\" \/>\n\t<meta property=\"og:image:width\" content=\"2400\" \/>\n\t<meta property=\"og:image:height\" content=\"665\" \/>\n\t<meta property=\"og:image:type\" content=\"image\/png\" \/>\n<meta name=\"twitter:card\" content=\"summary_large_image\" \/>\n<meta name=\"twitter:label1\" content=\"Dur\u00e9e de lecture estim\u00e9e\" \/>\n\t<meta name=\"twitter:data1\" content=\"1 minute\" \/>\n<script type=\"application\/ld+json\" class=\"yoast-schema-graph\">{\"@context\":\"https:\\\/\\\/schema.org\",\"@graph\":[{\"@type\":\"WebPage\",\"@id\":\"https:\\\/\\\/hockey.be\\\/fr\\\/super-parents\\\/\",\"url\":\"https:\\\/\\\/hockey.be\\\/fr\\\/super-parents\\\/\",\"name\":\"Super-Parents - Hockey Belgium\",\"isPartOf\":{\"@id\":\"https:\\\/\\\/hockey.be\\\/nl\\\/#website\"},\"primaryImageOfPage\":{\"@id\":\"https:\\\/\\\/hockey.be\\\/fr\\\/super-parents\\\/#primaryimage\"},\"image\":{\"@id\":\"https:\\\/\\\/hockey.be\\\/fr\\\/super-parents\\\/#primaryimage\"},\"thumbnailUrl\":\"https:\\\/\\\/hockey.be\\\/wp-content\\\/uploads\\\/2025\\\/08\\\/3.png\",\"datePublished\":\"2020-08-21T08:58:06+00:00\",\"dateModified\":\"2025-08-26T13:41:16+00:00\",\"breadcrumb\":{\"@id\":\"https:\\\/\\\/hockey.be\\\/fr\\\/super-parents\\\/#breadcrumb\"},\"inLanguage\":\"fr-FR\",\"potentialAction\":[{\"@type\":\"ReadAction\",\"target\":[\"https:\\\/\\\/hockey.be\\\/fr\\\/super-parents\\\/\"]}]},{\"@type\":\"ImageObject\",\"inLanguage\":\"fr-FR\",\"@id\":\"https:\\\/\\\/hockey.be\\\/fr\\\/super-parents\\\/#primaryimage\",\"url\":\"https:\\\/\\\/hockey.be\\\/wp-content\\\/uploads\\\/2025\\\/08\\\/3.png\",\"contentUrl\":\"https:\\\/\\\/hockey.be\\\/wp-content\\\/uploads\\\/2025\\\/08\\\/3.png\",\"width\":2400,\"height\":665},{\"@type\":\"BreadcrumbList\",\"@id\":\"https:\\\/\\\/hockey.be\\\/fr\\\/super-parents\\\/#breadcrumb\",\"itemListElement\":[{\"@type\":\"ListItem\",\"position\":1,\"name\":\"Home\",\"item\":\"https:\\\/\\\/hockey.be\\\/fr\\\/\"},{\"@type\":\"ListItem\",\"position\":2,\"name\":\"Super-Parents\"}]},{\"@type\":\"WebSite\",\"@id\":\"https:\\\/\\\/hockey.be\\\/nl\\\/#website\",\"url\":\"https:\\\/\\\/hockey.be\\\/nl\\\/\",\"name\":\"Hockey Belgium\",\"description\":\"En nog een WordPress website\",\"publisher\":{\"@id\":\"https:\\\/\\\/hockey.be\\\/nl\\\/#organization\"},\"potentialAction\":[{\"@type\":\"SearchAction\",\"target\":{\"@type\":\"EntryPoint\",\"urlTemplate\":\"https:\\\/\\\/hockey.be\\\/nl\\\/?s={search_term_string}\"},\"query-input\":{\"@type\":\"PropertyValueSpecification\",\"valueRequired\":true,\"valueName\":\"search_term_string\"}}],\"inLanguage\":\"fr-FR\"},{\"@type\":\"Organization\",\"@id\":\"https:\\\/\\\/hockey.be\\\/nl\\\/#organization\",\"name\":\"Hockey Belgium\",\"url\":\"https:\\\/\\\/hockey.be\\\/nl\\\/\",\"logo\":{\"@type\":\"ImageObject\",\"inLanguage\":\"fr-FR\",\"@id\":\"https:\\\/\\\/hockey.be\\\/nl\\\/#\\\/schema\\\/logo\\\/image\\\/\",\"url\":\"https:\\\/\\\/hockey.be\\\/wp-content\\\/uploads\\\/2025\\\/07\\\/logo-hockey-be.svg\",\"contentUrl\":\"https:\\\/\\\/hockey.be\\\/wp-content\\\/uploads\\\/2025\\\/07\\\/logo-hockey-be.svg\",\"width\":724.16,\"height\":241.49,\"caption\":\"Hockey Belgium\"},\"image\":{\"@id\":\"https:\\\/\\\/hockey.be\\\/nl\\\/#\\\/schema\\\/logo\\\/image\\\/\"}}]}<\/script>\n<!-- \/ Yoast SEO plugin. -->","yoast_head_json":{"title":"Super-Parents - Hockey Belgium","robots":{"index":"index","follow":"follow","max-snippet":"max-snippet:-1","max-image-preview":"max-image-preview:large","max-video-preview":"max-video-preview:-1"},"canonical":"https:\/\/hockey.be\/fr\/super-parents\/","og_locale":"fr_FR","og_type":"article","og_title":"Super-Parents - Hockey Belgium","og_description":"Vous suivez votre fils avec plaisir au bord du terrain mais vous souhaitez en faire davantage\u00a0? Vous avez commenc\u00e9 \u00e0 coacher votre fille cette ann\u00e9e\u00a0? Vous souhaitez pr\u00f4ner les valeurs [&hellip;]","og_url":"https:\/\/hockey.be\/fr\/super-parents\/","og_site_name":"Hockey Belgium","article_modified_time":"2025-08-26T13:41:16+00:00","og_image":[{"width":2400,"height":665,"url":"https:\/\/hockey.be\/wp-content\/uploads\/2025\/08\/3.png","type":"image\/png"}],"twitter_card":"summary_large_image","twitter_misc":{"Dur\u00e9e de lecture estim\u00e9e":"1 minute"},"schema":{"@context":"https:\/\/schema.org","@graph":[{"@type":"WebPage","@id":"https:\/\/hockey.be\/fr\/super-parents\/","url":"https:\/\/hockey.be\/fr\/super-parents\/","name":"Super-Parents - Hockey Belgium","isPartOf":{"@id":"https:\/\/hockey.be\/nl\/#website"},"primaryImageOfPage":{"@id":"https:\/\/hockey.be\/fr\/super-parents\/#primaryimage"},"image":{"@id":"https:\/\/hockey.be\/fr\/super-parents\/#primaryimage"},"thumbnailUrl":"https:\/\/hockey.be\/wp-content\/uploads\/2025\/08\/3.png","datePublished":"2020-08-21T08:58:06+00:00","dateModified":"2025-08-26T13:41:16+00:00","breadcrumb":{"@id":"https:\/\/hockey.be\/fr\/super-parents\/#breadcrumb"},"inLanguage":"fr-FR","potentialAction":[{"@type":"ReadAction","target":["https:\/\/hockey.be\/fr\/super-parents\/"]}]},{"@type":"ImageObject","inLanguage":"fr-FR","@id":"https:\/\/hockey.be\/fr\/super-parents\/#primaryimage","url":"https:\/\/hockey.be\/wp-content\/uploads\/2025\/08\/3.png","contentUrl":"https:\/\/hockey.be\/wp-content\/uploads\/2025\/08\/3.png","width":2400,"height":665},{"@type":"BreadcrumbList","@id":"https:\/\/hockey.be\/fr\/super-parents\/#breadcrumb","itemListElement":[{"@type":"ListItem","position":1,"name":"Home","item":"https:\/\/hockey.be\/fr\/"},{"@type":"ListItem","position":2,"name":"Super-Parents"}]},{"@type":"WebSite","@id":"https:\/\/hockey.be\/nl\/#website","url":"https:\/\/hockey.be\/nl\/","name":"Hockey Belgium","description":"En nog een WordPress website","publisher":{"@id":"https:\/\/hockey.be\/nl\/#organization"},"potentialAction":[{"@type":"SearchAction","target":{"@type":"EntryPoint","urlTemplate":"https:\/\/hockey.be\/nl\/?s={search_term_string}"},"query-input":{"@type":"PropertyValueSpecification","valueRequired":true,"valueName":"search_term_string"}}],"inLanguage":"fr-FR"},{"@type":"Organization","@id":"https:\/\/hockey.be\/nl\/#organization","name":"Hockey Belgium","url":"https:\/\/hockey.be\/nl\/","logo":{"@type":"ImageObject","inLanguage":"fr-FR","@id":"https:\/\/hockey.be\/nl\/#\/schema\/logo\/image\/","url":"https:\/\/hockey.be\/wp-content\/uploads\/2025\/07\/logo-hockey-be.svg","contentUrl":"https:\/\/hockey.be\/wp-content\/uploads\/2025\/07\/logo-hockey-be.svg","width":724.16,"height":241.49,"caption":"Hockey Belgium"},"image":{"@id":"https:\/\/hockey.be\/nl\/#\/schema\/logo\/image\/"}}]}},"_links":{"self":[{"href":"https:\/\/hockey.be\/fr\/wp-json\/wp\/v2\/pages\/31828","targetHints":{"allow":["GET"]}}],"collection":[{"href":"https:\/\/hockey.be\/fr\/wp-json\/wp\/v2\/pages"}],"about":[{"href":"https:\/\/hockey.be\/fr\/wp-json\/wp\/v2\/types\/page"}],"author":[{"embeddable":true,"href":"https:\/\/hockey.be\/fr\/wp-json\/wp\/v2\/users\/16"}],"replies":[{"embeddable":true,"href":"https:\/\/hockey.be\/fr\/wp-json\/wp\/v2\/comments?post=31828"}],"version-history":[{"count":12,"href":"https:\/\/hockey.be\/fr\/wp-json\/wp\/v2\/pages\/31828\/revisions"}],"predecessor-version":[{"id":84287,"href":"https:\/\/hockey.be\/fr\/wp-json\/wp\/v2\/pages\/31828\/revisions\/84287"}],"wp:featuredmedia":[{"embeddable":true,"href":"https:\/\/hockey.be\/fr\/wp-json\/wp\/v2\/media\/82490"}],"wp:attachment":[{"href":"https:\/\/hockey.be\/fr\/wp-json\/wp\/v2\/media?parent=31828"}],"wp:term":[{"taxonomy":"category","embeddable":true,"href":"https:\/\/hockey.be\/fr\/wp-json\/wp\/v2\/categories?post=31828"},{"taxonomy":"post_tag","embeddable":true,"href":"https:\/\/hockey.be\/fr\/wp-json\/wp\/v2\/tags?post=31828"}],"curies":[{"name":"wp","href":"https:\/\/api.w.org\/{rel}","templated":true}]}}