{"id":27155,"date":"2020-04-27T12:51:10","date_gmt":"2020-04-27T10:51:10","guid":{"rendered":"https:\/\/hockey.be\/?page_id=27155"},"modified":"2025-08-26T14:18:44","modified_gmt":"2025-08-26T12:18:44","slug":"panathlon","status":"publish","type":"page","link":"https:\/\/hockey.be\/fr\/panathlon\/","title":{"rendered":"Panathlon Wallonie-Bruxelles"},"content":{"rendered":"\t\t<div data-elementor-type=\"wp-page\" data-elementor-id=\"27155\" class=\"elementor elementor-27155\" data-elementor-post-type=\"page\">\n\t\t\t\t<div class=\"elementor-element elementor-element-3c86aec e-flex e-con-boxed e-con e-parent\" data-id=\"3c86aec\" data-element_type=\"container\" data-e-type=\"container\" data-settings=\"{&quot;jet_parallax_layout_list&quot;:[{&quot;_id&quot;:&quot;20a3005&quot;,&quot;jet_parallax_layout_image&quot;:{&quot;url&quot;:&quot;&quot;,&quot;id&quot;:&quot;&quot;,&quot;size&quot;:&quot;&quot;},&quot;jet_parallax_layout_image_widescreen&quot;:{&quot;url&quot;:&quot;&quot;,&quot;id&quot;:&quot;&quot;,&quot;size&quot;:&quot;&quot;},&quot;jet_parallax_layout_image_laptop&quot;:{&quot;url&quot;:&quot;&quot;,&quot;id&quot;:&quot;&quot;,&quot;size&quot;:&quot;&quot;},&quot;jet_parallax_layout_image_tablet_extra&quot;:{&quot;url&quot;:&quot;&quot;,&quot;id&quot;:&quot;&quot;,&quot;size&quot;:&quot;&quot;},&quot;jet_parallax_layout_image_tablet&quot;:{&quot;url&quot;:&quot;&quot;,&quot;id&quot;:&quot;&quot;,&quot;size&quot;:&quot;&quot;},&quot;jet_parallax_layout_image_mobile_extra&quot;:{&quot;url&quot;:&quot;&quot;,&quot;id&quot;:&quot;&quot;,&quot;size&quot;:&quot;&quot;},&quot;jet_parallax_layout_image_mobile&quot;:{&quot;url&quot;:&quot;&quot;,&quot;id&quot;:&quot;&quot;,&quot;size&quot;:&quot;&quot;},&quot;jet_parallax_layout_speed&quot;:{&quot;unit&quot;:&quot;%&quot;,&quot;size&quot;:50,&quot;sizes&quot;:[]},&quot;jet_parallax_layout_type&quot;:&quot;scroll&quot;,&quot;jet_parallax_layout_direction&quot;:&quot;1&quot;,&quot;jet_parallax_layout_fx_direction&quot;:null,&quot;jet_parallax_layout_z_index&quot;:&quot;&quot;,&quot;jet_parallax_layout_bg_x&quot;:50,&quot;jet_parallax_layout_bg_x_widescreen&quot;:&quot;&quot;,&quot;jet_parallax_layout_bg_x_laptop&quot;:&quot;&quot;,&quot;jet_parallax_layout_bg_x_tablet_extra&quot;:&quot;&quot;,&quot;jet_parallax_layout_bg_x_tablet&quot;:&quot;&quot;,&quot;jet_parallax_layout_bg_x_mobile_extra&quot;:&quot;&quot;,&quot;jet_parallax_layout_bg_x_mobile&quot;:&quot;&quot;,&quot;jet_parallax_layout_bg_y&quot;:50,&quot;jet_parallax_layout_bg_y_widescreen&quot;:&quot;&quot;,&quot;jet_parallax_layout_bg_y_laptop&quot;:&quot;&quot;,&quot;jet_parallax_layout_bg_y_tablet_extra&quot;:&quot;&quot;,&quot;jet_parallax_layout_bg_y_tablet&quot;:&quot;&quot;,&quot;jet_parallax_layout_bg_y_mobile_extra&quot;:&quot;&quot;,&quot;jet_parallax_layout_bg_y_mobile&quot;:&quot;&quot;,&quot;jet_parallax_layout_bg_size&quot;:&quot;auto&quot;,&quot;jet_parallax_layout_bg_size_widescreen&quot;:&quot;&quot;,&quot;jet_parallax_layout_bg_size_laptop&quot;:&quot;&quot;,&quot;jet_parallax_layout_bg_size_tablet_extra&quot;:&quot;&quot;,&quot;jet_parallax_layout_bg_size_tablet&quot;:&quot;&quot;,&quot;jet_parallax_layout_bg_size_mobile_extra&quot;:&quot;&quot;,&quot;jet_parallax_layout_bg_size_mobile&quot;:&quot;&quot;,&quot;jet_parallax_layout_animation_prop&quot;:&quot;transform&quot;,&quot;jet_parallax_layout_on&quot;:[&quot;desktop&quot;,&quot;tablet&quot;]}]}\">\n\t\t\t\t\t<div class=\"e-con-inner\">\n\t\t<div class=\"elementor-element elementor-element-6c6b061 e-con-full e-flex e-con e-child\" data-id=\"6c6b061\" data-element_type=\"container\" data-e-type=\"container\" data-settings=\"{&quot;jet_parallax_layout_list&quot;:[]}\">\n\t\t\t\t<div class=\"elementor-element elementor-element-27fd2ee elementor-hidden-tablet elementor-hidden-phone elementor-widget elementor-widget-wp-widget-nav_menu\" data-id=\"27fd2ee\" data-element_type=\"widget\" data-e-type=\"widget\" data-widget_type=\"wp-widget-nav_menu.default\">\n\t\t\t\t<div class=\"elementor-widget-container\">\n\t\t\t\t\t<div class=\"menu-fr-side-hwb-ethicsacademy-container\"><ul id=\"menu-fr-side-hwb-ethicsacademy\" class=\"menu\"><li id=\"menu-item-84200\" class=\"menu-item menu-item-type-post_type menu-item-object-page menu-item-84200\"><a href=\"https:\/\/hockey.be\/fr\/hockey-wallonie-bruxelles\/hockey-academy\/\">Hockey Academy<\/a><\/li>\n<li id=\"menu-item-84186\" class=\"menu-item menu-item-type-post_type menu-item-object-page menu-item-84186\"><a href=\"https:\/\/hockey.be\/fr\/hockey-wallonie-bruxelles\/hockey-academy\/coach-academy\/\">Coach Academy<\/a><\/li>\n<li id=\"menu-item-84204\" class=\"menu-item menu-item-type-post_type menu-item-object-page menu-item-84204\"><a href=\"https:\/\/hockey.be\/fr\/hockey-wallonie-bruxelles\/hockey-academy\/club-manager-academy\/\">Club Manager Academy<\/a><\/li>\n<li id=\"menu-item-84188\" class=\"menu-item menu-item-type-post_type menu-item-object-page menu-item-has-children menu-item-84188\"><a href=\"https:\/\/hockey.be\/fr\/hockey-wallonie-bruxelles\/hockey-academy\/ethics-academy\/\">Ethics Academy<\/a>\n<ul class=\"sub-menu\">\n\t<li id=\"menu-item-84189\" class=\"menu-item menu-item-type-post_type menu-item-object-page menu-item-84189\"><a href=\"https:\/\/hockey.be\/fr\/violence-harcelements-et-comportements-deviants\/procedure-disciplinaire\/\">Proc\u00e9dure disciplinaire<\/a><\/li>\n\t<li id=\"menu-item-84190\" class=\"menu-item menu-item-type-post_type menu-item-object-page menu-item-84190\"><a href=\"https:\/\/hockey.be\/fr\/hockey-wallonie-bruxelles\/codes-de-conduite\/\">Codes de conduite<\/a><\/li>\n\t<li id=\"menu-item-84199\" class=\"menu-item menu-item-type-post_type menu-item-object-page menu-item-84199\"><a href=\"https:\/\/hockey.be\/fr\/hockey-wallonie-bruxelles\/hockey-academy\/ethics-academy\/labels\/\">Labels<\/a><\/li>\n\t<li id=\"menu-item-84191\" class=\"menu-item menu-item-type-post_type menu-item-object-page menu-item-84191\"><a href=\"https:\/\/hockey.be\/fr\/medicaments-aut-lutte-anti-dopage\/\">M\u00e9dicaments, A.U.T. &#038; lutte anti-dopage<\/a><\/li>\n\t<li id=\"menu-item-84192\" class=\"menu-item menu-item-type-post_type menu-item-object-page menu-item-84192\"><a href=\"https:\/\/hockey.be\/fr\/panathlon\/\">Panathlon Wallonie-Bruxelles<\/a><\/li>\n\t<li id=\"menu-item-84194\" class=\"menu-item menu-item-type-post_type menu-item-object-page menu-item-84194\"><a href=\"https:\/\/hockey.be\/fr\/violence-harcelements-et-comportements-deviants\/services-daide\/\">Services d\u2019aide<\/a><\/li>\n\t<li id=\"menu-item-84198\" class=\"menu-item menu-item-type-post_type menu-item-object-page menu-item-84198\"><a href=\"https:\/\/hockey.be\/fr\/stick-to-fair-play\/\">Stick to Fair-Play<\/a><\/li>\n\t<li id=\"menu-item-84279\" class=\"menu-item menu-item-type-post_type menu-item-object-page menu-item-has-children menu-item-84279\"><a href=\"https:\/\/hockey.be\/fr\/super-parents\/\">Super-Parents<\/a>\n\t<ul class=\"sub-menu\">\n\t\t<li id=\"menu-item-84196\" class=\"menu-item menu-item-type-post_type menu-item-object-page menu-item-84196\"><a href=\"https:\/\/hockey.be\/fr\/parent-fair-play\/\">Parent Fair-play<\/a><\/li>\n\t\t<li id=\"menu-item-84280\" class=\"menu-item menu-item-type-post_type menu-item-object-page menu-item-84280\"><a href=\"https:\/\/hockey.be\/fr\/super-parents\/parent-manager\/\">Parent Manager<\/a><\/li>\n\t<\/ul>\n<\/li>\n\t<li id=\"menu-item-84193\" class=\"menu-item menu-item-type-post_type menu-item-object-page menu-item-84193\"><a href=\"https:\/\/hockey.be\/fr\/violence-harcelements-et-comportements-deviants\/\">Violence, harc\u00e8lements et comportements d\u00e9viants<\/a><\/li>\n\t<li id=\"menu-item-84195\" class=\"menu-item menu-item-type-post_type menu-item-object-page menu-item-84195\"><a href=\"https:\/\/hockey.be\/fr\/violence-harcelements-et-comportements-deviants\/yapaka\/\">YAPAKA<\/a><\/li>\n<\/ul>\n<\/li>\n<li id=\"menu-item-84184\" class=\"menu-item menu-item-type-post_type menu-item-object-page menu-item-84184\"><a href=\"https:\/\/hockey.be\/fr\/hockey-wallonie-bruxelles\/hockey-academy\/umpire-academy\/\">Umpire Academy<\/a><\/li>\n<\/ul><\/div>\t\t\t\t<\/div>\n\t\t\t\t<\/div>\n\t\t\t\t<\/div>\n\t\t<div class=\"elementor-element elementor-element-e8a9774 e-con-full e-flex e-con e-child\" data-id=\"e8a9774\" data-element_type=\"container\" data-e-type=\"container\" data-settings=\"{&quot;jet_parallax_layout_list&quot;:[]}\">\n\t\t\t\t<div class=\"elementor-element elementor-element-b9668ae elementor-widget elementor-widget-heading\" data-id=\"b9668ae\" data-element_type=\"widget\" data-e-type=\"widget\" data-widget_type=\"heading.default\">\n\t\t\t\t<div class=\"elementor-widget-container\">\n\t\t\t\t\t<h1 class=\"elementor-heading-title elementor-size-default\">Panathlon Wallonie-Bruxelles<\/h1>\t\t\t\t<\/div>\n\t\t\t\t<\/div>\n\t\t\t\t<div class=\"elementor-element elementor-element-6ad4d27 elementor-widget-divider--view-line elementor-widget elementor-widget-divider\" data-id=\"6ad4d27\" data-element_type=\"widget\" data-e-type=\"widget\" data-widget_type=\"divider.default\">\n\t\t\t\t<div class=\"elementor-widget-container\">\n\t\t\t\t\t\t\t<div class=\"elementor-divider\">\n\t\t\t<span class=\"elementor-divider-separator\">\n\t\t\t\t\t\t<\/span>\n\t\t<\/div>\n\t\t\t\t\t\t<\/div>\n\t\t\t\t<\/div>\n\t\t\t\t<div class=\"elementor-element elementor-element-87394ea elementor-widget elementor-widget-text-editor\" data-id=\"87394ea\" data-element_type=\"widget\" data-e-type=\"widget\" data-widget_type=\"text-editor.default\">\n\t\t\t\t<div class=\"elementor-widget-container\">\n\t\t\t\t\t\t\t\t\t<p>Depuis 2003, le Panathlon Wallonie-Bruxelles\u00a0\u0153uvre \u00e0 la promotion du Fair-Play \u00e0 la mise en exergue des belles valeurs v\u00e9hicul\u00e9es par le sport\u00a0et ce, au travers d\u2019une multitude d\u2019actions et de relais.<\/p><p>Depuis quelques ann\u00e9es maintenant, la LFH est fi\u00e8re de faire partie des membres de cette belle organisation. En tant que f\u00e9d\u00e9ration sportive, nous soutenons les actions et les relais du Panathlon Wallonie-Bruxelles.<\/p><p>Nous participons et d\u00e9veloppons \u00e9galement certains projets avec le Panathlon\u00a0Wallonie-Bruxelles\u00a0et d\u2019autres acteurs du monde du sport.<\/p><p>Pour plus d\u2019informations, vous pouvez consulter leur site\u00a0:\u00a0<span style=\"text-decoration: underline;\"><span style=\"color: #ff0000;\"><strong><a style=\"color: #ff0000; text-decoration: underline;\" href=\"http:\/\/www.panathlon.be\">www.panathlon.be<\/a><\/strong><\/span><\/span><\/p><p>Nous vous invitons \u00e0 suivre Panathlon Wallonie-Bruxelles sur Facebook et Instagram afin de rejoindre la communaut\u00e9 Fair-Play et voir son actualit\u00e9.<\/p><p>&#8211; Facebook: <a href=\"https:\/\/www.facebook.com\/PanathlonWB\"><span style=\"text-decoration: underline;\"><strong><span style=\"color: #ff0000; text-decoration: underline;\">https:\/\/www.facebook.com\/PanathlonWB<\/span><\/strong><\/span><\/a><\/p><p>&#8211; Instagram: <a href=\"https:\/\/www.instagram.com\/panathlonwalloniebruxelles\/\"><span style=\"text-decoration: underline;\"><span style=\"color: #ff0000; text-decoration: underline;\"><strong>https:\/\/www.instagram.com\/panathlonwalloniebruxelles\/<\/strong><\/span><\/span><\/a>\u00a0<\/p>\t\t\t\t\t\t\t\t<\/div>\n\t\t\t\t<\/div>\n\t\t\t\t<div class=\"elementor-element elementor-element-72bef93 elementor-widget elementor-widget-image\" data-id=\"72bef93\" data-element_type=\"widget\" data-e-type=\"widget\" data-widget_type=\"image.default\">\n\t\t\t\t<div class=\"elementor-widget-container\">\n\t\t\t\t\t\t\t\t\t\t\t\t\t\t\t<img decoding=\"async\" width=\"206\" height=\"185\" src=\"https:\/\/hockey.be\/wp-content\/uploads\/2023\/02\/Le-Fair-Play-est-un-sport.png\" class=\"attachment-full size-full wp-image-48456\" alt=\"\" \/>\t\t\t\t\t\t\t\t\t\t\t\t\t\t\t<\/div>\n\t\t\t\t<\/div>\n\t\t\t\t<div class=\"elementor-element elementor-element-be03ec9 elementor-widget-divider--view-line elementor-widget elementor-widget-divider\" data-id=\"be03ec9\" data-element_type=\"widget\" data-e-type=\"widget\" data-widget_type=\"divider.default\">\n\t\t\t\t<div class=\"elementor-widget-container\">\n\t\t\t\t\t\t\t<div class=\"elementor-divider\">\n\t\t\t<span class=\"elementor-divider-separator\">\n\t\t\t\t\t\t<\/span>\n\t\t<\/div>\n\t\t\t\t\t\t<\/div>\n\t\t\t\t<\/div>\n\t\t\t\t<\/div>\n\t\t\t\t\t<\/div>\n\t\t\t\t<\/div>\n\t\t\t\t<\/div>\n\t\t","protected":false},"excerpt":{"rendered":"<p>Depuis 2003, le Panathlon Wallonie-Bruxelles\u00a0\u0153uvre \u00e0 la promotion du Fair-Play \u00e0 la mise en exergue des belles valeurs v\u00e9hicul\u00e9es par le sport\u00a0et ce, au travers d\u2019une multitude d\u2019actions et de [&hellip;]<\/p>\n","protected":false},"author":16,"featured_media":82502,"parent":0,"menu_order":0,"comment_status":"closed","ping_status":"closed","template":"","meta":{"_acf_changed":false,"footnotes":""},"categories":[581,304],"tags":[],"class_list":["post-27155","page","type-page","status-publish","has-post-thumbnail","hentry","category-lfh-ethique","category-lfh-content"],"acf":[],"yoast_head":"<!-- This site is optimized with the Yoast SEO plugin v27.3 - https:\/\/yoast.com\/product\/yoast-seo-wordpress\/ -->\n<title>Panathlon Wallonie-Bruxelles - Hockey Belgium<\/title>\n<meta name=\"description\" content=\"Depuis 2003, le Panathlon Wallonie-Bruxelles \u0153uvre \u00e0 la promotion du Fair-Play \u00e0 la mise en exergue des belles valeurs v\u00e9hicul\u00e9es (lire plus)\" \/>\n<meta name=\"robots\" content=\"index, follow, max-snippet:-1, max-image-preview:large, max-video-preview:-1\" \/>\n<link rel=\"canonical\" href=\"https:\/\/hockey.be\/fr\/panathlon\/\" \/>\n<meta property=\"og:locale\" content=\"fr_FR\" \/>\n<meta property=\"og:type\" content=\"article\" \/>\n<meta property=\"og:title\" content=\"Panathlon Wallonie-Bruxelles - Hockey Belgium\" \/>\n<meta property=\"og:description\" content=\"Depuis 2003, le Panathlon Wallonie-Bruxelles \u0153uvre \u00e0 la promotion du Fair-Play \u00e0 la mise en exergue des belles valeurs v\u00e9hicul\u00e9es (lire plus)\" \/>\n<meta property=\"og:url\" content=\"https:\/\/hockey.be\/fr\/panathlon\/\" \/>\n<meta property=\"og:site_name\" content=\"Hockey Belgium\" \/>\n<meta property=\"article:modified_time\" content=\"2025-08-26T12:18:44+00:00\" \/>\n<meta property=\"og:image\" content=\"https:\/\/hockey.be\/wp-content\/uploads\/2025\/08\/5-1-1200x333.png\" \/>\n\t<meta property=\"og:image:width\" content=\"1200\" \/>\n\t<meta property=\"og:image:height\" content=\"333\" \/>\n\t<meta property=\"og:image:type\" content=\"image\/png\" \/>\n<meta name=\"twitter:card\" content=\"summary_large_image\" \/>\n<meta name=\"twitter:label1\" content=\"Dur\u00e9e de lecture estim\u00e9e\" \/>\n\t<meta name=\"twitter:data1\" content=\"1 minute\" \/>\n<script type=\"application\/ld+json\" class=\"yoast-schema-graph\">{\"@context\":\"https:\\\/\\\/schema.org\",\"@graph\":[{\"@type\":\"WebPage\",\"@id\":\"https:\\\/\\\/hockey.be\\\/fr\\\/panathlon\\\/\",\"url\":\"https:\\\/\\\/hockey.be\\\/fr\\\/panathlon\\\/\",\"name\":\"Panathlon Wallonie-Bruxelles - Hockey Belgium\",\"isPartOf\":{\"@id\":\"https:\\\/\\\/hockey.be\\\/nl\\\/#website\"},\"primaryImageOfPage\":{\"@id\":\"https:\\\/\\\/hockey.be\\\/fr\\\/panathlon\\\/#primaryimage\"},\"image\":{\"@id\":\"https:\\\/\\\/hockey.be\\\/fr\\\/panathlon\\\/#primaryimage\"},\"thumbnailUrl\":\"https:\\\/\\\/hockey.be\\\/wp-content\\\/uploads\\\/2025\\\/08\\\/5-1.png\",\"datePublished\":\"2020-04-27T10:51:10+00:00\",\"dateModified\":\"2025-08-26T12:18:44+00:00\",\"description\":\"Depuis 2003, le Panathlon Wallonie-Bruxelles \u0153uvre \u00e0 la promotion du Fair-Play \u00e0 la mise en exergue des belles valeurs v\u00e9hicul\u00e9es (lire plus)\",\"breadcrumb\":{\"@id\":\"https:\\\/\\\/hockey.be\\\/fr\\\/panathlon\\\/#breadcrumb\"},\"inLanguage\":\"fr-FR\",\"potentialAction\":[{\"@type\":\"ReadAction\",\"target\":[\"https:\\\/\\\/hockey.be\\\/fr\\\/panathlon\\\/\"]}]},{\"@type\":\"ImageObject\",\"inLanguage\":\"fr-FR\",\"@id\":\"https:\\\/\\\/hockey.be\\\/fr\\\/panathlon\\\/#primaryimage\",\"url\":\"https:\\\/\\\/hockey.be\\\/wp-content\\\/uploads\\\/2025\\\/08\\\/5-1.png\",\"contentUrl\":\"https:\\\/\\\/hockey.be\\\/wp-content\\\/uploads\\\/2025\\\/08\\\/5-1.png\",\"width\":2400,\"height\":665},{\"@type\":\"BreadcrumbList\",\"@id\":\"https:\\\/\\\/hockey.be\\\/fr\\\/panathlon\\\/#breadcrumb\",\"itemListElement\":[{\"@type\":\"ListItem\",\"position\":1,\"name\":\"Home\",\"item\":\"https:\\\/\\\/hockey.be\\\/fr\\\/\"},{\"@type\":\"ListItem\",\"position\":2,\"name\":\"Panathlon Wallonie-Bruxelles\"}]},{\"@type\":\"WebSite\",\"@id\":\"https:\\\/\\\/hockey.be\\\/nl\\\/#website\",\"url\":\"https:\\\/\\\/hockey.be\\\/nl\\\/\",\"name\":\"Hockey Belgium\",\"description\":\"En nog een WordPress website\",\"publisher\":{\"@id\":\"https:\\\/\\\/hockey.be\\\/nl\\\/#organization\"},\"potentialAction\":[{\"@type\":\"SearchAction\",\"target\":{\"@type\":\"EntryPoint\",\"urlTemplate\":\"https:\\\/\\\/hockey.be\\\/nl\\\/?s={search_term_string}\"},\"query-input\":{\"@type\":\"PropertyValueSpecification\",\"valueRequired\":true,\"valueName\":\"search_term_string\"}}],\"inLanguage\":\"fr-FR\"},{\"@type\":\"Organization\",\"@id\":\"https:\\\/\\\/hockey.be\\\/nl\\\/#organization\",\"name\":\"Hockey Belgium\",\"url\":\"https:\\\/\\\/hockey.be\\\/nl\\\/\",\"logo\":{\"@type\":\"ImageObject\",\"inLanguage\":\"fr-FR\",\"@id\":\"https:\\\/\\\/hockey.be\\\/nl\\\/#\\\/schema\\\/logo\\\/image\\\/\",\"url\":\"https:\\\/\\\/hockey.be\\\/wp-content\\\/uploads\\\/2025\\\/07\\\/logo-hockey-be.svg\",\"contentUrl\":\"https:\\\/\\\/hockey.be\\\/wp-content\\\/uploads\\\/2025\\\/07\\\/logo-hockey-be.svg\",\"width\":724.16,\"height\":241.49,\"caption\":\"Hockey Belgium\"},\"image\":{\"@id\":\"https:\\\/\\\/hockey.be\\\/nl\\\/#\\\/schema\\\/logo\\\/image\\\/\"}}]}<\/script>\n<!-- \/ Yoast SEO plugin. -->","yoast_head_json":{"title":"Panathlon Wallonie-Bruxelles - Hockey Belgium","description":"Depuis 2003, le Panathlon Wallonie-Bruxelles \u0153uvre \u00e0 la promotion du Fair-Play \u00e0 la mise en exergue des belles valeurs v\u00e9hicul\u00e9es (lire plus)","robots":{"index":"index","follow":"follow","max-snippet":"max-snippet:-1","max-image-preview":"max-image-preview:large","max-video-preview":"max-video-preview:-1"},"canonical":"https:\/\/hockey.be\/fr\/panathlon\/","og_locale":"fr_FR","og_type":"article","og_title":"Panathlon Wallonie-Bruxelles - Hockey Belgium","og_description":"Depuis 2003, le Panathlon Wallonie-Bruxelles \u0153uvre \u00e0 la promotion du Fair-Play \u00e0 la mise en exergue des belles valeurs v\u00e9hicul\u00e9es (lire plus)","og_url":"https:\/\/hockey.be\/fr\/panathlon\/","og_site_name":"Hockey Belgium","article_modified_time":"2025-08-26T12:18:44+00:00","og_image":[{"width":1200,"height":333,"url":"https:\/\/hockey.be\/wp-content\/uploads\/2025\/08\/5-1-1200x333.png","type":"image\/png"}],"twitter_card":"summary_large_image","twitter_misc":{"Dur\u00e9e de lecture estim\u00e9e":"1 minute"},"schema":{"@context":"https:\/\/schema.org","@graph":[{"@type":"WebPage","@id":"https:\/\/hockey.be\/fr\/panathlon\/","url":"https:\/\/hockey.be\/fr\/panathlon\/","name":"Panathlon Wallonie-Bruxelles - Hockey Belgium","isPartOf":{"@id":"https:\/\/hockey.be\/nl\/#website"},"primaryImageOfPage":{"@id":"https:\/\/hockey.be\/fr\/panathlon\/#primaryimage"},"image":{"@id":"https:\/\/hockey.be\/fr\/panathlon\/#primaryimage"},"thumbnailUrl":"https:\/\/hockey.be\/wp-content\/uploads\/2025\/08\/5-1.png","datePublished":"2020-04-27T10:51:10+00:00","dateModified":"2025-08-26T12:18:44+00:00","description":"Depuis 2003, le Panathlon Wallonie-Bruxelles \u0153uvre \u00e0 la promotion du Fair-Play \u00e0 la mise en exergue des belles valeurs v\u00e9hicul\u00e9es (lire plus)","breadcrumb":{"@id":"https:\/\/hockey.be\/fr\/panathlon\/#breadcrumb"},"inLanguage":"fr-FR","potentialAction":[{"@type":"ReadAction","target":["https:\/\/hockey.be\/fr\/panathlon\/"]}]},{"@type":"ImageObject","inLanguage":"fr-FR","@id":"https:\/\/hockey.be\/fr\/panathlon\/#primaryimage","url":"https:\/\/hockey.be\/wp-content\/uploads\/2025\/08\/5-1.png","contentUrl":"https:\/\/hockey.be\/wp-content\/uploads\/2025\/08\/5-1.png","width":2400,"height":665},{"@type":"BreadcrumbList","@id":"https:\/\/hockey.be\/fr\/panathlon\/#breadcrumb","itemListElement":[{"@type":"ListItem","position":1,"name":"Home","item":"https:\/\/hockey.be\/fr\/"},{"@type":"ListItem","position":2,"name":"Panathlon Wallonie-Bruxelles"}]},{"@type":"WebSite","@id":"https:\/\/hockey.be\/nl\/#website","url":"https:\/\/hockey.be\/nl\/","name":"Hockey Belgium","description":"En nog een WordPress website","publisher":{"@id":"https:\/\/hockey.be\/nl\/#organization"},"potentialAction":[{"@type":"SearchAction","target":{"@type":"EntryPoint","urlTemplate":"https:\/\/hockey.be\/nl\/?s={search_term_string}"},"query-input":{"@type":"PropertyValueSpecification","valueRequired":true,"valueName":"search_term_string"}}],"inLanguage":"fr-FR"},{"@type":"Organization","@id":"https:\/\/hockey.be\/nl\/#organization","name":"Hockey Belgium","url":"https:\/\/hockey.be\/nl\/","logo":{"@type":"ImageObject","inLanguage":"fr-FR","@id":"https:\/\/hockey.be\/nl\/#\/schema\/logo\/image\/","url":"https:\/\/hockey.be\/wp-content\/uploads\/2025\/07\/logo-hockey-be.svg","contentUrl":"https:\/\/hockey.be\/wp-content\/uploads\/2025\/07\/logo-hockey-be.svg","width":724.16,"height":241.49,"caption":"Hockey Belgium"},"image":{"@id":"https:\/\/hockey.be\/nl\/#\/schema\/logo\/image\/"}}]}},"_links":{"self":[{"href":"https:\/\/hockey.be\/fr\/wp-json\/wp\/v2\/pages\/27155","targetHints":{"allow":["GET"]}}],"collection":[{"href":"https:\/\/hockey.be\/fr\/wp-json\/wp\/v2\/pages"}],"about":[{"href":"https:\/\/hockey.be\/fr\/wp-json\/wp\/v2\/types\/page"}],"author":[{"embeddable":true,"href":"https:\/\/hockey.be\/fr\/wp-json\/wp\/v2\/users\/16"}],"replies":[{"embeddable":true,"href":"https:\/\/hockey.be\/fr\/wp-json\/wp\/v2\/comments?post=27155"}],"version-history":[{"count":10,"href":"https:\/\/hockey.be\/fr\/wp-json\/wp\/v2\/pages\/27155\/revisions"}],"predecessor-version":[{"id":84211,"href":"https:\/\/hockey.be\/fr\/wp-json\/wp\/v2\/pages\/27155\/revisions\/84211"}],"wp:featuredmedia":[{"embeddable":true,"href":"https:\/\/hockey.be\/fr\/wp-json\/wp\/v2\/media\/82502"}],"wp:attachment":[{"href":"https:\/\/hockey.be\/fr\/wp-json\/wp\/v2\/media?parent=27155"}],"wp:term":[{"taxonomy":"category","embeddable":true,"href":"https:\/\/hockey.be\/fr\/wp-json\/wp\/v2\/categories?post=27155"},{"taxonomy":"post_tag","embeddable":true,"href":"https:\/\/hockey.be\/fr\/wp-json\/wp\/v2\/tags?post=27155"}],"curies":[{"name":"wp","href":"https:\/\/api.w.org\/{rel}","templated":true}]}}