{"id":15195,"date":"2019-08-21T16:49:14","date_gmt":"2019-08-21T14:49:14","guid":{"rendered":"https:\/\/hockey.be\/?page_id=15195"},"modified":"2025-08-22T12:25:00","modified_gmt":"2025-08-22T10:25:00","slug":"examen-darbitrage-national","status":"publish","type":"page","link":"https:\/\/hockey.be\/fr\/rbha\/organisation\/examen-darbitrage-national\/","title":{"rendered":"Examen d&rsquo;arbitrage national"},"content":{"rendered":"\t\t<div data-elementor-type=\"wp-post\" data-elementor-id=\"15195\" class=\"elementor elementor-15195\" data-elementor-post-type=\"page\">\n\t\t\t\t<div class=\"elementor-element elementor-element-34b8c02 e-flex e-con-boxed e-con e-parent\" data-id=\"34b8c02\" data-element_type=\"container\" data-e-type=\"container\" data-settings=\"{&quot;jet_parallax_layout_list&quot;:[{&quot;_id&quot;:&quot;20a3005&quot;,&quot;jet_parallax_layout_image&quot;:{&quot;url&quot;:&quot;&quot;,&quot;id&quot;:&quot;&quot;,&quot;size&quot;:&quot;&quot;},&quot;jet_parallax_layout_image_widescreen&quot;:{&quot;url&quot;:&quot;&quot;,&quot;id&quot;:&quot;&quot;,&quot;size&quot;:&quot;&quot;},&quot;jet_parallax_layout_image_laptop&quot;:{&quot;url&quot;:&quot;&quot;,&quot;id&quot;:&quot;&quot;,&quot;size&quot;:&quot;&quot;},&quot;jet_parallax_layout_image_tablet_extra&quot;:{&quot;url&quot;:&quot;&quot;,&quot;id&quot;:&quot;&quot;,&quot;size&quot;:&quot;&quot;},&quot;jet_parallax_layout_image_tablet&quot;:{&quot;url&quot;:&quot;&quot;,&quot;id&quot;:&quot;&quot;,&quot;size&quot;:&quot;&quot;},&quot;jet_parallax_layout_image_mobile_extra&quot;:{&quot;url&quot;:&quot;&quot;,&quot;id&quot;:&quot;&quot;,&quot;size&quot;:&quot;&quot;},&quot;jet_parallax_layout_image_mobile&quot;:{&quot;url&quot;:&quot;&quot;,&quot;id&quot;:&quot;&quot;,&quot;size&quot;:&quot;&quot;},&quot;jet_parallax_layout_speed&quot;:{&quot;unit&quot;:&quot;%&quot;,&quot;size&quot;:50,&quot;sizes&quot;:[]},&quot;jet_parallax_layout_type&quot;:&quot;scroll&quot;,&quot;jet_parallax_layout_direction&quot;:&quot;1&quot;,&quot;jet_parallax_layout_fx_direction&quot;:null,&quot;jet_parallax_layout_z_index&quot;:&quot;&quot;,&quot;jet_parallax_layout_bg_x&quot;:50,&quot;jet_parallax_layout_bg_x_widescreen&quot;:&quot;&quot;,&quot;jet_parallax_layout_bg_x_laptop&quot;:&quot;&quot;,&quot;jet_parallax_layout_bg_x_tablet_extra&quot;:&quot;&quot;,&quot;jet_parallax_layout_bg_x_tablet&quot;:&quot;&quot;,&quot;jet_parallax_layout_bg_x_mobile_extra&quot;:&quot;&quot;,&quot;jet_parallax_layout_bg_x_mobile&quot;:&quot;&quot;,&quot;jet_parallax_layout_bg_y&quot;:50,&quot;jet_parallax_layout_bg_y_widescreen&quot;:&quot;&quot;,&quot;jet_parallax_layout_bg_y_laptop&quot;:&quot;&quot;,&quot;jet_parallax_layout_bg_y_tablet_extra&quot;:&quot;&quot;,&quot;jet_parallax_layout_bg_y_tablet&quot;:&quot;&quot;,&quot;jet_parallax_layout_bg_y_mobile_extra&quot;:&quot;&quot;,&quot;jet_parallax_layout_bg_y_mobile&quot;:&quot;&quot;,&quot;jet_parallax_layout_bg_size&quot;:&quot;auto&quot;,&quot;jet_parallax_layout_bg_size_widescreen&quot;:&quot;&quot;,&quot;jet_parallax_layout_bg_size_laptop&quot;:&quot;&quot;,&quot;jet_parallax_layout_bg_size_tablet_extra&quot;:&quot;&quot;,&quot;jet_parallax_layout_bg_size_tablet&quot;:&quot;&quot;,&quot;jet_parallax_layout_bg_size_mobile_extra&quot;:&quot;&quot;,&quot;jet_parallax_layout_bg_size_mobile&quot;:&quot;&quot;,&quot;jet_parallax_layout_animation_prop&quot;:&quot;transform&quot;,&quot;jet_parallax_layout_on&quot;:[&quot;desktop&quot;,&quot;tablet&quot;]}]}\">\n\t\t\t\t\t<div class=\"e-con-inner\">\n\t\t<div class=\"elementor-element elementor-element-e599491 e-con-full e-flex e-con e-child\" data-id=\"e599491\" data-element_type=\"container\" data-e-type=\"container\" data-settings=\"{&quot;jet_parallax_layout_list&quot;:[]}\">\n\t\t\t\t<div class=\"elementor-element elementor-element-1edf2b9 elementor-hidden-tablet elementor-hidden-phone elementor-widget elementor-widget-wp-widget-nav_menu\" data-id=\"1edf2b9\" data-element_type=\"widget\" data-e-type=\"widget\" data-widget_type=\"wp-widget-nav_menu.default\">\n\t\t\t\t<div class=\"elementor-widget-container\">\n\t\t\t\t\t<div class=\"menu-nl-side-officialsdivision-container\"><ul id=\"menu-nl-side-officialsdivision\" class=\"menu\"><li id=\"menu-item-82989\" class=\"menu-item menu-item-type-post_type menu-item-object-page menu-item-has-children menu-item-82989\"><a href=\"https:\/\/hockey.be\/nl\/officials-division\/\">Officials Division<\/a>\n<ul class=\"sub-menu\">\n\t<li id=\"menu-item-82986\" class=\"menu-item menu-item-type-post_type menu-item-object-page menu-item-82986\"><a href=\"https:\/\/hockey.be\/nl\/officials-division\/scheidsrechters-outdoor\/\">Arbitrage &#8211; outdoor<\/a><\/li>\n\t<li id=\"menu-item-82993\" class=\"menu-item menu-item-type-post_type menu-item-object-page menu-item-82993\"><a href=\"https:\/\/hockey.be\/nl\/officials-division\/spelregels-outdoor\/\">R\u00e8gles du jeu &#8211; outdoor<\/a><\/li>\n\t<li id=\"menu-item-82988\" class=\"menu-item menu-item-type-post_type menu-item-object-page menu-item-82988\"><a href=\"https:\/\/hockey.be\/nl\/officials-division\/spelregels-indoor\/\">R\u00e8gles du jeu &#8211; indoor<\/a><\/li>\n\t<li id=\"menu-item-82992\" class=\"menu-item menu-item-type-post_type menu-item-object-page menu-item-82992\"><a href=\"https:\/\/hockey.be\/nl\/hockey-wallonie-bruxelles\/hockey-academy\/umpire-academy\/\">Umpire Academy<\/a><\/li>\n\t<li id=\"menu-item-82987\" class=\"menu-item menu-item-type-post_type menu-item-object-page menu-item-82987\"><a href=\"https:\/\/hockey.be\/nl\/hockey-vlaanderen\/hockey-academy\/umpire-academy\/starttoumpire\/\">Start to umpire<\/a><\/li>\n\t<li id=\"menu-item-82991\" class=\"menu-item menu-item-type-post_type menu-item-object-page menu-item-82991\"><a href=\"https:\/\/hockey.be\/nl\/officials-division\/masterplan-arbitrage\/\">Masterplan arbitrage<\/a><\/li>\n<\/ul>\n<\/li>\n<\/ul><\/div>\t\t\t\t<\/div>\n\t\t\t\t<\/div>\n\t\t\t\t<\/div>\n\t\t<div class=\"elementor-element elementor-element-ab6cb4a e-con-full e-flex e-con e-child\" data-id=\"ab6cb4a\" data-element_type=\"container\" data-e-type=\"container\" data-settings=\"{&quot;jet_parallax_layout_list&quot;:[]}\">\n\t\t\t\t<div class=\"elementor-element elementor-element-4a80c1f elementor-widget elementor-widget-heading\" data-id=\"4a80c1f\" data-element_type=\"widget\" data-e-type=\"widget\" data-widget_type=\"heading.default\">\n\t\t\t\t<div class=\"elementor-widget-container\">\n\t\t\t\t\t<h1 class=\"elementor-heading-title elementor-size-default\">Examen d&rsquo;arbitrage national<\/h1>\t\t\t\t<\/div>\n\t\t\t\t<\/div>\n\t\t\t\t<div class=\"elementor-element elementor-element-ab3cdc9 elementor-widget-divider--view-line elementor-widget elementor-widget-divider\" data-id=\"ab3cdc9\" data-element_type=\"widget\" data-e-type=\"widget\" data-widget_type=\"divider.default\">\n\t\t\t\t<div class=\"elementor-widget-container\">\n\t\t\t\t\t\t\t<div class=\"elementor-divider\">\n\t\t\t<span class=\"elementor-divider-separator\">\n\t\t\t\t\t\t<\/span>\n\t\t<\/div>\n\t\t\t\t\t\t<\/div>\n\t\t\t\t<\/div>\n\t\t\t\t<div class=\"elementor-element elementor-element-8e528cd elementor-widget elementor-widget-text-editor\" data-id=\"8e528cd\" data-element_type=\"widget\" data-e-type=\"widget\" data-widget_type=\"text-editor.default\">\n\t\t\t\t<div class=\"elementor-widget-container\">\n\t\t\t\t\t\t\t\t\t<p>Chaque semaine, plus de 150 matches sont dirig\u00e9s par des arbitres nationaux aux quatre coins du pays !<\/p><p>Les arbitres contribuent au jeu en permettant l\u2019am\u00e9lioration de la qualit\u00e9 du match \u00e0 tous les niveaux. Tout d\u2019abord, en veillant \u00e0 ce que les joueurs observent les r\u00e8gles du jeu. Ensuite, les arbitres permettent que toute rencontre soit disput\u00e9e dans un bon esprit en aidant les joueurs, spectateurs et autres personnes impliqu\u00e9es \u00e0 appr\u00e9cier le jeu.<\/p><p>Ces objectifs peuvent \u00eatre atteints par les arbitres s\u2019ils sont consistants, honn\u00eates, pr\u00e9par\u00e9s, concentr\u00e9s, approchables et naturels.<\/p><p>Pour ce faire, les arbitres doivent :<\/p><ul><li>avoir une connaissance approfondie des r\u00e8gles du jeu tout en se rappelant que l\u2019esprit des r\u00e8gles et le bon sens doivent primer sur l\u2019interpr\u00e9tation,<\/li><li>supporter et encourager l\u2019adresse du jeu, prendre des d\u00e9cisions rapides et fermes en cas d\u2019infractions et appliquer les p\u00e9nalit\u00e9s appropri\u00e9es,<\/li><li>\u00e9tablir un contr\u00f4le de la rencontre et le maintenir durant 70 minutes en utilisant tous les moyens \u00e0 disposition pour l\u2019exercer,<\/li><li>appliquer la r\u00e8gle de l\u2019avantage autant que possible afin de favoriser la fluidit\u00e9 du jeu ainsi qu\u2019un jeu ouvert tout en gardant le contr\u00f4le de la rencontre.<\/li><\/ul><p>Tu corresponds \u00e0 ce profil ? Tu aimes le hockey et tu supportes le beau jeu ? Tu disposes de temps libre ? Tu souhaites t\u2019investir et partager ta passion du hockey ? Il te reste maintenant \u00e0 r\u00e9pondre aux conditions suivantes pour te lancer dans une carri\u00e8re d\u2019arbitre :<\/p><ul><li>\u00catre affili\u00e9 \u00e0 un club de l\u2019ARBH ;<\/li><li>D\u00e9montrer un niveau physique suffisant ;<\/li><li>\u00catre en possession du grade d\u2019arbitre th\u00e9orique ;<\/li><li>T\u2019engager \u00e0 \u00eatre disponible au moins 6 matchs par demi-saison ;<\/li><li>\u00catre en possession du grade Club Umpire<\/li><\/ul><p>Tout renseignement suppl\u00e9mentaire peut \u00eatre obtenu aupr\u00e8s de l&rsquo;Official Committee via le formulaire<\/p>\t\t\t\t\t\t\t\t<\/div>\n\t\t\t\t<\/div>\n\t\t<div class=\"elementor-element elementor-element-69291c9 e-con-full e-flex e-con e-child\" data-id=\"69291c9\" data-element_type=\"container\" data-e-type=\"container\" data-settings=\"{&quot;jet_parallax_layout_list&quot;:[],&quot;background_background&quot;:&quot;classic&quot;}\">\n\t\t<div class=\"elementor-element elementor-element-40cc074 e-con-full e-flex e-con e-child\" data-id=\"40cc074\" data-element_type=\"container\" data-e-type=\"container\" data-settings=\"{&quot;jet_parallax_layout_list&quot;:[]}\">\n\t\t\t\t<div class=\"elementor-element elementor-element-19e4f86 elementor-button-align-center elementor-widget elementor-widget-form\" data-id=\"19e4f86\" data-element_type=\"widget\" data-e-type=\"widget\" data-settings=\"{&quot;step_next_label&quot;:&quot;Suivant&quot;,&quot;step_previous_label&quot;:&quot;Pr\\u00e9cedent&quot;,&quot;step_type&quot;:&quot;number_text&quot;,&quot;step_icon_shape&quot;:&quot;circle&quot;}\" data-widget_type=\"form.default\">\n\t\t\t\t<div class=\"elementor-widget-container\">\n\t\t\t\t\t\t\t<form class=\"elementor-form\" method=\"post\" name=\"FR-ARBH-EXAMEN-ARBITRAGE-NATIONAL\" aria-label=\"FR-ARBH-EXAMEN-ARBITRAGE-NATIONAL\">\n\t\t\t<input type=\"hidden\" name=\"post_id\" value=\"15195\"\/>\n\t\t\t<input type=\"hidden\" name=\"form_id\" value=\"19e4f86\"\/>\n\t\t\t<input type=\"hidden\" name=\"referer_title\" value=\"ARBH Official Committee Archives - Hockey Belgium\" \/>\n\n\t\t\t\n\t\t\t<div class=\"elementor-form-fields-wrapper elementor-labels-\">\n\t\t\t\t\t\t\t\t<div class=\"elementor-field-type-text elementor-field-group elementor-column elementor-field-group-name elementor-col-100 elementor-field-required\">\n\t\t\t\t\t\t\t\t\t\t\t\t<label for=\"form-field-name\" class=\"elementor-field-label elementor-screen-only\">\n\t\t\t\t\t\t\t\tNom\t\t\t\t\t\t\t<\/label>\n\t\t\t\t\t\t\t\t\t\t\t\t\t\t<input size=\"1\" type=\"text\" name=\"form_fields[name]\" id=\"form-field-name\" class=\"elementor-field elementor-size-md  elementor-field-textual\" placeholder=\"Nom\" required=\"required\">\n\t\t\t\t\t\t\t\t\t\t\t<\/div>\n\t\t\t\t\t\t\t\t<div class=\"elementor-field-type-email elementor-field-group elementor-column elementor-field-group-email elementor-col-100 elementor-field-required\">\n\t\t\t\t\t\t\t\t\t\t\t\t<label for=\"form-field-email\" class=\"elementor-field-label elementor-screen-only\">\n\t\t\t\t\t\t\t\tEmail\t\t\t\t\t\t\t<\/label>\n\t\t\t\t\t\t\t\t\t\t\t\t\t\t<input size=\"1\" type=\"email\" name=\"form_fields[email]\" id=\"form-field-email\" class=\"elementor-field elementor-size-md  elementor-field-textual\" placeholder=\"Email\" required=\"required\">\n\t\t\t\t\t\t\t\t\t\t\t<\/div>\n\t\t\t\t\t\t\t\t<div class=\"elementor-field-type-text elementor-field-group elementor-column elementor-field-group-field_4f8f432 elementor-col-100 elementor-field-required\">\n\t\t\t\t\t\t\t\t\t\t\t\t<label for=\"form-field-field_4f8f432\" class=\"elementor-field-label elementor-screen-only\">\n\t\t\t\t\t\t\t\tMobile\/GSM\t\t\t\t\t\t\t<\/label>\n\t\t\t\t\t\t\t\t\t\t\t\t\t\t<input size=\"1\" type=\"text\" name=\"form_fields[field_4f8f432]\" id=\"form-field-field_4f8f432\" class=\"elementor-field elementor-size-md  elementor-field-textual\" placeholder=\"Mobile\/GSM\" required=\"required\">\n\t\t\t\t\t\t\t\t\t\t\t<\/div>\n\t\t\t\t\t\t\t\t<div class=\"elementor-field-type-textarea elementor-field-group elementor-column elementor-field-group-message elementor-col-100 elementor-field-required\">\n\t\t\t\t\t\t\t\t\t\t\t\t<label for=\"form-field-message\" class=\"elementor-field-label elementor-screen-only\">\n\t\t\t\t\t\t\t\tMessage\t\t\t\t\t\t\t<\/label>\n\t\t\t\t\t\t<textarea class=\"elementor-field-textual elementor-field  elementor-size-md\" name=\"form_fields[message]\" id=\"form-field-message\" rows=\"4\" placeholder=\"Message\" required=\"required\"><\/textarea>\t\t\t\t<\/div>\n\t\t\t\t\t\t\t\t<div class=\"elementor-field-type-acceptance elementor-field-group elementor-column elementor-field-group-field_7c0414a elementor-col-100 elementor-field-required\">\n\t\t\t\t\t\t\t\t\t\t\t\t<label for=\"form-field-field_7c0414a\" class=\"elementor-field-label elementor-screen-only\">\n\t\t\t\t\t\t\t\tGDPR\t\t\t\t\t\t\t<\/label>\n\t\t\t\t\t\t\t\t<div class=\"elementor-field-subgroup\">\n\t\t\t<span class=\"elementor-field-option\">\n\t\t\t\t<input type=\"checkbox\" name=\"form_fields[field_7c0414a]\" id=\"form-field-field_7c0414a\" class=\"elementor-field elementor-size-md  elementor-acceptance-field\" required=\"required\">\n\t\t\t\t<label for=\"form-field-field_7c0414a\">Je suis d\u2019accord avec les <a href=\"\/fr\/conditions-generales-utilisation\/\">Conditions g\u00e9n\u00e9rales d\u2019utilisation<\/a> et les <a href=\"\/fr\/conditions-de-traitement-des-donnees-a-caractere-personnel\/\">Conditions de traitement des donn\u00e9es \u00e0 caract\u00e8re personnel.<\/a><\/label>\t\t\t<\/span>\n\t\t<\/div>\n\t\t\t\t\t\t<\/div>\n\t\t\t\t\t\t\t\t<div class=\"elementor-field-type-recaptcha_v3 elementor-field-group elementor-column elementor-field-group-field_59c98ef elementor-col-100 recaptcha_v3-bottomleft\">\n\t\t\t\t\t<div class=\"elementor-field\" id=\"form-field-field_59c98ef\"><div class=\"elementor-g-recaptcha\" data-sitekey=\"6Lc7zKkUAAAAAFzNB94AMWjjQhFGJDGqNsvFQ7df\" data-type=\"v3\" data-action=\"Form\" data-badge=\"bottomleft\" data-size=\"invisible\"><\/div><\/div>\t\t\t\t<\/div>\n\t\t\t\t\t\t\t\t<div class=\"elementor-field-group elementor-column elementor-field-type-submit elementor-col-100 e-form__buttons\">\n\t\t\t\t\t<button class=\"elementor-button elementor-size-md\" type=\"submit\">\n\t\t\t\t\t\t<span class=\"elementor-button-content-wrapper\">\n\t\t\t\t\t\t\t\t\t\t\t\t\t\t\t\t\t\t\t\t\t\t<span class=\"elementor-button-text\">ENVOYER<\/span>\n\t\t\t\t\t\t\t\t\t\t\t\t\t<\/span>\n\t\t\t\t\t<\/button>\n\t\t\t\t<\/div>\n\t\t\t<\/div>\n\t\t<\/form>\n\t\t\t\t\t\t<\/div>\n\t\t\t\t<\/div>\n\t\t\t\t<\/div>\n\t\t\t\t<\/div>\n\t\t\t\t<div class=\"elementor-element elementor-element-5366f01 elementor-widget-divider--view-line elementor-widget elementor-widget-divider\" data-id=\"5366f01\" data-element_type=\"widget\" data-e-type=\"widget\" data-widget_type=\"divider.default\">\n\t\t\t\t<div class=\"elementor-widget-container\">\n\t\t\t\t\t\t\t<div class=\"elementor-divider\">\n\t\t\t<span class=\"elementor-divider-separator\">\n\t\t\t\t\t\t<\/span>\n\t\t<\/div>\n\t\t\t\t\t\t<\/div>\n\t\t\t\t<\/div>\n\t\t\t\t<\/div>\n\t\t\t\t\t<\/div>\n\t\t\t\t<\/div>\n\t\t\t\t<\/div>\n\t\t","protected":false},"excerpt":{"rendered":"<p>Chaque semaine, plus de 150 matches sont dirig\u00e9s par des arbitres nationaux aux quatre coins du pays ! Les arbitres contribuent au jeu en permettant l\u2019am\u00e9lioration de la qualit\u00e9 du [&hellip;]<\/p>\n","protected":false},"author":13,"featured_media":82708,"parent":15147,"menu_order":196,"comment_status":"closed","ping_status":"closed","template":"","meta":{"_acf_changed":false,"footnotes":""},"categories":[379,278],"tags":[],"class_list":["post-15195","page","type-page","status-publish","has-post-thumbnail","hentry","category-official-committee-arbh","category-arbh-content"],"acf":[],"yoast_head":"<!-- This site is optimized with the Yoast SEO plugin v27.4 - https:\/\/yoast.com\/product\/yoast-seo-wordpress\/ -->\n<title>Examen d&#039;arbitrage national - Hockey Belgium<\/title>\n<meta name=\"robots\" content=\"index, follow, max-snippet:-1, max-image-preview:large, max-video-preview:-1\" \/>\n<link rel=\"canonical\" href=\"https:\/\/hockey.be\/fr\/rbha\/organisation\/examen-darbitrage-national\/\" \/>\n<meta property=\"og:locale\" content=\"fr_FR\" \/>\n<meta property=\"og:type\" content=\"article\" \/>\n<meta property=\"og:title\" content=\"Examen d&#039;arbitrage national - Hockey Belgium\" \/>\n<meta property=\"og:description\" content=\"Chaque semaine, plus de 150 matches sont dirig\u00e9s par des arbitres nationaux aux quatre coins du pays ! Les arbitres contribuent au jeu en permettant l\u2019am\u00e9lioration de la qualit\u00e9 du [&hellip;]\" \/>\n<meta property=\"og:url\" content=\"https:\/\/hockey.be\/fr\/rbha\/organisation\/examen-darbitrage-national\/\" \/>\n<meta property=\"og:site_name\" content=\"Hockey Belgium\" \/>\n<meta property=\"article:modified_time\" content=\"2025-08-22T10:25:00+00:00\" \/>\n<meta property=\"og:image\" content=\"https:\/\/hockey.be\/wp-content\/uploads\/2025\/08\/53.png\" \/>\n\t<meta property=\"og:image:width\" content=\"2400\" \/>\n\t<meta property=\"og:image:height\" content=\"665\" \/>\n\t<meta property=\"og:image:type\" content=\"image\/png\" \/>\n<meta name=\"twitter:card\" content=\"summary_large_image\" \/>\n<meta name=\"twitter:label1\" content=\"Dur\u00e9e de lecture estim\u00e9e\" \/>\n\t<meta name=\"twitter:data1\" content=\"2 minutes\" \/>\n<script type=\"application\/ld+json\" class=\"yoast-schema-graph\">{\"@context\":\"https:\\\/\\\/schema.org\",\"@graph\":[{\"@type\":\"WebPage\",\"@id\":\"https:\\\/\\\/hockey.be\\\/fr\\\/rbha\\\/organisation\\\/examen-darbitrage-national\\\/\",\"url\":\"https:\\\/\\\/hockey.be\\\/fr\\\/rbha\\\/organisation\\\/examen-darbitrage-national\\\/\",\"name\":\"Examen d'arbitrage national - Hockey Belgium\",\"isPartOf\":{\"@id\":\"https:\\\/\\\/hockey.be\\\/nl\\\/#website\"},\"primaryImageOfPage\":{\"@id\":\"https:\\\/\\\/hockey.be\\\/fr\\\/rbha\\\/organisation\\\/examen-darbitrage-national\\\/#primaryimage\"},\"image\":{\"@id\":\"https:\\\/\\\/hockey.be\\\/fr\\\/rbha\\\/organisation\\\/examen-darbitrage-national\\\/#primaryimage\"},\"thumbnailUrl\":\"https:\\\/\\\/hockey.be\\\/wp-content\\\/uploads\\\/2025\\\/08\\\/53.png\",\"datePublished\":\"2019-08-21T14:49:14+00:00\",\"dateModified\":\"2025-08-22T10:25:00+00:00\",\"breadcrumb\":{\"@id\":\"https:\\\/\\\/hockey.be\\\/fr\\\/rbha\\\/organisation\\\/examen-darbitrage-national\\\/#breadcrumb\"},\"inLanguage\":\"fr-FR\",\"potentialAction\":[{\"@type\":\"ReadAction\",\"target\":[\"https:\\\/\\\/hockey.be\\\/fr\\\/rbha\\\/organisation\\\/examen-darbitrage-national\\\/\"]}]},{\"@type\":\"ImageObject\",\"inLanguage\":\"fr-FR\",\"@id\":\"https:\\\/\\\/hockey.be\\\/fr\\\/rbha\\\/organisation\\\/examen-darbitrage-national\\\/#primaryimage\",\"url\":\"https:\\\/\\\/hockey.be\\\/wp-content\\\/uploads\\\/2025\\\/08\\\/53.png\",\"contentUrl\":\"https:\\\/\\\/hockey.be\\\/wp-content\\\/uploads\\\/2025\\\/08\\\/53.png\",\"width\":2400,\"height\":665},{\"@type\":\"BreadcrumbList\",\"@id\":\"https:\\\/\\\/hockey.be\\\/fr\\\/rbha\\\/organisation\\\/examen-darbitrage-national\\\/#breadcrumb\",\"itemListElement\":[{\"@type\":\"ListItem\",\"position\":1,\"name\":\"Home\",\"item\":\"https:\\\/\\\/hockey.be\\\/nl\\\/\"},{\"@type\":\"ListItem\",\"position\":2,\"name\":\"Royal Belgian Hockey Association\",\"item\":\"https:\\\/\\\/hockey.be\\\/fr\\\/rbha\\\/\"},{\"@type\":\"ListItem\",\"position\":3,\"name\":\"Organisation\",\"item\":\"https:\\\/\\\/hockey.be\\\/fr\\\/rbha\\\/organisation\\\/\"},{\"@type\":\"ListItem\",\"position\":4,\"name\":\"Examen d&#8217;arbitrage national\"}]},{\"@type\":\"WebSite\",\"@id\":\"https:\\\/\\\/hockey.be\\\/nl\\\/#website\",\"url\":\"https:\\\/\\\/hockey.be\\\/nl\\\/\",\"name\":\"Hockey Belgium\",\"description\":\"En nog een WordPress website\",\"publisher\":{\"@id\":\"https:\\\/\\\/hockey.be\\\/nl\\\/#organization\"},\"potentialAction\":[{\"@type\":\"SearchAction\",\"target\":{\"@type\":\"EntryPoint\",\"urlTemplate\":\"https:\\\/\\\/hockey.be\\\/nl\\\/?s={search_term_string}\"},\"query-input\":{\"@type\":\"PropertyValueSpecification\",\"valueRequired\":true,\"valueName\":\"search_term_string\"}}],\"inLanguage\":\"fr-FR\"},{\"@type\":\"Organization\",\"@id\":\"https:\\\/\\\/hockey.be\\\/nl\\\/#organization\",\"name\":\"Hockey Belgium\",\"url\":\"https:\\\/\\\/hockey.be\\\/nl\\\/\",\"logo\":{\"@type\":\"ImageObject\",\"inLanguage\":\"fr-FR\",\"@id\":\"https:\\\/\\\/hockey.be\\\/nl\\\/#\\\/schema\\\/logo\\\/image\\\/\",\"url\":\"https:\\\/\\\/hockey.be\\\/wp-content\\\/uploads\\\/2025\\\/07\\\/logo-hockey-be.svg\",\"contentUrl\":\"https:\\\/\\\/hockey.be\\\/wp-content\\\/uploads\\\/2025\\\/07\\\/logo-hockey-be.svg\",\"width\":724.16,\"height\":241.49,\"caption\":\"Hockey Belgium\"},\"image\":{\"@id\":\"https:\\\/\\\/hockey.be\\\/nl\\\/#\\\/schema\\\/logo\\\/image\\\/\"}}]}<\/script>\n<!-- \/ Yoast SEO plugin. -->","yoast_head_json":{"title":"Examen d'arbitrage national - Hockey Belgium","robots":{"index":"index","follow":"follow","max-snippet":"max-snippet:-1","max-image-preview":"max-image-preview:large","max-video-preview":"max-video-preview:-1"},"canonical":"https:\/\/hockey.be\/fr\/rbha\/organisation\/examen-darbitrage-national\/","og_locale":"fr_FR","og_type":"article","og_title":"Examen d'arbitrage national - Hockey Belgium","og_description":"Chaque semaine, plus de 150 matches sont dirig\u00e9s par des arbitres nationaux aux quatre coins du pays ! Les arbitres contribuent au jeu en permettant l\u2019am\u00e9lioration de la qualit\u00e9 du [&hellip;]","og_url":"https:\/\/hockey.be\/fr\/rbha\/organisation\/examen-darbitrage-national\/","og_site_name":"Hockey Belgium","article_modified_time":"2025-08-22T10:25:00+00:00","og_image":[{"width":2400,"height":665,"url":"https:\/\/hockey.be\/wp-content\/uploads\/2025\/08\/53.png","type":"image\/png"}],"twitter_card":"summary_large_image","twitter_misc":{"Dur\u00e9e de lecture estim\u00e9e":"2 minutes"},"schema":{"@context":"https:\/\/schema.org","@graph":[{"@type":"WebPage","@id":"https:\/\/hockey.be\/fr\/rbha\/organisation\/examen-darbitrage-national\/","url":"https:\/\/hockey.be\/fr\/rbha\/organisation\/examen-darbitrage-national\/","name":"Examen d'arbitrage national - Hockey Belgium","isPartOf":{"@id":"https:\/\/hockey.be\/nl\/#website"},"primaryImageOfPage":{"@id":"https:\/\/hockey.be\/fr\/rbha\/organisation\/examen-darbitrage-national\/#primaryimage"},"image":{"@id":"https:\/\/hockey.be\/fr\/rbha\/organisation\/examen-darbitrage-national\/#primaryimage"},"thumbnailUrl":"https:\/\/hockey.be\/wp-content\/uploads\/2025\/08\/53.png","datePublished":"2019-08-21T14:49:14+00:00","dateModified":"2025-08-22T10:25:00+00:00","breadcrumb":{"@id":"https:\/\/hockey.be\/fr\/rbha\/organisation\/examen-darbitrage-national\/#breadcrumb"},"inLanguage":"fr-FR","potentialAction":[{"@type":"ReadAction","target":["https:\/\/hockey.be\/fr\/rbha\/organisation\/examen-darbitrage-national\/"]}]},{"@type":"ImageObject","inLanguage":"fr-FR","@id":"https:\/\/hockey.be\/fr\/rbha\/organisation\/examen-darbitrage-national\/#primaryimage","url":"https:\/\/hockey.be\/wp-content\/uploads\/2025\/08\/53.png","contentUrl":"https:\/\/hockey.be\/wp-content\/uploads\/2025\/08\/53.png","width":2400,"height":665},{"@type":"BreadcrumbList","@id":"https:\/\/hockey.be\/fr\/rbha\/organisation\/examen-darbitrage-national\/#breadcrumb","itemListElement":[{"@type":"ListItem","position":1,"name":"Home","item":"https:\/\/hockey.be\/nl\/"},{"@type":"ListItem","position":2,"name":"Royal Belgian Hockey Association","item":"https:\/\/hockey.be\/fr\/rbha\/"},{"@type":"ListItem","position":3,"name":"Organisation","item":"https:\/\/hockey.be\/fr\/rbha\/organisation\/"},{"@type":"ListItem","position":4,"name":"Examen d&#8217;arbitrage national"}]},{"@type":"WebSite","@id":"https:\/\/hockey.be\/nl\/#website","url":"https:\/\/hockey.be\/nl\/","name":"Hockey Belgium","description":"En nog een WordPress website","publisher":{"@id":"https:\/\/hockey.be\/nl\/#organization"},"potentialAction":[{"@type":"SearchAction","target":{"@type":"EntryPoint","urlTemplate":"https:\/\/hockey.be\/nl\/?s={search_term_string}"},"query-input":{"@type":"PropertyValueSpecification","valueRequired":true,"valueName":"search_term_string"}}],"inLanguage":"fr-FR"},{"@type":"Organization","@id":"https:\/\/hockey.be\/nl\/#organization","name":"Hockey Belgium","url":"https:\/\/hockey.be\/nl\/","logo":{"@type":"ImageObject","inLanguage":"fr-FR","@id":"https:\/\/hockey.be\/nl\/#\/schema\/logo\/image\/","url":"https:\/\/hockey.be\/wp-content\/uploads\/2025\/07\/logo-hockey-be.svg","contentUrl":"https:\/\/hockey.be\/wp-content\/uploads\/2025\/07\/logo-hockey-be.svg","width":724.16,"height":241.49,"caption":"Hockey Belgium"},"image":{"@id":"https:\/\/hockey.be\/nl\/#\/schema\/logo\/image\/"}}]}},"_links":{"self":[{"href":"https:\/\/hockey.be\/fr\/wp-json\/wp\/v2\/pages\/15195","targetHints":{"allow":["GET"]}}],"collection":[{"href":"https:\/\/hockey.be\/fr\/wp-json\/wp\/v2\/pages"}],"about":[{"href":"https:\/\/hockey.be\/fr\/wp-json\/wp\/v2\/types\/page"}],"author":[{"embeddable":true,"href":"https:\/\/hockey.be\/fr\/wp-json\/wp\/v2\/users\/13"}],"replies":[{"embeddable":true,"href":"https:\/\/hockey.be\/fr\/wp-json\/wp\/v2\/comments?post=15195"}],"version-history":[{"count":4,"href":"https:\/\/hockey.be\/fr\/wp-json\/wp\/v2\/pages\/15195\/revisions"}],"predecessor-version":[{"id":83407,"href":"https:\/\/hockey.be\/fr\/wp-json\/wp\/v2\/pages\/15195\/revisions\/83407"}],"up":[{"embeddable":true,"href":"https:\/\/hockey.be\/fr\/wp-json\/wp\/v2\/pages\/15147"}],"wp:featuredmedia":[{"embeddable":true,"href":"https:\/\/hockey.be\/fr\/wp-json\/wp\/v2\/media\/82708"}],"wp:attachment":[{"href":"https:\/\/hockey.be\/fr\/wp-json\/wp\/v2\/media?parent=15195"}],"wp:term":[{"taxonomy":"category","embeddable":true,"href":"https:\/\/hockey.be\/fr\/wp-json\/wp\/v2\/categories?post=15195"},{"taxonomy":"post_tag","embeddable":true,"href":"https:\/\/hockey.be\/fr\/wp-json\/wp\/v2\/tags?post=15195"}],"curies":[{"name":"wp","href":"https:\/\/api.w.org\/{rel}","templated":true}]}}