{"id":15193,"date":"2019-08-21T16:49:14","date_gmt":"2019-08-21T14:49:14","guid":{"rendered":"https:\/\/hockey.be\/?page_id=15193"},"modified":"2025-11-12T11:41:46","modified_gmt":"2025-11-12T10:41:46","slug":"e-learning-formation-theorique-darbitrage","status":"publish","type":"page","link":"https:\/\/hockey.be\/fr\/rbha\/organisation\/e-learning-formation-theorique-darbitrage\/","title":{"rendered":"E-learning : formation Th\u00e9orique d&rsquo;Arbitrage"},"content":{"rendered":"\t\t<div data-elementor-type=\"wp-post\" data-elementor-id=\"15193\" class=\"elementor elementor-15193\" data-elementor-post-type=\"page\">\n\t\t\t\t<div class=\"elementor-element elementor-element-0306a84 e-flex e-con-boxed e-con e-parent\" data-id=\"0306a84\" data-element_type=\"container\" data-e-type=\"container\" data-settings=\"{&quot;jet_parallax_layout_list&quot;:[{&quot;jet_parallax_layout_image&quot;:{&quot;url&quot;:&quot;&quot;,&quot;id&quot;:&quot;&quot;,&quot;size&quot;:&quot;&quot;},&quot;_id&quot;:&quot;20a3005&quot;,&quot;jet_parallax_layout_image_tablet&quot;:{&quot;url&quot;:&quot;&quot;,&quot;id&quot;:&quot;&quot;,&quot;size&quot;:&quot;&quot;},&quot;jet_parallax_layout_image_mobile&quot;:{&quot;url&quot;:&quot;&quot;,&quot;id&quot;:&quot;&quot;,&quot;size&quot;:&quot;&quot;},&quot;jet_parallax_layout_image_widescreen&quot;:{&quot;url&quot;:&quot;&quot;,&quot;id&quot;:&quot;&quot;,&quot;size&quot;:&quot;&quot;},&quot;jet_parallax_layout_image_laptop&quot;:{&quot;url&quot;:&quot;&quot;,&quot;id&quot;:&quot;&quot;,&quot;size&quot;:&quot;&quot;},&quot;jet_parallax_layout_image_tablet_extra&quot;:{&quot;url&quot;:&quot;&quot;,&quot;id&quot;:&quot;&quot;,&quot;size&quot;:&quot;&quot;},&quot;jet_parallax_layout_image_mobile_extra&quot;:{&quot;url&quot;:&quot;&quot;,&quot;id&quot;:&quot;&quot;,&quot;size&quot;:&quot;&quot;},&quot;jet_parallax_layout_speed&quot;:{&quot;unit&quot;:&quot;%&quot;,&quot;size&quot;:50,&quot;sizes&quot;:[]},&quot;jet_parallax_layout_type&quot;:&quot;scroll&quot;,&quot;jet_parallax_layout_direction&quot;:&quot;1&quot;,&quot;jet_parallax_layout_fx_direction&quot;:null,&quot;jet_parallax_layout_z_index&quot;:&quot;&quot;,&quot;jet_parallax_layout_bg_x&quot;:50,&quot;jet_parallax_layout_bg_x_widescreen&quot;:&quot;&quot;,&quot;jet_parallax_layout_bg_x_laptop&quot;:&quot;&quot;,&quot;jet_parallax_layout_bg_x_tablet_extra&quot;:&quot;&quot;,&quot;jet_parallax_layout_bg_x_tablet&quot;:&quot;&quot;,&quot;jet_parallax_layout_bg_x_mobile_extra&quot;:&quot;&quot;,&quot;jet_parallax_layout_bg_x_mobile&quot;:&quot;&quot;,&quot;jet_parallax_layout_bg_y&quot;:50,&quot;jet_parallax_layout_bg_y_widescreen&quot;:&quot;&quot;,&quot;jet_parallax_layout_bg_y_laptop&quot;:&quot;&quot;,&quot;jet_parallax_layout_bg_y_tablet_extra&quot;:&quot;&quot;,&quot;jet_parallax_layout_bg_y_tablet&quot;:&quot;&quot;,&quot;jet_parallax_layout_bg_y_mobile_extra&quot;:&quot;&quot;,&quot;jet_parallax_layout_bg_y_mobile&quot;:&quot;&quot;,&quot;jet_parallax_layout_bg_size&quot;:&quot;auto&quot;,&quot;jet_parallax_layout_bg_size_widescreen&quot;:&quot;&quot;,&quot;jet_parallax_layout_bg_size_laptop&quot;:&quot;&quot;,&quot;jet_parallax_layout_bg_size_tablet_extra&quot;:&quot;&quot;,&quot;jet_parallax_layout_bg_size_tablet&quot;:&quot;&quot;,&quot;jet_parallax_layout_bg_size_mobile_extra&quot;:&quot;&quot;,&quot;jet_parallax_layout_bg_size_mobile&quot;:&quot;&quot;,&quot;jet_parallax_layout_animation_prop&quot;:&quot;transform&quot;,&quot;jet_parallax_layout_on&quot;:[&quot;desktop&quot;,&quot;tablet&quot;]}]}\">\n\t\t\t\t\t<div class=\"e-con-inner\">\n\t\t<div class=\"elementor-element elementor-element-660aab5 e-con-full e-flex e-con e-child\" data-id=\"660aab5\" data-element_type=\"container\" data-e-type=\"container\" data-settings=\"{&quot;jet_parallax_layout_list&quot;:[]}\">\n\t\t\t\t<div class=\"elementor-element elementor-element-96bbdfe elementor-hidden-tablet elementor-hidden-phone elementor-widget elementor-widget-wp-widget-nav_menu\" data-id=\"96bbdfe\" data-element_type=\"widget\" data-e-type=\"widget\" data-widget_type=\"wp-widget-nav_menu.default\">\n\t\t\t\t<div class=\"elementor-widget-container\">\n\t\t\t\t\t<div class=\"menu-fr-side-arbh-container\"><ul id=\"menu-fr-side-arbh\" class=\"menu\"><li id=\"menu-item-16554\" class=\"menu-item menu-item-type-post_type menu-item-object-page menu-item-has-children menu-item-16554\"><a href=\"https:\/\/hockey.be\/fr\/rbha\/\">Royal Belgian Hockey Association<\/a>\n<ul class=\"sub-menu\">\n\t<li id=\"menu-item-16555\" class=\"menu-item menu-item-type-post_type menu-item-object-page menu-item-has-children menu-item-16555\"><a href=\"https:\/\/hockey.be\/fr\/rbha\/organisation\/\">Organisation<\/a>\n\t<ul class=\"sub-menu\">\n\t\t<li id=\"menu-item-32066\" class=\"menu-item menu-item-type-post_type menu-item-object-page menu-item-32066\"><a href=\"https:\/\/hockey.be\/fr\/rbha\/organe-dadministration\/\">Organe d\u2019Administration ARBH<\/a><\/li>\n\t\t<li id=\"menu-item-17680\" class=\"menu-item menu-item-type-post_type menu-item-object-page menu-item-17680\"><a href=\"https:\/\/hockey.be\/fr\/rbha\/organisation\/departements\/\">D\u00e9partements<\/a><\/li>\n\t\t<li id=\"menu-item-16559\" class=\"menu-item menu-item-type-post_type menu-item-object-page menu-item-has-children menu-item-16559\"><a href=\"https:\/\/hockey.be\/fr\/rbha\/organisation\/comites-juridictionnels\/\">Comit\u00e9s Juridictionnels<\/a>\n\t\t<ul class=\"sub-menu\">\n\t\t\t<li id=\"menu-item-73921\" class=\"menu-item menu-item-type-post_type menu-item-object-page menu-item-73921\"><a href=\"https:\/\/hockey.be\/fr\/rbha\/organisation\/comites-juridictionnels\/jugements-juridictions-classiques-et-cbas\/\">Jugements : juridictions classiques et CBAS<\/a><\/li>\n\t\t\t<li id=\"menu-item-23615\" class=\"menu-item menu-item-type-post_type menu-item-object-page menu-item-23615\"><a href=\"https:\/\/hockey.be\/fr\/rbha\/organisation\/comites-juridictionnels\/jugements-comite-dappel\/jugements-comite-de-controle\/\">Jugements : Comit\u00e9 de Contr\u00f4le<\/a><\/li>\n\t\t\t<li id=\"menu-item-73923\" class=\"menu-item menu-item-type-post_type menu-item-object-page menu-item-73923\"><a href=\"https:\/\/hockey.be\/fr\/rbha\/organisation\/comites-juridictionnels\/jugements-comite-dappel\/\">Jugements: Comit\u00e9 d\u2019Appel<\/a><\/li>\n\t\t\t<li id=\"menu-item-73922\" class=\"menu-item menu-item-type-post_type menu-item-object-page menu-item-73922\"><a href=\"https:\/\/hockey.be\/fr\/rbha\/organisation\/comites-juridictionnels\/jugements-comite-dappel\/jugements-comite-de-controle\/jugements-commission-speciale\/\">Jugements: Commission Sp\u00e9ciale<\/a><\/li>\n\t\t<\/ul>\n<\/li>\n\t\t<li id=\"menu-item-34621\" class=\"menu-item menu-item-type-post_type menu-item-object-page menu-item-has-children menu-item-34621\"><a href=\"https:\/\/hockey.be\/fr\/rbha\/organisation\/instances-en-charge-de-la-licence\/\">Instances en charge de la Licence<\/a>\n\t\t<ul class=\"sub-menu\">\n\t\t\t<li id=\"menu-item-34620\" class=\"menu-item menu-item-type-post_type menu-item-object-page menu-item-34620\"><a href=\"https:\/\/hockey.be\/fr\/rbha\/organisation\/instances-en-charge-de-la-licence\/commission-des-licences\/\">Commission des Licences<\/a><\/li>\n\t\t<\/ul>\n<\/li>\n\t<\/ul>\n<\/li>\n\t<li id=\"menu-item-19638\" class=\"menu-item menu-item-type-post_type menu-item-object-page menu-item-19638\"><a href=\"https:\/\/hockey.be\/fr\/clubs-et-salles\/\">Clubs et Salles<\/a><\/li>\n\t<li id=\"menu-item-17696\" class=\"menu-item menu-item-type-post_type menu-item-object-page menu-item-17696\"><a href=\"https:\/\/hockey.be\/fr\/rbha\/contact\/\">Contact<\/a><\/li>\n\t<li id=\"menu-item-17700\" class=\"menu-item menu-item-type-post_type menu-item-object-page menu-item-17700\"><a href=\"https:\/\/hockey.be\/fr\/rbha\/partenaires\/\">Partenaires<\/a><\/li>\n<\/ul>\n<\/li>\n<li id=\"menu-item-16569\" class=\"menu-item menu-item-type-post_type menu-item-object-page menu-item-16569\"><a href=\"https:\/\/hockey.be\/fr\/rbha\/plans-strategiques\/\">Plans strat\u00e9giques<\/a><\/li>\n<li id=\"menu-item-18132\" class=\"menu-item menu-item-type-post_type menu-item-object-page menu-item-18132\"><a href=\"https:\/\/hockey.be\/fr\/rbha\/assemblees-generales\/\">Proc\u00e8s-verbaux<\/a><\/li>\n<li id=\"menu-item-17689\" class=\"menu-item menu-item-type-post_type menu-item-object-page menu-item-17689\"><a href=\"https:\/\/hockey.be\/fr\/rbha\/reglements\/\">R\u00e8glements<\/a><\/li>\n<li id=\"menu-item-61853\" class=\"menu-item menu-item-type-post_type menu-item-object-page menu-item-61853\"><a href=\"https:\/\/hockey.be\/fr\/amendes-et-baremes\/\">Amendes et bar\u00e8mes<\/a><\/li>\n<li id=\"menu-item-18131\" class=\"menu-item menu-item-type-post_type menu-item-object-page menu-item-18131\"><a href=\"https:\/\/hockey.be\/fr\/rbha\/statuts\/\">Statuts et convention de collaboration\u00a0<\/a><\/li>\n<\/ul><\/div>\t\t\t\t<\/div>\n\t\t\t\t<\/div>\n\t\t\t\t<\/div>\n\t\t<div class=\"elementor-element elementor-element-31faeb8 e-con-full e-flex e-con e-child\" data-id=\"31faeb8\" data-element_type=\"container\" data-e-type=\"container\" data-settings=\"{&quot;jet_parallax_layout_list&quot;:[]}\">\n\t\t\t\t<div class=\"elementor-element elementor-element-4f4381d elementor-widget elementor-widget-heading\" data-id=\"4f4381d\" data-element_type=\"widget\" data-e-type=\"widget\" data-widget_type=\"heading.default\">\n\t\t\t\t<div class=\"elementor-widget-container\">\n\t\t\t\t\t<h1 class=\"elementor-heading-title elementor-size-default\">E-learning : formation Th\u00e9orique d&rsquo;Arbitrage<\/h1>\t\t\t\t<\/div>\n\t\t\t\t<\/div>\n\t\t\t\t<div class=\"elementor-element elementor-element-f85ee30 elementor-widget-divider--view-line elementor-widget elementor-widget-divider\" data-id=\"f85ee30\" data-element_type=\"widget\" data-e-type=\"widget\" data-widget_type=\"divider.default\">\n\t\t\t\t<div class=\"elementor-widget-container\">\n\t\t\t\t\t\t\t<div class=\"elementor-divider\">\n\t\t\t<span class=\"elementor-divider-separator\">\n\t\t\t\t\t\t<\/span>\n\t\t<\/div>\n\t\t\t\t\t\t<\/div>\n\t\t\t\t<\/div>\n\t\t\t\t<div class=\"elementor-element elementor-element-9ddf2e5 elementor-widget elementor-widget-text-editor\" data-id=\"9ddf2e5\" data-element_type=\"widget\" data-e-type=\"widget\" data-widget_type=\"text-editor.default\">\n\t\t\t\t<div class=\"elementor-widget-container\">\n\t\t\t\t\t\t\t\t\t<p>OBJECTIF ?<br \/>Ce <a href=\"https:\/\/hockeyumpire.drillster.net\/index.html?lang=fr\">module de formation<\/a> a pour objectif de vous permettre d&rsquo;apprendre et d&rsquo;am\u00e9liorer vos connaissances des r\u00e8gles de hockey, \u00e9l\u00e9ment essentiel \u00e0 la vie d&rsquo;arbitre ! A travers les 6 th\u00e9matiques d\u00e9velopp\u00e9es, vous deviendrez vite expert afin de pouvoir g\u00e9rer les multiples facettes de l&rsquo;arbitrage et vous serez alors fin pr\u00eat pour pr\u00e9senter votre examen th\u00e9orique d&rsquo;arbitrage.<\/p>\t\t\t\t\t\t\t\t<\/div>\n\t\t\t\t<\/div>\n\t\t\t\t<div class=\"elementor-element elementor-element-35570df elementor-align-center elementor-widget elementor-widget-button\" data-id=\"35570df\" data-element_type=\"widget\" data-e-type=\"widget\" data-widget_type=\"button.default\">\n\t\t\t\t<div class=\"elementor-widget-container\">\n\t\t\t\t\t\t\t\t\t<div class=\"elementor-button-wrapper\">\n\t\t\t\t\t<a class=\"elementor-button elementor-button-link elementor-size-lg\" href=\"https:\/\/hockeyumpire.drillster.net\/fr\/\" id=\"ButtonDownload\">\n\t\t\t\t\t\t<span class=\"elementor-button-content-wrapper\">\n\t\t\t\t\t\t<span class=\"elementor-button-icon\">\n\t\t\t\t<svg aria-hidden=\"true\" class=\"e-font-icon-svg e-fas-arrow-right\" viewBox=\"0 0 448 512\" xmlns=\"http:\/\/www.w3.org\/2000\/svg\"><path d=\"M190.5 66.9l22.2-22.2c9.4-9.4 24.6-9.4 33.9 0L441 239c9.4 9.4 9.4 24.6 0 33.9L246.6 467.3c-9.4 9.4-24.6 9.4-33.9 0l-22.2-22.2c-9.5-9.5-9.3-25 .4-34.3L311.4 296H24c-13.3 0-24-10.7-24-24v-32c0-13.3 10.7-24 24-24h287.4L190.9 101.2c-9.8-9.3-10-24.8-.4-34.3z\"><\/path><\/svg>\t\t\t<\/span>\n\t\t\t\t\t\t\t\t\t<span class=\"elementor-button-text\">Visitez le site web<\/span>\n\t\t\t\t\t<\/span>\n\t\t\t\t\t<\/a>\n\t\t\t\t<\/div>\n\t\t\t\t\t\t\t\t<\/div>\n\t\t\t\t<\/div>\n\t\t\t\t<div class=\"elementor-element elementor-element-5e23829 elementor-widget elementor-widget-text-editor\" data-id=\"5e23829\" data-element_type=\"widget\" data-e-type=\"widget\" data-widget_type=\"text-editor.default\">\n\t\t\t\t<div class=\"elementor-widget-container\">\n\t\t\t\t\t\t\t\t\t<p>FONCTIONNEMENT ?<br \/>Il s&rsquo;agit d&rsquo;un QCM (question \u00e0 choix multiples) intelligent ! Pour chaque question, 3 possibilit\u00e9s de r\u00e9ponses vous seront propos\u00e9es. Vous en choisissez une et vous savez directement si la r\u00e9ponse est ou non correcte. Si vous n&rsquo;avez pas r\u00e9pondu correctement, la question vous sera repos\u00e9e ult\u00e9rieurement afin de vous permettre de progresser. Afin que ce ne soit pas indigeste, vous pouvez \u00e0 tout moment arr\u00eater la formation et la continuer ult\u00e9rieurement : elle reprendra automatiquement \u00e0 l&rsquo;endroit o\u00f9 vous vous \u00e9tiez arr\u00eat\u00e9.<\/p><p>EXAMEN TH\u00c9ORIQUE D&rsquo;ARBITRAGE<br \/>D\u00e8s que vous atteignez le score de 100% \u00e0 la formation, vous \u00eates pr\u00eat pour passer l&rsquo;examen th\u00e9orique. Pour ce faire, il vous suffit de s\u00e9lectionner \u00ab\u00a0Examen th\u00e9orique\u00a0\u00bb.<\/p><p>DES QUESTIONS ?<br \/>Si vous avez des questions sur l&rsquo;utilisation de l&rsquo;outil, n&rsquo;h\u00e9sitez pas \u00e0 prendre contact avec le resposanble e-learning de votre club.<\/p><p>BONNE D\u00c9COUVERTE !<\/p>\t\t\t\t\t\t\t\t<\/div>\n\t\t\t\t<\/div>\n\t\t\t\t<div class=\"elementor-element elementor-element-332394a elementor-widget-divider--view-line elementor-widget elementor-widget-divider\" data-id=\"332394a\" data-element_type=\"widget\" data-e-type=\"widget\" data-widget_type=\"divider.default\">\n\t\t\t\t<div class=\"elementor-widget-container\">\n\t\t\t\t\t\t\t<div class=\"elementor-divider\">\n\t\t\t<span class=\"elementor-divider-separator\">\n\t\t\t\t\t\t<\/span>\n\t\t<\/div>\n\t\t\t\t\t\t<\/div>\n\t\t\t\t<\/div>\n\t\t\t\t<\/div>\n\t\t\t\t\t<\/div>\n\t\t\t\t<\/div>\n\t\t\t\t<\/div>\n\t\t","protected":false},"excerpt":{"rendered":"<p>OBJECTIF ?Ce module de formation a pour objectif de vous permettre d&rsquo;apprendre et d&rsquo;am\u00e9liorer vos connaissances des r\u00e8gles de hockey, \u00e9l\u00e9ment essentiel \u00e0 la vie d&rsquo;arbitre ! A travers les [&hellip;]<\/p>\n","protected":false},"author":13,"featured_media":82720,"parent":15147,"menu_order":193,"comment_status":"closed","ping_status":"closed","template":"","meta":{"_acf_changed":false,"footnotes":""},"categories":[379,278],"tags":[],"class_list":["post-15193","page","type-page","status-publish","has-post-thumbnail","hentry","category-official-committee-arbh","category-arbh-content"],"acf":[],"yoast_head":"<!-- This site is optimized with the Yoast SEO plugin v27.4 - https:\/\/yoast.com\/product\/yoast-seo-wordpress\/ -->\n<title>E-learning : formation Th\u00e9orique d&#039;Arbitrage - Hockey Belgium<\/title>\n<meta name=\"robots\" content=\"index, follow, max-snippet:-1, max-image-preview:large, max-video-preview:-1\" \/>\n<link rel=\"canonical\" href=\"https:\/\/hockey.be\/fr\/rbha\/organisation\/e-learning-formation-theorique-darbitrage\/\" \/>\n<meta property=\"og:locale\" content=\"fr_FR\" \/>\n<meta property=\"og:type\" content=\"article\" \/>\n<meta property=\"og:title\" content=\"E-learning : formation Th\u00e9orique d&#039;Arbitrage - Hockey Belgium\" \/>\n<meta property=\"og:description\" content=\"OBJECTIF ?Ce module de formation a pour objectif de vous permettre d&rsquo;apprendre et d&rsquo;am\u00e9liorer vos connaissances des r\u00e8gles de hockey, \u00e9l\u00e9ment essentiel \u00e0 la vie d&rsquo;arbitre ! A travers les [&hellip;]\" \/>\n<meta property=\"og:url\" content=\"https:\/\/hockey.be\/fr\/rbha\/organisation\/e-learning-formation-theorique-darbitrage\/\" \/>\n<meta property=\"og:site_name\" content=\"Hockey Belgium\" \/>\n<meta property=\"article:modified_time\" content=\"2025-11-12T10:41:46+00:00\" \/>\n<meta property=\"og:image\" content=\"https:\/\/hockey.be\/wp-content\/uploads\/2025\/08\/55.png\" \/>\n\t<meta property=\"og:image:width\" content=\"2400\" \/>\n\t<meta property=\"og:image:height\" content=\"665\" \/>\n\t<meta property=\"og:image:type\" content=\"image\/png\" \/>\n<meta name=\"twitter:card\" content=\"summary_large_image\" \/>\n<meta name=\"twitter:label1\" content=\"Dur\u00e9e de lecture estim\u00e9e\" \/>\n\t<meta name=\"twitter:data1\" content=\"2 minutes\" \/>\n<script type=\"application\/ld+json\" class=\"yoast-schema-graph\">{\"@context\":\"https:\\\/\\\/schema.org\",\"@graph\":[{\"@type\":\"WebPage\",\"@id\":\"https:\\\/\\\/hockey.be\\\/fr\\\/rbha\\\/organisation\\\/e-learning-formation-theorique-darbitrage\\\/\",\"url\":\"https:\\\/\\\/hockey.be\\\/fr\\\/rbha\\\/organisation\\\/e-learning-formation-theorique-darbitrage\\\/\",\"name\":\"E-learning : formation Th\u00e9orique d'Arbitrage - Hockey Belgium\",\"isPartOf\":{\"@id\":\"https:\\\/\\\/hockey.be\\\/nl\\\/#website\"},\"primaryImageOfPage\":{\"@id\":\"https:\\\/\\\/hockey.be\\\/fr\\\/rbha\\\/organisation\\\/e-learning-formation-theorique-darbitrage\\\/#primaryimage\"},\"image\":{\"@id\":\"https:\\\/\\\/hockey.be\\\/fr\\\/rbha\\\/organisation\\\/e-learning-formation-theorique-darbitrage\\\/#primaryimage\"},\"thumbnailUrl\":\"https:\\\/\\\/hockey.be\\\/wp-content\\\/uploads\\\/2025\\\/08\\\/55.png\",\"datePublished\":\"2019-08-21T14:49:14+00:00\",\"dateModified\":\"2025-11-12T10:41:46+00:00\",\"breadcrumb\":{\"@id\":\"https:\\\/\\\/hockey.be\\\/fr\\\/rbha\\\/organisation\\\/e-learning-formation-theorique-darbitrage\\\/#breadcrumb\"},\"inLanguage\":\"fr-FR\",\"potentialAction\":[{\"@type\":\"ReadAction\",\"target\":[\"https:\\\/\\\/hockey.be\\\/fr\\\/rbha\\\/organisation\\\/e-learning-formation-theorique-darbitrage\\\/\"]}]},{\"@type\":\"ImageObject\",\"inLanguage\":\"fr-FR\",\"@id\":\"https:\\\/\\\/hockey.be\\\/fr\\\/rbha\\\/organisation\\\/e-learning-formation-theorique-darbitrage\\\/#primaryimage\",\"url\":\"https:\\\/\\\/hockey.be\\\/wp-content\\\/uploads\\\/2025\\\/08\\\/55.png\",\"contentUrl\":\"https:\\\/\\\/hockey.be\\\/wp-content\\\/uploads\\\/2025\\\/08\\\/55.png\",\"width\":2400,\"height\":665},{\"@type\":\"BreadcrumbList\",\"@id\":\"https:\\\/\\\/hockey.be\\\/fr\\\/rbha\\\/organisation\\\/e-learning-formation-theorique-darbitrage\\\/#breadcrumb\",\"itemListElement\":[{\"@type\":\"ListItem\",\"position\":1,\"name\":\"Home\",\"item\":\"https:\\\/\\\/hockey.be\\\/nl\\\/\"},{\"@type\":\"ListItem\",\"position\":2,\"name\":\"Royal Belgian Hockey Association\",\"item\":\"https:\\\/\\\/hockey.be\\\/fr\\\/rbha\\\/\"},{\"@type\":\"ListItem\",\"position\":3,\"name\":\"Organisation\",\"item\":\"https:\\\/\\\/hockey.be\\\/fr\\\/rbha\\\/organisation\\\/\"},{\"@type\":\"ListItem\",\"position\":4,\"name\":\"E-learning : formation Th\u00e9orique d&#8217;Arbitrage\"}]},{\"@type\":\"WebSite\",\"@id\":\"https:\\\/\\\/hockey.be\\\/nl\\\/#website\",\"url\":\"https:\\\/\\\/hockey.be\\\/nl\\\/\",\"name\":\"Hockey Belgium\",\"description\":\"En nog een WordPress website\",\"publisher\":{\"@id\":\"https:\\\/\\\/hockey.be\\\/nl\\\/#organization\"},\"potentialAction\":[{\"@type\":\"SearchAction\",\"target\":{\"@type\":\"EntryPoint\",\"urlTemplate\":\"https:\\\/\\\/hockey.be\\\/nl\\\/?s={search_term_string}\"},\"query-input\":{\"@type\":\"PropertyValueSpecification\",\"valueRequired\":true,\"valueName\":\"search_term_string\"}}],\"inLanguage\":\"fr-FR\"},{\"@type\":\"Organization\",\"@id\":\"https:\\\/\\\/hockey.be\\\/nl\\\/#organization\",\"name\":\"Hockey Belgium\",\"url\":\"https:\\\/\\\/hockey.be\\\/nl\\\/\",\"logo\":{\"@type\":\"ImageObject\",\"inLanguage\":\"fr-FR\",\"@id\":\"https:\\\/\\\/hockey.be\\\/nl\\\/#\\\/schema\\\/logo\\\/image\\\/\",\"url\":\"https:\\\/\\\/hockey.be\\\/wp-content\\\/uploads\\\/2025\\\/07\\\/logo-hockey-be.svg\",\"contentUrl\":\"https:\\\/\\\/hockey.be\\\/wp-content\\\/uploads\\\/2025\\\/07\\\/logo-hockey-be.svg\",\"width\":724.16,\"height\":241.49,\"caption\":\"Hockey Belgium\"},\"image\":{\"@id\":\"https:\\\/\\\/hockey.be\\\/nl\\\/#\\\/schema\\\/logo\\\/image\\\/\"}}]}<\/script>\n<!-- \/ Yoast SEO plugin. -->","yoast_head_json":{"title":"E-learning : formation Th\u00e9orique d'Arbitrage - Hockey Belgium","robots":{"index":"index","follow":"follow","max-snippet":"max-snippet:-1","max-image-preview":"max-image-preview:large","max-video-preview":"max-video-preview:-1"},"canonical":"https:\/\/hockey.be\/fr\/rbha\/organisation\/e-learning-formation-theorique-darbitrage\/","og_locale":"fr_FR","og_type":"article","og_title":"E-learning : formation Th\u00e9orique d'Arbitrage - Hockey Belgium","og_description":"OBJECTIF ?Ce module de formation a pour objectif de vous permettre d&rsquo;apprendre et d&rsquo;am\u00e9liorer vos connaissances des r\u00e8gles de hockey, \u00e9l\u00e9ment essentiel \u00e0 la vie d&rsquo;arbitre ! A travers les [&hellip;]","og_url":"https:\/\/hockey.be\/fr\/rbha\/organisation\/e-learning-formation-theorique-darbitrage\/","og_site_name":"Hockey Belgium","article_modified_time":"2025-11-12T10:41:46+00:00","og_image":[{"width":2400,"height":665,"url":"https:\/\/hockey.be\/wp-content\/uploads\/2025\/08\/55.png","type":"image\/png"}],"twitter_card":"summary_large_image","twitter_misc":{"Dur\u00e9e de lecture estim\u00e9e":"2 minutes"},"schema":{"@context":"https:\/\/schema.org","@graph":[{"@type":"WebPage","@id":"https:\/\/hockey.be\/fr\/rbha\/organisation\/e-learning-formation-theorique-darbitrage\/","url":"https:\/\/hockey.be\/fr\/rbha\/organisation\/e-learning-formation-theorique-darbitrage\/","name":"E-learning : formation Th\u00e9orique d'Arbitrage - Hockey Belgium","isPartOf":{"@id":"https:\/\/hockey.be\/nl\/#website"},"primaryImageOfPage":{"@id":"https:\/\/hockey.be\/fr\/rbha\/organisation\/e-learning-formation-theorique-darbitrage\/#primaryimage"},"image":{"@id":"https:\/\/hockey.be\/fr\/rbha\/organisation\/e-learning-formation-theorique-darbitrage\/#primaryimage"},"thumbnailUrl":"https:\/\/hockey.be\/wp-content\/uploads\/2025\/08\/55.png","datePublished":"2019-08-21T14:49:14+00:00","dateModified":"2025-11-12T10:41:46+00:00","breadcrumb":{"@id":"https:\/\/hockey.be\/fr\/rbha\/organisation\/e-learning-formation-theorique-darbitrage\/#breadcrumb"},"inLanguage":"fr-FR","potentialAction":[{"@type":"ReadAction","target":["https:\/\/hockey.be\/fr\/rbha\/organisation\/e-learning-formation-theorique-darbitrage\/"]}]},{"@type":"ImageObject","inLanguage":"fr-FR","@id":"https:\/\/hockey.be\/fr\/rbha\/organisation\/e-learning-formation-theorique-darbitrage\/#primaryimage","url":"https:\/\/hockey.be\/wp-content\/uploads\/2025\/08\/55.png","contentUrl":"https:\/\/hockey.be\/wp-content\/uploads\/2025\/08\/55.png","width":2400,"height":665},{"@type":"BreadcrumbList","@id":"https:\/\/hockey.be\/fr\/rbha\/organisation\/e-learning-formation-theorique-darbitrage\/#breadcrumb","itemListElement":[{"@type":"ListItem","position":1,"name":"Home","item":"https:\/\/hockey.be\/nl\/"},{"@type":"ListItem","position":2,"name":"Royal Belgian Hockey Association","item":"https:\/\/hockey.be\/fr\/rbha\/"},{"@type":"ListItem","position":3,"name":"Organisation","item":"https:\/\/hockey.be\/fr\/rbha\/organisation\/"},{"@type":"ListItem","position":4,"name":"E-learning : formation Th\u00e9orique d&#8217;Arbitrage"}]},{"@type":"WebSite","@id":"https:\/\/hockey.be\/nl\/#website","url":"https:\/\/hockey.be\/nl\/","name":"Hockey Belgium","description":"En nog een WordPress website","publisher":{"@id":"https:\/\/hockey.be\/nl\/#organization"},"potentialAction":[{"@type":"SearchAction","target":{"@type":"EntryPoint","urlTemplate":"https:\/\/hockey.be\/nl\/?s={search_term_string}"},"query-input":{"@type":"PropertyValueSpecification","valueRequired":true,"valueName":"search_term_string"}}],"inLanguage":"fr-FR"},{"@type":"Organization","@id":"https:\/\/hockey.be\/nl\/#organization","name":"Hockey Belgium","url":"https:\/\/hockey.be\/nl\/","logo":{"@type":"ImageObject","inLanguage":"fr-FR","@id":"https:\/\/hockey.be\/nl\/#\/schema\/logo\/image\/","url":"https:\/\/hockey.be\/wp-content\/uploads\/2025\/07\/logo-hockey-be.svg","contentUrl":"https:\/\/hockey.be\/wp-content\/uploads\/2025\/07\/logo-hockey-be.svg","width":724.16,"height":241.49,"caption":"Hockey Belgium"},"image":{"@id":"https:\/\/hockey.be\/nl\/#\/schema\/logo\/image\/"}}]}},"_links":{"self":[{"href":"https:\/\/hockey.be\/fr\/wp-json\/wp\/v2\/pages\/15193","targetHints":{"allow":["GET"]}}],"collection":[{"href":"https:\/\/hockey.be\/fr\/wp-json\/wp\/v2\/pages"}],"about":[{"href":"https:\/\/hockey.be\/fr\/wp-json\/wp\/v2\/types\/page"}],"author":[{"embeddable":true,"href":"https:\/\/hockey.be\/fr\/wp-json\/wp\/v2\/users\/13"}],"replies":[{"embeddable":true,"href":"https:\/\/hockey.be\/fr\/wp-json\/wp\/v2\/comments?post=15193"}],"version-history":[{"count":10,"href":"https:\/\/hockey.be\/fr\/wp-json\/wp\/v2\/pages\/15193\/revisions"}],"predecessor-version":[{"id":88249,"href":"https:\/\/hockey.be\/fr\/wp-json\/wp\/v2\/pages\/15193\/revisions\/88249"}],"up":[{"embeddable":true,"href":"https:\/\/hockey.be\/fr\/wp-json\/wp\/v2\/pages\/15147"}],"wp:featuredmedia":[{"embeddable":true,"href":"https:\/\/hockey.be\/fr\/wp-json\/wp\/v2\/media\/82720"}],"wp:attachment":[{"href":"https:\/\/hockey.be\/fr\/wp-json\/wp\/v2\/media?parent=15193"}],"wp:term":[{"taxonomy":"category","embeddable":true,"href":"https:\/\/hockey.be\/fr\/wp-json\/wp\/v2\/categories?post=15193"},{"taxonomy":"post_tag","embeddable":true,"href":"https:\/\/hockey.be\/fr\/wp-json\/wp\/v2\/tags?post=15193"}],"curies":[{"name":"wp","href":"https:\/\/api.w.org\/{rel}","templated":true}]}}