{"id":15173,"date":"2019-08-21T16:49:13","date_gmt":"2019-08-21T14:49:13","guid":{"rendered":"https:\/\/hockey.be\/?page_id=15173"},"modified":"2025-08-22T12:17:47","modified_gmt":"2025-08-22T10:17:47","slug":"le-dopage-et-traitements","status":"publish","type":"page","link":"https:\/\/hockey.be\/fr\/rbha\/organisation\/le-dopage-et-traitements\/","title":{"rendered":"Le dopage et traitements"},"content":{"rendered":"\t\t<div data-elementor-type=\"wp-post\" data-elementor-id=\"15173\" class=\"elementor elementor-15173\" data-elementor-post-type=\"page\">\n\t\t\t\t<div class=\"elementor-element elementor-element-9b427cf e-flex e-con-boxed e-con e-parent\" data-id=\"9b427cf\" data-element_type=\"container\" data-e-type=\"container\" data-settings=\"{&quot;jet_parallax_layout_list&quot;:[{&quot;jet_parallax_layout_image&quot;:{&quot;url&quot;:&quot;&quot;,&quot;id&quot;:&quot;&quot;,&quot;size&quot;:&quot;&quot;},&quot;_id&quot;:&quot;20a3005&quot;,&quot;jet_parallax_layout_image_tablet&quot;:{&quot;url&quot;:&quot;&quot;,&quot;id&quot;:&quot;&quot;,&quot;size&quot;:&quot;&quot;},&quot;jet_parallax_layout_image_mobile&quot;:{&quot;url&quot;:&quot;&quot;,&quot;id&quot;:&quot;&quot;,&quot;size&quot;:&quot;&quot;},&quot;jet_parallax_layout_image_widescreen&quot;:{&quot;url&quot;:&quot;&quot;,&quot;id&quot;:&quot;&quot;,&quot;size&quot;:&quot;&quot;},&quot;jet_parallax_layout_image_laptop&quot;:{&quot;url&quot;:&quot;&quot;,&quot;id&quot;:&quot;&quot;,&quot;size&quot;:&quot;&quot;},&quot;jet_parallax_layout_image_tablet_extra&quot;:{&quot;url&quot;:&quot;&quot;,&quot;id&quot;:&quot;&quot;,&quot;size&quot;:&quot;&quot;},&quot;jet_parallax_layout_image_mobile_extra&quot;:{&quot;url&quot;:&quot;&quot;,&quot;id&quot;:&quot;&quot;,&quot;size&quot;:&quot;&quot;},&quot;jet_parallax_layout_speed&quot;:{&quot;unit&quot;:&quot;%&quot;,&quot;size&quot;:50,&quot;sizes&quot;:[]},&quot;jet_parallax_layout_type&quot;:&quot;scroll&quot;,&quot;jet_parallax_layout_direction&quot;:&quot;1&quot;,&quot;jet_parallax_layout_fx_direction&quot;:null,&quot;jet_parallax_layout_z_index&quot;:&quot;&quot;,&quot;jet_parallax_layout_bg_x&quot;:50,&quot;jet_parallax_layout_bg_x_widescreen&quot;:&quot;&quot;,&quot;jet_parallax_layout_bg_x_laptop&quot;:&quot;&quot;,&quot;jet_parallax_layout_bg_x_tablet_extra&quot;:&quot;&quot;,&quot;jet_parallax_layout_bg_x_tablet&quot;:&quot;&quot;,&quot;jet_parallax_layout_bg_x_mobile_extra&quot;:&quot;&quot;,&quot;jet_parallax_layout_bg_x_mobile&quot;:&quot;&quot;,&quot;jet_parallax_layout_bg_y&quot;:50,&quot;jet_parallax_layout_bg_y_widescreen&quot;:&quot;&quot;,&quot;jet_parallax_layout_bg_y_laptop&quot;:&quot;&quot;,&quot;jet_parallax_layout_bg_y_tablet_extra&quot;:&quot;&quot;,&quot;jet_parallax_layout_bg_y_tablet&quot;:&quot;&quot;,&quot;jet_parallax_layout_bg_y_mobile_extra&quot;:&quot;&quot;,&quot;jet_parallax_layout_bg_y_mobile&quot;:&quot;&quot;,&quot;jet_parallax_layout_bg_size&quot;:&quot;auto&quot;,&quot;jet_parallax_layout_bg_size_widescreen&quot;:&quot;&quot;,&quot;jet_parallax_layout_bg_size_laptop&quot;:&quot;&quot;,&quot;jet_parallax_layout_bg_size_tablet_extra&quot;:&quot;&quot;,&quot;jet_parallax_layout_bg_size_tablet&quot;:&quot;&quot;,&quot;jet_parallax_layout_bg_size_mobile_extra&quot;:&quot;&quot;,&quot;jet_parallax_layout_bg_size_mobile&quot;:&quot;&quot;,&quot;jet_parallax_layout_animation_prop&quot;:&quot;transform&quot;,&quot;jet_parallax_layout_on&quot;:[&quot;desktop&quot;,&quot;tablet&quot;]}]}\">\n\t\t\t\t\t<div class=\"e-con-inner\">\n\t\t<div class=\"elementor-element elementor-element-57ac68f e-con-full e-flex e-con e-child\" data-id=\"57ac68f\" data-element_type=\"container\" data-e-type=\"container\" data-settings=\"{&quot;jet_parallax_layout_list&quot;:[]}\">\n\t\t\t\t<div class=\"elementor-element elementor-element-2c6949c elementor-hidden-tablet elementor-hidden-phone elementor-widget elementor-widget-wp-widget-nav_menu\" data-id=\"2c6949c\" data-element_type=\"widget\" data-e-type=\"widget\" data-widget_type=\"wp-widget-nav_menu.default\">\n\t\t\t\t<div class=\"elementor-widget-container\">\n\t\t\t\t\t<div class=\"menu-fr-side-arbh-container\"><ul id=\"menu-fr-side-arbh\" class=\"menu\"><li id=\"menu-item-16554\" class=\"menu-item menu-item-type-post_type menu-item-object-page menu-item-has-children menu-item-16554\"><a href=\"https:\/\/hockey.be\/fr\/rbha\/\">Royal Belgian Hockey Association<\/a>\n<ul class=\"sub-menu\">\n\t<li id=\"menu-item-16555\" class=\"menu-item menu-item-type-post_type menu-item-object-page menu-item-has-children menu-item-16555\"><a href=\"https:\/\/hockey.be\/fr\/rbha\/organisation\/\">Organisation<\/a>\n\t<ul class=\"sub-menu\">\n\t\t<li id=\"menu-item-32066\" class=\"menu-item menu-item-type-post_type menu-item-object-page menu-item-32066\"><a href=\"https:\/\/hockey.be\/fr\/rbha\/organe-dadministration\/\">Organe d\u2019Administration ARBH<\/a><\/li>\n\t\t<li id=\"menu-item-17680\" class=\"menu-item menu-item-type-post_type menu-item-object-page menu-item-17680\"><a href=\"https:\/\/hockey.be\/fr\/rbha\/organisation\/departements\/\">D\u00e9partements<\/a><\/li>\n\t\t<li id=\"menu-item-16559\" class=\"menu-item menu-item-type-post_type menu-item-object-page menu-item-has-children menu-item-16559\"><a href=\"https:\/\/hockey.be\/fr\/rbha\/organisation\/comites-juridictionnels\/\">Comit\u00e9s Juridictionnels<\/a>\n\t\t<ul class=\"sub-menu\">\n\t\t\t<li id=\"menu-item-73921\" class=\"menu-item menu-item-type-post_type menu-item-object-page menu-item-73921\"><a href=\"https:\/\/hockey.be\/fr\/rbha\/organisation\/comites-juridictionnels\/jugements-juridictions-classiques-et-cbas\/\">Jugements : juridictions classiques et CBAS<\/a><\/li>\n\t\t\t<li id=\"menu-item-23615\" class=\"menu-item menu-item-type-post_type menu-item-object-page menu-item-23615\"><a href=\"https:\/\/hockey.be\/fr\/rbha\/organisation\/comites-juridictionnels\/jugements-comite-dappel\/jugements-comite-de-controle\/\">Jugements : Comit\u00e9 de Contr\u00f4le<\/a><\/li>\n\t\t\t<li id=\"menu-item-73923\" class=\"menu-item menu-item-type-post_type menu-item-object-page menu-item-73923\"><a href=\"https:\/\/hockey.be\/fr\/rbha\/organisation\/comites-juridictionnels\/jugements-comite-dappel\/\">Jugements: Comit\u00e9 d\u2019Appel<\/a><\/li>\n\t\t\t<li id=\"menu-item-73922\" class=\"menu-item menu-item-type-post_type menu-item-object-page menu-item-73922\"><a href=\"https:\/\/hockey.be\/fr\/rbha\/organisation\/comites-juridictionnels\/jugements-comite-dappel\/jugements-comite-de-controle\/jugements-commission-speciale\/\">Jugements: Commission Sp\u00e9ciale<\/a><\/li>\n\t\t<\/ul>\n<\/li>\n\t\t<li id=\"menu-item-34621\" class=\"menu-item menu-item-type-post_type menu-item-object-page menu-item-has-children menu-item-34621\"><a href=\"https:\/\/hockey.be\/fr\/rbha\/organisation\/instances-en-charge-de-la-licence\/\">Instances en charge de la Licence<\/a>\n\t\t<ul class=\"sub-menu\">\n\t\t\t<li id=\"menu-item-34620\" class=\"menu-item menu-item-type-post_type menu-item-object-page menu-item-34620\"><a href=\"https:\/\/hockey.be\/fr\/rbha\/organisation\/instances-en-charge-de-la-licence\/commission-des-licences\/\">Commission des Licences<\/a><\/li>\n\t\t<\/ul>\n<\/li>\n\t<\/ul>\n<\/li>\n\t<li id=\"menu-item-19638\" class=\"menu-item menu-item-type-post_type menu-item-object-page menu-item-19638\"><a href=\"https:\/\/hockey.be\/fr\/clubs-et-salles\/\">Clubs et Salles<\/a><\/li>\n\t<li id=\"menu-item-17696\" class=\"menu-item menu-item-type-post_type menu-item-object-page menu-item-17696\"><a href=\"https:\/\/hockey.be\/fr\/rbha\/contact\/\">Contact<\/a><\/li>\n\t<li id=\"menu-item-17700\" class=\"menu-item menu-item-type-post_type menu-item-object-page menu-item-17700\"><a href=\"https:\/\/hockey.be\/fr\/rbha\/partenaires\/\">Partenaires<\/a><\/li>\n<\/ul>\n<\/li>\n<li id=\"menu-item-16569\" class=\"menu-item menu-item-type-post_type menu-item-object-page menu-item-16569\"><a href=\"https:\/\/hockey.be\/fr\/rbha\/plans-strategiques\/\">Plans strat\u00e9giques<\/a><\/li>\n<li id=\"menu-item-18132\" class=\"menu-item menu-item-type-post_type menu-item-object-page menu-item-18132\"><a href=\"https:\/\/hockey.be\/fr\/rbha\/assemblees-generales\/\">Proc\u00e8s-verbaux<\/a><\/li>\n<li id=\"menu-item-17689\" class=\"menu-item menu-item-type-post_type menu-item-object-page menu-item-17689\"><a href=\"https:\/\/hockey.be\/fr\/rbha\/reglements\/\">R\u00e8glements<\/a><\/li>\n<li id=\"menu-item-61853\" class=\"menu-item menu-item-type-post_type menu-item-object-page menu-item-61853\"><a href=\"https:\/\/hockey.be\/fr\/amendes-et-baremes\/\">Amendes et bar\u00e8mes<\/a><\/li>\n<li id=\"menu-item-18131\" class=\"menu-item menu-item-type-post_type menu-item-object-page menu-item-18131\"><a href=\"https:\/\/hockey.be\/fr\/rbha\/statuts\/\">Statuts et convention de collaboration\u00a0<\/a><\/li>\n<\/ul><\/div>\t\t\t\t<\/div>\n\t\t\t\t<\/div>\n\t\t\t\t<\/div>\n\t\t<div class=\"elementor-element elementor-element-2a3ae0a e-con-full e-flex e-con e-child\" data-id=\"2a3ae0a\" data-element_type=\"container\" data-e-type=\"container\" data-settings=\"{&quot;jet_parallax_layout_list&quot;:[]}\">\n\t\t\t\t<div class=\"elementor-element elementor-element-f2b5a1e elementor-widget elementor-widget-heading\" data-id=\"f2b5a1e\" data-element_type=\"widget\" data-e-type=\"widget\" data-widget_type=\"heading.default\">\n\t\t\t\t<div class=\"elementor-widget-container\">\n\t\t\t\t\t<h1 class=\"elementor-heading-title elementor-size-default\">Le dopage et traitements<\/h1>\t\t\t\t<\/div>\n\t\t\t\t<\/div>\n\t\t\t\t<div class=\"elementor-element elementor-element-9756229 elementor-widget-divider--view-line elementor-widget elementor-widget-divider\" data-id=\"9756229\" data-element_type=\"widget\" data-e-type=\"widget\" data-widget_type=\"divider.default\">\n\t\t\t\t<div class=\"elementor-widget-container\">\n\t\t\t\t\t\t\t<div class=\"elementor-divider\">\n\t\t\t<span class=\"elementor-divider-separator\">\n\t\t\t\t\t\t<\/span>\n\t\t<\/div>\n\t\t\t\t\t\t<\/div>\n\t\t\t\t<\/div>\n\t\t\t\t<div class=\"elementor-element elementor-element-d025196 elementor-widget elementor-widget-text-editor\" data-id=\"d025196\" data-element_type=\"widget\" data-e-type=\"widget\" data-widget_type=\"text-editor.default\">\n\t\t\t\t<div class=\"elementor-widget-container\">\n\t\t\t\t\t\t\t\t\t<p>Le dopage est une pratique que l&rsquo;ARBH n&rsquo;acceptera jamais! Il n&rsquo;y aura aucune indulgence envers les contrevenants aux r\u00e8gles de l&rsquo;<a href=\"https:\/\/www.wada-ama.org\/fr\">AMA<\/a> (Agence Mondiale Anti-dopage).<\/p><p>La Commission M\u00e9dicale demande avec insistance \u00e0 tous le secr\u00e9taires de club et aux responsables de coaching leur collaboration afin d&rsquo;informer tous les joueurs des risques en mati\u00e8re de dopage. Le hockey doit rester un sport propre qui permet d&rsquo;am\u00e9liorer la condition physique et l&rsquo;\u00e9panouissement psychique sans recourir \u00e0 des m\u00e9thodes illicites. L&rsquo;usage de telles substances peut conduire \u00e0 des peines de suspension pouvant aller jusqu&rsquo;\u00e0 deux ans.<\/p><p>L&rsquo;usage de drogues comme le cannabis et la coca\u00efne font \u00e9galement partie des substances interdites par le code anti-dopage. Les m\u00e9tabolites de ces drogues m\u00eame consomm\u00e9es de fa\u00e7on occasionnelle peuvent persister dans les urines pendant 6 \u00e0 8 semaines.<\/p><p>Il faut aussi savoir que les contr\u00f4les anti-dopage peuvent se faire dans toutes les cat\u00e9gories de hockey, tant chez les jeunes que dans les cat\u00e9gories Mineurs, Ladies, Gents, et pas seulement en DH ou en \u00e9quipe nationale.<\/p><p><a href=\"http:\/\/www.dopage.cfwb.be\/\">www.dopage.be<\/a>: vous trouverez toutes les informations n\u00e9cessaires en cas de dopage ou d&rsquo;AUT.<\/p><p>Nous conseillons aux joueuses\/-eurs prenants des m\u00e9dicaments, que ce soit pour une maladie aigue ou chronique, de s\u2019informer convenablement\u00a0 en consultant la page \u201c<a href=\"https:\/\/hockey.be\/fr\/arbh\/organisation\/demande-autorisation-a-usage-therapeutique-aut\/\">Demande Autorisation d&rsquo;Usage \u00e0 des fins Th\u00e9rapeutiques (AUT)<\/a>\u201d sur ce site.<\/p>\t\t\t\t\t\t\t\t<\/div>\n\t\t\t\t<\/div>\n\t\t\t\t<div class=\"elementor-element elementor-element-69f2425 elementor-widget-divider--view-line elementor-widget elementor-widget-divider\" data-id=\"69f2425\" data-element_type=\"widget\" data-e-type=\"widget\" data-widget_type=\"divider.default\">\n\t\t\t\t<div class=\"elementor-widget-container\">\n\t\t\t\t\t\t\t<div class=\"elementor-divider\">\n\t\t\t<span class=\"elementor-divider-separator\">\n\t\t\t\t\t\t<\/span>\n\t\t<\/div>\n\t\t\t\t\t\t<\/div>\n\t\t\t\t<\/div>\n\t\t\t\t<\/div>\n\t\t\t\t\t<\/div>\n\t\t\t\t<\/div>\n\t\t\t\t<\/div>\n\t\t","protected":false},"excerpt":{"rendered":"<p>Le dopage est une pratique que l&rsquo;ARBH n&rsquo;acceptera jamais! Il n&rsquo;y aura aucune indulgence envers les contrevenants aux r\u00e8gles de l&rsquo;AMA (Agence Mondiale Anti-dopage). La Commission M\u00e9dicale demande avec insistance [&hellip;]<\/p>\n","protected":false},"author":13,"featured_media":82625,"parent":15147,"menu_order":167,"comment_status":"closed","ping_status":"closed","template":"","meta":{"_acf_changed":false,"footnotes":""},"categories":[378,278],"tags":[],"class_list":["post-15173","page","type-page","status-publish","has-post-thumbnail","hentry","category-commission-medicale-arbh","category-arbh-content"],"acf":[],"yoast_head":"<!-- This site is optimized with the Yoast SEO plugin v27.4 - https:\/\/yoast.com\/product\/yoast-seo-wordpress\/ -->\n<title>Le dopage et traitements - Hockey Belgium<\/title>\n<meta name=\"robots\" content=\"index, follow, max-snippet:-1, max-image-preview:large, max-video-preview:-1\" \/>\n<link rel=\"canonical\" href=\"https:\/\/hockey.be\/fr\/rbha\/organisation\/le-dopage-et-traitements\/\" \/>\n<meta property=\"og:locale\" content=\"fr_FR\" \/>\n<meta property=\"og:type\" content=\"article\" \/>\n<meta property=\"og:title\" content=\"Le dopage et traitements - Hockey Belgium\" \/>\n<meta property=\"og:description\" content=\"Le dopage est une pratique que l&rsquo;ARBH n&rsquo;acceptera jamais! Il n&rsquo;y aura aucune indulgence envers les contrevenants aux r\u00e8gles de l&rsquo;AMA (Agence Mondiale Anti-dopage). La Commission M\u00e9dicale demande avec insistance [&hellip;]\" \/>\n<meta property=\"og:url\" content=\"https:\/\/hockey.be\/fr\/rbha\/organisation\/le-dopage-et-traitements\/\" \/>\n<meta property=\"og:site_name\" content=\"Hockey Belgium\" \/>\n<meta property=\"article:modified_time\" content=\"2025-08-22T10:17:47+00:00\" \/>\n<meta property=\"og:image\" content=\"https:\/\/hockey.be\/wp-content\/uploads\/2025\/08\/33.png\" \/>\n\t<meta property=\"og:image:width\" content=\"2400\" \/>\n\t<meta property=\"og:image:height\" content=\"665\" \/>\n\t<meta property=\"og:image:type\" content=\"image\/png\" \/>\n<meta name=\"twitter:card\" content=\"summary_large_image\" \/>\n<meta name=\"twitter:label1\" content=\"Dur\u00e9e de lecture estim\u00e9e\" \/>\n\t<meta name=\"twitter:data1\" content=\"2 minutes\" \/>\n<script type=\"application\/ld+json\" class=\"yoast-schema-graph\">{\"@context\":\"https:\\\/\\\/schema.org\",\"@graph\":[{\"@type\":\"WebPage\",\"@id\":\"https:\\\/\\\/hockey.be\\\/fr\\\/rbha\\\/organisation\\\/le-dopage-et-traitements\\\/\",\"url\":\"https:\\\/\\\/hockey.be\\\/fr\\\/rbha\\\/organisation\\\/le-dopage-et-traitements\\\/\",\"name\":\"Le dopage et traitements - Hockey Belgium\",\"isPartOf\":{\"@id\":\"https:\\\/\\\/hockey.be\\\/nl\\\/#website\"},\"primaryImageOfPage\":{\"@id\":\"https:\\\/\\\/hockey.be\\\/fr\\\/rbha\\\/organisation\\\/le-dopage-et-traitements\\\/#primaryimage\"},\"image\":{\"@id\":\"https:\\\/\\\/hockey.be\\\/fr\\\/rbha\\\/organisation\\\/le-dopage-et-traitements\\\/#primaryimage\"},\"thumbnailUrl\":\"https:\\\/\\\/hockey.be\\\/wp-content\\\/uploads\\\/2025\\\/08\\\/33.png\",\"datePublished\":\"2019-08-21T14:49:13+00:00\",\"dateModified\":\"2025-08-22T10:17:47+00:00\",\"breadcrumb\":{\"@id\":\"https:\\\/\\\/hockey.be\\\/fr\\\/rbha\\\/organisation\\\/le-dopage-et-traitements\\\/#breadcrumb\"},\"inLanguage\":\"fr-FR\",\"potentialAction\":[{\"@type\":\"ReadAction\",\"target\":[\"https:\\\/\\\/hockey.be\\\/fr\\\/rbha\\\/organisation\\\/le-dopage-et-traitements\\\/\"]}]},{\"@type\":\"ImageObject\",\"inLanguage\":\"fr-FR\",\"@id\":\"https:\\\/\\\/hockey.be\\\/fr\\\/rbha\\\/organisation\\\/le-dopage-et-traitements\\\/#primaryimage\",\"url\":\"https:\\\/\\\/hockey.be\\\/wp-content\\\/uploads\\\/2025\\\/08\\\/33.png\",\"contentUrl\":\"https:\\\/\\\/hockey.be\\\/wp-content\\\/uploads\\\/2025\\\/08\\\/33.png\",\"width\":2400,\"height\":665},{\"@type\":\"BreadcrumbList\",\"@id\":\"https:\\\/\\\/hockey.be\\\/fr\\\/rbha\\\/organisation\\\/le-dopage-et-traitements\\\/#breadcrumb\",\"itemListElement\":[{\"@type\":\"ListItem\",\"position\":1,\"name\":\"Home\",\"item\":\"https:\\\/\\\/hockey.be\\\/nl\\\/\"},{\"@type\":\"ListItem\",\"position\":2,\"name\":\"Royal Belgian Hockey Association\",\"item\":\"https:\\\/\\\/hockey.be\\\/fr\\\/rbha\\\/\"},{\"@type\":\"ListItem\",\"position\":3,\"name\":\"Organisation\",\"item\":\"https:\\\/\\\/hockey.be\\\/fr\\\/rbha\\\/organisation\\\/\"},{\"@type\":\"ListItem\",\"position\":4,\"name\":\"Le dopage et traitements\"}]},{\"@type\":\"WebSite\",\"@id\":\"https:\\\/\\\/hockey.be\\\/nl\\\/#website\",\"url\":\"https:\\\/\\\/hockey.be\\\/nl\\\/\",\"name\":\"Hockey Belgium\",\"description\":\"En nog een WordPress website\",\"publisher\":{\"@id\":\"https:\\\/\\\/hockey.be\\\/nl\\\/#organization\"},\"potentialAction\":[{\"@type\":\"SearchAction\",\"target\":{\"@type\":\"EntryPoint\",\"urlTemplate\":\"https:\\\/\\\/hockey.be\\\/nl\\\/?s={search_term_string}\"},\"query-input\":{\"@type\":\"PropertyValueSpecification\",\"valueRequired\":true,\"valueName\":\"search_term_string\"}}],\"inLanguage\":\"fr-FR\"},{\"@type\":\"Organization\",\"@id\":\"https:\\\/\\\/hockey.be\\\/nl\\\/#organization\",\"name\":\"Hockey Belgium\",\"url\":\"https:\\\/\\\/hockey.be\\\/nl\\\/\",\"logo\":{\"@type\":\"ImageObject\",\"inLanguage\":\"fr-FR\",\"@id\":\"https:\\\/\\\/hockey.be\\\/nl\\\/#\\\/schema\\\/logo\\\/image\\\/\",\"url\":\"https:\\\/\\\/hockey.be\\\/wp-content\\\/uploads\\\/2025\\\/07\\\/logo-hockey-be.svg\",\"contentUrl\":\"https:\\\/\\\/hockey.be\\\/wp-content\\\/uploads\\\/2025\\\/07\\\/logo-hockey-be.svg\",\"width\":724.16,\"height\":241.49,\"caption\":\"Hockey Belgium\"},\"image\":{\"@id\":\"https:\\\/\\\/hockey.be\\\/nl\\\/#\\\/schema\\\/logo\\\/image\\\/\"}}]}<\/script>\n<!-- \/ Yoast SEO plugin. -->","yoast_head_json":{"title":"Le dopage et traitements - Hockey Belgium","robots":{"index":"index","follow":"follow","max-snippet":"max-snippet:-1","max-image-preview":"max-image-preview:large","max-video-preview":"max-video-preview:-1"},"canonical":"https:\/\/hockey.be\/fr\/rbha\/organisation\/le-dopage-et-traitements\/","og_locale":"fr_FR","og_type":"article","og_title":"Le dopage et traitements - Hockey Belgium","og_description":"Le dopage est une pratique que l&rsquo;ARBH n&rsquo;acceptera jamais! Il n&rsquo;y aura aucune indulgence envers les contrevenants aux r\u00e8gles de l&rsquo;AMA (Agence Mondiale Anti-dopage). La Commission M\u00e9dicale demande avec insistance [&hellip;]","og_url":"https:\/\/hockey.be\/fr\/rbha\/organisation\/le-dopage-et-traitements\/","og_site_name":"Hockey Belgium","article_modified_time":"2025-08-22T10:17:47+00:00","og_image":[{"width":2400,"height":665,"url":"https:\/\/hockey.be\/wp-content\/uploads\/2025\/08\/33.png","type":"image\/png"}],"twitter_card":"summary_large_image","twitter_misc":{"Dur\u00e9e de lecture estim\u00e9e":"2 minutes"},"schema":{"@context":"https:\/\/schema.org","@graph":[{"@type":"WebPage","@id":"https:\/\/hockey.be\/fr\/rbha\/organisation\/le-dopage-et-traitements\/","url":"https:\/\/hockey.be\/fr\/rbha\/organisation\/le-dopage-et-traitements\/","name":"Le dopage et traitements - Hockey Belgium","isPartOf":{"@id":"https:\/\/hockey.be\/nl\/#website"},"primaryImageOfPage":{"@id":"https:\/\/hockey.be\/fr\/rbha\/organisation\/le-dopage-et-traitements\/#primaryimage"},"image":{"@id":"https:\/\/hockey.be\/fr\/rbha\/organisation\/le-dopage-et-traitements\/#primaryimage"},"thumbnailUrl":"https:\/\/hockey.be\/wp-content\/uploads\/2025\/08\/33.png","datePublished":"2019-08-21T14:49:13+00:00","dateModified":"2025-08-22T10:17:47+00:00","breadcrumb":{"@id":"https:\/\/hockey.be\/fr\/rbha\/organisation\/le-dopage-et-traitements\/#breadcrumb"},"inLanguage":"fr-FR","potentialAction":[{"@type":"ReadAction","target":["https:\/\/hockey.be\/fr\/rbha\/organisation\/le-dopage-et-traitements\/"]}]},{"@type":"ImageObject","inLanguage":"fr-FR","@id":"https:\/\/hockey.be\/fr\/rbha\/organisation\/le-dopage-et-traitements\/#primaryimage","url":"https:\/\/hockey.be\/wp-content\/uploads\/2025\/08\/33.png","contentUrl":"https:\/\/hockey.be\/wp-content\/uploads\/2025\/08\/33.png","width":2400,"height":665},{"@type":"BreadcrumbList","@id":"https:\/\/hockey.be\/fr\/rbha\/organisation\/le-dopage-et-traitements\/#breadcrumb","itemListElement":[{"@type":"ListItem","position":1,"name":"Home","item":"https:\/\/hockey.be\/nl\/"},{"@type":"ListItem","position":2,"name":"Royal Belgian Hockey Association","item":"https:\/\/hockey.be\/fr\/rbha\/"},{"@type":"ListItem","position":3,"name":"Organisation","item":"https:\/\/hockey.be\/fr\/rbha\/organisation\/"},{"@type":"ListItem","position":4,"name":"Le dopage et traitements"}]},{"@type":"WebSite","@id":"https:\/\/hockey.be\/nl\/#website","url":"https:\/\/hockey.be\/nl\/","name":"Hockey Belgium","description":"En nog een WordPress website","publisher":{"@id":"https:\/\/hockey.be\/nl\/#organization"},"potentialAction":[{"@type":"SearchAction","target":{"@type":"EntryPoint","urlTemplate":"https:\/\/hockey.be\/nl\/?s={search_term_string}"},"query-input":{"@type":"PropertyValueSpecification","valueRequired":true,"valueName":"search_term_string"}}],"inLanguage":"fr-FR"},{"@type":"Organization","@id":"https:\/\/hockey.be\/nl\/#organization","name":"Hockey Belgium","url":"https:\/\/hockey.be\/nl\/","logo":{"@type":"ImageObject","inLanguage":"fr-FR","@id":"https:\/\/hockey.be\/nl\/#\/schema\/logo\/image\/","url":"https:\/\/hockey.be\/wp-content\/uploads\/2025\/07\/logo-hockey-be.svg","contentUrl":"https:\/\/hockey.be\/wp-content\/uploads\/2025\/07\/logo-hockey-be.svg","width":724.16,"height":241.49,"caption":"Hockey Belgium"},"image":{"@id":"https:\/\/hockey.be\/nl\/#\/schema\/logo\/image\/"}}]}},"_links":{"self":[{"href":"https:\/\/hockey.be\/fr\/wp-json\/wp\/v2\/pages\/15173","targetHints":{"allow":["GET"]}}],"collection":[{"href":"https:\/\/hockey.be\/fr\/wp-json\/wp\/v2\/pages"}],"about":[{"href":"https:\/\/hockey.be\/fr\/wp-json\/wp\/v2\/types\/page"}],"author":[{"embeddable":true,"href":"https:\/\/hockey.be\/fr\/wp-json\/wp\/v2\/users\/13"}],"replies":[{"embeddable":true,"href":"https:\/\/hockey.be\/fr\/wp-json\/wp\/v2\/comments?post=15173"}],"version-history":[{"count":4,"href":"https:\/\/hockey.be\/fr\/wp-json\/wp\/v2\/pages\/15173\/revisions"}],"predecessor-version":[{"id":83394,"href":"https:\/\/hockey.be\/fr\/wp-json\/wp\/v2\/pages\/15173\/revisions\/83394"}],"up":[{"embeddable":true,"href":"https:\/\/hockey.be\/fr\/wp-json\/wp\/v2\/pages\/15147"}],"wp:featuredmedia":[{"embeddable":true,"href":"https:\/\/hockey.be\/fr\/wp-json\/wp\/v2\/media\/82625"}],"wp:attachment":[{"href":"https:\/\/hockey.be\/fr\/wp-json\/wp\/v2\/media?parent=15173"}],"wp:term":[{"taxonomy":"category","embeddable":true,"href":"https:\/\/hockey.be\/fr\/wp-json\/wp\/v2\/categories?post=15173"},{"taxonomy":"post_tag","embeddable":true,"href":"https:\/\/hockey.be\/fr\/wp-json\/wp\/v2\/tags?post=15173"}],"curies":[{"name":"wp","href":"https:\/\/api.w.org\/{rel}","templated":true}]}}