{"id":15061,"date":"2019-08-21T16:49:06","date_gmt":"2019-08-21T14:49:06","guid":{"rendered":"https:\/\/hockey.be\/?page_id=15061"},"modified":"2025-08-27T11:57:03","modified_gmt":"2025-08-27T09:57:03","slug":"documents-indoor","status":"publish","type":"page","link":"https:\/\/hockey.be\/fr\/competition\/indoor-hockey\/documents-indoor\/","title":{"rendered":"Documents &#8211; indoor"},"content":{"rendered":"\t\t<div data-elementor-type=\"wp-post\" data-elementor-id=\"15061\" class=\"elementor elementor-15061\" data-elementor-post-type=\"page\">\n\t\t\t\t<div class=\"elementor-element elementor-element-aee94c3 e-flex e-con-boxed e-con e-parent\" data-id=\"aee94c3\" data-element_type=\"container\" data-e-type=\"container\" data-settings=\"{&quot;jet_parallax_layout_list&quot;:[{&quot;_id&quot;:&quot;20a3005&quot;,&quot;jet_parallax_layout_image&quot;:{&quot;url&quot;:&quot;&quot;,&quot;id&quot;:&quot;&quot;,&quot;size&quot;:&quot;&quot;},&quot;jet_parallax_layout_image_widescreen&quot;:{&quot;url&quot;:&quot;&quot;,&quot;id&quot;:&quot;&quot;,&quot;size&quot;:&quot;&quot;},&quot;jet_parallax_layout_image_laptop&quot;:{&quot;url&quot;:&quot;&quot;,&quot;id&quot;:&quot;&quot;,&quot;size&quot;:&quot;&quot;},&quot;jet_parallax_layout_image_tablet_extra&quot;:{&quot;url&quot;:&quot;&quot;,&quot;id&quot;:&quot;&quot;,&quot;size&quot;:&quot;&quot;},&quot;jet_parallax_layout_image_tablet&quot;:{&quot;url&quot;:&quot;&quot;,&quot;id&quot;:&quot;&quot;,&quot;size&quot;:&quot;&quot;},&quot;jet_parallax_layout_image_mobile_extra&quot;:{&quot;url&quot;:&quot;&quot;,&quot;id&quot;:&quot;&quot;,&quot;size&quot;:&quot;&quot;},&quot;jet_parallax_layout_image_mobile&quot;:{&quot;url&quot;:&quot;&quot;,&quot;id&quot;:&quot;&quot;,&quot;size&quot;:&quot;&quot;},&quot;jet_parallax_layout_speed&quot;:{&quot;unit&quot;:&quot;%&quot;,&quot;size&quot;:50,&quot;sizes&quot;:[]},&quot;jet_parallax_layout_type&quot;:&quot;scroll&quot;,&quot;jet_parallax_layout_direction&quot;:&quot;1&quot;,&quot;jet_parallax_layout_fx_direction&quot;:null,&quot;jet_parallax_layout_z_index&quot;:&quot;&quot;,&quot;jet_parallax_layout_bg_x&quot;:50,&quot;jet_parallax_layout_bg_x_widescreen&quot;:&quot;&quot;,&quot;jet_parallax_layout_bg_x_laptop&quot;:&quot;&quot;,&quot;jet_parallax_layout_bg_x_tablet_extra&quot;:&quot;&quot;,&quot;jet_parallax_layout_bg_x_tablet&quot;:&quot;&quot;,&quot;jet_parallax_layout_bg_x_mobile_extra&quot;:&quot;&quot;,&quot;jet_parallax_layout_bg_x_mobile&quot;:&quot;&quot;,&quot;jet_parallax_layout_bg_y&quot;:50,&quot;jet_parallax_layout_bg_y_widescreen&quot;:&quot;&quot;,&quot;jet_parallax_layout_bg_y_laptop&quot;:&quot;&quot;,&quot;jet_parallax_layout_bg_y_tablet_extra&quot;:&quot;&quot;,&quot;jet_parallax_layout_bg_y_tablet&quot;:&quot;&quot;,&quot;jet_parallax_layout_bg_y_mobile_extra&quot;:&quot;&quot;,&quot;jet_parallax_layout_bg_y_mobile&quot;:&quot;&quot;,&quot;jet_parallax_layout_bg_size&quot;:&quot;auto&quot;,&quot;jet_parallax_layout_bg_size_widescreen&quot;:&quot;&quot;,&quot;jet_parallax_layout_bg_size_laptop&quot;:&quot;&quot;,&quot;jet_parallax_layout_bg_size_tablet_extra&quot;:&quot;&quot;,&quot;jet_parallax_layout_bg_size_tablet&quot;:&quot;&quot;,&quot;jet_parallax_layout_bg_size_mobile_extra&quot;:&quot;&quot;,&quot;jet_parallax_layout_bg_size_mobile&quot;:&quot;&quot;,&quot;jet_parallax_layout_animation_prop&quot;:&quot;transform&quot;,&quot;jet_parallax_layout_on&quot;:[&quot;desktop&quot;,&quot;tablet&quot;]}]}\">\n\t\t\t\t\t<div class=\"e-con-inner\">\n\t\t<div class=\"elementor-element elementor-element-935d047 e-con-full e-flex e-con e-child\" data-id=\"935d047\" data-element_type=\"container\" data-e-type=\"container\" data-settings=\"{&quot;jet_parallax_layout_list&quot;:[]}\">\n\t\t\t\t<div class=\"elementor-element elementor-element-3121be1 elementor-hidden-tablet elementor-hidden-phone elementor-widget elementor-widget-wp-widget-nav_menu\" data-id=\"3121be1\" data-element_type=\"widget\" data-e-type=\"widget\" data-widget_type=\"wp-widget-nav_menu.default\">\n\t\t\t\t<div class=\"elementor-widget-container\">\n\t\t\t\t\t<div class=\"menu-fr-side-competition-container\"><ul id=\"menu-fr-side-competition\" class=\"menu\"><li id=\"menu-item-16710\" class=\"menu-item menu-item-type-post_type menu-item-object-page menu-item-has-children menu-item-16710\"><a href=\"https:\/\/hockey.be\/fr\/competition\/\">Comp\u00e9tition<\/a>\n<ul class=\"sub-menu\">\n\t<li id=\"menu-item-55793\" class=\"menu-item menu-item-type-post_type menu-item-object-page menu-item-has-children menu-item-55793\"><a href=\"https:\/\/hockey.be\/fr\/officials-division\/\">Officials Division<\/a>\n\t<ul class=\"sub-menu\">\n\t\t<li id=\"menu-item-62396\" class=\"menu-item menu-item-type-post_type menu-item-object-page menu-item-62396\"><a href=\"https:\/\/hockey.be\/fr\/officials-division\/masterplan-arbitrage\/\">Masterplan arbitrage<\/a><\/li>\n\t\t<li id=\"menu-item-63664\" class=\"menu-item menu-item-type-post_type menu-item-object-page menu-item-has-children menu-item-63664\"><a href=\"https:\/\/hockey.be\/fr\/officials-division\/masterplan-arbitrage\/\">Les cinq piliers<\/a>\n\t\t<ul class=\"sub-menu\">\n\t\t\t<li id=\"menu-item-63669\" class=\"menu-item menu-item-type-post_type menu-item-object-page menu-item-63669\"><a href=\"https:\/\/hockey.be\/fr\/officials-division\/communication\/\">Communication<\/a><\/li>\n\t\t\t<li id=\"menu-item-63673\" class=\"menu-item menu-item-type-post_type menu-item-object-page menu-item-63673\"><a href=\"https:\/\/hockey.be\/fr\/officials-division\/team-spirit\/\">Team spirit<\/a><\/li>\n\t\t\t<li id=\"menu-item-63672\" class=\"menu-item menu-item-type-post_type menu-item-object-page menu-item-63672\"><a href=\"https:\/\/hockey.be\/fr\/officials-division\/climat\/\">Climat<\/a><\/li>\n\t\t\t<li id=\"menu-item-63671\" class=\"menu-item menu-item-type-post_type menu-item-object-page menu-item-63671\"><a href=\"https:\/\/hockey.be\/fr\/officials-division\/formation\/\">Formation<\/a><\/li>\n\t\t\t<li id=\"menu-item-63670\" class=\"menu-item menu-item-type-post_type menu-item-object-page menu-item-63670\"><a href=\"https:\/\/hockey.be\/fr\/officials-division\/remuneration\/\">R\u00e9mun\u00e9ration<\/a><\/li>\n\t\t<\/ul>\n<\/li>\n\t\t<li id=\"menu-item-55792\" class=\"menu-item menu-item-type-post_type menu-item-object-page menu-item-55792\"><a href=\"https:\/\/hockey.be\/fr\/officials-division\/your-whistle\/\">Your Whistle<\/a><\/li>\n\t\t<li id=\"menu-item-55820\" class=\"menu-item menu-item-type-post_type menu-item-object-page menu-item-55820\"><a href=\"https:\/\/hockey.be\/fr\/officials-division\/officials-corner\/\">Officials\u2019 Corner<\/a><\/li>\n\t\t<li id=\"menu-item-62395\" class=\"menu-item menu-item-type-post_type menu-item-object-page menu-item-62395\"><a href=\"https:\/\/hockey.be\/fr\/officials-division\/tournee-arbitrale\/\">Tourn\u00e9e arbitrale<\/a><\/li>\n\t\t<li id=\"menu-item-61483\" class=\"menu-item menu-item-type-post_type menu-item-object-page menu-item-61483\"><a href=\"https:\/\/hockey.be\/fr\/officials-division\/interviews\/\">Interviews<\/a><\/li>\n\t\t<li id=\"menu-item-62441\" class=\"menu-item menu-item-type-post_type menu-item-object-page menu-item-62441\"><a href=\"https:\/\/hockey.be\/fr\/officials-division\/ask-me-im-an-umpire\/\">Ask me! I\u2019m an umpire<\/a><\/li>\n\t\t<li id=\"menu-item-63678\" class=\"menu-item menu-item-type-post_type menu-item-object-page menu-item-63678\"><a href=\"https:\/\/hockey.be\/fr\/officials-division\/workshops-hockey-rules\/\">Workshops hockey rules<\/a><\/li>\n\t\t<li id=\"menu-item-63677\" class=\"menu-item menu-item-type-post_type menu-item-object-page menu-item-63677\"><a href=\"https:\/\/hockey.be\/fr\/officials-division\/mediatheque-des-regles\/\">M\u00e9diath\u00e8que des r\u00e8gles<\/a><\/li>\n\t\t<li id=\"menu-item-63676\" class=\"menu-item menu-item-type-post_type menu-item-object-page menu-item-63676\"><a href=\"https:\/\/hockey.be\/fr\/officials-division\/umpire-developer\/\">Nouvelle fonction\u00a0: Umpire Developer<\/a><\/li>\n\t\t<li id=\"menu-item-63674\" class=\"menu-item menu-item-type-post_type menu-item-object-page menu-item-63674\"><a href=\"https:\/\/hockey.be\/fr\/officials-division\/events-incentives\/\">Events \/ Incentives<\/a><\/li>\n\t\t<li id=\"menu-item-63675\" class=\"menu-item menu-item-type-post_type menu-item-object-page menu-item-63675\"><a href=\"https:\/\/hockey.be\/fr\/officials-division\/remuneration-des-officiels\/\">R\u00e9mun\u00e9ration des officiels<\/a><\/li>\n\t<\/ul>\n<\/li>\n\t<li id=\"menu-item-36362\" class=\"menu-item menu-item-type-post_type menu-item-object-page menu-item-36362\"><a href=\"https:\/\/hockey.be\/fr\/competition\/outdoor-hockey\/calendrier\/\">Calendrier<\/a><\/li>\n\t<li id=\"menu-item-16711\" class=\"menu-item menu-item-type-post_type menu-item-object-page menu-item-16711\"><a href=\"https:\/\/hockey.be\/fr\/competition\/calendrier-resultats-et-classements\/\">Calendrier, r\u00e9sultats et classements<\/a><\/li>\n\t<li id=\"menu-item-16713\" class=\"menu-item menu-item-type-post_type menu-item-object-page menu-item-has-children menu-item-16713\"><a href=\"https:\/\/hockey.be\/fr\/competition\/outdoor-hockey\/\">Outdoor hockey<\/a>\n\t<ul class=\"sub-menu\">\n\t\t<li id=\"menu-item-36361\" class=\"menu-item menu-item-type-post_type menu-item-object-page menu-item-36361\"><a href=\"https:\/\/hockey.be\/fr\/competition\/outdoor-hockey\/calendrier\/\">Calendrier<\/a><\/li>\n\t\t<li id=\"menu-item-19441\" class=\"menu-item menu-item-type-post_type menu-item-object-page menu-item-19441\"><a href=\"https:\/\/hockey.be\/fr\/competition\/outdoor-hockey\/documents\/\">Documents<\/a><\/li>\n\t\t<li id=\"menu-item-19447\" class=\"menu-item menu-item-type-post_type menu-item-object-page menu-item-19447\"><a href=\"https:\/\/hockey.be\/fr\/officials-division\/regles-du-jeu-outdoor\/\">R\u00e8gles du jeu &#8211; outdoor<\/a><\/li>\n\t\t<li id=\"menu-item-19438\" class=\"menu-item menu-item-type-post_type menu-item-object-page menu-item-19438\"><a href=\"https:\/\/hockey.be\/fr\/officials-division\/arbitrage-outdoor\/\">Arbitrage : Outdoor<\/a><\/li>\n\t\t<li id=\"menu-item-25081\" class=\"menu-item menu-item-type-post_type menu-item-object-page menu-item-25081\"><a href=\"https:\/\/hockey.be\/fr\/hockey-vlaanderen\/hockey-academy\/umpire-academy\/starttoumpire\/\">Start to umpire<\/a><\/li>\n\t\t<li id=\"menu-item-19448\" class=\"menu-item menu-item-type-post_type menu-item-object-page menu-item-19448\"><a href=\"https:\/\/hockey.be\/fr\/terrains-impraticables\/\">Terrains impraticables<\/a><\/li>\n\t<\/ul>\n<\/li>\n\t<li id=\"menu-item-67986\" class=\"menu-item menu-item-type-post_type menu-item-object-page menu-item-has-children menu-item-67986\"><a href=\"https:\/\/hockey.be\/fr\/dr-oetker-hockey-cup\/\">Dr. Oetker Hockey Cup<\/a>\n\t<ul class=\"sub-menu\">\n\t\t<li id=\"menu-item-67987\" class=\"menu-item menu-item-type-post_type menu-item-object-page menu-item-67987\"><a href=\"https:\/\/hockey.be\/fr\/dr-oetker-hockey-cup\/rencontres-et-resultats\/\">Rencontres et r\u00e9sultats<\/a><\/li>\n\t<\/ul>\n<\/li>\n\t<li id=\"menu-item-16712\" class=\"menu-item menu-item-type-post_type menu-item-object-page menu-item-has-children menu-item-16712\"><a href=\"https:\/\/hockey.be\/fr\/competition\/indoor-hockey\/\">Indoor hockey<\/a>\n\t<ul class=\"sub-menu\">\n\t\t<li id=\"menu-item-19431\" class=\"menu-item menu-item-type-post_type menu-item-object-page menu-item-19431\"><a href=\"https:\/\/hockey.be\/fr\/competition\/indoor-hockey\/calendrier-indoor\/\">Calendrier Indoor<\/a><\/li>\n\t\t<li id=\"menu-item-19433\" class=\"menu-item menu-item-type-post_type menu-item-object-page menu-item-19433\"><a href=\"https:\/\/hockey.be\/fr\/competition\/indoor-hockey\/documents-indoor\/\">Documents &#8211; indoor<\/a><\/li>\n\t\t<li id=\"menu-item-19436\" class=\"menu-item menu-item-type-post_type menu-item-object-page menu-item-19436\"><a href=\"https:\/\/hockey.be\/fr\/officials-division\/regles-du-jeu-indoor\/\">R\u00e8gles du jeu &#8211; indoor<\/a><\/li>\n\t\t<li id=\"menu-item-19437\" class=\"menu-item menu-item-type-post_type menu-item-object-page menu-item-19437\"><a href=\"https:\/\/hockey.be\/fr\/officials-division\/arbitrage-indoor\/\">Arbitrage &#8211; indoor<\/a><\/li>\n\t<\/ul>\n<\/li>\n<\/ul>\n<\/li>\n<\/ul><\/div>\t\t\t\t<\/div>\n\t\t\t\t<\/div>\n\t\t\t\t<\/div>\n\t\t<div class=\"elementor-element elementor-element-8b70b05 e-con-full e-flex e-con e-child\" data-id=\"8b70b05\" data-element_type=\"container\" data-e-type=\"container\" data-settings=\"{&quot;jet_parallax_layout_list&quot;:[]}\">\n\t\t\t\t<div class=\"elementor-element elementor-element-e124e6b elementor-widget elementor-widget-heading\" data-id=\"e124e6b\" data-element_type=\"widget\" data-e-type=\"widget\" data-widget_type=\"heading.default\">\n\t\t\t\t<div class=\"elementor-widget-container\">\n\t\t\t\t\t<h1 class=\"elementor-heading-title elementor-size-default\">Documents &#8211; indoor<\/h1>\t\t\t\t<\/div>\n\t\t\t\t<\/div>\n\t\t\t\t<div class=\"elementor-element elementor-element-574bac7 elementor-widget-divider--view-line elementor-widget elementor-widget-divider\" data-id=\"574bac7\" data-element_type=\"widget\" data-e-type=\"widget\" data-widget_type=\"divider.default\">\n\t\t\t\t<div class=\"elementor-widget-container\">\n\t\t\t\t\t\t\t<div class=\"elementor-divider\">\n\t\t\t<span class=\"elementor-divider-separator\">\n\t\t\t\t\t\t<\/span>\n\t\t<\/div>\n\t\t\t\t\t\t<\/div>\n\t\t\t\t<\/div>\n\t\t\t\t<div class=\"elementor-element elementor-element-fd440a7 elementor-align-justify elementor-widget elementor-widget-button\" data-id=\"fd440a7\" data-element_type=\"widget\" data-e-type=\"widget\" data-widget_type=\"button.default\">\n\t\t\t\t<div class=\"elementor-widget-container\">\n\t\t\t\t\t\t\t\t\t<div class=\"elementor-button-wrapper\">\n\t\t\t\t\t<a class=\"elementor-button elementor-button-link elementor-size-lg\" href=\"https:\/\/hockey.be\/wp-content\/uploads\/2024\/11\/Salle-par-club-Zaal-per-club-1.xlsx\" target=\"_blank\">\n\t\t\t\t\t\t<span class=\"elementor-button-content-wrapper\">\n\t\t\t\t\t\t<span class=\"elementor-button-icon\">\n\t\t\t\t<svg aria-hidden=\"true\" class=\"e-font-icon-svg e-fas-arrow-alt-circle-down\" viewBox=\"0 0 512 512\" xmlns=\"http:\/\/www.w3.org\/2000\/svg\"><path d=\"M504 256c0 137-111 248-248 248S8 393 8 256 119 8 256 8s248 111 248 248zM212 140v116h-70.9c-10.7 0-16.1 13-8.5 20.5l114.9 114.3c4.7 4.7 12.2 4.7 16.9 0l114.9-114.3c7.6-7.6 2.2-20.5-8.5-20.5H300V140c0-6.6-5.4-12-12-12h-64c-6.6 0-12 5.4-12 12z\"><\/path><\/svg>\t\t\t<\/span>\n\t\t\t\t\t\t\t\t\t<span class=\"elementor-button-text\">Salles par club<\/span>\n\t\t\t\t\t<\/span>\n\t\t\t\t\t<\/a>\n\t\t\t\t<\/div>\n\t\t\t\t\t\t\t\t<\/div>\n\t\t\t\t<\/div>\n\t\t\t\t<div class=\"elementor-element elementor-element-d6f285a elementor-align-justify elementor-widget elementor-widget-button\" data-id=\"d6f285a\" data-element_type=\"widget\" data-e-type=\"widget\" data-widget_type=\"button.default\">\n\t\t\t\t<div class=\"elementor-widget-container\">\n\t\t\t\t\t\t\t\t\t<div class=\"elementor-button-wrapper\">\n\t\t\t\t\t<a class=\"elementor-button elementor-button-link elementor-size-lg\" href=\"https:\/\/hockey.be\/fr\/competition\/outdoor-hockey\/documents\/\" target=\"_blank\">\n\t\t\t\t\t\t<span class=\"elementor-button-content-wrapper\">\n\t\t\t\t\t\t<span class=\"elementor-button-icon\">\n\t\t\t\t<svg aria-hidden=\"true\" class=\"e-font-icon-svg e-fas-arrow-right\" viewBox=\"0 0 448 512\" xmlns=\"http:\/\/www.w3.org\/2000\/svg\"><path d=\"M190.5 66.9l22.2-22.2c9.4-9.4 24.6-9.4 33.9 0L441 239c9.4 9.4 9.4 24.6 0 33.9L246.6 467.3c-9.4 9.4-24.6 9.4-33.9 0l-22.2-22.2c-9.5-9.5-9.3-25 .4-34.3L311.4 296H24c-13.3 0-24-10.7-24-24v-32c0-13.3 10.7-24 24-24h287.4L190.9 101.2c-9.8-9.3-10-24.8-.4-34.3z\"><\/path><\/svg>\t\t\t<\/span>\n\t\t\t\t\t\t\t\t\t<span class=\"elementor-button-text\">D\u00e9rogation \/ Assurances \/ Attestation m\u00e9diacle \/ Autres documents<\/span>\n\t\t\t\t\t<\/span>\n\t\t\t\t\t<\/a>\n\t\t\t\t<\/div>\n\t\t\t\t\t\t\t\t<\/div>\n\t\t\t\t<\/div>\n\t\t\t\t<div class=\"elementor-element elementor-element-e67d517 elementor-widget-divider--view-line elementor-widget elementor-widget-divider\" data-id=\"e67d517\" data-element_type=\"widget\" data-e-type=\"widget\" data-widget_type=\"divider.default\">\n\t\t\t\t<div class=\"elementor-widget-container\">\n\t\t\t\t\t\t\t<div class=\"elementor-divider\">\n\t\t\t<span class=\"elementor-divider-separator\">\n\t\t\t\t\t\t<\/span>\n\t\t<\/div>\n\t\t\t\t\t\t<\/div>\n\t\t\t\t<\/div>\n\t\t\t\t<\/div>\n\t\t\t\t\t<\/div>\n\t\t\t\t<\/div>\n\t\t\t\t<\/div>\n\t\t","protected":false},"excerpt":{"rendered":"<p>Salles par club D\u00e9rogation \/ Assurances \/ Attestation m\u00e9diacle \/ Autres documents<\/p>\n","protected":false},"author":13,"featured_media":83192,"parent":15049,"menu_order":69,"comment_status":"closed","ping_status":"closed","template":"","meta":{"_acf_changed":false,"footnotes":""},"categories":[369,61],"tags":[],"class_list":["post-15061","page","type-page","status-publish","has-post-thumbnail","hentry","category-intdoor-hockey-competition","category-competition"],"acf":[],"yoast_head":"<!-- This site is optimized with the Yoast SEO plugin v27.3 - https:\/\/yoast.com\/product\/yoast-seo-wordpress\/ -->\n<title>Documents - indoor - Hockey Belgium<\/title>\n<meta name=\"robots\" content=\"index, follow, max-snippet:-1, max-image-preview:large, max-video-preview:-1\" \/>\n<link rel=\"canonical\" href=\"https:\/\/hockey.be\/fr\/competition\/indoor-hockey\/documents-indoor\/\" \/>\n<meta property=\"og:locale\" content=\"fr_FR\" \/>\n<meta property=\"og:type\" content=\"article\" \/>\n<meta property=\"og:title\" content=\"Documents - indoor - Hockey Belgium\" \/>\n<meta property=\"og:description\" content=\"Salles par club D\u00e9rogation \/ Assurances \/ Attestation m\u00e9diacle \/ Autres documents\" \/>\n<meta property=\"og:url\" content=\"https:\/\/hockey.be\/fr\/competition\/indoor-hockey\/documents-indoor\/\" \/>\n<meta property=\"og:site_name\" content=\"Hockey Belgium\" \/>\n<meta property=\"article:modified_time\" content=\"2025-08-27T09:57:03+00:00\" \/>\n<meta property=\"og:image\" content=\"https:\/\/hockey.be\/wp-content\/uploads\/2025\/08\/90-1200x333.png\" \/>\n\t<meta property=\"og:image:width\" content=\"1200\" \/>\n\t<meta property=\"og:image:height\" content=\"333\" \/>\n\t<meta property=\"og:image:type\" content=\"image\/png\" \/>\n<meta name=\"twitter:card\" content=\"summary_large_image\" \/>\n<meta name=\"twitter:label1\" content=\"Dur\u00e9e de lecture estim\u00e9e\" \/>\n\t<meta name=\"twitter:data1\" content=\"1 minute\" \/>\n<script type=\"application\/ld+json\" class=\"yoast-schema-graph\">{\"@context\":\"https:\\\/\\\/schema.org\",\"@graph\":[{\"@type\":\"WebPage\",\"@id\":\"https:\\\/\\\/hockey.be\\\/fr\\\/competition\\\/indoor-hockey\\\/documents-indoor\\\/\",\"url\":\"https:\\\/\\\/hockey.be\\\/fr\\\/competition\\\/indoor-hockey\\\/documents-indoor\\\/\",\"name\":\"Documents - indoor - Hockey Belgium\",\"isPartOf\":{\"@id\":\"https:\\\/\\\/hockey.be\\\/nl\\\/#website\"},\"primaryImageOfPage\":{\"@id\":\"https:\\\/\\\/hockey.be\\\/fr\\\/competition\\\/indoor-hockey\\\/documents-indoor\\\/#primaryimage\"},\"image\":{\"@id\":\"https:\\\/\\\/hockey.be\\\/fr\\\/competition\\\/indoor-hockey\\\/documents-indoor\\\/#primaryimage\"},\"thumbnailUrl\":\"https:\\\/\\\/hockey.be\\\/wp-content\\\/uploads\\\/2025\\\/08\\\/90.png\",\"datePublished\":\"2019-08-21T14:49:06+00:00\",\"dateModified\":\"2025-08-27T09:57:03+00:00\",\"breadcrumb\":{\"@id\":\"https:\\\/\\\/hockey.be\\\/fr\\\/competition\\\/indoor-hockey\\\/documents-indoor\\\/#breadcrumb\"},\"inLanguage\":\"fr-FR\",\"potentialAction\":[{\"@type\":\"ReadAction\",\"target\":[\"https:\\\/\\\/hockey.be\\\/fr\\\/competition\\\/indoor-hockey\\\/documents-indoor\\\/\"]}]},{\"@type\":\"ImageObject\",\"inLanguage\":\"fr-FR\",\"@id\":\"https:\\\/\\\/hockey.be\\\/fr\\\/competition\\\/indoor-hockey\\\/documents-indoor\\\/#primaryimage\",\"url\":\"https:\\\/\\\/hockey.be\\\/wp-content\\\/uploads\\\/2025\\\/08\\\/90.png\",\"contentUrl\":\"https:\\\/\\\/hockey.be\\\/wp-content\\\/uploads\\\/2025\\\/08\\\/90.png\",\"width\":2400,\"height\":665},{\"@type\":\"BreadcrumbList\",\"@id\":\"https:\\\/\\\/hockey.be\\\/fr\\\/competition\\\/indoor-hockey\\\/documents-indoor\\\/#breadcrumb\",\"itemListElement\":[{\"@type\":\"ListItem\",\"position\":1,\"name\":\"Home\",\"item\":\"https:\\\/\\\/hockey.be\\\/fr\\\/\"},{\"@type\":\"ListItem\",\"position\":2,\"name\":\"Comp\u00e9tition\",\"item\":\"https:\\\/\\\/hockey.be\\\/fr\\\/competition\\\/\"},{\"@type\":\"ListItem\",\"position\":3,\"name\":\"Indoor hockey\",\"item\":\"https:\\\/\\\/hockey.be\\\/fr\\\/competition\\\/indoor-hockey\\\/\"},{\"@type\":\"ListItem\",\"position\":4,\"name\":\"Documents &#8211; indoor\"}]},{\"@type\":\"WebSite\",\"@id\":\"https:\\\/\\\/hockey.be\\\/nl\\\/#website\",\"url\":\"https:\\\/\\\/hockey.be\\\/nl\\\/\",\"name\":\"Hockey Belgium\",\"description\":\"En nog een WordPress website\",\"publisher\":{\"@id\":\"https:\\\/\\\/hockey.be\\\/nl\\\/#organization\"},\"potentialAction\":[{\"@type\":\"SearchAction\",\"target\":{\"@type\":\"EntryPoint\",\"urlTemplate\":\"https:\\\/\\\/hockey.be\\\/nl\\\/?s={search_term_string}\"},\"query-input\":{\"@type\":\"PropertyValueSpecification\",\"valueRequired\":true,\"valueName\":\"search_term_string\"}}],\"inLanguage\":\"fr-FR\"},{\"@type\":\"Organization\",\"@id\":\"https:\\\/\\\/hockey.be\\\/nl\\\/#organization\",\"name\":\"Hockey Belgium\",\"url\":\"https:\\\/\\\/hockey.be\\\/nl\\\/\",\"logo\":{\"@type\":\"ImageObject\",\"inLanguage\":\"fr-FR\",\"@id\":\"https:\\\/\\\/hockey.be\\\/nl\\\/#\\\/schema\\\/logo\\\/image\\\/\",\"url\":\"https:\\\/\\\/hockey.be\\\/wp-content\\\/uploads\\\/2025\\\/07\\\/logo-hockey-be.svg\",\"contentUrl\":\"https:\\\/\\\/hockey.be\\\/wp-content\\\/uploads\\\/2025\\\/07\\\/logo-hockey-be.svg\",\"width\":724.16,\"height\":241.49,\"caption\":\"Hockey Belgium\"},\"image\":{\"@id\":\"https:\\\/\\\/hockey.be\\\/nl\\\/#\\\/schema\\\/logo\\\/image\\\/\"}}]}<\/script>\n<!-- \/ Yoast SEO plugin. -->","yoast_head_json":{"title":"Documents - indoor - Hockey Belgium","robots":{"index":"index","follow":"follow","max-snippet":"max-snippet:-1","max-image-preview":"max-image-preview:large","max-video-preview":"max-video-preview:-1"},"canonical":"https:\/\/hockey.be\/fr\/competition\/indoor-hockey\/documents-indoor\/","og_locale":"fr_FR","og_type":"article","og_title":"Documents - indoor - Hockey Belgium","og_description":"Salles par club D\u00e9rogation \/ Assurances \/ Attestation m\u00e9diacle \/ Autres documents","og_url":"https:\/\/hockey.be\/fr\/competition\/indoor-hockey\/documents-indoor\/","og_site_name":"Hockey Belgium","article_modified_time":"2025-08-27T09:57:03+00:00","og_image":[{"width":1200,"height":333,"url":"https:\/\/hockey.be\/wp-content\/uploads\/2025\/08\/90-1200x333.png","type":"image\/png"}],"twitter_card":"summary_large_image","twitter_misc":{"Dur\u00e9e de lecture estim\u00e9e":"1 minute"},"schema":{"@context":"https:\/\/schema.org","@graph":[{"@type":"WebPage","@id":"https:\/\/hockey.be\/fr\/competition\/indoor-hockey\/documents-indoor\/","url":"https:\/\/hockey.be\/fr\/competition\/indoor-hockey\/documents-indoor\/","name":"Documents - indoor - Hockey Belgium","isPartOf":{"@id":"https:\/\/hockey.be\/nl\/#website"},"primaryImageOfPage":{"@id":"https:\/\/hockey.be\/fr\/competition\/indoor-hockey\/documents-indoor\/#primaryimage"},"image":{"@id":"https:\/\/hockey.be\/fr\/competition\/indoor-hockey\/documents-indoor\/#primaryimage"},"thumbnailUrl":"https:\/\/hockey.be\/wp-content\/uploads\/2025\/08\/90.png","datePublished":"2019-08-21T14:49:06+00:00","dateModified":"2025-08-27T09:57:03+00:00","breadcrumb":{"@id":"https:\/\/hockey.be\/fr\/competition\/indoor-hockey\/documents-indoor\/#breadcrumb"},"inLanguage":"fr-FR","potentialAction":[{"@type":"ReadAction","target":["https:\/\/hockey.be\/fr\/competition\/indoor-hockey\/documents-indoor\/"]}]},{"@type":"ImageObject","inLanguage":"fr-FR","@id":"https:\/\/hockey.be\/fr\/competition\/indoor-hockey\/documents-indoor\/#primaryimage","url":"https:\/\/hockey.be\/wp-content\/uploads\/2025\/08\/90.png","contentUrl":"https:\/\/hockey.be\/wp-content\/uploads\/2025\/08\/90.png","width":2400,"height":665},{"@type":"BreadcrumbList","@id":"https:\/\/hockey.be\/fr\/competition\/indoor-hockey\/documents-indoor\/#breadcrumb","itemListElement":[{"@type":"ListItem","position":1,"name":"Home","item":"https:\/\/hockey.be\/fr\/"},{"@type":"ListItem","position":2,"name":"Comp\u00e9tition","item":"https:\/\/hockey.be\/fr\/competition\/"},{"@type":"ListItem","position":3,"name":"Indoor hockey","item":"https:\/\/hockey.be\/fr\/competition\/indoor-hockey\/"},{"@type":"ListItem","position":4,"name":"Documents &#8211; indoor"}]},{"@type":"WebSite","@id":"https:\/\/hockey.be\/nl\/#website","url":"https:\/\/hockey.be\/nl\/","name":"Hockey Belgium","description":"En nog een WordPress website","publisher":{"@id":"https:\/\/hockey.be\/nl\/#organization"},"potentialAction":[{"@type":"SearchAction","target":{"@type":"EntryPoint","urlTemplate":"https:\/\/hockey.be\/nl\/?s={search_term_string}"},"query-input":{"@type":"PropertyValueSpecification","valueRequired":true,"valueName":"search_term_string"}}],"inLanguage":"fr-FR"},{"@type":"Organization","@id":"https:\/\/hockey.be\/nl\/#organization","name":"Hockey Belgium","url":"https:\/\/hockey.be\/nl\/","logo":{"@type":"ImageObject","inLanguage":"fr-FR","@id":"https:\/\/hockey.be\/nl\/#\/schema\/logo\/image\/","url":"https:\/\/hockey.be\/wp-content\/uploads\/2025\/07\/logo-hockey-be.svg","contentUrl":"https:\/\/hockey.be\/wp-content\/uploads\/2025\/07\/logo-hockey-be.svg","width":724.16,"height":241.49,"caption":"Hockey Belgium"},"image":{"@id":"https:\/\/hockey.be\/nl\/#\/schema\/logo\/image\/"}}]}},"_links":{"self":[{"href":"https:\/\/hockey.be\/fr\/wp-json\/wp\/v2\/pages\/15061","targetHints":{"allow":["GET"]}}],"collection":[{"href":"https:\/\/hockey.be\/fr\/wp-json\/wp\/v2\/pages"}],"about":[{"href":"https:\/\/hockey.be\/fr\/wp-json\/wp\/v2\/types\/page"}],"author":[{"embeddable":true,"href":"https:\/\/hockey.be\/fr\/wp-json\/wp\/v2\/users\/13"}],"replies":[{"embeddable":true,"href":"https:\/\/hockey.be\/fr\/wp-json\/wp\/v2\/comments?post=15061"}],"version-history":[{"count":25,"href":"https:\/\/hockey.be\/fr\/wp-json\/wp\/v2\/pages\/15061\/revisions"}],"predecessor-version":[{"id":84410,"href":"https:\/\/hockey.be\/fr\/wp-json\/wp\/v2\/pages\/15061\/revisions\/84410"}],"up":[{"embeddable":true,"href":"https:\/\/hockey.be\/fr\/wp-json\/wp\/v2\/pages\/15049"}],"wp:featuredmedia":[{"embeddable":true,"href":"https:\/\/hockey.be\/fr\/wp-json\/wp\/v2\/media\/83192"}],"wp:attachment":[{"href":"https:\/\/hockey.be\/fr\/wp-json\/wp\/v2\/media?parent=15061"}],"wp:term":[{"taxonomy":"category","embeddable":true,"href":"https:\/\/hockey.be\/fr\/wp-json\/wp\/v2\/categories?post=15061"},{"taxonomy":"post_tag","embeddable":true,"href":"https:\/\/hockey.be\/fr\/wp-json\/wp\/v2\/tags?post=15061"}],"curies":[{"name":"wp","href":"https:\/\/api.w.org\/{rel}","templated":true}]}}