{"id":15008,"date":"2019-08-21T16:49:03","date_gmt":"2019-08-21T14:49:03","guid":{"rendered":"https:\/\/hockey.be\/?page_id=15008"},"modified":"2025-08-21T17:07:03","modified_gmt":"2025-08-21T15:07:03","slug":"organiser-une-formation-dans-votre-club","status":"publish","type":"page","link":"https:\/\/hockey.be\/fr\/hockey-wallonie-bruxelles\/hockey-academy\/organiser-une-formation-dans-votre-club\/","title":{"rendered":"Organiser une formation dans votre club ?"},"content":{"rendered":"\t\t<div data-elementor-type=\"wp-post\" data-elementor-id=\"15008\" class=\"elementor elementor-15008\" data-elementor-post-type=\"page\">\n\t\t\t\t<div class=\"elementor-element elementor-element-42f971a e-flex e-con-boxed e-con e-parent\" data-id=\"42f971a\" data-element_type=\"container\" data-e-type=\"container\" data-settings=\"{&quot;jet_parallax_layout_list&quot;:[{&quot;jet_parallax_layout_image&quot;:{&quot;url&quot;:&quot;&quot;,&quot;id&quot;:&quot;&quot;,&quot;size&quot;:&quot;&quot;},&quot;_id&quot;:&quot;20a3005&quot;,&quot;jet_parallax_layout_image_tablet&quot;:{&quot;url&quot;:&quot;&quot;,&quot;id&quot;:&quot;&quot;,&quot;size&quot;:&quot;&quot;},&quot;jet_parallax_layout_image_mobile&quot;:{&quot;url&quot;:&quot;&quot;,&quot;id&quot;:&quot;&quot;,&quot;size&quot;:&quot;&quot;},&quot;jet_parallax_layout_image_widescreen&quot;:{&quot;url&quot;:&quot;&quot;,&quot;id&quot;:&quot;&quot;,&quot;size&quot;:&quot;&quot;},&quot;jet_parallax_layout_image_laptop&quot;:{&quot;url&quot;:&quot;&quot;,&quot;id&quot;:&quot;&quot;,&quot;size&quot;:&quot;&quot;},&quot;jet_parallax_layout_image_tablet_extra&quot;:{&quot;url&quot;:&quot;&quot;,&quot;id&quot;:&quot;&quot;,&quot;size&quot;:&quot;&quot;},&quot;jet_parallax_layout_image_mobile_extra&quot;:{&quot;url&quot;:&quot;&quot;,&quot;id&quot;:&quot;&quot;,&quot;size&quot;:&quot;&quot;},&quot;jet_parallax_layout_speed&quot;:{&quot;unit&quot;:&quot;%&quot;,&quot;size&quot;:50,&quot;sizes&quot;:[]},&quot;jet_parallax_layout_type&quot;:&quot;scroll&quot;,&quot;jet_parallax_layout_direction&quot;:&quot;1&quot;,&quot;jet_parallax_layout_fx_direction&quot;:null,&quot;jet_parallax_layout_z_index&quot;:&quot;&quot;,&quot;jet_parallax_layout_bg_x&quot;:50,&quot;jet_parallax_layout_bg_x_widescreen&quot;:&quot;&quot;,&quot;jet_parallax_layout_bg_x_laptop&quot;:&quot;&quot;,&quot;jet_parallax_layout_bg_x_tablet_extra&quot;:&quot;&quot;,&quot;jet_parallax_layout_bg_x_tablet&quot;:&quot;&quot;,&quot;jet_parallax_layout_bg_x_mobile_extra&quot;:&quot;&quot;,&quot;jet_parallax_layout_bg_x_mobile&quot;:&quot;&quot;,&quot;jet_parallax_layout_bg_y&quot;:50,&quot;jet_parallax_layout_bg_y_widescreen&quot;:&quot;&quot;,&quot;jet_parallax_layout_bg_y_laptop&quot;:&quot;&quot;,&quot;jet_parallax_layout_bg_y_tablet_extra&quot;:&quot;&quot;,&quot;jet_parallax_layout_bg_y_tablet&quot;:&quot;&quot;,&quot;jet_parallax_layout_bg_y_mobile_extra&quot;:&quot;&quot;,&quot;jet_parallax_layout_bg_y_mobile&quot;:&quot;&quot;,&quot;jet_parallax_layout_bg_size&quot;:&quot;auto&quot;,&quot;jet_parallax_layout_bg_size_widescreen&quot;:&quot;&quot;,&quot;jet_parallax_layout_bg_size_laptop&quot;:&quot;&quot;,&quot;jet_parallax_layout_bg_size_tablet_extra&quot;:&quot;&quot;,&quot;jet_parallax_layout_bg_size_tablet&quot;:&quot;&quot;,&quot;jet_parallax_layout_bg_size_mobile_extra&quot;:&quot;&quot;,&quot;jet_parallax_layout_bg_size_mobile&quot;:&quot;&quot;,&quot;jet_parallax_layout_animation_prop&quot;:&quot;transform&quot;,&quot;jet_parallax_layout_on&quot;:[&quot;desktop&quot;,&quot;tablet&quot;]}]}\">\n\t\t\t\t\t<div class=\"e-con-inner\">\n\t\t<div class=\"elementor-element elementor-element-3c4ae2e e-con-full e-flex e-con e-child\" data-id=\"3c4ae2e\" data-element_type=\"container\" data-e-type=\"container\" data-settings=\"{&quot;jet_parallax_layout_list&quot;:[]}\">\n\t\t\t\t<div class=\"elementor-element elementor-element-a3d439b elementor-hidden-tablet elementor-hidden-phone elementor-widget elementor-widget-wp-widget-nav_menu\" data-id=\"a3d439b\" data-element_type=\"widget\" data-e-type=\"widget\" data-widget_type=\"wp-widget-nav_menu.default\">\n\t\t\t\t<div class=\"elementor-widget-container\">\n\t\t\t\t\t<div class=\"menu-fr-side-hwb-coachacademy-container\"><ul id=\"menu-fr-side-hwb-coachacademy\" class=\"menu\"><li id=\"menu-item-83041\" class=\"menu-item menu-item-type-post_type menu-item-object-page menu-item-83041\"><a href=\"https:\/\/hockey.be\/fr\/hockey-wallonie-bruxelles\/hockey-academy\/\">Hockey Academy<\/a><\/li>\n<li id=\"menu-item-83033\" class=\"menu-item menu-item-type-post_type menu-item-object-page menu-item-has-children menu-item-83033\"><a href=\"https:\/\/hockey.be\/fr\/hockey-wallonie-bruxelles\/hockey-academy\/coach-academy\/\">Coach Academy<\/a>\n<ul class=\"sub-menu\">\n\t<li id=\"menu-item-83034\" class=\"menu-item menu-item-type-post_type menu-item-object-page menu-item-83034\"><a href=\"https:\/\/hockey.be\/fr\/hockey-wallonie-bruxelles\/hockey-academy\/coach-academy\/animateur\/\">Animateur<\/a><\/li>\n\t<li id=\"menu-item-83030\" class=\"menu-item menu-item-type-post_type menu-item-object-page menu-item-83030\"><a href=\"https:\/\/hockey.be\/fr\/hockey-wallonie-bruxelles\/hockey-academy\/coach-academy\/initiateur\/\">Initiateur<\/a><\/li>\n\t<li id=\"menu-item-83031\" class=\"menu-item menu-item-type-post_type menu-item-object-page menu-item-83031\"><a href=\"https:\/\/hockey.be\/fr\/hockey-wallonie-bruxelles\/hockey-academy\/coach-academy\/educateur\/\">Educateur<\/a><\/li>\n\t<li id=\"menu-item-83035\" class=\"menu-item menu-item-type-post_type menu-item-object-page menu-item-83035\"><a href=\"https:\/\/hockey.be\/fr\/hockey-wallonie-bruxelles\/hockey-academy\/coach-academy\/entraineur\/\">Entraineur<\/a><\/li>\n<\/ul>\n<\/li>\n<li id=\"menu-item-83042\" class=\"menu-item menu-item-type-post_type menu-item-object-page menu-item-83042\"><a href=\"https:\/\/hockey.be\/fr\/hockey-wallonie-bruxelles\/hockey-academy\/club-manager-academy\/\">Club Manager Academy<\/a><\/li>\n<li id=\"menu-item-83047\" class=\"menu-item menu-item-type-post_type menu-item-object-page menu-item-83047\"><a href=\"https:\/\/hockey.be\/fr\/hockey-wallonie-bruxelles\/hockey-academy\/ethics-academy\/\">Ethics Academy<\/a><\/li>\n<li id=\"menu-item-83029\" class=\"menu-item menu-item-type-post_type menu-item-object-page menu-item-83029\"><a href=\"https:\/\/hockey.be\/fr\/hockey-wallonie-bruxelles\/hockey-academy\/umpire-academy\/\">Umpire Academy<\/a><\/li>\n<\/ul><\/div>\t\t\t\t<\/div>\n\t\t\t\t<\/div>\n\t\t\t\t<\/div>\n\t\t<div class=\"elementor-element elementor-element-b5dd905 e-con-full e-flex e-con e-child\" data-id=\"b5dd905\" data-element_type=\"container\" data-e-type=\"container\" data-settings=\"{&quot;jet_parallax_layout_list&quot;:[]}\">\n\t\t\t\t<div class=\"elementor-element elementor-element-2b82f07 elementor-widget elementor-widget-heading\" data-id=\"2b82f07\" data-element_type=\"widget\" data-e-type=\"widget\" data-widget_type=\"heading.default\">\n\t\t\t\t<div class=\"elementor-widget-container\">\n\t\t\t\t\t<h1 class=\"elementor-heading-title elementor-size-default\">Organiser une formation dans votre club ?<\/h1>\t\t\t\t<\/div>\n\t\t\t\t<\/div>\n\t\t\t\t<div class=\"elementor-element elementor-element-6c4525e elementor-widget-divider--view-line elementor-widget elementor-widget-divider\" data-id=\"6c4525e\" data-element_type=\"widget\" data-e-type=\"widget\" data-widget_type=\"divider.default\">\n\t\t\t\t<div class=\"elementor-widget-container\">\n\t\t\t\t\t\t\t<div class=\"elementor-divider\">\n\t\t\t<span class=\"elementor-divider-separator\">\n\t\t\t\t\t\t<\/span>\n\t\t<\/div>\n\t\t\t\t\t\t<\/div>\n\t\t\t\t<\/div>\n\t\t\t\t<div class=\"elementor-element elementor-element-fa6c937 elementor-widget elementor-widget-text-editor\" data-id=\"fa6c937\" data-element_type=\"widget\" data-e-type=\"widget\" data-widget_type=\"text-editor.default\">\n\t\t\t\t<div class=\"elementor-widget-container\">\n\t\t\t\t\t\t\t\t\t<p>Vous souhaitez organiser une formation sportive au sein de votre club ? C\u2019est possible ! Et c&rsquo;est m\u00eame tr\u00e9s avantageux !<\/p><p>En organisant une formation au sein de votre club, vous b\u00e9n\u00e9ficiez des\u00a0avantages\u00a0suivants:<\/p><ul><li>Horaire des cours construit selon les souhaits\/disponibilit\u00e9s de vos propres membres<\/li><li>Utilisation de vos propres infrastructures, plus facile pour le d\u00e9placement des candidats<\/li><li>Rassemblement de vos entraineurs<\/li><li>Valoriser cette formation comme communication au sein de votre club (mais \u00e9galement en externe)<\/li><li>Cr\u00e9er une communaut\u00e9 &lsquo;club&rsquo; de vos entraineurs, qui se forment ensemble<\/li><li>Possibilit\u00e9 d&rsquo;utiliser des formateurs agr\u00e9\u00e9s internes \u00e0 votre club<\/li><\/ul><p>Voici les conditions:<\/p><p><span class=\"caps-themed\">ANIMATEUR:\u00a0<\/span><\/p><ul><li>Trouver une formateur en ordre d\u2019agr\u00e9gation LFH<\/li><li>Poss\u00e9der un terrain pour la partie pratique et une salle pour la th\u00e9orie<\/li><li>Renvoyer le fichier ad hoc au coordinateur LFH minimum une semaine avant le d\u00e9but de la formation<\/li><\/ul><p><span class=\"caps-themed\">\u00a0INITIATEUR:<\/span><\/p><ul><li>R\u00e9unir minimum 10 candidats<\/li><li>Tous les candidats doivent avoir r\u00e9ussi les cours g\u00e9n\u00e9raux \u201cInitiateur\u201d<\/li><li>Pouvoir mettre \u00e0 disposition une classe et un quart de terrain synth\u00e9tique (pour pouvoir dispenser la formation)<\/li><\/ul>\t\t\t\t\t\t\t\t<\/div>\n\t\t\t\t<\/div>\n\t\t\t\t<div class=\"elementor-element elementor-element-22dded6 elementor-widget-divider--view-line elementor-widget elementor-widget-divider\" data-id=\"22dded6\" data-element_type=\"widget\" data-e-type=\"widget\" data-widget_type=\"divider.default\">\n\t\t\t\t<div class=\"elementor-widget-container\">\n\t\t\t\t\t\t\t<div class=\"elementor-divider\">\n\t\t\t<span class=\"elementor-divider-separator\">\n\t\t\t\t\t\t<\/span>\n\t\t<\/div>\n\t\t\t\t\t\t<\/div>\n\t\t\t\t<\/div>\n\t\t\t\t<\/div>\n\t\t\t\t\t<\/div>\n\t\t\t\t<\/div>\n\t\t\t\t<\/div>\n\t\t","protected":false},"excerpt":{"rendered":"<p>Vous souhaitez organiser une formation sportive au sein de votre club ? C\u2019est possible ! Et c&rsquo;est m\u00eame tr\u00e9s avantageux ! En organisant une formation au sein de votre club, [&hellip;]<\/p>\n","protected":false},"author":13,"featured_media":82818,"parent":14971,"menu_order":427,"comment_status":"closed","ping_status":"closed","template":"","meta":{"_acf_changed":false,"footnotes":""},"categories":[434,122,304],"tags":[],"class_list":["post-15008","page","type-page","status-publish","has-post-thumbnail","hentry","category-coach-academy","category-formations-lfh","category-lfh-content"],"acf":[],"yoast_head":"<!-- This site is optimized with the Yoast SEO plugin v27.4 - https:\/\/yoast.com\/product\/yoast-seo-wordpress\/ -->\n<title>Organiser une formation dans votre club ? - Hockey Belgium<\/title>\n<meta name=\"robots\" content=\"index, follow, max-snippet:-1, max-image-preview:large, max-video-preview:-1\" \/>\n<link rel=\"canonical\" href=\"https:\/\/hockey.be\/fr\/hockey-wallonie-bruxelles\/hockey-academy\/organiser-une-formation-dans-votre-club\/\" \/>\n<meta property=\"og:locale\" content=\"fr_FR\" \/>\n<meta property=\"og:type\" content=\"article\" \/>\n<meta property=\"og:title\" content=\"Organiser une formation dans votre club ? - Hockey Belgium\" \/>\n<meta property=\"og:description\" content=\"Vous souhaitez organiser une formation sportive au sein de votre club ? C\u2019est possible ! Et c&rsquo;est m\u00eame tr\u00e9s avantageux ! En organisant une formation au sein de votre club, [&hellip;]\" \/>\n<meta property=\"og:url\" content=\"https:\/\/hockey.be\/fr\/hockey-wallonie-bruxelles\/hockey-academy\/organiser-une-formation-dans-votre-club\/\" \/>\n<meta property=\"og:site_name\" content=\"Hockey Belgium\" \/>\n<meta property=\"article:modified_time\" content=\"2025-08-21T15:07:03+00:00\" \/>\n<meta property=\"og:image\" content=\"https:\/\/hockey.be\/wp-content\/uploads\/2025\/08\/71.png\" \/>\n\t<meta property=\"og:image:width\" content=\"2400\" \/>\n\t<meta property=\"og:image:height\" content=\"665\" \/>\n\t<meta property=\"og:image:type\" content=\"image\/png\" \/>\n<meta name=\"twitter:card\" content=\"summary_large_image\" \/>\n<meta name=\"twitter:label1\" content=\"Dur\u00e9e de lecture estim\u00e9e\" \/>\n\t<meta name=\"twitter:data1\" content=\"1 minute\" \/>\n<script type=\"application\/ld+json\" class=\"yoast-schema-graph\">{\"@context\":\"https:\\\/\\\/schema.org\",\"@graph\":[{\"@type\":\"WebPage\",\"@id\":\"https:\\\/\\\/hockey.be\\\/fr\\\/hockey-wallonie-bruxelles\\\/hockey-academy\\\/organiser-une-formation-dans-votre-club\\\/\",\"url\":\"https:\\\/\\\/hockey.be\\\/fr\\\/hockey-wallonie-bruxelles\\\/hockey-academy\\\/organiser-une-formation-dans-votre-club\\\/\",\"name\":\"Organiser une formation dans votre club ? - Hockey Belgium\",\"isPartOf\":{\"@id\":\"https:\\\/\\\/hockey.be\\\/nl\\\/#website\"},\"primaryImageOfPage\":{\"@id\":\"https:\\\/\\\/hockey.be\\\/fr\\\/hockey-wallonie-bruxelles\\\/hockey-academy\\\/organiser-une-formation-dans-votre-club\\\/#primaryimage\"},\"image\":{\"@id\":\"https:\\\/\\\/hockey.be\\\/fr\\\/hockey-wallonie-bruxelles\\\/hockey-academy\\\/organiser-une-formation-dans-votre-club\\\/#primaryimage\"},\"thumbnailUrl\":\"https:\\\/\\\/hockey.be\\\/wp-content\\\/uploads\\\/2025\\\/08\\\/71.png\",\"datePublished\":\"2019-08-21T14:49:03+00:00\",\"dateModified\":\"2025-08-21T15:07:03+00:00\",\"breadcrumb\":{\"@id\":\"https:\\\/\\\/hockey.be\\\/fr\\\/hockey-wallonie-bruxelles\\\/hockey-academy\\\/organiser-une-formation-dans-votre-club\\\/#breadcrumb\"},\"inLanguage\":\"fr-FR\",\"potentialAction\":[{\"@type\":\"ReadAction\",\"target\":[\"https:\\\/\\\/hockey.be\\\/fr\\\/hockey-wallonie-bruxelles\\\/hockey-academy\\\/organiser-une-formation-dans-votre-club\\\/\"]}]},{\"@type\":\"ImageObject\",\"inLanguage\":\"fr-FR\",\"@id\":\"https:\\\/\\\/hockey.be\\\/fr\\\/hockey-wallonie-bruxelles\\\/hockey-academy\\\/organiser-une-formation-dans-votre-club\\\/#primaryimage\",\"url\":\"https:\\\/\\\/hockey.be\\\/wp-content\\\/uploads\\\/2025\\\/08\\\/71.png\",\"contentUrl\":\"https:\\\/\\\/hockey.be\\\/wp-content\\\/uploads\\\/2025\\\/08\\\/71.png\",\"width\":2400,\"height\":665},{\"@type\":\"BreadcrumbList\",\"@id\":\"https:\\\/\\\/hockey.be\\\/fr\\\/hockey-wallonie-bruxelles\\\/hockey-academy\\\/organiser-une-formation-dans-votre-club\\\/#breadcrumb\",\"itemListElement\":[{\"@type\":\"ListItem\",\"position\":1,\"name\":\"Home\",\"item\":\"https:\\\/\\\/hockey.be\\\/fr\\\/\"},{\"@type\":\"ListItem\",\"position\":2,\"name\":\"Hockey Wallonie Bruxelles\",\"item\":\"https:\\\/\\\/hockey.be\\\/fr\\\/hockey-wallonie-bruxelles\\\/\"},{\"@type\":\"ListItem\",\"position\":3,\"name\":\"Hockey Academy\",\"item\":\"https:\\\/\\\/hockey.be\\\/fr\\\/hockey-wallonie-bruxelles\\\/hockey-academy\\\/\"},{\"@type\":\"ListItem\",\"position\":4,\"name\":\"Organiser une formation dans votre club ?\"}]},{\"@type\":\"WebSite\",\"@id\":\"https:\\\/\\\/hockey.be\\\/nl\\\/#website\",\"url\":\"https:\\\/\\\/hockey.be\\\/nl\\\/\",\"name\":\"Hockey Belgium\",\"description\":\"En nog een WordPress website\",\"publisher\":{\"@id\":\"https:\\\/\\\/hockey.be\\\/nl\\\/#organization\"},\"potentialAction\":[{\"@type\":\"SearchAction\",\"target\":{\"@type\":\"EntryPoint\",\"urlTemplate\":\"https:\\\/\\\/hockey.be\\\/nl\\\/?s={search_term_string}\"},\"query-input\":{\"@type\":\"PropertyValueSpecification\",\"valueRequired\":true,\"valueName\":\"search_term_string\"}}],\"inLanguage\":\"fr-FR\"},{\"@type\":\"Organization\",\"@id\":\"https:\\\/\\\/hockey.be\\\/nl\\\/#organization\",\"name\":\"Hockey Belgium\",\"url\":\"https:\\\/\\\/hockey.be\\\/nl\\\/\",\"logo\":{\"@type\":\"ImageObject\",\"inLanguage\":\"fr-FR\",\"@id\":\"https:\\\/\\\/hockey.be\\\/nl\\\/#\\\/schema\\\/logo\\\/image\\\/\",\"url\":\"https:\\\/\\\/hockey.be\\\/wp-content\\\/uploads\\\/2025\\\/07\\\/logo-hockey-be.svg\",\"contentUrl\":\"https:\\\/\\\/hockey.be\\\/wp-content\\\/uploads\\\/2025\\\/07\\\/logo-hockey-be.svg\",\"width\":724.16,\"height\":241.49,\"caption\":\"Hockey Belgium\"},\"image\":{\"@id\":\"https:\\\/\\\/hockey.be\\\/nl\\\/#\\\/schema\\\/logo\\\/image\\\/\"}}]}<\/script>\n<!-- \/ Yoast SEO plugin. -->","yoast_head_json":{"title":"Organiser une formation dans votre club ? - Hockey Belgium","robots":{"index":"index","follow":"follow","max-snippet":"max-snippet:-1","max-image-preview":"max-image-preview:large","max-video-preview":"max-video-preview:-1"},"canonical":"https:\/\/hockey.be\/fr\/hockey-wallonie-bruxelles\/hockey-academy\/organiser-une-formation-dans-votre-club\/","og_locale":"fr_FR","og_type":"article","og_title":"Organiser une formation dans votre club ? - Hockey Belgium","og_description":"Vous souhaitez organiser une formation sportive au sein de votre club ? C\u2019est possible ! Et c&rsquo;est m\u00eame tr\u00e9s avantageux ! En organisant une formation au sein de votre club, [&hellip;]","og_url":"https:\/\/hockey.be\/fr\/hockey-wallonie-bruxelles\/hockey-academy\/organiser-une-formation-dans-votre-club\/","og_site_name":"Hockey Belgium","article_modified_time":"2025-08-21T15:07:03+00:00","og_image":[{"width":2400,"height":665,"url":"https:\/\/hockey.be\/wp-content\/uploads\/2025\/08\/71.png","type":"image\/png"}],"twitter_card":"summary_large_image","twitter_misc":{"Dur\u00e9e de lecture estim\u00e9e":"1 minute"},"schema":{"@context":"https:\/\/schema.org","@graph":[{"@type":"WebPage","@id":"https:\/\/hockey.be\/fr\/hockey-wallonie-bruxelles\/hockey-academy\/organiser-une-formation-dans-votre-club\/","url":"https:\/\/hockey.be\/fr\/hockey-wallonie-bruxelles\/hockey-academy\/organiser-une-formation-dans-votre-club\/","name":"Organiser une formation dans votre club ? - Hockey Belgium","isPartOf":{"@id":"https:\/\/hockey.be\/nl\/#website"},"primaryImageOfPage":{"@id":"https:\/\/hockey.be\/fr\/hockey-wallonie-bruxelles\/hockey-academy\/organiser-une-formation-dans-votre-club\/#primaryimage"},"image":{"@id":"https:\/\/hockey.be\/fr\/hockey-wallonie-bruxelles\/hockey-academy\/organiser-une-formation-dans-votre-club\/#primaryimage"},"thumbnailUrl":"https:\/\/hockey.be\/wp-content\/uploads\/2025\/08\/71.png","datePublished":"2019-08-21T14:49:03+00:00","dateModified":"2025-08-21T15:07:03+00:00","breadcrumb":{"@id":"https:\/\/hockey.be\/fr\/hockey-wallonie-bruxelles\/hockey-academy\/organiser-une-formation-dans-votre-club\/#breadcrumb"},"inLanguage":"fr-FR","potentialAction":[{"@type":"ReadAction","target":["https:\/\/hockey.be\/fr\/hockey-wallonie-bruxelles\/hockey-academy\/organiser-une-formation-dans-votre-club\/"]}]},{"@type":"ImageObject","inLanguage":"fr-FR","@id":"https:\/\/hockey.be\/fr\/hockey-wallonie-bruxelles\/hockey-academy\/organiser-une-formation-dans-votre-club\/#primaryimage","url":"https:\/\/hockey.be\/wp-content\/uploads\/2025\/08\/71.png","contentUrl":"https:\/\/hockey.be\/wp-content\/uploads\/2025\/08\/71.png","width":2400,"height":665},{"@type":"BreadcrumbList","@id":"https:\/\/hockey.be\/fr\/hockey-wallonie-bruxelles\/hockey-academy\/organiser-une-formation-dans-votre-club\/#breadcrumb","itemListElement":[{"@type":"ListItem","position":1,"name":"Home","item":"https:\/\/hockey.be\/fr\/"},{"@type":"ListItem","position":2,"name":"Hockey Wallonie Bruxelles","item":"https:\/\/hockey.be\/fr\/hockey-wallonie-bruxelles\/"},{"@type":"ListItem","position":3,"name":"Hockey Academy","item":"https:\/\/hockey.be\/fr\/hockey-wallonie-bruxelles\/hockey-academy\/"},{"@type":"ListItem","position":4,"name":"Organiser une formation dans votre club ?"}]},{"@type":"WebSite","@id":"https:\/\/hockey.be\/nl\/#website","url":"https:\/\/hockey.be\/nl\/","name":"Hockey Belgium","description":"En nog een WordPress website","publisher":{"@id":"https:\/\/hockey.be\/nl\/#organization"},"potentialAction":[{"@type":"SearchAction","target":{"@type":"EntryPoint","urlTemplate":"https:\/\/hockey.be\/nl\/?s={search_term_string}"},"query-input":{"@type":"PropertyValueSpecification","valueRequired":true,"valueName":"search_term_string"}}],"inLanguage":"fr-FR"},{"@type":"Organization","@id":"https:\/\/hockey.be\/nl\/#organization","name":"Hockey Belgium","url":"https:\/\/hockey.be\/nl\/","logo":{"@type":"ImageObject","inLanguage":"fr-FR","@id":"https:\/\/hockey.be\/nl\/#\/schema\/logo\/image\/","url":"https:\/\/hockey.be\/wp-content\/uploads\/2025\/07\/logo-hockey-be.svg","contentUrl":"https:\/\/hockey.be\/wp-content\/uploads\/2025\/07\/logo-hockey-be.svg","width":724.16,"height":241.49,"caption":"Hockey Belgium"},"image":{"@id":"https:\/\/hockey.be\/nl\/#\/schema\/logo\/image\/"}}]}},"_links":{"self":[{"href":"https:\/\/hockey.be\/fr\/wp-json\/wp\/v2\/pages\/15008","targetHints":{"allow":["GET"]}}],"collection":[{"href":"https:\/\/hockey.be\/fr\/wp-json\/wp\/v2\/pages"}],"about":[{"href":"https:\/\/hockey.be\/fr\/wp-json\/wp\/v2\/types\/page"}],"author":[{"embeddable":true,"href":"https:\/\/hockey.be\/fr\/wp-json\/wp\/v2\/users\/13"}],"replies":[{"embeddable":true,"href":"https:\/\/hockey.be\/fr\/wp-json\/wp\/v2\/comments?post=15008"}],"version-history":[{"count":7,"href":"https:\/\/hockey.be\/fr\/wp-json\/wp\/v2\/pages\/15008\/revisions"}],"predecessor-version":[{"id":83085,"href":"https:\/\/hockey.be\/fr\/wp-json\/wp\/v2\/pages\/15008\/revisions\/83085"}],"up":[{"embeddable":true,"href":"https:\/\/hockey.be\/fr\/wp-json\/wp\/v2\/pages\/14971"}],"wp:featuredmedia":[{"embeddable":true,"href":"https:\/\/hockey.be\/fr\/wp-json\/wp\/v2\/media\/82818"}],"wp:attachment":[{"href":"https:\/\/hockey.be\/fr\/wp-json\/wp\/v2\/media?parent=15008"}],"wp:term":[{"taxonomy":"category","embeddable":true,"href":"https:\/\/hockey.be\/fr\/wp-json\/wp\/v2\/categories?post=15008"},{"taxonomy":"post_tag","embeddable":true,"href":"https:\/\/hockey.be\/fr\/wp-json\/wp\/v2\/tags?post=15008"}],"curies":[{"name":"wp","href":"https:\/\/api.w.org\/{rel}","templated":true}]}}