{"id":14971,"date":"2019-08-21T16:48:59","date_gmt":"2019-08-21T14:48:59","guid":{"rendered":"https:\/\/hockey.be\/?page_id=14971"},"modified":"2025-10-06T15:47:48","modified_gmt":"2025-10-06T13:47:48","slug":"hockey-academy","status":"publish","type":"page","link":"https:\/\/hockey.be\/fr\/hockey-wallonie-bruxelles\/hockey-academy\/","title":{"rendered":"Hockey Academy"},"content":{"rendered":"\t\t<div data-elementor-type=\"wp-post\" data-elementor-id=\"14971\" class=\"elementor elementor-14971\" data-elementor-post-type=\"page\">\n\t\t\t\t<div class=\"elementor-element elementor-element-a15e434 e-flex e-con-boxed e-con e-parent\" data-id=\"a15e434\" data-element_type=\"container\" data-e-type=\"container\" data-settings=\"{&quot;jet_parallax_layout_list&quot;:[{&quot;_id&quot;:&quot;20a3005&quot;,&quot;jet_parallax_layout_image&quot;:{&quot;url&quot;:&quot;&quot;,&quot;id&quot;:&quot;&quot;,&quot;size&quot;:&quot;&quot;},&quot;jet_parallax_layout_image_widescreen&quot;:{&quot;url&quot;:&quot;&quot;,&quot;id&quot;:&quot;&quot;,&quot;size&quot;:&quot;&quot;},&quot;jet_parallax_layout_image_laptop&quot;:{&quot;url&quot;:&quot;&quot;,&quot;id&quot;:&quot;&quot;,&quot;size&quot;:&quot;&quot;},&quot;jet_parallax_layout_image_tablet_extra&quot;:{&quot;url&quot;:&quot;&quot;,&quot;id&quot;:&quot;&quot;,&quot;size&quot;:&quot;&quot;},&quot;jet_parallax_layout_image_tablet&quot;:{&quot;url&quot;:&quot;&quot;,&quot;id&quot;:&quot;&quot;,&quot;size&quot;:&quot;&quot;},&quot;jet_parallax_layout_image_mobile_extra&quot;:{&quot;url&quot;:&quot;&quot;,&quot;id&quot;:&quot;&quot;,&quot;size&quot;:&quot;&quot;},&quot;jet_parallax_layout_image_mobile&quot;:{&quot;url&quot;:&quot;&quot;,&quot;id&quot;:&quot;&quot;,&quot;size&quot;:&quot;&quot;},&quot;jet_parallax_layout_speed&quot;:{&quot;unit&quot;:&quot;%&quot;,&quot;size&quot;:50,&quot;sizes&quot;:[]},&quot;jet_parallax_layout_type&quot;:&quot;scroll&quot;,&quot;jet_parallax_layout_direction&quot;:&quot;1&quot;,&quot;jet_parallax_layout_fx_direction&quot;:null,&quot;jet_parallax_layout_z_index&quot;:&quot;&quot;,&quot;jet_parallax_layout_bg_x&quot;:50,&quot;jet_parallax_layout_bg_x_widescreen&quot;:&quot;&quot;,&quot;jet_parallax_layout_bg_x_laptop&quot;:&quot;&quot;,&quot;jet_parallax_layout_bg_x_tablet_extra&quot;:&quot;&quot;,&quot;jet_parallax_layout_bg_x_tablet&quot;:&quot;&quot;,&quot;jet_parallax_layout_bg_x_mobile_extra&quot;:&quot;&quot;,&quot;jet_parallax_layout_bg_x_mobile&quot;:&quot;&quot;,&quot;jet_parallax_layout_bg_y&quot;:50,&quot;jet_parallax_layout_bg_y_widescreen&quot;:&quot;&quot;,&quot;jet_parallax_layout_bg_y_laptop&quot;:&quot;&quot;,&quot;jet_parallax_layout_bg_y_tablet_extra&quot;:&quot;&quot;,&quot;jet_parallax_layout_bg_y_tablet&quot;:&quot;&quot;,&quot;jet_parallax_layout_bg_y_mobile_extra&quot;:&quot;&quot;,&quot;jet_parallax_layout_bg_y_mobile&quot;:&quot;&quot;,&quot;jet_parallax_layout_bg_size&quot;:&quot;auto&quot;,&quot;jet_parallax_layout_bg_size_widescreen&quot;:&quot;&quot;,&quot;jet_parallax_layout_bg_size_laptop&quot;:&quot;&quot;,&quot;jet_parallax_layout_bg_size_tablet_extra&quot;:&quot;&quot;,&quot;jet_parallax_layout_bg_size_tablet&quot;:&quot;&quot;,&quot;jet_parallax_layout_bg_size_mobile_extra&quot;:&quot;&quot;,&quot;jet_parallax_layout_bg_size_mobile&quot;:&quot;&quot;,&quot;jet_parallax_layout_animation_prop&quot;:&quot;transform&quot;,&quot;jet_parallax_layout_on&quot;:[&quot;desktop&quot;,&quot;tablet&quot;]}]}\">\n\t\t\t\t\t<div class=\"e-con-inner\">\n\t\t<div class=\"elementor-element elementor-element-25edb29 e-con-full e-flex e-con e-child\" data-id=\"25edb29\" data-element_type=\"container\" data-e-type=\"container\" data-settings=\"{&quot;jet_parallax_layout_list&quot;:[]}\">\n\t\t\t\t<div class=\"elementor-element elementor-element-f82b00f elementor-hidden-tablet elementor-hidden-phone elementor-widget elementor-widget-wp-widget-nav_menu\" data-id=\"f82b00f\" data-element_type=\"widget\" data-e-type=\"widget\" data-widget_type=\"wp-widget-nav_menu.default\">\n\t\t\t\t<div class=\"elementor-widget-container\">\n\t\t\t\t\t<div class=\"menu-fr-side-lfh-hockeyacademy-container\"><ul id=\"menu-fr-side-lfh-hockeyacademy\" class=\"menu\"><li id=\"menu-item-82850\" class=\"menu-item menu-item-type-post_type menu-item-object-page menu-item-has-children menu-item-82850\"><a href=\"https:\/\/hockey.be\/fr\/hockey-wallonie-bruxelles\/hockey-academy\/\">Hockey Academy<\/a>\n<ul class=\"sub-menu\">\n\t<li id=\"menu-item-82854\" class=\"menu-item menu-item-type-post_type menu-item-object-page menu-item-82854\"><a href=\"https:\/\/hockey.be\/fr\/hockey-wallonie-bruxelles\/hockey-academy\/coach-academy\/\">Coach Academy<\/a><\/li>\n\t<li id=\"menu-item-82851\" class=\"menu-item menu-item-type-post_type menu-item-object-page menu-item-82851\"><a href=\"https:\/\/hockey.be\/fr\/hockey-wallonie-bruxelles\/hockey-academy\/club-manager-academy\/\">Club Manager Academy<\/a><\/li>\n\t<li id=\"menu-item-82852\" class=\"menu-item menu-item-type-post_type menu-item-object-page menu-item-82852\"><a href=\"https:\/\/hockey.be\/fr\/hockey-wallonie-bruxelles\/hockey-academy\/ethics-academy\/\">Ethics Academy<\/a><\/li>\n\t<li id=\"menu-item-82853\" class=\"menu-item menu-item-type-post_type menu-item-object-page menu-item-82853\"><a href=\"https:\/\/hockey.be\/fr\/hockey-wallonie-bruxelles\/hockey-academy\/umpire-academy\/\">Umpire Academy<\/a><\/li>\n<\/ul>\n<\/li>\n<\/ul><\/div>\t\t\t\t<\/div>\n\t\t\t\t<\/div>\n\t\t\t\t<\/div>\n\t\t<div class=\"elementor-element elementor-element-68a4fb6 e-con-full e-flex e-con e-child\" data-id=\"68a4fb6\" data-element_type=\"container\" data-e-type=\"container\" data-settings=\"{&quot;jet_parallax_layout_list&quot;:[]}\">\n\t\t\t\t<div class=\"elementor-element elementor-element-52cdcb8 elementor-widget elementor-widget-heading\" data-id=\"52cdcb8\" data-element_type=\"widget\" data-e-type=\"widget\" data-widget_type=\"heading.default\">\n\t\t\t\t<div class=\"elementor-widget-container\">\n\t\t\t\t\t<h1 class=\"elementor-heading-title elementor-size-default\">Hockey Academy<\/h1>\t\t\t\t<\/div>\n\t\t\t\t<\/div>\n\t\t\t\t<div class=\"elementor-element elementor-element-672138b elementor-widget-divider--view-line elementor-widget elementor-widget-divider\" data-id=\"672138b\" data-element_type=\"widget\" data-e-type=\"widget\" data-widget_type=\"divider.default\">\n\t\t\t\t<div class=\"elementor-widget-container\">\n\t\t\t\t\t\t\t<div class=\"elementor-divider\">\n\t\t\t<span class=\"elementor-divider-separator\">\n\t\t\t\t\t\t<\/span>\n\t\t<\/div>\n\t\t\t\t\t\t<\/div>\n\t\t\t\t<\/div>\n\t\t\t\t<div class=\"elementor-element elementor-element-fca4579 elementor-widget elementor-widget-text-editor\" data-id=\"fca4579\" data-element_type=\"widget\" data-e-type=\"widget\" data-widget_type=\"text-editor.default\">\n\t\t\t\t<div class=\"elementor-widget-container\">\n\t\t\t\t\t\t\t\t\t<p>La Hockey Academy est le programme de formation des moniteurs sportifs, des arbitres et des dirigeants de clubs.<\/p><p>L\u2019ambition de Hockey Wallonie Bruxelles dans ce domaine est de mettre \u00e0 disposition des clubs, un trajet de formation global, accessible et attractif bas\u00e9 sur l\u2019interactivit\u00e9 et l\u2019individualisation.<\/p><p>A partir de 2022, Hockey Wallonie Bruxelles ambitionne que chaque rencontre soit encadr\u00e9e par des coachs et des arbitres form\u00e9s et que chaque club soit dirig\u00e9 par des membres ayant les comp\u00e9tences cl\u00e9s pour assurer une gestion professionnelle du club.<\/p><p>Nous vous invitons donc \u00e0 rejoindre rapidement ce programme de formation, quelle que soit votre casquette\u00a0!<\/p>\t\t\t\t\t\t\t\t<\/div>\n\t\t\t\t<\/div>\n\t\t<div class=\"elementor-element elementor-element-6823c4b e-grid e-con-full e-con e-child\" data-id=\"6823c4b\" data-element_type=\"container\" data-e-type=\"container\" data-settings=\"{&quot;jet_parallax_layout_list&quot;:[]}\">\n\t\t\t\t<div class=\"elementor-element elementor-element-c8af7c0 elementor-widget elementor-widget-image\" data-id=\"c8af7c0\" data-element_type=\"widget\" data-e-type=\"widget\" data-widget_type=\"image.default\">\n\t\t\t\t<div class=\"elementor-widget-container\">\n\t\t\t\t\t\t\t\t\t\t\t\t\t\t\t<img fetchpriority=\"high\" decoding=\"async\" width=\"1364\" height=\"1365\" src=\"https:\/\/hockey.be\/wp-content\/uploads\/2025\/08\/Hockey-Academy_01-e1759758403413.png\" class=\"elementor-animation-grow attachment-full size-full wp-image-82871\" alt=\"\" srcset=\"https:\/\/hockey.be\/wp-content\/uploads\/2025\/08\/Hockey-Academy_01-e1759758403413.png 1364w, https:\/\/hockey.be\/wp-content\/uploads\/2025\/08\/Hockey-Academy_01-e1759758403413-300x300.png 300w, https:\/\/hockey.be\/wp-content\/uploads\/2025\/08\/Hockey-Academy_01-e1759758403413-1200x1200.png 1200w, https:\/\/hockey.be\/wp-content\/uploads\/2025\/08\/Hockey-Academy_01-e1759758403413-150x150.png 150w, https:\/\/hockey.be\/wp-content\/uploads\/2025\/08\/Hockey-Academy_01-e1759758403413-768x769.png 768w\" sizes=\"(max-width: 1364px) 100vw, 1364px\" \/>\t\t\t\t\t\t\t\t\t\t\t\t\t\t\t<\/div>\n\t\t\t\t<\/div>\n\t\t\t\t<div class=\"elementor-element elementor-element-efcdce9 elementor-widget elementor-widget-image\" data-id=\"efcdce9\" data-element_type=\"widget\" data-e-type=\"widget\" data-widget_type=\"image.default\">\n\t\t\t\t<div class=\"elementor-widget-container\">\n\t\t\t\t\t\t\t\t\t\t\t\t\t\t\t\t<a href=\"https:\/\/hockey.be\/fr\/hockey-wallonie-bruxelles\/hockey-academy\/ethics-academy\/\">\n\t\t\t\t\t\t\t<img decoding=\"async\" width=\"1366\" height=\"1365\" src=\"https:\/\/hockey.be\/wp-content\/uploads\/2025\/08\/Hockey-Academy_02-e1759758422748.png\" class=\"elementor-animation-grow attachment-full size-full wp-image-82874\" alt=\"\" srcset=\"https:\/\/hockey.be\/wp-content\/uploads\/2025\/08\/Hockey-Academy_02-e1759758422748.png 1366w, https:\/\/hockey.be\/wp-content\/uploads\/2025\/08\/Hockey-Academy_02-e1759758422748-300x300.png 300w, https:\/\/hockey.be\/wp-content\/uploads\/2025\/08\/Hockey-Academy_02-e1759758422748-1200x1200.png 1200w, https:\/\/hockey.be\/wp-content\/uploads\/2025\/08\/Hockey-Academy_02-e1759758422748-150x150.png 150w, https:\/\/hockey.be\/wp-content\/uploads\/2025\/08\/Hockey-Academy_02-e1759758422748-768x767.png 768w\" sizes=\"(max-width: 1366px) 100vw, 1366px\" \/>\t\t\t\t\t\t\t\t<\/a>\n\t\t\t\t\t\t\t\t\t\t\t\t\t\t\t<\/div>\n\t\t\t\t<\/div>\n\t\t\t\t<div class=\"elementor-element elementor-element-cccd0fd elementor-widget elementor-widget-image\" data-id=\"cccd0fd\" data-element_type=\"widget\" data-e-type=\"widget\" data-widget_type=\"image.default\">\n\t\t\t\t<div class=\"elementor-widget-container\">\n\t\t\t\t\t\t\t\t\t\t\t\t\t\t\t\t<a href=\"https:\/\/hockey.be\/fr\/hockey-wallonie-bruxelles\/hockey-academy\/coach-academy\/\">\n\t\t\t\t\t\t\t<img decoding=\"async\" width=\"1366\" height=\"1366\" src=\"https:\/\/hockey.be\/wp-content\/uploads\/2025\/08\/Hockey-Academy_03-e1758804683119.png\" class=\"elementor-animation-grow attachment-full size-full wp-image-82877\" alt=\"\" srcset=\"https:\/\/hockey.be\/wp-content\/uploads\/2025\/08\/Hockey-Academy_03-e1758804683119.png 1366w, https:\/\/hockey.be\/wp-content\/uploads\/2025\/08\/Hockey-Academy_03-e1758804683119-300x300.png 300w, https:\/\/hockey.be\/wp-content\/uploads\/2025\/08\/Hockey-Academy_03-e1758804683119-1200x1200.png 1200w, https:\/\/hockey.be\/wp-content\/uploads\/2025\/08\/Hockey-Academy_03-e1758804683119-150x150.png 150w, https:\/\/hockey.be\/wp-content\/uploads\/2025\/08\/Hockey-Academy_03-e1758804683119-768x768.png 768w\" sizes=\"(max-width: 1366px) 100vw, 1366px\" \/>\t\t\t\t\t\t\t\t<\/a>\n\t\t\t\t\t\t\t\t\t\t\t\t\t\t\t<\/div>\n\t\t\t\t<\/div>\n\t\t\t\t<div class=\"elementor-element elementor-element-b86b073 elementor-widget elementor-widget-image\" data-id=\"b86b073\" data-element_type=\"widget\" data-e-type=\"widget\" data-widget_type=\"image.default\">\n\t\t\t\t<div class=\"elementor-widget-container\">\n\t\t\t\t\t\t\t\t\t\t\t\t\t\t\t\t<a href=\"https:\/\/hockey.be\/fr\/hockey-wallonie-bruxelles\/hockey-academy\/club-manager-academy\/\">\n\t\t\t\t\t\t\t<img loading=\"lazy\" decoding=\"async\" width=\"1366\" height=\"1366\" src=\"https:\/\/hockey.be\/wp-content\/uploads\/2025\/08\/Hockey-Academy_04-e1758804704175.png\" class=\"elementor-animation-grow attachment-full size-full wp-image-82880\" alt=\"\" srcset=\"https:\/\/hockey.be\/wp-content\/uploads\/2025\/08\/Hockey-Academy_04-e1758804704175.png 1366w, https:\/\/hockey.be\/wp-content\/uploads\/2025\/08\/Hockey-Academy_04-e1758804704175-300x300.png 300w, https:\/\/hockey.be\/wp-content\/uploads\/2025\/08\/Hockey-Academy_04-e1758804704175-1200x1200.png 1200w, https:\/\/hockey.be\/wp-content\/uploads\/2025\/08\/Hockey-Academy_04-e1758804704175-150x150.png 150w, https:\/\/hockey.be\/wp-content\/uploads\/2025\/08\/Hockey-Academy_04-e1758804704175-768x768.png 768w\" sizes=\"(max-width: 1366px) 100vw, 1366px\" \/>\t\t\t\t\t\t\t\t<\/a>\n\t\t\t\t\t\t\t\t\t\t\t\t\t\t\t<\/div>\n\t\t\t\t<\/div>\n\t\t\t\t<div class=\"elementor-element elementor-element-5d9f4c5 elementor-widget elementor-widget-image\" data-id=\"5d9f4c5\" data-element_type=\"widget\" data-e-type=\"widget\" data-widget_type=\"image.default\">\n\t\t\t\t<div class=\"elementor-widget-container\">\n\t\t\t\t\t\t\t\t\t\t\t\t\t\t\t\t<a href=\"https:\/\/hockey.be\/fr\/hockey-wallonie-bruxelles\/hockey-academy\/umpire-academy\/\">\n\t\t\t\t\t\t\t<img loading=\"lazy\" decoding=\"async\" width=\"1364\" height=\"1365\" src=\"https:\/\/hockey.be\/wp-content\/uploads\/2025\/08\/Hockey-Academy_05-e1758804720719.png\" class=\"elementor-animation-grow attachment-full size-full wp-image-82883\" alt=\"\" srcset=\"https:\/\/hockey.be\/wp-content\/uploads\/2025\/08\/Hockey-Academy_05-e1758804720719.png 1364w, https:\/\/hockey.be\/wp-content\/uploads\/2025\/08\/Hockey-Academy_05-e1758804720719-300x300.png 300w, https:\/\/hockey.be\/wp-content\/uploads\/2025\/08\/Hockey-Academy_05-e1758804720719-1200x1200.png 1200w, https:\/\/hockey.be\/wp-content\/uploads\/2025\/08\/Hockey-Academy_05-e1758804720719-150x150.png 150w, https:\/\/hockey.be\/wp-content\/uploads\/2025\/08\/Hockey-Academy_05-e1758804720719-768x769.png 768w\" sizes=\"(max-width: 1364px) 100vw, 1364px\" \/>\t\t\t\t\t\t\t\t<\/a>\n\t\t\t\t\t\t\t\t\t\t\t\t\t\t\t<\/div>\n\t\t\t\t<\/div>\n\t\t\t\t<div class=\"elementor-element elementor-element-5ea09b7 elementor-widget elementor-widget-image\" data-id=\"5ea09b7\" data-element_type=\"widget\" data-e-type=\"widget\" data-widget_type=\"image.default\">\n\t\t\t\t<div class=\"elementor-widget-container\">\n\t\t\t\t\t\t\t\t\t\t\t\t\t\t\t<img loading=\"lazy\" decoding=\"async\" width=\"1366\" height=\"1365\" src=\"https:\/\/hockey.be\/wp-content\/uploads\/2025\/08\/Hockey-Academy_06-e1759758453223.png\" class=\"elementor-animation-grow attachment-full size-full wp-image-82886\" alt=\"\" srcset=\"https:\/\/hockey.be\/wp-content\/uploads\/2025\/08\/Hockey-Academy_06-e1759758453223.png 1366w, https:\/\/hockey.be\/wp-content\/uploads\/2025\/08\/Hockey-Academy_06-e1759758453223-300x300.png 300w, https:\/\/hockey.be\/wp-content\/uploads\/2025\/08\/Hockey-Academy_06-e1759758453223-1200x1200.png 1200w, https:\/\/hockey.be\/wp-content\/uploads\/2025\/08\/Hockey-Academy_06-e1759758453223-150x150.png 150w, https:\/\/hockey.be\/wp-content\/uploads\/2025\/08\/Hockey-Academy_06-e1759758453223-768x767.png 768w\" sizes=\"(max-width: 1366px) 100vw, 1366px\" \/>\t\t\t\t\t\t\t\t\t\t\t\t\t\t\t<\/div>\n\t\t\t\t<\/div>\n\t\t\t\t<\/div>\n\t\t\t\t<\/div>\n\t\t\t\t\t<\/div>\n\t\t\t\t<\/div>\n\t\t\t\t<\/div>\n\t\t","protected":false},"excerpt":{"rendered":"<p>La Hockey Academy est le programme de formation des moniteurs sportifs, des arbitres et des dirigeants de clubs. L\u2019ambition de Hockey Wallonie Bruxelles dans ce domaine est de mettre \u00e0 [&hellip;]<\/p>\n","protected":false},"author":13,"featured_media":82808,"parent":15239,"menu_order":10,"comment_status":"closed","ping_status":"closed","template":"","meta":{"_acf_changed":false,"footnotes":""},"categories":[],"tags":[],"class_list":["post-14971","page","type-page","status-publish","has-post-thumbnail","hentry"],"acf":[],"yoast_head":"<!-- This site is optimized with the Yoast SEO plugin v27.4 - https:\/\/yoast.com\/product\/yoast-seo-wordpress\/ -->\n<title>Hockey Academy - Hockey Belgium<\/title>\n<meta name=\"robots\" content=\"index, follow, max-snippet:-1, max-image-preview:large, max-video-preview:-1\" \/>\n<link rel=\"canonical\" href=\"https:\/\/hockey.be\/fr\/hockey-wallonie-bruxelles\/hockey-academy\/\" \/>\n<meta property=\"og:locale\" content=\"fr_FR\" \/>\n<meta property=\"og:type\" content=\"article\" \/>\n<meta property=\"og:title\" content=\"Hockey Academy - Hockey Belgium\" \/>\n<meta property=\"og:description\" content=\"La Hockey Academy est le programme de formation des moniteurs sportifs, des arbitres et des dirigeants de clubs. L\u2019ambition de Hockey Wallonie Bruxelles dans ce domaine est de mettre \u00e0 [&hellip;]\" \/>\n<meta property=\"og:url\" content=\"https:\/\/hockey.be\/fr\/hockey-wallonie-bruxelles\/hockey-academy\/\" \/>\n<meta property=\"og:site_name\" content=\"Hockey Belgium\" \/>\n<meta property=\"article:modified_time\" content=\"2025-10-06T13:47:48+00:00\" \/>\n<meta property=\"og:image\" content=\"https:\/\/hockey.be\/wp-content\/uploads\/2025\/08\/79-1200x333.png\" \/>\n\t<meta property=\"og:image:width\" content=\"1200\" \/>\n\t<meta property=\"og:image:height\" content=\"333\" \/>\n\t<meta property=\"og:image:type\" content=\"image\/png\" \/>\n<meta name=\"twitter:card\" content=\"summary_large_image\" \/>\n<meta name=\"twitter:label1\" content=\"Dur\u00e9e de lecture estim\u00e9e\" \/>\n\t<meta name=\"twitter:data1\" content=\"2 minutes\" \/>\n<script type=\"application\/ld+json\" class=\"yoast-schema-graph\">{\"@context\":\"https:\\\/\\\/schema.org\",\"@graph\":[{\"@type\":\"WebPage\",\"@id\":\"https:\\\/\\\/hockey.be\\\/fr\\\/hockey-wallonie-bruxelles\\\/hockey-academy\\\/\",\"url\":\"https:\\\/\\\/hockey.be\\\/fr\\\/hockey-wallonie-bruxelles\\\/hockey-academy\\\/\",\"name\":\"Hockey Academy - Hockey Belgium\",\"isPartOf\":{\"@id\":\"https:\\\/\\\/hockey.be\\\/nl\\\/#website\"},\"primaryImageOfPage\":{\"@id\":\"https:\\\/\\\/hockey.be\\\/fr\\\/hockey-wallonie-bruxelles\\\/hockey-academy\\\/#primaryimage\"},\"image\":{\"@id\":\"https:\\\/\\\/hockey.be\\\/fr\\\/hockey-wallonie-bruxelles\\\/hockey-academy\\\/#primaryimage\"},\"thumbnailUrl\":\"https:\\\/\\\/hockey.be\\\/wp-content\\\/uploads\\\/2025\\\/08\\\/79.png\",\"datePublished\":\"2019-08-21T14:48:59+00:00\",\"dateModified\":\"2025-10-06T13:47:48+00:00\",\"breadcrumb\":{\"@id\":\"https:\\\/\\\/hockey.be\\\/fr\\\/hockey-wallonie-bruxelles\\\/hockey-academy\\\/#breadcrumb\"},\"inLanguage\":\"fr-FR\",\"potentialAction\":[{\"@type\":\"ReadAction\",\"target\":[\"https:\\\/\\\/hockey.be\\\/fr\\\/hockey-wallonie-bruxelles\\\/hockey-academy\\\/\"]}]},{\"@type\":\"ImageObject\",\"inLanguage\":\"fr-FR\",\"@id\":\"https:\\\/\\\/hockey.be\\\/fr\\\/hockey-wallonie-bruxelles\\\/hockey-academy\\\/#primaryimage\",\"url\":\"https:\\\/\\\/hockey.be\\\/wp-content\\\/uploads\\\/2025\\\/08\\\/79.png\",\"contentUrl\":\"https:\\\/\\\/hockey.be\\\/wp-content\\\/uploads\\\/2025\\\/08\\\/79.png\",\"width\":2400,\"height\":665},{\"@type\":\"BreadcrumbList\",\"@id\":\"https:\\\/\\\/hockey.be\\\/fr\\\/hockey-wallonie-bruxelles\\\/hockey-academy\\\/#breadcrumb\",\"itemListElement\":[{\"@type\":\"ListItem\",\"position\":1,\"name\":\"Home\",\"item\":\"https:\\\/\\\/hockey.be\\\/fr\\\/\"},{\"@type\":\"ListItem\",\"position\":2,\"name\":\"Hockey Wallonie Bruxelles\",\"item\":\"https:\\\/\\\/hockey.be\\\/fr\\\/hockey-wallonie-bruxelles\\\/\"},{\"@type\":\"ListItem\",\"position\":3,\"name\":\"Hockey Academy\"}]},{\"@type\":\"WebSite\",\"@id\":\"https:\\\/\\\/hockey.be\\\/nl\\\/#website\",\"url\":\"https:\\\/\\\/hockey.be\\\/nl\\\/\",\"name\":\"Hockey Belgium\",\"description\":\"En nog een WordPress website\",\"publisher\":{\"@id\":\"https:\\\/\\\/hockey.be\\\/nl\\\/#organization\"},\"potentialAction\":[{\"@type\":\"SearchAction\",\"target\":{\"@type\":\"EntryPoint\",\"urlTemplate\":\"https:\\\/\\\/hockey.be\\\/nl\\\/?s={search_term_string}\"},\"query-input\":{\"@type\":\"PropertyValueSpecification\",\"valueRequired\":true,\"valueName\":\"search_term_string\"}}],\"inLanguage\":\"fr-FR\"},{\"@type\":\"Organization\",\"@id\":\"https:\\\/\\\/hockey.be\\\/nl\\\/#organization\",\"name\":\"Hockey Belgium\",\"url\":\"https:\\\/\\\/hockey.be\\\/nl\\\/\",\"logo\":{\"@type\":\"ImageObject\",\"inLanguage\":\"fr-FR\",\"@id\":\"https:\\\/\\\/hockey.be\\\/nl\\\/#\\\/schema\\\/logo\\\/image\\\/\",\"url\":\"https:\\\/\\\/hockey.be\\\/wp-content\\\/uploads\\\/2025\\\/07\\\/logo-hockey-be.svg\",\"contentUrl\":\"https:\\\/\\\/hockey.be\\\/wp-content\\\/uploads\\\/2025\\\/07\\\/logo-hockey-be.svg\",\"width\":724.16,\"height\":241.49,\"caption\":\"Hockey Belgium\"},\"image\":{\"@id\":\"https:\\\/\\\/hockey.be\\\/nl\\\/#\\\/schema\\\/logo\\\/image\\\/\"}}]}<\/script>\n<!-- \/ Yoast SEO plugin. -->","yoast_head_json":{"title":"Hockey Academy - Hockey Belgium","robots":{"index":"index","follow":"follow","max-snippet":"max-snippet:-1","max-image-preview":"max-image-preview:large","max-video-preview":"max-video-preview:-1"},"canonical":"https:\/\/hockey.be\/fr\/hockey-wallonie-bruxelles\/hockey-academy\/","og_locale":"fr_FR","og_type":"article","og_title":"Hockey Academy - Hockey Belgium","og_description":"La Hockey Academy est le programme de formation des moniteurs sportifs, des arbitres et des dirigeants de clubs. L\u2019ambition de Hockey Wallonie Bruxelles dans ce domaine est de mettre \u00e0 [&hellip;]","og_url":"https:\/\/hockey.be\/fr\/hockey-wallonie-bruxelles\/hockey-academy\/","og_site_name":"Hockey Belgium","article_modified_time":"2025-10-06T13:47:48+00:00","og_image":[{"width":1200,"height":333,"url":"https:\/\/hockey.be\/wp-content\/uploads\/2025\/08\/79-1200x333.png","type":"image\/png"}],"twitter_card":"summary_large_image","twitter_misc":{"Dur\u00e9e de lecture estim\u00e9e":"2 minutes"},"schema":{"@context":"https:\/\/schema.org","@graph":[{"@type":"WebPage","@id":"https:\/\/hockey.be\/fr\/hockey-wallonie-bruxelles\/hockey-academy\/","url":"https:\/\/hockey.be\/fr\/hockey-wallonie-bruxelles\/hockey-academy\/","name":"Hockey Academy - Hockey Belgium","isPartOf":{"@id":"https:\/\/hockey.be\/nl\/#website"},"primaryImageOfPage":{"@id":"https:\/\/hockey.be\/fr\/hockey-wallonie-bruxelles\/hockey-academy\/#primaryimage"},"image":{"@id":"https:\/\/hockey.be\/fr\/hockey-wallonie-bruxelles\/hockey-academy\/#primaryimage"},"thumbnailUrl":"https:\/\/hockey.be\/wp-content\/uploads\/2025\/08\/79.png","datePublished":"2019-08-21T14:48:59+00:00","dateModified":"2025-10-06T13:47:48+00:00","breadcrumb":{"@id":"https:\/\/hockey.be\/fr\/hockey-wallonie-bruxelles\/hockey-academy\/#breadcrumb"},"inLanguage":"fr-FR","potentialAction":[{"@type":"ReadAction","target":["https:\/\/hockey.be\/fr\/hockey-wallonie-bruxelles\/hockey-academy\/"]}]},{"@type":"ImageObject","inLanguage":"fr-FR","@id":"https:\/\/hockey.be\/fr\/hockey-wallonie-bruxelles\/hockey-academy\/#primaryimage","url":"https:\/\/hockey.be\/wp-content\/uploads\/2025\/08\/79.png","contentUrl":"https:\/\/hockey.be\/wp-content\/uploads\/2025\/08\/79.png","width":2400,"height":665},{"@type":"BreadcrumbList","@id":"https:\/\/hockey.be\/fr\/hockey-wallonie-bruxelles\/hockey-academy\/#breadcrumb","itemListElement":[{"@type":"ListItem","position":1,"name":"Home","item":"https:\/\/hockey.be\/fr\/"},{"@type":"ListItem","position":2,"name":"Hockey Wallonie Bruxelles","item":"https:\/\/hockey.be\/fr\/hockey-wallonie-bruxelles\/"},{"@type":"ListItem","position":3,"name":"Hockey Academy"}]},{"@type":"WebSite","@id":"https:\/\/hockey.be\/nl\/#website","url":"https:\/\/hockey.be\/nl\/","name":"Hockey Belgium","description":"En nog een WordPress website","publisher":{"@id":"https:\/\/hockey.be\/nl\/#organization"},"potentialAction":[{"@type":"SearchAction","target":{"@type":"EntryPoint","urlTemplate":"https:\/\/hockey.be\/nl\/?s={search_term_string}"},"query-input":{"@type":"PropertyValueSpecification","valueRequired":true,"valueName":"search_term_string"}}],"inLanguage":"fr-FR"},{"@type":"Organization","@id":"https:\/\/hockey.be\/nl\/#organization","name":"Hockey Belgium","url":"https:\/\/hockey.be\/nl\/","logo":{"@type":"ImageObject","inLanguage":"fr-FR","@id":"https:\/\/hockey.be\/nl\/#\/schema\/logo\/image\/","url":"https:\/\/hockey.be\/wp-content\/uploads\/2025\/07\/logo-hockey-be.svg","contentUrl":"https:\/\/hockey.be\/wp-content\/uploads\/2025\/07\/logo-hockey-be.svg","width":724.16,"height":241.49,"caption":"Hockey Belgium"},"image":{"@id":"https:\/\/hockey.be\/nl\/#\/schema\/logo\/image\/"}}]}},"_links":{"self":[{"href":"https:\/\/hockey.be\/fr\/wp-json\/wp\/v2\/pages\/14971","targetHints":{"allow":["GET"]}}],"collection":[{"href":"https:\/\/hockey.be\/fr\/wp-json\/wp\/v2\/pages"}],"about":[{"href":"https:\/\/hockey.be\/fr\/wp-json\/wp\/v2\/types\/page"}],"author":[{"embeddable":true,"href":"https:\/\/hockey.be\/fr\/wp-json\/wp\/v2\/users\/13"}],"replies":[{"embeddable":true,"href":"https:\/\/hockey.be\/fr\/wp-json\/wp\/v2\/comments?post=14971"}],"version-history":[{"count":22,"href":"https:\/\/hockey.be\/fr\/wp-json\/wp\/v2\/pages\/14971\/revisions"}],"predecessor-version":[{"id":87290,"href":"https:\/\/hockey.be\/fr\/wp-json\/wp\/v2\/pages\/14971\/revisions\/87290"}],"up":[{"embeddable":true,"href":"https:\/\/hockey.be\/fr\/wp-json\/wp\/v2\/pages\/15239"}],"wp:featuredmedia":[{"embeddable":true,"href":"https:\/\/hockey.be\/fr\/wp-json\/wp\/v2\/media\/82808"}],"wp:attachment":[{"href":"https:\/\/hockey.be\/fr\/wp-json\/wp\/v2\/media?parent=14971"}],"wp:term":[{"taxonomy":"category","embeddable":true,"href":"https:\/\/hockey.be\/fr\/wp-json\/wp\/v2\/categories?post=14971"},{"taxonomy":"post_tag","embeddable":true,"href":"https:\/\/hockey.be\/fr\/wp-json\/wp\/v2\/tags?post=14971"}],"curies":[{"name":"wp","href":"https:\/\/api.w.org\/{rel}","templated":true}]}}